{"id":16643,"date":"2025-01-21T05:39:57","date_gmt":"2025-01-21T05:39:57","guid":{"rendered":"https:\/\/www.hydraulic-cylinders.net\/product\/arm-cylinder-for-takeuchi-small-excavator-tb150c\/"},"modified":"2025-01-21T05:39:59","modified_gmt":"2025-01-21T05:39:59","slug":"arm-cylinder-for-takeuchi-small-excavator-tb150c","status":"publish","type":"product","link":"https:\/\/www.hydraulic-cylinders.net\/ro\/produs\/arm-cylinder-for-takeuchi-small-excavator-tb150c\/","title":{"rendered":"Cilindru de bra\u021b pentru excavatorul mic Takeuchi TB150C"},"content":{"rendered":"<h2>Cilindru de bra\u021b pentru excavatorul mic Takeuchi TB150C<\/h2>\n<p>Cilindrul hidraulic este un cilindru hidraulic special conceput care ofer\u0103 mi\u0219care liniar\u0103 \u0219i putere bra\u021belor diferitelor utilaje, cum ar fi excavatoare, macarale \u0219i bra\u021be robotizate. Acesta joac\u0103 un rol crucial \u00een sistemele hidraulice, permi\u021b\u00e2nd mi\u0219carea \u0219i controlul eficient al ata\u0219amentelor \u0219i accesoriilor. Ace\u0219ti cilindri nu numai c\u0103 asigur\u0103 o mi\u0219care lin\u0103, dar rezist\u0103 \u0219i la sarcini grele, asigur\u00e2nd o func\u021bionare eficient\u0103 \u0219i fiabilitate \u00een diverse condi\u021bii de lucru.<\/p>\n<p><img decoding=\"async\" src=\"https:\/\/www.hydraulic-cylinders.net\/wp-content\/uploads\/2025\/01\/songte-company-2.webp\"><\/p>\n<h2>Caracteristici<\/h2>\n<ul>\n<li>Transmisie de \u00eenalt\u0103 eficien\u021b\u0103: Cilindrul bra\u021bului ofer\u0103 o mi\u0219care liniar\u0103 puternic\u0103 \u0219i o for\u021b\u0103, asigur\u00e2nd capacit\u0103\u021bi de \u00eenalt\u0103 performan\u021b\u0103 \u00een diverse opera\u021biuni.<\/li>\n<li>Control precis: Prin intermediul sistemului hidraulic, cilindrul bra\u021bului permite un control precis al mi\u0219c\u0103rii, f\u0103c\u00e2nd opera\u021biunile ata\u0219amentelor mai flexibile \u0219i precise.<\/li>\n<li>Durabilitate: Cilindrii bra\u021bului sunt fabrica\u021bi din materiale de \u00eenalt\u0103 rezisten\u021b\u0103, oferind o rezisten\u021b\u0103 excelent\u0103 la uzur\u0103 \u0219i coroziune, potrivi\u021bi pentru utilizare pe termen lung \u00een medii dure.<\/li>\n<li>Multifunc\u021bionalitate \u0219i adaptabilitate: Ace\u0219ti cilindri au aplica\u021bii largi \u00een diverse utilaje, cum ar fi excavatoare, macarale \u0219i bra\u021be robotizate, r\u0103spunz\u00e2nd diferitelor nevoi de lucru.<\/li>\n<li>\u00centre\u021binere u\u0219oar\u0103: Concepu\u021bi pentru \u00eentre\u021binere \u0219i \u00eenlocuire u\u0219oar\u0103, cilindrii bra\u021bului faciliteaz\u0103 verific\u0103ri \u0219i \u00eentre\u021binere regulate convenabile, reduc\u00e2nd timpul de nefunc\u021bionare a echipamentelor.<\/li>\n<\/ul>\n<p><img decoding=\"async\" src=\"https:\/\/www.hydraulic-cylinders.net\/wp-content\/uploads\/2025\/01\/songte-oil-pipes-and-spare-parts.webp\"><\/p>\n<h2>Aplica\u021bii<\/h2>\n<p>Cilindrii cu bra\u021b \u00ee\u0219i g\u0103sesc aplica\u021bii \u00een diverse industrii:<\/p>\n<ul>\n<li>Construc\u021bii: Utiliza\u021bi \u00een excavatoare \u0219i macarale, cilindrii bra\u021bului controleaz\u0103 mi\u0219carea cupelor sau a bra\u021belor pentru lucr\u0103ri de terasament, manipularea materialelor \u0219i instala\u021bii structurale.<\/li>\n<li>Fabrica\u021bie: \u00cen liniile de produc\u021bie automatizate, cilindrii bra\u021bului permit mi\u0219carea bra\u021belor robotizate pentru procesele de asamblare, sudare \u0219i manipulare, \u00eembun\u0103t\u0103\u021bind eficien\u021ba \u0219i precizia produc\u021biei.<\/li>\n<li>Ma\u0219ini agricole: \u00cen cazul ma\u0219inilor agricole, cum ar fi combinele de recoltat \u0219i sem\u0103n\u0103toarele, cilindrii bra\u021bului controleaz\u0103 mi\u0219carea bra\u021belor de operare pentru sarcini precum sem\u0103natul, fertilizarea \u0219i recoltarea.<\/li>\n<li>Minerit: \u00cen echipamentele miniere, cilindrii bra\u021bului controleaz\u0103 mi\u0219carea bra\u021bului pentru mineritul \u0219i transportul minereurilor.<\/li>\n<li>Logistic\u0103 \u0219i transport: \u00cen cazul stivuitoarelor \u0219i robo\u021bilor de manipulare, cilindrii bra\u021bului controleaz\u0103 ridicarea \u0219i mi\u0219carea furcilor pentru manipularea \u0219i stivuirea materialelor.<\/li>\n<\/ul>\n<h2>Considera\u021bii de proiectare \u0219i criterii de selec\u021bie<\/h2>\n<p>C\u00e2nd vine vorba de proiectarea cilindrilor bra\u021bului, trebuie lua\u021bi \u00een considerare mai mul\u021bi factori \u0219i criterii de selec\u021bie:<\/p>\n<ul>\n<li>Capacitate portant\u0103: Cilindrii bra\u021bului trebuie proiecta\u021bi pentru a suporta capacitatea portant\u0103 necesar\u0103.<\/li>\n<li>Etan\u0219are: Pentru a asigura o etan\u0219are eficient\u0103, trebuie utilizate diverse componente de etan\u0219are, cum ar fi etan\u0219\u0103rile pistonului \u0219i etan\u0219\u0103rile tijei, fabricate din materiale rezistente la uzur\u0103, precum poliuretanul sau cauciucul nitrilic.<\/li>\n<li>Durabilitate: Corpul cilindrului \u0219i suprafe\u021bele filetate ale cap\u0103tului trebuie s\u0103 fie supuse unor prelucr\u0103ri precise pentru a spori rezisten\u021ba la uzur\u0103.<\/li>\n<li>Siguran\u021b\u0103: Cilindrii bra\u021bului trebuie s\u0103 \u00eendeplineasc\u0103 standardele de siguran\u021b\u0103 pentru a preveni accidentele \u00een timpul func\u021bion\u0103rii.<\/li>\n<li>\u00centre\u021binere: Lubrifierea regulat\u0103 cu ulei hidraulic adecvat \u0219i \u00eentre\u021binerea periodic\u0103 sunt necesare pentru a asigura performan\u021be optime \u0219i longevitate.<\/li>\n<\/ul>\n<p><img decoding=\"async\" src=\"https:\/\/www.hydraulic-cylinders.net\/wp-content\/uploads\/2025\/01\/songte-cylinder-head-with-all-kinds-excavator-models.webp\"><\/p>\n<h2>Etan\u0219are \u0219i lubrifiere<\/h2>\n<p>Cilindrii cu bra\u021b utilizeaz\u0103 diverse garnituri, cum ar fi garniturile pistonului \u0219i garniturile tijei, fabricate din materiale rezistente la uzur\u0103, precum poliuretanul sau cauciucul nitrilic. Corpul cilindrului \u0219i suprafe\u021bele filetate ale cap\u0103tului sunt supuse unor prelucr\u0103ri fine pentru a \u00eembun\u0103t\u0103\u021bi rezisten\u021ba la uzur\u0103. Lubrifierea regulat\u0103 cu ulei hidraulic adecvat este necesar\u0103 pentru a asigura o func\u021bionare f\u0103r\u0103 probleme \u0219i o longevitate sporit\u0103.<\/p>\n<h2>Inspec\u021bie regulat\u0103 \u0219i m\u0103suri de \u00eentre\u021binere preventiv\u0103<\/h2>\n<p>Pentru a asigura func\u021bionarea corect\u0103 \u0219i longevitatea cilindrilor bra\u021bului, trebuie luate urm\u0103toarele m\u0103suri:<\/p>\n<ul>\n<li>Inspecta\u021bi periodic cilindrul pentru a depista orice semne de uzur\u0103, scurgeri sau deteriorare.<\/li>\n<li>Verifica\u021bi garniturile \u0219i \u00eenlocui\u021bi-le dac\u0103 este necesar.<\/li>\n<li>Monitoriza\u021bi nivelul \u0219i calitatea uleiului hidraulic, reumple\u021bi sau \u00eenlocui\u021bi dup\u0103 cum este necesar.<\/li>\n<li>Str\u00e2nge\u021bi fitingurile \u0219i conexiunile sl\u0103bite.<\/li>\n<li>Urma\u021bi instruc\u021biunile produc\u0103torului pentru \u00eentre\u021binere \u0219i programa\u021bi inspec\u021bii profesionale regulate.<\/li>\n<\/ul>\n<h2>Ghid de instalare a produsului<\/h2>\n<p>Instalarea corect\u0103 a cilindrilor bra\u021bului este crucial\u0103 pentru performan\u021ba lor optim\u0103. Urma\u021bi ace\u0219ti pa\u0219i:<\/p>\n<ol>\n<li>Asigura\u021bi-v\u0103 c\u0103 echipamentul este oprit \u0219i se afl\u0103 \u00eentr-o pozi\u021bie sigur\u0103 \u0219i stabil\u0103.<\/li>\n<li>Scoate\u021bi cilindrul vechi, dac\u0103 este cazul, deta\u0219\u00e2nd cu grij\u0103 conexiunile.<\/li>\n<li>Inspecta\u021bi noul cilindru al bra\u021bului pentru a depista eventuale deterior\u0103ri sau defecte \u00eenainte de instalare.<\/li>\n<li>Ata\u0219a\u021bi noul cilindru, aliniind punctele de montare \u0219i conect\u00e2nd \u00een siguran\u021b\u0103 conductele hidraulice.<\/li>\n<li>Verifica\u021bi dac\u0103 exist\u0103 scurgeri sau mi\u0219c\u0103ri anormale dup\u0103 instalare.<\/li>\n<\/ol>\n<p><img decoding=\"async\" src=\"https:\/\/www.hydraulic-cylinders.net\/wp-content\/uploads\/2025\/01\/songte-bushings-with-all-kinds-of-excavator-models.webp\"><\/p>\n<h2>Considera\u021bii de siguran\u021b\u0103 \u0219i factori de mediu<\/h2>\n<p>Atunci c\u00e2nd se lucreaz\u0103 cu cilindri de bra\u021b, luarea \u00een considerare a m\u0103surilor de siguran\u021b\u0103 este crucial\u0103 pentru a preveni accidentele \u0219i a asigura bun\u0103starea operatorului. Este important s\u0103 se respecte protocoalele de siguran\u021b\u0103, cum ar fi purtarea echipamentului individual de protec\u021bie adecvat \u0219i respectarea procedurilor de operare corecte. \u00cen plus, factorii de mediu, cum ar fi temperatura \u0219i umiditatea, trebuie lua\u021bi \u00een considerare pentru a asigura performan\u021ba optim\u0103 \u0219i longevitatea cilindrilor de bra\u021b.<\/p>\n<h2>Depanare \u0219i probleme frecvente<\/h2>\n<p>Iat\u0103 c\u00e2teva probleme frecvente care pot ap\u0103rea la cilindrii bra\u021bului:<\/p>\n<ul>\n<li>Scurgeri: Verifica\u021bi garniturile \u0219i conexiunile pentru a depista eventualele scurgeri. \u00cenlocui\u021bi garniturile defecte sau str\u00e2nge\u021bi conexiunile sl\u0103bite.<\/li>\n<li>Mi\u0219care inconsistent\u0103: Inspecta\u021bi sistemul hidraulic \u0219i asigura\u021bi-v\u0103 c\u0103 nivelurile \u0219i presiunea uleiului hidraulic sunt corespunz\u0103toare. Verifica\u021bi dac\u0103 exist\u0103 blocaje sau defec\u021biuni \u00een sistem.<\/li>\n<li>Zgomot anormal: Investiga\u021bi sursa zgomotului, cum ar fi componente sl\u0103bite sau piese deteriorate. Str\u00e2nge\u021bi sau \u00eenlocui\u021bi dup\u0103 cum este necesar.<\/li>\n<li>Performan\u021b\u0103 slab\u0103: Verifica\u021bi dac\u0103 exist\u0103 semne de uzur\u0103 sau deteriorare a cilindrului. Inspecta\u021bi alte componente ale sistemului hidraulic pentru a depista poten\u021biale probleme.<\/li>\n<\/ul>\n<p>Pentru depanarea \u0219i rezolvarea acestor probleme, consulta\u021bi instruc\u021biunile produc\u0103torului sau solicita\u021bi asisten\u021b\u0103 profesional\u0103. M\u0103surile preventive regulate pot ajuta la minimizarea poten\u021bialelor probleme.<\/p>\n<p><img decoding=\"async\" src=\"https:\/\/www.hydraulic-cylinders.net\/wp-content\/uploads\/2025\/01\/songte-chushion-collar.webp\"><\/p>\n<p>Nu uita s\u0103 organizezi articolul logic, s\u0103 folose\u0219ti subtitluri pentru o navigare u\u0219oar\u0103, s\u0103 incluzi imagini sau diagrame relevante pentru a \u00eembun\u0103t\u0103\u021bi \u00een\u021belegerea \u0219i s\u0103 te asiguri c\u0103 un con\u021binut este clar, concis \u0219i potrivit pentru cititorii cu diverse niveluri de cuno\u0219tin\u021be tehnice.<\/p>\n<h2>Despre noi<\/h2>\n<p>Suntem un produc\u0103tor profesionist de cilindri hidraulici de schimb, oferind o gam\u0103 larg\u0103 de produse. Am devenit unul dintre principalii produc\u0103tori \u0219i distribuitori angro de cilindri hidraulici, at\u00e2t pe pia\u021ba intern\u0103, c\u00e2t \u0219i pe cea interna\u021bional\u0103. Angaja\u021bi \u00een ceea ce prive\u0219te calitatea excelent\u0103, ne baz\u0103m pe strategii industrializate de management al produc\u021biei \u00een atelierele noastre sofisticate de fabrica\u021bie pentru a ne \u00eembun\u0103t\u0103\u021bi continuu expertiza tehnic\u0103 \u0219i eficien\u021ba produc\u021biei. Prin introducerea de echipamente digitale avansate de fabrica\u021bie \u0219i sisteme profesionale de testare, optimiz\u0103m platforma noastr\u0103 de fabrica\u021bie \u0219i \u00eembun\u0103t\u0103\u021bim procesele de control al calit\u0103\u021bii produselor noastre, permi\u021b\u00e2ndu-ne s\u0103 avem capacit\u0103\u021bi puternice de inovare. Scopul nostru este de a satisface nevoile diverse ale clien\u021bilor cu principii de eficien\u021b\u0103, precizie \u0219i \u00eenalt\u0103 calitate.<\/p>\n<p><img decoding=\"async\" src=\"https:\/\/www.hydraulic-cylinders.net\/wp-content\/uploads\/2025\/01\/songte-company-4.webp\"><br \/>\n<img decoding=\"async\" src=\"https:\/\/www.hydraulic-cylinders.net\/wp-content\/uploads\/2025\/01\/songte-company-3.webp\"><\/p>\n<p>Autor: lyl<\/p>","protected":false},"excerpt":{"rendered":"<p>Arm Cylinder For Takeuchi Small Excavator TB150C Arm Cylinder is a specially designed hydraulic cylinder that provides linear motion and power to the arms of various machinery, such as excavators, cranes, and robotic arms. It plays a crucial role in hydraulic systems, allowing for effective movement and control of attachments and accessories. These cylinders not [&hellip;]<\/p>","protected":false},"featured_media":14766,"comment_status":"open","ping_status":"closed","template":"","meta":{"_et_pb_use_builder":"","_et_pb_old_content":"","_et_gb_content_width":""},"product_brand":[],"product_cat":[1497],"product_tag":[1498,1496],"class_list":{"0":"post-16643","1":"product","2":"type-product","3":"status-publish","4":"has-post-thumbnail","6":"product_cat-arm-cylinders","7":"product_tag-arm-cylinders","8":"product_tag-hydraulic-cylinders","10":"first","11":"instock","12":"shipping-taxable","13":"product-type-simple"},"amp_enabled":true,"_links":{"self":[{"href":"https:\/\/www.hydraulic-cylinders.net\/ro\/wp-json\/wp\/v2\/product\/16643","targetHints":{"allow":["GET"]}}],"collection":[{"href":"https:\/\/www.hydraulic-cylinders.net\/ro\/wp-json\/wp\/v2\/product"}],"about":[{"href":"https:\/\/www.hydraulic-cylinders.net\/ro\/wp-json\/wp\/v2\/types\/product"}],"replies":[{"embeddable":true,"href":"https:\/\/www.hydraulic-cylinders.net\/ro\/wp-json\/wp\/v2\/comments?post=16643"}],"wp:featuredmedia":[{"embeddable":true,"href":"https:\/\/www.hydraulic-cylinders.net\/ro\/wp-json\/wp\/v2\/media\/14766"}],"wp:attachment":[{"href":"https:\/\/www.hydraulic-cylinders.net\/ro\/wp-json\/wp\/v2\/media?parent=16643"}],"wp:term":[{"taxonomy":"product_brand","embeddable":true,"href":"https:\/\/www.hydraulic-cylinders.net\/ro\/wp-json\/wp\/v2\/product_brand?post=16643"},{"taxonomy":"product_cat","embeddable":true,"href":"https:\/\/www.hydraulic-cylinders.net\/ro\/wp-json\/wp\/v2\/product_cat?post=16643"},{"taxonomy":"product_tag","embeddable":true,"href":"https:\/\/www.hydraulic-cylinders.net\/ro\/wp-json\/wp\/v2\/product_tag?post=16643"}],"curies":[{"name":"wp","href":"https:\/\/api.w.org\/{rel}","templated":true}]}}