{"id":16647,"date":"2025-01-21T05:43:58","date_gmt":"2025-01-21T05:43:58","guid":{"rendered":"https:\/\/www.hydraulic-cylinders.net\/product\/arm-cylinder-for-takeuchi-small-excavator-tb1135c\/"},"modified":"2025-01-21T05:44:04","modified_gmt":"2025-01-21T05:44:04","slug":"arm-cylinder-for-takeuchi-small-excavator-tb1135c","status":"publish","type":"product","link":"https:\/\/www.hydraulic-cylinders.net\/ro\/produs\/arm-cylinder-for-takeuchi-small-excavator-tb1135c\/","title":{"rendered":"Cilindru de bra\u021b pentru excavatorul mic Takeuchi TB1135C"},"content":{"rendered":"<h2>Cilindru de bra\u021b pentru excavatorul mic Takeuchi TB1135C<\/h2>\n<h3>Introducere<\/h3>\n<p>Un cilindru de bra\u021b este un cilindru hidraulic special conceput, utilizat \u00een principal pentru a oferi mi\u0219care liniar\u0103 \u0219i putere bra\u021bului diferitelor tipuri de utilaje, cum ar fi excavatoare, macarale \u0219i bra\u021be robotizate. Cilindrul bra\u021bului joac\u0103 un rol crucial \u00een sistemul hidraulic, permi\u021b\u00e2nd ata\u0219amentelor sau accesoriilor s\u0103 se mi\u0219te \u0219i s\u0103 fie controlate eficient. Ace\u0219ti cilindri nu numai c\u0103 realizeaz\u0103 o mi\u0219care lin\u0103, dar rezist\u0103 \u0219i la sarcini grele, asigur\u00e2nd func\u021bionarea eficient\u0103 \u0219i fiabilitatea utilajelor \u00een diverse condi\u021bii de func\u021bionare.<\/p>\n<p><img decoding=\"async\" src=\"https:\/\/www.hydraulic-cylinders.net\/wp-content\/uploads\/2025\/01\/songte-company-2.webp\"><\/p>\n<h3>Caracteristici<\/h3>\n<ul>\n<li>Transmisie de putere de \u00eenalt\u0103 eficien\u021b\u0103: Cilindrul bra\u021bului ofer\u0103 o mi\u0219care liniar\u0103 puternic\u0103 \u0219i o for\u021b\u0103, asigur\u00e2nd performan\u021be de \u00eenalt\u0103 eficien\u021b\u0103 \u00een timpul diverselor opera\u021biuni.<\/li>\n<li>Control precis: Prin intermediul sistemului hidraulic, cilindrul bra\u021bului poate realiza un control precis al mi\u0219c\u0103rii, f\u0103c\u00e2nd func\u021bionarea ata\u0219amentelor mai flexibil\u0103 \u0219i precis\u0103.<\/li>\n<li>Durabil: Cilindrii bra\u021bului sunt de obicei fabrica\u021bi din materiale de \u00eenalt\u0103 rezisten\u021b\u0103, au o bun\u0103 rezisten\u021b\u0103 la uzur\u0103 \u0219i coroziune \u0219i sunt potrivi\u021bi pentru utilizare pe termen lung \u00een medii dure.<\/li>\n<li>Adaptabilitate multifunc\u021bional\u0103: Ace\u0219ti cilindri pot fi aplica\u021bi pe scar\u0103 larg\u0103 la diverse echipamente mecanice, cum ar fi excavatoare, macarale \u0219i bra\u021be robotizate, pentru a se adapta la diferite cerin\u021be de lucru.<\/li>\n<li>\u00centre\u021binere u\u0219oar\u0103: Conceput\u0103 pentru \u00eentre\u021binere \u0219i \u00eenlocuire u\u0219oar\u0103, inspec\u021bia \u0219i \u00eentre\u021binerea regulat\u0103 sunt mai convenabile, reduc\u00e2nd timpul de nefunc\u021bionare a echipamentelor.<\/li>\n<\/ul>\n<p><img decoding=\"async\" src=\"https:\/\/www.hydraulic-cylinders.net\/wp-content\/uploads\/2025\/01\/songte-oil-pipes-and-spare-parts.webp\"><\/p>\n<h3>Aplica\u021bii<\/h3>\n<p>Cilindrul cu bra\u021b este utilizat pe scar\u0103 larg\u0103 \u00een diverse industrii, inclusiv:<\/p>\n<ul>\n<li>Inginerie de construc\u021bii: La excavatoare \u0219i macarale, cilindrul bra\u021bului este utilizat pentru a controla mi\u0219carea cupei sau a bra\u021bului pentru lucr\u0103ri de terasament, manipularea materialelor \u0219i instalarea structural\u0103.<\/li>\n<li>Fabrica\u021bie: \u00cen liniile de produc\u021bie automatizate, cilindrul bra\u021bului este utilizat pentru mi\u0219carea bra\u021belor robotizate \u00een timpul proceselor de asamblare, sudare \u0219i manipulare a materialelor, \u00eembun\u0103t\u0103\u021bind eficien\u021ba \u0219i precizia produc\u021biei.<\/li>\n<li>Ma\u0219ini agricole: \u00cen cazul ma\u0219inilor agricole, cum ar fi combinele de recoltat \u0219i sem\u0103n\u0103toarele, cilindrul bra\u021bului controleaz\u0103 mi\u0219carea bra\u021bului de operare pentru a efectua sarcini de sem\u0103nat, fertilizare \u0219i recoltare.<\/li>\n<li>Minerit: \u00cen echipamentele miniere, cilindrul bra\u021bului este utilizat pentru a controla mi\u0219carea bra\u021bului echipamentelor miniere pentru extrac\u021bia \u0219i manipularea minereului.<\/li>\n<li>Logistic\u0103 \u0219i transport: \u00cen cazul stivuitoarelor \u0219i robo\u021bilor de manipulare, cilindrul bra\u021bului este utilizat pentru a controla ridicarea \u0219i mi\u0219carea furcii de marf\u0103, realiz\u00e2nd manipularea \u0219i stivuirea materialelor.<\/li>\n<\/ul>\n<h3>Considera\u021bii de proiectare \u0219i criterii de selec\u021bie<\/h3>\n<p>Considera\u021biile de proiectare \u0219i criteriile de selec\u021bie ale cilindrului bra\u021bului includ:<\/p>\n<h4>Capacitate de \u00eenc\u0103rcare<\/h4>\n<p>Capacitatea de \u00eenc\u0103rcare a cilindrului bra\u021bului este un factor critic de luat \u00een considerare. Acesta trebuie s\u0103 ofere suficient\u0103 for\u021b\u0103 pentru a mi\u0219ca bra\u021bul \u0219i ata\u0219amentele \u00een diverse condi\u021bii de lucru.<\/p>\n<h4>Performan\u021ba de etan\u0219are<\/h4>\n<p>Performan\u021ba de etan\u0219are a cilindrului bra\u021bului este crucial\u0103 pentru a preveni scurgerile de ulei hidraulic. Materiale de etan\u0219are de \u00eenalt\u0103 calitate, cum ar fi poliuretanul \u0219i cauciucul nitrilic, sunt utilizate pentru a asigura o rezisten\u021b\u0103 excelent\u0103 la uzur\u0103 \u0219i o performan\u021b\u0103 de etan\u0219are excelent\u0103.<\/p>\n<h4>Durabilitate<\/h4>\n<p>Cilindrul bra\u021bului este de obicei fabricat din materiale de \u00eenalt\u0103 rezisten\u021b\u0103, cum ar fi o\u021belul aliat \u0219i o\u021belul carbon, pentru a avea o bun\u0103 rezisten\u021b\u0103 la uzur\u0103 \u0219i coroziune, asigur\u00e2nd utilizarea pe termen lung \u00een medii dure.<\/p>\n<h4>Siguran\u0163\u0103<\/h4>\n<p>Cilindrul bra\u021bului trebuie proiectat av\u00e2nd \u00een vedere siguran\u021ba, inclusiv supape de siguran\u021b\u0103, dispozitive de blocare \u0219i alte m\u0103suri de siguran\u021b\u0103 pentru a preveni accidentele.<\/p>\n<h4>\u00centre\u0163inere<\/h4>\n<p>Cilindrul bra\u021bului trebuie s\u0103 fie proiectat pentru o \u00eentre\u021binere u\u0219oar\u0103, inclusiv dezasamblare u\u0219oar\u0103, \u00eenlocuire a pieselor \u0219i inspec\u021bie regulat\u0103 pentru a asigura performan\u021ba optim\u0103 a cilindrului.<\/p>\n<p><img decoding=\"async\" src=\"https:\/\/www.hydraulic-cylinders.net\/wp-content\/uploads\/2025\/01\/songte-cylinder-head-with-all-kinds-excavator-models.webp\"><\/p>\n<h3>Etan\u0219are \u0219i lubrifiere<\/h3>\n<p>Cilindrul bra\u021bului utilizeaz\u0103 diverse componente de etan\u0219are, cum ar fi etan\u0219\u0103rile pistonului \u0219i etan\u0219\u0103rile tijei, fabricate din materiale rezistente la uzur\u0103, cum ar fi poliuretanul \u0219i cauciucul nitrilic, pentru a asigura performan\u021be excelente de etan\u0219are. Suprafa\u021ba intern\u0103 a cilindrului este prelucrat\u0103 cu precizie pentru a asigura potrivirea corect\u0103 a etan\u0219\u0103rilor. Lubrifierea regulat\u0103 este necesar\u0103 pentru a asigura func\u021bionarea lin\u0103 a cilindrului \u0219i trebuie ad\u0103ugat uleiul hidraulic corespunz\u0103tor.<\/p>\n<h3>\u00centre\u021binere \u0219i depanare<\/h3>\n<p>Cilindrul bra\u021bului necesit\u0103 inspec\u021bie \u0219i \u00eentre\u021binere regulate pentru a asigura o performan\u021b\u0103 optim\u0103. Problemele comune care pot ap\u0103rea \u0219i solu\u021biile acestora includ:<\/p>\n<h4>Mi\u0219care lent\u0103 sau neuniform\u0103<\/h4>\n<p>Acest lucru ar putea fi cauzat de o cantitate insuficient\u0103 de ulei hidraulic, aer \u00een sistemul hidraulic sau garnituri defecte. Verifica\u021bi \u0219i completa\u021bi cu ulei hidraulic sau \u00eenlocui\u021bi garniturile deteriorate.<\/p>\n<h4>Scurgere de ulei hidraulic<\/h4>\n<p>Acest lucru ar putea fi cauzat de garnituri deteriorate sau conexiuni sl\u0103bite. Verifica\u021bi \u0219i \u00eenlocui\u021bi garniturile deteriorate sau str\u00e2nge\u021bi conexiunile sl\u0103bite.<\/p>\n<h4>Zgomot \u0219i vibra\u021bii anormale<\/h4>\n<p>Acest lucru ar putea fi cauzat de piese deteriorate sau uzate. Verifica\u021bi \u0219i \u00eenlocui\u021bi piesele deteriorate.<\/p>\n<p><img decoding=\"async\" src=\"https:\/\/www.hydraulic-cylinders.net\/wp-content\/uploads\/2025\/01\/songte-chushion-collar.webp\"><\/p>\n<h3>Ghid de instalare<\/h3>\n<p>Procesul de instalare a cilindrului bra\u021bului este esen\u021bial pentru a asigura o performan\u021b\u0103 optim\u0103. Urma\u021bi pa\u0219ii de mai jos:<\/p>\n<ol>\n<li>Preg\u0103ti\u021bi locul de instalare \u0219i asigura\u021bi-v\u0103 c\u0103 este curat \u0219i lipsit de resturi.<\/li>\n<li>Alinia\u021bi cilindrul bra\u021bului cu suportul de montare \u0219i fixa\u021bi-l cu \u0219uruburi, piuli\u021be sau \u0219tifturi.<\/li>\n<li>Conecta\u021bi furtunurile \u0219i racordurile hidraulice, asigur\u00e2ndu-v\u0103 c\u0103 sunt str\u00e2nse \u0219i f\u0103r\u0103 scurgeri.<\/li>\n<li>Testa\u021bi func\u021bionarea cilindrului \u0219i regla\u021bi sistemul hidraulic conform specifica\u021biilor produc\u0103torului.<\/li>\n<\/ol>\n<p><img decoding=\"async\" src=\"https:\/\/www.hydraulic-cylinders.net\/wp-content\/uploads\/2025\/01\/songte-bushings-with-all-kinds-of-excavator-models.webp\"><\/p>\n<h3>Considera\u021bii privind siguran\u021ba \u0219i mediul<\/h3>\n<p>Siguran\u021ba este esen\u021bial\u0103 la operarea cilindrului bra\u021bului. Utilizatorii trebuie s\u0103 respecte instruc\u021biunile produc\u0103torului \u0219i s\u0103 poarte echipament de protec\u021bie adecvat. Din punct de vedere ecologic, uleiul hidraulic trebuie eliminat corect.<\/p>\n<h3>Despre noi<\/h3>\n<p>Suntem un produc\u0103tor profesionist de cilindri hidraulici de schimb, cu o gam\u0103 larg\u0103 de produse. Am devenit unul dintre principalii produc\u0103tori \u0219i distribuitori angro de cilindri hidraulici pe pie\u021bele interne \u0219i interna\u021bionale. Respect\u0103m \u00eentotdeauna principiul calit\u0103\u021bii excelente \u0219i ne \u00eembun\u0103t\u0103\u021bim continuu tehnologia \u0219i eficien\u021ba produc\u021biei, baz\u00e2ndu-ne pe strategii industrializate de management al produc\u021biei \u00een ateliere de produc\u021bie de \u00eenalt\u0103 calitate. Prin introducerea de echipamente digitale de produc\u021bie de ultim\u0103 genera\u021bie \u0219i sisteme profesionale de testare, continu\u0103m s\u0103 optimiz\u0103m platforma de produc\u021bie, s\u0103 \u00eembun\u0103t\u0103\u021bim procesul de control al calit\u0103\u021bii produselor \u0219i avem capacit\u0103\u021bi puternice de inovare. Scopul nostru este de a satisface nevoile diverse ale clien\u021bilor cu eficien\u021b\u0103 ridicat\u0103, precizie \u0219i principii de \u00eenalt\u0103 calitate.<\/p>\n<p>Compania noastr\u0103 este specializat\u0103 \u00een certificare interna\u021bional\u0103, servicii personalizate, echipamente de produc\u021bie \u0219i servicii post-v\u00e2nzare. Ader\u0103m la principiul \u201eclientul pe primul loc, calitatea pe primul loc\u201d \u0219i \u00eembun\u0103t\u0103\u021bim continuu sistemul de management \u0219i control al calit\u0103\u021bii pentru a oferi clien\u021bilor produse \u0219i servicii de \u00eenalt\u0103 calitate.<\/p>\n<p><img decoding=\"async\" src=\"https:\/\/www.hydraulic-cylinders.net\/wp-content\/uploads\/2025\/01\/songte-company-4.webp\"><br \/>\n<img decoding=\"async\" src=\"https:\/\/www.hydraulic-cylinders.net\/wp-content\/uploads\/2025\/01\/songte-company-3.webp\"><\/p>\n<p>Autor: lyl<\/p>","protected":false},"excerpt":{"rendered":"<p>Arm Cylinder For Takeuchi Small Excavator TB1135C Introduction An arm cylinder is a specially designed hydraulic cylinder that is primarily used to provide linear motion and power to the arm of various types of machinery, such as excavators, cranes, and robotic arms. The arm cylinder plays a crucial role in the hydraulic system, enabling attachments [&hellip;]<\/p>","protected":false},"featured_media":14786,"comment_status":"open","ping_status":"closed","template":"","meta":{"_et_pb_use_builder":"","_et_pb_old_content":"","_et_gb_content_width":""},"product_brand":[],"product_cat":[1497],"product_tag":[1498,1496],"class_list":{"0":"post-16647","1":"product","2":"type-product","3":"status-publish","4":"has-post-thumbnail","6":"product_cat-arm-cylinders","7":"product_tag-arm-cylinders","8":"product_tag-hydraulic-cylinders","10":"first","11":"instock","12":"shipping-taxable","13":"product-type-simple"},"amp_enabled":true,"_links":{"self":[{"href":"https:\/\/www.hydraulic-cylinders.net\/ro\/wp-json\/wp\/v2\/product\/16647","targetHints":{"allow":["GET"]}}],"collection":[{"href":"https:\/\/www.hydraulic-cylinders.net\/ro\/wp-json\/wp\/v2\/product"}],"about":[{"href":"https:\/\/www.hydraulic-cylinders.net\/ro\/wp-json\/wp\/v2\/types\/product"}],"replies":[{"embeddable":true,"href":"https:\/\/www.hydraulic-cylinders.net\/ro\/wp-json\/wp\/v2\/comments?post=16647"}],"wp:featuredmedia":[{"embeddable":true,"href":"https:\/\/www.hydraulic-cylinders.net\/ro\/wp-json\/wp\/v2\/media\/14786"}],"wp:attachment":[{"href":"https:\/\/www.hydraulic-cylinders.net\/ro\/wp-json\/wp\/v2\/media?parent=16647"}],"wp:term":[{"taxonomy":"product_brand","embeddable":true,"href":"https:\/\/www.hydraulic-cylinders.net\/ro\/wp-json\/wp\/v2\/product_brand?post=16647"},{"taxonomy":"product_cat","embeddable":true,"href":"https:\/\/www.hydraulic-cylinders.net\/ro\/wp-json\/wp\/v2\/product_cat?post=16647"},{"taxonomy":"product_tag","embeddable":true,"href":"https:\/\/www.hydraulic-cylinders.net\/ro\/wp-json\/wp\/v2\/product_tag?post=16647"}],"curies":[{"name":"wp","href":"https:\/\/api.w.org\/{rel}","templated":true}]}}