{"id":16649,"date":"2025-01-21T05:44:10","date_gmt":"2025-01-21T05:44:10","guid":{"rendered":"https:\/\/www.hydraulic-cylinders.net\/product\/arm-cylinder-for-case-small-excavator-cx75\/"},"modified":"2025-01-21T05:44:12","modified_gmt":"2025-01-21T05:44:12","slug":"arm-cylinder-for-case-small-excavator-cx75","status":"publish","type":"product","link":"https:\/\/www.hydraulic-cylinders.net\/ro\/produs\/arm-cylinder-for-case-small-excavator-cx75\/","title":{"rendered":"Cilindru de bra\u021b pentru excavatorul mic Case CX75"},"content":{"rendered":"<h1>Cilindru de bra\u021b pentru excavatorul mic Case CX75<\/h1>\n<h2>Introducere<\/h2>\n<p>Cilindrul hidraulic special conceput pentru excavatorul mic Case CX75 este utilizat \u00een principal pentru a oferi mi\u0219care liniar\u0103 \u0219i putere bra\u021belor diferitelor tipuri de utilaje, cum ar fi excavatoare, macarale \u0219i bra\u021be mecanice. Cilindrul hidraulic joac\u0103 un rol esen\u021bial \u00een sistemele hidraulice, permi\u021b\u00e2nd mi\u0219carea \u0219i controlul eficient al uneltelor sau ata\u0219amentelor suplimentare. Ace\u0219ti cilindri nu numai c\u0103 ofer\u0103 o mi\u0219care lin\u0103, dar suport\u0103 \u0219i sarcini grele, asigur\u00e2nd func\u021bionarea eficient\u0103 \u0219i fiabilitatea utilajelor \u00een diverse condi\u021bii de func\u021bionare.<\/p>\n<p><img decoding=\"async\" src=\"https:\/\/www.hydraulic-cylinders.net\/wp-content\/uploads\/2025\/01\/songte-company-2.webp\"><\/p>\n<h2>Caracteristici<\/h2>\n<ul>\n<li>Transmisie de \u00eenalt\u0103 eficien\u021b\u0103: Cilindrul bra\u021bului ofer\u0103 o mi\u0219care liniar\u0103 puternic\u0103 \u0219i o for\u021b\u0103 puternic\u0103, asigur\u00e2nd performan\u021be de \u00eenalt\u0103 eficien\u021b\u0103 \u00een diverse opera\u021biuni.<\/li>\n<li>Control precis: Prin intermediul sistemului hidraulic, cilindrul bra\u021bului poate realiza un control precis al mi\u0219c\u0103rii, ceea ce face ca func\u021bionarea uneltelor suplimentare s\u0103 fie mai flexibil\u0103 \u0219i mai precis\u0103.<\/li>\n<li>Durabilitate mare: Cilindrii bra\u021bului sunt de obicei fabrica\u021bi din materiale de \u00eenalt\u0103 rezisten\u021b\u0103, cu rezisten\u021b\u0103 bun\u0103 la uzur\u0103 \u0219i coroziune, potrivi\u021bi pentru utilizare pe termen lung \u00een medii dure.<\/li>\n<li>Adaptabilitate multifunc\u021bional\u0103: Ace\u0219ti cilindri pot fi utiliza\u021bi pe scar\u0103 larg\u0103 \u00een diverse echipamente mecanice, cum ar fi excavatoare, macarale \u0219i bra\u021be mecanice, pentru a satisface diferite cerin\u021be de lucru.<\/li>\n<li>\u00centre\u021binere u\u0219oar\u0103: Designul ia \u00een considerare u\u0219urin\u021ba \u00eentre\u021binerii \u0219i \u00eenlocuirii, ceea ce face ca inspec\u021bia \u0219i \u00eentre\u021binerea regulat\u0103 s\u0103 fie mai convenabile, reduc\u00e2nd timpul de nefunc\u021bionare a echipamentelor.<\/li>\n<\/ul>\n<p>Putem produce acest produs, iar produsul nostru poate \u00eenlocui perfect ace\u0219ti cilindri hidraulici.<\/p>\n<p><img decoding=\"async\" src=\"https:\/\/www.hydraulic-cylinders.net\/wp-content\/uploads\/2025\/01\/songte-oil-pipes-and-spare-parts.webp\"><\/p>\n<h2>Aplica\u021bii<\/h2>\n<ul>\n<li>Inginerie de construc\u021bii: La excavatoare \u0219i macarale, cilindrul bra\u021bului este utilizat pentru a controla mi\u0219carea cupei sau a bra\u021bului, pentru lucr\u0103ri de terasament, manipularea materialelor \u0219i instalarea structural\u0103.<\/li>\n<li>Industria prelucr\u0103toare: \u00cen liniile de produc\u021bie automatizate, cilindrul bra\u021bului este utilizat pentru mi\u0219carea bra\u021belor mecanice, pentru asamblare, sudare \u0219i manipularea materialelor, pentru a \u00eembun\u0103t\u0103\u021bi eficien\u021ba \u0219i precizia produc\u021biei.<\/li>\n<li>Ma\u0219ini agricole: \u00cen cazul ma\u0219inilor agricole, cum ar fi combinele de recoltat \u0219i sem\u0103n\u0103toarele, cilindrul bra\u021bului controleaz\u0103 mi\u0219carea bra\u021belor de operare, efectu\u00e2nd sarcini precum plantarea, fertilizarea \u0219i recoltarea.<\/li>\n<li>Minerit: \u00cen echipamentele miniere, cilindrul bra\u021bului este utilizat pentru a controla mi\u0219carea bra\u021bului echipamentelor miniere, pentru minerit \u0219i manipularea materialelor.<\/li>\n<li>Logistic\u0103 \u0219i transport: La stivuitoarele \u0219i robo\u021bii de manipulare, cilindrul bra\u021bului este utilizat pentru a controla ridicarea \u0219i mi\u0219carea furcii, pentru a realiza manipularea \u0219i stivuirea materialelor.<\/li>\n<\/ul>\n<h2>Considera\u021bii de proiectare \u0219i criterii de selec\u021bie<\/h2>\n<ul>\n<li>Capacitate portant\u0103: Cilindrul bra\u021bului trebuie s\u0103 fie proiectat pentru a suporta sarcina utilajului \u0219i a uneltelor sau ata\u0219amentelor suplimentare.<\/li>\n<li>Etan\u0219are: Cilindrul bra\u021bului trebuie etan\u0219at etan\u0219 pentru a preveni scurgerile de fluid hidraulic \u0219i a asigura func\u021bionarea corect\u0103 a sistemului hidraulic.<\/li>\n<li>Durabilitate: Cilindrul bra\u021bului trebuie s\u0103 fie fabricat din materiale de \u00eenalt\u0103 rezisten\u021b\u0103 pentru a rezista la uzur\u0103 \u0219i coroziune \u0219i s\u0103 fie potrivit pentru utilizare pe termen lung \u00een medii dure.<\/li>\n<li>Siguran\u021b\u0103: Cilindrul bra\u021bului trebuie s\u0103 fie proiectat cu elemente de siguran\u021b\u0103 pentru a preveni accidentele \u0219i a asigura siguran\u021ba personalului \u0219i a echipamentelor.<\/li>\n<li>\u00centre\u021binere: Cilindrul bra\u021bului trebuie s\u0103 fie proiectat pentru \u00eentre\u021binere \u0219i repara\u021bii u\u0219oare, pentru a reduce timpii de nefunc\u021bionare \u0219i a asigura fiabilitatea echipamentului.<\/li>\n<\/ul>\n<p><img decoding=\"async\" src=\"https:\/\/www.hydraulic-cylinders.net\/wp-content\/uploads\/2025\/01\/songte-cylinder-head-with-all-kinds-excavator-models.webp\"><\/p>\n<h2>Etan\u0219are \u0219i lubrifiere<\/h2>\n<p>Cilindrul bra\u021bului utilizeaz\u0103 diverse componente de etan\u0219are, cum ar fi etan\u0219\u0103ri de piston \u0219i etan\u0219\u0103ri de tij\u0103, cu materiale precum poliuretan \u0219i cauciuc nitrilic pentru a asigura durabilitate \u0219i rezisten\u021b\u0103 la uzur\u0103. Corpul cilindrului \u0219i suprafe\u021bele filetate ale cap\u0103tului sunt prelucrate fin pentru a \u00eembun\u0103t\u0103\u021bi rezisten\u021ba la uzur\u0103. \u00centre\u021binerea regulat\u0103 include ad\u0103ugarea unei cantit\u0103\u021bi adecvate de ulei hidraulic pentru a lubrifia cilindrul.<\/p>\n<p><img decoding=\"async\" src=\"https:\/\/www.hydraulic-cylinders.net\/wp-content\/uploads\/2025\/01\/songte-chushion-collar.webp\"><\/p>\n<h2>\u00centre\u021binere \u0219i depanare<\/h2>\n<p>Inspec\u021bia regulat\u0103 \u0219i \u00eentre\u021binerea preventiv\u0103 sunt cruciale pentru func\u021bionarea corect\u0103 \u0219i longevitatea cilindrului bra\u021bului. Iat\u0103 c\u00e2teva probleme frecvente \u0219i sfaturi de depanare:<\/p>\n<ul>\n<li>Scurgere de fluid hidraulic: Verifica\u021bi corpul cilindrului \u0219i componentele de etan\u0219are pentru a depista eventualele deterior\u0103ri sau uzur\u0103 \u0219i \u00eenlocui\u021bi-le \u00een timp util.<\/li>\n<li>Zgomot anormal \u00een timpul func\u021bion\u0103rii: Verifica\u021bi dac\u0103 exist\u0103 deterior\u0103ri sau murd\u0103rie la cilindru \u0219i cur\u0103\u021ba\u021bi-l sau repara\u021bi-l dup\u0103 cum este necesar.<\/li>\n<li>Performan\u021b\u0103 slab\u0103 sau defec\u021biune: Verifica\u021bi dac\u0103 sistemul hidraulic \u0219i cilindrul prezint\u0103 deterior\u0103ri sau blocaje \u0219i repara\u021bi-le sau \u00eenlocui\u021bi-le dup\u0103 cum este necesar.<\/li>\n<\/ul>\n<p>M\u0103surile preventive includ inspec\u021bia \u0219i \u00eentre\u021binerea regulat\u0103, cur\u0103\u021barea \u0219i lubrifierea cilindrului, precum \u0219i utilizarea \u0219i manipularea corect\u0103 a echipamentului pentru a evita deteriorarea sau accidentele.<\/p>\n<h2>Ghid de instalare<\/h2>\n<p>Instalarea corect\u0103 a cilindrului bra\u021bului este crucial\u0103 pentru func\u021bionarea corect\u0103 \u0219i siguran\u021ba acestuia. Iat\u0103 c\u00e2teva instruc\u021biuni generale pentru instalare:<\/p>\n<ol>\n<li>Preg\u0103ti\u021bi suprafa\u021ba de montare \u0219i asigura\u021bi-v\u0103 c\u0103 este plan\u0103 \u0219i curat\u0103.<\/li>\n<li>Ata\u0219a\u021bi cilindrul la suprafa\u021ba de montare folosind \u0219uruburi sau console adecvate, asigur\u00e2nd o fixare str\u00e2ns\u0103 \u0219i sigur\u0103.<\/li>\n<li>Conecta\u021bi furtunurile \u0219i racordurile hidraulice la cilindru, asigur\u00e2ndu-v\u0103 c\u0103 sunt aliniate \u0219i str\u00e2nse corect.<\/li>\n<li>Testa\u021bi cilindrul pentru func\u021bionare corect\u0103 \u0219i verifica\u021bi dac\u0103 exist\u0103 scurgeri sau anomalii.<\/li>\n<\/ol>\n<p><img decoding=\"async\" src=\"https:\/\/www.hydraulic-cylinders.net\/wp-content\/uploads\/2025\/01\/songte-bushings-with-all-kinds-of-excavator-models.webp\"><\/p>\n<h2>Considera\u021bii privind siguran\u021ba \u0219i mediul<\/h2>\n<p>Cilindrul bra\u021bului trebuie manipulat \u0219i ac\u021bionat cu m\u0103suri de siguran\u021b\u0103 adecvate pentru a preveni accidentele sau v\u0103t\u0103m\u0103rile corporale. Fluidul hidraulic utilizat \u00een cilindru trebuie eliminat corespunz\u0103tor pentru a evita contaminarea mediului.<\/p>\n<h2>Despre noi<\/h2>\n<p>Suntem un produc\u0103tor profesionist de cilindri hidraulici de schimb, cu o gam\u0103 larg\u0103 de produse \u0219i unul dintre principalii produc\u0103tori \u0219i distribuitori angro de cilindri hidraulici pe pie\u021bele interne \u0219i interna\u021bionale. Respect\u0103m \u00eentotdeauna principiul calit\u0103\u021bii excelente, ne baz\u0103m pe strategii industrializate de management al produc\u021biei \u00een ateliere de produc\u021bie fin\u0103, ne \u00eembun\u0103t\u0103\u021bim continuu nivelul tehnic \u0219i eficien\u021ba produc\u021biei \u0219i avem capacit\u0103\u021bi puternice de inovare. Scopul nostru este de a satisface nevoile diverse ale clien\u021bilor cu principiile eficien\u021bei, preciziei \u0219i calit\u0103\u021bii \u00eenalte.<\/p>\n<p>Oferim servicii profesionale \u0219i personalizate, cu certific\u0103ri interna\u021bionale \u0219i echipamente de produc\u021bie avansate, precum \u0219i servicii complete post-v\u00e2nzare. Ne angaj\u0103m s\u0103 oferim clien\u021bilor no\u0219tri produse \u0219i servicii de \u00eenalt\u0103 calitate.<\/p>\n<p><img decoding=\"async\" src=\"https:\/\/www.hydraulic-cylinders.net\/wp-content\/uploads\/2025\/01\/songte-company-4.webp\"><br \/>\n<img decoding=\"async\" src=\"https:\/\/www.hydraulic-cylinders.net\/wp-content\/uploads\/2025\/01\/songte-company-3.webp\"><\/p>\n<p>Autor: lyl.<\/p>","protected":false},"excerpt":{"rendered":"<p>Arm Cylinder For Case Small Excavator CX75 Introduction The Arm Cylinder for Case Small Excavator CX75 is a specially designed hydraulic cylinder that is primarily used to provide linear motion and power to the arms of various types of machinery, such as excavators, cranes, and mechanical arms. The arm cylinder plays a critical role in [&hellip;]<\/p>","protected":false},"featured_media":14779,"comment_status":"open","ping_status":"closed","template":"","meta":{"_et_pb_use_builder":"","_et_pb_old_content":"","_et_gb_content_width":""},"product_brand":[],"product_cat":[1497],"product_tag":[1498,1496],"class_list":{"0":"post-16649","1":"product","2":"type-product","3":"status-publish","4":"has-post-thumbnail","6":"product_cat-arm-cylinders","7":"product_tag-arm-cylinders","8":"product_tag-hydraulic-cylinders","10":"first","11":"instock","12":"shipping-taxable","13":"product-type-simple"},"amp_enabled":true,"_links":{"self":[{"href":"https:\/\/www.hydraulic-cylinders.net\/ro\/wp-json\/wp\/v2\/product\/16649","targetHints":{"allow":["GET"]}}],"collection":[{"href":"https:\/\/www.hydraulic-cylinders.net\/ro\/wp-json\/wp\/v2\/product"}],"about":[{"href":"https:\/\/www.hydraulic-cylinders.net\/ro\/wp-json\/wp\/v2\/types\/product"}],"replies":[{"embeddable":true,"href":"https:\/\/www.hydraulic-cylinders.net\/ro\/wp-json\/wp\/v2\/comments?post=16649"}],"wp:featuredmedia":[{"embeddable":true,"href":"https:\/\/www.hydraulic-cylinders.net\/ro\/wp-json\/wp\/v2\/media\/14779"}],"wp:attachment":[{"href":"https:\/\/www.hydraulic-cylinders.net\/ro\/wp-json\/wp\/v2\/media?parent=16649"}],"wp:term":[{"taxonomy":"product_brand","embeddable":true,"href":"https:\/\/www.hydraulic-cylinders.net\/ro\/wp-json\/wp\/v2\/product_brand?post=16649"},{"taxonomy":"product_cat","embeddable":true,"href":"https:\/\/www.hydraulic-cylinders.net\/ro\/wp-json\/wp\/v2\/product_cat?post=16649"},{"taxonomy":"product_tag","embeddable":true,"href":"https:\/\/www.hydraulic-cylinders.net\/ro\/wp-json\/wp\/v2\/product_tag?post=16649"}],"curies":[{"name":"wp","href":"https:\/\/api.w.org\/{rel}","templated":true}]}}