{"id":16659,"date":"2025-01-21T05:44:51","date_gmt":"2025-01-21T05:44:51","guid":{"rendered":"https:\/\/www.hydraulic-cylinders.net\/product\/arm-cylinder-for-case-large-excavator-cx360bhr\/"},"modified":"2025-01-21T05:44:53","modified_gmt":"2025-01-21T05:44:53","slug":"arm-cylinder-for-case-large-excavator-cx360bhr","status":"publish","type":"product","link":"https:\/\/www.hydraulic-cylinders.net\/ro\/produs\/arm-cylinder-for-case-large-excavator-cx360bhr\/","title":{"rendered":"Cilindru de bra\u021b pentru excavatorul mare Case CX360BHR"},"content":{"rendered":"<p>Cilindru de bra\u021b pentru excavatorul mare Case CX360BHR<\/p>\n<p>Introducere<\/p>\n<p>Cilindrul bra\u021bului este un cilindru hidraulic specializat, utilizat \u00een principal pentru a asigura mi\u0219carea liniar\u0103 \u0219i puterea bra\u021belor diferitelor utilaje, cum ar fi excavatoarele, macaralele \u0219i bra\u021bele mecanice. Cilindrul bra\u021bului joac\u0103 un rol cheie \u00een sistemul hidraulic, permi\u021b\u00e2nd mi\u0219carea \u0219i controlul eficient al uneltelor sau ata\u0219amentelor suplimentare. Ace\u0219ti cilindri nu numai c\u0103 permit o mi\u0219care lin\u0103, dar rezist\u0103 \u0219i la sarcini grele, asigur\u00e2nd func\u021bionarea eficient\u0103 \u0219i fiabilitatea utilajelor \u00een diverse condi\u021bii de func\u021bionare.<\/p>\n<p>Defini\u021bie \u0219i explica\u021bie<\/p>\n<p>Cilindrul bra\u021bului este un cilindru hidraulic special conceput pentru a oferi mi\u0219care liniar\u0103 \u0219i putere diverselor bra\u021be ale utilajelor. Ace\u0219ti cilindri sunt componente cruciale ale sistemului hidraulic \u0219i sunt responsabili pentru controlul mi\u0219c\u0103rii ata\u0219amentelor \u0219i uneltelor. Cilindrii bra\u021bului sunt fabrica\u021bi din materiale de \u00eenalt\u0103 rezisten\u021b\u0103 \u0219i sunt incredibil de durabili, ceea ce \u00eei face ideali pentru utilizarea \u00een medii dure de operare.<\/p>\n<p>Caracteristici<\/p>\n<p>1. Transmisie de putere de \u00eenalt\u0103 eficien\u021b\u0103 \u2013 Cilindrul bra\u021bului ofer\u0103 o mi\u0219care liniar\u0103 \u0219i o for\u021b\u0103 puternice, asigur\u00e2nd o eficien\u021b\u0103 de \u00eenalt\u0103 performan\u021b\u0103 a bra\u021bului mecanic \u00een diverse opera\u021biuni.<\/p>\n<p>2. Control precis \u2013 Cilindrul bra\u021bului permite controlul precis al mi\u0219c\u0103rii uneltelor suplimentare prin intermediul sistemului hidraulic, ceea ce face ca func\u021bionarea uneltelor s\u0103 fie mai flexibil\u0103 \u0219i mai precis\u0103.<\/p>\n<p>3. Durabilitate ridicat\u0103 \u2013 Cilindrii bra\u021bului sunt de obicei fabrica\u021bi din materiale de \u00eenalt\u0103 rezisten\u021b\u0103, care au o bun\u0103 rezisten\u021b\u0103 la uzur\u0103 \u0219i la coroziune, ceea ce \u00eei face potrivi\u021bi pentru utilizarea pe termen lung \u00een medii dure.<\/p>\n<p>4. Adaptabilitate multifunc\u021bional\u0103 \u2013 Ace\u0219ti cilindri pot fi utiliza\u021bi pe scar\u0103 larg\u0103 \u00een diverse echipamente, cum ar fi excavatoare, macarale \u0219i bra\u021be mecanice, pentru a satisface diferite nevoi de lucru.<\/p>\n<p>5. \u00centre\u021binere u\u0219oar\u0103 \u2013 Designul cilindrului bra\u021bului ia \u00een considerare u\u0219urin\u021ba \u00eentre\u021binerii \u0219i \u00eenlocuirii, ceea ce face ca inspec\u021bia \u0219i \u00eentre\u021binerea regulat\u0103 s\u0103 fie mai convenabile \u0219i reduce timpul de nefunc\u021bionare a echipamentelor.<\/p>\n<p>Produc\u021bie<\/p>\n<p>Fabric\u0103m cilindri hidraulici care pot \u00eenlocui perfect ace\u0219ti cilindri hidraulici. Produsele noastre sunt fabricate cu o calitate \u0219i o precizie excelente, asigur\u00e2nd func\u021bionarea fiabil\u0103 \u0219i eficient\u0103 a utilajelor.<\/p>\n<p>Aplica\u021bii<\/p>\n<p>1. Construc\u021bii de cl\u0103diri \u2013 La excavatoare \u0219i macarale, cilindrul bra\u021bului este utilizat pentru a controla mi\u0219carea cupei sau a palanului pentru lucr\u0103ri de terasament, manipularea materialelor \u0219i instalarea structurilor.<\/p>\n<p>2. Fabrica\u021bie \u2013 \u00cen liniile de produc\u021bie automatizate, cilindrul bra\u021bului este utilizat pentru mi\u0219carea bra\u021belor mecanice \u00een procesele de asamblare, sudare \u0219i manipulare, cresc\u00e2nd eficien\u021ba \u0219i precizia produc\u021biei.<\/p>\n<p>3. Ma\u0219ini agricole \u2013 \u00cen cazul ma\u0219inilor agricole, cum ar fi combinele de recoltat \u0219i sem\u0103n\u0103toarele, cilindrul bra\u021bului controleaz\u0103 mi\u0219carea bra\u021bului de operare, efectu\u00e2nd sarcini precum plantarea, fertilizarea \u0219i recoltarea.<\/p>\n<p>4. Minerit \u2013 \u00cen echipamentele miniere, cilindrul bra\u021bului este utilizat pentru a controla mi\u0219carea bra\u021bului echipamentelor miniere pentru extrac\u021bia \u0219i transportul minereului.<\/p>\n<p>5. Logistic\u0103 \u0219i transport \u2013 \u00cen cazul stivuitoarelor \u0219i robo\u021bilor de manipulare, cilindrul bra\u021bului este utilizat pentru a controla ridicarea \u0219i mi\u0219carea \u00eenc\u0103rc\u0103turii, realiz\u00e2nd manipularea \u0219i stivuirea materialelor.<\/p>\n<p>Considera\u021bii de proiectare \u0219i criterii de selec\u021bie<\/p>\n<p>1. Capacitate portant\u0103 \u2013 Capacitatea portant\u0103 a cilindrului bra\u021bului trebuie s\u0103 poat\u0103 suporta greutatea echipamentului \u0219i a uneltelor sau ata\u0219amentelor suplimentare.<\/p>\n<p>2. Etan\u0219are \u2013 Cilindrul bra\u021bului necesit\u0103 diverse etan\u0219\u0103ri, cum ar fi etan\u0219\u0103rile pistonului \u0219i etan\u0219\u0103rile tijei, pentru a preveni scurgerile de fluid hidraulic \u0219i a asigura func\u021bionarea corect\u0103.<\/p>\n<p>3. Durabilitate \u2013 Cilindrul bra\u021bului trebuie s\u0103 fie fabricat din materiale de \u00eenalt\u0103 calitate, care s\u0103 reziste condi\u021biilor dure de func\u021bionare \u0219i utiliz\u0103rii frecvente.<\/p>\n<p>4. Siguran\u021b\u0103 \u2013 Cilindrul bra\u021bului trebuie proiectat av\u00e2nd \u00een vedere siguran\u021ba, asigur\u00e2ndu-se c\u0103 nu exist\u0103 defec\u021biuni sau func\u021bionare defectuoas\u0103 \u00een timpul func\u021bion\u0103rii.<\/p>\n<p>5. \u00centre\u021binere \u2013 Cilindrul bra\u021bului trebuie s\u0103 fie u\u0219or de \u00eentre\u021binut \u0219i reparat, cu componente care pot fi u\u0219or disponibile pentru \u00eenlocuire sau reparare.<\/p>\n<p>Etan\u0219are \u0219i lubrifiere<\/p>\n<p>Cilindrul bra\u021bului utilizeaz\u0103 diverse componente de etan\u0219are, cum ar fi etan\u0219\u0103rile pistonului \u0219i etan\u0219\u0103rile tijei, care sunt fabricate din materiale rezistente la uzur\u0103, cum ar fi poliuretanul \u0219i cauciucul nitrilic. Corpul cilindrului \u0219i suprafe\u021bele filetate ale cap\u0103tului sunt prelucrate fin pentru a \u00eembun\u0103t\u0103\u021bi rezisten\u021ba la uzur\u0103. Ad\u0103ugarea regulat\u0103 a unei cantit\u0103\u021bi adecvate de ulei hidraulic poate asigura o func\u021bionare f\u0103r\u0103 probleme a cilindrului.<\/p>\n<p>\u00centre\u021binere \u0219i m\u0103suri preventive<\/p>\n<p>Inspec\u021bia, \u00eentre\u021binerea \u0219i m\u0103surile preventive regulate sunt esen\u021biale pentru a prelungi durata de via\u021b\u0103 a cilindrului bra\u021bului \u0219i a preveni deteriorarea. Men\u021binerea unor niveluri adecvate de lubrifiere, \u00eenlocuirea garniturilor uzate \u0219i cur\u0103\u021barea sistemului hidraulic sunt toate cruciale.<\/p>\n<p>Ghid de instalare<\/p>\n<p>1. Pozi\u021biona\u021bi cilindrul conform specifica\u021biilor echipamentului.<\/p>\n<p>2. Conecta\u021bi furtunurile hidraulice la cilindru \u0219i la sistemul hidraulic.<\/p>\n<p>3. Verifica\u021bi dac\u0103 exist\u0103 scurgeri la sistemul hidraulic.<\/p>\n<p>4. Testa\u021bi echipamentul pentru a asigura func\u021bionarea corect\u0103.<\/p>\n<p>Considera\u021bii de siguran\u021b\u0103 \u0219i factori de mediu<\/p>\n<p>La instalarea \u0219i operarea cilindrului bra\u021bului trebuie respectate m\u0103suri de siguran\u021b\u0103. Factorii de mediu, cum ar fi temperatura \u0219i umiditatea, trebuie, de asemenea, lua\u021bi \u00een considerare pentru a asigura func\u021bionarea corect\u0103 \u0219i a evita deteriorarea.<\/p>\n<p>Depanare \u0219i probleme frecvente<\/p>\n<p>Problemele frecvente ale cilindrilor bra\u021bului pot include scurgeri, putere insuficient\u0103 \u0219i mi\u0219care lent\u0103. Aceste probleme pot fi rezolvate prin verificarea \u0219i \u00eenlocuirea garniturilor uzate, reglarea presiunii sistemului hidraulic sau cur\u0103\u021barea sistemului hidraulic.<\/p>\n<p>Concluzie<\/p>\n<p>Suntem un produc\u0103tor profesionist de cilindri hidraulici cu o gam\u0103 larg\u0103 de produse. Am devenit unul dintre principalii produc\u0103tori \u0219i distribuitori angro de cilindri hidraulici pe pie\u021bele interne \u0219i interna\u021bionale. Respect\u0103m \u00eentotdeauna principiul calit\u0103\u021bii excelente, ne \u00eembun\u0103t\u0103\u021bim continuu eficien\u021ba produc\u021biei \u0219i nivelul tehnologic \u0219i oferim servicii personalizate clien\u021bilor no\u0219tri.<\/p>\n<p>Produsele noastre sunt certificate interna\u021bional \u0219i avem o echip\u0103 de servicii post-v\u00e2nzare profesional\u0103 \u0219i eficient\u0103, care poate oferi servicii prompte \u0219i complete clien\u021bilor no\u0219tri. Folosim echipamente de produc\u021bie avansate \u0219i sisteme de testare pentru a asigura \u00een mod constant calitatea produselor noastre.<\/p>\n<p>Autor: lyl<\/p>","protected":false},"excerpt":{"rendered":"<p>Arm Cylinder For Case Large Excavator CX360BHR Introduction The arm cylinder is a specialized hydraulic cylinder that is primarily used to provide linear motion and power for the arms of various machinery, such as excavators, cranes, and mechanical arms. The arm cylinder plays a key role in the hydraulic system, allowing for effective movement and [&hellip;]<\/p>","protected":false},"featured_media":14779,"comment_status":"open","ping_status":"closed","template":"","meta":{"_et_pb_use_builder":"","_et_pb_old_content":"","_et_gb_content_width":""},"product_brand":[],"product_cat":[1497],"product_tag":[1498,1496],"class_list":{"0":"post-16659","1":"product","2":"type-product","3":"status-publish","4":"has-post-thumbnail","6":"product_cat-arm-cylinders","7":"product_tag-arm-cylinders","8":"product_tag-hydraulic-cylinders","10":"first","11":"instock","12":"shipping-taxable","13":"product-type-simple"},"amp_enabled":true,"_links":{"self":[{"href":"https:\/\/www.hydraulic-cylinders.net\/ro\/wp-json\/wp\/v2\/product\/16659","targetHints":{"allow":["GET"]}}],"collection":[{"href":"https:\/\/www.hydraulic-cylinders.net\/ro\/wp-json\/wp\/v2\/product"}],"about":[{"href":"https:\/\/www.hydraulic-cylinders.net\/ro\/wp-json\/wp\/v2\/types\/product"}],"replies":[{"embeddable":true,"href":"https:\/\/www.hydraulic-cylinders.net\/ro\/wp-json\/wp\/v2\/comments?post=16659"}],"wp:featuredmedia":[{"embeddable":true,"href":"https:\/\/www.hydraulic-cylinders.net\/ro\/wp-json\/wp\/v2\/media\/14779"}],"wp:attachment":[{"href":"https:\/\/www.hydraulic-cylinders.net\/ro\/wp-json\/wp\/v2\/media?parent=16659"}],"wp:term":[{"taxonomy":"product_brand","embeddable":true,"href":"https:\/\/www.hydraulic-cylinders.net\/ro\/wp-json\/wp\/v2\/product_brand?post=16659"},{"taxonomy":"product_cat","embeddable":true,"href":"https:\/\/www.hydraulic-cylinders.net\/ro\/wp-json\/wp\/v2\/product_cat?post=16659"},{"taxonomy":"product_tag","embeddable":true,"href":"https:\/\/www.hydraulic-cylinders.net\/ro\/wp-json\/wp\/v2\/product_tag?post=16659"}],"curies":[{"name":"wp","href":"https:\/\/api.w.org\/{rel}","templated":true}]}}