{"id":16661,"date":"2025-01-21T05:44:58","date_gmt":"2025-01-21T05:44:58","guid":{"rendered":"https:\/\/www.hydraulic-cylinders.net\/product\/arm-cylinder-for-case-wheel-excavator-wx168\/"},"modified":"2025-01-21T05:45:13","modified_gmt":"2025-01-21T05:45:13","slug":"arm-cylinder-for-case-wheel-excavator-wx168","status":"publish","type":"product","link":"https:\/\/www.hydraulic-cylinders.net\/ro\/produs\/arm-cylinder-for-case-wheel-excavator-wx168\/","title":{"rendered":"Cilindru de bra\u021b pentru excavatorul cu ro\u021bi Case WX168"},"content":{"rendered":"<h1>Cilindru de bra\u021b pentru excavatorul cu ro\u021bi Case WX168<\/h1>\n<h2>Introducere<\/h2>\n<p>Un cilindru de bra\u021b este un cilindru hidraulic special conceput, utilizat \u00een principal pentru a oferi mi\u0219care liniar\u0103 \u0219i putere bra\u021belor diferitelor tipuri de utilaje, cum ar fi excavatoare, macarale \u0219i manipulatoare. Cilindrul de bra\u021b joac\u0103 un rol crucial \u00een sistemul hidraulic, permi\u021b\u00e2nd mi\u0219c\u0103rii \u0219i control\u0103rii eficiente a uneltelor sau ata\u0219amentelor suplimentare. Ace\u0219ti cilindri nu numai c\u0103 ofer\u0103 o mi\u0219care lin\u0103, dar suport\u0103 \u0219i sarcini grele, asigur\u00e2nd func\u021bionarea eficient\u0103 \u0219i fiabilitatea utilajelor \u00een diverse condi\u021bii de func\u021bionare.<\/p>\n<p><img decoding=\"async\" src=\"https:\/\/www.hydraulic-cylinders.net\/wp-content\/uploads\/2025\/01\/songte-company-2.webp\" alt=\"Cilindru de bra\u021b pentru excavatorul cu ro\u021bi Case WX168\"><\/p>\n<h2>Caracteristici<\/h2>\n<ul>\n<li>Transmisie de putere extrem de eficient\u0103: Cilindrul bra\u021bului ofer\u0103 o mi\u0219care liniar\u0103 puternic\u0103 \u0219i o for\u021b\u0103 puternic\u0103, asigur\u00e2nd performan\u021be ridicate ale bra\u021bului ma\u0219inii \u00een diverse opera\u021biuni.<\/li>\n<li>Control precis: Prin intermediul sistemului hidraulic, cilindrul bra\u021bului poate realiza un control precis al mi\u0219c\u0103rii, ceea ce face ca func\u021bionarea uneltelor suplimentare s\u0103 fie mai flexibil\u0103 \u0219i mai precis\u0103.<\/li>\n<li>Durabilitate mare: Cilindrii bra\u021bului sunt de obicei fabrica\u021bi din materiale de \u00eenalt\u0103 rezisten\u021b\u0103 \u0219i au o bun\u0103 rezisten\u021b\u0103 la uzur\u0103 \u0219i coroziune, ceea ce \u00eei face potrivi\u021bi pentru utilizare pe termen lung \u00een medii dure.<\/li>\n<li>Adaptabilitate func\u021bional\u0103 multipl\u0103: Ace\u0219ti cilindri pot fi utiliza\u021bi pe scar\u0103 larg\u0103 \u00een diverse echipamente mecanice, cum ar fi excavatoare, macarale \u0219i manipulatoare, adapt\u00e2ndu-se la diferite cerin\u021be de lucru.<\/li>\n<li>\u00centre\u021binere u\u0219oar\u0103: S-a acordat aten\u021bie u\u0219urin\u021bei \u00een \u00eentre\u021binere \u0219i \u00eenlocuire, ceea ce face ca verific\u0103rile \u0219i \u00eentre\u021binerea regulat\u0103 s\u0103 fie mai convenabile \u0219i reduce timpul de nefunc\u021bionare a echipamentelor.<\/li>\n<\/ul>\n<p>Putem produce acest produs, iar produsul nostru poate \u00eenlocui perfect ace\u0219ti cilindri hidraulici.<\/p>\n<p><img decoding=\"async\" src=\"https:\/\/www.hydraulic-cylinders.net\/wp-content\/uploads\/2025\/01\/songte-oil-pipes-and-spare-parts.webp\" alt=\"Cilindru de bra\u021b pentru excavatorul cu ro\u021bi Case WX168\"><\/p>\n<h2>Aplica\u021bii<\/h2>\n<p>Cilindrul cu bra\u021b are o gam\u0103 larg\u0103 de aplica\u021bii \u00een diverse industrii:<\/p>\n<ul>\n<li>Inginerie de construc\u021bii: La excavatoare \u0219i macarale, cilindrul bra\u021bului este utilizat pentru a controla mi\u0219carea lope\u021bilor sau a bra\u021belor pentru lucr\u0103ri de terasament, manipularea materialelor \u0219i instalarea structural\u0103.<\/li>\n<li>Fabrica\u021bie: \u00cen liniile de produc\u021bie automatizate, cilindrul bra\u021bului este utilizat pentru mi\u0219carea manipulatoarelor, asamblare, sudare \u0219i procese de manipulare pentru a \u00eembun\u0103t\u0103\u021bi eficien\u021ba \u0219i precizia produc\u021biei.<\/li>\n<li>Ma\u0219ini agricole: \u00cen cazul ma\u0219inilor agricole, cum ar fi combinele de recoltat \u0219i sem\u0103n\u0103toarele, cilindrul bra\u021bului controleaz\u0103 mi\u0219carea bra\u021belor de operare pentru sarcini precum sem\u0103natul, fertilizarea \u0219i recoltarea.<\/li>\n<li>Minerit: \u00cen echipamentele miniere, cilindrul bra\u021bului este utilizat pentru a controla mi\u0219carea bra\u021bului echipamentelor miniere pentru mineritul \u0219i manipularea minereurilor.<\/li>\n<li>Logistic\u0103 \u0219i transport: \u00cen cazul stivuitoarelor \u0219i robo\u021bilor de manipulare, cilindrul bra\u021bului este utilizat pentru a controla ridicarea \u0219i mi\u0219carea furcilor, realiz\u00e2nd manipularea \u0219i stivuirea materialelor.<\/li>\n<\/ul>\n<h2>Considera\u021bii de proiectare \u0219i standarde de selec\u021bie<\/h2>\n<ul>\n<li>Capacitate portant\u0103: Capacitatea portant\u0103 a cilindrului bra\u021bului trebuie s\u0103 poat\u0103 suporta sarcina maxim\u0103 la care ar putea fi supus\u0103 utilajul \u00een timpul func\u021bion\u0103rii.<\/li>\n<li>Etan\u0219are: Se utilizeaz\u0103 diverse componente de etan\u0219are, cum ar fi inelele de etan\u0219are ale pistonului \u0219i inelele de etan\u0219are ale tijei, care sunt fabricate din materiale rezistente la uzur\u0103, cum ar fi poliuretanul \u0219i cauciucul nitrilic. Corpul cilindrului \u0219i suprafe\u021bele filetate ale cap\u0103tului sunt prelucrate fin pentru a \u00eembun\u0103t\u0103\u021bi rezisten\u021ba la uzur\u0103. <\/li>\n<li>Durabilitate: Materialul de \u00eenalt\u0103 rezisten\u021b\u0103 al cilindrului bra\u021bului \u0219i rezisten\u021ba bun\u0103 la uzur\u0103 \u0219i coroziune asigur\u0103 durabilitatea acestuia \u00een condi\u021bii dure de mediu.<\/li>\n<li>Siguran\u021b\u0103: \u00cen sistemul hidraulic trebuie instalate dispozitive de siguran\u021b\u0103, cum ar fi supapele de siguran\u021b\u0103, pentru a preveni supra\u00eenc\u0103rcarea \u0219i a asigura func\u021bionarea \u00een siguran\u021b\u0103.<\/li>\n<li>\u00centre\u021binere: Designul cilindrului bra\u021bului trebuie luat \u00een considerare pentru o \u00eentre\u021binere \u0219i \u00eenlocuire u\u0219oar\u0103, asigur\u00e2nd c\u0103 verific\u0103rile \u0219i \u00eentre\u021binerea regulat\u0103 sunt convenabile \u0219i reduc\u00e2nd timpul de nefunc\u021bionare a echipamentelor.<\/li>\n<\/ul>\n<p><img decoding=\"async\" src=\"https:\/\/www.hydraulic-cylinders.net\/wp-content\/uploads\/2025\/01\/songte-cylinder-head-with-all-kinds-excavator-models.webp\" alt=\"Cilindru de bra\u021b pentru excavatorul cu ro\u021bi Case WX168\"><\/p>\n<h2>Etan\u0219are \u0219i lubrifiere<\/h2>\n<p>Cilindrul bra\u021bului utilizeaz\u0103 diverse componente de etan\u0219are, cum ar fi inele de etan\u0219are a pistonului \u0219i inele de etan\u0219are a tijei, care sunt fabricate din materiale rezistente la uzur\u0103, cum ar fi poliuretanul \u0219i cauciucul nitrilic. Corpul cilindrului \u0219i suprafe\u021bele filetate ale cap\u0103tului sunt prelucrate fin pentru a \u00eembun\u0103t\u0103\u021bi rezisten\u021ba la uzur\u0103. De asemenea, cilindrul trebuie lubrifiat periodic cu o cantitate adecvat\u0103 de ulei hidraulic pentru a asigura o func\u021bionare f\u0103r\u0103 probleme.<\/p>\n<p><img decoding=\"async\" src=\"https:\/\/www.hydraulic-cylinders.net\/wp-content\/uploads\/2025\/01\/songte-chushion-collar.webp\" alt=\"Cilindru de bra\u021b pentru excavatorul cu ro\u021bi Case WX168\"><\/p>\n<h2>Inspec\u021bie regulat\u0103 \u0219i \u00eentre\u021binere preventiv\u0103<\/h2>\n<ul>\n<li>Inspec\u021bia regulat\u0103 a cilindrului bra\u021bului pentru a verifica dac\u0103 exist\u0103 scurgeri \u0219i deterior\u0103ri ale garniturilor sau corpului.<\/li>\n<li>\u00cenlocuirea componentelor uzate sau deteriorate, cum ar fi inelele de etan\u0219are ale pistonului sau inelele de etan\u0219are ale tijei.<\/li>\n<li>Verificarea \u0219i \u00eenlocuirea uleiului hidraulic pentru a men\u021bine nivelul corect de lubrifiere.<\/li>\n<li>Asigurarea c\u0103 supapele de siguran\u021b\u0103 ale sistemului hidraulic sunt \u00een stare bun\u0103 \u0219i func\u021bioneaz\u0103 conform destina\u021biei.<\/li>\n<\/ul>\n<h2>Ghid de instalare<\/h2>\n<p>Consulta\u021bi instruc\u021biunile produc\u0103torului pentru instalarea cilindrului bra\u021bului. Asigura\u021bi-v\u0103 c\u0103 sistemul hidraulic este oprit \u00eenainte de instalare \u0219i c\u0103 toate componentele sunt str\u00e2nse la cuplul recomandat. Dup\u0103 instalare, testa\u021bi func\u021bionarea cilindrului pentru a asigura buna func\u021bionare.<\/p>\n<p><img decoding=\"async\" src=\"https:\/\/www.hydraulic-cylinders.net\/wp-content\/uploads\/2025\/01\/songte-bushings-with-all-kinds-of-excavator-models.webp\" alt=\"Cilindru de bra\u021b pentru excavatorul cu ro\u021bi Case WX168\"><\/p>\n<h2>Considera\u021bii de siguran\u021b\u0103 \u0219i factori de mediu<\/h2>\n<p>M\u0103surile de siguran\u021b\u0103 sunt cruciale atunci c\u00e2nd se opereaz\u0103 utilaje cu sisteme hidraulice, inclusiv cilindrul bra\u021bului. Dispozitivele de siguran\u021b\u0103, cum ar fi supapele de siguran\u021b\u0103, trebuie instalate \u00een sistemul hidraulic pentru a preveni supra\u00eenc\u0103rcarea \u0219i a asigura func\u021bionarea \u00een siguran\u021b\u0103. \u00cen ceea ce prive\u0219te factorii de mediu, cilindrul bra\u021bului trebuie eliminat sau reciclat \u00een mod corespunz\u0103tor pentru a evita deteriorarea mediului.<\/p>\n<h2>Depanare \u0219i probleme frecvente<\/h2>\n<p>Problemele frecvente ale cilindrului bra\u021bului includ scurgeri de ulei \u0219i o sc\u0103dere a performan\u021bei cauzat\u0103 de garnituri uzate sau alte componente deteriorate. Dac\u0103 apar astfel de probleme, consulta\u021bi instruc\u021biunile produc\u0103torului pentru a diagnostica \u0219i rezolva problema.<\/p>\n<h2>Concluzie<\/h2>\n<p>Suntem un produc\u0103tor profesionist de cilindri hidraulici de schimb, iar produsele noastre au \u00eenlocuit o gam\u0103 larg\u0103 de cilindri hidraulici. Produsele noastre sunt bogate \u00een varietate \u0219i au devenit unul dintre principalii produc\u0103tori \u0219i distribuitori angro de cilindri hidraulici pe pie\u021bele interne \u0219i interna\u021bionale. Ader\u0103m \u00een mod constant la principiul excelen\u021bei \u00een calitate, \u00eembun\u0103t\u0103\u021bind continuu tehnologia \u0219i eficien\u021ba produc\u021biei noastre. Prin introducerea de echipamente digitale de fabrica\u021bie de ultim\u0103 genera\u021bie \u0219i sisteme profesionale de testare, optimiz\u0103m platforma noastr\u0103 de fabrica\u021bie \u0219i \u00eembun\u0103t\u0103\u021bim procesul de control al calit\u0103\u021bii produselor noastre, ceea ce ne face o companie extrem de inovatoare. Scopul nostru este de a satisface nevoile diverse ale clien\u021bilor no\u0219tri cu eficien\u021b\u0103 ridicat\u0103, precizie \u0219i produse de \u00eenalt\u0103 calitate.<\/p>\n<p><img decoding=\"async\" src=\"https:\/\/www.hydraulic-cylinders.net\/wp-content\/uploads\/2025\/01\/songte-company-4.webp\" alt=\"Cilindru de bra\u021b pentru excavatorul cu ro\u021bi Case WX168\"><br \/>\n<img decoding=\"async\" src=\"https:\/\/www.hydraulic-cylinders.net\/wp-content\/uploads\/2025\/01\/songte-company-3.webp\" alt=\"Cilindru de bra\u021b pentru excavatorul cu ro\u021bi Case WX168\"><\/p>\n<p>Autor: lyl.<\/p>","protected":false},"excerpt":{"rendered":"<p>Arm Cylinder For Case Wheel Excavator WX168 Introduction An arm cylinder is a specially designed hydraulic cylinder that is primarily used to provide linear motion and power to the arms of various types of machinery such as excavators, cranes, and manipulators. The arm cylinder plays a crucial role in the hydraulic system, enabling additional tools [&hellip;]<\/p>","protected":false},"featured_media":14774,"comment_status":"open","ping_status":"closed","template":"","meta":{"_et_pb_use_builder":"","_et_pb_old_content":"","_et_gb_content_width":""},"product_brand":[],"product_cat":[1497],"product_tag":[1498,1496],"class_list":{"0":"post-16661","1":"product","2":"type-product","3":"status-publish","4":"has-post-thumbnail","6":"product_cat-arm-cylinders","7":"product_tag-arm-cylinders","8":"product_tag-hydraulic-cylinders","10":"first","11":"instock","12":"shipping-taxable","13":"product-type-simple"},"amp_enabled":true,"_links":{"self":[{"href":"https:\/\/www.hydraulic-cylinders.net\/ro\/wp-json\/wp\/v2\/product\/16661","targetHints":{"allow":["GET"]}}],"collection":[{"href":"https:\/\/www.hydraulic-cylinders.net\/ro\/wp-json\/wp\/v2\/product"}],"about":[{"href":"https:\/\/www.hydraulic-cylinders.net\/ro\/wp-json\/wp\/v2\/types\/product"}],"replies":[{"embeddable":true,"href":"https:\/\/www.hydraulic-cylinders.net\/ro\/wp-json\/wp\/v2\/comments?post=16661"}],"wp:featuredmedia":[{"embeddable":true,"href":"https:\/\/www.hydraulic-cylinders.net\/ro\/wp-json\/wp\/v2\/media\/14774"}],"wp:attachment":[{"href":"https:\/\/www.hydraulic-cylinders.net\/ro\/wp-json\/wp\/v2\/media?parent=16661"}],"wp:term":[{"taxonomy":"product_brand","embeddable":true,"href":"https:\/\/www.hydraulic-cylinders.net\/ro\/wp-json\/wp\/v2\/product_brand?post=16661"},{"taxonomy":"product_cat","embeddable":true,"href":"https:\/\/www.hydraulic-cylinders.net\/ro\/wp-json\/wp\/v2\/product_cat?post=16661"},{"taxonomy":"product_tag","embeddable":true,"href":"https:\/\/www.hydraulic-cylinders.net\/ro\/wp-json\/wp\/v2\/product_tag?post=16661"}],"curies":[{"name":"wp","href":"https:\/\/api.w.org\/{rel}","templated":true}]}}