{"id":16687,"date":"2025-01-21T05:46:58","date_gmt":"2025-01-21T05:46:58","guid":{"rendered":"https:\/\/www.hydraulic-cylinders.net\/product\/arm-cylinder-for-jingong-wheel-type-jcm9075l\/"},"modified":"2025-01-21T05:47:00","modified_gmt":"2025-01-21T05:47:00","slug":"arm-cylinder-for-jingong-wheel-type-jcm9075l","status":"publish","type":"product","link":"https:\/\/www.hydraulic-cylinders.net\/ro\/produs\/arm-cylinder-for-jingong-wheel-type-jcm9075l\/","title":{"rendered":"Cilindru de bra\u021b pentru roat\u0103 Jingong tip JCM9075L"},"content":{"rendered":"<h1>Cilindru de bra\u021b pentru roat\u0103 Jingong tip JCM9075L<\/h1>\n<h2>Defini\u021bia produsului<\/h2>\n<p>Un cilindru de bra\u021b este un cilindru hidraulic special conceput, utilizat \u00een principal pentru a oferi mi\u0219care liniar\u0103 \u0219i putere diverselor bra\u021be de ma\u0219in\u0103, cum ar fi excavatoare, macarale \u0219i bra\u021be mecanice. Cilindrul de bra\u021b joac\u0103 un rol esen\u021bial \u00een sistemul hidraulic, permi\u021b\u00e2nd ata\u0219amentelor sau accesoriilor s\u0103 se mi\u0219te \u0219i s\u0103 fie controlate eficient. Ace\u0219ti cilindri nu numai c\u0103 realizeaz\u0103 o mi\u0219care lin\u0103, dar rezist\u0103 \u0219i la sarcini grele, asigur\u00e2nd func\u021bionarea eficient\u0103 \u0219i fiabilitatea utilajelor \u00een diverse condi\u021bii de lucru.<\/p>\n<p><img decoding=\"async\" src=\"https:\/\/www.hydraulic-cylinders.net\/wp-content\/uploads\/2025\/01\/songte-company-2.webp\"><\/p>\n<h2>Caracteristici ale produsului<\/h2>\n<h3>Transmisie de \u00eenalt\u0103 eficien\u021b\u0103<\/h3>\n<p>Cilindrul bra\u021bului poate oferi o mi\u0219care liniar\u0103 puternic\u0103 \u0219i o for\u021b\u0103, asigur\u00e2nd performan\u021be de \u00eenalt\u0103 eficien\u021b\u0103 ale bra\u021bului mecanic \u00een diverse opera\u021biuni.<\/p>\n<h3>Control precis<\/h3>\n<p>Prin intermediul sistemului hidraulic, cilindrul bra\u021bului poate realiza un control precis al mi\u0219c\u0103rii, f\u0103c\u00e2nd func\u021bionarea uneltelor ata\u0219ate mai flexibil\u0103 \u0219i mai precis\u0103.<\/p>\n<h3>Durabilitate puternic\u0103<\/h3>\n<p>Cilindrul bra\u021bului este de obicei fabricat din materiale de \u00eenalt\u0103 rezisten\u021b\u0103 \u0219i are o bun\u0103 rezisten\u021b\u0103 la uzur\u0103 \u0219i coroziune, ceea ce \u00eel face potrivit pentru utilizarea pe termen lung \u00een medii dure.<\/p>\n<h3>Adaptabilitate multifunc\u021bional\u0103<\/h3>\n<p>Ace\u0219ti cilindri pot fi utiliza\u021bi pe scar\u0103 larg\u0103 \u00een diverse tipuri de echipamente mecanice, cum ar fi excavatoare, macarale \u0219i bra\u021be mecanice, pentru a se adapta la diferite cerin\u021be de lucru.<\/p>\n<h3>\u00centre\u021binere u\u0219oar\u0103<\/h3>\n<p>Designul ia \u00een considerare u\u0219urin\u021ba \u00eentre\u021binerii \u0219i \u00eenlocuirii, ceea ce face ca inspec\u021bia \u0219i \u00eentre\u021binerea regulat\u0103 s\u0103 fie mai convenabile, reduc\u00e2nd timpul de nefunc\u021bionare a echipamentelor.<\/p>\n<p><img decoding=\"async\" src=\"https:\/\/www.hydraulic-cylinders.net\/wp-content\/uploads\/2025\/01\/songte-oil-pipes-and-spare-parts.webp\"><\/p>\n<h2>Aplica\u021bii ale produsului<\/h2>\n<h3>Inginerie de construc\u021bii<\/h3>\n<p>\u00cen excavatoare \u0219i macarale, cilindrul bra\u021bului este utilizat pentru a controla mi\u0219carea cupelor sau a bra\u021belor pentru lucr\u0103ri de terasament, manipularea materialelor \u0219i instalarea structural\u0103.<\/p>\n<h3>Industria prelucr\u0103toare<\/h3>\n<p>\u00cen liniile de produc\u021bie automatizate, cilindrul bra\u021bului este utilizat pentru mi\u0219carea bra\u021belor mecanice \u00een procesele de asamblare, sudare \u0219i manipulare, \u00eembun\u0103t\u0103\u021bind eficien\u021ba \u0219i precizia produc\u021biei.<\/p>\n<h3>Ma\u0219ini agricole<\/h3>\n<p>\u00cen utilajele agricole, cum ar fi combinele de recoltat \u0219i sem\u0103n\u0103toarele, cilindrul bra\u021bului controleaz\u0103 mi\u0219carea bra\u021bului de operare, efectu\u00e2nd sarcini precum sem\u0103natul, fertilizarea \u0219i recoltarea.<\/p>\n<h3>Industria minier\u0103<\/h3>\n<p>\u00cen echipamentele miniere, cilindrul bra\u021bului este utilizat pentru a controla mi\u0219carea bra\u021bului echipamentului minier pentru minerit \u0219i transportul mineralelor.<\/p>\n<h3>Logistic\u0103 \u0219i transporturi<\/h3>\n<p>\u00cen cazul stivuitoarelor \u0219i robo\u021bilor de manipulare, cilindrul bra\u021bului este utilizat pentru a controla ridicarea \u0219i mi\u0219carea furcilor de marf\u0103, realiz\u00e2nd manipularea \u0219i stivuirea materialelor.<\/p>\n<h2>Considera\u021bii de proiectare \u0219i criterii de selec\u021bie<\/h2>\n<h3>Capacitate portant\u0103<\/h3>\n<p>Considera\u021bia cheie pentru cilindrul bra\u021bului este capacitatea sa portant\u0103. Acesta trebuie s\u0103 poat\u0103 suporta greutatea ata\u0219amentului \u0219i orice sarcini suplimentare pe care le poate transporta.<\/p>\n<h3>Sigilare<\/h3>\n<p>Cilindrul bra\u021bului necesit\u0103 o etan\u0219are eficient\u0103 pentru a preveni scurgerile de ulei \u0219i contaminarea. Diferite tipuri de etan\u0219\u0103ri, cum ar fi etan\u0219\u0103rile pistonului \u0219i etan\u0219\u0103rile tijei, sunt utilizate pentru o etan\u0219are eficient\u0103.<\/p>\n<h3>Durabilitate<\/h3>\n<p>Cilindrul bra\u021bului este supus uzurii \u0219i trebuie s\u0103 fie fabricat din materiale de \u00eenalt\u0103 rezisten\u021b\u0103, rezistente la uzur\u0103, coroziune \u0219i abraziune.<\/p>\n<h3>Siguran\u0163\u0103<\/h3>\n<p>Cilindrul bra\u021bului trebuie proiectat \u0219i fabricat pentru a \u00eendeplini standardele de siguran\u021b\u0103, asigur\u00e2ndu-se c\u0103 nu se deterioreaz\u0103 \u00een timpul func\u021bion\u0103rii \u0219i nu provoac\u0103 v\u0103t\u0103m\u0103ri personalului sau echipamentelor.<\/p>\n<h3>Mentenabilitate<\/h3>\n<p>Proiectarea cilindrului bra\u021bului ar trebui s\u0103 ia \u00een considerare u\u0219urin\u021ba \u00eentre\u021binerii \u0219i \u00eenlocuirii pieselor, facilit\u00e2nd inspec\u021bia \u0219i \u00eentre\u021binerea regulat\u0103, reduc\u00e2nd timpul de nefunc\u021bionare a echipamentelor.<\/p>\n<p><img decoding=\"async\" src=\"https:\/\/www.hydraulic-cylinders.net\/wp-content\/uploads\/2025\/01\/songte-cylinder-head-with-all-kinds-excavator-models.webp\"><\/p>\n<h2>Etan\u0219are \u0219i lubrifiere<\/h2>\n<p>Cilindrul bra\u021bului utilizeaz\u0103 diverse tipuri de etan\u0219\u0103ri, cum ar fi etan\u0219\u0103ri de piston \u0219i etan\u0219\u0103ri de tij\u0103, fabricate din materiale rezistente la uzur\u0103, cum ar fi poliuretanul \u0219i cauciucul nitrilic, pentru a ob\u021bine o etan\u0219are eficient\u0103. Corpul cilindrului \u0219i suprafe\u021bele filetate ale cap\u0103tului sunt prelucrate cu aten\u021bie pentru a \u00eembun\u0103t\u0103\u021bi rezisten\u021ba la uzur\u0103. Ad\u0103ugarea regulat\u0103 de ulei hidraulic adecvat este necesar\u0103 pentru lubrifiere.<\/p>\n<p><img decoding=\"async\" src=\"https:\/\/www.hydraulic-cylinders.net\/wp-content\/uploads\/2025\/01\/songte-chushion-collar.webp\"><\/p>\n<h2>\u00centre\u021binere \u0219i m\u0103suri preventive<\/h2>\n<h3>Inspec\u021bie regulat\u0103<\/h3>\n<p>Cilindrul bra\u021bului trebuie inspectat periodic pentru a asigura func\u021bionarea corect\u0103. Aceasta include verificarea uzurii, a scurgerilor \u0219i a deterior\u0103rii garniturilor \u0219i a altor componente.<\/p>\n<h3>\u00centre\u021binere preventiv\u0103<\/h3>\n<p>\u00centre\u021binerea preventiv\u0103 este esen\u021bial\u0103 pentru a men\u021bine buna func\u021bionare a cilindrului bra\u021bului. Aceasta include cur\u0103\u021barea regulat\u0103, lubrifierea \u0219i \u00eenlocuirea pieselor uzate.<\/p>\n<h2>Ghid de instalare a produsului<\/h2>\n<p>Asigura\u021bi-v\u0103 c\u0103 cilindrul bra\u021bului este instalat corect \u0219i \u00een siguran\u021b\u0103 pentru a evita orice accidente. Urma\u021bi instruc\u021biunile produc\u0103torului pentru o instalare corect\u0103. Asigura\u021bi-v\u0103 c\u0103 uleiul hidraulic este la nivelul corect \u0219i c\u0103 nu exist\u0103 scurgeri. Testa\u021bi func\u021bionarea cilindrului bra\u021bului dup\u0103 instalare.<\/p>\n<p><img decoding=\"async\" src=\"https:\/\/www.hydraulic-cylinders.net\/wp-content\/uploads\/2025\/01\/songte-bushings-with-all-kinds-of-excavator-models.webp\"><\/p>\n<h2>Considera\u021bii de siguran\u021b\u0103 \u0219i factori de mediu<\/h2>\n<p>C\u00e2nd utiliza\u021bi cilindrul bra\u021bului, urma\u021bi instruc\u021biunile de siguran\u021b\u0103 furnizate de produc\u0103tor. Asigura\u021bi-v\u0103 c\u0103 echipamentul este operat numai de personal calificat. Elimina\u021bi corespunz\u0103tor orice ulei hidraulic sau alte fluide pentru a evita contaminarea mediului.<\/p>\n<h2>Depanare \u0219i probleme frecvente<\/h2>\n<h3>Scurgere<\/h3>\n<p>Cilindrul bra\u021bului poate prezenta scurgeri din cauza garniturilor uzate sau a componentelor deteriorate. Verifica\u021bi garniturile \u0219i \u00eenlocui\u021bi-le dac\u0103 este necesar.<\/p>\n<h3>Mi\u0219care lent\u0103<\/h3>\n<p>Dac\u0103 cilindrul bra\u021bului se mi\u0219c\u0103 \u00eencet, verifica\u021bi nivelul uleiului hidraulic \u0219i starea acestuia. \u00cenlocui\u021bi uleiul \u0219i filtrul, dac\u0103 este necesar.<\/p>\n<h2>Sfaturi \u0219i solu\u021bii pentru depanare<\/h2>\n<p>Este esen\u021bial s\u0103 diagnostica\u021bi corect problemele \u00eenainte de a \u00eencerca s\u0103 le rezolva\u021bi. Urma\u021bi instruc\u021biunile produc\u0103torului pentru o diagnosticare \u0219i o reparare corect\u0103. \u00centre\u021binerea \u0219i inspec\u021bia regulat\u0103 pot preveni apari\u021bia poten\u021bialelor probleme.<\/p>\n<p><img decoding=\"async\" src=\"https:\/\/www.hydraulic-cylinders.net\/wp-content\/uploads\/2025\/01\/songte-company-4.webp\"><\/p>\n<h2>Despre noi<\/h2>\n<p>Suntem un produc\u0103tor profesionist de cilindri hidraulici de schimb, oferind o gam\u0103 larg\u0103 de produse. Am devenit unul dintre principalii produc\u0103tori \u0219i distribuitori angro de cilindri hidraulici, at\u00e2t pe pia\u021ba intern\u0103, c\u00e2t \u0219i pe cea interna\u021bional\u0103. Ader\u0103m \u00eentotdeauna la principiul calit\u0103\u021bii excelente, baz\u00e2ndu-ne pe strategia industrializat\u0103 de management al produc\u021biei, cu ateliere de fabrica\u021bie sofisticate, pentru a ne \u00eembun\u0103t\u0103\u021bi continuu nivelul tehnic \u0219i eficien\u021ba produc\u021biei. Prin introducerea de echipamente digitale de fabrica\u021bie de ultim\u0103 genera\u021bie \u0219i sisteme profesionale de testare, optimiz\u0103m continuu platforma noastr\u0103 de fabrica\u021bie \u0219i \u00eembun\u0103t\u0103\u021bim procesele de control al calit\u0103\u021bii produselor noastre, cu o puternic\u0103 capacitate de inovare. Scopul nostru este de a satisface nevoile diversificate ale clien\u021bilor cu eficien\u021b\u0103 ridicat\u0103, precizie \u0219i principii de \u00eenalt\u0103 calitate.<\/p>\n<h2>Serviciile noastre<\/h2>\n<ul>\n<li>\n<h3>Profesionalism<\/h3>\n<p>Avem o echip\u0103 de ingineri \u0219i tehnicieni experimenta\u021bi, specializa\u021bi \u00een proiectarea, dezvoltarea \u0219i produc\u021bia de cilindri hidraulici.<\/p>\n<\/li>\n<li>\n<h3>Certific\u0103ri interna\u021bionale<\/h3>\n<p>Produsele noastre au trecut diverse certific\u0103ri interna\u021bionale, precum ISO9001, CE \u0219i SGS, asigur\u00e2nd calitatea \u0219i siguran\u021ba produselor.<\/p>\n<\/li>\n<li>\n<h3>Personalizare<\/h3>\n<p>Oferim servicii personalizate pentru a satisface cerin\u021bele specifice ale clien\u021bilor, inclusiv dimensiunea, forma \u0219i performan\u021ba.<\/p>\n<\/li>\n<li>\n<h3>Echipamente de produc\u021bie<\/h3>\n<p>Dispunem de echipamente digitale de produc\u021bie avansate \u0219i de ultim\u0103 genera\u021bie, inclusiv ma\u0219ini-unelte CNC, platforme de testare \u0219i instrumente de m\u0103surare.<\/p>\n<\/li>\n<li>\n<h3>Serviciu post-v\u00e2nzare<\/h3>\n<p>Oferim servicii complete post-v\u00e2nzare, inclusiv asisten\u021b\u0103 tehnic\u0103, \u00eentre\u021binere \u0219i repara\u021bii, pentru a asigura satisfac\u021bia clien\u021bilor.<\/p>\n<\/li>\n<\/ul>\n<p><img decoding=\"async\" src=\"https:\/\/www.hydraulic-cylinders.net\/wp-content\/uploads\/2025\/01\/songte-company-3.webp\"><\/p>\n<p>Autor: lyl<\/p>","protected":false},"excerpt":{"rendered":"<p>Arm Cylinder For Jingong Wheel Type JCM9075L Product Definition An arm cylinder is a specially designed hydraulic cylinder that is primarily used to provide linear motion and power to various machine arms, such as excavators, cranes, and mechanical arms. The arm cylinder plays a critical role in the hydraulic system, allowing attachments or accessories to [&hellip;]<\/p>","protected":false},"featured_media":14786,"comment_status":"open","ping_status":"closed","template":"","meta":{"_et_pb_use_builder":"","_et_pb_old_content":"","_et_gb_content_width":""},"product_brand":[],"product_cat":[1497],"product_tag":[1498,1496],"class_list":{"0":"post-16687","1":"product","2":"type-product","3":"status-publish","4":"has-post-thumbnail","6":"product_cat-arm-cylinders","7":"product_tag-arm-cylinders","8":"product_tag-hydraulic-cylinders","10":"first","11":"instock","12":"shipping-taxable","13":"product-type-simple"},"amp_enabled":true,"_links":{"self":[{"href":"https:\/\/www.hydraulic-cylinders.net\/ro\/wp-json\/wp\/v2\/product\/16687","targetHints":{"allow":["GET"]}}],"collection":[{"href":"https:\/\/www.hydraulic-cylinders.net\/ro\/wp-json\/wp\/v2\/product"}],"about":[{"href":"https:\/\/www.hydraulic-cylinders.net\/ro\/wp-json\/wp\/v2\/types\/product"}],"replies":[{"embeddable":true,"href":"https:\/\/www.hydraulic-cylinders.net\/ro\/wp-json\/wp\/v2\/comments?post=16687"}],"wp:featuredmedia":[{"embeddable":true,"href":"https:\/\/www.hydraulic-cylinders.net\/ro\/wp-json\/wp\/v2\/media\/14786"}],"wp:attachment":[{"href":"https:\/\/www.hydraulic-cylinders.net\/ro\/wp-json\/wp\/v2\/media?parent=16687"}],"wp:term":[{"taxonomy":"product_brand","embeddable":true,"href":"https:\/\/www.hydraulic-cylinders.net\/ro\/wp-json\/wp\/v2\/product_brand?post=16687"},{"taxonomy":"product_cat","embeddable":true,"href":"https:\/\/www.hydraulic-cylinders.net\/ro\/wp-json\/wp\/v2\/product_cat?post=16687"},{"taxonomy":"product_tag","embeddable":true,"href":"https:\/\/www.hydraulic-cylinders.net\/ro\/wp-json\/wp\/v2\/product_tag?post=16687"}],"curies":[{"name":"wp","href":"https:\/\/api.w.org\/{rel}","templated":true}]}}