{"id":16689,"date":"2025-01-21T05:47:10","date_gmt":"2025-01-21T05:47:10","guid":{"rendered":"https:\/\/www.hydraulic-cylinders.net\/product\/arm-cylinder-for-jingong-wheel-type-jcm9085l\/"},"modified":"2025-01-21T05:47:12","modified_gmt":"2025-01-21T05:47:12","slug":"arm-cylinder-for-jingong-wheel-type-jcm9085l","status":"publish","type":"product","link":"https:\/\/www.hydraulic-cylinders.net\/ro\/produs\/arm-cylinder-for-jingong-wheel-type-jcm9085l\/","title":{"rendered":"Cilindru de bra\u021b pentru roat\u0103 Jingong tip JCM9085L"},"content":{"rendered":"<h1>Cilindru de bra\u021b pentru roat\u0103 Jingong tip JCM9085L<\/h1>\n<h2>Introducere<\/h2>\n<p>Cilindrul bra\u021bului este un cilindru hidraulic special conceput care ofer\u0103 mi\u0219care liniar\u0103 \u0219i putere bra\u021bului diferitelor tipuri de utilaje, cum ar fi excavatoare, macarale \u0219i bra\u021be robotizate. Cilindrul bra\u021bului joac\u0103 un rol crucial \u00een sistemele hidraulice, permi\u021b\u00e2nd mi\u0219c\u0103rii \u0219i control\u0103rii eficiente a sculelor sau ata\u0219amentelor suplimentare. Ace\u0219ti cilindri nu numai c\u0103 permit o mi\u0219care lin\u0103, dar rezist\u0103 \u0219i la sarcini grele, asigur\u00e2nd func\u021bionarea eficient\u0103 \u0219i fiabilitatea utilajelor \u00een diverse condi\u021bii de lucru.<\/p>\n<p><img decoding=\"async\" src=\"https:\/\/www.hydraulic-cylinders.net\/wp-content\/uploads\/2025\/01\/songte-company-2.webp\" alt=\"Imaginea cilindrului bra\u021bului\"><\/p>\n<h2>Caracteristici<\/h2>\n<ul>\n<li>Transmisie de \u00eenalt\u0103 eficien\u021b\u0103: Cilindrul bra\u021bului ofer\u0103 o mi\u0219care liniar\u0103 puternic\u0103 \u0219i o for\u021b\u0103, asigur\u00e2nd capacit\u0103\u021bi de \u00eenalt\u0103 performan\u021b\u0103 \u00een timpul diverselor opera\u021biuni.<\/li>\n<li>Control precis: Prin intermediul sistemului hidraulic, cilindrul bra\u021bului permite un control precis al mi\u0219c\u0103rii, ceea ce face ca operarea uneltelor suplimentare s\u0103 fie mai flexibil\u0103 \u0219i mai precis\u0103.<\/li>\n<li>Durabilitate: Cilindrii bra\u021bului sunt de obicei fabrica\u021bi din materiale de \u00eenalt\u0103 rezisten\u021b\u0103, oferind o rezisten\u021b\u0103 excelent\u0103 la uzur\u0103 \u0219i coroziune, ceea ce \u00eei face potrivi\u021bi pentru utilizarea pe termen lung \u00een medii dure.<\/li>\n<li>Multifunc\u021bionalitate \u0219i adaptabilitate: Ace\u0219ti cilindri pot fi aplica\u021bi pe scar\u0103 larg\u0103 la diverse tipuri de utilaje, inclusiv excavatoare, macarale \u0219i bra\u021be robotizate, r\u0103spunz\u00e2nd diferitelor cerin\u021be de lucru.<\/li>\n<li>U\u0219urin\u021b\u0103 \u00een \u00eentre\u021binere: Designul ia \u00een considerare u\u0219urin\u021ba \u00eentre\u021binerii \u0219i \u00eenlocuirii, facilit\u00e2nd inspec\u021biile \u0219i service-ul regulat, reduc\u00e2nd timpul de nefunc\u021bionare a echipamentelor.<\/li>\n<\/ul>\n<p><img decoding=\"async\" src=\"https:\/\/www.hydraulic-cylinders.net\/wp-content\/uploads\/2025\/01\/songte-oil-pipes-and-spare-parts.webp\" alt=\"Piese de schimb pentru cilindrul bra\u021bului\"><\/p>\n<h2>Aplica\u021bii<\/h2>\n<p>Cilindrul cu bra\u021b \u00ee\u0219i g\u0103se\u0219te aplica\u021bii \u00een diverse industrii:<\/p>\n<ul>\n<li>Inginerie de construc\u021bii: La excavatoare \u0219i macarale, cilindrul bra\u021bului controleaz\u0103 mi\u0219carea cupei sau a bra\u021bului, facilit\u00e2nd lucr\u0103rile de terasament, manipularea materialelor \u0219i instalarea structural\u0103.<\/li>\n<li>Industria prelucr\u0103toare: \u00cen liniile de produc\u021bie automatizate, cilindrul bra\u021bului permite mi\u0219carea bra\u021belor robotizate \u00een procesele de asamblare, sudare \u0219i manipulare, sporind eficien\u021ba \u0219i precizia produc\u021biei.<\/li>\n<li>Ma\u0219ini agricole: \u00cen echipamentele agricole, cum ar fi combinele de recoltat \u0219i sem\u0103n\u0103toarele, cilindrul bra\u021bului controleaz\u0103 mi\u0219carea bra\u021bului de operare pentru sarcini precum sem\u0103natul, fertilizarea \u0219i recoltarea.<\/li>\n<li>Minerit: \u00cen echipamentele miniere, cilindrul bra\u021bului controleaz\u0103 mi\u0219carea bra\u021bului utilajelor miniere, permi\u021b\u00e2nd extrac\u021bia \u0219i transportul minereului.<\/li>\n<li>Logistic\u0103 \u0219i transport: La stivuitoarele \u0219i robo\u021bii de manipulare, cilindrul bra\u021bului controleaz\u0103 ridicarea \u0219i mi\u0219carea furcilor, permi\u021b\u00e2nd manipularea \u0219i stivuirea materialelor.<\/li>\n<\/ul>\n<h2>Considera\u021bii de proiectare \u0219i criterii de selec\u021bie<\/h2>\n<p>La proiectarea cilindrilor bra\u021bului, se iau \u00een considerare mai mul\u021bi factori:<\/p>\n<ul>\n<li>Capacitate portant\u0103: Cilindrii bra\u021bului sunt proiecta\u021bi s\u0103 reziste la sarcini \u0219i for\u021be specifice, asigur\u00e2nd o func\u021bionare sigur\u0103 \u0219i eficient\u0103.<\/li>\n<li>Etan\u0219are: Diverse componente de etan\u0219are, cum ar fi etan\u0219\u0103rile pistonului \u0219i etan\u0219\u0103rile tijei, sunt utilizate pentru a preveni scurgerile de fluid \u0219i a men\u021bine integritatea cilindrului. Materiale precum poliuretanul \u0219i cauciucul nitrilic sunt alese pentru durabilitatea lor.<\/li>\n<li>Durabilitate: Corpul cilindrului \u0219i capetele filetate sunt supuse unui tratament de suprafa\u021b\u0103 meticulos pentru a spori rezisten\u021ba la uzur\u0103 \u0219i a prelungi durata de via\u021b\u0103 a cilindrului bra\u021bului.<\/li>\n<li>Siguran\u021b\u0103: \u00cen proiectare sunt \u00eencorporate caracteristici de siguran\u021b\u0103 pentru a preveni accidentele \u0219i a asigura protec\u021bia operatorului \u00een timpul func\u021bion\u0103rii.<\/li>\n<li>\u00centre\u021binere: Cilindrii bra\u021bului sunt proiecta\u021bi pentru \u00eentre\u021binere \u0219i repara\u021bii u\u0219oare, reduc\u00e2nd timpii de nefunc\u021bionare \u0219i \u00eembun\u0103t\u0103\u021bind eficien\u021ba general\u0103.<\/li>\n<\/ul>\n<p><img decoding=\"async\" src=\"https:\/\/www.hydraulic-cylinders.net\/wp-content\/uploads\/2025\/01\/songte-cylinder-head-with-all-kinds-excavator-models.webp\" alt=\"Imaginea chiulasei\"><\/p>\n<h2>Etan\u0219are \u0219i lubrifiere<\/h2>\n<p>Cilindrul bra\u021bului utilizeaz\u0103 diverse componente de etan\u0219are, cum ar fi etan\u0219\u0103rile pistonului \u0219i etan\u0219\u0103rile tijei, fabricate din materiale rezistente la uzur\u0103, precum poliuretanul \u0219i cauciucul nitrilic. Corpul cilindrului \u0219i capetele filetate sunt supuse unui tratament fin pentru a spori rezisten\u021ba la uzur\u0103. Lubrifierea regulat\u0103 cu o cantitate adecvat\u0103 de ulei hidraulic este necesar\u0103 pentru a asigura o func\u021bionare f\u0103r\u0103 probleme \u0219i o longevitate sporit\u0103.<\/p>\n<h2>Inspec\u021bie regulat\u0103 \u0219i \u00eentre\u021binere preventiv\u0103<\/h2>\n<p>Pentru a men\u021bine performan\u021ba optim\u0103, inspec\u021biile regulate \u0219i \u00eentre\u021binerea preventiv\u0103 sunt esen\u021biale:<\/p>\n<ul>\n<li>Inspecta\u021bi \u0219i \u00eenlocui\u021bi periodic garniturile uzate sau deteriorate.<\/li>\n<li>Verifica\u021bi dac\u0103 exist\u0103 semne de scurgeri \u0219i repara\u021bi dup\u0103 cum este necesar.<\/li>\n<li>Asigura\u021bi o lubrifiere \u0219i niveluri adecvate de lichide.<\/li>\n<li>Str\u00e2nge\u021bi orice conexiuni sau elemente de fixare sl\u0103bite.<\/li>\n<li>Verifica\u021bi pentru orice uzur\u0103 anormal\u0103 sau deteriorare a corpului cilindrului \u0219i a componentelor.<\/li>\n<\/ul>\n<h2>Ghid de instalare<\/h2>\n<p>Urma\u021bi ace\u0219ti pa\u0219i pentru o instalare corect\u0103:<\/p>\n<ol>\n<li>Asigura\u021bi-v\u0103 c\u0103 suprafa\u021ba de montare este curat\u0103 \u0219i lipsit\u0103 de resturi.<\/li>\n<li>Alinia\u021bi cilindrul bra\u021bului cu orificiile de montare \u0219i fixa\u021bi-l folosind \u0219uruburi \u0219i piuli\u021be corespunz\u0103toare.<\/li>\n<li>Str\u00e2nge\u021bi \u0219uruburile uniform la cuplul specificat folosind o cheie dinamometric\u0103.<\/li>\n<li>Conecta\u021bi furtunurile sau fitingurile hidraulice conform cerin\u021belor sistemului.<\/li>\n<li>Testa\u021bi cilindrul bra\u021bului pentru func\u021bionare corect\u0103 \u0219i verifica\u021bi dac\u0103 exist\u0103 scurgeri.<\/li>\n<\/ol>\n<p><img decoding=\"async\" src=\"https:\/\/www.hydraulic-cylinders.net\/wp-content\/uploads\/2025\/01\/songte-bushings-with-all-kinds-of-excavator-models.webp\" alt=\"Imagine buc\u0219e\"><\/p>\n<h2>Considera\u021bii de siguran\u021b\u0103 \u0219i factori de mediu<\/h2>\n<p>Atunci c\u00e2nd se utilizeaz\u0103 cilindrul bra\u021bului, este esen\u021bial s\u0103 se acorde prioritate m\u0103surilor de siguran\u021b\u0103 pentru a preveni accidentele \u0219i a asigura un mediu de lucru sigur. Instruirea adecvat\u0103 \u0219i respectarea instruc\u021biunilor de siguran\u021b\u0103 sunt cruciale.<\/p>\n<h2>Depanare \u0219i probleme frecvente<\/h2>\n<p>Iat\u0103 c\u00e2teva sfaturi de depanare pentru problemele comune:<\/p>\n<ul>\n<li>Dac\u0103 cilindrul bra\u021bului nu se extinde sau nu se retrage, verifica\u021bi dac\u0103 nivelurile de lichid hidraulic sunt sc\u0103zute sau dac\u0103 filtrul hidraulic este \u00eenfundat.<\/li>\n<li>Dac\u0103 exist\u0103 scurgeri excesive, inspecta\u021bi \u0219i \u00eenlocui\u021bi garniturile uzate sau componentele deteriorate.<\/li>\n<li>Zgomotele neobi\u0219nuite \u00een timpul func\u021bion\u0103rii pot indica conexiuni sl\u0103bite sau componente uzate.<\/li>\n<\/ul>\n<p>For specific problems or detailed troubleshooting, consult the manufacturer&#8217;s manual or contact their support team.<\/p>\n<p><img decoding=\"async\" src=\"https:\/\/www.hydraulic-cylinders.net\/wp-content\/uploads\/2025\/01\/songte-chushion-collar.webp\" alt=\"Imagine cu guler Chushion\"><\/p>\n<p>Nu uita s\u0103 organizezi articolul logic, folosind subtitluri pentru o navigare u\u0219oar\u0103. Include imagini sau grafice relevante pentru a \u00eembun\u0103t\u0103\u021bi \u00een\u021belegerea. Asigur\u0103-te c\u0103 con\u021binutul este clar, concis \u0219i potrivit pentru cititorii cu diferite niveluri de cuno\u0219tin\u021be tehnice.<\/p>\n<h2>Despre noi<\/h2>\n<p>Suntem un produc\u0103tor profesionist de cilindri hidraulici de schimb, oferind o gam\u0103 larg\u0103 de produse. Am devenit unul dintre principalii produc\u0103tori \u0219i distribuitori angro de cilindri hidraulici, at\u00e2t pe pie\u021bele interne, c\u00e2t \u0219i interna\u021bionale. Angajamentul nostru fa\u021b\u0103 de excelen\u021b\u0103 se reflect\u0103 \u00een atelierul nostru de fabrica\u021bie perfec\u021bionat \u0219i \u00een strategia de management al produc\u021biei industriale, \u00eembun\u0103t\u0103\u021bind continuu capacit\u0103\u021bile noastre tehnice \u0219i eficien\u021ba produc\u021biei. Prin introducerea de echipamente digitale avansate de fabrica\u021bie \u0219i sisteme profesionale de testare, optimiz\u0103m platforma noastr\u0103 de fabrica\u021bie \u0219i perfec\u021bion\u0103m procesele de control al calit\u0103\u021bii produselor, demonstr\u00e2nd capacit\u0103\u021bi puternice de inovare. Scopul nostru este de a satisface diversele nevoi ale clien\u021bilor cu eficien\u021b\u0103, precizie \u0219i produse de \u00eenalt\u0103 calitate.<\/p>\n<p><img decoding=\"async\" src=\"https:\/\/www.hydraulic-cylinders.net\/wp-content\/uploads\/2025\/01\/songte-company-4.webp\" alt=\"Imaginea companiei\"><br \/>\n<img decoding=\"async\" src=\"https:\/\/www.hydraulic-cylinders.net\/wp-content\/uploads\/2025\/01\/songte-company-3.webp\" alt=\"Imaginea companiei\"><\/p>\n<p>Autor: lyl<\/p>","protected":false},"excerpt":{"rendered":"<p>Arm Cylinder For Jingong Wheel Type JCM9085L Introduction The arm cylinder is a specially designed hydraulic cylinder that provides linear motion and power to the arm of various types of machinery, such as excavators, cranes, and robotic arms. The arm cylinder plays a crucial role in hydraulic systems, allowing additional tools or attachments to move [&hellip;]<\/p>","protected":false},"featured_media":14779,"comment_status":"open","ping_status":"closed","template":"","meta":{"_et_pb_use_builder":"","_et_pb_old_content":"","_et_gb_content_width":""},"product_brand":[],"product_cat":[1497],"product_tag":[1498,1496],"class_list":{"0":"post-16689","1":"product","2":"type-product","3":"status-publish","4":"has-post-thumbnail","6":"product_cat-arm-cylinders","7":"product_tag-arm-cylinders","8":"product_tag-hydraulic-cylinders","10":"first","11":"instock","12":"shipping-taxable","13":"product-type-simple"},"amp_enabled":true,"_links":{"self":[{"href":"https:\/\/www.hydraulic-cylinders.net\/ro\/wp-json\/wp\/v2\/product\/16689","targetHints":{"allow":["GET"]}}],"collection":[{"href":"https:\/\/www.hydraulic-cylinders.net\/ro\/wp-json\/wp\/v2\/product"}],"about":[{"href":"https:\/\/www.hydraulic-cylinders.net\/ro\/wp-json\/wp\/v2\/types\/product"}],"replies":[{"embeddable":true,"href":"https:\/\/www.hydraulic-cylinders.net\/ro\/wp-json\/wp\/v2\/comments?post=16689"}],"wp:featuredmedia":[{"embeddable":true,"href":"https:\/\/www.hydraulic-cylinders.net\/ro\/wp-json\/wp\/v2\/media\/14779"}],"wp:attachment":[{"href":"https:\/\/www.hydraulic-cylinders.net\/ro\/wp-json\/wp\/v2\/media?parent=16689"}],"wp:term":[{"taxonomy":"product_brand","embeddable":true,"href":"https:\/\/www.hydraulic-cylinders.net\/ro\/wp-json\/wp\/v2\/product_brand?post=16689"},{"taxonomy":"product_cat","embeddable":true,"href":"https:\/\/www.hydraulic-cylinders.net\/ro\/wp-json\/wp\/v2\/product_cat?post=16689"},{"taxonomy":"product_tag","embeddable":true,"href":"https:\/\/www.hydraulic-cylinders.net\/ro\/wp-json\/wp\/v2\/product_tag?post=16689"}],"curies":[{"name":"wp","href":"https:\/\/api.w.org\/{rel}","templated":true}]}}