{"id":16707,"date":"2025-01-21T05:48:30","date_gmt":"2025-01-21T05:48:30","guid":{"rendered":"https:\/\/www.hydraulic-cylinders.net\/product\/arm-cylinder-for-tck-hd1023lc-8h\/"},"modified":"2025-01-21T05:48:32","modified_gmt":"2025-01-21T05:48:32","slug":"arm-cylinder-for-tck-hd1023lc-8h","status":"publish","type":"product","link":"https:\/\/www.hydraulic-cylinders.net\/ro\/produs\/arm-cylinder-for-tck-hd1023lc-8h\/","title":{"rendered":"Cilindru de bra\u021b pentru TCK HD1023LC-8H"},"content":{"rendered":"<h1>Cilindru de bra\u021b pentru TCK HD1023LC-8H<\/h1>\n<h2>Introducere<\/h2>\n<p>Cilindrul bra\u021bului este un cilindru hidraulic special conceput care ofer\u0103 mi\u0219care liniar\u0103 \u0219i putere bra\u021belor diferitelor tipuri de utilaje, cum ar fi excavatoare, macarale \u0219i bra\u021be mecanice. Cilindrul bra\u021bului joac\u0103 un rol esen\u021bial \u00een sistemele hidraulice, permi\u021b\u00e2nd mi\u0219carea \u0219i controlul eficient al uneltelor sau ata\u0219amentelor suplimentare. Ace\u0219ti cilindri nu numai c\u0103 realizeaz\u0103 o mi\u0219care lin\u0103, dar rezist\u0103 \u0219i la sarcini grele, asigur\u00e2nd func\u021bionarea eficient\u0103 \u0219i fiabilitatea utilajelor \u00een diverse condi\u021bii de func\u021bionare.<\/p>\n<p><img decoding=\"async\" src=\"https:\/\/www.hydraulic-cylinders.net\/wp-content\/uploads\/2025\/01\/songte-company-2.webp\" alt=\"Cilindru bra\u021b\"><\/p>\n<h2>Caracteristici<\/h2>\n<ul>\n<li>Transmisie de \u00eenalt\u0103 eficien\u021b\u0103: Cilindrul bra\u021bului ofer\u0103 o mi\u0219care liniar\u0103 \u0219i o for\u021b\u0103 puternice, asigur\u00e2nd performan\u021ba de \u00eenalt\u0103 eficien\u021b\u0103 a bra\u021bului mecanic \u00een diverse opera\u021biuni.<\/li>\n<li>Control precis: Prin intermediul sistemului hidraulic, cilindrul bra\u021bului poate realiza un control precis al mi\u0219c\u0103rii, ceea ce face ca operarea uneltelor suplimentare s\u0103 fie mai flexibil\u0103 \u0219i mai precis\u0103.<\/li>\n<li>Durabilitate mare: Cilindrul bra\u021bului este de obicei fabricat din materiale de \u00eenalt\u0103 rezisten\u021b\u0103, care au o bun\u0103 rezisten\u021b\u0103 la uzur\u0103 \u0219i la coroziune, potrivite pentru utilizare pe termen lung \u00een medii dure.<\/li>\n<li>Adaptabilitate multifunc\u021bional\u0103: Ace\u0219ti cilindri pot fi utiliza\u021bi pe scar\u0103 larg\u0103 \u00een diverse echipamente mecanice, cum ar fi excavatoare, macarale \u0219i bra\u021be mecanice, pentru a se adapta la diferite nevoi de lucru.<\/li>\n<li>\u00centre\u021binere u\u0219oar\u0103: Designul ia \u00een considerare u\u0219urin\u021ba \u00eentre\u021binerii \u0219i \u00eenlocuirii, ceea ce face ca inspec\u021biile \u0219i \u00eentre\u021binerea regulat\u0103 s\u0103 fie mai convenabile \u0219i s\u0103 reduc\u0103 timpul de nefunc\u021bionare a echipamentelor.<\/li>\n<\/ul>\n<p>Putem produce acest produs, iar produsele noastre pot \u00eenlocui perfect ace\u0219ti cilindri hidraulici.<\/p>\n<p><img decoding=\"async\" src=\"https:\/\/www.hydraulic-cylinders.net\/wp-content\/uploads\/2025\/01\/songte-oil-pipes-and-spare-parts.webp\" alt=\"Conducte de petrol \u0219i piese de schimb\"><\/p>\n<h2>Aplica\u021bii<\/h2>\n<p>Cilindrul cu bra\u021b este utilizat pe scar\u0103 larg\u0103 \u00een diverse industrii, cum ar fi:<\/p>\n<ul>\n<li>Inginerie de construc\u021bii: La excavatoare \u0219i macarale, cilindrul bra\u021bului este utilizat pentru a controla mi\u0219carea cupei sau a bra\u021bului, efectuarea opera\u021biunilor de terasament, manipularea materialelor \u0219i instalarea structural\u0103.<\/li>\n<li>Fabrica\u021bie: \u00cen liniile de produc\u021bie automatizate, cilindrul bra\u021bului este utilizat pentru mi\u0219carea bra\u021belor mecanice, efectuarea proceselor de asamblare, sudare \u0219i manipulare pentru a \u00eembun\u0103t\u0103\u021bi eficien\u021ba \u0219i precizia produc\u021biei.<\/li>\n<li>Ma\u0219ini agricole: \u00cen cazul ma\u0219inilor agricole, cum ar fi combinele de recoltat \u0219i sem\u0103n\u0103toarele, cilindrul bra\u021bului controleaz\u0103 mi\u0219carea bra\u021bului de operare, efectu\u00e2nd sarcini precum sem\u0103natul, fertilizarea \u0219i recoltarea.<\/li>\n<li>Mining: In mining equipment, the arm cylinder is used to control the arm&#8217;s movement of mining equipment, performing mining and transportation of ores.<\/li>\n<li>Logistic\u0103 \u0219i transport: \u00cen cazul stivuitoarelor \u0219i robo\u021bilor de manipulare, cilindrul bra\u021bului este utilizat pentru a controla ridicarea \u0219i mi\u0219carea \u00eenc\u0103rc\u0103turii, realiz\u00e2nd manipularea \u0219i stivuirea materialelor.<\/li>\n<\/ul>\n<h2>Considera\u021bii de proiectare \u0219i criterii de selec\u021bie<\/h2>\n<p>From the design considerations, the arm cylinder&#8217;s carrying capacity, sealing, durability, safety, and maintainability will be discussed below:<\/p>\n<ul>\n<li>Capacitate portant\u0103: Cilindrul bra\u021bului trebuie s\u0103 ofere o for\u021b\u0103 suficient\u0103 \u0219i o mi\u0219care liniar\u0103, ceea ce necesit\u0103 materiale de \u00eenalt\u0103 rezisten\u021b\u0103 \u0219i un design precis.<\/li>\n<li>Sealing: The arm cylinder needs to use various sealing components, such as piston seals and rod seals, to prevent fluid leaks and ensure the hydraulic system&#8217;s proper operation.<\/li>\n<li>Durabilitate: Cilindrul bra\u021bului trebuie s\u0103 utilizeze materiale cu o rezisten\u021b\u0103 excelent\u0103 la uzur\u0103 \u0219i coroziune pentru a rezista la medii dure \u0219i la utilizare pe termen lung.<\/li>\n<li>Siguran\u021b\u0103: Cilindrul bra\u021bului trebuie s\u0103 fie prev\u0103zut cu dispozitive de siguran\u021b\u0103 fiabile, cum ar fi protec\u021bia la suprasarcin\u0103 \u0219i oprirea de urgen\u021b\u0103, pentru a asigura siguran\u021ba operatorilor \u0219i a echipamentelor.<\/li>\n<li>\u00centre\u021binere: Cilindrul bra\u021bului trebuie s\u0103 ia \u00een considerare u\u0219urin\u021ba \u00eentre\u021binerii \u0219i \u00eenlocuirii, cum ar fi utilizarea de piese standard \u0219i garnituri u\u0219or de \u00eenlocuit, pentru a reduce costurile de \u00eentre\u021binere \u0219i timpul de nefunc\u021bionare.<\/li>\n<\/ul>\n<p><img decoding=\"async\" src=\"https:\/\/www.hydraulic-cylinders.net\/wp-content\/uploads\/2025\/01\/songte-cylinder-head-with-all-kinds-excavator-models.webp\" alt=\"Chiulas\u0103\"><\/p>\n<h2>Etan\u0219are \u0219i lubrifiere<\/h2>\n<p>The arm cylinder needs to use various sealing components, such as piston seals and rod seals, to prevent fluid leaks and ensure the hydraulic system&#8217;s proper operation. The selected seal materials, such as polyurethane and nitrile rubber, need to have excellent wear resistance and be suitable for the operating environment. The cylinder body and threaded end surface need to undergo fine processing to improve wear resistance. Regularly adding an appropriate amount of hydraulic oil is necessary for lubrication.<\/p>\n<h2>\u00centre\u021binere \u0219i repara\u021bii<\/h2>\n<p>Sunt necesare inspec\u021bii regulate \u0219i m\u0103suri de \u00eentre\u021binere preventiv\u0103 pentru cilindrul bra\u021bului. Urm\u0103toarele m\u0103suri pot ajuta la diagnosticarea \u0219i rezolvarea problemelor:<\/p>\n<ul>\n<li>Verifica\u021bi dac\u0103 exist\u0103 scurgeri \u0219i deterior\u0103ri ale componentelor de etan\u0219are.<\/li>\n<li>Verifica\u021bi dac\u0103 pistonul \u0219i tija prezint\u0103 uzur\u0103 sau deterior\u0103ri.<\/li>\n<li>Verifica\u021bi dac\u0103 exist\u0103 deterior\u0103ri sau deform\u0103ri ale corpului cilindrului \u0219i ale suprafe\u021bei cap\u0103tului filetat.<\/li>\n<li>Verifica\u021bi nivelul \u0219i calitatea uleiului hidraulic.<\/li>\n<\/ul>\n<p>To solve the above problems, replace damaged parts, add or replace hydraulic oil, and perform regular maintenance and lubrication to ensure the arm cylinder&#8217;s proper operation and extend its service life.<\/p>\n<p><img decoding=\"async\" src=\"https:\/\/www.hydraulic-cylinders.net\/wp-content\/uploads\/2025\/01\/songte-chushion-collar.webp\" alt=\"Guler Chushion\"><\/p>\n<h2>Ghid de instalare<\/h2>\n<p>The arm cylinder&#8217;s installation needs to follow the below steps:<\/p>\n<ol>\n<li>Cur\u0103\u021ba\u021bi suprafa\u021ba de instalare \u0219i asigura\u021bi-v\u0103 c\u0103 este plan\u0103 \u0219i curat\u0103.<\/li>\n<li>Conecta\u021bi cilindrul bra\u021bului la sistemul hidraulic \u0219i confirma\u021bi c\u0103 conducta este corect\u0103 \u0219i ferm\u0103.<\/li>\n<li>Install the arm cylinder according to the manufacturer&#8217;s instructions, and ensure that the fastening bolts are tightened to the specified torque.<\/li>\n<li>Conduct a functional test to confirm the arm cylinder&#8217;s proper operation.<\/li>\n<\/ol>\n<h2>Considera\u021bii de siguran\u021b\u0103 \u0219i factori de mediu<\/h2>\n<p>When using the arm cylinder, safety measures such as overload protection and emergency stop devices need to be in place to ensure operator safety and equipment safety. In addition, environmental factors such as temperature and humidity need to be considered to ensure the arm cylinder&#8217;s proper operation.<\/p>\n<h2>Diagnosticarea defec\u021biunilor \u0219i probleme frecvente<\/h2>\n<p>Problemele comune \u0219i diagnosticarea defec\u021biunilor cilindrului bra\u021bului sunt urm\u0103toarele:<\/p>\n<ul>\n<li>Scurgere: Componentele de etan\u0219are sunt deteriorate sau instalate incorect.<\/li>\n<li>Mi\u0219care deficitar\u0103: Pistonul sau tija este uzat\u0103 sau deteriorat\u0103.<\/li>\n<li>Zgomot anormal: Este posibil s\u0103 existe o problem\u0103 cu instala\u021bia sau cu sistemul hidraulic.<\/li>\n<li>Putere insuficient\u0103: Presiune sc\u0103zut\u0103 a uleiului hidraulic sau probleme cu sistemul hidraulic.<\/li>\n<\/ul>\n<h2>Depanare \u0219i m\u0103suri preventive<\/h2>\n<p>To solve the above problems, replace damaged parts, add or replace hydraulic oil, and perform regular maintenance and lubrication to ensure the arm cylinder&#8217;s proper operation and extend its service life.<\/p>\n<p><img decoding=\"async\" src=\"https:\/\/www.hydraulic-cylinders.net\/wp-content\/uploads\/2025\/01\/songte-bushings-with-all-kinds-of-excavator-models.webp\" alt=\"Buc\u0219e\"><\/p>\n<h2>Despre noi<\/h2>\n<p>We are a professional manufacturer of replacement hydraulic cylinders, offering a wide range of products and becoming one of the leading hydraulic cylinder manufacturers and wholesale distributors in domestic and international markets. We always adhere to the principle of excellent quality, relying on the industrial production management strategy of precision manufacturing workshops, constantly improving technology and production efficiency. By introducing high-end digital manufacturing equipment and professional testing systems, we continuously optimize the manufacturing platform, improve the product quality control process, and have strong innovation capabilities. Our goal is to meet customers&#8217; diverse needs with the principles of efficiency, precision, and high quality.<\/p>\n<h2>Serviciile noastre<\/h2>\n<ul>\n<li>Professionalism: We have professional knowledge and years of experience in hydraulic cylinders&#8217; manufacturing and sales, providing customers with professional and efficient services.<\/li>\n<li>Certificare interna\u021bional\u0103: Produsele noastre au trecut certific\u0103ri interna\u021bionale precum ISO9001 \u0219i CE, oferind clien\u021bilor produse \u0219i servicii de \u00eenalt\u0103 calitate.<\/li>\n<li>Customization Services: We provide customized services according to customers&#8217; requirements, providing customers with personalized products and services.<\/li>\n<li>Echipamente de produc\u021bie: Dispunem de echipamente de produc\u021bie avansate, cum ar fi ma\u0219ini-unelte CNC \u0219i ma\u0219ini automate de sudur\u0103, pentru a oferi clien\u021bilor produse de \u00eenalt\u0103 calitate \u0219i eficiente.<\/li>\n<li>After-sales Services: We provide customers with comprehensive after-sales services, such as technical support and warranty services, to ensure customers&#8217; satisfaction.<\/li>\n<\/ul>\n<p><img decoding=\"async\" src=\"https:\/\/www.hydraulic-cylinders.net\/wp-content\/uploads\/2025\/01\/songte-company-4.webp\" alt=\"Companie\"><\/p>\n<p><img decoding=\"async\" src=\"https:\/\/www.hydraulic-cylinders.net\/wp-content\/uploads\/2025\/01\/songte-company-3.webp\" alt=\"Companie\"><\/p>\n<p>Autor: lyl.<\/p>","protected":false},"excerpt":{"rendered":"<p>Arm Cylinder For TCK HD1023LC-8H Introduction The arm cylinder is a specially designed hydraulic cylinder that provides linear motion and power to the arms of various types of machinery, such as excavators, cranes, and mechanical arms. The arm cylinder plays a critical role in hydraulic systems, allowing for the effective movement and control of additional [&hellip;]<\/p>","protected":false},"featured_media":14786,"comment_status":"open","ping_status":"closed","template":"","meta":{"_et_pb_use_builder":"","_et_pb_old_content":"","_et_gb_content_width":""},"product_brand":[],"product_cat":[1497],"product_tag":[1498,1496],"class_list":{"0":"post-16707","1":"product","2":"type-product","3":"status-publish","4":"has-post-thumbnail","6":"product_cat-arm-cylinders","7":"product_tag-arm-cylinders","8":"product_tag-hydraulic-cylinders","10":"first","11":"instock","12":"shipping-taxable","13":"product-type-simple"},"amp_enabled":true,"_links":{"self":[{"href":"https:\/\/www.hydraulic-cylinders.net\/ro\/wp-json\/wp\/v2\/product\/16707","targetHints":{"allow":["GET"]}}],"collection":[{"href":"https:\/\/www.hydraulic-cylinders.net\/ro\/wp-json\/wp\/v2\/product"}],"about":[{"href":"https:\/\/www.hydraulic-cylinders.net\/ro\/wp-json\/wp\/v2\/types\/product"}],"replies":[{"embeddable":true,"href":"https:\/\/www.hydraulic-cylinders.net\/ro\/wp-json\/wp\/v2\/comments?post=16707"}],"wp:featuredmedia":[{"embeddable":true,"href":"https:\/\/www.hydraulic-cylinders.net\/ro\/wp-json\/wp\/v2\/media\/14786"}],"wp:attachment":[{"href":"https:\/\/www.hydraulic-cylinders.net\/ro\/wp-json\/wp\/v2\/media?parent=16707"}],"wp:term":[{"taxonomy":"product_brand","embeddable":true,"href":"https:\/\/www.hydraulic-cylinders.net\/ro\/wp-json\/wp\/v2\/product_brand?post=16707"},{"taxonomy":"product_cat","embeddable":true,"href":"https:\/\/www.hydraulic-cylinders.net\/ro\/wp-json\/wp\/v2\/product_cat?post=16707"},{"taxonomy":"product_tag","embeddable":true,"href":"https:\/\/www.hydraulic-cylinders.net\/ro\/wp-json\/wp\/v2\/product_tag?post=16707"}],"curies":[{"name":"wp","href":"https:\/\/api.w.org\/{rel}","templated":true}]}}