{"id":16711,"date":"2025-01-21T05:48:47","date_gmt":"2025-01-21T05:48:47","guid":{"rendered":"https:\/\/www.hydraulic-cylinders.net\/product\/arm-cylinder-for-tck-hd1636lc-8h\/"},"modified":"2025-01-21T05:48:49","modified_gmt":"2025-01-21T05:48:49","slug":"arm-cylinder-for-tck-hd1636lc-8h","status":"publish","type":"product","link":"https:\/\/www.hydraulic-cylinders.net\/ro\/produs\/arm-cylinder-for-tck-hd1636lc-8h\/","title":{"rendered":"Cilindru de bra\u021b pentru TCK HD1636LC-8H"},"content":{"rendered":"<h1>Cilindru de bra\u021b pentru TCK HD1636LC-8H<\/h1>\n<h2>Introducere<\/h2>\n<p>Cilindrul bra\u021bului este un tip de cilindru hidraulic conceput special pentru a oferi mi\u0219care liniar\u0103 \u0219i putere bra\u021belor diferitelor tipuri de utilaje, cum ar fi excavatoare, macarale \u0219i bra\u021be robotizate. \u00centr-un sistem hidraulic, cilindrul bra\u021bului joac\u0103 un rol esen\u021bial \u00een permiterea mi\u0219c\u0103rii \u0219i controlului sculelor sau accesoriilor ata\u0219ate. Ace\u0219ti cilindri nu numai c\u0103 ofer\u0103 o mi\u0219care lin\u0103, dar rezist\u0103 \u0219i la sarcini grele, asigur\u00e2nd func\u021bionarea eficient\u0103 \u0219i fiabilitatea utilajelor \u00een diverse condi\u021bii de func\u021bionare. <\/p>\n<p><img decoding=\"async\" src=\"https:\/\/www.hydraulic-cylinders.net\/wp-content\/uploads\/2025\/01\/songte-company-2.webp\"><\/p>\n<h2>Caracteristici<\/h2>\n<ul>\n<li>\n<h3>Transmisie de \u00eenalt\u0103 eficien\u021b\u0103<\/h3>\n<p>Cilindrul bra\u021bului poate oferi o mi\u0219care liniar\u0103 puternic\u0103 \u0219i o for\u021b\u0103, asigur\u00e2nd performan\u021ba eficient\u0103 a bra\u021bului mecanic \u00een diverse opera\u021biuni.<\/p>\n<\/li>\n<li>\n<h3>Control precis<\/h3>\n<p>Prin intermediul sistemului hidraulic, cilindrul bra\u021bului poate realiza un control precis al mi\u0219c\u0103rii, f\u0103c\u00e2nd func\u021bionarea uneltelor ata\u0219ate mai flexibil\u0103 \u0219i precis\u0103.<\/p>\n<\/li>\n<li>\n<h3>Durabilitate puternic\u0103<\/h3>\n<p>Cilindrul bra\u021bului este de obicei fabricat din materiale de \u00eenalt\u0103 rezisten\u021b\u0103 \u0219i are o bun\u0103 rezisten\u021b\u0103 la uzur\u0103 \u0219i coroziune, ceea ce \u00eel face potrivit pentru utilizarea pe termen lung \u00een medii dure.<\/p>\n<\/li>\n<li>\n<h3>Adaptabilitate multifunc\u021bional\u0103<\/h3>\n<p>Ace\u0219ti cilindri pot fi utiliza\u021bi pe scar\u0103 larg\u0103 \u00een diverse tipuri de utilaje, cum ar fi excavatoare, macarale \u0219i bra\u021be robotizate, pentru a se adapta la diferite cerin\u021be de lucru.<\/p>\n<\/li>\n<li>\n<h3>\u00centre\u021binere u\u0219oar\u0103<\/h3>\n<p>Designul ia \u00een considerare u\u0219urin\u021ba \u00eentre\u021binerii \u0219i \u00eenlocuirii, f\u0103c\u00e2nd inspec\u021bia \u0219i \u00eentre\u021binerea regulat\u0103 mai convenabile \u0219i reduc\u00e2nd timpul de nefunc\u021bionare a echipamentelor.<\/p>\n<\/li>\n<\/ul>\n<p>Suntem capabili s\u0103 producem acest produs \u0219i produsul nostru poate \u00eenlocui perfect ace\u0219ti cilindri hidraulici.<\/p>\n<p><img decoding=\"async\" src=\"https:\/\/www.hydraulic-cylinders.net\/wp-content\/uploads\/2025\/01\/songte-oil-pipes-and-spare-parts.webp\"><\/p>\n<h2>Aplica\u021bii<\/h2>\n<p>Cilindrul cu bra\u021b este utilizat pe scar\u0103 larg\u0103 \u00een diverse industrii, inclusiv:<\/p>\n<ul>\n<li>\n<h3>Inginerie de construc\u021bii<\/h3>\n<p>\u00cen excavatoare \u0219i macarale, cilindrii bra\u021bului sunt utiliza\u021bi pentru a controla mi\u0219carea cupelor sau a bra\u021belor pentru lucr\u0103ri de terasament, manipularea materialelor \u0219i instalarea structurilor.<\/p>\n<\/li>\n<li>\n<h3>Fabrica\u021bie<\/h3>\n<p>\u00cen liniile de produc\u021bie automatizate, cilindrii bra\u021bului sunt utiliza\u021bi pentru mi\u0219carea bra\u021belor robotizate, pentru asamblare, sudare \u0219i manipularea materialelor, \u00eembun\u0103t\u0103\u021bind eficien\u021ba \u0219i precizia produc\u021biei.<\/p>\n<\/li>\n<li>\n<h3>Ma\u0219ini agricole<\/h3>\n<p>\u00cen utilajele agricole, cum ar fi combinele de recoltat \u0219i sem\u0103n\u0103toarele, cilindrii bra\u021bului controleaz\u0103 mi\u0219carea bra\u021belor de operare, \u00eendeplinind sarcini precum plantarea, fertilizarea \u0219i recoltarea.<\/p>\n<\/li>\n<li>\n<h3>Minerit<\/h3>\n<p>\u00cen echipamentele miniere, cilindrii bra\u021bului sunt utiliza\u021bi pentru a controla mi\u0219carea bra\u021bului echipamentelor miniere, pentru excavarea \u0219i transportul minereurilor.<\/p>\n<\/li>\n<li>\n<h3>Logistic\u0103 \u0219i Transport<\/h3>\n<p>\u00cen cazul stivuitoarelor \u0219i robo\u021bilor de manipulare, cilindrii bra\u021bului sunt utiliza\u021bi pentru a controla ridicarea \u0219i mi\u0219carea furcilor pentru a realiza manipularea \u0219i stivuirea m\u0103rfurilor.<\/p>\n<\/li>\n<\/ul>\n<h2>Considera\u021bii de proiectare \u0219i criterii de selec\u021bie<\/h2>\n<p>Din punct de vedere al proiect\u0103rii, cilindrii bra\u021bului ar trebui s\u0103 ia \u00een considerare urm\u0103torii factori:<\/p>\n<ul>\n<li>\n<h3>Capacitate portant\u0103<\/h3>\n<p>Cilindrul bra\u021bului trebuie s\u0103 aib\u0103 o capacitate portant\u0103 suficient\u0103 pentru a satisface nevoile diferitelor opera\u021biuni.<\/p>\n<\/li>\n<li>\n<h3>Performan\u021ba de etan\u0219are<\/h3>\n<p>Utilizarea diferitelor componente de etan\u0219are, cum ar fi inelele de etan\u0219are a pistonului \u0219i inelele de etan\u0219are a tijei, fabricate din materiale rezistente la uzur\u0103, cum ar fi poliuretanul \u0219i cauciucul nitrilic, poate \u00eembun\u0103t\u0103\u021bi eficient performan\u021ba de etan\u0219are a cilindrului.<\/p>\n<\/li>\n<li>\n<h3>Durabilitate<\/h3>\n<p>Corpul cilindrului \u0219i suprafa\u021ba cap\u0103tului filetat trebuie prelucrate fin pentru a \u00eembun\u0103t\u0103\u021bi rezisten\u021ba la uzur\u0103, iar pentru a asigura durabilitatea cilindrului trebuie utilizate materiale de \u00eenalt\u0103 rezisten\u021b\u0103.<\/p>\n<\/li>\n<li>\n<h3>Siguran\u0163\u0103<\/h3>\n<p>Cilindrul bra\u021bului trebuie proiectat av\u00e2nd \u00een vedere siguran\u021ba, cu m\u0103suri precum prevenirea c\u0103derilor bru\u0219te \u0219i controlul vitezei de mi\u0219care.<\/p>\n<\/li>\n<li>\n<h3>Mentenabilitate<\/h3>\n<p>Cilindrul bra\u021bului trebuie proiectat pentru \u00eentre\u021binere \u0219i \u00eenlocuire u\u0219oar\u0103 a componentelor, cum ar fi garniturile \u0219i garniturile de etan\u0219are, pentru a reduce timpul \u0219i costurile de \u00eentre\u021binere.<\/p>\n<\/li>\n<\/ul>\n<p><img decoding=\"async\" src=\"https:\/\/www.hydraulic-cylinders.net\/wp-content\/uploads\/2025\/01\/songte-cylinder-head-with-all-kinds-excavator-models.webp\"><\/p>\n<h2>Etan\u0219are \u0219i lubrifiere<\/h2>\n<p>Utilizarea diferitelor componente de etan\u0219are, cum ar fi inelele de etan\u0219are ale pistonului \u0219i inelele de etan\u0219are ale tijei, poate \u00eembun\u0103t\u0103\u021bi eficient performan\u021ba de etan\u0219are a cilindrului. Pentru inelele de etan\u0219are se utilizeaz\u0103 adesea materiale rezistente la uzur\u0103, cum ar fi poliuretanul \u0219i cauciucul nitrilic. \u00cen plus, corpul cilindrului \u0219i suprafa\u021ba filetat\u0103 a cap\u0103tului trebuie s\u0103 fie supuse unor prelucr\u0103ri fine pentru a \u00eembun\u0103t\u0103\u021bi rezisten\u021ba la uzur\u0103. De asemenea, este necesar\u0103 o lubrifiere regulat\u0103 cu o cantitate adecvat\u0103 de ulei hidraulic pentru a asigura func\u021bionarea corect\u0103 \u0219i a prelungi durata de via\u021b\u0103 a cilindrului.<\/p>\n<h2>\u00centre\u021binere \u0219i precau\u021bii<\/h2>\n<ul>\n<li>\n<h3>Inspec\u021bie regulat\u0103<\/h3>\n<p>Inspec\u021bia \u0219i \u00eentre\u021binerea regulat\u0103 a cilindrului bra\u021bului pot ajuta la identificarea problemelor poten\u021biale \u0219i la reducerea timpilor de nefunc\u021bionare. Se recomand\u0103 inspectarea regulat\u0103 a cilindrului pentru scurgeri, uzur\u0103 \u0219i deterior\u0103ri.<\/p>\n<\/li>\n<li>\n<h3>\u00centre\u021binere preventiv\u0103<\/h3>\n<p>M\u0103surile adecvate de \u00eentre\u021binere preventiv\u0103, cum ar fi \u00eenlocuirea garniturilor \u0219i garniturilor uzate, pot contribui la prelungirea duratei de via\u021b\u0103 a cilindrului \u0219i la reducerea costurilor de \u00eentre\u021binere.<\/p>\n<\/li>\n<\/ul>\n<p><img decoding=\"async\" src=\"https:\/\/www.hydraulic-cylinders.net\/wp-content\/uploads\/2025\/01\/songte-chushion-collar.webp\"><\/p>\n<h2>Ghid de instalare<\/h2>\n<p>\u00cenainte de instalare, asigura\u021bi-v\u0103 c\u0103 cilindrul bra\u021bului este potrivit pentru aplica\u021bia specific\u0103 \u0219i \u00eendepline\u0219te cerin\u021bele utilajului. Procesul de instalare trebuie efectuat de c\u0103tre personal profesionist cu calific\u0103ri \u0219i experien\u021b\u0103 relevante. Instalarea trebuie s\u0103 respecte instruc\u021biunile produc\u0103torului \u0219i s\u0103 se asigure c\u0103 toate componentele sunt instalate corect \u0219i \u00een siguran\u021b\u0103.<\/p>\n<h2>Considera\u021bii privind siguran\u021ba \u0219i mediul<\/h2>\n<p>C\u00e2nd utiliza\u021bi cilindrul bra\u021bului, este esen\u021bial s\u0103 respecta\u021bi procedurile standard de siguran\u021b\u0103 pentru a preveni accidentele sau r\u0103nirile. De asemenea, este important s\u0103 lua\u021bi \u00een considerare impactul asupra mediului al scurgerilor de ulei hidraulic \u0219i s\u0103 lua\u021bi m\u0103suri pentru a preveni devers\u0103rile de ulei \u0219i a elimina \u00een mod corespunz\u0103tor uleiul uzat \u0219i alte componente.<\/p>\n<h2>Probleme frecvente \u0219i depanare<\/h2>\n<ul>\n<li>\n<h3>Scurgere de ulei<\/h3>\n<p>Aceasta este o problem\u0103 frecvent\u0103 care poate fi cauzat\u0103 de garnituri uzate sau componente deteriorate ale cilindrului. Inspecta\u021bi cilindrul pentru scurgeri \u0219i \u00eenlocui\u021bi orice componente uzate sau deteriorate.<\/p>\n<\/li>\n<li>\n<h3>Mi\u0219care lent\u0103<\/h3>\n<p>Mi\u0219carea lent\u0103 poate fi cauzat\u0103 de o presiune hidraulic\u0103 sc\u0103zut\u0103 sau de un blocaj \u00een sistemul hidraulic. Verifica\u021bi presiunea hidraulic\u0103 \u0219i elimina\u021bi orice blocaje, dac\u0103 este necesar.<\/p>\n<\/li>\n<li>\n<h3>Func\u021bionare zgomotoas\u0103<\/h3>\n<p>Func\u021bionarea zgomotoas\u0103 poate fi cauzat\u0103 de componente uzate sau de aerul din sistemul hidraulic. Verifica\u021bi cilindrul pentru componente uzate \u0219i aerisi\u021bi sistemul pentru a elimina aerul.<\/p>\n<\/li>\n<\/ul>\n<p>Depanarea corect\u0103 necesit\u0103 o \u00een\u021belegere temeinic\u0103 a func\u021bion\u0103rii \u0219i componentelor cilindrului. Consulta\u021bi \u00eentotdeauna instruc\u021biunile produc\u0103torului \u0219i solicita\u021bi asisten\u021b\u0103 profesional\u0103, dac\u0103 este necesar.<\/p>\n<p><img decoding=\"async\" src=\"https:\/\/www.hydraulic-cylinders.net\/wp-content\/uploads\/2025\/01\/songte-bushings-with-all-kinds-of-excavator-models.webp\"><\/p>\n<h2>Despre noi<\/h2>\n<p>Suntem un produc\u0103tor profesionist de cilindri hidraulici de schimb, cu o gam\u0103 larg\u0103 de produse. Am devenit unul dintre principalii produc\u0103tori \u0219i distribuitori angro de cilindri hidraulici pe pie\u021bele interne \u0219i interna\u021bionale. Ader\u0103m \u00eentotdeauna la principiul calit\u0103\u021bii excelente \u0219i ne baz\u0103m pe strategia industrializat\u0103 de management al produc\u021biei, bazat\u0103 pe ateliere de produc\u021bie fin\u0103, pentru a ne \u00eembun\u0103t\u0103\u021bi continuu tehnologia \u0219i eficien\u021ba produc\u021biei. Prin introducerea de echipamente digitale de produc\u021bie de ultim\u0103 genera\u021bie \u0219i sisteme profesionale de testare, optimiz\u0103m continuu platforma noastr\u0103 de produc\u021bie, \u00eembun\u0103t\u0103\u021bim procesul de control al calit\u0103\u021bii produselor noastre \u0219i avem capacit\u0103\u021bi puternice de inovare. Scopul nostru este de a satisface nevoile diverse ale clien\u021bilor no\u0219tri cu eficien\u021b\u0103 ridicat\u0103, precizie \u0219i principii de \u00eenalt\u0103 calitate.<\/p>\n<p>Ne angaj\u0103m s\u0103 oferim servicii profesionale, certificate interna\u021bional \u0219i personalizate, utiliz\u00e2nd echipamente de produc\u021bie avansate \u0219i oferind servicii complete post-v\u00e2nzare \u0219i suntem dedica\u021bi furniz\u0103rii de produse de \u00eenalt\u0103 calitate clien\u021bilor no\u0219tri.<\/p>\n<p><img decoding=\"async\" src=\"https:\/\/www.hydraulic-cylinders.net\/wp-content\/uploads\/2025\/01\/songte-company-4.webp\"><\/p>\n<p><img decoding=\"async\" src=\"https:\/\/www.hydraulic-cylinders.net\/wp-content\/uploads\/2025\/01\/songte-company-3.webp\"><\/p>\n<p>Autor: lyl<\/p>","protected":false},"excerpt":{"rendered":"<p>Arm Cylinder For TCK HD1636LC-8H Introduction The arm cylinder is a type of hydraulic cylinder designed specifically to provide linear motion and power to the arms of various types of machinery, such as excavators, cranes, and robotic arms. In a hydraulic system, the arm cylinder plays a critical role in enabling the movement and control [&hellip;]<\/p>","protected":false},"featured_media":14774,"comment_status":"open","ping_status":"closed","template":"","meta":{"_et_pb_use_builder":"","_et_pb_old_content":"","_et_gb_content_width":""},"product_brand":[],"product_cat":[1497],"product_tag":[1498,1496],"class_list":{"0":"post-16711","1":"product","2":"type-product","3":"status-publish","4":"has-post-thumbnail","6":"product_cat-arm-cylinders","7":"product_tag-arm-cylinders","8":"product_tag-hydraulic-cylinders","10":"first","11":"instock","12":"shipping-taxable","13":"product-type-simple"},"amp_enabled":true,"_links":{"self":[{"href":"https:\/\/www.hydraulic-cylinders.net\/ro\/wp-json\/wp\/v2\/product\/16711","targetHints":{"allow":["GET"]}}],"collection":[{"href":"https:\/\/www.hydraulic-cylinders.net\/ro\/wp-json\/wp\/v2\/product"}],"about":[{"href":"https:\/\/www.hydraulic-cylinders.net\/ro\/wp-json\/wp\/v2\/types\/product"}],"replies":[{"embeddable":true,"href":"https:\/\/www.hydraulic-cylinders.net\/ro\/wp-json\/wp\/v2\/comments?post=16711"}],"wp:featuredmedia":[{"embeddable":true,"href":"https:\/\/www.hydraulic-cylinders.net\/ro\/wp-json\/wp\/v2\/media\/14774"}],"wp:attachment":[{"href":"https:\/\/www.hydraulic-cylinders.net\/ro\/wp-json\/wp\/v2\/media?parent=16711"}],"wp:term":[{"taxonomy":"product_brand","embeddable":true,"href":"https:\/\/www.hydraulic-cylinders.net\/ro\/wp-json\/wp\/v2\/product_brand?post=16711"},{"taxonomy":"product_cat","embeddable":true,"href":"https:\/\/www.hydraulic-cylinders.net\/ro\/wp-json\/wp\/v2\/product_cat?post=16711"},{"taxonomy":"product_tag","embeddable":true,"href":"https:\/\/www.hydraulic-cylinders.net\/ro\/wp-json\/wp\/v2\/product_tag?post=16711"}],"curies":[{"name":"wp","href":"https:\/\/api.w.org\/{rel}","templated":true}]}}