{"id":16725,"date":"2025-01-21T05:49:47","date_gmt":"2025-01-21T05:49:47","guid":{"rendered":"https:\/\/www.hydraulic-cylinders.net\/product\/arm-cylinder-for-carter-ct150-8\/"},"modified":"2025-01-21T05:49:49","modified_gmt":"2025-01-21T05:49:49","slug":"arm-cylinder-for-carter-ct150-8","status":"publish","type":"product","link":"https:\/\/www.hydraulic-cylinders.net\/ro\/produs\/arm-cylinder-for-carter-ct150-8\/","title":{"rendered":"Cilindru de bra\u021b pentru Carter CT150-8"},"content":{"rendered":"<h2>Cilindru de bra\u021b pentru Carter CT150-8<\/h2>\n<p>Un cilindru de bra\u021b este un cilindru hidraulic special conceput, utilizat \u00een principal pentru a oferi mi\u0219care liniar\u0103 \u0219i putere bra\u021belor diferitelor utilaje, cum ar fi excavatoare, macarale \u0219i bra\u021be mecanice. Cilindrii de bra\u021b joac\u0103 un rol cheie \u00een sistemele hidraulice, permi\u021b\u00e2nd ata\u0219amentelor sau accesoriilor s\u0103 se mi\u0219te \u0219i s\u0103 se controleze eficient. Ace\u0219ti cilindri nu numai c\u0103 ofer\u0103 o mi\u0219care lin\u0103, dar rezist\u0103 \u0219i la sarcini grele, asigur\u00e2nd func\u021bionarea eficient\u0103 \u0219i fiabilitatea utilajelor \u00een diverse condi\u021bii de lucru.<\/p>\n<p><img decoding=\"async\" src=\"https:\/\/www.hydraulic-cylinders.net\/wp-content\/uploads\/2025\/01\/songte-company-2.webp\"\/><\/p>\n<h3>Caracteristici ale cilindrului bra\u021bului pentru Carter CT150-8<\/h3>\n<ul>\n<li>Transmisie eficient\u0103 a puterii: Cilindrii bra\u021bului ofer\u0103 o mi\u0219care liniar\u0103 puternic\u0103 \u0219i o for\u021b\u0103 puternic\u0103, asigur\u00e2nd performan\u021be ridicate ale bra\u021belor mecanice \u00een diverse opera\u021biuni.<\/li>\n<li>Control precis: Cilindrii bra\u021bului pot realiza un control precis al mi\u0219c\u0103rii prin intermediul sistemelor hidraulice, ceea ce face ca func\u021bionarea uneltelor ata\u0219ate s\u0103 fie mai flexibil\u0103 \u0219i mai precis\u0103.<\/li>\n<li>Durabilitate ridicat\u0103: Cilindrii bra\u021bului sunt de obicei fabrica\u021bi din materiale de \u00eenalt\u0103 rezisten\u021b\u0103, cu rezisten\u021b\u0103 bun\u0103 la uzur\u0103 \u0219i coroziune, potrivi\u021bi pentru utilizare pe termen lung \u00een medii dure.<\/li>\n<li>Adaptabilitate multifunc\u021bional\u0103: Ace\u0219ti cilindri pot fi utiliza\u021bi pe scar\u0103 larg\u0103 \u00een diverse echipamente mecanice, cum ar fi excavatoare, macarale \u0219i bra\u021be mecanice, adapt\u00e2ndu-se la diferite cerin\u021be de lucru.<\/li>\n<li>\u00centre\u021binere u\u0219oar\u0103: Designul ia \u00een considerare u\u0219urin\u021ba \u00eentre\u021binerii \u0219i \u00eenlocuirii, ceea ce face ca inspec\u021biile \u0219i \u00eentre\u021binerea regulat\u0103 s\u0103 fie mai convenabile, reduc\u00e2nd timpul de nefunc\u021bionare a echipamentelor.<\/li>\n<\/ul>\n<p>Putem produce acest produs, iar produsul nostru poate \u00eenlocui perfect ace\u0219ti cilindri hidraulici.<\/p>\n<p><img decoding=\"async\" src=\"https:\/\/www.hydraulic-cylinders.net\/wp-content\/uploads\/2025\/01\/songte-oil-pipes-and-spare-parts.webp\"\/><\/p>\n<h3>Aplica\u021bii ale cilindrului de bra\u021b pentru Carter CT150-8<\/h3>\n<p>Cilindrii cu bra\u021b sunt utiliza\u021bi \u00een diverse industrii \u0219i echipamente:<\/p>\n<ul>\n<li>Construc\u021bii: Cilindrii bra\u021bului sunt utiliza\u021bi pentru a controla mi\u0219carea cupelor sau a bra\u021belor excavatoarelor \u0219i macaralelor, pentru lucr\u0103ri de terasament, manipularea materialelor \u0219i instala\u021bii structurale.<\/li>\n<li>Fabrica\u021bie: Cilindrii bra\u021bului sunt utiliza\u021bi pentru mi\u0219carea bra\u021belor mecanice \u00een liniile de produc\u021bie automatizate, pentru procesele de asamblare, sudare \u0219i manipulare, \u00eembun\u0103t\u0103\u021bind eficien\u021ba \u0219i precizia produc\u021biei.<\/li>\n<li>Ma\u0219ini agricole: Cilindrii bra\u021bului controleaz\u0103 mi\u0219carea bra\u021bului de operare \u00een utilajele agricole, cum ar fi combinele de recoltat \u0219i sem\u0103n\u0103toarele, pentru sarcini precum sem\u0103natul, fertilizarea \u0219i recoltarea.<\/li>\n<li>Minerit: Cilindrii bra\u021bului sunt utiliza\u021bi pentru a controla mi\u0219carea bra\u021bului echipamentelor miniere, pentru mineritul \u0219i transportul minereurilor.<\/li>\n<li>Logistic\u0103 \u0219i transport: Cilindrii de bra\u021b sunt utiliza\u021bi pentru a controla ridicarea \u0219i mi\u0219carea furcilor \u00een stivuitoare \u0219i robo\u021bi de manipulare, pentru manipularea \u0219i stivuirea materialelor.<\/li>\n<\/ul>\n<h3>Criterii de selec\u021bie \u0219i luarea \u00een considerare a designului<\/h3>\n<p>Cilindrii bra\u021bului sunt proiecta\u021bi av\u00e2nd \u00een vedere considera\u021bii cheie privind capacitatea portant\u0103, etan\u0219are, durabilitate, siguran\u021b\u0103 \u0219i mentenan\u021b\u0103:<\/p>\n<ul>\n<li>Capacitate portant\u0103: Cilindrii bra\u021bului trebuie s\u0103 fie proiecta\u021bi pentru a suporta sarcina maxim\u0103 a utilajului.<\/li>\n<li>Etan\u0219are: Cilindrii bra\u021bului utilizeaz\u0103 diverse garnituri, cum ar fi garnituri de piston \u0219i garnituri de tij\u0103, fabricate din materiale rezistente la uzur\u0103, cum ar fi poliuretanul \u0219i cauciucul nitrilic, pentru a asigura performan\u021be maxime de etan\u0219are.<\/li>\n<li>Durabilitate: Cilindrii bra\u021bului sunt de obicei fabrica\u021bi din materiale de \u00eenalt\u0103 rezisten\u021b\u0103, cum ar fi o\u021belul aliat, cu tratamente de suprafa\u021b\u0103 precise pentru a cre\u0219te rezisten\u021ba la uzur\u0103 \u0219i rezisten\u021ba la coroziune.<\/li>\n<li>Siguran\u021b\u0103: Cilindrii bra\u021bului trebuie proiecta\u021bi cu diverse caracteristici de siguran\u021b\u0103, cum ar fi supape de suprapresiune \u0219i butoane de oprire de urgen\u021b\u0103, pentru a preveni accidentele.<\/li>\n<li>\u00centre\u021binere: Cilindrii bra\u021bului trebuie proiecta\u021bi pentru o \u00eentre\u021binere u\u0219oar\u0103, cu componente \u00eenlocuibile \u0219i acces facil pentru inspec\u021bii \u0219i repara\u021bii.<\/li>\n<\/ul>\n<p><img decoding=\"async\" src=\"https:\/\/www.hydraulic-cylinders.net\/wp-content\/uploads\/2025\/01\/songte-cylinder-head-with-all-kinds-excavator-models.webp\"\/><\/p>\n<h3>Etan\u0219are \u0219i lubrifiere<\/h3>\n<p>Cilindrii cu bra\u021b utilizeaz\u0103 diverse componente de etan\u0219are, cum ar fi etan\u0219\u0103ri de piston \u0219i etan\u0219\u0103ri de tij\u0103, fabricate din materiale rezistente la uzur\u0103, cum ar fi poliuretanul \u0219i cauciucul nitrilic. Corpul cilindrului \u0219i suprafa\u021ba filetat\u0103 a cap\u0103tului sunt prelucrate fin pentru a \u00eembun\u0103t\u0103\u021bi rezisten\u021ba la uzur\u0103. Lubrifierea regulat\u0103 cu ulei hidraulic este necesar\u0103 pentru a asigura o func\u021bionare f\u0103r\u0103 probleme \u0219i longevitatea cilindrului.<\/p>\n<h3>Inspec\u021bie periodic\u0103 \u0219i \u00eentre\u021binere preventiv\u0103<\/h3>\n<p>Inspec\u021bia periodic\u0103 \u0219i \u00eentre\u021binerea preventiv\u0103 sunt importante pentru a asigura func\u021bionarea eficient\u0103 \u0219i sigur\u0103 a cilindrilor bra\u021bului. C\u00e2teva m\u0103suri de \u00eentre\u021binere preventiv\u0103 includ:<\/p>\n<ul>\n<li>Checking the cylinder&#8217;s operating pressure and adjusting if necessary<\/li>\n<li>Verificarea scurgerilor de ulei sau a deterior\u0103rii tijei pistonului \u0219i a garniturilor<\/li>\n<li>Verificarea nealinierii sau a uzurii excesive a suporturilor cilindrului sau a pieselor de conectare<\/li>\n<li>Monitorizarea uzurii componentelor cilindrului \u0219i \u00eenlocuirea acestora atunci c\u00e2nd este necesar<\/li>\n<\/ul>\n<p><img decoding=\"async\" src=\"https:\/\/www.hydraulic-cylinders.net\/wp-content\/uploads\/2025\/01\/songte-chushion-collar.webp\"\/><\/p>\n<h3>Ghid de instalare pentru cilindrul bra\u021bului pentru Carter CT150-8<\/h3>\n<p>Instalarea corect\u0103 a cilindrilor bra\u021bului este esen\u021bial\u0103 pentru o func\u021bionare sigur\u0103 \u0219i fiabil\u0103. Trebuie urma\u021bi urm\u0103torii pa\u0219i:<\/p>\n<ol>\n<li>Inspecta\u021bi cilindrul \u0219i componentele sale \u00eenainte de instalare pentru a v\u0103 asigura c\u0103 nu prezint\u0103 deterior\u0103ri \u0219i resturi.<\/li>\n<li>Asigura\u021bi-v\u0103 c\u0103 suprafa\u021ba de montare este curat\u0103 \u0219i f\u0103r\u0103 bavuri sau muchii ascu\u021bite care pot deteriora cilindrul sau garniturile acestuia.<\/li>\n<li>Ata\u0219a\u021bi cilindrul la suprafa\u021ba de montare, utiliz\u00e2nd \u0219uruburile corecte \u0219i cuplul de str\u00e2ngere corespunz\u0103tor.<\/li>\n<li>Conecta\u021bi furtunurile hidraulice la cilindru, asigur\u00e2ndu-v\u0103 c\u0103 sunt trase \u0219i conectate corect la sistemul hidraulic.<\/li>\n<li>Umple\u021bi cilindrul cu ulei hidraulic \u0219i efectua\u021bi o opera\u021biune de prob\u0103 pentru a asigura func\u021bionarea corect\u0103 \u0219i absen\u021ba scurgerilor.<\/li>\n<\/ol>\n<h3>Considera\u021bii de siguran\u021b\u0103 \u0219i factori de mediu<\/h3>\n<p>C\u00e2nd utiliza\u021bi cilindri de bra\u021b, este important s\u0103 respecta\u021bi instruc\u021biunile \u0219i m\u0103surile de siguran\u021b\u0103 pentru a preveni accidentele \u0219i r\u0103nirile. Eliminarea corect\u0103 a uleiului hidraulic uzat \u0219i a componentelor este, de asemenea, esen\u021bial\u0103 pentru protejarea mediului. <\/p>\n<h3>Depanare \u0219i probleme frecvente<\/h3>\n<p>Printre problemele comune care pot ap\u0103rea la cilindrii bra\u021bului se num\u0103r\u0103 scurgeri, putere insuficient\u0103 \u0219i zgomote anormale. Pentru a diagnostica \u0219i rezolva aceste probleme, este important s\u0103 efectua\u021bi inspec\u021bii \u0219i \u00eentre\u021binere regulate \u0219i s\u0103 consulta\u021bi un profesionist, dac\u0103 este necesar.<\/p>\n<h3>Despre noi<\/h3>\n<p>Suntem un produc\u0103tor profesionist de cilindri hidraulici \u0219i un important angrosist \u0219i distribuitor pe pie\u021bele interne \u0219i interna\u021bionale. Respect\u0103m \u00eentotdeauna principiul calit\u0103\u021bii excelente, ne baz\u0103m pe strategii industrializate de management al produc\u021biei \u0219i ne \u00eembun\u0103t\u0103\u021bim continuu nivelul tehnic \u0219i eficien\u021ba produc\u021biei. Prin introducerea de echipamente digitale de fabrica\u021bie de ultim\u0103 genera\u021bie \u0219i sisteme profesionale de testare, optimiz\u0103m continuu platforma noastr\u0103 de fabrica\u021bie pentru a oferi clien\u021bilor produse de \u00eenalt\u0103 calitate \u0219i eficiente. Scopul nostru este de a satisface nevoile diverse ale clien\u021bilor cu eficien\u021b\u0103 ridicat\u0103, precizie \u0219i calitate superioar\u0103.<\/p>\n<p>Compania noastr\u0103 este cunoscut\u0103 pentru profesionalismul s\u0103u, certific\u0103rile interna\u021bionale, serviciile personalizate, echipamentele de produc\u021bie \u0219i serviciile post-v\u00e2nzare.<\/p>\n<p><img decoding=\"async\" src=\"https:\/\/www.hydraulic-cylinders.net\/wp-content\/uploads\/2025\/01\/songte-company-4.webp\"\/><\/p>\n<p><img decoding=\"async\" src=\"https:\/\/www.hydraulic-cylinders.net\/wp-content\/uploads\/2025\/01\/songte-company-3.webp\"\/><\/p>\n<p>Autor: lyl<\/p>","protected":false},"excerpt":{"rendered":"<p>Arm Cylinder For Carter CT150-8 An arm cylinder is a specially designed hydraulic cylinder that is mainly used to provide linear motion and power to the arms of various machinery, such as excavators, cranes, and mechanical arms. Arm cylinders play a key role in hydraulic systems, allowing attachments or accessories to move and control effectively. [&hellip;]<\/p>","protected":false},"featured_media":14763,"comment_status":"open","ping_status":"closed","template":"","meta":{"_et_pb_use_builder":"","_et_pb_old_content":"","_et_gb_content_width":""},"product_brand":[],"product_cat":[1497],"product_tag":[1498,1496],"class_list":{"0":"post-16725","1":"product","2":"type-product","3":"status-publish","4":"has-post-thumbnail","6":"product_cat-arm-cylinders","7":"product_tag-arm-cylinders","8":"product_tag-hydraulic-cylinders","10":"first","11":"instock","12":"shipping-taxable","13":"product-type-simple"},"amp_enabled":true,"_links":{"self":[{"href":"https:\/\/www.hydraulic-cylinders.net\/ro\/wp-json\/wp\/v2\/product\/16725","targetHints":{"allow":["GET"]}}],"collection":[{"href":"https:\/\/www.hydraulic-cylinders.net\/ro\/wp-json\/wp\/v2\/product"}],"about":[{"href":"https:\/\/www.hydraulic-cylinders.net\/ro\/wp-json\/wp\/v2\/types\/product"}],"replies":[{"embeddable":true,"href":"https:\/\/www.hydraulic-cylinders.net\/ro\/wp-json\/wp\/v2\/comments?post=16725"}],"wp:featuredmedia":[{"embeddable":true,"href":"https:\/\/www.hydraulic-cylinders.net\/ro\/wp-json\/wp\/v2\/media\/14763"}],"wp:attachment":[{"href":"https:\/\/www.hydraulic-cylinders.net\/ro\/wp-json\/wp\/v2\/media?parent=16725"}],"wp:term":[{"taxonomy":"product_brand","embeddable":true,"href":"https:\/\/www.hydraulic-cylinders.net\/ro\/wp-json\/wp\/v2\/product_brand?post=16725"},{"taxonomy":"product_cat","embeddable":true,"href":"https:\/\/www.hydraulic-cylinders.net\/ro\/wp-json\/wp\/v2\/product_cat?post=16725"},{"taxonomy":"product_tag","embeddable":true,"href":"https:\/\/www.hydraulic-cylinders.net\/ro\/wp-json\/wp\/v2\/product_tag?post=16725"}],"curies":[{"name":"wp","href":"https:\/\/api.w.org\/{rel}","templated":true}]}}