{"id":16738,"date":"2025-01-21T05:50:48","date_gmt":"2025-01-21T05:50:48","guid":{"rendered":"https:\/\/www.hydraulic-cylinders.net\/product\/arm-cylinder-for-kym-ky60a\/"},"modified":"2025-01-21T05:50:49","modified_gmt":"2025-01-21T05:50:49","slug":"arm-cylinder-for-kym-ky60a","status":"publish","type":"product","link":"https:\/\/www.hydraulic-cylinders.net\/ro\/produs\/arm-cylinder-for-kym-ky60a\/","title":{"rendered":"Cilindru bra\u021b pentru KYM KY60A"},"content":{"rendered":"<h2>Cilindru bra\u021b pentru KYM KY60A<\/h2>\n<h3>Introducere<\/h3>\n<p>Un cilindru de bra\u021b este un cilindru hidraulic special conceput, utilizat pentru a oferi mi\u0219care liniar\u0103 \u0219i putere bra\u021belor diferitelor utilaje, inclusiv excavatoare, macarale \u0219i bra\u021be mecanice. Acesta joac\u0103 un rol crucial \u00een sistemele hidraulice, permi\u021b\u00e2nd mi\u0219carea \u0219i controlul eficient al uneltelor sau ata\u0219amentelor suplimentare. Ace\u0219ti cilindri nu numai c\u0103 ofer\u0103 o mi\u0219care lin\u0103, dar rezist\u0103 \u0219i la sarcini grele, asigur\u00e2nd func\u021bionarea eficient\u0103 \u0219i fiabilitatea utilajelor \u00een diverse condi\u021bii de func\u021bionare.<\/p>\n<p><img decoding=\"async\" src=\"https:\/\/www.hydraulic-cylinders.net\/wp-content\/uploads\/2025\/01\/songte-company-2.webp\" alt=\"Cilindru bra\u021b pentru KYM KY60A\" \/><\/p>\n<h3>Caracteristici<\/h3>\n<ul>\n<li>Transmisie de \u00eenalt\u0103 eficien\u021b\u0103: Cilindrii bra\u021bului ofer\u0103 o mi\u0219care liniar\u0103 puternic\u0103 \u0219i o for\u021b\u0103, asigur\u00e2nd performan\u021be de \u00eenalt\u0103 eficien\u021b\u0103 ale bra\u021belor mecanice \u00een diverse opera\u021biuni.<\/li>\n<li>Control de precizie: Prin intermediul sistemului hidraulic, cilindrii bra\u021bului pot realiza un control precis al mi\u0219c\u0103rii, ceea ce face ca operarea uneltelor suplimentare s\u0103 fie mai flexibil\u0103 \u0219i mai precis\u0103.<\/li>\n<li>Durabilitate mare: Cilindrii bra\u021bului sunt de obicei fabrica\u021bi din materiale de \u00eenalt\u0103 rezisten\u021b\u0103 \u0219i au o bun\u0103 rezisten\u021b\u0103 la uzur\u0103 \u0219i coroziune, ceea ce \u00eei face potrivi\u021bi pentru utilizarea pe termen lung \u00een medii dure.<\/li>\n<li>Adaptabilitate multifunc\u021bional\u0103: Ace\u0219ti cilindri pot fi utiliza\u021bi pe scar\u0103 larg\u0103 \u00een diverse tipuri de utilaje, cum ar fi excavatoare, macarale \u0219i bra\u021be mecanice, pentru a satisface diferite nevoi opera\u021bionale.<\/li>\n<li>\u00centre\u021binere u\u0219oar\u0103: Designul ia \u00een considerare u\u0219urin\u021ba \u00eentre\u021binerii \u0219i \u00eenlocuirii, ceea ce face ca inspec\u021bia \u0219i \u00eentre\u021binerea regulat\u0103 s\u0103 fie mai convenabile \u0219i reduce timpul de nefunc\u021bionare a echipamentelor.<\/li>\n<\/ul>\n<p>Putem produce acest produs \u0219i poate \u00eenlocui perfect ace\u0219ti cilindri hidraulici.<\/p>\n<p><img decoding=\"async\" src=\"https:\/\/www.hydraulic-cylinders.net\/wp-content\/uploads\/2025\/01\/songte-oil-pipes-and-spare-parts.webp\" alt=\"Cilindru bra\u021b pentru KYM KY60A\" \/><\/p>\n<h3>Aplica\u021bii<\/h3>\n<p>Cilindrii cu bra\u021b au o gam\u0103 larg\u0103 de aplica\u021bii \u00een diverse industrii, inclusiv:<\/p>\n<ul>\n<li>Construc\u021bii: \u00cen excavatoare \u0219i macarale, cilindrii bra\u021bului sunt utiliza\u021bi pentru a controla mi\u0219carea cupelor sau a bra\u021belor pentru lucr\u0103ri de terasament, manipularea materialelor \u0219i instalarea structural\u0103.<\/li>\n<li>Fabrica\u021bie: \u00cen liniile de produc\u021bie automatizate, cilindrii bra\u021bului sunt utiliza\u021bi pentru mi\u0219carea bra\u021belor mecanice \u00een timpul asambl\u0103rii, sud\u0103rii \u0219i manipul\u0103rii materialelor, \u00eembun\u0103t\u0103\u021bind eficien\u021ba \u0219i precizia produc\u021biei.<\/li>\n<li>Ma\u0219ini agricole: \u00cen cazul ma\u0219inilor agricole, cum ar fi combinele de recoltat \u0219i sem\u0103n\u0103toarele, cilindrii bra\u021bului controleaz\u0103 mi\u0219carea bra\u021belor de operare pentru sarcini precum plantarea, fertilizarea \u0219i recoltarea.<\/li>\n<li>Minerit: \u00cen echipamentele miniere, cilindrii bra\u021bului sunt utiliza\u021bi pentru a controla mi\u0219carea bra\u021belor echipamentelor miniere, pentru extrac\u021bia \u0219i transportul minereului.<\/li>\n<li>Logistic\u0103 \u0219i transport: \u00cen cazul stivuitoarelor \u0219i robo\u021bilor de manipulare, cilindrii bra\u021bului sunt utiliza\u021bi pentru a controla ridicarea \u0219i mi\u0219carea furcilor, facilit\u00e2nd manipularea \u0219i stivuirea materialelor.<\/li>\n<\/ul>\n<h3>Considera\u021bii de proiectare \u0219i criterii de selec\u021bie<\/h3>\n<p>Din perspectiva proiect\u0103rii, cilindrii bra\u021bului trebuie s\u0103 ia \u00een considerare capacitatea portant\u0103, etan\u0219area, durabilitatea, siguran\u021ba \u0219i mentenabilitatea. Urm\u0103toarele sunt punctele cheie:<\/p>\n<ul>\n<li>Capacitate portant\u0103: Cilindrii bra\u021bului trebuie s\u0103 poat\u0103 suporta sarcina maxim\u0103 a utilajului, men\u021bin\u00e2ndu-\u0219i \u00een acela\u0219i timp fiabilitatea \u0219i precizia.<\/li>\n<li>Etan\u0219are: Cilindrii bra\u021bului necesit\u0103 diverse etan\u0219\u0103ri, cum ar fi etan\u0219\u0103ri de piston, etan\u0219\u0103ri de tij\u0103 etc., care trebuie s\u0103 fie fabricate din materiale rezistente la uzur\u0103, cum ar fi poliuretanul \u0219i cauciucul nitrilic, pentru a asigura longevitatea etan\u0219\u0103rilor.<\/li>\n<li>Durabilitate: Cilindrii bra\u021bului sunt adesea supu\u0219i unor condi\u021bii dure \u0219i trebuie s\u0103 fie fabrica\u021bi din materiale de \u00eenalt\u0103 rezisten\u021b\u0103, cum ar fi o\u021belul aliat, pentru a le asigura durabilitatea \u0219i longevitatea.<\/li>\n<li>Siguran\u021b\u0103: Cilindrii bra\u021bului trebuie s\u0103 fie proiecta\u021bi pentru a preveni accidentele \u0219i a asigura siguran\u021ba personalului \u0219i a utilajelor. Ace\u0219tia trebuie s\u0103 respecte standardele \u0219i reglement\u0103rile de siguran\u021b\u0103 relevante.<\/li>\n<li>\u00centre\u021binere: Cilindrii bra\u021bului trebuie proiecta\u021bi pentru a facilita \u00eentre\u021binerea \u0219i repararea, cum ar fi accesul facil la garnituri \u0219i alte componente.<\/li>\n<\/ul>\n<p><img decoding=\"async\" src=\"https:\/\/www.hydraulic-cylinders.net\/wp-content\/uploads\/2025\/01\/songte-cylinder-head-with-all-kinds-excavator-models.webp\" alt=\"Cilindru bra\u021b pentru KYM KY60A\" \/><\/p>\n<h3>Etan\u0219are \u0219i lubrifiere<\/h3>\n<p>\u00cen cilindrii bra\u021bului trebuie utilizate diverse tipuri de etan\u0219\u0103ri, cum ar fi etan\u0219\u0103rile pistonului \u0219i etan\u0219\u0103rile tijei. Aceste etan\u0219\u0103ri trebuie s\u0103 fie fabricate din materiale rezistente la uzur\u0103, cum ar fi poliuretanul \u0219i cauciucul nitrilic. Chiulasa \u0219i suprafa\u021ba filetat\u0103 a corpului cilindrului trebuie prelucrate fin pentru a \u00eembun\u0103t\u0103\u021bi rezisten\u021ba la uzur\u0103. De asemenea, este necesar\u0103 ad\u0103ugarea regulat\u0103 de ulei hidraulic adecvat pentru lubrifiere.<\/p>\n<h3>Inspec\u021bie regulat\u0103 \u0219i m\u0103suri de \u00eentre\u021binere preventiv\u0103<\/h3>\n<p>Inspec\u021bia regulat\u0103 \u0219i \u00eentre\u021binerea preventiv\u0103 sunt esen\u021biale pentru a asigura func\u021bionarea corect\u0103 a cilindrilor bra\u021bului. Trebuie luate urm\u0103toarele m\u0103suri:<\/p>\n<ul>\n<li>Verifica\u021bi periodic garniturile pentru uzur\u0103 \u0219i \u00eenlocui\u021bi-le dac\u0103 este necesar.<\/li>\n<li>Verifica\u021bi corpul cilindrului \u0219i pistonul pentru a depista eventualele deterior\u0103ri sau uzur\u0103 \u0219i \u00eenlocui\u021bi-le dac\u0103 este necesar.<\/li>\n<li>Verifica\u021bi suprafa\u021ba cap\u0103tului filetat pentru uzur\u0103 \u0219i zg\u00e2rieturi \u0219i repara\u021bi-o sau \u00eenlocui\u021bi-o dac\u0103 este necesar.<\/li>\n<li>Ad\u0103uga\u021bi regulat ulei hidraulic adecvat pentru lubrifiere.<\/li>\n<li>Inspec\u021bia \u0219i \u00eentre\u021binerea periodic\u0103 a sistemului hidraulic.<\/li>\n<\/ul>\n<p><img decoding=\"async\" src=\"https:\/\/www.hydraulic-cylinders.net\/wp-content\/uploads\/2025\/01\/songte-chushion-collar.webp\" alt=\"Cilindru bra\u021b pentru KYM KY60A\" \/><\/p>\n<h3>Ghid de instalare a produsului<\/h3>\n<p>Urma\u021bi aceste instruc\u021biuni pentru instalarea corect\u0103 a cilindrilor bra\u021bului:<\/p>\n<ul>\n<li>Asigura\u021bi-v\u0103 c\u0103 suprafa\u021ba de montare este curat\u0103 \u0219i lipsit\u0103 de resturi \u0219i contaminan\u021bi.<\/li>\n<li>Alinia\u021bi cilindrul cu suprafa\u021ba de montare \u0219i instala\u021bi \u0219uruburile sau \u0219uruburile de montare.<\/li>\n<li>Conecta\u021bi furtunurile hidraulice la cilindru conform schemei circuitului hidraulic.<\/li>\n<li>Umple\u021bi sistemul hidraulic cu uleiul hidraulic corespunz\u0103tor.<\/li>\n<li>Testa\u021bi cilindrul pentru func\u021bionare corect\u0103.<\/li>\n<\/ul>\n<h3>Considera\u021bii de siguran\u021b\u0103 \u0219i factori de mediu<\/h3>\n<p>M\u0103surile de siguran\u021b\u0103 sunt cruciale atunci c\u00e2nd se lucreaz\u0103 cu utilaje care au cilindri de bra\u021b. O instruire \u0219i o educa\u021bie adecvate privind operarea \u0219i \u00eentre\u021binerea utilajelor sunt necesare pentru a asigura siguran\u021ba personalului \u0219i a utilajelor. De asemenea, trebuie lua\u021bi \u00een considerare factorii de mediu precum temperatura, umiditatea, praful \u0219i resturile \u0219i trebuie luate m\u0103suri adecvate pentru a asigura func\u021bionarea corect\u0103 a cilindrilor de bra\u021b.<\/p>\n<h3>Depanare \u0219i probleme frecvente<\/h3>\n<p>Problemele frecvente ale cilindrilor bra\u021bului includ scurgeri, performan\u021b\u0103 redus\u0103 \u0219i deteriorarea garniturilor. Depanarea se poate face prin verificarea garniturilor, a nivelului de lichid hidraulic \u0219i a debitului sistemului hidraulic. \u00cen majoritatea cazurilor, problema poate fi rezolvat\u0103 prin \u00eenlocuirea garniturilor sau repararea sistemului hidraulic. M\u0103surile preventive, cum ar fi \u00eentre\u021binerea regulat\u0103, pot reduce probabilitatea apari\u021biei problemelor \u0219i pot cre\u0219te longevitatea cilindrilor bra\u021bului.<\/p>\n<p><img decoding=\"async\" src=\"https:\/\/www.hydraulic-cylinders.net\/wp-content\/uploads\/2025\/01\/songte-bushings-with-all-kinds-of-excavator-models.webp\" alt=\"Cilindru bra\u021b pentru KYM KY60A\" \/><\/p>\n<h3>Despre noi<\/h3>\n<p>Suntem un produc\u0103tor profesionist de cilindri hidraulici de schimb cu o gam\u0103 larg\u0103 de produse \u0219i am devenit unul dintre principalii produc\u0103tori \u0219i distribuitori angro de cilindri hidraulici pe pie\u021bele interne \u0219i externe. Respect\u0103m \u00eentotdeauna principiul calit\u0103\u021bii excelente \u0219i ne baz\u0103m pe strategii de management al produc\u021biei industriale \u00een atelierele noastre fin fabricate pentru a ne \u00eembun\u0103t\u0103\u021bi continuu nivelul tehnologic \u0219i eficien\u021ba produc\u021biei. Prin introducerea de echipamente digitale de fabrica\u021bie de ultim\u0103 genera\u021bie \u0219i sisteme profesionale de testare, optimiz\u0103m platforma noastr\u0103 de fabrica\u021bie, \u00eembun\u0103t\u0103\u021bim procesele de control al calit\u0103\u021bii produselor noastre \u0219i avem capacit\u0103\u021bi puternice de inovare. Scopul nostru este de a satisface nevoile diverse ale clien\u021bilor cu eficien\u021b\u0103 ridicat\u0103, precizie \u0219i principii de \u00eenalt\u0103 calitate.<\/p>\n<p>Ne m\u00e2ndrim cu profesionalismul nostru, certific\u0103rile interna\u021bionale, serviciile personalizate, echipamentele de produc\u021bie \u0219i serviciile post-v\u00e2nzare.<\/p>\n<p><img decoding=\"async\" src=\"https:\/\/www.hydraulic-cylinders.net\/wp-content\/uploads\/2025\/01\/songte-company-4.webp\" alt=\"Cilindru bra\u021b pentru KYM KY60A\" \/><br \/>\n<img decoding=\"async\" src=\"https:\/\/www.hydraulic-cylinders.net\/wp-content\/uploads\/2025\/01\/songte-company-3.webp\" alt=\"Cilindru bra\u021b pentru KYM KY60A\" \/><\/p>\n<p>Autor: lyl.<\/p>","protected":false},"excerpt":{"rendered":"<p>Arm Cylinder For KYM KY60A Introduction An arm cylinder is a specially designed hydraulic cylinder used to provide linear motion and power to the arms of various machinery including excavators, cranes, and mechanical arms. It plays a crucial role in hydraulic systems, enabling the effective movement and control of additional tools or attachments. These cylinders [&hellip;]<\/p>","protected":false},"featured_media":14783,"comment_status":"open","ping_status":"closed","template":"","meta":{"_et_pb_use_builder":"","_et_pb_old_content":"","_et_gb_content_width":""},"product_brand":[],"product_cat":[1497],"product_tag":[1498,1496],"class_list":{"0":"post-16738","1":"product","2":"type-product","3":"status-publish","4":"has-post-thumbnail","6":"product_cat-arm-cylinders","7":"product_tag-arm-cylinders","8":"product_tag-hydraulic-cylinders","10":"first","11":"instock","12":"shipping-taxable","13":"product-type-simple"},"amp_enabled":true,"_links":{"self":[{"href":"https:\/\/www.hydraulic-cylinders.net\/ro\/wp-json\/wp\/v2\/product\/16738","targetHints":{"allow":["GET"]}}],"collection":[{"href":"https:\/\/www.hydraulic-cylinders.net\/ro\/wp-json\/wp\/v2\/product"}],"about":[{"href":"https:\/\/www.hydraulic-cylinders.net\/ro\/wp-json\/wp\/v2\/types\/product"}],"replies":[{"embeddable":true,"href":"https:\/\/www.hydraulic-cylinders.net\/ro\/wp-json\/wp\/v2\/comments?post=16738"}],"wp:featuredmedia":[{"embeddable":true,"href":"https:\/\/www.hydraulic-cylinders.net\/ro\/wp-json\/wp\/v2\/media\/14783"}],"wp:attachment":[{"href":"https:\/\/www.hydraulic-cylinders.net\/ro\/wp-json\/wp\/v2\/media?parent=16738"}],"wp:term":[{"taxonomy":"product_brand","embeddable":true,"href":"https:\/\/www.hydraulic-cylinders.net\/ro\/wp-json\/wp\/v2\/product_brand?post=16738"},{"taxonomy":"product_cat","embeddable":true,"href":"https:\/\/www.hydraulic-cylinders.net\/ro\/wp-json\/wp\/v2\/product_cat?post=16738"},{"taxonomy":"product_tag","embeddable":true,"href":"https:\/\/www.hydraulic-cylinders.net\/ro\/wp-json\/wp\/v2\/product_tag?post=16738"}],"curies":[{"name":"wp","href":"https:\/\/api.w.org\/{rel}","templated":true}]}}