{"id":1674,"date":"2023-10-11T02:36:33","date_gmt":"2023-10-11T02:36:33","guid":{"rendered":"https:\/\/hydraulic-cylinders.net\/?post_type=product&#038;p=1674"},"modified":"2025-04-11T03:46:16","modified_gmt":"2025-04-11T03:46:16","slug":"press-centering-cylinder","status":"publish","type":"product","link":"https:\/\/www.hydraulic-cylinders.net\/ro\/produs\/press-centering-cylinder\/","title":{"rendered":"Cilindru de centrare a presei"},"content":{"rendered":"<h1 style=\"text-align: center;\"><strong>Cilindru de centrare a presei<\/strong><\/h1>\n<p><img loading=\"lazy\" decoding=\"async\" class=\"alignnone size-medium wp-image-1675 aligncenter\" src=\"https:\/\/hydraulic-cylinders.net\/wp-content\/uploads\/2023\/10\/centering-cylinder-1-300x300.webp\" alt=\"\" width=\"300\" height=\"300\" \/><\/p>\n<p>Cilindrul de centrare al presei este o unealt\u0103 de ultim\u0103 genera\u021bie, conceput\u0103 pentru a spori precizia \u0219i eficien\u021ba \u00eentr-o gam\u0103 larg\u0103 de aplica\u021bii de presare. Acest cilindru inovator este proiectat meticulos pentru a asigura o centrare precis\u0103 a pieselor de prelucrat, asigur\u00e2nd o aliniere optim\u0103 \u0219i reduc\u00e2nd timpul de configurare.<\/p>\n<p>Cilindrul de centrare a presei este indispensabil pentru realizarea unor opera\u021biuni de presare precise \u0219i eficiente. Datorit\u0103 centr\u0103rii precise, performan\u021bei reglabile, timpului de r\u0103spuns rapid \u0219i construc\u021biei robuste, acest cilindru permite operatorilor s\u0103 alinieze piesele de prelucrat cu cea mai mare precizie, reduc\u00e2nd timpul de configurare \u0219i sporind productivitatea general\u0103. Urm\u00e2nd metodele de utilizare \u0219i practicile de \u00eentre\u021binere recomandate, pute\u021bi maximiza performan\u021ba, longevitatea \u0219i siguran\u021ba cilindrului de centrare a presei \u00een opera\u021biunile dumneavoastr\u0103 de presare. Alege\u021bi acest cilindru pentru a v\u0103 \u00eembun\u0103t\u0103\u021bi capacit\u0103\u021bile de presare \u0219i pentru a experimenta o aliniere \u0219i o eficien\u021b\u0103 superioare.<\/p>\n<p>Caracteristici cheie ale cilindrului de centrare a presei:<\/p>\n<ul>\n<li>Centrare precis\u0103:\n<ul>\n<li>Cilindrul de centrare al presei este special conceput pentru centrarea precis\u0103 a pieselor de prelucrat \u00een timpul opera\u021biunilor de presare.<\/li>\n<li>Mecanismul s\u0103u avansat asigur\u0103 alinierea precis\u0103 a piesei de prelucrat, reduc\u00e2nd la minimum riscul de nealiniere sau erori.<\/li>\n<\/ul>\n<\/li>\n<li>Performan\u021b\u0103 reglabil\u0103:\n<ul>\n<li>Acest cilindru ofer\u0103 capacit\u0103\u021bi de centrare reglabile, permi\u021b\u00e2nd operatorilor s\u0103 regleze fin alinierea \u00een func\u021bie de cerin\u021bele specifice fiec\u0103rei aplica\u021bii.<\/li>\n<li>Prin personalizarea set\u0103rilor de centrare, pute\u021bi ob\u021bine rezultate optime pentru diferite dimensiuni, forme \u0219i materiale ale pieselor de prelucrat.<\/li>\n<\/ul>\n<\/li>\n<li>Timp de r\u0103spuns rapid:\n<ul>\n<li>Cilindrul de centrare al presei se m\u00e2ndre\u0219te cu un timp de r\u0103spuns rapid, permi\u021b\u00e2nd centrarea rapid\u0103 \u0219i eficient\u0103 a pieselor de prelucrat.<\/li>\n<li>Ac\u021biunea rapid\u0103 reduce timpul total al ciclului, sporind productivitatea \u0219i randamentul opera\u021biunilor de presare.<\/li>\n<\/ul>\n<\/li>\n<li>Construc\u021bie robust\u0103:\n<ul>\n<li>Acest cilindru este construit av\u00e2nd \u00een vedere durabilitatea, fiind realizat cu materiale de \u00eenalt\u0103 calitate \u0219i inginerie de precizie.<\/li>\n<li>Construc\u021bia sa robust\u0103 asigur\u0103 performan\u021be de lung\u0103 durat\u0103, chiar \u0219i \u00een medii industriale solicitante.<\/li>\n<\/ul>\n<\/li>\n<\/ul>\n<h2><strong>Parametrul cilindrului de centrare a presei:<\/strong><\/h2>\n<table border=\"1\" cellspacing=\"0\" cellpadding=\"0\">\n<tbody>\n<tr>\n<td>Nume produs<\/td>\n<td>Cilindru de centrare pentru pres\u0103 hidraulic\u0103<\/td>\n<\/tr>\n<tr>\n<td>Caracteristici:<\/td>\n<td>Asigura\u021bi pozi\u021bia central\u0103 a capului de prindere<\/td>\n<\/tr>\n<tr>\n<td>Diametrul alezajului:<\/td>\n<td>50mm\uff5e190mm<\/td>\n<\/tr>\n<tr>\n<td>Diametrul tijei:<\/td>\n<td>35mm\uff5e150mm<br \/>\nCurs\u0103 \u2264 1200 mm<\/td>\n<\/tr>\n<tr>\n<td>For\u021ba de \u00eempingere:<\/td>\n<td>Maxim 441KN<br \/>\n(Diametrul cilindrului 190 mm \/ presiune 25 MPa)<\/td>\n<\/tr>\n<tr>\n<td>Aplica\u021bii ale cilindrului de centrare:<\/td>\n<td>Pres\u0103 hidraulic\u0103<\/td>\n<\/tr>\n<\/tbody>\n<\/table>\n<div><\/div>\n<div>\n<div class=\"txtboxL\">Caracteristici:<\/div>\n<div class=\"txtboxR\">Asigura\u021bi pozi\u021bia central\u0103 a capului de prindere<\/div>\n<div class=\"txtboxL\">Specifica\u021bii:<\/div>\n<div class=\"txtboxR\">Diametrul alezajului: 50 mm ~ 190 mm<br \/>\nDiametrul tijei: 35 mm ~ 150 mm<br \/>\nCurs\u0103 \u2264 1200 mm<\/div>\n<div class=\"txtboxL\">For\u021ba de \u00eempingere:<\/div>\n<div class=\"txtboxR\">Maxim 441KN<br \/>\n(Diametrul cilindrului 190 mm \/ presiune 25 MPa)<\/div>\n<\/div>\n<h2><strong>Fabric\u0103 de cilindri de pres\u0103:<\/strong><\/h2>\n<p><img loading=\"lazy\" decoding=\"async\" class=\"alignnone wp-image-1619 size-full\" src=\"https:\/\/hydraulic-cylinders.net\/wp-content\/uploads\/2023\/10\/press-cylinder.webp\" alt=\"\" width=\"1418\" height=\"946\" srcset=\"https:\/\/hydraulic-cylinders.net\/wp-content\/uploads\/2023\/10\/press-cylinder.webp 1418w, https:\/\/hydraulic-cylinders.net\/wp-content\/uploads\/2023\/10\/press-cylinder-1280x854.webp 1280w, https:\/\/hydraulic-cylinders.net\/wp-content\/uploads\/2023\/10\/press-cylinder-980x654.webp 980w, https:\/\/hydraulic-cylinders.net\/wp-content\/uploads\/2023\/10\/press-cylinder-480x320.webp 480w\" sizes=\"(min-width: 0px) and (max-width: 480px) 480px, (min-width: 481px) and (max-width: 980px) 980px, (min-width: 981px) and (max-width: 1280px) 1280px, (min-width: 1281px) 1418px, 100vw\" \/><\/p>\n<h2><strong>Metoda de utilizare a cilindrului de centrare a presei<\/strong><strong>:<\/strong><\/h2>\n<ul>\n<li><strong>Instalare:<\/strong>\n<ul>\n<li>Monta\u021bi cilindrul de centrare a presei \u00een siguran\u021b\u0103 \u00een loca\u021bia dorit\u0103, asigur\u00e2nd o aliniere corect\u0103 cu echipamentul de presare.<\/li>\n<li>Conecta\u021bi conductele hidraulice conform instruc\u021biunilor produc\u0103torului, asigur\u00e2nd curgerea corect\u0103 a fluidului \u0219i evit\u00e2nd scurgerile.<\/li>\n<\/ul>\n<\/li>\n<li><strong>Reglarea centr\u0103rii:<\/strong>\n<ul>\n<li>Familiariza\u021bi-v\u0103 cu mecanismul de reglare a centr\u0103rii oferit de cilindru.<\/li>\n<li>De obicei, ajust\u0103rile pot fi f\u0103cute folosind butoane de control, ro\u021bi de m\u00e2n\u0103 sau comenzi digitale.<\/li>\n<li>Urma\u021bi instruc\u021biunile produc\u0103torului pentru a efectua ajust\u0103ri precise de centrare \u00een func\u021bie de dimensiunile piesei de prelucrat \u0219i de cerin\u021bele de aliniere.<\/li>\n<\/ul>\n<\/li>\n<li><strong>Alinierea piesei de lucru:<\/strong>\n<ul>\n<li>Pozi\u021biona\u021bi piesa de prelucrat pe platforma presei, asigur\u00e2ndu-v\u0103 c\u0103 este aliniat\u0103 cu cilindrul de centrare.<\/li>\n<li>Activa\u021bi cilindrul pentru a cupla mecanismul de centrare \u0219i a fixa piesa de prelucrat \u00een pozi\u021bia dorit\u0103.<\/li>\n<li>Verifica\u021bi alinierea vizual sau folosind instrumente de m\u0103surare pentru a asigura o centrare precis\u0103.<\/li>\n<\/ul>\n<\/li>\n<li><strong>Opera\u021biune de presare:<\/strong>\n<ul>\n<li>Dup\u0103 ce piesa de prelucrat este aliniat\u0103 corect, continua\u021bi cu opera\u021biunea de presare conform procedurilor standard.<\/li>\n<li>Cilindrul de centrare al presei va men\u021bine alinierea \u0219i stabilitatea piesei de prelucrat pe tot parcursul procesului de presare, reduc\u00e2nd la minimum riscul de nealiniere sau deteriorare.<\/li>\n<\/ul>\n<\/li>\n<\/ul>\n<h2><strong>Cum se aerise\u0219te cilindrul hidraulic?<\/strong><\/h2>\n<p>Aerisirea unui cilindru hidraulic este o sarcin\u0103 esen\u021bial\u0103 de \u00eentre\u021binere care ajut\u0103 la eliminarea aerului sau a gazelor prinse \u00een sistem. Iat\u0103 un ghid pas cu pas despre cum se aerise\u0219te un cilindru hidraulic:<\/p>\n<p>Not\u0103: \u00cenainte de a continua procesul de aerisire, asigura\u021bi-v\u0103 c\u0103 ave\u021bi uneltele \u0219i echipamentul de siguran\u021b\u0103 necesare \u0219i urma\u021bi toate instruc\u021biunile specifice furnizate de produc\u0103torul sistemului hidraulic.<\/p>\n<ol>\n<li><strong>M\u0103suri de siguran\u021b\u0103:<\/strong>\n<ul>\n<li>Purta\u021bi echipament de protec\u021bie adecvat, cum ar fi m\u0103nu\u0219i \u0219i ochelari de protec\u021bie, pentru a v\u0103 proteja de poten\u021bialele scurgeri sau stropi de lichid hidraulic.<\/li>\n<li>Asigura\u021bi-v\u0103 c\u0103 sistemul hidraulic este depresurizat prin oprirea sursei de alimentare \u0219i eliberarea oric\u0103rei presiuni stocate.<\/li>\n<\/ul>\n<\/li>\n<li><strong>Localiza\u021bi supapa de purjare:<\/strong>\n<ul>\n<li>Identifica\u021bi supapa de aerisire de pe cilindrul hidraulic. Supapa de aerisire este de obicei o supap\u0103 mic\u0103, de tip \u0219urub, situat\u0103 pe corpul cilindrului sau \u00een apropierea conductelor hidraulice conectate la cilindru.<\/li>\n<li>Dac\u0103 nu sunte\u021bi sigur de amplasarea supapei de purjare, consulta\u021bi documenta\u021bia produc\u0103torului sau solicita\u021bi asisten\u021b\u0103 profesional\u0103.<\/li>\n<\/ul>\n<\/li>\n<li><strong>Preg\u0103tirea pentru recoltarea fluidelor:<\/strong>\n<ul>\n<li>A\u0219eza\u021bi un recipient adecvat sau un material absorbant sub supapa de purjare pentru a colecta orice lichid care s-ar putea elibera \u00een timpul procesului de purjare. Acest lucru previne scurgerile \u0219i contaminarea mediului.<\/li>\n<\/ul>\n<\/li>\n<li><strong>Deschide\u021bi supapa de aerisire:<\/strong>\n<ul>\n<li>Folosind o cheie sau o unealt\u0103 adecvat\u0103, sl\u0103bi\u021bi cu grij\u0103 supapa de aerisire \u00een sens invers acelor de ceasornic. Ave\u021bi grij\u0103 s\u0103 nu scoate\u021bi complet supapa \u00een aceast\u0103 etap\u0103.<\/li>\n<li>Deschiderea supapei de purjare creeaz\u0103 o ie\u0219ire pentru ca aerul sau gazele prinse \u00een cilindru s\u0103 ias\u0103.<\/li>\n<\/ul>\n<\/li>\n<li><strong>Activarea sistemului hidraulic:<\/strong>\n<ul>\n<li>Porni\u021bi sau activa\u021bi sistemul hidraulic utiliz\u00e2nd metoda recomandat\u0103 de produc\u0103tor. Aceasta poate implica pornirea unit\u0103\u021bii de alimentare sau ac\u021bionarea echipamentului hidraulic care utilizeaz\u0103 cilindrul.<\/li>\n<\/ul>\n<\/li>\n<li><strong>Observa\u021bi curgerea fluidului:<\/strong>\n<ul>\n<li>Pe m\u0103sur\u0103 ce sistemul hidraulic func\u021bioneaz\u0103, ve\u021bi observa fluid curg\u00e2nd prin supapa de purjare.<\/li>\n<li>L\u0103sa\u021bi fluidul s\u0103 curg\u0103 liber pentru o perioad\u0103 suficient de lung\u0103 pentru a v\u0103 asigura c\u0103 orice aer sau gaze prinse sunt eliminate din cilindru.<\/li>\n<li>Monitoriza\u021bi cu aten\u021bie nivelul lichidului din recipient \u0219i fi\u021bi preg\u0103ti\u021bi s\u0103 \u00eenchide\u021bi supapa de aerisire atunci c\u00e2nd debitul de lichid devine constant \u0219i f\u0103r\u0103 bule de aer.<\/li>\n<\/ul>\n<\/li>\n<li><strong>\u00cenchide\u021bi supapa de aerisire:<\/strong>\n<ul>\n<li>Dup\u0103 ce debitul fluidului se stabilizeaz\u0103 \u0219i nu mai con\u021bine bule de aer, str\u00e2nge\u021bi cu grij\u0103 supapa de aerisire \u00een sensul acelor de ceasornic. Asigura\u021bi-v\u0103 c\u0103 este str\u00e2ns\u0103, dar evita\u021bi str\u00e2ngerea excesiv\u0103 pentru a preveni deteriorarea supapei sau a cilindrului.<\/li>\n<\/ul>\n<\/li>\n<li><strong>Verificarea func\u021bion\u0103rii sistemului:<\/strong>\n<ul>\n<li>Dup\u0103 \u00eenchiderea supapei de aerisire, ac\u021biona\u021bi sistemul hidraulic pentru a verifica dac\u0103 cilindrul func\u021bioneaz\u0103 corect.<\/li>\n<li>Monitoriza\u021bi mi\u0219carea, viteza de r\u0103spuns \u0219i performan\u021ba general\u0103 a cilindrului pentru a v\u0103 asigura c\u0103 procesul de aerisire a fost reu\u0219it.<\/li>\n<\/ul>\n<\/li>\n<li><strong>Cur\u0103\u021benie \u0219i siguran\u021b\u0103:<\/strong>\n<ul>\n<li>Cur\u0103\u021ba\u021bi orice lichid hidraulic v\u0103rsat, asigur\u00e2ndu-v\u0103 c\u0103 zona de lucru este curat\u0103 \u0219i lipsit\u0103 de pericole poten\u021biale.<\/li>\n<li>Elimina\u021bi lichidul colectat \u00een conformitate cu reglement\u0103rile locale \u0219i directivele de mediu.<\/li>\n<\/ul>\n<\/li>\n<\/ol>\n<h2><strong>Capabilitatea \u0219i capacitatea fabricii:<\/strong><\/h2>\n<h3>(1) Montaj<\/h3>\n<p>Avem o platform\u0103 de asamblare independent\u0103 de cercetare \u0219i dezvoltare de prim\u0103 clas\u0103. Atelierul de produc\u021bie a cilindrilor hidraulici are patru linii de asamblare semiautomate pentru cilindri de ridicare \u0219i o linie de asamblare automat\u0103 a cilindrilor de \u00eenclinare, cu o capacitate de produc\u021bie anual\u0103 proiectat\u0103 de 1 milion de buc\u0103\u021bi. Atelierul de cilindri speciali este echipat cu diverse specifica\u021bii ale unui sistem de asamblare semi-automat de cur\u0103\u021bare, cu o capacitate de produc\u021bie anual\u0103 proiectat\u0103 de 200.000 \u0219i dotat cu echipamente celebre de prelucrare CNC, un centru de prelucrare, un echipament special de prelucrare a cilindrilor de \u00eenalt\u0103 precizie, o ma\u0219in\u0103 de sudur\u0103 robotizat\u0103, o ma\u0219in\u0103 de cur\u0103\u021bare automat\u0103, o ma\u0219in\u0103 de asamblare automat\u0103 a cilindrilor \u0219i o linie de produc\u021bie automat\u0103 de vopsire. Echipamente critice existente de peste 300 de seturi (seturi). Alocarea optim\u0103 \u0219i utilizarea eficient\u0103 a resurselor de echipamente asigur\u0103 cerin\u021bele de precizie ale produselor \u0219i satisface nevoile de \u00eenalt\u0103 calitate ale produselor.<\/p>\n<p><img loading=\"lazy\" decoding=\"async\" class=\"alignnone wp-image-626\" src=\"https:\/\/hydraulic-cylinders.net\/wp-content\/uploads\/2023\/08\/hydraulic-cylinder-product-1-300x158.webp\" alt=\"\" width=\"495\" height=\"260\" srcset=\"https:\/\/hydraulic-cylinders.net\/wp-content\/uploads\/2023\/08\/hydraulic-cylinder-product-1-300x158.webp 495w, https:\/\/hydraulic-cylinders.net\/wp-content\/uploads\/2023\/08\/hydraulic-cylinder-product-1-480x252.webp 480w\" sizes=\"(min-width: 0px) and (max-width: 480px) 480px, (min-width: 481px) 495px, 100vw\" \/> <img loading=\"lazy\" decoding=\"async\" class=\"alignnone wp-image-627\" src=\"https:\/\/hydraulic-cylinders.net\/wp-content\/uploads\/2023\/08\/hydraulic-cylinder-product-2-300x189.webp\" alt=\"\" width=\"413\" height=\"260\" \/><\/p>\n<h3>(2) Prelucrare<\/h3>\n<p>Atelierul de prelucrare este echipat cu un centru de strunjire cu \u0219in\u0103 \u00eenclinat\u0103 personalizat, un centru de prelucrare, o ma\u0219in\u0103 de honuire de mare vitez\u0103, un robot de sudur\u0103 \u0219i alte echipamente conexe, care pot gestiona prelucrarea tuburilor cilindrice cu un diametru interior maxim de 400 mm \u0219i o lungime maxim\u0103 de 6 metri.<\/p>\n<p><img loading=\"lazy\" decoding=\"async\" class=\"alignnone wp-image-628 size-large\" src=\"https:\/\/hydraulic-cylinders.net\/wp-content\/uploads\/2023\/08\/hydraulic-cylinder-product-3-1024x391.webp\" alt=\"\" width=\"1024\" height=\"391\" srcset=\"https:\/\/hydraulic-cylinders.net\/wp-content\/uploads\/2023\/08\/hydraulic-cylinder-product-3-980x374.webp 980w, https:\/\/hydraulic-cylinders.net\/wp-content\/uploads\/2023\/08\/hydraulic-cylinder-product-3-480x183.webp 480w\" sizes=\"(min-width: 0px) and (max-width: 480px) 480px, (min-width: 481px) and (max-width: 980px) 980px, (min-width: 981px) 1024px, 100vw\" \/><\/p>\n<h3>(3) Sudur\u0103<\/h3>\n<p><img loading=\"lazy\" decoding=\"async\" class=\"alignnone wp-image-629 size-large\" src=\"https:\/\/hydraulic-cylinders.net\/wp-content\/uploads\/2023\/08\/hydraulic-cylinder-product-4-1024x510.webp\" alt=\"\" width=\"1024\" height=\"510\" srcset=\"https:\/\/hydraulic-cylinders.net\/wp-content\/uploads\/2023\/08\/hydraulic-cylinder-product-4-980x488.webp 980w, https:\/\/hydraulic-cylinders.net\/wp-content\/uploads\/2023\/08\/hydraulic-cylinder-product-4-480x239.webp 480w\" sizes=\"(min-width: 0px) and (max-width: 480px) 480px, (min-width: 481px) and (max-width: 980px) 980px, (min-width: 981px) 1024px, 100vw\" \/><\/p>\n<h3>(4) Vopsire \u0219i acoperire<\/h3>\n<p>Cu linii automate de acoperire cu vopsea pe baz\u0103 de ap\u0103 cu cilindru de dimensiuni mici \u0219i medii, pentru a realiza \u00eenc\u0103rcarea \u0219i desc\u0103rcarea automat\u0103 a robotului \u0219i pulverizarea automat\u0103, capacitatea de proiectare de 4000 de buc\u0103\u021bi pe schimb;<br \/>\nAvem, de asemenea, o linie de produc\u021bie semi-automat\u0103 de vopsire pentru cilindri mari, ac\u021bionat\u0103 de un lan\u021b de putere, cu o capacitate de proiectare de 60 de cutii pe schimb.<\/p>\n<p><img loading=\"lazy\" decoding=\"async\" class=\"alignnone wp-image-630\" src=\"https:\/\/hydraulic-cylinders.net\/wp-content\/uploads\/2023\/08\/hydraulic-cylinder-product-5-300x213.webp\" alt=\"\" width=\"366\" height=\"260\" \/> <img loading=\"lazy\" decoding=\"async\" class=\"alignnone wp-image-631\" src=\"https:\/\/hydraulic-cylinders.net\/wp-content\/uploads\/2023\/08\/hydraulic-cylinder-product-6-300x225.webp\" alt=\"\" width=\"347\" height=\"260\" \/><\/p>\n<h3>(5) Testarea<\/h3>\n<p>Dispunem de instala\u021bii de inspec\u021bie \u0219i bancuri de testare de prim\u0103 clas\u0103 pentru a ne asigura c\u0103 performan\u021ba cilindrului \u00eendepline\u0219te cerin\u021bele.<\/p>\n<p><img loading=\"lazy\" decoding=\"async\" class=\"alignnone wp-image-632\" src=\"https:\/\/hydraulic-cylinders.net\/wp-content\/uploads\/2023\/08\/hydraulic-cylinder-product-8-300x200.webp\" alt=\"\" width=\"389\" height=\"260\" \/><\/p>\n<p>&nbsp;<\/p>\n<p>&nbsp;<\/p>\n<p>Suntem unul dintre cei mai buni produc\u0103tori de cilindri hidraulici. Putem oferi o gam\u0103 complet\u0103 de cilindri hidraulici. De asemenea, oferim... <a href=\"https:\/\/hzpt.com\/agricultural-pto-gearbox\/\" target=\"_blank\" rel=\"noopener\">cutii de viteze agricole<\/a>Ne-am exportat produsele c\u0103tre clien\u021bi din \u00eentreaga lume \u0219i ne-am c\u00e2\u0219tigat o bun\u0103 reputa\u021bie datorit\u0103 calit\u0103\u021bii superioare a produselor noastre \u0219i a serviciilor post-v\u00e2nzare. \u00cei invit\u0103m pe clien\u021bii din \u021bar\u0103 \u0219i din str\u0103in\u0103tate s\u0103 ne contacteze pentru a negocia afaceri, a face schimb de informa\u021bii \u0219i... <a href=\"https:\/\/www.hydraulic-cylinders.net\/ro\/contact-us\/\">s\u0103 coopereze cu noi<\/a>!<\/p>","protected":false},"excerpt":{"rendered":"<p>Press Centering Cylinder The press centering cylinder is a cutting-edge tool designed to enhance precision and efficiency in a wide range of pressing applications. This innovative cylinder is meticulously engineered to provide accurate centering of workpieces, ensuring optimal alignment and reducing setup time. The press centering cylinder is indispensable for achieving precise and efficient pressing [&hellip;]<\/p>","protected":false},"featured_media":1676,"comment_status":"open","ping_status":"closed","template":"","meta":{"_et_pb_use_builder":"","_et_pb_old_content":"","_et_gb_content_width":""},"product_brand":[],"product_cat":[1550,1522,1376],"product_tag":[1380],"class_list":{"0":"post-1674","1":"product","2":"type-product","3":"status-publish","4":"has-post-thumbnail","6":"product_cat-double-acting-hydraulic-cylinder","7":"product_cat-press-hydraulic-cylinders","8":"product_cat-hydraulic-cylinder","9":"product_tag-hydraulic-cylinder","11":"first","12":"instock","13":"shipping-taxable","14":"product-type-simple"},"amp_enabled":true,"_links":{"self":[{"href":"https:\/\/www.hydraulic-cylinders.net\/ro\/wp-json\/wp\/v2\/product\/1674","targetHints":{"allow":["GET"]}}],"collection":[{"href":"https:\/\/www.hydraulic-cylinders.net\/ro\/wp-json\/wp\/v2\/product"}],"about":[{"href":"https:\/\/www.hydraulic-cylinders.net\/ro\/wp-json\/wp\/v2\/types\/product"}],"replies":[{"embeddable":true,"href":"https:\/\/www.hydraulic-cylinders.net\/ro\/wp-json\/wp\/v2\/comments?post=1674"}],"wp:featuredmedia":[{"embeddable":true,"href":"https:\/\/www.hydraulic-cylinders.net\/ro\/wp-json\/wp\/v2\/media\/1676"}],"wp:attachment":[{"href":"https:\/\/www.hydraulic-cylinders.net\/ro\/wp-json\/wp\/v2\/media?parent=1674"}],"wp:term":[{"taxonomy":"product_brand","embeddable":true,"href":"https:\/\/www.hydraulic-cylinders.net\/ro\/wp-json\/wp\/v2\/product_brand?post=1674"},{"taxonomy":"product_cat","embeddable":true,"href":"https:\/\/www.hydraulic-cylinders.net\/ro\/wp-json\/wp\/v2\/product_cat?post=1674"},{"taxonomy":"product_tag","embeddable":true,"href":"https:\/\/www.hydraulic-cylinders.net\/ro\/wp-json\/wp\/v2\/product_tag?post=1674"}],"curies":[{"name":"wp","href":"https:\/\/api.w.org\/{rel}","templated":true}]}}