{"id":16744,"date":"2025-01-21T05:51:10","date_gmt":"2025-01-21T05:51:10","guid":{"rendered":"https:\/\/www.hydraulic-cylinders.net\/product\/arm-cylinder-for-pengpu-sw240e\/"},"modified":"2025-01-21T05:51:16","modified_gmt":"2025-01-21T05:51:16","slug":"arm-cylinder-for-pengpu-sw240e","status":"publish","type":"product","link":"https:\/\/www.hydraulic-cylinders.net\/ro\/produs\/arm-cylinder-for-pengpu-sw240e\/","title":{"rendered":"Cilindru de bra\u021b pentru Pengpu SW240E"},"content":{"rendered":"<p><!DOCTYPE html><br \/>\n<html><br \/>\n<head><br \/>\n<title>Cilindru de bra\u021b pentru Pengpu SW240E<\/title><br \/>\n<\/head><br \/>\n<body><\/p>\n<h1>Cilindru de bra\u021b pentru Pengpu SW240E<\/h1>\n<h2>Introducere<\/h2>\n<p>Cilindrul hidraulic pentru Pengpu SW240E este un cilindru hidraulic specializat, conceput pentru a oferi mi\u0219care liniar\u0103 \u0219i putere bra\u021bului diverselor utilaje, cum ar fi excavatoare, macarale \u0219i bra\u021be robotizate. Cilindrul bra\u021bului joac\u0103 un rol crucial \u00een sistemele hidraulice, permi\u021b\u00e2nd mi\u0219carea \u0219i controlul eficient al uneltelor sau ata\u0219amentelor suplimentare. Ace\u0219ti cilindri nu numai c\u0103 permit o mi\u0219care lin\u0103, dar rezist\u0103 \u0219i la sarcini grele, asigur\u00e2nd func\u021bionarea eficient\u0103 \u0219i fiabilitatea utilajelor \u00een diverse condi\u021bii de lucru.<\/p>\n<h2><img decoding=\"async\" src=\"https:\/\/www.hydraulic-cylinders.net\/wp-content\/uploads\/2025\/01\/songte-company-2.webp\" alt=\"Imaginea cilindrului bra\u021bului\"><\/h2>\n<h2>Caracteristici<\/h2>\n<ul>\n<li>\n<h3>Transmisie de \u00eenalt\u0103 eficien\u021b\u0103<\/h3>\n<p>Cilindrul bra\u021bului ofer\u0103 o mi\u0219care liniar\u0103 puternic\u0103 \u0219i o for\u021b\u0103, asigur\u00e2nd capacit\u0103\u021bi de \u00eenalt\u0103 performan\u021b\u0103 ale bra\u021bului robotic \u00een diverse opera\u021biuni.<\/p>\n<\/li>\n<li>\n<h3>Control precis<\/h3>\n<p>Prin intermediul sistemului hidraulic, cilindrul bra\u021bului realizeaz\u0103 un control precis al mi\u0219c\u0103rii, f\u0103c\u00e2nd operarea uneltelor suplimentare mai flexibil\u0103 \u0219i precis\u0103.<\/p>\n<\/li>\n<li>\n<h3>Durabilitate<\/h3>\n<p>Cilindrii bra\u021bului sunt de obicei construi\u021bi din materiale de \u00eenalt\u0103 rezisten\u021b\u0103, oferind o rezisten\u021b\u0103 excelent\u0103 la uzur\u0103 \u0219i coroziune, ceea ce \u00eei face potrivi\u021bi pentru utilizare pe termen lung \u00een medii dure.<\/p>\n<\/li>\n<li>\n<h3>Adaptabilitate multifunc\u021bional\u0103<\/h3>\n<p>Ace\u0219ti cilindri pot fi utiliza\u021bi pe scar\u0103 larg\u0103 \u00een diverse utilaje, cum ar fi excavatoare, macarale \u0219i bra\u021be robotizate, pentru a se adapta la diferite cerin\u021be de lucru.<\/p>\n<\/li>\n<li>\n<h3>\u00centre\u021binere u\u0219oar\u0103<\/h3>\n<p>Designul ia \u00een considerare \u00eentre\u021binerea \u0219i \u00eenlocuirea u\u0219oar\u0103, ceea ce face ca inspec\u021biile \u0219i service-ul regulat s\u0103 fie mai convenabile \u0219i reduce timpul de nefunc\u021bionare a echipamentelor.<\/p>\n<\/li>\n<\/ul>\n<h2><img decoding=\"async\" src=\"https:\/\/www.hydraulic-cylinders.net\/wp-content\/uploads\/2025\/01\/songte-oil-pipes-and-spare-parts.webp\" alt=\"Imaginea cilindrului bra\u021bului\"><\/h2>\n<h2>Aplica\u021bii<\/h2>\n<ul>\n<li>\n<h3>Inginerie de construc\u021bii<\/h3>\n<p>\u00cen excavatoare \u0219i macarale, cilindrul bra\u021bului este utilizat pentru a controla mi\u0219carea cupei sau a bra\u021bului pentru lucr\u0103ri de terasament, manipularea materialelor \u0219i instalarea structural\u0103.<\/p>\n<\/li>\n<li>\n<h3>Industria prelucr\u0103toare<\/h3>\n<p>\u00cen liniile de produc\u021bie automatizate, cilindrul bra\u021bului este utilizat pentru mi\u0219carea bra\u021belor robotizate \u00een procese precum asamblarea, sudarea \u0219i manipularea materialelor, \u00eembun\u0103t\u0103\u021bind eficien\u021ba \u0219i precizia produc\u021biei.<\/p>\n<\/li>\n<li>\n<h3>Ma\u0219ini agricole<\/h3>\n<p>\u00cen utilajele agricole, cum ar fi combinele de recoltat \u0219i sem\u0103n\u0103toarele, cilindrul bra\u021bului controleaz\u0103 mi\u0219carea bra\u021bului de operare, efectu\u00e2nd sarcini precum sem\u0103natul, fertilizarea \u0219i recoltarea.<\/p>\n<\/li>\n<li>\n<h3>Minerit<\/h3>\n<p>\u00cen echipamentele miniere, cilindrul bra\u021bului este utilizat pentru a controla mi\u0219carea bra\u021bului utilajelor miniere pentru extrac\u021bia \u0219i transportul minereului.<\/p>\n<\/li>\n<li>\n<h3>Logistic\u0103 \u0219i transporturi<\/h3>\n<p>\u00cen cazul stivuitoarelor \u0219i robo\u021bilor de manipulare, cilindrul bra\u021bului este utilizat pentru a controla ridicarea \u0219i mi\u0219carea furcilor, permi\u021b\u00e2nd manipularea \u0219i stivuirea materialelor.<\/p>\n<\/li>\n<\/ul>\n<h2>Considera\u021bii de proiectare \u0219i criterii de selec\u021bie<\/h2>\n<ul>\n<li>\n<h3>Capacitate de \u00eenc\u0103rcare<\/h3>\n<p>Cilindrul bra\u021bului trebuie proiectat pentru a face fa\u021b\u0103 cerin\u021belor specifice de sarcin\u0103 ale utilajului \u00een care va fi utilizat.<\/p>\n<\/li>\n<li>\n<h3>Sigilare<\/h3>\n<p>Pentru a asigura o etan\u0219are eficient\u0103, ar trebui utilizat\u0103 o varietate de etan\u0219\u0103ri, cum ar fi etan\u0219\u0103rile pistonului \u0219i etan\u0219\u0103rile tijei. Aceste etan\u0219\u0103ri ar trebui s\u0103 fie fabricate din materiale rezistente la uzur\u0103, cum ar fi poliuretanul \u0219i cauciucul nitrilic.<\/p>\n<\/li>\n<li>\n<h3>Durabilitate<\/h3>\n<p>Corpul cilindrului \u0219i capetele filetate trebuie prelucrate fin pentru a spori rezisten\u021ba la uzur\u0103. Lubrifierea regulat\u0103 cu ulei hidraulic trebuie efectuat\u0103 pentru a men\u021bine o func\u021bionare lin\u0103.<\/p>\n<\/li>\n<\/ul>\n<h2><img decoding=\"async\" src=\"https:\/\/www.hydraulic-cylinders.net\/wp-content\/uploads\/2025\/01\/songte-cylinder-head-with-all-kinds-excavator-models.webp\" alt=\"Imaginea cilindrului bra\u021bului\"><\/h2>\n<h2>Inspec\u021bie regulat\u0103 \u0219i \u00eentre\u021binere preventiv\u0103<\/h2>\n<ul>\n<li>\n<p>Efectua\u021bi inspec\u021bii regulate ale cilindrului bra\u021bului, verific\u00e2nd dac\u0103 exist\u0103 semne de uzur\u0103, scurgeri sau deteriorare.<\/p>\n<\/li>\n<li>\n<p>Asigura\u021bi lubrifierea corespunz\u0103toare a tuturor pieselor mobile \u0219i a garniturilor.<\/p>\n<\/li>\n<li>\n<p>\u00cenlocui\u021bi prompt garniturile \u0219i componentele uzate sau deteriorate.<\/p>\n<\/li>\n<li>\n<p>Urma\u021bi programele de \u00eentre\u021binere recomandate de produc\u0103tor.<\/p>\n<\/li>\n<li>\n<p>P\u0103stra\u021bi cilindrul bra\u021bului curat \u0219i f\u0103r\u0103 resturi.<\/p>\n<\/li>\n<\/ul>\n<h2>Ghid de instalare<\/h2>\n<p>1. Pozi\u021biona\u021bi cu grij\u0103 cilindrul bra\u021bului \u00een zona de montare desemnat\u0103.<\/p>\n<p>2. Fixa\u021bi \u00een siguran\u021b\u0103 cilindrul folosind \u0219uruburile \u0219i fitingurile corespunz\u0103toare.<\/p>\n<p>3. Conecta\u021bi furtunurile hidraulice conform instruc\u021biunilor furnizate.<\/p>\n<p>4. Asigura\u021bi-v\u0103 c\u0103 toate conexiunile sunt str\u00e2nse \u0219i nu prezint\u0103 scurgeri.<\/p>\n<p>5. Testa\u021bi cilindrul bra\u021bului pentru a-l asigura func\u021bionarea corect\u0103 \u00eenainte de a-l pune \u00een func\u021biune complet\u0103.<\/p>\n<h2><img decoding=\"async\" src=\"https:\/\/www.hydraulic-cylinders.net\/wp-content\/uploads\/2025\/01\/songte-bushings-with-all-kinds-of-excavator-models.webp\" alt=\"Imaginea cilindrului bra\u021bului\"><\/h2>\n<h2>Considera\u021bii de siguran\u021b\u0103 \u0219i factori de mediu<\/h2>\n<p>C\u00e2nd lucra\u021bi cu cilindrul bra\u021bului, este esen\u021bial s\u0103 acorda\u021bi prioritate m\u0103surilor de siguran\u021b\u0103 pentru a preveni accidentele sau r\u0103nirile. Operatorilor trebuie s\u0103 li se ofere o instruire adecvat\u0103, iar instruc\u021biunile de siguran\u021b\u0103 trebuie respectate \u00een permanen\u021b\u0103. \u00cen plus, este important s\u0103 lua\u021bi \u00een considerare factorii de mediu \u0219i s\u0103 respecta\u021bi reglement\u0103rile privind eliminarea \u0219i manipularea fluidelor hidraulice \u0219i a oric\u0103ror alte materiale periculoase asociate cu cilindrul bra\u021bului.<\/p>\n<h2>Depanare \u0219i probleme frecvente<\/h2>\n<p>1. Problem\u0103: Scurgere din cilindru.<br \/>\nSolu\u021bie posibil\u0103: Verifica\u021bi \u0219i \u00eenlocui\u021bi garniturile deteriorate sau str\u00e2nge\u021bi conexiunile.<\/p>\n<p>2. Problem\u0103: Putere sau for\u021b\u0103 insuficient\u0103.<br \/>\nSolu\u021bie posibil\u0103: Verifica\u021bi dac\u0103 exist\u0103 blocaje sau restric\u021bii \u00een sistemul hidraulic. Asigura\u021bi nivelurile \u0219i presiunea corecte ale fluidului hidraulic.<\/p>\n<p>3. Problem\u0103: Zgomot anormal \u00een timpul func\u021bion\u0103rii.<br \/>\nSolu\u021bie posibil\u0103: Verifica\u021bi dac\u0103 exist\u0103 componente sl\u0103bite sau uzate \u0219i \u00eenlocui\u021bi-le dac\u0103 este necesar.<\/p>\n<p>4. Problem\u0103: Mi\u0219care neregulat\u0103 sau sacadat\u0103.<br \/>\nSolu\u021bie posibil\u0103: Verifica\u021bi dac\u0103 exist\u0103 obstruc\u021bii sau nealinieri pe traiectoria cilindrului bra\u021bului. Lubrifia\u021bi piesele mobile \u0219i garniturile.<\/p>\n<p>5. Problem\u0103: Mi\u0219care lent\u0103 sau f\u0103r\u0103 r\u0103spuns.<br \/>\nSolu\u021bie posibil\u0103: Verifica\u021bi nivelurile \u0219i presiunea corecte ale fluidului hidraulic. Inspecta\u021bi \u0219i cur\u0103\u021ba\u021bi filtrele sistemului hidraulic.<\/p>\n<h2><img decoding=\"async\" src=\"https:\/\/www.hydraulic-cylinders.net\/wp-content\/uploads\/2025\/01\/songte-chushion-collar.webp\" alt=\"Imaginea cilindrului bra\u021bului\"><\/h2>\n<h2>Despre noi<\/h2>\n<p>\u00cen compania noastr\u0103, suntem un produc\u0103tor profesionist de cilindri hidraulici de schimb. Cu o gam\u0103 larg\u0103 de produse, am devenit un produc\u0103tor \u0219i angrosist de top pe pie\u021bele interne \u0219i interna\u021bionale. Men\u021binem \u00een mod constant principiul calit\u0103\u021bii excelente \u0219i ne \u00eembun\u0103t\u0103\u021bim continuu expertiza tehnic\u0103 \u0219i eficien\u021ba produc\u021biei. Prin \u00eencorporarea echipamentelor digitale de fabrica\u021bie de ultim\u0103 genera\u021bie \u0219i a sistemelor profesionale de testare, optimiz\u0103m platforma noastr\u0103 de fabrica\u021bie \u0219i \u00eembun\u0103t\u0103\u021bim procesele noastre de control al calit\u0103\u021bii produselor, asigur\u00e2nd capacit\u0103\u021bi puternice de inovare. Scopul nostru este de a satisface nevoile diverse ale clien\u021bilor cu principii de eficien\u021b\u0103, precizie \u0219i \u00eenalt\u0103 calitate.<\/p>\n<h2><img decoding=\"async\" src=\"https:\/\/www.hydraulic-cylinders.net\/wp-content\/uploads\/2025\/01\/songte-company-4.webp\" alt=\"Imaginea companiei\"><\/h2>\n<h2><img decoding=\"async\" src=\"https:\/\/www.hydraulic-cylinders.net\/wp-content\/uploads\/2025\/01\/songte-company-3.webp\" alt=\"Imaginea companiei\"><\/h2>\n<h3>Compania noastr\u0103 prezint\u0103 urm\u0103toarele aspecte:<\/h3>\n<ul>\n<li>Profesionalism \u0219i expertiz\u0103<\/li>\n<li>Certific\u0103ri interna\u021bionale<\/li>\n<li>Servicii de personalizare<\/li>\n<li>Echipamente avansate de produc\u021bie<\/li>\n<li>Servicii post-v\u00e2nzare fiabile<\/li>\n<\/ul>\n<p>Autor: lyl<\/p>\n<p><\/body><br \/>\n<\/html><\/p>","protected":false},"excerpt":{"rendered":"<p>Arm Cylinder For Pengpu SW240E Arm Cylinder For Pengpu SW240E Introduction The Arm Cylinder For Pengpu SW240E is a specialized hydraulic cylinder designed to provide linear motion and power to the arm of various machinery, such as excavators, cranes, and robotic arms. The arm cylinder plays a crucial role in hydraulic systems, allowing for effective [&hellip;]<\/p>","protected":false},"featured_media":14766,"comment_status":"open","ping_status":"closed","template":"","meta":{"_et_pb_use_builder":"","_et_pb_old_content":"","_et_gb_content_width":""},"product_brand":[],"product_cat":[1497],"product_tag":[1498,1496],"class_list":{"0":"post-16744","1":"product","2":"type-product","3":"status-publish","4":"has-post-thumbnail","6":"product_cat-arm-cylinders","7":"product_tag-arm-cylinders","8":"product_tag-hydraulic-cylinders","10":"first","11":"instock","12":"shipping-taxable","13":"product-type-simple"},"amp_enabled":true,"_links":{"self":[{"href":"https:\/\/www.hydraulic-cylinders.net\/ro\/wp-json\/wp\/v2\/product\/16744","targetHints":{"allow":["GET"]}}],"collection":[{"href":"https:\/\/www.hydraulic-cylinders.net\/ro\/wp-json\/wp\/v2\/product"}],"about":[{"href":"https:\/\/www.hydraulic-cylinders.net\/ro\/wp-json\/wp\/v2\/types\/product"}],"replies":[{"embeddable":true,"href":"https:\/\/www.hydraulic-cylinders.net\/ro\/wp-json\/wp\/v2\/comments?post=16744"}],"wp:featuredmedia":[{"embeddable":true,"href":"https:\/\/www.hydraulic-cylinders.net\/ro\/wp-json\/wp\/v2\/media\/14766"}],"wp:attachment":[{"href":"https:\/\/www.hydraulic-cylinders.net\/ro\/wp-json\/wp\/v2\/media?parent=16744"}],"wp:term":[{"taxonomy":"product_brand","embeddable":true,"href":"https:\/\/www.hydraulic-cylinders.net\/ro\/wp-json\/wp\/v2\/product_brand?post=16744"},{"taxonomy":"product_cat","embeddable":true,"href":"https:\/\/www.hydraulic-cylinders.net\/ro\/wp-json\/wp\/v2\/product_cat?post=16744"},{"taxonomy":"product_tag","embeddable":true,"href":"https:\/\/www.hydraulic-cylinders.net\/ro\/wp-json\/wp\/v2\/product_tag?post=16744"}],"curies":[{"name":"wp","href":"https:\/\/api.w.org\/{rel}","templated":true}]}}