{"id":16760,"date":"2025-01-21T05:52:24","date_gmt":"2025-01-21T05:52:24","guid":{"rendered":"https:\/\/www.hydraulic-cylinders.net\/product\/arm-cylinder-for-nante-nt130uu\/"},"modified":"2025-01-21T05:52:27","modified_gmt":"2025-01-21T05:52:27","slug":"arm-cylinder-for-nante-nt130uu","status":"publish","type":"product","link":"https:\/\/www.hydraulic-cylinders.net\/ro\/produs\/arm-cylinder-for-nante-nt130uu\/","title":{"rendered":"Cilindru de bra\u021b pentru Nante NT130UU"},"content":{"rendered":"<p><!DOCTYPE html><br \/>\n<html><br \/>\n<head><br \/>\n<title>Cilindru de bra\u021b pentru Nante NT130UU<\/title><br \/>\n<\/head><br \/>\n<body><\/p>\n<h1>Cilindru de bra\u021b pentru Nante NT130UU<\/h1>\n<h2>Introducere<\/h2>\n<p>Cilindrul hidraulic specializat pentru Nante NT130UU este conceput pentru a oferi mi\u0219care liniar\u0103 \u0219i putere bra\u021belor diferitelor tipuri de utilaje, cum ar fi excavatoare, macarale \u0219i bra\u021be robotizate. Cilindrul bra\u021bului joac\u0103 un rol esen\u021bial \u00een sistemele hidraulice, permi\u021b\u00e2nd mi\u0219carea \u0219i controlul eficient al uneltelor sau ata\u0219amentelor suplimentare. Ace\u0219ti cilindri nu numai c\u0103 permit o mi\u0219care lin\u0103, dar rezist\u0103 \u0219i la sarcini grele, asigur\u00e2nd func\u021bionarea eficient\u0103 \u0219i fiabilitatea utilajelor \u00een diverse condi\u021bii de lucru.<\/p>\n<h2><img decoding=\"async\" src=\"https:\/\/www.hydraulic-cylinders.net\/wp-content\/uploads\/2025\/01\/songte-company-2.webp\" alt=\"Imaginea cilindrului bra\u021bului\"><\/h2>\n<h2>Caracteristici ale produsului<\/h2>\n<ul>\n<li><strong>Transmisie de \u00eenalt\u0103 eficien\u021b\u0103:<\/strong> Cilindrul bra\u021bului ofer\u0103 o mi\u0219care liniar\u0103 puternic\u0103 \u0219i o for\u021b\u0103, asigur\u00e2nd capacit\u0103\u021bi de \u00eenalt\u0103 performan\u021b\u0103 pentru bra\u021bul robotic \u00een diverse opera\u021biuni.<\/li>\n<li><strong>Control precis:<\/strong> Prin intermediul sistemului hidraulic, cilindrul bra\u021bului permite un control precis al mi\u0219c\u0103rii, f\u0103c\u00e2nd operarea uneltelor ata\u0219ate mai flexibil\u0103 \u0219i precis\u0103.<\/li>\n<li><strong>Durabilitate:<\/strong> Cilindrii bra\u021bului sunt de obicei fabrica\u021bi folosind materiale de \u00eenalt\u0103 rezisten\u021b\u0103, care prezint\u0103 o rezisten\u021b\u0103 excelent\u0103 la uzur\u0103 \u0219i coroziune, ceea ce \u00eei face potrivi\u021bi pentru utilizarea pe termen lung \u00een medii dure.<\/li>\n<li><strong>Adaptabilitate multifunc\u021bional\u0103:<\/strong> Ace\u0219ti cilindri pot fi aplica\u021bi pe scar\u0103 larg\u0103 la diverse utilaje, cum ar fi excavatoare, macarale \u0219i bra\u021be robotizate, adapt\u00e2ndu-se la diferite cerin\u021be opera\u021bionale.<\/li>\n<li><strong>\u00centre\u021binere u\u0219oar\u0103:<\/strong> Proiectate pentru u\u0219urin\u021ba \u00eentre\u021binerii \u0219i \u00eenlocuirii, inspec\u021biile \u0219i \u00eentre\u021binerea regulat\u0103 sunt facilitate, reduc\u00e2nd timpul de nefunc\u021bionare a echipamentelor.<\/li>\n<\/ul>\n<h2><img decoding=\"async\" src=\"https:\/\/www.hydraulic-cylinders.net\/wp-content\/uploads\/2025\/01\/songte-oil-pipes-and-spare-parts.webp\" alt=\"Imagine de \u00eenlocuire a produsului\"><\/h2>\n<h2>Aplica\u021bii<\/h2>\n<p>Cilindrul cu bra\u021b pentru Nante NT130UU \u00ee\u0219i g\u0103se\u0219te aplica\u021bii extinse \u00een diverse industrii:<\/p>\n<ul>\n<li><strong>Inginerie Construc\u021bii:<\/strong> Utilizat \u00een excavatoare \u0219i macarale, cilindrul bra\u021bului controleaz\u0103 mi\u0219carea cupelor sau a bra\u021belor pentru lucr\u0103ri de terasament, manipularea materialelor \u0219i instalarea structural\u0103.<\/li>\n<li><strong>Fabrica\u021bie:<\/strong> \u00cen liniile de produc\u021bie automatizate, cilindrul bra\u021bului asist\u0103 la mi\u0219carea bra\u021belor robotizate pentru procesele de asamblare, sudare \u0219i manipulare a materialelor, sporind eficien\u021ba \u0219i precizia produc\u021biei.<\/li>\n<li><strong>Ma\u0219ini agricole:<\/strong> \u00cen utilajele agricole, precum combinele de recoltat \u0219i sem\u0103n\u0103toarele, cilindrul bra\u021bului controleaz\u0103 mi\u0219carea bra\u021belor de operare pentru sarcini precum sem\u0103natul, fertilizarea \u0219i recoltarea.<\/li>\n<li><strong>Minerit:<\/strong> \u00cen echipamentele miniere, cilindrul bra\u021bului controleaz\u0103 mi\u0219carea bra\u021bului \u00een scopuri miniere \u0219i de transport al materialelor.<\/li>\n<li><strong>Logistic\u0103 \u0219i transport:<\/strong> \u00cen cazul stivuitoarelor \u0219i robo\u021bilor de manipulare, cilindrul bra\u021bului controleaz\u0103 ridicarea \u0219i mi\u0219carea furcilor, permi\u021b\u00e2nd manipularea \u0219i stivuirea materialelor.<\/li>\n<\/ul>\n<h2>Considera\u021bii de proiectare \u0219i criterii de selec\u021bie<\/h2>\n<p>Atunci c\u00e2nd se ia \u00een considerare proiectarea \u0219i selec\u021bia cilindrului bra\u021bului, intr\u0103 \u00een joc mai mul\u021bi factori:<\/p>\n<ul>\n<li><strong>Capacitate portant\u0103:<\/strong> Cilindrul bra\u021bului este proiectat s\u0103 reziste la capacitatea de \u00eenc\u0103rcare specificat\u0103, asigur\u00e2nd o func\u021bionare sigur\u0103 \u0219i eficient\u0103.<\/li>\n<li><strong>Etan\u0219are:<\/strong> Diverse etan\u0219\u0103ri, cum ar fi etan\u0219\u0103rile pistonului \u0219i etan\u0219\u0103rile tijei, sunt utilizate pentru a preveni scurgerile. Aceste etan\u0219\u0103ri sunt fabricate din materiale rezistente la uzur\u0103, cum ar fi poliuretanul \u0219i cauciucul nitrilic.<\/li>\n<li><strong>Durabilitate:<\/strong> Corpul cilindrului \u0219i capetele filetate sunt supuse unui tratament de suprafa\u021b\u0103 precis pentru a spori rezisten\u021ba la uzur\u0103 \u0219i durabilitatea.<\/li>\n<li><strong>Siguran\u0163\u0103:<\/strong> \u00cen proiectare sunt incluse m\u0103suri de siguran\u021b\u0103 pentru a preveni accidentele \u0219i a asigura bun\u0103starea operatorului \u00een timpul func\u021bion\u0103rii.<\/li>\n<li><strong>Mentenabilitate:<\/strong> Lubrifierea regulat\u0103 cu ulei hidraulic adecvat \u0219i inspec\u021biile periodice sunt esen\u021biale pentru \u00eentre\u021binerea corespunz\u0103toare \u0219i longevitatea cilindrului bra\u021bului.<\/li>\n<\/ul>\n<h2><img decoding=\"async\" src=\"https:\/\/www.hydraulic-cylinders.net\/wp-content\/uploads\/2025\/01\/songte-cylinder-head-with-all-kinds-excavator-models.webp\" alt=\"Imaginea chiulasei\"><\/h2>\n<h2>Etan\u0219are \u0219i lubrifiere<\/h2>\n<p>Cilindrul cu bra\u021b utilizeaz\u0103 diverse componente de etan\u0219are, cum ar fi etan\u0219\u0103rile pistonului \u0219i etan\u0219\u0103rile tijei, care sunt fabricate din materiale rezistente la uzur\u0103, precum poliuretanul \u0219i cauciucul nitrilic. Corpul cilindrului \u0219i capetele filetate sunt supuse unui tratament de suprafa\u021b\u0103 precis pentru a \u00eembun\u0103t\u0103\u021bi rezisten\u021ba la uzur\u0103. Lubrifierea regulat\u0103 cu uleiul hidraulic adecvat este necesar\u0103 pentru a asigura o func\u021bionare f\u0103r\u0103 probleme \u0219i longevitatea cilindrului.<\/p>\n<h2>\u00centre\u021binere \u0219i m\u0103suri preventive<\/h2>\n<p>Inspec\u021biile regulate \u0219i m\u0103surile de \u00eentre\u021binere proactiv\u0103 sunt esen\u021biale pentru performan\u021ba optim\u0103 \u0219i longevitatea cilindrului bra\u021bului. Trebuie implementate urm\u0103toarele m\u0103suri:<\/p>\n<ul>\n<li>Verifica\u021bi periodic dac\u0103 exist\u0103 semne de scurgeri de ulei, uzur\u0103 sau deteriorare.<\/li>\n<li>Asigura\u021bi o lubrifiere corespunz\u0103toare prin monitorizarea nivelului de ulei hidraulic \u0219i ad\u0103ugarea cantit\u0103\u021bii necesare atunci c\u00e2nd este necesar.<\/li>\n<li>Verifica\u021bi \u0219i \u00eenlocui\u021bi garniturile dac\u0103 se detecteaz\u0103 semne de uzur\u0103 sau deteriorare.<\/li>\n<li>Urma\u021bi programele de \u00eentre\u021binere recomandate pentru a preveni poten\u021bialele probleme \u0219i a asigura o func\u021bionare fiabil\u0103.<\/li>\n<\/ul>\n<h2><img decoding=\"async\" src=\"https:\/\/www.hydraulic-cylinders.net\/wp-content\/uploads\/2025\/01\/songte-chushion-collar.webp\" alt=\"Imagine cu guler Chushion\"><\/h2>\n<h2>Ghid de instalare<\/h2>\n<p>Pentru a instala corect cilindrul bra\u021bului, urma\u021bi aceste instruc\u021biuni:<\/p>\n<ul>\n<li>Asigura\u021bi-v\u0103 c\u0103 utilajul este oprit \u0219i \u00eentr-o pozi\u021bie stabil\u0103 \u00eenainte de instalare.<\/li>\n<li>Alinia\u021bi cu grij\u0103 cilindrul \u0219i fixa\u021bi-l folosind suporturile sau \u0219uruburile de montare corespunz\u0103toare.<\/li>\n<li>Asigura\u021bi-v\u0103 c\u0103 toate conexiunile hidraulice sunt str\u00e2nse \u0219i etan\u0219ate corespunz\u0103tor pentru a preveni scurgerile.<\/li>\n<li>Consulta\u021bi manualul utilajului pentru instruc\u021biuni specifice de instalare sau specifica\u021bii de cuplu.<\/li>\n<\/ul>\n<h2>Considera\u021bii de siguran\u021b\u0103 \u0219i factori de mediu<\/h2>\n<p>Atunci c\u00e2nd se lucreaz\u0103 cu Cilindrul Bra\u021bului, m\u0103surile de siguran\u021b\u0103 sunt de cea mai mare importan\u021b\u0103. Cuvinte cheie precum precau\u021bii de siguran\u021b\u0103, instruire adecvat\u0103 \u0219i respectarea instruc\u021biunilor de siguran\u021b\u0103 trebuie prioritizate pentru a preveni accidentele \u0219i a asigura un mediu de lucru sigur. \u00cen plus, factorii de mediu, cum ar fi gestionarea adecvat\u0103 a de\u0219eurilor \u0219i respectarea reglement\u0103rilor de mediu, trebuie lua\u021bi \u00een considerare pentru a minimiza impactul asupra mediului.<\/p>\n<h2>Diagnosticarea defec\u021biunilor \u0219i probleme frecvente<\/h2>\n<p>Este important s\u0103 fi\u021bi con\u0219tien\u021bi de poten\u021bialele defec\u021biuni \u0219i probleme comune care pot ap\u0103rea la cilindrul bra\u021bului. C\u00e2teva probleme comune includ:<\/p>\n<ul>\n<li>Scurgeri de ulei din garnituri sau conexiuni<\/li>\n<li>Mi\u0219care insuficient\u0103 sau neuniform\u0103 a cilindrului<\/li>\n<li>Pierderea de putere sau a presiunii hidraulice<\/li>\n<li>Zgomot excesiv \u00een timpul func\u021bion\u0103rii<\/li>\n<li>Mi\u0219care neregulat\u0103 sau sacadat\u0103<\/li>\n<\/ul>\n<p>Pentru a rezolva aceste probleme, lua\u021bi \u00een considerare urm\u0103toarele sfaturi \u0219i solu\u021bii de depanare:<\/p>\n<ul>\n<li>Verifica\u021bi \u0219i \u00eenlocui\u021bi garniturile uzate sau deteriorate pentru a preveni scurgerile de ulei.<\/li>\n<li>Verifica\u021bi nivelurile fluidului hidraulic \u0219i asigura\u021bi o lubrifiere corespunz\u0103toare.<\/li>\n<li>Inspecta\u021bi \u0219i cur\u0103\u021ba\u021bi filtrele hidraulice pentru a men\u021bine debitul \u0219i presiunea corespunz\u0103toare.<\/li>\n<li>Verifica\u021bi dac\u0103 exist\u0103 conexiuni sl\u0103bite sau deteriorate \u0219i str\u00e2nge\u021bi sau \u00eenlocui\u021bi dup\u0103 cum este necesar.<\/li>\n<li>Consulta\u021bi un tehnician calificat sau contacta\u021bi echipa noastr\u0103 de asisten\u021b\u0103 pentru asisten\u021b\u0103 suplimentar\u0103.<\/li>\n<\/ul>\n<h2><img decoding=\"async\" src=\"https:\/\/www.hydraulic-cylinders.net\/wp-content\/uploads\/2025\/01\/songte-bushings-with-all-kinds-of-excavator-models.webp\" alt=\"Imagine buc\u0219e\"><\/h2>\n<h2>Despre compania noastr\u0103<\/h2>\n<p>Suntem un produc\u0103tor profesionist de cilindri hidraulici de schimb, oferind o gam\u0103 larg\u0103 de produse. Am devenit unul dintre principalii produc\u0103tori \u0219i distribuitori angro de cilindri hidraulici pe pie\u021bele interne \u0219i interna\u021bionale. Angajamentul nostru fa\u021b\u0103 de excelen\u021b\u0103 \u0219i strategia noastr\u0103 de management al produc\u021biei industriale \u00een ateliere de fabrica\u021bie fin puse la punct ne-au permis s\u0103 ne \u00eembun\u0103t\u0103\u021bim continuu capacit\u0103\u021bile tehnologice \u0219i eficien\u021ba produc\u021biei.<\/p>\n<p>Prin introducerea unor echipamente digitale avansate de fabrica\u021bie \u0219i a unor sisteme profesionale de testare, optimiz\u0103m platforma noastr\u0103 de fabrica\u021bie \u0219i \u00eembun\u0103t\u0103\u021bim procesele de control al calit\u0103\u021bii produselor, permi\u021b\u00e2ndu-ne s\u0103 inov\u0103m \u0219i s\u0103 satisfacem nevoile diverse ale clien\u021bilor no\u0219tri cu eficien\u021b\u0103, precizie \u0219i calitate \u00eenalt\u0103.<\/p>\n<h2><img decoding=\"async\" src=\"https:\/\/www.hydraulic-cylinders.net\/wp-content\/uploads\/2025\/01\/songte-company-4.webp\" alt=\"Imaginea companiei\"><\/h2>\n<h2><img\n<\/p>","protected":false},"excerpt":{"rendered":"<p>Arm Cylinder For Nante NT130UU Arm Cylinder For Nante NT130UU Introduction The Arm Cylinder for Nante NT130UU is a specialized hydraulic cylinder designed to provide linear motion and power to the arms of various types of machinery, such as excavators, cranes, and robotic arms. The arm cylinder plays a critical role in hydraulic systems, enabling [&hellip;]<\/p>","protected":false},"featured_media":14777,"comment_status":"open","ping_status":"closed","template":"","meta":{"_et_pb_use_builder":"","_et_pb_old_content":"","_et_gb_content_width":""},"product_brand":[],"product_cat":[1497],"product_tag":[1498,1496],"class_list":{"0":"post-16760","1":"product","2":"type-product","3":"status-publish","4":"has-post-thumbnail","6":"product_cat-arm-cylinders","7":"product_tag-arm-cylinders","8":"product_tag-hydraulic-cylinders","10":"first","11":"instock","12":"shipping-taxable","13":"product-type-simple"},"amp_enabled":true,"_links":{"self":[{"href":"https:\/\/www.hydraulic-cylinders.net\/ro\/wp-json\/wp\/v2\/product\/16760","targetHints":{"allow":["GET"]}}],"collection":[{"href":"https:\/\/www.hydraulic-cylinders.net\/ro\/wp-json\/wp\/v2\/product"}],"about":[{"href":"https:\/\/www.hydraulic-cylinders.net\/ro\/wp-json\/wp\/v2\/types\/product"}],"replies":[{"embeddable":true,"href":"https:\/\/www.hydraulic-cylinders.net\/ro\/wp-json\/wp\/v2\/comments?post=16760"}],"wp:featuredmedia":[{"embeddable":true,"href":"https:\/\/www.hydraulic-cylinders.net\/ro\/wp-json\/wp\/v2\/media\/14777"}],"wp:attachment":[{"href":"https:\/\/www.hydraulic-cylinders.net\/ro\/wp-json\/wp\/v2\/media?parent=16760"}],"wp:term":[{"taxonomy":"product_brand","embeddable":true,"href":"https:\/\/www.hydraulic-cylinders.net\/ro\/wp-json\/wp\/v2\/product_brand?post=16760"},{"taxonomy":"product_cat","embeddable":true,"href":"https:\/\/www.hydraulic-cylinders.net\/ro\/wp-json\/wp\/v2\/product_cat?post=16760"},{"taxonomy":"product_tag","embeddable":true,"href":"https:\/\/www.hydraulic-cylinders.net\/ro\/wp-json\/wp\/v2\/product_tag?post=16760"}],"curies":[{"name":"wp","href":"https:\/\/api.w.org\/{rel}","templated":true}]}}