{"id":16775,"date":"2025-01-21T05:53:28","date_gmt":"2025-01-21T05:53:28","guid":{"rendered":"https:\/\/www.hydraulic-cylinders.net\/product\/arm-cylinder-for-john-deere-e240lc\/"},"modified":"2025-01-21T05:53:31","modified_gmt":"2025-01-21T05:53:31","slug":"arm-cylinder-for-john-deere-e240lc","status":"publish","type":"product","link":"https:\/\/www.hydraulic-cylinders.net\/ro\/produs\/arm-cylinder-for-john-deere-e240lc\/","title":{"rendered":"Cilindru bra\u021b pentru John Deere E240LC"},"content":{"rendered":"<h2>Cilindru bra\u021b pentru John Deere E240LC<\/h2>\n<h3>Introducere<\/h3>\n<p>Cilindrul bra\u021bului este un cilindru hidraulic special conceput care ofer\u0103 mi\u0219care liniar\u0103 \u0219i putere bra\u021bului diferitelor tipuri de utilaje, cum ar fi excavatoare, macarale \u0219i bra\u021be mecanice. Cilindrul bra\u021bului joac\u0103 un rol crucial \u00een sistemul hidraulic, permi\u021b\u00e2nd mi\u0219c\u0103rii \u0219i control\u0103rii eficiente a uneltelor sau ata\u0219amentelor suplimentare. Ace\u0219ti cilindri nu numai c\u0103 ofer\u0103 mi\u0219c\u0103ri line, dar rezist\u0103 \u0219i la sarcini grele, asigur\u00e2nd func\u021bionarea eficient\u0103 \u0219i fiabilitatea utilajelor \u00een diferite condi\u021bii de lucru.<\/p>\n<p><img decoding=\"async\" src=\"https:\/\/www.hydraulic-cylinders.net\/wp-content\/uploads\/2025\/01\/songte-company-2.webp\"\/><\/p>\n<h3>Caracteristici<\/h3>\n<ul>\n<li>Transmisie de putere de \u00eenalt\u0103 eficien\u021b\u0103: Cilindrul bra\u021bului ofer\u0103 o mi\u0219care liniar\u0103 puternic\u0103 \u0219i o for\u021b\u0103 puternic\u0103, asigur\u00e2nd performan\u021be de \u00eenalt\u0103 eficien\u021b\u0103 ale bra\u021bului mecanic \u00een diverse opera\u021biuni.<\/li>\n<li>Control de precizie: Prin intermediul sistemului hidraulic, cilindrul bra\u021bului poate realiza un control precis al mi\u0219c\u0103rii, ceea ce face ca func\u021bionarea uneltelor suplimentare s\u0103 fie mai flexibil\u0103 \u0219i mai precis\u0103.<\/li>\n<li>Durabilitate mare: Cilindrii bra\u021bului sunt de obicei fabrica\u021bi din materiale de \u00eenalt\u0103 rezisten\u021b\u0103, cu rezisten\u021b\u0103 bun\u0103 la uzur\u0103 \u0219i coroziune, potrivi\u021bi pentru utilizare pe termen lung \u00een medii dure.<\/li>\n<li>Adaptabilitate multifunc\u021bional\u0103: Ace\u0219ti cilindri pot fi utiliza\u021bi pe scar\u0103 larg\u0103 \u00een diverse echipamente mecanice, cum ar fi excavatoare, macarale \u0219i bra\u021be mecanice, pentru a se adapta la diferite cerin\u021be de lucru.<\/li>\n<li>\u00centre\u021binere u\u0219oar\u0103: Conceput pentru \u00eentre\u021binere \u0219i \u00eenlocuire u\u0219oar\u0103, facilit\u00e2nd inspec\u021bia \u0219i \u00eentre\u021binerea regulat\u0103 \u0219i reduc\u00e2nd timpul de nefunc\u021bionare a echipamentelor.<\/li>\n<\/ul>\n<p>Putem produce acest produs \u0219i poate \u00eenlocui perfect ace\u0219ti cilindri hidraulici.<\/p>\n<p><img decoding=\"async\" src=\"https:\/\/www.hydraulic-cylinders.net\/wp-content\/uploads\/2025\/01\/songte-oil-pipes-and-spare-parts.webp\"\/><\/p>\n<h3>Aplica\u021bii<\/h3>\n<p>Cilindrul cu bra\u021b este utilizat \u00een diverse aplica\u021bii, cum ar fi:<\/p>\n<ul>\n<li>Inginerie de construc\u021bii: \u00cen excavatoare \u0219i macarale, cilindrii bra\u021bului sunt utiliza\u021bi pentru a controla mi\u0219carea cupei sau a bra\u021bului pentru lucr\u0103ri de terasament, manipularea materialelor \u0219i instalarea structural\u0103.<\/li>\n<li>Industria prelucr\u0103toare: \u00cen liniile de produc\u021bie automatizate, cilindrii bra\u021bului sunt utiliza\u021bi pentru mi\u0219carea bra\u021belor mecanice \u00een procesele de asamblare, sudare \u0219i manipulare, pentru a \u00eembun\u0103t\u0103\u021bi eficien\u021ba \u0219i precizia produc\u021biei.<\/li>\n<li>Ma\u0219ini agricole: \u00cen cazul ma\u0219inilor agricole, cum ar fi combinele de recoltat \u0219i sem\u0103n\u0103toarele, cilindrii bra\u021bului controleaz\u0103 mi\u0219carea bra\u021bului de operare pentru a efectua sarcini precum sem\u0103natul, fertilizarea \u0219i recoltarea.<\/li>\n<li>Minerit: \u00cen echipamentele miniere, cilindrii bra\u021bului sunt utiliza\u021bi pentru a controla mi\u0219carea bra\u021belor echipamentelor miniere pentru minerit \u0219i manipularea materialelor.<\/li>\n<li>Logistic\u0103 \u0219i transport: \u00cen cazul stivuitoarelor \u0219i robo\u021bilor de manipulare, cilindrii bra\u021bului sunt utiliza\u021bi pentru a controla ridicarea \u0219i mi\u0219carea furcilor pentru manipularea \u0219i stivuirea materialelor.<\/li>\n<\/ul>\n<h3>Standarde de proiectare \u0219i selec\u021bie<\/h3>\n<p>Proiectarea cilindrilor bra\u021bului ia \u00een considerare capacitatea portant\u0103, etan\u0219area, durabilitatea, siguran\u021ba \u0219i mentenan\u021ba. Aceste aspecte sunt discutate mai jos:<\/p>\n<h4>Capacitate portant\u0103<\/h4>\n<p>Cilindrul bra\u021bului trebuie s\u0103 poat\u0103 suporta sarcina \u0219i presiunea maxim\u0103 pentru a asigura func\u021bionarea sigur\u0103 \u0219i stabil\u0103 a utilajului.<\/p>\n<h4>Sigilare<\/h4>\n<p>Cilindrul bra\u021bului utilizeaz\u0103 diverse elemente de etan\u0219are, cum ar fi etan\u0219\u0103ri de piston, etan\u0219\u0103ri de tij\u0103 etc., care sunt fabricate din materiale rezistente la uzur\u0103, cum ar fi poliuretanul, cauciucul nitrilic etc., pentru a asigura o bun\u0103 performan\u021b\u0103 de etan\u0219are.<\/p>\n<h4>Durabilitate<\/h4>\n<p>Cilindrul bra\u021bului este \u00een general fabricat din materiale de \u00eenalt\u0103 rezisten\u021b\u0103, cu o bun\u0103 rezisten\u021b\u0103 la uzur\u0103 \u0219i la coroziune, iar corpul cilindrului \u0219i suprafe\u021bele filetate ale cap\u0103tului sunt prelucrate fin pentru a \u00eembun\u0103t\u0103\u021bi rezisten\u021ba la uzur\u0103.<\/p>\n<h4>Siguran\u0163\u0103<\/h4>\n<p>Cilindrul bra\u021bului trebuie s\u0103 fie prev\u0103zut cu dispozitive de siguran\u021b\u0103, cum ar fi o supap\u0103 de supra\u00eenc\u0103rcare, pentru a preveni deteriorarea cauzat\u0103 de supra\u00eenc\u0103rcare sau alte accidente.<\/p>\n<h4>Mentenabilitate<\/h4>\n<p>Cilindrul bra\u021bului este proiectat pentru o \u00eentre\u021binere u\u0219oar\u0103, cum ar fi \u00eenlocuirea u\u0219oar\u0103 a elementelor de etan\u0219are, ceea ce reduce timpul de nefunc\u021bionare a echipamentelor \u0219i costurile de \u00eentre\u021binere.<\/p>\n<p><img decoding=\"async\" src=\"https:\/\/www.hydraulic-cylinders.net\/wp-content\/uploads\/2025\/01\/songte-cylinder-head-with-all-kinds-excavator-models.webp\"\/><\/p>\n<h3>Etan\u0219are \u0219i lubrifiere<\/h3>\n<p>Cilindrul bra\u021bului utilizeaz\u0103 diverse elemente de etan\u0219are, cum ar fi etan\u0219\u0103ri de piston, etan\u0219\u0103ri de tij\u0103 etc., care sunt fabricate din materiale rezistente la uzur\u0103, cum ar fi poliuretanul, cauciucul nitrilic etc. Corpul cilindrului \u0219i suprafe\u021bele filetate ale cap\u0103tului sunt prelucrate fin pentru a \u00eembun\u0103t\u0103\u021bi rezisten\u021ba la uzur\u0103. Este necesar s\u0103 se adauge \u00een mod regulat o cantitate adecvat\u0103 de ulei hidraulic pentru lubrifiere.<\/p>\n<h3>M\u0103suri de \u00eentre\u021binere \u0219i precau\u021bie<\/h3>\n<p>Pentru a asigura func\u021bionarea normal\u0103 \u0219i fiabil\u0103 a cilindrului bra\u021bului, sunt necesare inspec\u021bii \u0219i \u00eentre\u021binere regulate. Trebuie luate urm\u0103toarele m\u0103suri:<\/p>\n<ul>\n<li>Verifica\u021bi periodic corpul cilindrului pentru a depista fisuri, deform\u0103ri \u0219i alte deterior\u0103ri.<\/li>\n<li>Verifica\u021bi elementele de etan\u0219are pentru uzur\u0103 \u0219i \u00eenlocui\u021bi-le la timp.<\/li>\n<li>Ad\u0103uga\u021bi regulat ulei hidraulic pentru lubrifiere \u0219i \u00eenlocui\u021bi uleiul \u00een mod regulat.<\/li>\n<li>Verifica\u021bi periodic supapa de siguran\u021b\u0103 pentru a asigura func\u021bionarea normal\u0103 a acesteia.<\/li>\n<li>Cur\u0103\u021ba\u021bi periodic corpul cilindrului \u0219i suprafe\u021bele filetate ale capetelor pentru a asigura efectul de etan\u0219are.<\/li>\n<\/ul>\n<p><img decoding=\"async\" src=\"https:\/\/www.hydraulic-cylinders.net\/wp-content\/uploads\/2025\/01\/songte-chushion-collar.webp\"\/><\/p>\n<h3>Ghid de instalare a produsului<\/h3>\n<p>\u00cenainte de a instala cilindrul bra\u021bului, verifica\u021bi dac\u0103 specifica\u021biile, parametrii \u0219i dimensiunile de instalare ale acestuia sunt compatibile cu ma\u0219ina. Pa\u0219ii de instalare sunt urm\u0103torii:<\/p>\n<ol>\n<li>Inspecta\u021bi corpul cilindrului, tija pistonului \u0219i inelul de etan\u0219are \u00eenainte de instalare pentru a v\u0103 asigura c\u0103 sunt curate \u0219i f\u0103r\u0103 deterior\u0103ri sau defecte.<\/li>\n<li>Aplica\u021bi un strat sub\u021bire de ulei hidraulic pe tija pistonului \u0219i pe inelul de etan\u0219are.<\/li>\n<li>Introduce\u021bi tija pistonului \u00een corpul cilindrului \u0219i str\u00e2nge\u021bi cap\u0103tul filetat cu unealta corespunz\u0103toare.<\/li>\n<li>Conecta\u021bi conducta hidraulic\u0103 \u0219i umple\u021bi sistemul cu ulei hidraulic.<\/li>\n<li>Verifica\u021bi dac\u0103 exist\u0103 scurgeri la cilindru \u0219i testa\u021bi func\u021bionarea acestuia.<\/li>\n<\/ol>\n<p><img decoding=\"async\" src=\"https:\/\/www.hydraulic-cylinders.net\/wp-content\/uploads\/2025\/01\/songte-bushings-with-all-kinds-of-excavator-models.webp\"\/><\/p>\n<h3>Considera\u021bii de siguran\u021b\u0103 \u0219i factori de mediu<\/h3>\n<p>M\u0103surile de siguran\u021b\u0103 sunt cruciale atunci c\u00e2nd se lucreaz\u0103 cu sisteme hidraulice. Operatorii trebuie s\u0103 fie con\u0219tien\u021bi de pericolele asociate cu fluidele de \u00eenalt\u0103 presiune \u0219i s\u0103 ia m\u0103suri adecvate pentru a preveni accidentele. De asemenea, trebuie lua\u021bi \u00een considerare factorii de mediu la operarea utilajelor, cum ar fi poluarea fonic\u0103 \u0219i eliminarea de\u0219eurilor.<\/p>\n<h3>Depanare \u0219i probleme frecvente<\/h3>\n<p>Problemele comune care pot ap\u0103rea la cilindrul bra\u021bului includ scurgeri de ulei, presiune insuficient\u0103 \u0219i zgomot anormal. Urm\u0103toarele sfaturi pot ajuta la diagnosticarea \u0219i rezolvarea acestor probleme:<\/p>\n<h4>Scurgere de ulei<\/h4>\n<p>Verifica\u021bi dac\u0103 elementele de etan\u0219are sunt deteriorate sau nu sunt str\u00e2nse corespunz\u0103tor.<\/p>\n<h4>Presiune insuficient\u0103<\/h4>\n<p>Verifica\u021bi dac\u0103 conducta hidraulic\u0103 este blocat\u0103 sau dac\u0103 pompa func\u021bioneaz\u0103 corect.<\/p>\n<h4>Zgomot anormal<\/h4>\n<p>Verifica\u021bi dac\u0103 corpul cilindrului este deformat sau dac\u0103 tija pistonului este uzat\u0103.<\/p>\n<h3>Concluzie<\/h3>\n<p>Suntem un produc\u0103tor profesionist de cilindri hidraulici de schimb cu o gam\u0103 larg\u0103 de produse \u0219i am devenit unul dintre principalii produc\u0103tori \u0219i distribuitori angro de cilindri hidraulici pe pie\u021bele interne \u0219i interna\u021bionale. Respect\u0103m \u00eentotdeauna principiul calit\u0103\u021bii excelente \u0219i ne \u00eembun\u0103t\u0103\u021bim continuu tehnologia \u0219i eficien\u021ba produc\u021biei. Scopul nostru este de a satisface nevoile diversificate ale clien\u021bilor cu eficien\u021b\u0103 ridicat\u0103, precizie \u0219i produse de \u00eenalt\u0103 calitate.<\/p>\n<p><img decoding=\"async\" src=\"https:\/\/www.hydraulic-cylinders.net\/wp-content\/uploads\/2025\/01\/songte-company-4.webp\"\/><br \/>\n<img decoding=\"async\" src=\"https:\/\/www.hydraulic-cylinders.net\/wp-content\/uploads\/2025\/01\/songte-company-3.webp\"\/><\/p>\n<p>Autor: lyl<\/p>","protected":false},"excerpt":{"rendered":"<p>Arm Cylinder For John Deere E240LC Introduction The arm cylinder is a specially designed hydraulic cylinder that provides linear motion and power to the arm of various types of machinery, such as excavators, cranes, and mechanical arms. The arm cylinder plays a crucial role in the hydraulic system, allowing additional tools or attachments to move [&hellip;]<\/p>","protected":false},"featured_media":14763,"comment_status":"open","ping_status":"closed","template":"","meta":{"_et_pb_use_builder":"","_et_pb_old_content":"","_et_gb_content_width":""},"product_brand":[],"product_cat":[1497],"product_tag":[1498,1496],"class_list":{"0":"post-16775","1":"product","2":"type-product","3":"status-publish","4":"has-post-thumbnail","6":"product_cat-arm-cylinders","7":"product_tag-arm-cylinders","8":"product_tag-hydraulic-cylinders","10":"first","11":"instock","12":"shipping-taxable","13":"product-type-simple"},"amp_enabled":true,"_links":{"self":[{"href":"https:\/\/www.hydraulic-cylinders.net\/ro\/wp-json\/wp\/v2\/product\/16775","targetHints":{"allow":["GET"]}}],"collection":[{"href":"https:\/\/www.hydraulic-cylinders.net\/ro\/wp-json\/wp\/v2\/product"}],"about":[{"href":"https:\/\/www.hydraulic-cylinders.net\/ro\/wp-json\/wp\/v2\/types\/product"}],"replies":[{"embeddable":true,"href":"https:\/\/www.hydraulic-cylinders.net\/ro\/wp-json\/wp\/v2\/comments?post=16775"}],"wp:featuredmedia":[{"embeddable":true,"href":"https:\/\/www.hydraulic-cylinders.net\/ro\/wp-json\/wp\/v2\/media\/14763"}],"wp:attachment":[{"href":"https:\/\/www.hydraulic-cylinders.net\/ro\/wp-json\/wp\/v2\/media?parent=16775"}],"wp:term":[{"taxonomy":"product_brand","embeddable":true,"href":"https:\/\/www.hydraulic-cylinders.net\/ro\/wp-json\/wp\/v2\/product_brand?post=16775"},{"taxonomy":"product_cat","embeddable":true,"href":"https:\/\/www.hydraulic-cylinders.net\/ro\/wp-json\/wp\/v2\/product_cat?post=16775"},{"taxonomy":"product_tag","embeddable":true,"href":"https:\/\/www.hydraulic-cylinders.net\/ro\/wp-json\/wp\/v2\/product_tag?post=16775"}],"curies":[{"name":"wp","href":"https:\/\/api.w.org\/{rel}","templated":true}]}}