{"id":16783,"date":"2025-01-21T05:54:03","date_gmt":"2025-01-21T05:54:03","guid":{"rendered":"https:\/\/www.hydraulic-cylinders.net\/product\/arm-cylinder-for-yuchai-yc18sr\/"},"modified":"2025-01-21T05:54:04","modified_gmt":"2025-01-21T05:54:04","slug":"arm-cylinder-for-yuchai-yc18sr","status":"publish","type":"product","link":"https:\/\/www.hydraulic-cylinders.net\/ro\/produs\/arm-cylinder-for-yuchai-yc18sr\/","title":{"rendered":"Cilindru de bra\u021b pentru Yuchai YC18SR"},"content":{"rendered":"<p>Cilindru hidraulic pentru Yuchai YC18SR \u2013 Cilindru hidraulic pentru mi\u0219care liniar\u0103 \u0219i putere<\/p>\n<p>Cilindrii de bra\u021b, cunoscu\u021bi \u0219i sub denumirea de cilindri hidraulici, sunt cilindri special concepu\u021bi, utiliza\u021bi pentru a asigura mi\u0219carea liniar\u0103 \u0219i puterea diferitelor tipuri de bra\u021be de utilaje, cum ar fi excavatoare, macarale \u0219i bra\u021be mecanice. Ace\u0219tia joac\u0103 un rol crucial \u00een sistemul hidraulic, permi\u021b\u00e2nd ata\u0219amentelor sau accesoriilor s\u0103 se mi\u0219te \u0219i s\u0103 se controleze eficient. Ace\u0219ti cilindri nu numai c\u0103 ofer\u0103 o mi\u0219care lin\u0103, dar rezist\u0103 \u0219i la sarcini grele, asigur\u00e2nd func\u021bionarea eficient\u0103 \u0219i fiabilitatea utilajelor \u00een diverse condi\u021bii de lucru.<\/p>\n<p>Defini\u021bie \u0219i explica\u021bie<\/p>\n<p>Cilindrii bra\u021bului sunt o component\u0103 esen\u021bial\u0103 a sistemului hidraulic utilizat \u00een diverse tipuri de utilaje. Ace\u0219tia furnizeaz\u0103 for\u021ba necesar\u0103 pentru mi\u0219carea liniar\u0103 \u0219i puterea, permi\u021b\u00e2nd bra\u021belor ma\u0219inilor s\u0103 func\u021bioneze lin \u0219i eficient. Sunt fabrica\u021bi din materiale de \u00eenalt\u0103 rezisten\u021b\u0103, ceea ce \u00eei face durabili \u0219i capabili s\u0103 reziste la medii dure.<\/p>\n<p>\u00cen plus, cilindrii bra\u021bului sunt proiecta\u021bi pentru a fi u\u0219or de \u00eentre\u021binut \u0219i \u00eenlocuit, ceea ce face ca verific\u0103rile \u0219i \u00eentre\u021binerea regulat\u0103 s\u0103 fie convenabile \u0219i s\u0103 reduc\u0103 timpul de nefunc\u021bionare a echipamentelor. Cilindrii sunt utiliza\u021bi pe scar\u0103 larg\u0103 \u00een diverse industrii, inclusiv construc\u021bii, produc\u021bie, agricultur\u0103, minerit, logistic\u0103 \u0219i transport.<\/p>\n<p><img decoding=\"async\" src=\"https:\/\/www.hydraulic-cylinders.net\/wp-content\/uploads\/2025\/01\/songte-company-2.webp\" alt=\"Cilindru de bra\u021b pentru Yuchai YC18SR\" style=\"max-width:100%; height:auto;\" \/><\/p>\n<p>Caracteristicile cilindrilor bra\u021bului<\/p>\n<p>Cilindrii cu bra\u021b vin cu mai multe caracteristici care \u00eei fac o alegere popular\u0103 pentru produc\u0103torii de utilaje. C\u00e2teva dintre caracteristicile cheie ale cilindrilor cu bra\u021b sunt:<\/p>\n<p>1. Transmisie de \u00eenalt\u0103 performan\u021b\u0103: Cilindrii bra\u021bului ofer\u0103 o mi\u0219care liniar\u0103 puternic\u0103 \u0219i o for\u021b\u0103, asigur\u00e2nd o eficien\u021b\u0103 ridicat\u0103 a bra\u021belor ma\u0219inii \u00een timpul diferitelor opera\u021biuni.<\/p>\n<p>2. Control de precizie: Prin intermediul sistemului hidraulic, cilindrii bra\u021bului pot realiza un control precis al mi\u0219c\u0103rii, ceea ce face ca func\u021bionarea ata\u0219amentelor s\u0103 fie mai flexibil\u0103 \u0219i mai precis\u0103.<\/p>\n<p>3. Durabilitate ridicat\u0103: Cilindrii bra\u021bului sunt fabrica\u021bi din materiale de \u00eenalt\u0103 rezisten\u021b\u0103, ceea ce \u00eei face extrem de rezisten\u021bi la uzur\u0103 \u0219i coroziune. Sunt potrivi\u021bi pentru utilizare pe termen lung \u00een medii dure.<\/p>\n<p>4. Adaptabilitate multifunc\u021bional\u0103: Ace\u0219ti cilindri pot fi utiliza\u021bi \u00een diverse tipuri de utilaje, cum ar fi excavatoare, macarale \u0219i bra\u021be mecanice, pentru a satisface diferite nevoi opera\u021bionale.<\/p>\n<p>5. \u00centre\u021binere u\u0219oar\u0103: Designul cilindrilor bra\u021bului ia \u00een considerare u\u0219urin\u021ba \u00eentre\u021binerii \u0219i \u00eenlocuirii, facilit\u00e2nd verific\u0103rile \u0219i \u00eentre\u021binerea regulat\u0103 \u0219i reduc\u00e2nd timpul de nefunc\u021bionare a echipamentelor.<\/p>\n<p>Produsul nostru<\/p>\n<p>Compania noastr\u0103 produce cilindri hidraulici de \u00eenalt\u0103 calitate, care pot \u00eenlocui cilindrii hidraulici originali. Produsele noastre sunt fabricate folosind echipamente digitale avansate de fabrica\u021bie \u0219i sisteme profesionale de testare, asigur\u00e2nd un control optim al calit\u0103\u021bii pe tot parcursul procesului de produc\u021bie. Scopul nostru este de a oferi produse eficiente, precise \u0219i de \u00eenalt\u0103 calitate pentru a satisface nevoile diverse ale clien\u021bilor no\u0219tri.<\/p>\n<p><img decoding=\"async\" src=\"https:\/\/www.hydraulic-cylinders.net\/wp-content\/uploads\/2025\/01\/songte-oil-pipes-and-spare-parts.webp\" alt=\"Cilindru de bra\u021b pentru Yuchai YC18SR\" style=\"max-width:100%; height:auto;\" \/><\/p>\n<p>Aplica\u021bii ale cilindrilor de bra\u021b<\/p>\n<p>Cilindrii cu bra\u021b sunt utiliza\u021bi pe scar\u0103 larg\u0103 \u00een diverse industrii datorit\u0103 versatilit\u0103\u021bii \u0219i fiabilit\u0103\u021bii lor. C\u00e2teva dintre aplica\u021biile comune ale cilindrilor cu bra\u021b sunt:<\/p>\n<p>1. Construc\u021bii: Cilindrii bra\u021bului sunt utiliza\u021bi \u00een excavatoare \u0219i macarale pentru a controla mi\u0219carea cupelor sau a bra\u021belor \u00een timpul lucr\u0103rilor de terasament, manipul\u0103rii materialelor \u0219i instal\u0103rii structurilor.<\/p>\n<p>2. Fabrica\u021bie: Cilindrii bra\u021bului sunt utiliza\u021bi \u00een liniile de produc\u021bie automatizate pentru a controla mi\u0219carea bra\u021belor mecanice \u00een timpul proceselor de asamblare, sudare \u0219i manipulare, \u00eembun\u0103t\u0103\u021bind eficien\u021ba \u0219i precizia produc\u021biei.<\/p>\n<p>3. Ma\u0219ini agricole: Cilindrii bra\u021bului controleaz\u0103 mi\u0219carea bra\u021bului de operare \u00een utilajele agricole, cum ar fi combinele de recoltat \u0219i sem\u0103n\u0103toarele, efectu\u00e2nd sarcini precum plantarea, fertilizarea \u0219i recoltarea.<\/p>\n<p>4. Minerit: Cilindrii bra\u021bului sunt utiliza\u021bi pentru a controla mi\u0219carea bra\u021belor echipamentelor miniere, permi\u021b\u00e2nd extrac\u021bia \u0219i transportul mineralelor.<\/p>\n<p>5. Logistic\u0103 \u0219i transport: Cilindrii bra\u021bului controleaz\u0103 mi\u0219carea stivuitoarelor \u0219i a robo\u021bilor de manipulare, permi\u021b\u00e2nd deplasarea \u0219i stivuirea materialelor.<\/p>\n<p>Considera\u021bii de proiectare \u0219i criterii de selec\u021bie<\/p>\n<p>Atunci c\u00e2nd alege\u021bi un cilindru pentru bra\u021b, trebuie luate \u00een considerare mai multe aspecte de proiectare \u0219i criterii de selec\u021bie. C\u00e2\u021biva dintre factorii importan\u021bi care ar trebui lua\u021bi \u00een considerare sunt:<\/p>\n<p>1. Capacitate portant\u0103: Cilindrul bra\u021bului trebuie s\u0103 poat\u0103 suporta sarcina aplicat\u0103 \u00een timpul func\u021bion\u0103rii.<\/p>\n<p>2. Performan\u021ba de etan\u0219are: Cilindrul bra\u021bului trebuie s\u0103 fie echipat cu piese de etan\u0219are de \u00eenalt\u0103 calitate, cum ar fi etan\u0219\u0103rile pistonului \u0219i etan\u0219\u0103rile tijei, pentru a preveni scurgerile de ulei \u0219i contaminarea.<\/p>\n<p>3. Durabilitate: Cilindrul bra\u021bului trebuie s\u0103 fie fabricat din materiale de \u00eenalt\u0103 rezisten\u021b\u0103, cum ar fi o\u021belul aliat sau o\u021belul inoxidabil, pentru a rezista la medii dure \u0219i la uzur\u0103.<\/p>\n<p>4. Siguran\u021b\u0103: Cilindrul bra\u021bului trebuie proiectat cu elemente de siguran\u021b\u0103 pentru a preveni accidentele \u0219i a asigura func\u021bionarea \u00een siguran\u021b\u0103.<\/p>\n<p>5. \u00centre\u021binere: Cilindrul bra\u021bului trebuie s\u0103 fie u\u0219or de \u00eentre\u021binut \u0219i \u00eenlocuit, reduc\u00e2nd timpul de nefunc\u021bionare a echipamentului \u0219i costurile de \u00eentre\u021binere.<\/p>\n<p><img decoding=\"async\" src=\"https:\/\/www.hydraulic-cylinders.net\/wp-content\/uploads\/2025\/01\/songte-cylinder-head-with-all-kinds-excavator-models.webp\" alt=\"Cilindru de bra\u021b pentru Yuchai YC18SR\" style=\"max-width:100%; height:auto;\" \/><\/p>\n<p>Etan\u0219are \u0219i lubrifiere<\/p>\n<p>Pentru a asigura performan\u021ba optim\u0103 \u0219i longevitatea cilindrilor bra\u021bului, etan\u0219area \u0219i lubrifierea corespunz\u0103toare sunt esen\u021biale. Utilizarea unor piese de etan\u0219are de \u00eenalt\u0103 calitate, cum ar fi etan\u0219\u0103rile pistonului \u0219i etan\u0219\u0103rile tijei, previne scurgerile \u0219i contaminarea. Chiulasa, tija \u0219i alte suprafe\u021be trebuie prelucrate fin pentru a \u00eembun\u0103t\u0103\u021bi rezisten\u021ba la uzur\u0103. De asemenea, este necesar\u0103 o lubrifiere regulat\u0103 cu ulei hidraulic pentru a asigura o func\u021bionare lin\u0103 \u0219i a reduce uzura.<\/p>\n<p>M\u0103suri de \u00eentre\u021binere \u0219i precau\u021bie<\/p>\n<p>\u00centre\u021binerea \u0219i inspec\u021bia regulat\u0103 sunt esen\u021biale pentru men\u021binerea performan\u021bei optime \u0219i a longevit\u0103\u021bii cilindrilor bra\u021bului. Printre m\u0103surile de \u00eentre\u021binere care pot fi luate se num\u0103r\u0103:<\/p>\n<p>1. Inspectarea regulat\u0103 a sistemului hidraulic pentru a depista eventuale scurgeri sau deterior\u0103ri.<\/p>\n<p>2. \u00cenlocuirea garniturilor \u0219i a altor piese deteriorate sau uzate.<\/p>\n<p>3. Cur\u0103\u021barea \u0219i lubrifierea suprafe\u021belor cilindrilor.<\/p>\n<p>4. \u00cenlocuirea regulat\u0103 a uleiului hidraulic.<\/p>\n<p>Pentru a preveni poten\u021bialele probleme, printre m\u0103surile de precau\u021bie care pot fi luate se num\u0103r\u0103:<\/p>\n<p>1. Efectuarea de inspec\u021bii \u0219i \u00eentre\u021binere regulate.<\/p>\n<p>2. Respectarea instruc\u021biunilor produc\u0103torului pentru instalare \u0219i utilizare.<\/p>\n<p>3. Efectuarea de teste dup\u0103 instalare pentru a asigura func\u021bionarea corect\u0103.<\/p>\n<p>4. Utilizarea cilindrului \u00een limita capacit\u0103\u021bii portante proiectate.<\/p>\n<p><img decoding=\"async\" src=\"https:\/\/www.hydraulic-cylinders.net\/wp-content\/uploads\/2025\/01\/songte-chushion-collar.webp\" alt=\"Cilindru de bra\u021b pentru Yuchai YC18SR\" style=\"max-width:100%; height:auto;\" \/><\/p>\n<p>Ghid de instalare<\/p>\n<p>La instalarea cilindrului bra\u021bului, trebuie urma\u021bi urm\u0103torii pa\u0219i:<\/p>\n<p>1. Monta\u021bi cilindrul pe bra\u021bul ma\u0219inii, aliniind orificiile de montare.<\/p>\n<p>2. Introduce\u021bi tija pistonului \u00een cilindru, asigur\u00e2nd alinierea \u0219i jocul corespunz\u0103tor.<\/p>\n<p>3. Str\u00e2nge\u021bi \u0219uruburile \u0219i piuli\u021bele de montare la cuplul recomandat.<\/p>\n<p>4. Conecta\u021bi furtunurile hidraulice la cilindru.<\/p>\n<p>5. Umple\u021bi sistemul hidraulic cu uleiul hidraulic recomandat.<\/p>\n<p>Considera\u021bii de siguran\u021b\u0103 \u0219i factori de mediu<\/p>\n<p>La utilizarea cilindrilor de bra\u021b, trebuie luate \u00een considerare aspectele de siguran\u021b\u0103. Utilajele trebuie operate de personal calificat, iar cilindrul trebuie instalat \u0219i \u00eentre\u021binut conform instruc\u021biunilor produc\u0103torului. Trebuie implementate m\u0103suri de siguran\u021b\u0103 adecvate, cum ar fi dispozitive de protec\u021bie \u0219i semne de avertizare, pentru a preveni accidentele.<\/p>\n<p>Factorii de mediu, cum ar fi temperatura \u0219i umiditatea, pot afecta, de asemenea, performan\u021ba cilindrilor bra\u021bului. Cilindrul trebuie operat \u00een intervalul de temperatur\u0103 recomandat \u0219i protejat de condi\u021bii meteorologice extreme.<\/p>\n<p>Diagnosticarea defec\u021biunilor \u0219i probleme frecvente<\/p>\n<p>Unele dintre problemele comune care pot ap\u0103rea la cilindrii bra\u021bului includ scurgeri de ulei, garnituri deteriorate \u0219i piese uzate. Pentru a diagnostica \u0219i rezolva aceste probleme, se pot urma urm\u0103torii pa\u0219i:<\/p>\n<p>1. Verifica\u021bi dac\u0103 sistemul hidraulic prezint\u0103 scurgeri sau deterior\u0103ri.<\/p>\n<p>2. Verifica\u021bi suprafe\u021bele cilindrului pentru uzur\u0103 sau deteriorare.<\/p>\n<p>3. \u00cenlocui\u021bi piesele deteriorate sau uzate, cum ar fi garniturile sau tijele pistonului.<\/p>\n<p>4. Unge\u021bi suprafe\u021bele cilindrului \u00een mod regulat.<\/p>\n<p>M\u0103surile preventive, cum ar fi inspec\u021biile \u0219i \u00eentre\u021binerea regulate, pot ajuta la reducerea apari\u021biei problemelor \u0219i la asigurarea unei performan\u021be optime.<\/p>\n<p>Compania noastr\u0103<\/p>\n<p>Suntem un produc\u0103tor profesionist de cilindri hidraulici care ofer\u0103 o gam\u0103 larg\u0103 de produse \u0219i servicii. Produsele noastre sunt fabricate folosind tehnologie avansat\u0103 \u0219i respect\u0103 standardele interna\u021bionale. Oferim servicii personalizate pentru a satisface nevoile diverse ale clien\u021bilor no\u0219tri, iar echipamentele noastre sunt moderne \u0219i de ultim\u0103 genera\u021bie. Serviciul nostru post-v\u00e2nzare este excep\u021bional, asigur\u00e2nd satisfac\u021bia \u0219i loialitatea clien\u021bilor.<\/p>\n<p><img decoding=\"async\" src=\"https:\/\/www.hydraulic-cylinders.net\/wp-content\/uploads\/2025\/01\/songte-company-4.webp\" alt=\"Cilindru de bra\u021b pentru Yuchai YC18SR\" style=\"max-width:100%; height:auto;\" \/><\/p>\n<p>\u00cen concluzie, cilindrii hidraulici sunt o component\u0103 esen\u021bial\u0103 a sistemului hidraulic utilizat \u00een diverse tipuri de utilaje. Ace\u0219tia furnizeaz\u0103 for\u021ba \u0219i puterea necesare pentru mi\u0219carea liniar\u0103, permi\u021b\u00e2nd bra\u021belor ma\u0219inilor s\u0103 func\u021bioneze lin \u0219i eficient. Instalarea, \u00eentre\u021binerea \u0219i considera\u021biile de siguran\u021b\u0103 corespunz\u0103toare sunt necesare pentru performan\u021be optime \u0219i longevitate. Compania noastr\u0103 produce cilindri hidraulici de \u00eenalt\u0103 calitate care pot \u00eenlocui cilindrii hidraulici originali \u0219i oferim servicii personalizate pentru a satisface nevoile diverse ale clien\u021bilor no\u0219tri.<\/p>","protected":false},"excerpt":{"rendered":"<p>Arm Cylinder For Yuchai YC18SR \u2013 A Hydraulic Cylinder for Linear Motion and Power Arm cylinders, also known as hydraulic cylinders, are specially designed cylinders used for providing linear motion and power to various types of machinery arms, such as excavators, cranes, and mechanical arms. They play a crucial role in the hydraulic system, enabling [&hellip;]<\/p>","protected":false},"featured_media":14770,"comment_status":"open","ping_status":"closed","template":"","meta":{"_et_pb_use_builder":"","_et_pb_old_content":"","_et_gb_content_width":""},"product_brand":[],"product_cat":[1497],"product_tag":[1498,1496],"class_list":{"0":"post-16783","1":"product","2":"type-product","3":"status-publish","4":"has-post-thumbnail","6":"product_cat-arm-cylinders","7":"product_tag-arm-cylinders","8":"product_tag-hydraulic-cylinders","10":"first","11":"instock","12":"shipping-taxable","13":"product-type-simple"},"amp_enabled":true,"_links":{"self":[{"href":"https:\/\/www.hydraulic-cylinders.net\/ro\/wp-json\/wp\/v2\/product\/16783","targetHints":{"allow":["GET"]}}],"collection":[{"href":"https:\/\/www.hydraulic-cylinders.net\/ro\/wp-json\/wp\/v2\/product"}],"about":[{"href":"https:\/\/www.hydraulic-cylinders.net\/ro\/wp-json\/wp\/v2\/types\/product"}],"replies":[{"embeddable":true,"href":"https:\/\/www.hydraulic-cylinders.net\/ro\/wp-json\/wp\/v2\/comments?post=16783"}],"wp:featuredmedia":[{"embeddable":true,"href":"https:\/\/www.hydraulic-cylinders.net\/ro\/wp-json\/wp\/v2\/media\/14770"}],"wp:attachment":[{"href":"https:\/\/www.hydraulic-cylinders.net\/ro\/wp-json\/wp\/v2\/media?parent=16783"}],"wp:term":[{"taxonomy":"product_brand","embeddable":true,"href":"https:\/\/www.hydraulic-cylinders.net\/ro\/wp-json\/wp\/v2\/product_brand?post=16783"},{"taxonomy":"product_cat","embeddable":true,"href":"https:\/\/www.hydraulic-cylinders.net\/ro\/wp-json\/wp\/v2\/product_cat?post=16783"},{"taxonomy":"product_tag","embeddable":true,"href":"https:\/\/www.hydraulic-cylinders.net\/ro\/wp-json\/wp\/v2\/product_tag?post=16783"}],"curies":[{"name":"wp","href":"https:\/\/api.w.org\/{rel}","templated":true}]}}