{"id":16787,"date":"2025-01-21T05:54:21","date_gmt":"2025-01-21T05:54:21","guid":{"rendered":"https:\/\/www.hydraulic-cylinders.net\/product\/arm-cylinder-for-yuchai-yc85-8\/"},"modified":"2025-01-21T05:54:24","modified_gmt":"2025-01-21T05:54:24","slug":"arm-cylinder-for-yuchai-yc85-8","status":"publish","type":"product","link":"https:\/\/www.hydraulic-cylinders.net\/ro\/produs\/arm-cylinder-for-yuchai-yc85-8\/","title":{"rendered":"Cilindru de bra\u021b pentru Yuchai YC85-8"},"content":{"rendered":"<h1>Cilindru de bra\u021b pentru Yuchai YC85-8<\/h1>\n<h2>Introducere<\/h2>\n<p>Cilindrul bra\u021bului este un cilindru hidraulic special conceput care ofer\u0103 mi\u0219care liniar\u0103 \u0219i putere bra\u021bului diferitelor utilaje, cum ar fi excavatoare, macarale \u0219i bra\u021be robotizate. Acesta joac\u0103 un rol crucial \u00een sistemele hidraulice, permi\u021b\u00e2nd mi\u0219carea \u0219i controlul eficient al uneltelor sau ata\u0219amentelor suplimentare. Ace\u0219ti cilindri nu numai c\u0103 permit o mi\u0219care lin\u0103, dar rezist\u0103 \u0219i la sarcini grele, asigur\u00e2nd o eficien\u021b\u0103 opera\u021bional\u0103 ridicat\u0103 \u0219i fiabilitate a utilajelor \u00een diverse condi\u021bii de lucru.<\/p>\n<p><img decoding=\"async\" src=\"https:\/\/www.hydraulic-cylinders.net\/wp-content\/uploads\/2025\/01\/songte-company-2.webp\" alt=\"Imaginea cilindrului bra\u021bului\"><\/p>\n<h2>Caracteristici<\/h2>\n<ul>\n<li>Transmisie eficient\u0103 a puterii: Cilindrul bra\u021bului ofer\u0103 o mi\u0219care liniar\u0103 puternic\u0103 \u0219i o for\u021b\u0103, asigur\u00e2nd capacit\u0103\u021bi de \u00eenalt\u0103 performan\u021b\u0103 pentru bra\u021bul mecanic \u00een diverse opera\u021biuni.<\/li>\n<li>Control precis: Prin intermediul sistemului hidraulic, cilindrul bra\u021bului permite un control precis al mi\u0219c\u0103rii, ceea ce face ca operarea uneltelor suplimentare s\u0103 fie mai flexibil\u0103 \u0219i mai precis\u0103.<\/li>\n<li>Durabilitate ridicat\u0103: Cilindrii bra\u021bului sunt de obicei fabrica\u021bi din materiale de \u00eenalt\u0103 rezisten\u021b\u0103, oferind o rezisten\u021b\u0103 excelent\u0103 la uzur\u0103 \u0219i coroziune, ceea ce \u00eei face potrivi\u021bi pentru utilizarea pe termen lung \u00een medii dure.<\/li>\n<li>Adaptabilitate multifunc\u021bional\u0103: Ace\u0219ti cilindri pot fi utiliza\u021bi pe scar\u0103 larg\u0103 \u00een diverse echipamente, inclusiv excavatoare, macarale \u0219i bra\u021be robotizate, adapt\u00e2ndu-se la diferite cerin\u021be de lucru.<\/li>\n<li>\u00centre\u021binere u\u0219oar\u0103: Designul ia \u00een considerare u\u0219urin\u021ba \u00eentre\u021binerii \u0219i \u00eenlocuirii, facilit\u00e2nd inspec\u021biile \u0219i service-ul regulat, reduc\u00e2nd \u00een acela\u0219i timp la minimum timpul de nefunc\u021bionare a echipamentelor.<\/li>\n<\/ul>\n<p><img decoding=\"async\" src=\"https:\/\/www.hydraulic-cylinders.net\/wp-content\/uploads\/2025\/01\/songte-oil-pipes-and-spare-parts.webp\" alt=\"Imagine cu \u021bevi de petrol \u0219i piese de schimb\"><\/p>\n<h2>Aplica\u021bii<\/h2>\n<p>Cilindrul cu bra\u021b \u00ee\u0219i g\u0103se\u0219te aplica\u021bii \u00een diverse industrii:<\/p>\n<ul>\n<li>Inginerie de construc\u021bii: La excavatoare \u0219i macarale, cilindrul bra\u021bului controleaz\u0103 mi\u0219carea cupei sau a bra\u021bului, facilit\u00e2nd lucr\u0103rile de terasament, manipularea materialelor \u0219i instala\u021biile structurale.<\/li>\n<li>Fabrica\u021bie: \u00cen liniile de produc\u021bie automatizate, cilindrul bra\u021bului permite mi\u0219carea bra\u021belor robotizate, efectuarea proceselor de asamblare, sudare \u0219i manipulare a materialelor pentru a spori eficien\u021ba \u0219i precizia produc\u021biei.<\/li>\n<li>Ma\u0219ini agricole: \u00cen echipamentele agricole, cum ar fi combinele de recoltat \u0219i sem\u0103n\u0103toarele, cilindrul bra\u021bului controleaz\u0103 mi\u0219carea bra\u021belor de operare, execut\u00e2nd sarcini precum sem\u0103natul, fertilizarea \u0219i recoltarea.<\/li>\n<li>Minerit: \u00cen echipamentele miniere, cilindrul bra\u021bului controleaz\u0103 mi\u0219carea bra\u021bului utilajelor miniere, facilit\u00e2nd extrac\u021bia \u0219i transportul minereului.<\/li>\n<li>Logistic\u0103 \u0219i transport: La stivuitoarele \u0219i robo\u021bii de manipulare, cilindrul bra\u021bului controleaz\u0103 ridicarea \u0219i mi\u0219carea furcilor, permi\u021b\u00e2nd manipularea \u0219i stivuirea materialelor.<\/li>\n<\/ul>\n<h2>Considera\u021bii de proiectare \u0219i criterii de selec\u021bie<\/h2>\n<ul>\n<li>Capacitate portant\u0103: Capacitatea cilindrului bra\u021bului de a suporta sarcinile specificate este o considera\u021bie crucial\u0103 de proiectare.<\/li>\n<li>Etan\u0219are: Se utilizeaz\u0103 diverse componente de etan\u0219are, cum ar fi etan\u0219\u0103rile pistonului \u0219i etan\u0219\u0103rile tijei, folosind materiale rezistente la uzur\u0103, cum ar fi poliuretanul \u0219i cauciucul nitrilic.<\/li>\n<li>Durabilitate: Corpul cilindrului \u0219i suprafe\u021bele filetate ale cap\u0103tului sunt supuse unui tratament meticulos pentru a \u00eembun\u0103t\u0103\u021bi rezisten\u021ba la uzur\u0103.<\/li>\n<li>Siguran\u021b\u0103: Considera\u021biile de proiectare asigur\u0103 func\u021bionarea \u00een siguran\u021b\u0103 a cilindrului, prevenind accidentele sau defec\u021biunile \u00een timpul utiliz\u0103rii.<\/li>\n<li>\u00centre\u021binere: Lubrifierea regulat\u0103 cu ulei hidraulic \u0219i \u00eentre\u021binerea programat\u0103 sunt necesare pentru performan\u021be optime \u0219i longevitate.<\/li>\n<\/ul>\n<p><img decoding=\"async\" src=\"https:\/\/www.hydraulic-cylinders.net\/wp-content\/uploads\/2025\/01\/songte-cylinder-head-with-all-kinds-excavator-models.webp\" alt=\"Imaginea chiulasei\"><\/p>\n<h2>Etan\u0219are \u0219i lubrifiere<\/h2>\n<p>Diverse componente de etan\u0219are sunt utilizate \u00een cilindrii bra\u021bului, cum ar fi etan\u0219\u0103rile pistonului \u0219i etan\u0219\u0103rile tijei. Aceste etan\u0219\u0103ri sunt fabricate din materiale rezistente la uzur\u0103, cum ar fi poliuretanul \u0219i cauciucul nitrilic. Corpul cilindrului \u0219i suprafe\u021bele filetate ale cap\u0103tului sunt tratate cu aten\u021bie pentru a spori rezisten\u021ba la uzur\u0103. Lubrifierea regulat\u0103 cu cantitatea adecvat\u0103 de ulei hidraulic este necesar\u0103 pentru a asigura o lubrifiere corect\u0103.<\/p>\n<h2>Inspec\u021bie regulat\u0103 \u0219i \u00eentre\u021binere preventiv\u0103<\/h2>\n<ul>\n<li>Inspecta\u021bi toate garniturile \u0219i cilindrii pentru a depista orice semne de uzur\u0103, scurgeri sau deterior\u0103ri.<\/li>\n<li>Verifica\u021bi sistemul hidraulic pentru niveluri de presiune \u0219i starea fluidului adecvate.<\/li>\n<li>Monitoriza\u021bi performan\u021ba \u0219i func\u021bionarea cilindrului bra\u021bului \u00een timpul verific\u0103rilor de rutin\u0103 ale echipamentului.<\/li>\n<li>P\u0103stra\u021bi cilindrul \u0219i componentele acestuia curate pentru a preveni contaminarea.<\/li>\n<li>Urma\u021bi programul \u0219i procedurile de \u00eentre\u021binere recomandate de produc\u0103tor.<\/li>\n<\/ul>\n<h2>Instruc\u021biuni de instalare a produsului<\/h2>\n<p>Instalarea corect\u0103 a cilindrului bra\u021bului este crucial\u0103 pentru o func\u021bionare sigur\u0103 \u0219i eficient\u0103. Urma\u021bi aceste instruc\u021biuni:<\/p>\n<ul>\n<li>Asigura\u021bi-v\u0103 c\u0103 toate suprafe\u021bele de montare sunt curate \u0219i f\u0103r\u0103 resturi sau deterior\u0103ri.<\/li>\n<li>Fixa\u021bi cilindrul \u00een siguran\u021b\u0103 folosind \u0219uruburi sau console de montare adecvate.<\/li>\n<li>Verifica\u021bi dac\u0103 furtunurile \u0219i racordurile hidraulice sunt conectate corect.<\/li>\n<li>Verifica\u021bi dac\u0103 exist\u0103 scurgeri hidraulice \u00een timpul \u0219i dup\u0103 instalare.<\/li>\n<li>Consulta\u021bi instruc\u021biunile de instalare ale produc\u0103torului pentru detalii specifice.<\/li>\n<\/ul>\n<p><img decoding=\"async\" src=\"https:\/\/www.hydraulic-cylinders.net\/wp-content\/uploads\/2025\/01\/songte-bushings-with-all-kinds-of-excavator-models.webp\" alt=\"Imagine buc\u0219e\"><\/p>\n<h2>Considera\u021bii de siguran\u021b\u0103 \u0219i factori de mediu<\/h2>\n<p>Atunci c\u00e2nd se utilizeaz\u0103 cilindri de bra\u021b, este esen\u021bial s\u0103 se acorde prioritate m\u0103surilor de siguran\u021b\u0103 pentru a preveni accidentele sau incidentele. Instruirea adecvat\u0103, respectarea protocoalelor de siguran\u021b\u0103 \u0219i inspec\u021biile regulate ale echipamentelor sunt vitale pentru o func\u021bionare \u00een siguran\u021b\u0103. \u00cen plus, luarea \u00een considerare a factorilor de mediu, cum ar fi temperatura, umiditatea \u0219i contaminarea, poate ajuta la \u00eembun\u0103t\u0103\u021birea performan\u021bei \u0219i a longevit\u0103\u021bii cilindrului de bra\u021b.<\/p>\n<h2>Depanare \u0219i probleme frecvente<\/h2>\n<p>1. Problem\u0103: Mi\u0219care lent\u0103 sau sacadat\u0103 a bra\u021bului.<\/p>\n<p>Solu\u021bie posibil\u0103: Verifica\u021bi dac\u0103 exist\u0103 niveluri sc\u0103zute de lichid hidraulic sau filtre \u00eenfundate. Inspecta\u021bi cilindrul pentru a depista orice semne de uzur\u0103 sau deteriorare.<\/p>\n<p>2. Problem\u0103: Scurgeri hidraulice sau pierderi de fluid.<\/p>\n<p>Solu\u021bie posibil\u0103: Examina\u021bi toate conexiunile \u0219i garniturile pentru scurgeri. \u00cenlocui\u021bi orice garnituri deteriorate sau uzate.<\/p>\n<p>3. Problem\u0103: Zgomot excesiv \u00een timpul func\u021bion\u0103rii bra\u021bului.<\/p>\n<p>Solu\u021bie posibil\u0103: Verifica\u021bi cilindrul pentru componente sl\u0103bite sau rulmen\u021bi uza\u021bi. Lubrifia\u021bi cilindrul \u0219i piesele sale mobile.<\/p>\n<p><img decoding=\"async\" src=\"https:\/\/www.hydraulic-cylinders.net\/wp-content\/uploads\/2025\/01\/songte-chushion-collar.webp\" alt=\"Imagine cu guler Chushion\"><\/p>\n<h2>Concluzie<\/h2>\n<p>Suntem un produc\u0103tor profesionist de cilindri hidraulici de schimb, oferind o gam\u0103 larg\u0103 de produse. Fiind unul dintre principalii produc\u0103tori \u0219i angrosi\u0219ti \u200b\u200bde cilindri hidraulici pe pie\u021bele interne \u0219i interna\u021bionale, prioritiz\u0103m excelen\u021ba \u00een calitate. Facilit\u0103\u021bile noastre avansate de produc\u021bie \u0219i strategiile de management al produc\u021biei la standarde industriale ne permit s\u0103 ne \u00eembun\u0103t\u0103\u021bim continuu expertiza tehnic\u0103 \u0219i eficien\u021ba produc\u021biei. Cu eficien\u021b\u0103 ridicat\u0103, precizie \u0219i calitate superioar\u0103, scopul nostru este de a satisface nevoile diverse ale clien\u021bilor no\u0219tri.<\/p>\n<p><img decoding=\"async\" src=\"https:\/\/www.hydraulic-cylinders.net\/wp-content\/uploads\/2025\/01\/songte-company-4.webp\" alt=\"Imaginea companiei\"><br \/>\n<img decoding=\"async\" src=\"https:\/\/www.hydraulic-cylinders.net\/wp-content\/uploads\/2025\/01\/songte-company-3.webp\" alt=\"Imaginea companiei\"><\/p>\n<p>Autor: lyl<\/p>","protected":false},"excerpt":{"rendered":"<p>Arm Cylinder For Yuchai YC85-8 Introduction The arm cylinder is a specially designed hydraulic cylinder that provides linear motion and power to the arm of various machinery, such as excavators, cranes, and robotic arms. It plays a crucial role in hydraulic systems, allowing for efficient movement and control of additional tools or attachments. These cylinders [&hellip;]<\/p>","protected":false},"featured_media":14786,"comment_status":"open","ping_status":"closed","template":"","meta":{"_et_pb_use_builder":"","_et_pb_old_content":"","_et_gb_content_width":""},"product_brand":[],"product_cat":[1497],"product_tag":[1498,1496],"class_list":{"0":"post-16787","1":"product","2":"type-product","3":"status-publish","4":"has-post-thumbnail","6":"product_cat-arm-cylinders","7":"product_tag-arm-cylinders","8":"product_tag-hydraulic-cylinders","10":"first","11":"instock","12":"shipping-taxable","13":"product-type-simple"},"amp_enabled":true,"_links":{"self":[{"href":"https:\/\/www.hydraulic-cylinders.net\/ro\/wp-json\/wp\/v2\/product\/16787","targetHints":{"allow":["GET"]}}],"collection":[{"href":"https:\/\/www.hydraulic-cylinders.net\/ro\/wp-json\/wp\/v2\/product"}],"about":[{"href":"https:\/\/www.hydraulic-cylinders.net\/ro\/wp-json\/wp\/v2\/types\/product"}],"replies":[{"embeddable":true,"href":"https:\/\/www.hydraulic-cylinders.net\/ro\/wp-json\/wp\/v2\/comments?post=16787"}],"wp:featuredmedia":[{"embeddable":true,"href":"https:\/\/www.hydraulic-cylinders.net\/ro\/wp-json\/wp\/v2\/media\/14786"}],"wp:attachment":[{"href":"https:\/\/www.hydraulic-cylinders.net\/ro\/wp-json\/wp\/v2\/media?parent=16787"}],"wp:term":[{"taxonomy":"product_brand","embeddable":true,"href":"https:\/\/www.hydraulic-cylinders.net\/ro\/wp-json\/wp\/v2\/product_brand?post=16787"},{"taxonomy":"product_cat","embeddable":true,"href":"https:\/\/www.hydraulic-cylinders.net\/ro\/wp-json\/wp\/v2\/product_cat?post=16787"},{"taxonomy":"product_tag","embeddable":true,"href":"https:\/\/www.hydraulic-cylinders.net\/ro\/wp-json\/wp\/v2\/product_tag?post=16787"}],"curies":[{"name":"wp","href":"https:\/\/api.w.org\/{rel}","templated":true}]}}