{"id":16800,"date":"2025-01-21T05:55:16","date_gmt":"2025-01-21T05:55:16","guid":{"rendered":"https:\/\/www.hydraulic-cylinders.net\/product\/arm-cylinder-for-tota-tx210c\/"},"modified":"2025-01-21T05:55:21","modified_gmt":"2025-01-21T05:55:21","slug":"arm-cylinder-for-tota-tx210c","status":"publish","type":"product","link":"https:\/\/www.hydraulic-cylinders.net\/ro\/produs\/arm-cylinder-for-tota-tx210c\/","title":{"rendered":"Cilindru de bra\u021b pentru Tota TX210C"},"content":{"rendered":"<h1>Cilindru de bra\u021b pentru Tota TX210C<\/h1>\n<h2>Introducere<\/h2>\n<p>Un cilindru de bra\u021b este un cilindru hidraulic specializat, utilizat \u00een principal pentru a oferi mi\u0219care liniar\u0103 \u0219i putere bra\u021belor diferitelor tipuri de utilaje, cum ar fi excavatoare, macarale \u0219i bra\u021be robotizate. Cilindrul de bra\u021b joac\u0103 un rol esen\u021bial \u00een sistemele hidraulice, permi\u021b\u00e2nd ata\u0219amentelor sau accesoriilor s\u0103 se mi\u0219te \u0219i s\u0103 fie controlate eficient. Ace\u0219ti cilindri nu numai c\u0103 ofer\u0103 o mi\u0219care lin\u0103, dar rezist\u0103 \u0219i la sarcini grele, asigur\u00e2nd func\u021bionarea eficient\u0103 \u0219i fiabilitatea utilajelor \u00een diverse condi\u021bii de func\u021bionare.<\/p>\n<p><img decoding=\"async\" src=\"https:\/\/www.hydraulic-cylinders.net\/wp-content\/uploads\/2025\/01\/songte-company-2.webp\" alt=\"Imaginea cilindrului bra\u021bului\"><\/p>\n<h2>Caracteristici<\/h2>\n<ul>\n<li>\n<h3>Transmisie de \u00eenalt\u0103 eficien\u021b\u0103<\/h3>\n<p>Cilindrul bra\u021bului poate oferi o mi\u0219care liniar\u0103 puternic\u0103 \u0219i o for\u021b\u0103, asigur\u00e2nd performan\u021be de \u00eenalt\u0103 eficien\u021b\u0103 \u00een diverse opera\u021biuni ale bra\u021bului mecanic.<\/p>\n<\/li>\n<li>\n<h3>Control precis<\/h3>\n<p>Prin intermediul sistemului hidraulic, cilindrul bra\u021bului poate realiza un control precis al mi\u0219c\u0103rii, f\u0103c\u00e2nd func\u021bionarea ata\u0219amentelor mai flexibil\u0103 \u0219i precis\u0103.<\/p>\n<\/li>\n<li>\n<h3>Durabilitate puternic\u0103<\/h3>\n<p>Cilindrii bra\u021bului sunt de obicei fabrica\u021bi din materiale de \u00eenalt\u0103 rezisten\u021b\u0103, care au o bun\u0103 rezisten\u021b\u0103 la uzur\u0103 \u0219i la coroziune, ceea ce \u00eei face potrivi\u021bi pentru utilizarea pe termen lung \u00een medii dure.<\/p>\n<\/li>\n<li>\n<h3>Adaptabilitate multifunc\u021bional\u0103<\/h3>\n<p>Ace\u0219ti cilindri pot fi utiliza\u021bi pe scar\u0103 larg\u0103 \u00een diverse echipamente, cum ar fi excavatoare, macarale \u0219i bra\u021be robotizate, adapt\u00e2ndu-se la diferite cerin\u021be de lucru.<\/p>\n<\/li>\n<li>\n<h3>\u00centre\u021binere u\u0219oar\u0103<\/h3>\n<p>Designul cilindrilor bra\u021bului are \u00een vedere \u00eentre\u021binerea \u0219i \u00eenlocuirea u\u0219oar\u0103, ceea ce face ca inspec\u021bia \u0219i \u00eentre\u021binerea regulat\u0103 s\u0103 fie mai convenabile \u0219i reduce timpul de nefunc\u021bionare a echipamentelor.<\/p>\n<\/li>\n<\/ul>\n<p>Compania noastr\u0103 poate produce acest produs \u0219i poate oferi un \u00eenlocuitor perfect pentru ace\u0219ti cilindri hidraulici.<\/p>\n<p><img decoding=\"async\" src=\"https:\/\/www.hydraulic-cylinders.net\/wp-content\/uploads\/2025\/01\/songte-oil-pipes-and-spare-parts.webp\" alt=\"Imagine de \u00eenlocuire a cilindrului hidraulic\"><\/p>\n<h2>Aplica\u021bii<\/h2>\n<p>Cilindrul cu bra\u021b are o gam\u0103 larg\u0103 de aplica\u021bii \u00een diferite industrii \u0219i echipamente:<\/p>\n<ul>\n<li>\n<h3>Inginerie de construc\u021bii<\/h3>\n<p>\u00cen excavatoare \u0219i macarale, cilindrii bra\u021bului sunt utiliza\u021bi pentru a controla mi\u0219carea cupelor sau a bra\u021belor pentru lucr\u0103ri de terasament, manipularea materialelor \u0219i instalarea structurilor.<\/p>\n<\/li>\n<li>\n<h3>Industria prelucr\u0103toare<\/h3>\n<p>\u00cen liniile de produc\u021bie automatizate, cilindrii bra\u021bului sunt utiliza\u021bi pentru mi\u0219carea bra\u021belor robotizate \u00een procesele de asamblare, sudare \u0219i manipulare, \u00eembun\u0103t\u0103\u021bind eficien\u021ba \u0219i precizia produc\u021biei.<\/p>\n<\/li>\n<li>\n<h3>Ma\u0219ini agricole<\/h3>\n<p>\u00cen utilajele agricole, cum ar fi combinele de recoltat \u0219i sem\u0103n\u0103toarele, cilindrii bra\u021bului controleaz\u0103 mi\u0219carea bra\u021belor de operare, \u00eendeplinind sarcini precum sem\u0103natul, fertilizarea \u0219i recoltarea.<\/p>\n<\/li>\n<li>\n<h3>Industria minier\u0103<\/h3>\n<p>\u00cen echipamentele miniere, cilindrii bra\u021bului sunt utiliza\u021bi pentru a controla mi\u0219carea bra\u021belor echipamentelor miniere pentru mineritul \u0219i transportul minereurilor.<\/p>\n<\/li>\n<li>\n<h3>Logistic\u0103 \u0219i transporturi<\/h3>\n<p>\u00cen cazul stivuitoarelor \u0219i robo\u021bilor de manipulare, cilindrii bra\u021bului sunt utiliza\u021bi pentru a controla ridicarea \u0219i mi\u0219carea furcilor, realiz\u00e2nd manipularea \u0219i stivuirea materialelor.<\/p>\n<\/li>\n<\/ul>\n<h2>Considera\u021bii de proiectare \u0219i standarde de selec\u021bie<\/h2>\n<p>Cilindrii bra\u021bului au diverse considera\u021bii de proiectare \u0219i standarde de selec\u021bie:<\/p>\n<ul>\n<li>\n<h3>Capacitate portant\u0103<\/h3>\n<p>Cilindrul bra\u021bului trebuie s\u0103 aib\u0103 o capacitate portant\u0103 suficient\u0103 pentru a asigura c\u0103 poate suporta sarcina maxim\u0103 pe care o poate \u00eent\u00e2mpina bra\u021bul \u00een timpul func\u021bion\u0103rii.<\/p>\n<\/li>\n<li>\n<h3>Sigilare<\/h3>\n<p>Cilindrul bra\u021bului trebuie etan\u0219at pentru a preveni scurgerile de fluid, care pot afecta func\u021bionarea sistemului hidraulic. Se utilizeaz\u0103 diverse elemente de etan\u0219are, cum ar fi etan\u0219\u0103rile pistonului \u0219i etan\u0219\u0103rile tijei, iar pentru elementele de etan\u0219are sunt selectate materiale rezistente la uzur\u0103, cum ar fi poliuretanul \u0219i cauciucul nitrilic.<\/p>\n<\/li>\n<li>\n<h3>Durabilitate<\/h3>\n<p>Cilindrul bra\u021bului trebuie s\u0103 fie suficient de durabil pentru a rezista uzurii cauzate de utilizarea repetat\u0103 \u0219i de mediul de operare dificil. Materiale de \u00eenalt\u0103 rezisten\u021b\u0103 \u0219i tratamente de suprafa\u021b\u0103, cum ar fi cromarea dur\u0103, sunt utilizate pentru a \u00eembun\u0103t\u0103\u021bi durabilitatea.<\/p>\n<\/li>\n<li>\n<h3>Siguran\u0163\u0103<\/h3>\n<p>Cilindrul bra\u021bului trebuie proiectat \u0219i instalat cu elemente de siguran\u021b\u0103 pentru a preveni accidentele cauzate de defec\u021biunile echipamentului. Dispozitivele de siguran\u021b\u0103, cum ar fi supapele de siguran\u021b\u0103, sunt utilizate pentru a preveni supra\u00eenc\u0103rcarea sau condi\u021biile de suprapresiune.<\/p>\n<\/li>\n<li>\n<h3>\u00centre\u0163inere<\/h3>\n<p>Cilindrul bra\u021bului trebuie proiectat av\u00e2nd \u00een vedere o \u00eentre\u021binere u\u0219oar\u0103, permi\u021b\u00e2nd \u00eenlocuirea rapid\u0103 \u0219i u\u0219oar\u0103 a componentelor uzate sau defecte. Inspec\u021bia \u0219i \u00eentre\u021binerea regulat\u0103 sunt necesare pentru a asigura func\u021bionarea eficient\u0103 \u0219i sigur\u0103 a sistemului hidraulic.<\/p>\n<\/li>\n<\/ul>\n<p><img decoding=\"async\" src=\"https:\/\/www.hydraulic-cylinders.net\/wp-content\/uploads\/2025\/01\/songte-cylinder-head-with-all-kinds-excavator-models.webp\" alt=\"Imagine de design a cilindrului hidraulic\"><\/p>\n<h2>Etan\u0219are \u0219i lubrifiere<\/h2>\n<p>Diverse elemente de etan\u0219are, cum ar fi etan\u0219\u0103rile pistonului \u0219i etan\u0219\u0103rile tijei, sunt utilizate pentru a preveni scurgerile de fluid, iar pentru elementele de etan\u0219are sunt selectate materiale rezistente la uzur\u0103, cum ar fi poliuretanul \u0219i cauciucul nitrilic. Corpul cilindrului \u0219i suprafa\u021ba filetat\u0103 a cap\u0103tului sunt prelucrate fin pentru a \u00eembun\u0103t\u0103\u021bi rezisten\u021ba la uzur\u0103. Ad\u0103ugarea regulat\u0103 de ulei hidraulic este necesar\u0103 pentru lubrifiere.<\/p>\n<h2>Inspec\u021bie periodic\u0103 \u0219i m\u0103suri de \u00eentre\u021binere preventiv\u0103<\/h2>\n<p>Inspec\u021bia periodic\u0103 \u0219i m\u0103surile de \u00eentre\u021binere preventiv\u0103 sunt necesare pentru a asigura func\u021bionarea eficient\u0103 \u0219i sigur\u0103 a sistemului hidraulic:<\/p>\n<ul>\n<li>\n<h3>Verifica\u021bi garniturile \u0219i \u00eembin\u0103rile<\/h3>\n<p>Verifica\u021bi elementele de etan\u0219are pentru uzur\u0103 sau deteriorare \u0219i \u00eenlocui\u021bi-le dac\u0103 este necesar. Verifica\u021bi \u00eembin\u0103rile pentru sl\u0103bire sau deteriorare \u0219i str\u00e2nge\u021bi-le sau repara\u021bi-le.<\/p>\n<\/li>\n<li>\n<h3>Verifica\u021bi nivelul \u0219i calitatea uleiului<\/h3>\n<p>Verifica\u021bi nivelul \u0219i calitatea uleiului \u00een mod regulat \u0219i ad\u0103uga\u021bi sau \u00eenlocui\u021bi uleiul hidraulic dup\u0103 cum este necesar.<\/p>\n<\/li>\n<li>\n<h3>Verifica\u021bi corpul cilindrului \u0219i tija pistonului<\/h3>\n<p>Verifica\u021bi corpul cilindrului \u0219i tija pistonului pentru uzur\u0103 sau deterior\u0103ri \u0219i \u00eenlocui\u021bi-le dac\u0103 este necesar.<\/p>\n<\/li>\n<li>\n<h3>Verifica\u021bi presiunea de func\u021bionare<\/h3>\n<p>Verifica\u021bi presiunea de func\u021bionare a sistemului hidraulic \u0219i, dac\u0103 este necesar, regla\u021bi-o la nivelul corespunz\u0103tor.<\/p>\n<\/li>\n<li>\n<h3>Verifica\u021bi dispozitivele de siguran\u021b\u0103<\/h3>\n<p>Verifica\u021bi periodic dispozitivele de siguran\u021b\u0103, cum ar fi supapele de siguran\u021b\u0103, manometrele \u0219i senzorii de temperatur\u0103, \u0219i repara\u021bi-le sau \u00eenlocui\u021bi-le dac\u0103 este necesar.<\/p>\n<\/li>\n<\/ul>\n<p><img decoding=\"async\" src=\"https:\/\/www.hydraulic-cylinders.net\/wp-content\/uploads\/2025\/01\/songte-chushion-collar.webp\" alt=\"Imagine de \u00eentre\u021binere a cilindrului hidraulic\"><\/p>\n<h2>Ghid de instalare<\/h2>\n<p>Urm\u0103torii sunt pa\u0219ii recomanda\u021bi pentru instalarea cilindrului bra\u021bului:<\/p>\n<ol>\n<li>Preg\u0103ti\u021bi locul de instalare \u0219i asigura\u021bi-v\u0103 c\u0103 este curat \u0219i nivelat.<\/li>\n<li>Preg\u0103ti\u021bi uneltele \u0219i echipamentele necesare, cum ar fi dispozitive de ridicare, chei \u0219i furtunuri.<\/li>\n<li>Ata\u0219a\u021bi cilindrul bra\u021bului la bra\u021bul ma\u0219inii folosind \u0219uruburi sau alte elemente de fixare.<\/li>\n<li>Conecta\u021bi furtunurile \u0219i racordurile hidraulice la cilindrul bra\u021bului.<\/li>\n<li>Extinde\u021bi \u0219i retrage\u021bi complet cilindrul bra\u021bului de mai multe ori pentru a verifica func\u021bionarea corect\u0103 \u0219i existen\u021ba scurgerilor.<\/li>\n<li>Ajusta\u021bi presiunea de func\u021bionare \u0219i alte set\u0103ri dup\u0103 cum este necesar.<\/li>\n<\/ol>\n<p><img decoding=\"async\" src=\"https:\/\/www.hydraulic-cylinders.net\/wp-content\/uploads\/2025\/01\/songte-bushings-with-all-kinds-of-excavator-models.webp\" alt=\"Ghid de instalare a cilindrului hidraulic - Imagine\"><\/p>\n<h2>Considera\u021bii de siguran\u021b\u0103 \u0219i factori de mediu<\/h2>\n<p>La utilizarea cilindrilor de bra\u021b, trebuie luate \u00een considerare urm\u0103toarele aspecte de siguran\u021b\u0103 \u0219i factori de mediu:<\/p>\n<ul>\n<li>\n<h3>Siguran\u0163\u0103<\/h3>\n<p>Cilindrii bra\u021bului trebuie ac\u021biona\u021bi \u0219i \u00eentre\u021binu\u021bi conform instruc\u021biunilor \u0219i instruc\u021biunilor de siguran\u021b\u0103 ale produc\u0103torului. Dispozitivele de siguran\u021b\u0103, cum ar fi supapele de siguran\u021b\u0103, trebuie instalate \u0219i verificate periodic pentru a preveni accidentele cauzate de supra\u00eenc\u0103rcare sau suprapresiune.<\/p>\n<\/li>\n<li>\n<h3>Factorii de mediu<\/h3>\n<p>Cilindrii bra\u021bului trebuie utiliza\u021bi \u0219i elimina\u021bi \u00een conformitate cu reglement\u0103rile locale de mediu. Uleiul hidraulic utilizat \u00een sistem trebuie depozitat \u0219i eliminat corespunz\u0103tor pentru a preveni contaminarea mediului.<\/p>\n<\/li>\n<\/ul>\n<h2>Depanare \u0219i probleme frecvente<\/h2>\n<p>Urm\u0103toarele sunt c\u00e2teva probleme frecvente care pot ap\u0103rea la utilizarea cilindrilor de bra\u021b:<\/p>\n<ul>\n<li>\n<h3>Scurgeri de fluide<\/h3>\n<p>Scurgerile de fluid pot ap\u0103rea din cauza elementelor de etan\u0219are uzate sau deteriorate, a \u00eembin\u0103rilor sl\u0103bite sau a altor factori. Verifica\u021bi garniturile \u0219i \u00eembin\u0103rile \u0219i repara\u021bi-le sau \u00eenlocui\u021bi-le dup\u0103 cum este necesar.<\/p>\n<\/li>\n<li>\n<h3>Mi\u0219care lent\u0103 sau neregulat\u0103<\/h3>\n<p>Cilindrul bra\u021bului se poate mi\u0219ca lent sau neregulat din cauza presiunii hidraulice sc\u0103zute, a componentelor uzate sau deteriorate sau a altor factori. Verifica\u021bi sistemul hidraulic \u0219i repara\u021bi sau \u00eenlocui\u021bi componentele, dup\u0103 cum este necesar.<\/p>\n<\/li>\n<li>\n<h3>Zgomot<\/h3>\n<p>Pot ap\u0103rea zgomote neobi\u0219nuite din cauza componentelor sl\u0103bite sau deteriorate, a lubrifierii insuficiente sau a altor factori. Verifica\u021bi componentele \u0219i sistemul de lubrifiere \u0219i repara\u021bi sau \u00eenlocui\u021bi componentele dup\u0103 cum este necesar.<\/p>\n<\/li>\n<\/ul>\n<p>Se recomand\u0103 consultarea unui tehnician profesionist sau a departamentului de asisten\u021b\u0103 clien\u021bi al produc\u0103torului pentru asisten\u021b\u0103 suplimentar\u0103.<\/p>\n<p><img decoding=\"async\" src=\"https:\/\/www.hydraulic-cylinders.net\/wp-content\/uploads\/2025\/01\/songte-company-4.webp\" alt=\"Imaginea companiei de cilindri hidraulici\"><\/p>\n<h2>Despre noi<\/h2>\n<p>Suntem un produc\u0103tor profesionist de cilindri hidraulici care ofer\u0103 o gam\u0103 larg\u0103 de produse \u0219i a devenit unul dintre principalii produc\u0103tori \u0219i distribuitori angro de cilindri hidraulici pe pie\u021bele interne \u0219i interna\u021bionale. Respect\u0103m \u00eentotdeauna principiul calit\u0103\u021bii excelente \u0219i ne baz\u0103m pe strategia industrializat\u0103 de management al produc\u021biei din atelierul nostru de produc\u021bie fin\u0103 pentru a ne \u00eembun\u0103t\u0103\u021bi continuu nivelul tehnic \u0219i eficien\u021ba produc\u021biei.<\/p>\n<p>Prin introducerea de echipamente digitale de produc\u021bie de ultim\u0103 genera\u021bie \u0219i sisteme profesionale de testare, optimiz\u0103m continuu platforma noastr\u0103 de produc\u021bie, \u00eembun\u0103t\u0103\u021bim procesul de control al calit\u0103\u021bii produselor \u0219i avem capacit\u0103\u021bi puternice de inovare. Scopul nostru este de a satisface nevoile diverse ale clien\u021bilor no\u0219tri cu eficien\u021b\u0103 ridicat\u0103, precizie \u0219i principii de \u00eenalt\u0103 calitate.<\/p>\n<ul>\n<li>\n<h3>Profesionalism<\/h3>\n<p>Avem o echip\u0103 profesionist\u0103 de ingineri \u0219i tehnicieni care \u00eembun\u0103t\u0103\u021besc continuu procesul de produc\u021bie \u0219i calitatea produselor noastre \u0219i ofer\u0103 asisten\u021b\u0103 tehnic\u0103 \u0219i servicii post-v\u00e2nzare clien\u021bilor no\u0219tri.<\/p>\n<\/li>\n<li>\n<h3>Certificare interna\u021bional\u0103<\/h3>\n<p>Am ob\u021binut diverse certific\u0103ri interna\u021bionale, precum ISO 9001 \u0219i CE, ceea ce indic\u0103 faptul c\u0103 produsele noastre respect\u0103 standardele \u0219i reglement\u0103rile interna\u021bionale.<\/p>\n<\/li>\n<li>\n<h3>Servicii personalizate<\/h3>\n<p>Oferim servicii personalizate \u00een func\u021bie de cerin\u021bele specifice ale clien\u021bilor no\u0219tri, cum ar fi dimensiunea, presiunea \u0219i materialele.<\/p>\n<\/li>\n<li>\n<h3>Echipamente de produc\u021bie<\/h3>\n<p>Dispunem de echipamente de produc\u021bie avansate, cum ar fi ma\u0219ini CNC, ma\u0219ini de honuit \u0219i ma\u0219ini de sudur\u0103, ceea ce ne permite s\u0103 producem cilindri hidraulici de \u00eenalt\u0103 calitate.<\/p>\n<\/li>\n<li>\n<h3>Serviciu post-v\u00e2nzare<\/h3>\n<p>Oferim clien\u021bilor no\u0219tri servicii complete post-v\u00e2nzare, inclusiv asisten\u021b\u0103 tehnic\u0103, \u00eentre\u021binere \u0219i servicii de repara\u021bii.<\/p>\n<\/li>\n<\/ul>\n<p><img decoding=\"async\" src=\"https:\/\/www.hydraulic-cylinders.net\/wp-content\/uploads\/2025\/01\/songte-company-3.webp\" alt=\"Imaginea companiei de cilindri hidraulici\"><\/p>\n<p>Autor: lyl.<\/p>","protected":false},"excerpt":{"rendered":"<p>Arm Cylinder for Tota TX210C Introduction An arm cylinder is a specialized hydraulic cylinder that is mainly used to provide linear motion and power to the arms of various types of machinery such as excavators, cranes, and robotic arms. The arm cylinder plays a critical role in hydraulic systems, enabling attachments or accessories to move [&hellip;]<\/p>","protected":false},"featured_media":14777,"comment_status":"open","ping_status":"closed","template":"","meta":{"_et_pb_use_builder":"","_et_pb_old_content":"","_et_gb_content_width":""},"product_brand":[],"product_cat":[1497],"product_tag":[1498,1496],"class_list":{"0":"post-16800","1":"product","2":"type-product","3":"status-publish","4":"has-post-thumbnail","6":"product_cat-arm-cylinders","7":"product_tag-arm-cylinders","8":"product_tag-hydraulic-cylinders","10":"first","11":"instock","12":"shipping-taxable","13":"product-type-simple"},"amp_enabled":true,"_links":{"self":[{"href":"https:\/\/www.hydraulic-cylinders.net\/ro\/wp-json\/wp\/v2\/product\/16800","targetHints":{"allow":["GET"]}}],"collection":[{"href":"https:\/\/www.hydraulic-cylinders.net\/ro\/wp-json\/wp\/v2\/product"}],"about":[{"href":"https:\/\/www.hydraulic-cylinders.net\/ro\/wp-json\/wp\/v2\/types\/product"}],"replies":[{"embeddable":true,"href":"https:\/\/www.hydraulic-cylinders.net\/ro\/wp-json\/wp\/v2\/comments?post=16800"}],"wp:featuredmedia":[{"embeddable":true,"href":"https:\/\/www.hydraulic-cylinders.net\/ro\/wp-json\/wp\/v2\/media\/14777"}],"wp:attachment":[{"href":"https:\/\/www.hydraulic-cylinders.net\/ro\/wp-json\/wp\/v2\/media?parent=16800"}],"wp:term":[{"taxonomy":"product_brand","embeddable":true,"href":"https:\/\/www.hydraulic-cylinders.net\/ro\/wp-json\/wp\/v2\/product_brand?post=16800"},{"taxonomy":"product_cat","embeddable":true,"href":"https:\/\/www.hydraulic-cylinders.net\/ro\/wp-json\/wp\/v2\/product_cat?post=16800"},{"taxonomy":"product_tag","embeddable":true,"href":"https:\/\/www.hydraulic-cylinders.net\/ro\/wp-json\/wp\/v2\/product_tag?post=16800"}],"curies":[{"name":"wp","href":"https:\/\/api.w.org\/{rel}","templated":true}]}}