{"id":16803,"date":"2025-01-21T05:55:31","date_gmt":"2025-01-21T05:55:31","guid":{"rendered":"https:\/\/www.hydraulic-cylinders.net\/product\/arm-cylinder-for-xinyuan-crawler-excavator-xy90\/"},"modified":"2025-01-21T05:55:34","modified_gmt":"2025-01-21T05:55:34","slug":"arm-cylinder-for-xinyuan-crawler-excavator-xy90","status":"publish","type":"product","link":"https:\/\/www.hydraulic-cylinders.net\/ro\/produs\/arm-cylinder-for-xinyuan-crawler-excavator-xy90\/","title":{"rendered":"Cilindru bra\u021b pentru excavatorul pe \u0219enile Xinyuan XY90"},"content":{"rendered":"<h1>Cilindru bra\u021b pentru excavatorul pe \u0219enile Xinyuan XY90<\/h1>\n<h2>Introducere<\/h2>\n<p>Cilindrul hidraulic pentru excavatorul pe \u0219enile Xinyuan XY90 este un cilindru hidraulic specializat, conceput pentru a oferi mi\u0219care liniar\u0103 \u0219i putere bra\u021bului diferitelor tipuri de utilaje, cum ar fi excavatoare, macarale \u0219i bra\u021be robotizate. Cilindrul bra\u021bului joac\u0103 un rol esen\u021bial \u00een sistemele hidraulice, permi\u021b\u00e2nd mi\u0219carea \u0219i controlul eficient al uneltelor sau ata\u0219amentelor suplimentare. Ace\u0219ti cilindri nu numai c\u0103 asigur\u0103 o mi\u0219care lin\u0103, dar rezist\u0103 \u0219i la sarcini grele, asigur\u00e2nd func\u021bionarea eficient\u0103 \u0219i fiabilitatea utilajelor \u00een diverse condi\u021bii de lucru.<\/p>\n<p><img decoding=\"async\" src=\"https:\/\/www.hydraulic-cylinders.net\/wp-content\/uploads\/2025\/01\/songte-company-2.webp\" alt=\"Imaginea cilindrului bra\u021bului\"><\/p>\n<h2>Caracteristici<\/h2>\n<ul>\n<li><strong>Transmisie de \u00eenalt\u0103 eficien\u021b\u0103:<\/strong> Cilindrul bra\u021bului ofer\u0103 o mi\u0219care liniar\u0103 puternic\u0103 \u0219i o for\u021b\u0103, asigur\u00e2nd capacit\u0103\u021bi de \u00eenalt\u0103 performan\u021b\u0103 pentru bra\u021bul mecanic \u00een diverse opera\u021biuni.<\/li>\n<li><strong>Control precis:<\/strong> Prin intermediul sistemului hidraulic, cilindrul bra\u021bului permite un control precis al mi\u0219c\u0103rii, f\u0103c\u00e2nd operarea uneltelor suplimentare mai flexibil\u0103 \u0219i precis\u0103.<\/li>\n<li><strong>Durabilitate:<\/strong> Cilindrii bra\u021bului sunt de obicei fabrica\u021bi din materiale de \u00eenalt\u0103 rezisten\u021b\u0103, oferind o bun\u0103 rezisten\u021b\u0103 la uzur\u0103 \u0219i coroziune, ceea ce \u00eei face potrivi\u021bi pentru utilizare pe termen lung \u00een medii dure.<\/li>\n<li><strong>Adaptabilitate multifunc\u021bional\u0103:<\/strong> Ace\u0219ti cilindri pot fi aplica\u021bi pe scar\u0103 larg\u0103 la diverse echipamente mecanice, cum ar fi excavatoare, macarale \u0219i bra\u021be robotizate, adapt\u00e2ndu-se la diferite cerin\u021be de lucru.<\/li>\n<li><strong>\u00centre\u021binere u\u0219oar\u0103:<\/strong> Designul ia \u00een considerare u\u0219urin\u021ba \u00eentre\u021binerii \u0219i \u00eenlocuirii, ceea ce face ca inspec\u021biile \u0219i \u00eentre\u021binerea regulat\u0103 s\u0103 fie mai convenabile \u0219i reduce timpul de nefunc\u021bionare a echipamentelor.<\/li>\n<\/ul>\n<p><img decoding=\"async\" src=\"https:\/\/www.hydraulic-cylinders.net\/wp-content\/uploads\/2025\/01\/songte-oil-pipes-and-spare-parts.webp\" alt=\"Imagine cilindru hidraulic\"><\/p>\n<h2>Aplica\u021bii<\/h2>\n<p>Cilindrul bra\u021bului pentru excavatorul pe \u0219enile Xinyuan XY90 \u00ee\u0219i g\u0103se\u0219te aplica\u021bii \u00een diverse industrii:<\/p>\n<h3>1. Inginerie de construc\u021bii<\/h3>\n<p>La excavatoare \u0219i macarale, cilindrul bra\u021bului controleaz\u0103 mi\u0219carea cupelor sau a bra\u021belor, facilit\u00e2nd lucr\u0103rile de terasament, manipularea materialelor \u0219i instalarea structural\u0103.<\/p>\n<h3>2. Fabrica\u021bie<\/h3>\n<p>\u00cen liniile de produc\u021bie automatizate, cilindrul bra\u021bului faciliteaz\u0103 mi\u0219carea bra\u021belor robotizate, permi\u021b\u00e2nd procese precum asamblarea, sudarea \u0219i manipularea materialelor, \u00eembun\u0103t\u0103\u021bind astfel eficien\u021ba \u0219i precizia produc\u021biei.<\/p>\n<h3>3. Ma\u0219ini agricole<\/h3>\n<p>\u00cen utilajele agricole, cum ar fi combinele de recoltat \u0219i sem\u0103n\u0103toarele, cilindrul bra\u021bului controleaz\u0103 mi\u0219carea bra\u021belor de operare, efectu\u00e2nd sarcini precum sem\u0103natul, fertilizarea \u0219i recoltarea.<\/p>\n<h3>4. Minerit<\/h3>\n<p>\u00cen echipamentele miniere, cilindrul bra\u021bului controleaz\u0103 mi\u0219carea bra\u021bului utilajelor miniere, facilit\u00e2nd extrac\u021bia \u0219i transportul mineralelor.<\/p>\n<h3>5. Logistic\u0103 \u0219i transport<\/h3>\n<p>\u00cen cazul stivuitoarelor \u0219i robo\u021bilor de manipulare, cilindrul bra\u021bului controleaz\u0103 ridicarea \u0219i mi\u0219carea furcilor, permi\u021b\u00e2nd manipularea \u0219i stivuirea materialelor.<\/p>\n<p><img decoding=\"async\" src=\"https:\/\/www.hydraulic-cylinders.net\/wp-content\/uploads\/2025\/01\/songte-cylinder-head-with-all-kinds-excavator-models.webp\" alt=\"Imaginea componentelor cilindrului hidraulic\"><\/p>\n<h2>Considera\u021bii de proiectare \u0219i criterii de selec\u021bie<\/h2>\n<p>C\u00e2nd vine vorba de proiectarea \u0219i selectarea cilindrilor bra\u021bului, trebuie lua\u021bi \u00een considerare c\u00e2\u021biva factori cheie:<\/p>\n<h3>1. Capacitate portant\u0103<\/h3>\n<p>Cilindrul bra\u021bului trebuie proiectat pentru a face fa\u021b\u0103 cerin\u021belor specifice de sarcin\u0103 ale utilajelor \u00een care va fi utilizat, asigur\u00e2nd o func\u021bionare sigur\u0103 \u0219i eficient\u0103.<\/p>\n<h3>2. Etan\u0219are<\/h3>\n<p>O varietate de componente de etan\u0219are, cum ar fi etan\u0219\u0103rile pistonului \u0219i etan\u0219\u0103rile tijei, fabricate din materiale rezistente la uzur\u0103, precum poliuretanul \u0219i cauciucul nitrilic, sunt utilizate pentru a asigura o etan\u0219are eficient\u0103. Corpul cilindrului \u0219i capetele filetate sunt supuse unui tratament meticulos pentru a spori rezisten\u021ba la uzur\u0103. Lubrifierea regulat\u0103 cu ulei hidraulic adecvat este necesar\u0103 pentru o func\u021bionare f\u0103r\u0103 probleme.<\/p>\n<p><img decoding=\"async\" src=\"https:\/\/www.hydraulic-cylinders.net\/wp-content\/uploads\/2025\/01\/songte-chushion-collar.webp\" alt=\"Imagine de etan\u0219are a cilindrului hidraulic\"><\/p>\n<h3>3. Durabilitate<\/h3>\n<p>Cilindrii bra\u021bului sunt construi\u021bi av\u00e2nd \u00een vedere durabilitatea \u0219i sunt realiza\u021bi folosind materiale de \u00eenalt\u0103 calitate, care ofer\u0103 o rezisten\u021b\u0103 excelent\u0103 la uzur\u0103 \u0219i coroziune, asigur\u00e2nd longevitate \u0219i fiabilitate \u00een medii de lucru solicitante.<\/p>\n<h3>4. Siguran\u021b\u0103<\/h3>\n<p>Considera\u021biile de siguran\u021b\u0103 sunt vitale \u00een proiectarea cilindrilor bra\u021bului. M\u0103suri precum supapele de suprapresiune \u0219i blocajele de siguran\u021b\u0103 sunt \u00eencorporate pentru a preveni accidentele \u0219i a asigura siguran\u021ba operatorilor.<\/p>\n<h3>5. Mentenabilitate<\/h3>\n<p>\u00centre\u021binerea \u0219i repararea u\u0219oar\u0103 sunt aspecte cheie \u00een proiectarea cilindrilor bra\u021bului. Componentele accesibile \u0219i procedurile de \u00eentre\u021binere bine concepute faciliteaz\u0103 inspec\u021biile, repara\u021biile \u0219i \u00eenlocuirile regulate, reduc\u00e2nd timpii de nefunc\u021bionare \u0219i cresc\u00e2nd productivitatea.<\/p>\n<p><img decoding=\"async\" src=\"https:\/\/www.hydraulic-cylinders.net\/wp-content\/uploads\/2025\/01\/songte-bushings-with-all-kinds-of-excavator-models.webp\" alt=\"Imagine buc\u0219e cilindru hidraulic\"><\/p>\n<h2>Inspec\u021bie regulat\u0103 \u0219i \u00eentre\u021binere preventiv\u0103<\/h2>\n<p>Inspec\u021biile regulate \u0219i \u00eentre\u021binerea preventiv\u0103 sunt cruciale pentru a asigura performan\u021ba optim\u0103 \u0219i longevitatea cilindrilor bra\u021bului. Trebuie luate urm\u0103toarele m\u0103suri:<\/p>\n<ul>\n<li>Inspecta\u021bi corpul cilindrului, pistonul \u0219i tija pentru a depista semne de uzur\u0103, deteriorare sau scurgeri.<\/li>\n<li>Verifica\u021bi \u0219i men\u021bine\u021bi nivelurile corespunz\u0103toare \u0219i cur\u0103\u021benia fluidului hidraulic.<\/li>\n<li>Inspecta\u021bi \u0219i \u00eenlocui\u021bi garniturile \u0219i alte componente uzate sau deteriorate.<\/li>\n<li>Asigura\u021bi lubrifierea corespunz\u0103toare a pieselor mobile.<\/li>\n<li>Urma\u021bi instruc\u021biunile produc\u0103torului privind intervalele \u0219i procedurile de \u00eentre\u021binere.<\/li>\n<\/ul>\n<h2>Ghid de instalare a produsului<\/h2>\n<p>Instalarea corect\u0103 a cilindrului bra\u021bului este esen\u021bial\u0103 pentru performan\u021ba sa optim\u0103. Urma\u021bi pa\u0219ii de mai jos:<\/p>\n<ol>\n<li>Asigura\u021bi-v\u0103 c\u0103 utilajul este oprit \u0219i se afl\u0103 \u00eentr-o pozi\u021bie stabil\u0103.<\/li>\n<li>Scoate\u021bi cilindrul vechi, dac\u0103 este cazul.<\/li>\n<li>Ata\u0219a\u021bi \u00een siguran\u021b\u0103 noul cilindru al bra\u021bului, urm\u00e2nd instruc\u021biunile produc\u0103torului.<\/li>\n<li>Verifica\u021bi str\u00e2ngerea tuturor conexiunilor.<\/li>\n<li>Testa\u021bi mi\u0219carea cilindrului bra\u021bului pentru a asigura o func\u021bionare lin\u0103.<\/li>\n<\/ol>\n<p><img decoding=\"async\" src=\"https:\/\/www.hydraulic-cylinders.net\/wp-content\/uploads\/2025\/01\/songte-company-4.webp\" alt=\"Imaginea companiei\"><br \/>\n<img decoding=\"async\" src=\"https:\/\/www.hydraulic-cylinders.net\/wp-content\/uploads\/2025\/01\/songte-company-3.webp\" alt=\"Imaginea companiei\"><\/p>\n<h2>Despre noi<\/h2>\n<p>Suntem un produc\u0103tor profesionist de cilindri hidraulici de schimb \u0219i unul dintre principalii produc\u0103tori \u0219i distribuitori angro pe pie\u021bele interne \u0219i interna\u021bionale. Cu o gam\u0103 larg\u0103 de produse, ader\u0103m la principiul excelen\u021bei \u00een calitate.<\/p>\n<p>Strategia noastr\u0103 industrializat\u0103 de management al produc\u021biei, sus\u021binut\u0103 de un atelier de fabrica\u021bie sofisticat, \u00eembun\u0103t\u0103\u021be\u0219te continuu expertiza noastr\u0103 tehnic\u0103 \u0219i eficien\u021ba produc\u021biei. Prin introducerea de echipamente digitale de fabrica\u021bie de ultim\u0103 genera\u021bie \u0219i sisteme profesionale de testare, optimiz\u0103m platforma noastr\u0103 de fabrica\u021bie \u0219i \u00eembun\u0103t\u0103\u021bim procesele de control al calit\u0103\u021bii produselor noastre, demonstr\u00e2nd capacit\u0103\u021bi puternice de inovare.<\/p>\n<p>Scopul nostru este de a satisface nevoile diverse ale clien\u021bilor no\u0219tri, respect\u00e2nd principiile eficien\u021bei, preciziei \u0219i calit\u0103\u021bii \u00eenalte.<\/p>\n<p>Ne m\u00e2ndrim cu profesionalismul nostru, certific\u0103rile interna\u021bionale, serviciile personalizate, echipamentele de produc\u021bie avansate \u0219i serviciile complete post-v\u00e2nzare.<\/p>\n<p>Autor: lyl<\/p>","protected":false},"excerpt":{"rendered":"<p>Arm Cylinder For Xinyuan Crawler Excavator XY90 Introduction The Arm Cylinder for Xinyuan Crawler Excavator XY90 is a specialized hydraulic cylinder designed to provide linear motion and power to the arm of various kinds of machinery, such as excavators, cranes, and robotic arms. The arm cylinder plays a critical role in hydraulic systems, enabling the [&hellip;]<\/p>","protected":false},"featured_media":14770,"comment_status":"open","ping_status":"closed","template":"","meta":{"_et_pb_use_builder":"","_et_pb_old_content":"","_et_gb_content_width":""},"product_brand":[],"product_cat":[1497],"product_tag":[1498,1496],"class_list":{"0":"post-16803","1":"product","2":"type-product","3":"status-publish","4":"has-post-thumbnail","6":"product_cat-arm-cylinders","7":"product_tag-arm-cylinders","8":"product_tag-hydraulic-cylinders","10":"first","11":"instock","12":"shipping-taxable","13":"product-type-simple"},"amp_enabled":true,"_links":{"self":[{"href":"https:\/\/www.hydraulic-cylinders.net\/ro\/wp-json\/wp\/v2\/product\/16803","targetHints":{"allow":["GET"]}}],"collection":[{"href":"https:\/\/www.hydraulic-cylinders.net\/ro\/wp-json\/wp\/v2\/product"}],"about":[{"href":"https:\/\/www.hydraulic-cylinders.net\/ro\/wp-json\/wp\/v2\/types\/product"}],"replies":[{"embeddable":true,"href":"https:\/\/www.hydraulic-cylinders.net\/ro\/wp-json\/wp\/v2\/comments?post=16803"}],"wp:featuredmedia":[{"embeddable":true,"href":"https:\/\/www.hydraulic-cylinders.net\/ro\/wp-json\/wp\/v2\/media\/14770"}],"wp:attachment":[{"href":"https:\/\/www.hydraulic-cylinders.net\/ro\/wp-json\/wp\/v2\/media?parent=16803"}],"wp:term":[{"taxonomy":"product_brand","embeddable":true,"href":"https:\/\/www.hydraulic-cylinders.net\/ro\/wp-json\/wp\/v2\/product_brand?post=16803"},{"taxonomy":"product_cat","embeddable":true,"href":"https:\/\/www.hydraulic-cylinders.net\/ro\/wp-json\/wp\/v2\/product_cat?post=16803"},{"taxonomy":"product_tag","embeddable":true,"href":"https:\/\/www.hydraulic-cylinders.net\/ro\/wp-json\/wp\/v2\/product_tag?post=16803"}],"curies":[{"name":"wp","href":"https:\/\/api.w.org\/{rel}","templated":true}]}}