{"id":16807,"date":"2025-01-21T05:55:49","date_gmt":"2025-01-21T05:55:49","guid":{"rendered":"https:\/\/www.hydraulic-cylinders.net\/product\/arm-cylinder-for-volwa-small-excavator-dls100-9b\/"},"modified":"2025-01-21T05:55:51","modified_gmt":"2025-01-21T05:55:51","slug":"arm-cylinder-for-volwa-small-excavator-dls100-9b","status":"publish","type":"product","link":"https:\/\/www.hydraulic-cylinders.net\/ro\/produs\/arm-cylinder-for-volwa-small-excavator-dls100-9b\/","title":{"rendered":"Cilindru de bra\u021b pentru excavatorul mic Volwa DLS100-9B"},"content":{"rendered":"<h2>Cilindru de bra\u021b pentru excavatorul mic Volwa DLS100-9B<\/h2>\n<p>Cilindrul hidraulic este un cilindru hidraulic special conceput, utilizat pentru a oferi mi\u0219care liniar\u0103 \u0219i putere bra\u021belor diferitelor utilaje, cum ar fi excavatoare, macarale \u0219i bra\u021be robotizate. Acesta joac\u0103 un rol crucial \u00een sistemele hidraulice, permi\u021b\u00e2nd mi\u0219carea \u0219i controlul eficient al uneltelor sau ata\u0219amentelor suplimentare. Ace\u0219ti cilindri nu numai c\u0103 ofer\u0103 o mi\u0219care lin\u0103, dar rezist\u0103 \u0219i la sarcini grele, asigur\u00e2nd o eficien\u021b\u0103 ridicat\u0103 \u0219i fiabilitate a utilajelor \u00een diverse condi\u021bii de func\u021bionare.<\/p>\n<p><img decoding=\"async\" src=\"https:\/\/www.hydraulic-cylinders.net\/wp-content\/uploads\/2025\/01\/songte-company-2.webp\"><\/p>\n<h2>Caracteristicile cilindrului bra\u021bului<\/h2>\n<ol>\n<li>Transmisie de \u00eenalt\u0103 eficien\u021b\u0103: Cilindrul bra\u021bului ofer\u0103 o mi\u0219care liniar\u0103 puternic\u0103 \u0219i o for\u021b\u0103, asigur\u00e2nd capacit\u0103\u021bi de \u00eenalt\u0103 performan\u021b\u0103 ale bra\u021bului robotic \u00een diverse opera\u021biuni.<\/li>\n<li>Control precis: Prin intermediul sistemului hidraulic, cilindrul bra\u021bului permite un control precis al mi\u0219c\u0103rii, f\u0103c\u00e2nd func\u021bionarea uneltelor ata\u0219ate mai flexibil\u0103 \u0219i mai precis\u0103.<\/li>\n<li>Durabilitate: Cilindrii bra\u021bului sunt de obicei fabrica\u021bi folosind materiale de \u00eenalt\u0103 rezisten\u021b\u0103, cu o rezisten\u021b\u0103 excelent\u0103 la uzur\u0103 \u0219i coroziune, ceea ce \u00eei face potrivi\u021bi pentru utilizare pe termen lung \u00een medii dure.<\/li>\n<li>Adaptabilitate multifunc\u021bional\u0103: Ace\u0219ti cilindri pot fi aplica\u021bi pe scar\u0103 larg\u0103 la diverse echipamente, cum ar fi excavatoare, macarale \u0219i bra\u021be robotizate, adapt\u00e2ndu-se la diferite cerin\u021be de lucru.<\/li>\n<li>\u00centre\u021binere u\u0219oar\u0103: Designul cilindrilor bra\u021bului ia \u00een considerare u\u0219urin\u021ba \u00eentre\u021binerii \u0219i \u00eenlocuirii, facilit\u00e2nd inspec\u021bia \u0219i \u00eentre\u021binerea regulat\u0103 \u0219i reduc\u00e2nd la minimum timpul de nefunc\u021bionare a echipamentelor.<\/li>\n<\/ol>\n<p><img decoding=\"async\" src=\"https:\/\/www.hydraulic-cylinders.net\/wp-content\/uploads\/2025\/01\/songte-oil-pipes-and-spare-parts.webp\"><\/p>\n<h2>Scenarii de aplica\u021bii<\/h2>\n<ul>\n<li>Inginerie de construc\u021bii: \u00cen excavatoare \u0219i macarale, cilindrii bra\u021bului sunt utiliza\u021bi pentru a controla mi\u0219carea cupelor sau a bra\u021belor pentru lucr\u0103ri de terasament, manipularea materialelor \u0219i instalarea structural\u0103.<\/li>\n<li>Industria prelucr\u0103toare: \u00cen liniile de produc\u021bie automatizate, cilindrii bra\u021bului sunt utiliza\u021bi pentru mi\u0219carea bra\u021belor robotizate \u00een procese precum asamblarea, sudarea \u0219i manipularea materialelor, \u00eembun\u0103t\u0103\u021bind eficien\u021ba \u0219i precizia produc\u021biei.<\/li>\n<li>Ma\u0219ini agricole: \u00cen echipamentele agricole, cum ar fi combinele de recoltat \u0219i sem\u0103n\u0103toarele, cilindrii bra\u021bului controleaz\u0103 mi\u0219carea bra\u021belor de operare pentru a efectua sarcini precum plantarea, fertilizarea \u0219i recoltarea.<\/li>\n<li>Minerit: \u00cen echipamentele miniere, cilindrii bra\u021bului sunt utiliza\u021bi pentru a controla mi\u0219carea bra\u021bului utilajelor miniere pentru extrac\u021bia \u0219i transportul minereului.<\/li>\n<li>Logistic\u0103 \u0219i transport: \u00cen cazul stivuitoarelor \u0219i robo\u021bilor de manipulare, cilindrii bra\u021bului sunt utiliza\u021bi pentru a controla ridicarea \u0219i mi\u0219carea furcilor, permi\u021b\u00e2nd manipularea \u0219i stivuirea materialelor.<\/li>\n<\/ul>\n<h2>Considera\u021bii de proiectare \u0219i criterii de selec\u021bie<\/h2>\n<p>La proiectarea cilindrilor de bra\u021b, se iau \u00een considerare mai mul\u021bi factori cheie:<\/p>\n<ol>\n<li>Capacitate portant\u0103: Cilindrii bra\u021bului sunt proiecta\u021bi s\u0103 reziste sarcinilor specifice a\u0219teptate \u00een timpul func\u021bion\u0103rii.<\/li>\n<li>Etan\u0219are: Diverse componente de etan\u0219are, cum ar fi etan\u0219\u0103rile pistonului \u0219i etan\u0219\u0103rile tijei, fabricate din materiale durabile, precum poliuretanul \u0219i cauciucul nitrilic, sunt utilizate pentru a asigura o etan\u0219are eficient\u0103.<\/li>\n<li>Durabilitate: Corpul cilindrului \u0219i capetele filetate sunt tratate fin pentru a spori rezisten\u021ba la uzur\u0103.<\/li>\n<li>Siguran\u021b\u0103: Sunt implementate m\u0103suri de siguran\u021b\u0103 pentru a preveni accidentele \u00een timpul func\u021bion\u0103rii.<\/li>\n<li>\u00centre\u021binere: Lubrifierea regulat\u0103 cu ulei hidraulic adecvat \u0219i \u00eentre\u021binerea periodic\u0103 sunt necesare pentru a asigura performan\u021ba optim\u0103 \u0219i longevitatea cilindrului bra\u021bului.<\/li>\n<\/ol>\n<p><img decoding=\"async\" src=\"https:\/\/www.hydraulic-cylinders.net\/wp-content\/uploads\/2025\/01\/songte-cylinder-head-with-all-kinds-excavator-models.webp\"><\/p>\n<h2>Etan\u0219are \u0219i lubrifiere<\/h2>\n<p>Cilindrii cu bra\u021b utilizeaz\u0103 diverse componente de etan\u0219are, cum ar fi etan\u0219\u0103ri de piston \u0219i etan\u0219\u0103ri de tij\u0103, fabricate din materiale rezistente la uzur\u0103, precum poliuretanul \u0219i cauciucul nitrilic. Corpul cilindrului \u0219i capetele filetate sunt tratate pentru a spori rezisten\u021ba la uzur\u0103. Lubrifierea regulat\u0103 cu uleiul hidraulic adecvat este necesar\u0103 pentru a asigura o func\u021bionare f\u0103r\u0103 probleme \u0219i a prelungi durata de via\u021b\u0103 a cilindrului.<\/p>\n<h2>Inspec\u021bie regulat\u0103 \u0219i \u00eentre\u021binere preventiv\u0103<\/h2>\n<p>Inspec\u021bia regulat\u0103 \u0219i \u00eentre\u021binerea preventiv\u0103 sunt esen\u021biale pentru a asigura performan\u021ba optim\u0103 \u0219i longevitatea cilindrului bra\u021bului. M\u0103surile cheie includ:<\/p>\n<ol>\n<li>Inspectarea regulat\u0103 a scurgerilor, uzurii anormale sau deterior\u0103rii.<\/li>\n<li>\u00cenlocuirea prompt\u0103 a garniturilor uzate sau deteriorate.<\/li>\n<li>Cur\u0103\u021barea \u0219i lubrifierea componentelor cilindrului conform recomand\u0103rilor produc\u0103torului.<\/li>\n<\/ol>\n<h2>Ghid de instalare a produsului<\/h2>\n<p>O instalare precis\u0103 \u0219i corect\u0103 este crucial\u0103 pentru performan\u021ba \u0219i siguran\u021ba cilindrului bra\u021bului. Urma\u021bi ace\u0219ti pa\u0219i pentru instalare:<\/p>\n<ol>\n<li>Preg\u0103ti\u021bi uneltele \u0219i echipamentele necesare.<\/li>\n<li>Asigura\u021bi-v\u0103 c\u0103 zona de lucru este curat\u0103 \u0219i lipsit\u0103 de resturi.<\/li>\n<li>Monta\u021bi \u00een siguran\u021b\u0103 cilindrul bra\u021bului \u00een loca\u021bia desemnat\u0103.<\/li>\n<li>Conecta\u021bi corect conductele hidraulice conform instruc\u021biunilor produc\u0103torului.<\/li>\n<li>Efectua\u021bi o inspec\u021bie am\u0103nun\u021bit\u0103 a instala\u021biei pentru a depista orice poten\u021biale probleme.<\/li>\n<\/ol>\n<p><img decoding=\"async\" src=\"https:\/\/www.hydraulic-cylinders.net\/wp-content\/uploads\/2025\/01\/songte-bushings-with-all-kinds-of-excavator-models.webp\"><\/p>\n<h2>Considera\u021bii de siguran\u021b\u0103 \u0219i factori de mediu<\/h2>\n<p>Atunci c\u00e2nd se utilizeaz\u0103 cilindri de bra\u021b, este esen\u021bial s\u0103 se acorde prioritate m\u0103surilor de siguran\u021b\u0103 pentru a preveni accidentele \u0219i a asigura bun\u0103starea operatorilor \u0219i a personalului din jur. Respectarea instruc\u021biunilor de siguran\u021b\u0103 \u0219i utilizarea echipamentului de siguran\u021b\u0103 adecvat sunt de cea mai mare importan\u021b\u0103.<\/p>\n<h2>Depanare \u0219i probleme frecvente<\/h2>\n<p>\u00cen ciuda fiabilit\u0103\u021bii lor, cilindrii bra\u021bului pot \u00eent\u00e2mpina probleme ocazionale. Problemele comune pot include scurgeri, mi\u0219c\u0103ri anormale sau pierderi de putere. Iat\u0103 c\u00e2teva sfaturi de depanare \u0219i solu\u021bii pentru a ajuta la diagnosticarea \u0219i rezolvarea eficient\u0103 a problemelor:<\/p>\n<ol>\n<li>Verifica\u021bi dac\u0103 exist\u0103 scurgeri vizibile \u0219i str\u00e2nge\u021bi conexiunile dac\u0103 este necesar.<\/li>\n<li>Verifica\u021bi conductele hidraulice pentru a depista eventuale blocaje sau deterior\u0103ri.<\/li>\n<li>Verifica\u021bi dac\u0103 nivelul fluidului hidraulic este suficient \u0219i are v\u00e2scozitatea corect\u0103.<\/li>\n<li>Asigura\u021bi-v\u0103 c\u0103 valvele de control \u0219i actuatoarele func\u021bioneaz\u0103 corect.<\/li>\n<li>Dac\u0103 problema persist\u0103, consulta\u021bi ghidul de depanare al produc\u0103torului sau solicita\u021bi asisten\u021b\u0103 profesional\u0103.<\/li>\n<\/ol>\n<p><img decoding=\"async\" src=\"https:\/\/www.hydraulic-cylinders.net\/wp-content\/uploads\/2025\/01\/songte-chushion-collar.webp\"><\/p>\n<p>Nu uita s\u0103 organizezi articolul logic, s\u0103 folose\u0219ti subtitluri pentru a facilita navigarea, s\u0103 incluzi imagini sau grafice relevante pentru a \u00eembun\u0103t\u0103\u021bi \u00een\u021belegerea \u0219i s\u0103 te asiguri c\u0103 respectivul con\u021binut este clar, concis \u0219i potrivit pentru cititorii cu diverse niveluri de cuno\u0219tin\u021be tehnice.<\/p>\n<p>Autor: lyl<\/p>\n<h2>Despre compania noastr\u0103<\/h2>\n<ul>\n<li>Profesionalism: Suntem un produc\u0103tor profesionist de cilindri hidraulici de schimb, oferind o gam\u0103 larg\u0103 de produse.<\/li>\n<li>Certific\u0103ri interna\u021bionale: Produsele noastre au ob\u021binut certific\u0103ri interna\u021bionale, ceea ce le garanteaz\u0103 calitatea \u0219i fiabilitatea.<\/li>\n<li>Servicii de personalizare: Oferim solu\u021bii personalizate pentru a satisface diversele nevoi ale clien\u021bilor no\u0219tri.<\/li>\n<li>Echipamente de produc\u021bie: Folosim echipamente de produc\u021bie avansate pentru a asigura eficien\u021b\u0103 \u0219i precizie.<\/li>\n<li>Servicii post-v\u00e2nzare: Oferim servicii post-v\u00e2nzare complete, oferind asisten\u021b\u0103 \u0219i suport clien\u021bilor no\u0219tri.<\/li>\n<\/ul>\n<p><img decoding=\"async\" src=\"https:\/\/www.hydraulic-cylinders.net\/wp-content\/uploads\/2025\/01\/songte-company-4.webp\"><br \/>\n<img decoding=\"async\" src=\"https:\/\/www.hydraulic-cylinders.net\/wp-content\/uploads\/2025\/01\/songte-company-3.webp\"><\/p>\n<p>Prin respectarea principiilor excelen\u021bei \u0219i utilizarea tehnicilor avansate de fabrica\u021bie, am devenit unul dintre principalii produc\u0103tori \u0219i distribuitori angro de cilindri hidraulici pe pie\u021bele interne \u0219i interna\u021bionale. Scopul nostru este de a satisface nevoile diverse ale clien\u021bilor no\u0219tri cu eficien\u021b\u0103 ridicat\u0103, precizie \u0219i calitate.<\/p>","protected":false},"excerpt":{"rendered":"<p>Arm Cylinder For Volwa Small Excavator DLS100-9B Arm Cylinder is a specially designed hydraulic cylinder that is used to provide linear motion and power to the arms of various machinery, such as excavators, cranes, and robotic arms. It plays a crucial role in hydraulic systems, allowing for efficient movement and control of additional tools or [&hellip;]<\/p>","protected":false},"featured_media":14786,"comment_status":"open","ping_status":"closed","template":"","meta":{"_et_pb_use_builder":"","_et_pb_old_content":"","_et_gb_content_width":""},"product_brand":[],"product_cat":[1497],"product_tag":[1498,1496],"class_list":{"0":"post-16807","1":"product","2":"type-product","3":"status-publish","4":"has-post-thumbnail","6":"product_cat-arm-cylinders","7":"product_tag-arm-cylinders","8":"product_tag-hydraulic-cylinders","10":"first","11":"instock","12":"shipping-taxable","13":"product-type-simple"},"amp_enabled":true,"_links":{"self":[{"href":"https:\/\/www.hydraulic-cylinders.net\/ro\/wp-json\/wp\/v2\/product\/16807","targetHints":{"allow":["GET"]}}],"collection":[{"href":"https:\/\/www.hydraulic-cylinders.net\/ro\/wp-json\/wp\/v2\/product"}],"about":[{"href":"https:\/\/www.hydraulic-cylinders.net\/ro\/wp-json\/wp\/v2\/types\/product"}],"replies":[{"embeddable":true,"href":"https:\/\/www.hydraulic-cylinders.net\/ro\/wp-json\/wp\/v2\/comments?post=16807"}],"wp:featuredmedia":[{"embeddable":true,"href":"https:\/\/www.hydraulic-cylinders.net\/ro\/wp-json\/wp\/v2\/media\/14786"}],"wp:attachment":[{"href":"https:\/\/www.hydraulic-cylinders.net\/ro\/wp-json\/wp\/v2\/media?parent=16807"}],"wp:term":[{"taxonomy":"product_brand","embeddable":true,"href":"https:\/\/www.hydraulic-cylinders.net\/ro\/wp-json\/wp\/v2\/product_brand?post=16807"},{"taxonomy":"product_cat","embeddable":true,"href":"https:\/\/www.hydraulic-cylinders.net\/ro\/wp-json\/wp\/v2\/product_cat?post=16807"},{"taxonomy":"product_tag","embeddable":true,"href":"https:\/\/www.hydraulic-cylinders.net\/ro\/wp-json\/wp\/v2\/product_tag?post=16807"}],"curies":[{"name":"wp","href":"https:\/\/api.w.org\/{rel}","templated":true}]}}