{"id":16812,"date":"2025-01-21T05:56:09","date_gmt":"2025-01-21T05:56:09","guid":{"rendered":"https:\/\/www.hydraulic-cylinders.net\/product\/arm-cylinder-for-volwa-small-excavator-dls130-9\/"},"modified":"2025-01-21T05:56:11","modified_gmt":"2025-01-21T05:56:11","slug":"arm-cylinder-for-volwa-small-excavator-dls130-9","status":"publish","type":"product","link":"https:\/\/www.hydraulic-cylinders.net\/ro\/produs\/arm-cylinder-for-volwa-small-excavator-dls130-9\/","title":{"rendered":"Cilindru de bra\u021b pentru excavatorul mic Volwa DLS130-9"},"content":{"rendered":"<p>Cilindru de bra\u021b pentru excavatorul mic Volwa DLS130-9<\/p>\n<p>Cilindrul de bra\u021b este un cilindru hidraulic special conceput care ofer\u0103 mi\u0219care liniar\u0103 \u0219i putere bra\u021belor diferitelor utilaje, cum ar fi excavatoare, macarale \u0219i bra\u021be robotizate. Cilindrii de bra\u021b joac\u0103 un rol crucial \u00een sistemele hidraulice, permi\u021b\u00e2nd mi\u0219carea \u0219i controlul eficient al sculelor sau accesoriilor ata\u0219ate. Ace\u0219ti cilindri nu numai c\u0103 asigur\u0103 o func\u021bionare lin\u0103, dar rezist\u0103 \u0219i la sarcini grele, asigur\u00e2nd o eficien\u021b\u0103 opera\u021bional\u0103 ridicat\u0103 \u0219i fiabilitate a utilajelor \u00een diverse condi\u021bii de lucru.<\/p>\n<p>Defini\u021bie \u0219i explica\u021bie<\/p>\n<p>Cilindrii hidraulici sunt componente cheie ale sistemelor hidraulice care utilizeaz\u0103 lichid sub presiune pentru a genera for\u021b\u0103 mecanic\u0103 liniar\u0103 \u0219i mi\u0219care. Un cilindru de bra\u021b este un cilindru hidraulic care ac\u021bioneaz\u0103 bra\u021bele diferitelor utilaje. Acesta const\u0103 dintr-un cilindru, piston, tij\u0103 de piston, etan\u0219\u0103ri \u0219i alte componente care lucreaz\u0103 \u00eempreun\u0103 pentru a converti energia hidraulic\u0103 \u00een mi\u0219care liniar\u0103. Cilindrii de bra\u021b sunt utiliza\u021bi pe scar\u0103 larg\u0103 \u00een diverse aplica\u021bii, cum ar fi construc\u021biile, produc\u021bia, agricultura, mineritul \u0219i logistica, unde este necesar\u0103 o mi\u0219care precis\u0103 \u0219i puternic\u0103 a bra\u021bului.<\/p>\n<p><img decoding=\"async\" src=\"https:\/\/www.hydraulic-cylinders.net\/wp-content\/uploads\/2025\/01\/songte-company-2.webp\"><\/p>\n<p>Caracteristici<\/p>\n<p>Cilindrii cu bra\u021b au mai multe caracteristici care \u00eei fac potrivi\u021bi pentru diverse aplica\u021bii:<\/p>\n<p>1) Ac\u021bionare de \u00eenalt\u0103 eficien\u021b\u0103: Cilindrii bra\u021bului pot oferi o mi\u0219care liniar\u0103 puternic\u0103 \u0219i o for\u021b\u0103, asigur\u00e2nd o eficien\u021b\u0103 opera\u021bional\u0103 ridicat\u0103 a bra\u021belor ma\u0219inilor \u00een diverse opera\u021biuni.<\/p>\n<p>2) Control precis: Prin intermediul sistemelor hidraulice, cilindrii bra\u021bului pot realiza un control precis al mi\u0219c\u0103rii, f\u0103c\u00e2nd func\u021bionarea uneltelor ata\u0219ate mai flexibil\u0103 \u0219i mai precis\u0103.<\/p>\n<p>3) Durabilitate ridicat\u0103: Cilindrii bra\u021bului sunt de obicei fabrica\u021bi din materiale de \u00eenalt\u0103 rezisten\u021b\u0103, au o bun\u0103 rezisten\u021b\u0103 la uzur\u0103 \u0219i la coroziune \u0219i sunt potrivi\u021bi pentru utilizare pe termen lung \u00een medii dure.<\/p>\n<p>4) Versatilitate: Ace\u0219ti cilindri pot fi utiliza\u021bi pe scar\u0103 larg\u0103 \u00een diverse echipamente, cum ar fi excavatoare, macarale \u0219i bra\u021be robotizate, pentru a se adapta la diferite cerin\u021be de lucru.<\/p>\n<p>5) \u00centre\u021binere u\u0219oar\u0103: Concepu\u021bi pentru \u00eentre\u021binere \u0219i \u00eenlocuire u\u0219oar\u0103, cilindrii bra\u021bului faciliteaz\u0103 inspec\u021bia \u0219i \u00eentre\u021binerea regulat\u0103, reduc\u00e2nd timpul de nefunc\u021bionare a echipamentelor.<\/p>\n<p>Putem produce acest produs, iar produsele noastre pot \u00eenlocui perfect ace\u0219ti cilindri hidraulici.<\/p>\n<p><img decoding=\"async\" src=\"https:\/\/www.hydraulic-cylinders.net\/wp-content\/uploads\/2025\/01\/songte-oil-pipes-and-spare-parts.webp\"><\/p>\n<p>Aplica\u021bii<\/p>\n<p>Cilindrii cu bra\u021b au diverse aplica\u021bii:<\/p>\n<p>1) Construc\u021bii: \u00cen excavatoare \u0219i macarale, cilindrii bra\u021bului sunt utiliza\u021bi pentru a controla mi\u0219carea cupelor sau a bra\u021belor pentru lucr\u0103ri de terasament, manipularea materialelor \u0219i instalarea structural\u0103.<\/p>\n<p>2) Fabrica\u021bie: \u00cen liniile de produc\u021bie automatizate, cilindrii bra\u021bului sunt utiliza\u021bi pentru mi\u0219carea, asamblarea, sudarea \u0219i manipularea materialelor robotizate, \u00eembun\u0103t\u0103\u021bind eficien\u021ba \u0219i precizia produc\u021biei.<\/p>\n<p>3) Ma\u0219ini agricole: \u00cen cazul ma\u0219inilor agricole, cum ar fi combinele de recoltat \u0219i sem\u0103n\u0103toarele, cilindrii bra\u021bului controleaz\u0103 func\u021bionarea bra\u021belor pentru sarcinile de sem\u0103nat, fertilizare \u0219i recoltare.<\/p>\n<p>4) Minerit: \u00cen echipamentele miniere, cilindrii bra\u021bului sunt utiliza\u021bi pentru a controla mi\u0219carea bra\u021bului echipamentelor miniere pentru extrac\u021bia \u0219i transportul minereului.<\/p>\n<p>5) Logistic\u0103 \u0219i transport: \u00cen cazul stivuitoarelor \u0219i robo\u021bilor de manipulare, cilindrii bra\u021bului sunt utiliza\u021bi pentru a controla ridicarea \u0219i mi\u0219carea furcilor, realiz\u00e2nd manipularea \u0219i stivuirea materialelor.<\/p>\n<p>Considera\u021bii de proiectare \u0219i criterii de selec\u021bie<\/p>\n<p>Cilindrii bra\u021bului trebuie proiecta\u021bi \u021bin\u00e2nd cont de urm\u0103toarele aspecte:<\/p>\n<p>1) Capacitate portant\u0103: Cilindrii bra\u021bului trebuie s\u0103 poat\u0103 suporta sarcina maxim\u0103 a echipamentului ata\u0219at \u0219i mediul \u00een care func\u021bioneaz\u0103.<\/p>\n<p>2) Etan\u0219are: Cilindrii bra\u021bului trebuie s\u0103 utilizeze etan\u0219\u0103ri de \u00eenalt\u0103 calitate pentru a preveni scurgerile de fluid \u0219i a asigura o func\u021bionare f\u0103r\u0103 probleme.<\/p>\n<p>3) Durabilitate: Cilindrii bra\u021bului trebuie s\u0103 fie fabrica\u021bi din materiale de \u00eenalt\u0103 rezisten\u021b\u0103 \u0219i s\u0103 aib\u0103 o bun\u0103 rezisten\u021b\u0103 la uzur\u0103 \u0219i coroziune pentru a asigura utilizarea pe termen lung \u00een condi\u021bii dure de func\u021bionare.<\/p>\n<p>4) Siguran\u021b\u0103: Cilindrii bra\u021bului trebuie proiecta\u021bi cu caracteristici de siguran\u021b\u0103, cum ar fi supape de suprapresiune \u0219i opriri de urgen\u021b\u0103, pentru a preveni accidentele.<\/p>\n<p>5) \u00centre\u021binere: Cilindrii bra\u021bului trebuie proiecta\u021bi pentru o \u00eentre\u021binere \u0219i \u00eenlocuire u\u0219oar\u0103 a componentelor, pentru a reduce timpul de nefunc\u021bionare a echipamentelor.<\/p>\n<p><img decoding=\"async\" src=\"https:\/\/www.hydraulic-cylinders.net\/wp-content\/uploads\/2025\/01\/songte-cylinder-head-with-all-kinds-excavator-models.webp\"><\/p>\n<p>Etan\u0219are \u0219i lubrifiere<\/p>\n<p>Cilindrii cu bra\u021b trebuie s\u0103 utilizeze diverse componente de etan\u0219are, cum ar fi etan\u0219\u0103ri de piston \u0219i etan\u0219\u0103ri de tij\u0103, fabricate din materiale rezistente la uzur\u0103, cum ar fi poliuretanul \u0219i cauciucul nitrilic. Corpul cilindrului \u0219i suprafa\u021ba filetat\u0103 a cap\u0103tului trebuie tratate fin pentru a le \u00eembun\u0103t\u0103\u021bi rezisten\u021ba la uzur\u0103. Ad\u0103ugarea regulat\u0103 de ulei hidraulic adecvat poate asigura lubrifierea cilindrului \u0219i poate preveni uzura.<\/p>\n<p>Inspec\u021bie regulat\u0103 \u0219i \u00eentre\u021binere preventiv\u0103<\/p>\n<p>Inspec\u021bia regulat\u0103 \u0219i \u00eentre\u021binerea preventiv\u0103 sunt cruciale pentru performan\u021ba pe termen lung \u0219i fiabilitatea cilindrilor bra\u021bului. Trebuie luate \u00een considerare urm\u0103toarele m\u0103suri:<\/p>\n<p>1) Inspec\u021bia \u0219i cur\u0103\u021barea regulat\u0103 a cilindrului \u0219i a componentelor de etan\u0219are.<\/p>\n<p>2) \u00cenlocuirea garniturilor \u0219i componentelor uzate sau deteriorate.<\/p>\n<p>3) Men\u021binerea nivelurilor adecvate de fluid hidraulic \u0219i a cur\u0103\u021beniei.<\/p>\n<p>4) Verificarea \u0219i reglarea presiunii \u0219i debitului sistemului hidraulic.<\/p>\n<p>5) Depozitarea \u0219i manipularea corespunz\u0103toare a buteliilor.<\/p>\n<p><img decoding=\"async\" src=\"https:\/\/www.hydraulic-cylinders.net\/wp-content\/uploads\/2025\/01\/songte-chushion-collar.webp\"><\/p>\n<p>Ghid de instalare a produsului<\/p>\n<p>Urm\u0103torii pa\u0219i trebuie urma\u021bi \u00een timpul instal\u0103rii cilindrului bra\u021bului:<\/p>\n<p>1) Identifica\u021bi modelul \u0219i dimensiunea corect\u0103 a cilindrului bra\u021bului pentru ma\u0219in\u0103.<\/p>\n<p>2) Scoate\u021bi cilindrul vechi \u0219i cur\u0103\u021ba\u021bi suprafa\u021ba de montare a noului cilindru.<\/p>\n<p>3) Instala\u021bi noul cilindru \u0219i fixa\u021bi-l cu elemente de fixare.<\/p>\n<p>4) Conecta\u021bi conductele \u0219i fitingurile hidraulice.<\/p>\n<p>5) Umple\u021bi sistemul hidraulic cu uleiul hidraulic recomandat \u0219i verifica\u021bi dac\u0103 exist\u0103 scurgeri.<\/p>\n<p>Considera\u021bii de siguran\u021b\u0103 \u0219i factori de mediu<\/p>\n<p>Cilindrii cu bra\u021b trebuie utiliza\u021bi cu precau\u021bii de siguran\u021b\u0103, inclusiv purtarea de \u00eembr\u0103c\u0103minte \u0219i echipament de protec\u021bie, respectarea procedurilor de operare recomandate \u0219i efectuarea \u00eentre\u021binerii regulate. Factorii de mediu precum temperatura, umiditatea \u0219i presiunea trebuie, de asemenea, lua\u021bi \u00een considerare la selectarea \u0219i utilizarea cilindrilor cu bra\u021b.<\/p>\n<p>Depanare \u0219i probleme frecvente<\/p>\n<p>Problemele frecvente ale cilindrilor bra\u021bului includ scurgeri de fluid, mi\u0219care lent\u0103 sau neregulat\u0103 \u0219i for\u021b\u0103 insuficient\u0103. M\u0103surile de depanare pot include verificarea \u0219i \u00eenlocuirea garniturilor deteriorate, reglarea presiunii \u0219i a debitului sistemului hidraulic \u0219i asigurarea lubrifierii \u0219i \u00eentre\u021binerii corespunz\u0103toare.<\/p>\n<p>M\u0103surile preventive pot reduce probabilitatea apari\u021biei acestor probleme, cum ar fi inspec\u021bia \u0219i \u00eentre\u021binerea regulat\u0103 a sistemului hidraulic, utilizarea uleiului hidraulic \u0219i a componentelor de etan\u0219are recomandate \u0219i asigurarea instal\u0103rii \u0219i utiliz\u0103rii corecte.<\/p>\n<p><img decoding=\"async\" src=\"https:\/\/www.hydraulic-cylinders.net\/wp-content\/uploads\/2025\/01\/songte-bushings-with-all-kinds-of-excavator-models.webp\"><\/p>\n<p>Despre noi<\/p>\n<p>Suntem un produc\u0103tor profesionist de cilindri hidraulici de schimb, potrivi\u021bi pentru diverse aplica\u021bii. Produsele noastre sunt diverse \u0219i au devenit unul dintre principalii produc\u0103tori \u0219i distribuitori angro de cilindri hidraulici pe pie\u021bele interne \u0219i interna\u021bionale. Ader\u0103m la principiul calit\u0103\u021bii excelente \u0219i ne \u00eembun\u0103t\u0103\u021bim continuu nivelul tehnologic \u0219i eficien\u021ba produc\u021biei, baz\u00e2ndu-ne pe strategiile industrializate de management al produc\u021biei ale atelierelor noastre de produc\u021bie de \u00eenalt\u0103 calitate. Avem capacit\u0103\u021bi puternice de inovare prin introducerea de echipamente digitale avansate de produc\u021bie \u0219i sisteme profesionale de testare. Scopul nostru este de a satisface nevoile diverse ale clien\u021bilor cu produse de \u00eenalt\u0103 eficien\u021b\u0103, precizie \u0219i calitate.<\/p>\n<p>Oferim servicii profesionale, certific\u0103ri interna\u021bionale, servicii personalizate, echipamente de produc\u021bie \u0219i servicii post-v\u00e2nzare.<\/p>\n<p><img decoding=\"async\" src=\"https:\/\/www.hydraulic-cylinders.net\/wp-content\/uploads\/2025\/01\/songte-company-4.webp\"><\/p>\n<p><img decoding=\"async\" src=\"https:\/\/www.hydraulic-cylinders.net\/wp-content\/uploads\/2025\/01\/songte-company-3.webp\"><\/p>\n<p>Autor: lyl<\/p>","protected":false},"excerpt":{"rendered":"<p>Arm Cylinder For Volwa Small Excavator DLS130-9 Arm cylinder is a specially designed hydraulic cylinder that provides linear motion and power to the arms of various machinery, such as excavators, cranes, and robotic arms. Arm cylinders play a crucial role in hydraulic systems, allowing for efficient movement and control of the attached tools or accessories. [&hellip;]<\/p>","protected":false},"featured_media":14772,"comment_status":"open","ping_status":"closed","template":"","meta":{"_et_pb_use_builder":"","_et_pb_old_content":"","_et_gb_content_width":""},"product_brand":[],"product_cat":[1497],"product_tag":[1498,1496],"class_list":{"0":"post-16812","1":"product","2":"type-product","3":"status-publish","4":"has-post-thumbnail","6":"product_cat-arm-cylinders","7":"product_tag-arm-cylinders","8":"product_tag-hydraulic-cylinders","10":"first","11":"instock","12":"shipping-taxable","13":"product-type-simple"},"amp_enabled":true,"_links":{"self":[{"href":"https:\/\/www.hydraulic-cylinders.net\/ro\/wp-json\/wp\/v2\/product\/16812","targetHints":{"allow":["GET"]}}],"collection":[{"href":"https:\/\/www.hydraulic-cylinders.net\/ro\/wp-json\/wp\/v2\/product"}],"about":[{"href":"https:\/\/www.hydraulic-cylinders.net\/ro\/wp-json\/wp\/v2\/types\/product"}],"replies":[{"embeddable":true,"href":"https:\/\/www.hydraulic-cylinders.net\/ro\/wp-json\/wp\/v2\/comments?post=16812"}],"wp:featuredmedia":[{"embeddable":true,"href":"https:\/\/www.hydraulic-cylinders.net\/ro\/wp-json\/wp\/v2\/media\/14772"}],"wp:attachment":[{"href":"https:\/\/www.hydraulic-cylinders.net\/ro\/wp-json\/wp\/v2\/media?parent=16812"}],"wp:term":[{"taxonomy":"product_brand","embeddable":true,"href":"https:\/\/www.hydraulic-cylinders.net\/ro\/wp-json\/wp\/v2\/product_brand?post=16812"},{"taxonomy":"product_cat","embeddable":true,"href":"https:\/\/www.hydraulic-cylinders.net\/ro\/wp-json\/wp\/v2\/product_cat?post=16812"},{"taxonomy":"product_tag","embeddable":true,"href":"https:\/\/www.hydraulic-cylinders.net\/ro\/wp-json\/wp\/v2\/product_tag?post=16812"}],"curies":[{"name":"wp","href":"https:\/\/api.w.org\/{rel}","templated":true}]}}