{"id":1682,"date":"2023-10-11T06:14:39","date_gmt":"2023-10-11T06:14:39","guid":{"rendered":"https:\/\/hydraulic-cylinders.net\/?post_type=product&#038;p=1682"},"modified":"2025-04-11T03:46:09","modified_gmt":"2025-04-11T03:46:09","slug":"press-rear-side-shift-cylinder","status":"publish","type":"product","link":"https:\/\/www.hydraulic-cylinders.net\/ro\/produs\/press-rear-side-shift-cylinder\/","title":{"rendered":"Ap\u0103sa\u021bi cilindrul de deplasare lateral\u0103 spate"},"content":{"rendered":"<h1 style=\"text-align: center;\"><strong>Ap\u0103sa\u021bi cilindrul de deplasare lateral\u0103 spate<\/strong><\/h1>\n<p><img loading=\"lazy\" decoding=\"async\" class=\"aligncenter wp-image-1684\" src=\"https:\/\/hydraulic-cylinders.net\/wp-content\/uploads\/2023\/10\/rear-side-shift-cylinder-1-300x300.webp\" alt=\"\" width=\"400\" height=\"400\" \/><\/p>\n<p>Cilindrul de deplasare lateral\u0103 spate al presei este o unealt\u0103 de ultim\u0103 genera\u021bie, conceput\u0103 pentru a spori eficien\u021ba \u0219i precizia opera\u021biunilor de presare. Cu capacitatea sa inovatoare de deplasare lateral\u0103 spate, acest cilindru permite reglarea perfect\u0103 a pieselor de prelucrat \u00een timpul pres\u0103rii, asigur\u00e2nd o aliniere precis\u0103 \u0219i reduc\u00e2nd timpul de configurare.<\/p>\n<p>Cilindrul de deplasare lateral\u0103 spate al presei schimb\u0103 regulile jocului \u00een opera\u021biunile de presare. Cu capacitatea sa de deplasare lateral\u0103 spate, alinierea precis\u0103, intervalul de deplasare reglabil \u0219i timpul de r\u0103spuns rapid, acest cilindru permite operatorilor s\u0103 ob\u021bin\u0103 rezultate de presare precise \u0219i eficiente. Urm\u00e2nd metodele de utilizare \u0219i practicile de \u00eentre\u021binere recomandate, pute\u021bi maximiza performan\u021ba, longevitatea \u0219i siguran\u021ba cilindrului de deplasare lateral\u0103 spate al presei \u00een aplica\u021biile dvs. de presare. \u00cembun\u0103t\u0103\u021bi\u021bi-v\u0103 capacit\u0103\u021bile de presare \u0219i experimenta\u021bi o aliniere \u0219i o eficien\u021b\u0103 superioare cu acest cilindru de ultim\u0103 genera\u021bie.<\/p>\n<p>Caracteristici cheie ale cilindrului de deplasare lateral\u0103 spate:<\/p>\n<ol>\n<li>Capacitate de deplasare lateral\u0103 spate:\n<ul>\n<li>Cilindrul de deplasare lateral\u0103 spate al presei este special conceput pentru a facilita deplasarea precis\u0103 pe partea din spate a pieselor de prelucrat \u00een timpul opera\u021biunilor de presare.<\/li>\n<li>Permite operatorilor s\u0103 ajusteze f\u0103r\u0103 efort pozi\u021bia piesei de lucru, asigur\u00e2nd o aliniere optim\u0103 \u0219i reduc\u00e2nd la minimum nevoia de ajust\u0103ri manuale.<\/li>\n<\/ul>\n<\/li>\n<li>Aliniere precis\u0103:\n<ul>\n<li>Acest cilindru asigur\u0103 o aliniere precis\u0103 a piesei de prelucrat, reduc\u00e2nd riscul de nealiniere \u0219i sporind precizia general\u0103.<\/li>\n<li>Alinierea precis\u0103 ob\u021binut\u0103 de cilindrul de deplasare lateral\u0103 spate al presei are ca rezultat o calitate \u00eembun\u0103t\u0103\u021bit\u0103 a produsului \u0219i o rat\u0103 redus\u0103 a rebuturilor.<\/li>\n<\/ul>\n<\/li>\n<li>Interval de schimbare reglabil:\n<ul>\n<li>Cilindrul ofer\u0103 o gam\u0103 de deplasare reglabil\u0103, permi\u021b\u00e2nd operatorilor s\u0103 personalizeze gradul de deplasare pe partea din spate \u00een func\u021bie de cerin\u021bele specifice ale aplica\u021biei.<\/li>\n<li>Flexibilitatea de a regla intervalul de deplasare asigur\u0103 compatibilitatea cu diferite dimensiuni, forme \u0219i nevoi de presare a pieselor de prelucrat.<\/li>\n<\/ul>\n<\/li>\n<li>Rapid \u0219i receptiv:\n<ul>\n<li>Cilindrul de deplasare lateral\u0103 spate al presei dispune de un mecanism de deplasare rapid \u0219i receptiv, permi\u021b\u00e2nd ajust\u0103ri rapide \u00een timpul opera\u021biunilor de presare.<\/li>\n<li>Ac\u021biunea rapid\u0103 de schimbare reduce timpul total al ciclului, maximiz\u00e2nd productivitatea \u0219i debitul \u00een aplica\u021biile de presare.<\/li>\n<\/ul>\n<\/li>\n<\/ol>\n<h2><strong>Parametrul cilindrului de deplasare lateral\u0103 spate ap\u0103sat:<\/strong><\/h2>\n<table border=\"1\" cellspacing=\"0\" cellpadding=\"0\">\n<tbody>\n<tr>\n<td>Nume produs<\/td>\n<td>Cilindru de deplasare lateral\u0103 frontal\u0103 pentru pres\u0103 hidraulic\u0103<\/td>\n<\/tr>\n<tr>\n<td>Caracteristici:<\/td>\n<td>Deplasa\u021bi piesa brut\u0103 sau piesa de lucru pe orizontal\u0103<\/td>\n<\/tr>\n<tr>\n<td>Piston:<\/td>\n<td>80mm\uff5e240mm<br \/>\nCurs\u0103 \u2264300 mm<\/td>\n<\/tr>\n<tr>\n<td>For\u021ba de \u00eempingere:<\/td>\n<td>Maxim 1130KN<br \/>\n(Piston 240 mm \/ presiune 25 MPa)<\/td>\n<\/tr>\n<tr>\n<td>Aplica\u021bii ale cilindrului de deplasare lateral\u0103 fa\u021b\u0103:<\/td>\n<td>Pres\u0103 hidraulic\u0103<\/td>\n<\/tr>\n<\/tbody>\n<\/table>\n<div><\/div>\n<div>\n<div class=\"txtboxL\">\n<div class=\"txtboxL\">\n<div class=\"txtboxL\">Caracteristici:<\/div>\n<div class=\"txtboxR\">Coopera\u021bi pentru a realiza ridicarea capului de prindere al manipulatorului<\/div>\n<div class=\"txtboxL\">Specifica\u021bii:<\/div>\n<div class=\"txtboxR\">Piston: 70 mm ~ 180 mm<br \/>\nCurs\u0103 \u2264300 mm<\/div>\n<div class=\"txtboxL\">For\u021ba de \u00eempingere:<\/div>\n<div class=\"txtboxR\">Maxim 636KN<br \/>\n(Piston 180 mm \/ presiune 25 MPa)<\/div>\n<\/div>\n<\/div>\n<\/div>\n<h2><strong>Fabric\u0103 de cilindri de pres\u0103:<\/strong><\/h2>\n<p><img loading=\"lazy\" decoding=\"async\" class=\"alignnone wp-image-1619 size-full\" src=\"https:\/\/hydraulic-cylinders.net\/wp-content\/uploads\/2023\/10\/press-cylinder.webp\" alt=\"\" width=\"1418\" height=\"946\" srcset=\"https:\/\/hydraulic-cylinders.net\/wp-content\/uploads\/2023\/10\/press-cylinder.webp 1418w, https:\/\/hydraulic-cylinders.net\/wp-content\/uploads\/2023\/10\/press-cylinder-1280x854.webp 1280w, https:\/\/hydraulic-cylinders.net\/wp-content\/uploads\/2023\/10\/press-cylinder-980x654.webp 980w, https:\/\/hydraulic-cylinders.net\/wp-content\/uploads\/2023\/10\/press-cylinder-480x320.webp 480w\" sizes=\"(min-width: 0px) and (max-width: 480px) 480px, (min-width: 481px) and (max-width: 980px) 980px, (min-width: 981px) and (max-width: 1280px) 1280px, (min-width: 1281px) 1418px, 100vw\" \/><\/p>\n<h2><strong>Metoda de utilizare a cilindrului de deplasare lateral\u0103 spate prin ap\u0103sare<\/strong><strong>:<\/strong><\/h2>\n<ul>\n<li><strong>Instalare:<\/strong>\n<ul>\n<li>Monta\u021bi \u00een siguran\u021b\u0103 cilindrul de deplasare lateral\u0103 spate al presei \u00een loca\u021bia dorit\u0103, asigur\u00e2nd alinierea corect\u0103 cu echipamentul de presare.<\/li>\n<li>Conecta\u021bi conductele hidraulice conform instruc\u021biunilor produc\u0103torului, asigur\u00e2nd un debit corect al fluidului \u0219i prevenind orice scurgeri.<\/li>\n<\/ul>\n<\/li>\n<li><strong>Reglarea schimb\u0103rii:<\/strong>\n<ul>\n<li>Familiariza\u021bi-v\u0103 cu mecanismul de reglare a schimb\u0103rii oferit de cilindru.<\/li>\n<li>De obicei, ajust\u0103rile pot fi f\u0103cute folosind butoane de control, ro\u021bi de m\u00e2n\u0103 sau comenzi digitale.<\/li>\n<li>Urma\u021bi instruc\u021biunile produc\u0103torului pentru a efectua ajust\u0103ri precise ale deplas\u0103rii din spate \u00een func\u021bie de dimensiunile piesei de prelucrat \u0219i de cerin\u021bele de aliniere.<\/li>\n<\/ul>\n<\/li>\n<li><strong>Alinierea \u0219i deplasarea piesei de prelucrat:<\/strong>\n<ul>\n<li>Pozi\u021biona\u021bi piesa de prelucrat pe platforma presei, asigur\u00e2nd alinierea ini\u021bial\u0103 cu cilindrul.<\/li>\n<li>Activa\u021bi cilindrul pentru a cupla mecanismul de deplasare \u0219i a regla u\u0219or piesa de prelucrat \u00een pozi\u021bia dorit\u0103 din partea din spate.<\/li>\n<li>Verifica\u021bi alinierea vizual sau folosind instrumente de m\u0103surare pentru a asigura o deplasare precis\u0103 pe partea din spate.<\/li>\n<\/ul>\n<\/li>\n<li><strong>Opera\u021biune de presare:<\/strong>\n<ul>\n<li>Dup\u0103 ce piesa de prelucrat este aliniat\u0103 \u0219i deplasat\u0103 corect, continua\u021bi cu opera\u021biunea de presare urm\u00e2nd procedurile standard.<\/li>\n<li>Cilindrul de deplasare lateral\u0103 spate al presei va men\u021bine alinierea \u0219i stabilitatea piesei de prelucrat pe tot parcursul procesului de presare, asigur\u00e2nd rezultate consecvente.<\/li>\n<\/ul>\n<\/li>\n<\/ul>\n<h2><strong>Cum s\u0103 g\u0103se\u0219ti un kit de etan\u0219are pentru cilindrul hidraulic?<\/strong><\/h2>\n<p>G\u0103sirea unui kit de etan\u0219are pentru un cilindru hidraulic implic\u0103 identificarea m\u0103rcii \u0219i modelului cilindrului, cercetarea furnizorilor sau produc\u0103torilor de renume \u0219i ob\u021binerea kitului de etan\u0219are corect pe baza specifica\u021biilor cilindrului. Iat\u0103 un ghid pas cu pas despre cum s\u0103 g\u0103si\u021bi un kit de etan\u0219are pentru un cilindru hidraulic:<\/p>\n<ol>\n<li><strong>Identifica\u021bi informa\u021biile despre cilindru:<\/strong>\n<ul>\n<li>Determina\u021bi marca \u0219i modelul cilindrului hidraulic pentru care ave\u021bi nevoie de un kit de etan\u0219are.<\/li>\n<li>C\u0103uta\u021bi orice marcaje de identificare, etichete sau informa\u021bii gravate pe cilindru.<\/li>\n<li>Dac\u0103 ave\u021bi documenta\u021bia produc\u0103torului echipamentului original (OEM) sau num\u0103rul piesei, acest lucru poate fi util \u00een procesul de c\u0103utare.<\/li>\n<\/ul>\n<\/li>\n<li><strong>Cerceta\u021bi furnizori reputa\u021bi:<\/strong>\n<ul>\n<li>\u00cencepe\u021bi prin a cerceta furnizori sau produc\u0103tori de etan\u0219\u0103ri hidraulice de renume.<\/li>\n<li>C\u0103uta\u021bi furnizori specializa\u021bi \u00een etan\u0219\u0103ri hidraulice \u0219i care au o gam\u0103 larg\u0103 de produse disponibile.<\/li>\n<li>Motoarele de c\u0103utare online, directoarele industriale \u0219i forumurile despre echipamente hidraulice pot fi resurse valoroase pentru g\u0103sirea unor furnizori de renume.<\/li>\n<\/ul>\n<\/li>\n<li><strong>Contacta\u021bi produc\u0103torul cilindrului sau OEM:<\/strong>\n<ul>\n<li>Dac\u0103 este posibil, contacta\u021bi produc\u0103torul cilindrului hidraulic sau produc\u0103torul echipamentului original (OEM) pentru \u00eendrum\u0103ri.<\/li>\n<li>Contacta\u021bi departamentul lor de servicii pentru clien\u021bi sau asisten\u021ba tehnic\u0103 pentru a afla despre disponibilitatea kiturilor de etan\u0219are pentru modelul dumneavoastr\u0103 specific de cilindru.<\/li>\n<li>Furniza\u021bi-le marca, modelul \u0219i orice alte informa\u021bii relevante despre cilindrul dumneavoastr\u0103 pentru a-i ajuta s\u0103 identifice kitul de etan\u0219are corect.<\/li>\n<\/ul>\n<\/li>\n<li><strong>Specifica\u021bii cilindru adunat:<\/strong>\n<ul>\n<li>Determina\u021bi specifica\u021biile specifice ale cilindrului hidraulic pentru care ave\u021bi nevoie de un kit de etan\u0219are.<\/li>\n<li>Nota\u021bi detalii precum diametrul alezajului cilindrului, diametrul tijei, precum \u0219i num\u0103rul \u0219i tipurile de etan\u0219\u0103ri necesare.<\/li>\n<li>M\u0103sura\u021bi dimensiunile etan\u0219\u0103rilor existente, dac\u0103 este posibil, pentru a asigura identificarea \u0219i selectarea precis\u0103 a kitului de etan\u0219\u0103ri.<\/li>\n<\/ul>\n<\/li>\n<li><strong>C\u0103uta\u021bi furnizori online de sigilii:<\/strong>\n<ul>\n<li>Utiliza\u021bi site-urile web ale furnizorilor de etan\u0219\u0103ri online \u0219i c\u0103uta\u021bi kituri de etan\u0219\u0103ri \u00een func\u021bie de specifica\u021biile cilindrului dvs. hidraulic.<\/li>\n<li>Introduce\u021bi marca, modelul sau dimensiunile cilindrului \u00een filtrele de c\u0103utare pentru a restr\u00e2nge op\u021biunile disponibile.<\/li>\n<li>Explora\u021bi descrierile produselor, specifica\u021biile \u0219i informa\u021biile de compatibilitate furnizate de furnizori pentru a v\u0103 asigura c\u0103 sunt potrivite.<\/li>\n<\/ul>\n<\/li>\n<li><strong>Verifica\u021bi compatibilitatea:<\/strong>\n<ul>\n<li>Dup\u0103 ce a\u021bi identificat un posibil kit de etan\u0219are, verifica\u021bi compatibilitatea acestuia cu cilindrul hidraulic.<\/li>\n<li>Verifica\u021bi specifica\u021biile \u0219i dimensiunile kitului de etan\u0219\u0103ri cu informa\u021biile colectate de la cilindrul dumneavoastr\u0103.<\/li>\n<li>Asigura\u021bi-v\u0103 c\u0103 setul de etan\u0219\u0103ri include toate etan\u0219\u0103rile necesare pentru configura\u021bia specific\u0103 a cilindrului dumneavoastr\u0103.<\/li>\n<\/ul>\n<\/li>\n<li><strong>Comanda\u021bi \u0219i instala\u021bi kitul de etan\u0219are:<\/strong>\n<ul>\n<li>Plasa\u021bi o comand\u0103 pentru kitul de etan\u0219\u0103ri de la furnizorul sau produc\u0103torul ales.<\/li>\n<li>Furniza\u021bi informa\u021bii corecte, inclusiv specifica\u021biile cilindrului \u0219i orice alte detalii necesare, pentru a v\u0103 asigura c\u0103 este furnizat kitul de etan\u0219are corect.<\/li>\n<li>Urma\u021bi instruc\u021biunile furnizorului privind plata, expedierea \u0219i livrarea.<\/li>\n<li>Dup\u0103 ce sose\u0219te kitul de etan\u0219\u0103ri, urma\u021bi cu aten\u021bie instruc\u021biunile de instalare furnizate de furnizor sau produc\u0103tor pentru a \u00eenlocui etan\u0219\u0103rile din cilindrul hidraulic.<\/li>\n<\/ul>\n<\/li>\n<\/ol>\n<h2><strong>Capabilitatea \u0219i capacitatea fabricii:<\/strong><\/h2>\n<h3>(1) Montaj<\/h3>\n<p>Avem o platform\u0103 de asamblare independent\u0103 de cercetare \u0219i dezvoltare de prim\u0103 clas\u0103. Atelierul de produc\u021bie a cilindrilor hidraulici are patru linii de asamblare semiautomate pentru cilindri de ridicare \u0219i o linie de asamblare automat\u0103 a cilindrilor de \u00eenclinare, cu o capacitate de produc\u021bie anual\u0103 proiectat\u0103 de 1 milion de buc\u0103\u021bi. Atelierul de cilindri speciali este echipat cu diverse specifica\u021bii ale unui sistem de asamblare semi-automat de cur\u0103\u021bare, cu o capacitate de produc\u021bie anual\u0103 proiectat\u0103 de 200.000 \u0219i dotat cu echipamente celebre de prelucrare CNC, un centru de prelucrare, un echipament special de prelucrare a cilindrilor de \u00eenalt\u0103 precizie, o ma\u0219in\u0103 de sudur\u0103 robotizat\u0103, o ma\u0219in\u0103 de cur\u0103\u021bare automat\u0103, o ma\u0219in\u0103 de asamblare automat\u0103 a cilindrilor \u0219i o linie de produc\u021bie automat\u0103 de vopsire. Echipamente critice existente de peste 300 de seturi (seturi). Alocarea optim\u0103 \u0219i utilizarea eficient\u0103 a resurselor de echipamente asigur\u0103 cerin\u021bele de precizie ale produselor \u0219i satisface nevoile de \u00eenalt\u0103 calitate ale produselor.<\/p>\n<p><img loading=\"lazy\" decoding=\"async\" class=\"alignnone wp-image-626\" src=\"https:\/\/hydraulic-cylinders.net\/wp-content\/uploads\/2023\/08\/hydraulic-cylinder-product-1-300x158.webp\" alt=\"\" width=\"495\" height=\"260\" srcset=\"https:\/\/hydraulic-cylinders.net\/wp-content\/uploads\/2023\/08\/hydraulic-cylinder-product-1-300x158.webp 495w, https:\/\/hydraulic-cylinders.net\/wp-content\/uploads\/2023\/08\/hydraulic-cylinder-product-1-480x252.webp 480w\" sizes=\"(min-width: 0px) and (max-width: 480px) 480px, (min-width: 481px) 495px, 100vw\" \/> <img loading=\"lazy\" decoding=\"async\" class=\"alignnone wp-image-627\" src=\"https:\/\/hydraulic-cylinders.net\/wp-content\/uploads\/2023\/08\/hydraulic-cylinder-product-2-300x189.webp\" alt=\"\" width=\"413\" height=\"260\" \/><\/p>\n<h3>(2) Prelucrare<\/h3>\n<p>Atelierul de prelucrare este echipat cu un centru de strunjire cu \u0219in\u0103 \u00eenclinat\u0103 personalizat, un centru de prelucrare, o ma\u0219in\u0103 de honuire de mare vitez\u0103, un robot de sudur\u0103 \u0219i alte echipamente conexe, care pot gestiona prelucrarea tuburilor cilindrice cu un diametru interior maxim de 400 mm \u0219i o lungime maxim\u0103 de 6 metri.<\/p>\n<p><img loading=\"lazy\" decoding=\"async\" class=\"alignnone wp-image-628 size-large\" src=\"https:\/\/hydraulic-cylinders.net\/wp-content\/uploads\/2023\/08\/hydraulic-cylinder-product-3-1024x391.webp\" alt=\"\" width=\"1024\" height=\"391\" srcset=\"https:\/\/hydraulic-cylinders.net\/wp-content\/uploads\/2023\/08\/hydraulic-cylinder-product-3-980x374.webp 980w, https:\/\/hydraulic-cylinders.net\/wp-content\/uploads\/2023\/08\/hydraulic-cylinder-product-3-480x183.webp 480w\" sizes=\"(min-width: 0px) and (max-width: 480px) 480px, (min-width: 481px) and (max-width: 980px) 980px, (min-width: 981px) 1024px, 100vw\" \/><\/p>\n<h3>(3) Sudur\u0103<\/h3>\n<p><img loading=\"lazy\" decoding=\"async\" class=\"alignnone wp-image-629 size-large\" src=\"https:\/\/hydraulic-cylinders.net\/wp-content\/uploads\/2023\/08\/hydraulic-cylinder-product-4-1024x510.webp\" alt=\"\" width=\"1024\" height=\"510\" srcset=\"https:\/\/hydraulic-cylinders.net\/wp-content\/uploads\/2023\/08\/hydraulic-cylinder-product-4-980x488.webp 980w, https:\/\/hydraulic-cylinders.net\/wp-content\/uploads\/2023\/08\/hydraulic-cylinder-product-4-480x239.webp 480w\" sizes=\"(min-width: 0px) and (max-width: 480px) 480px, (min-width: 481px) and (max-width: 980px) 980px, (min-width: 981px) 1024px, 100vw\" \/><\/p>\n<h3>(4) Vopsire \u0219i acoperire<\/h3>\n<p>Cu linii automate de acoperire cu vopsea pe baz\u0103 de ap\u0103 cu cilindru de dimensiuni mici \u0219i medii, pentru a realiza \u00eenc\u0103rcarea \u0219i desc\u0103rcarea automat\u0103 a robotului \u0219i pulverizarea automat\u0103, capacitatea de proiectare de 4000 de buc\u0103\u021bi pe schimb;<br \/>\nAvem, de asemenea, o linie de produc\u021bie semi-automat\u0103 de vopsire pentru cilindri mari, ac\u021bionat\u0103 de un lan\u021b de putere, cu o capacitate de proiectare de 60 de cutii pe schimb.<\/p>\n<p><img loading=\"lazy\" decoding=\"async\" class=\"alignnone wp-image-630\" src=\"https:\/\/hydraulic-cylinders.net\/wp-content\/uploads\/2023\/08\/hydraulic-cylinder-product-5-300x213.webp\" alt=\"\" width=\"366\" height=\"260\" \/> <img loading=\"lazy\" decoding=\"async\" class=\"alignnone wp-image-631\" src=\"https:\/\/hydraulic-cylinders.net\/wp-content\/uploads\/2023\/08\/hydraulic-cylinder-product-6-300x225.webp\" alt=\"\" width=\"347\" height=\"260\" \/><\/p>\n<h3>(5) Testarea<\/h3>\n<p>Dispunem de instala\u021bii de inspec\u021bie \u0219i bancuri de testare de prim\u0103 clas\u0103 pentru a ne asigura c\u0103 performan\u021ba cilindrului \u00eendepline\u0219te cerin\u021bele.<\/p>\n<p><img loading=\"lazy\" decoding=\"async\" class=\"alignnone wp-image-632\" src=\"https:\/\/hydraulic-cylinders.net\/wp-content\/uploads\/2023\/08\/hydraulic-cylinder-product-8-300x200.webp\" alt=\"\" width=\"389\" height=\"260\" \/><\/p>\n<p>&nbsp;<\/p>\n<p>&nbsp;<\/p>\n<p>Suntem unul dintre cei mai buni produc\u0103tori de cilindri hidraulici. Putem oferi o gam\u0103 complet\u0103 de cilindri hidraulici. De asemenea, oferim... <a href=\"https:\/\/hzpt.com\/agricultural-pto-gearbox\/\" target=\"_blank\" rel=\"noopener\">cutii de viteze agricole<\/a>Ne-am exportat produsele c\u0103tre clien\u021bi din \u00eentreaga lume \u0219i ne-am c\u00e2\u0219tigat o bun\u0103 reputa\u021bie datorit\u0103 calit\u0103\u021bii superioare a produselor noastre \u0219i a serviciilor post-v\u00e2nzare. \u00cei invit\u0103m pe clien\u021bii din \u021bar\u0103 \u0219i din str\u0103in\u0103tate s\u0103 ne contacteze pentru a negocia afaceri, a face schimb de informa\u021bii \u0219i... <a href=\"https:\/\/www.hydraulic-cylinders.net\/ro\/contact-us\/\">s\u0103 coopereze cu noi<\/a>!<\/p>","protected":false},"excerpt":{"rendered":"<p>Press Rear Side Shift Cylinder The press rear side shift cylinder is a cutting-edge tool designed to enhance efficiency and precision in pressing operations. With its innovative rear side shifting capability, this cylinder allows for seamless adjustment of workpieces during pressing, ensuring accurate alignment and reducing setup time. The press rear side shift cylinder is [&hellip;]<\/p>","protected":false},"featured_media":1685,"comment_status":"open","ping_status":"closed","template":"","meta":{"_et_pb_use_builder":"","_et_pb_old_content":"","_et_gb_content_width":""},"product_brand":[],"product_cat":[1550,1522,1376],"product_tag":[1380],"class_list":{"0":"post-1682","1":"product","2":"type-product","3":"status-publish","4":"has-post-thumbnail","6":"product_cat-double-acting-hydraulic-cylinder","7":"product_cat-press-hydraulic-cylinders","8":"product_cat-hydraulic-cylinder","9":"product_tag-hydraulic-cylinder","11":"first","12":"instock","13":"shipping-taxable","14":"product-type-simple"},"amp_enabled":true,"_links":{"self":[{"href":"https:\/\/www.hydraulic-cylinders.net\/ro\/wp-json\/wp\/v2\/product\/1682","targetHints":{"allow":["GET"]}}],"collection":[{"href":"https:\/\/www.hydraulic-cylinders.net\/ro\/wp-json\/wp\/v2\/product"}],"about":[{"href":"https:\/\/www.hydraulic-cylinders.net\/ro\/wp-json\/wp\/v2\/types\/product"}],"replies":[{"embeddable":true,"href":"https:\/\/www.hydraulic-cylinders.net\/ro\/wp-json\/wp\/v2\/comments?post=1682"}],"wp:featuredmedia":[{"embeddable":true,"href":"https:\/\/www.hydraulic-cylinders.net\/ro\/wp-json\/wp\/v2\/media\/1685"}],"wp:attachment":[{"href":"https:\/\/www.hydraulic-cylinders.net\/ro\/wp-json\/wp\/v2\/media?parent=1682"}],"wp:term":[{"taxonomy":"product_brand","embeddable":true,"href":"https:\/\/www.hydraulic-cylinders.net\/ro\/wp-json\/wp\/v2\/product_brand?post=1682"},{"taxonomy":"product_cat","embeddable":true,"href":"https:\/\/www.hydraulic-cylinders.net\/ro\/wp-json\/wp\/v2\/product_cat?post=1682"},{"taxonomy":"product_tag","embeddable":true,"href":"https:\/\/www.hydraulic-cylinders.net\/ro\/wp-json\/wp\/v2\/product_tag?post=1682"}],"curies":[{"name":"wp","href":"https:\/\/api.w.org\/{rel}","templated":true}]}}