{"id":16828,"date":"2025-01-21T05:57:25","date_gmt":"2025-01-21T05:57:25","guid":{"rendered":"https:\/\/www.hydraulic-cylinders.net\/product\/arm-cylinder-for-volwa-cane-unloader-dls100-9a\/"},"modified":"2025-01-21T05:57:28","modified_gmt":"2025-01-21T05:57:28","slug":"arm-cylinder-for-volwa-cane-unloader-dls100-9a","status":"publish","type":"product","link":"https:\/\/www.hydraulic-cylinders.net\/ro\/produs\/arm-cylinder-for-volwa-cane-unloader-dls100-9a\/","title":{"rendered":"Cilindru de bra\u021b pentru desc\u0103rcatorul de trestie Volwa DLS100-9A"},"content":{"rendered":"<h2>Cilindru de bra\u021b pentru desc\u0103rcatorul de trestie Volwa DLS100-9A<\/h2>\n<h3>Introducere<\/h3>\n<p>Un cilindru de bra\u021b este un cilindru hidraulic specializat, conceput pentru a oferi mi\u0219care liniar\u0103 \u0219i putere diferitelor tipuri de bra\u021be mecanice, cum ar fi excavatoare, macarale \u0219i bra\u021be robotizate. Cilindrii de bra\u021b joac\u0103 un rol crucial \u00een sistemele hidraulice, permi\u021b\u00e2nd mi\u0219carea \u0219i controlul eficient al ata\u0219amentelor sau accesoriilor. Ace\u0219ti cilindri nu numai c\u0103 ofer\u0103 o mi\u0219care lin\u0103, dar rezist\u0103 \u0219i la sarcini grele, asigur\u00e2nd func\u021bionarea eficient\u0103 \u0219i fiabilitatea utilajelor \u00een diverse condi\u021bii de func\u021bionare.<\/p>\n<p><img decoding=\"async\" src=\"https:\/\/www.hydraulic-cylinders.net\/wp-content\/uploads\/2025\/01\/songte-company-2.webp\" alt=\"cilindru hidraulic\"><\/p>\n<h3>Caracteristici<\/h3>\n<ul>\n<li>Transmisie eficient\u0103 a puterii: Cilindrii bra\u021bului ofer\u0103 o mi\u0219care liniar\u0103 puternic\u0103 \u0219i o for\u021b\u0103, asigur\u00e2nd performan\u021be ridicate ale bra\u021bului mecanic \u00een diverse opera\u021biuni.<\/li>\n<li>Control precis: Prin intermediul sistemului hidraulic, cilindrii bra\u021bului pot realiza un control precis al mi\u0219c\u0103rii, ceea ce face ca func\u021bionarea ata\u0219amentelor s\u0103 fie mai flexibil\u0103 \u0219i mai precis\u0103.<\/li>\n<li>Durabil: Cilindrii bra\u021bului sunt de obicei fabrica\u021bi din materiale de \u00eenalt\u0103 rezisten\u021b\u0103 \u0219i au o bun\u0103 rezisten\u021b\u0103 la uzur\u0103 \u0219i coroziune, ceea ce \u00eei face potrivi\u021bi pentru utilizarea pe termen lung \u00een medii dure.<\/li>\n<li>Adaptabilitate multifunc\u021bional\u0103: Ace\u0219ti cilindri pot fi utiliza\u021bi pe scar\u0103 larg\u0103 \u00een diverse tipuri de utilaje, cum ar fi excavatoare, macarale \u0219i bra\u021be robotizate, adapt\u00e2ndu-se la diferite cerin\u021be de lucru.<\/li>\n<li>\u00centre\u021binere u\u0219oar\u0103: Designul ia \u00een considerare u\u0219urin\u021ba \u00eentre\u021binerii \u0219i \u00eenlocuirii, ceea ce face ca inspec\u021biile \u0219i \u00eentre\u021binerea regulat\u0103 s\u0103 fie mai convenabile \u0219i s\u0103 reduc\u0103 timpul de nefunc\u021bionare a echipamentelor.<\/li>\n<\/ul>\n<p>Suntem capabili s\u0103 producem acest produs \u0219i s\u0103 oferim un \u00eenlocuitor perfect pentru ace\u0219ti cilindri hidraulici. <img decoding=\"async\" src=\"https:\/\/www.hydraulic-cylinders.net\/wp-content\/uploads\/2025\/01\/songte-oil-pipes-and-spare-parts.webp\" alt=\"piese de schimb\"><\/p>\n<h3>Aplica\u021bii<\/h3>\n<p>Cilindrii cu bra\u021b sunt utiliza\u021bi pe scar\u0103 larg\u0103 \u00een diverse industrii:<\/p>\n<ul>\n<li>Construc\u021bii: \u00cen excavatoare \u0219i macarale, cilindrii bra\u021bului sunt utiliza\u021bi pentru a controla mi\u0219carea cupelor sau a bra\u021belor pentru lucr\u0103ri de terasament, manipularea materialelor \u0219i instalarea structural\u0103.<\/li>\n<li>Fabrica\u021bie: \u00cen liniile de produc\u021bie automatizate, cilindrii bra\u021bului sunt utiliza\u021bi pentru a controla mi\u0219carea bra\u021belor robotizate pentru asamblare, sudare \u0219i manipulare a materialelor, \u00eembun\u0103t\u0103\u021bind eficien\u021ba \u0219i precizia produc\u021biei.<\/li>\n<li>Ma\u0219ini agricole: \u00cen cazul ma\u0219inilor agricole, cum ar fi combinele de recoltat \u0219i sem\u0103n\u0103toarele, cilindrii bra\u021bului controleaz\u0103 mi\u0219carea bra\u021belor de operare, \u00eendeplinind sarcini precum sem\u0103natul, fertilizarea \u0219i recoltarea.<\/li>\n<li>Minerit: \u00cen echipamentele miniere, cilindrii bra\u021bului sunt utiliza\u021bi pentru a controla mi\u0219carea bra\u021bului echipamentelor miniere pentru minerit \u0219i manipularea materialelor.<\/li>\n<li>Logistic\u0103 \u0219i transport: \u00cen cazul stivuitoarelor \u0219i robo\u021bilor de manipulare, cilindrii bra\u021bului sunt utiliza\u021bi pentru a controla ridicarea \u0219i mi\u0219carea furcilor, realiz\u00e2nd manipularea \u0219i stivuirea materialelor.<\/li>\n<\/ul>\n<h3>Considera\u021bii de proiectare \u0219i criterii de selec\u021bie<\/h3>\n<p>Considera\u021biile cheie pentru proiectarea cilindrului bra\u021bului includ capacitatea portant\u0103, etan\u0219area, durabilitatea, siguran\u021ba \u0219i mentenan\u021ba. <\/p>\n<ul>\n<li>Capacitate portant\u0103: Cilindrul bra\u021bului trebuie s\u0103 poat\u0103 suporta sarcina utilajelor \u0219i a ata\u0219amentelor.<\/li>\n<li>Etan\u0219are: \u00cen cilindrii bra\u021bului trebuie utilizate diverse componente de etan\u0219are, cum ar fi etan\u0219\u0103rile pistonului, etan\u0219\u0103rile tijei etc., iar pentru o bun\u0103 rezisten\u021b\u0103 la uzur\u0103 trebuie utilizate materiale precum poliuretanul \u0219i cauciucul nitrilic.<\/li>\n<li>Durabilitate: Cilindrii bra\u021bului sunt de obicei fabrica\u021bi din materiale de \u00eenalt\u0103 rezisten\u021b\u0103 pentru o bun\u0103 rezisten\u021b\u0103 la uzur\u0103 \u0219i coroziune, iar suprafa\u021ba corpului cilindrului \u0219i cap\u0103tul filetat sunt prelucrate fin pentru a \u00eembun\u0103t\u0103\u021bi rezisten\u021ba la uzur\u0103.<\/li>\n<li>Siguran\u021b\u0103: Sunt necesare m\u0103suri de siguran\u021b\u0103 adecvate, cum ar fi supapele de suprapresiune, pentru a preveni supra\u00eenc\u0103rcarea \u0219i deteriorarea utilajelor \u0219i a operatorilor.<\/li>\n<li>\u00centre\u021binere: Proiectarea cilindrilor bra\u021bului ar trebui s\u0103 ia \u00een considerare u\u0219urin\u021ba \u00eentre\u021binerii \u0219i \u00eenlocuirii, facilit\u00e2nd inspec\u021biile \u0219i \u00eentre\u021binerea regulat\u0103 \u0219i reduc\u00e2nd timpul de nefunc\u021bionare a echipamentelor.<\/li>\n<\/ul>\n<p><img decoding=\"async\" src=\"https:\/\/www.hydraulic-cylinders.net\/wp-content\/uploads\/2025\/01\/songte-cylinder-head-with-all-kinds-excavator-models.webp\" alt=\"chiulas\u0103\"><\/p>\n<h3>Etan\u0219are \u0219i lubrifiere<\/h3>\n<p>Diverse componente de etan\u0219are, cum ar fi etan\u0219\u0103rile pistonului, etan\u0219\u0103rile tijei etc., trebuie utilizate \u00een cilindrii bra\u021bului pentru a asigura o bun\u0103 performan\u021b\u0103 de etan\u0219are. Materiale precum poliuretanul \u0219i cauciucul nitrilic trebuie utilizate pentru o bun\u0103 rezisten\u021b\u0103 la uzur\u0103. Suprafa\u021ba corpului cilindrului \u0219i cap\u0103tul filetat trebuie prelucrate fin pentru a \u00eembun\u0103t\u0103\u021bi rezisten\u021ba la uzur\u0103. Lubrifierea regulat\u0103 cu o cantitate adecvat\u0103 de ulei hidraulic este necesar\u0103 pentru a men\u021bine eficien\u021ba \u0219i durata de via\u021b\u0103 a cilindrului bra\u021bului.<\/p>\n<p><img decoding=\"async\" src=\"https:\/\/www.hydraulic-cylinders.net\/wp-content\/uploads\/2025\/01\/songte-chushion-collar.webp\" alt=\"guler pern\u0103\"><\/p>\n<h3>\u00centre\u021binere \u0219i m\u0103suri preventive<\/h3>\n<p>Inspec\u021biile regulate \u0219i \u00eentre\u021binerea preventiv\u0103 pot ajuta la reducerea probabilit\u0103\u021bii de defec\u021biune a cilindrului bra\u021bului. <\/p>\n<ul>\n<li>Verifica\u021bi periodic dac\u0103 exist\u0103 scurgeri \u0219i deterior\u0103ri ale corpului cilindrului \u0219i ale componentelor de etan\u0219are.<\/li>\n<li>\u00cenlocui\u021bi orice piese deteriorate sau uzate \u00een timp util pentru a preveni deteriorarea ulterioar\u0103 a utilajelor \u0219i a operatorilor.<\/li>\n<li>Unge\u021bi regulat cilindrul bra\u021bului cu cantitatea corespunz\u0103toare de ulei hidraulic.<\/li>\n<\/ul>\n<h3>Ghid de instalare<\/h3>\n<p>Instalarea cilindrilor bra\u021bului trebuie efectuat\u0103 de c\u0103tre profesioni\u0219ti instrui\u021bi, \u00een conformitate cu instruc\u021biunile produc\u0103torului. <\/p>\n<ul>\n<li>Inspecta\u021bi cilindrul \u0219i suprafe\u021bele de montare \u00eenainte de instalare pentru a v\u0103 asigura c\u0103 sunt curate \u0219i f\u0103r\u0103 resturi.<\/li>\n<li>Alinia\u021bi g\u0103urile de montare \u0219i fixa\u021bi \u00een siguran\u021b\u0103 cilindrul bra\u021bului la ma\u0219in\u0103.<\/li>\n<li>Verifica\u021bi mi\u0219carea \u0219i func\u021bionarea cilindrului pentru a asigura instalarea corect\u0103.<\/li>\n<\/ul>\n<p><img decoding=\"async\" src=\"https:\/\/www.hydraulic-cylinders.net\/wp-content\/uploads\/2025\/01\/songte-bushings-with-all-kinds-of-excavator-models.webp\" alt=\"buc\u0219e\"><\/p>\n<h3>Considera\u021bii de siguran\u021b\u0103 \u0219i factori de mediu<\/h3>\n<p>M\u0103surile de siguran\u021b\u0103, cum ar fi supapele de suprapresiune, sunt necesare pentru a preveni supra\u00eenc\u0103rcarea \u0219i deteriorarea utilajelor \u0219i a operatorilor. Factorii de mediu precum temperatura, umiditatea \u0219i praful trebuie, de asemenea, lua\u021bi \u00een considerare pentru a asigura func\u021bionarea corect\u0103 \u0219i durata de via\u021b\u0103 a cilindrilor bra\u021bului.<\/p>\n<h3>Depanare \u0219i probleme frecvente<\/h3>\n<p>Problemele frecvente ale cilindrilor bra\u021bului includ scurgeri, deteriorarea corpului cilindrului \u0219i defectarea componentelor de etan\u0219are. <\/p>\n<ul>\n<li>Dac\u0103 cilindrul bra\u021bului prezint\u0103 scurgeri, verifica\u021bi componentele de etan\u0219are \u0219i \u00eenlocui\u021bi prompt orice piese deteriorate.<\/li>\n<li>Dac\u0103 corpul cilindrului este deteriorat, \u00eenlocui\u021bi-l imediat pentru a preveni deteriorarea suplimentar\u0103 a utilajelor \u0219i a operatorilor.<\/li>\n<li>Dac\u0103 componentele de etan\u0219are se defecteaz\u0103, \u00eenlocui\u021bi-le prompt pentru a preveni scurgerile de ulei \u0219i deteriorarea utilajelor \u0219i a operatorilor.<\/li>\n<\/ul>\n<p><img decoding=\"async\" src=\"https:\/\/www.hydraulic-cylinders.net\/wp-content\/uploads\/2025\/01\/songte-company-4.webp\" alt=\"companie\"><\/p>\n<h3>Despre noi<\/h3>\n<p>Suntem un produc\u0103tor profesionist de cilindri hidraulici cu o gam\u0103 larg\u0103 de produse \u0219i am devenit unul dintre principalii produc\u0103tori \u0219i distribuitori angro de cilindri hidraulici pe pie\u021bele interne \u0219i interna\u021bionale. Respect\u0103m \u00eentotdeauna principiul calit\u0103\u021bii excelente, baz\u00e2ndu-ne pe strategii industrializate de management al produc\u021biei \u00een ateliere de produc\u021bie fin\u0103 pentru a ne \u00eembun\u0103t\u0103\u021bi continuu nivelul tehnic \u0219i eficien\u021ba produc\u021biei. Avem o puternic\u0103 capacitate de inovare prin introducerea de echipamente digitale de produc\u021bie de ultim\u0103 genera\u021bie \u0219i sisteme profesionale de testare, optimizarea continu\u0103 a platformelor de produc\u021bie \u0219i \u00eembun\u0103t\u0103\u021birea proceselor de control al calit\u0103\u021bii produselor. Scopul nostru este de a satisface nevoile diverse ale clien\u021bilor cu principii de eficien\u021b\u0103 ridicat\u0103, precizie \u0219i calitate superioar\u0103.<\/p>\n<p>Oferim servicii personalizate, certific\u0103ri interna\u021bionale, echipamente de produc\u021bie profesionale \u0219i servicii post-v\u00e2nzare. <img decoding=\"async\" src=\"https:\/\/www.hydraulic-cylinders.net\/wp-content\/uploads\/2025\/01\/songte-company-3.webp\" alt=\"companie\"><\/p>\n<p>Autor: lyl<\/p>","protected":false},"excerpt":{"rendered":"<p>Arm Cylinder For Volwa Cane Unloader DLS100-9A Introduction An arm cylinder is a specialized hydraulic cylinder designed to provide linear motion and power to various types of mechanical arms, such as excavators, cranes, and robotic arms. Arm cylinders play a crucial role in hydraulic systems, allowing for efficient movement and control of attachments or accessories. [&hellip;]<\/p>","protected":false},"featured_media":14783,"comment_status":"open","ping_status":"closed","template":"","meta":{"_et_pb_use_builder":"","_et_pb_old_content":"","_et_gb_content_width":""},"product_brand":[],"product_cat":[1497],"product_tag":[1498,1496],"class_list":{"0":"post-16828","1":"product","2":"type-product","3":"status-publish","4":"has-post-thumbnail","6":"product_cat-arm-cylinders","7":"product_tag-arm-cylinders","8":"product_tag-hydraulic-cylinders","10":"first","11":"instock","12":"shipping-taxable","13":"product-type-simple"},"amp_enabled":true,"_links":{"self":[{"href":"https:\/\/www.hydraulic-cylinders.net\/ro\/wp-json\/wp\/v2\/product\/16828","targetHints":{"allow":["GET"]}}],"collection":[{"href":"https:\/\/www.hydraulic-cylinders.net\/ro\/wp-json\/wp\/v2\/product"}],"about":[{"href":"https:\/\/www.hydraulic-cylinders.net\/ro\/wp-json\/wp\/v2\/types\/product"}],"replies":[{"embeddable":true,"href":"https:\/\/www.hydraulic-cylinders.net\/ro\/wp-json\/wp\/v2\/comments?post=16828"}],"wp:featuredmedia":[{"embeddable":true,"href":"https:\/\/www.hydraulic-cylinders.net\/ro\/wp-json\/wp\/v2\/media\/14783"}],"wp:attachment":[{"href":"https:\/\/www.hydraulic-cylinders.net\/ro\/wp-json\/wp\/v2\/media?parent=16828"}],"wp:term":[{"taxonomy":"product_brand","embeddable":true,"href":"https:\/\/www.hydraulic-cylinders.net\/ro\/wp-json\/wp\/v2\/product_brand?post=16828"},{"taxonomy":"product_cat","embeddable":true,"href":"https:\/\/www.hydraulic-cylinders.net\/ro\/wp-json\/wp\/v2\/product_cat?post=16828"},{"taxonomy":"product_tag","embeddable":true,"href":"https:\/\/www.hydraulic-cylinders.net\/ro\/wp-json\/wp\/v2\/product_tag?post=16828"}],"curies":[{"name":"wp","href":"https:\/\/api.w.org\/{rel}","templated":true}]}}