{"id":16829,"date":"2025-01-21T05:57:31","date_gmt":"2025-01-21T05:57:31","guid":{"rendered":"https:\/\/www.hydraulic-cylinders.net\/product\/arm-cylinder-for-volwa-cane-unloader-dls190-9a\/"},"modified":"2025-01-21T05:57:33","modified_gmt":"2025-01-21T05:57:33","slug":"arm-cylinder-for-volwa-cane-unloader-dls190-9a","status":"publish","type":"product","link":"https:\/\/www.hydraulic-cylinders.net\/ro\/produs\/arm-cylinder-for-volwa-cane-unloader-dls190-9a\/","title":{"rendered":"Cilindru de bra\u021b pentru desc\u0103rcatorul de trestie Volwa DLS190-9A"},"content":{"rendered":"<h1>Cilindru de bra\u021b pentru desc\u0103rcatorul de trestie Volwa DLS190-9A<\/h1>\n<h2>Introducere<\/h2>\n<p>Cilindrul de bra\u021b este un tip de cilindru hidraulic special conceput pentru a oferi mi\u0219care liniar\u0103 \u0219i putere pentru diverse bra\u021be de ma\u0219in\u0103, cum ar fi excavatoare, macarale \u0219i bra\u021be mecanice. Acesta joac\u0103 un rol crucial \u00een sistemele hidraulice, permi\u021b\u00e2nd mi\u0219c\u0103rii \u0219i control\u0103rii eficiente a sculelor sau ata\u0219amentelor suplimentare. Ace\u0219ti cilindri nu numai c\u0103 asigur\u0103 o func\u021bionare lin\u0103, dar rezist\u0103 \u0219i la sarcini grele, asigur\u00e2nd func\u021bionarea eficient\u0103 \u0219i fiabilitatea utilajelor \u00een diverse condi\u021bii de func\u021bionare.<\/p>\n<p><img decoding=\"async\" src=\"https:\/\/www.hydraulic-cylinders.net\/wp-content\/uploads\/2025\/01\/songte-company-2.webp\" alt=\"imaginea cilindrului bra\u021bului\"><\/p>\n<h2>Caracteristici<\/h2>\n<ul>\n<li>Transmisie de putere mare: Cilindrul bra\u021bului ofer\u0103 o mi\u0219care liniar\u0103 puternic\u0103 \u0219i o for\u021b\u0103 puternic\u0103, asigur\u00e2nd performan\u021be de \u00eenalt\u0103 eficien\u021b\u0103 ale bra\u021bului mecanic \u00een diverse opera\u021biuni.<\/li>\n<li>Control precis: Prin intermediul sistemului hidraulic, cilindrul bra\u021bului poate realiza un control precis al mi\u0219c\u0103rii, ceea ce face ca func\u021bionarea uneltelor suplimentare s\u0103 fie mai flexibil\u0103 \u0219i mai precis\u0103.<\/li>\n<li>Durabilitate mare: Cilindrii bra\u021bului sunt de obicei fabrica\u021bi din materiale de \u00eenalt\u0103 rezisten\u021b\u0103 \u0219i au o bun\u0103 rezisten\u021b\u0103 la uzur\u0103 \u0219i coroziune, potrivi\u021bi pentru utilizare pe termen lung \u00een medii dure.<\/li>\n<li>Adaptabilitate multifunc\u021bional\u0103: Ace\u0219ti cilindri pot fi utiliza\u021bi pe scar\u0103 larg\u0103 \u00een diverse tipuri de utilaje, cum ar fi excavatoare, macarale \u0219i bra\u021be mecanice, adapt\u00e2ndu-se la diferite cerin\u021be de lucru.<\/li>\n<li>\u00centre\u021binere u\u0219oar\u0103: Designul ia \u00een considerare u\u0219urin\u021ba \u00eentre\u021binerii \u0219i \u00eenlocuirii, facilit\u00e2nd inspec\u021bia \u0219i \u00eentre\u021binerea regulat\u0103 \u0219i reduc\u00e2nd timpul de nefunc\u021bionare a echipamentelor.<\/li>\n<\/ul>\n<p>Putem produce acest produs, iar produsul nostru poate \u00eenlocui perfect ace\u0219ti cilindri hidraulici.<\/p>\n<p><img decoding=\"async\" src=\"https:\/\/www.hydraulic-cylinders.net\/wp-content\/uploads\/2025\/01\/songte-oil-pipes-and-spare-parts.webp\" alt=\"imagine piese de schimb\"><\/p>\n<h2>Aplica\u021bii<\/h2>\n<p>Cilindrii cu bra\u021b sunt utiliza\u021bi pe scar\u0103 larg\u0103 \u00een diverse industrii \u0219i au numeroase aplica\u021bii, cum ar fi:<\/p>\n<ul>\n<li><strong>Inginerie de construc\u021bii:<\/strong> \u00cen excavatoare \u0219i macarale, cilindrii bra\u021bului sunt utiliza\u021bi pentru a controla mi\u0219carea cupelor sau a bra\u021belor pentru lucr\u0103ri de terasament, manipularea materialelor \u0219i instalarea structural\u0103.<\/li>\n<li><strong>Fabrica\u021bie:<\/strong> \u00cen liniile de produc\u021bie automatizate, cilindrii bra\u021bului sunt utiliza\u021bi pentru a mi\u0219ca bra\u021bele mecanice \u00een scopuri de asamblare, sudare \u0219i manipulare a produc\u021biei, cresc\u00e2nd productivitatea \u0219i precizia.<\/li>\n<li><strong>Ma\u0219ini agricole:<\/strong> \u00cen utilajele agricole, cum ar fi combinele de recoltat \u0219i sem\u0103n\u0103toarele, cilindrii bra\u021bului controleaz\u0103 mi\u0219carea bra\u021belor de operare, \u00eendeplinind sarcini precum sem\u0103natul, fertilizarea \u0219i recoltarea.<\/li>\n<li><strong>Minerit:<\/strong> \u00cen echipamentele miniere, cilindrii bra\u021bului sunt utiliza\u021bi pentru a controla mi\u0219carea bra\u021bului echipamentelor miniere, \u00eendeplinind sarcini precum mineritul \u0219i transportul mineralelor.<\/li>\n<li><strong>Logistic\u0103 \u0219i transport:<\/strong> \u00cen cazul stivuitoarelor \u0219i robo\u021bilor de manipulare, cilindrii bra\u021bului sunt utiliza\u021bi pentru a controla ridicarea \u0219i mi\u0219carea furcilor, realiz\u00e2nd manipularea \u0219i stivuirea materialelor.<\/li>\n<\/ul>\n<h2>Considera\u021bii de proiectare \u0219i criterii de selec\u021bie<\/h2>\n<p>Cilindrii bra\u021bului sunt proiecta\u021bi av\u00e2nd \u00een vedere c\u00e2teva aspecte cheie, inclusiv:<\/p>\n<ul>\n<li><strong>Capacitate portant\u0103:<\/strong> Cilindrul trebuie s\u0103 fie capabil s\u0103 reziste for\u021belor aplicate \u0219i sarcinii pe care o ridic\u0103.<\/li>\n<li><strong>Etan\u0219are:<\/strong> O varietate de etan\u0219\u0103ri, cum ar fi etan\u0219\u0103rile pistonului \u0219i etan\u0219\u0103rile tijei, sunt utilizate \u00een cilindrii bra\u021bului, alese pentru rezisten\u021ba lor la uzur\u0103, durabilitate \u0219i compatibilitate chimic\u0103.<\/li>\n<li><strong>Durabilitate:<\/strong> Cilindrii bra\u021bului sunt de obicei fabrica\u021bi din materiale de \u00eenalt\u0103 rezisten\u021b\u0103 \u0219i cu suprafe\u021be tratate pentru a rezista la abraziune \u0219i coroziune.<\/li>\n<li><strong>Siguran\u0163\u0103:<\/strong> Cilindrii bra\u021bului trebuie proiecta\u021bi pentru a asigura o func\u021bionare \u00een siguran\u021b\u0103, cu elemente de siguran\u021b\u0103, cum ar fi supape de blocare \u0219i supape de suprapresiune.<\/li>\n<li><strong>Mentenabilitate:<\/strong> Cilindrii bra\u021bului trebuie s\u0103 fie u\u0219or de \u00eentre\u021binut, cu caracteristici precum garnituri \u00eenlocuibile \u0219i acces facil la componentele interne.<\/li>\n<\/ul>\n<p><img decoding=\"async\" src=\"https:\/\/www.hydraulic-cylinders.net\/wp-content\/uploads\/2025\/01\/songte-cylinder-head-with-all-kinds-excavator-models.webp\" alt=\"imaginea chiulasei\"><\/p>\n<h2>Etan\u0219are \u0219i lubrifiere<\/h2>\n<p>Cilindrii cu bra\u021b utilizeaz\u0103 diverse garnituri, cum ar fi garniturile pistonului \u0219i garniturile tijei, fabricate din materiale rezistente la uzur\u0103, cum ar fi poliuretanul \u0219i cauciucul nitrilic. Corpul cilindrului \u0219i capetele filetate sunt tratate fin pentru a \u00eembun\u0103t\u0103\u021bi rezisten\u021ba la uzur\u0103. Ad\u0103ugarea regulat\u0103 de ulei hidraulic adecvat este necesar\u0103 pentru a lubrifia cilindrul \u0219i a preveni scurgerile.<\/p>\n<p><img decoding=\"async\" src=\"https:\/\/www.hydraulic-cylinders.net\/wp-content\/uploads\/2025\/01\/songte-chushion-collar.webp\" alt=\"imaginea focilor\"><\/p>\n<h2>\u00centre\u021binere \u0219i m\u0103suri preventive<\/h2>\n<p>Inspec\u021bia regulat\u0103 \u0219i \u00eentre\u021binerea preventiv\u0103 sunt esen\u021biale pentru a asigura func\u021bionarea eficient\u0103 \u0219i durata lung\u0103 de via\u021b\u0103 a cilindrilor bra\u021bului. C\u00e2teva m\u0103suri recomandate includ:<\/p>\n<ul>\n<li>Verifica\u021bi periodic cilindrul pentru uzur\u0103, scurgeri \u0219i alte deterior\u0103ri.<\/li>\n<li>Men\u021bine\u021bi cilindrul \u0219i sistemul hidraulic curate pentru a preveni contaminarea.<\/li>\n<li>Asigura\u021bi-v\u0103 c\u0103 cilindrul este lubrifiat corespunz\u0103tor cu uleiul hidraulic recomandat \u0219i c\u0103 nivelul uleiului este suficient.<\/li>\n<li>Urma\u021bi recomand\u0103rile \u0219i procedurile de \u00eentre\u021binere ale produc\u0103torului.<\/li>\n<\/ul>\n<h2>Ghid de instalare<\/h2>\n<p>Instalarea cilindrilor bra\u021bului necesit\u0103 o aten\u021bie deosebit\u0103 pentru a asigura func\u021bionarea corect\u0103. C\u00e2\u021biva pa\u0219i esen\u021biali includ:<\/p>\n<ul>\n<li>Asigura\u021bi-v\u0103 c\u0103 cilindrul este compatibil cu ma\u0219ina \u0219i aplica\u021bia.<\/li>\n<li>Monta\u021bi furtunurile \u0219i racordurile hidraulice conform cerin\u021belor.<\/li>\n<li>Asigura\u021bi-v\u0103 c\u0103 cilindrul este aliniat corect cu ma\u0219ina.<\/li>\n<li>Verifica\u021bi dac\u0103 exist\u0103 scurgeri \u0219i dac\u0103 func\u021bioneaz\u0103 corect dup\u0103 instalare.<\/li>\n<\/ul>\n<p><img decoding=\"async\" src=\"https:\/\/www.hydraulic-cylinders.net\/wp-content\/uploads\/2025\/01\/songte-bushings-with-all-kinds-of-excavator-models.webp\" alt=\"imagine cu buc\u0219e\"><\/p>\n<h2>Considera\u021bii de siguran\u021b\u0103 \u0219i factori de mediu<\/h2>\n<p>Func\u021bionarea \u00een siguran\u021b\u0103 a cilindrilor bra\u021bului necesit\u0103 instruire \u0219i \u00eentre\u021binere adecvate, precum \u0219i respectarea instruc\u021biunilor de siguran\u021b\u0103 din manual. Factorii de mediu precum temperatura, umiditatea \u0219i expunerea la substan\u021be chimice pot afecta performan\u021ba \u0219i longevitatea cilindrilor bra\u021bului.<\/p>\n<h2>Probleme frecvente \u0219i depanare<\/h2>\n<p>C\u00e2teva probleme comune care pot ap\u0103rea cu cilindrii bra\u021bului includ:<\/p>\n<ul>\n<li>Scurgere de ulei<\/li>\n<li>Lips\u0103 de putere sau mi\u0219care lent\u0103<\/li>\n<li>Mi\u0219c\u0103ri smucite sau neregulate<\/li>\n<li>Zgomot sau vibra\u021bii excesive<\/li>\n<\/ul>\n<p>Tehnicile adecvate de depanare, cum ar fi verificarea garniturilor deteriorate, a nivelului insuficient de ulei sau a componentelor nealiniate, pot ajuta la diagnosticarea \u0219i rezolvarea acestor probleme. M\u0103surile preventive, cum ar fi \u00eentre\u021binerea \u0219i inspec\u021bia regulat\u0103, pot, de asemenea, reduce la minimum riscul apari\u021biei problemelor.<\/p>\n<p><img decoding=\"async\" src=\"https:\/\/www.hydraulic-cylinders.net\/wp-content\/uploads\/2025\/01\/songte-company-4.webp\" alt=\"imaginea companiei\"><br \/>\n<img decoding=\"async\" src=\"https:\/\/www.hydraulic-cylinders.net\/wp-content\/uploads\/2025\/01\/songte-company-3.webp\" alt=\"imaginea fabricii\"><\/p>\n<h2>Despre noi<\/h2>\n<p>Suntem un produc\u0103tor profesionist de cilindri hidraulici \u0219i piese de schimb, oferind o gam\u0103 larg\u0103 de produse \u0219i devenind unul dintre principalii produc\u0103tori \u0219i distribuitori angro de cilindri hidraulici pe pie\u021bele interne \u0219i interna\u021bionale. Respect\u0103m \u00eentotdeauna principiul calit\u0103\u021bii superioare, baz\u00e2ndu-ne pe strategii industrializate de management al produc\u021biei \u00een atelierele noastre sofisticate de fabrica\u021bie pentru a ne \u00eembun\u0103t\u0103\u021bi continuu nivelul tehnic \u0219i eficien\u021ba produc\u021biei. Prin introducerea de echipamente digitale avansate de fabrica\u021bie \u0219i sisteme profesionale de testare, optimiz\u0103m platforma noastr\u0103 de fabrica\u021bie, perfec\u021bion\u0103m procesele noastre de control al calit\u0103\u021bii produselor \u0219i de\u021binem capacit\u0103\u021bi inovatoare puternice. Scopul nostru este de a satisface nevoile diversificate ale clien\u021bilor no\u0219tri cu produse eficiente, precise \u0219i de \u00eenalt\u0103 calitate.<\/p>\n<p>Oferim servicii profesionale, certific\u0103ri interna\u021bionale, servicii personalizate, echipamente de produc\u021bie avansate \u0219i servicii post-v\u00e2nzare excelente pentru a satisface nevoile clien\u021bilor no\u0219tri.<\/p>\n<p>Autor: lyl<\/p>","protected":false},"excerpt":{"rendered":"<p>Arm Cylinder For Volwa Cane Unloader DLS190-9A Introduction Arm cylinder is a type of hydraulic cylinder specially designed to provide linear motion and power for various machine arms, such as excavators, cranes, and mechanical arms. It plays a crucial role in hydraulic systems, allowing additional tools or attachments to move and be controlled effectively. These [&hellip;]<\/p>","protected":false},"featured_media":14779,"comment_status":"open","ping_status":"closed","template":"","meta":{"_et_pb_use_builder":"","_et_pb_old_content":"","_et_gb_content_width":""},"product_brand":[],"product_cat":[1497],"product_tag":[1498,1496],"class_list":{"0":"post-16829","1":"product","2":"type-product","3":"status-publish","4":"has-post-thumbnail","6":"product_cat-arm-cylinders","7":"product_tag-arm-cylinders","8":"product_tag-hydraulic-cylinders","10":"first","11":"instock","12":"shipping-taxable","13":"product-type-simple"},"amp_enabled":true,"_links":{"self":[{"href":"https:\/\/www.hydraulic-cylinders.net\/ro\/wp-json\/wp\/v2\/product\/16829","targetHints":{"allow":["GET"]}}],"collection":[{"href":"https:\/\/www.hydraulic-cylinders.net\/ro\/wp-json\/wp\/v2\/product"}],"about":[{"href":"https:\/\/www.hydraulic-cylinders.net\/ro\/wp-json\/wp\/v2\/types\/product"}],"replies":[{"embeddable":true,"href":"https:\/\/www.hydraulic-cylinders.net\/ro\/wp-json\/wp\/v2\/comments?post=16829"}],"wp:featuredmedia":[{"embeddable":true,"href":"https:\/\/www.hydraulic-cylinders.net\/ro\/wp-json\/wp\/v2\/media\/14779"}],"wp:attachment":[{"href":"https:\/\/www.hydraulic-cylinders.net\/ro\/wp-json\/wp\/v2\/media?parent=16829"}],"wp:term":[{"taxonomy":"product_brand","embeddable":true,"href":"https:\/\/www.hydraulic-cylinders.net\/ro\/wp-json\/wp\/v2\/product_brand?post=16829"},{"taxonomy":"product_cat","embeddable":true,"href":"https:\/\/www.hydraulic-cylinders.net\/ro\/wp-json\/wp\/v2\/product_cat?post=16829"},{"taxonomy":"product_tag","embeddable":true,"href":"https:\/\/www.hydraulic-cylinders.net\/ro\/wp-json\/wp\/v2\/product_tag?post=16829"}],"curies":[{"name":"wp","href":"https:\/\/api.w.org\/{rel}","templated":true}]}}