{"id":16845,"date":"2025-01-21T05:58:44","date_gmt":"2025-01-21T05:58:44","guid":{"rendered":"https:\/\/www.hydraulic-cylinders.net\/product\/arm-cylinder-for-aotai-at180e-9\/"},"modified":"2025-01-21T05:58:46","modified_gmt":"2025-01-21T05:58:46","slug":"arm-cylinder-for-aotai-at180e-9","status":"publish","type":"product","link":"https:\/\/www.hydraulic-cylinders.net\/ro\/produs\/arm-cylinder-for-aotai-at180e-9\/","title":{"rendered":"Cilindru de bra\u021b pentru Aotai AT180E-9"},"content":{"rendered":"<h2>Cilindru de bra\u021b pentru Aotai AT180E-9<\/h2>\n<p>Cilindrul hidraulic special conceput pentru Aotai AT180E-9 ofer\u0103 mi\u0219care liniar\u0103 \u0219i putere bra\u021bului diverselor utilaje, cum ar fi excavatoare, macarale \u0219i bra\u021be robotizate. Cilindrul hidraulic joac\u0103 un rol crucial \u00een sistemele hidraulice, permi\u021b\u00e2nd mi\u0219carea \u0219i controlul eficient al uneltelor sau ata\u0219amentelor suplimentare. Ace\u0219ti cilindri nu numai c\u0103 realizeaz\u0103 o mi\u0219care lin\u0103, dar rezist\u0103 \u0219i la sarcini grele, asigur\u00e2nd func\u021bionarea eficient\u0103 \u0219i fiabilitatea utilajelor \u00een diverse condi\u021bii de lucru.<\/p>\n<p><img decoding=\"async\" src=\"https:\/\/www.hydraulic-cylinders.net\/wp-content\/uploads\/2025\/01\/songte-company-2.webp\"><\/p>\n<h2>Caracteristici<\/h2>\n<ul>\n<li><strong>Transmisie de \u00eenalt\u0103 eficien\u021b\u0103:<\/strong> Cilindrul bra\u021bului ofer\u0103 o mi\u0219care liniar\u0103 puternic\u0103 \u0219i o for\u021b\u0103, asigur\u00e2nd capacit\u0103\u021bi de \u00eenalt\u0103 performan\u021b\u0103 \u00een timpul diverselor opera\u021biuni.<\/li>\n<li><strong>Control de precizie:<\/strong> Prin intermediul sistemului hidraulic, cilindrul bra\u021bului permite un control precis al mi\u0219c\u0103rii, sporind flexibilitatea \u0219i precizia opera\u021biunilor cu uneltele.<\/li>\n<li><strong>Durabilitate:<\/strong> Cilindrii bra\u021bului sunt de obicei fabrica\u021bi din materiale de \u00eenalt\u0103 rezisten\u021b\u0103, oferind o rezisten\u021b\u0103 excelent\u0103 la uzur\u0103 \u0219i coroziune, ceea ce \u00eei face potrivi\u021bi pentru utilizarea pe termen lung \u00een medii dure.<\/li>\n<li><strong>Adaptabilitate multifunc\u021bional\u0103:<\/strong> Ace\u0219ti cilindri \u00ee\u0219i g\u0103sesc aplica\u021bii pe scar\u0103 larg\u0103 \u00een diverse utilaje, inclusiv excavatoare, macarale \u0219i bra\u021be robotizate, r\u0103spunz\u00e2nd diferitelor cerin\u021be de lucru.<\/li>\n<li><strong>\u00centre\u021binere u\u0219oar\u0103:<\/strong> Considera\u021biile de proiectare pentru \u00eentre\u021binere \u0219i \u00eenlocuire u\u0219oar\u0103 fac ca inspec\u021biile \u0219i \u00eentre\u021binerea regulat\u0103 s\u0103 fie convenabile, reduc\u00e2nd la minimum timpul de nefunc\u021bionare a echipamentelor.<\/li>\n<\/ul>\n<p><img decoding=\"async\" src=\"https:\/\/www.hydraulic-cylinders.net\/wp-content\/uploads\/2025\/01\/songte-oil-pipes-and-spare-parts.webp\"><\/p>\n<h2>Aplica\u021bii<\/h2>\n<p>Cilindrul cu bra\u021b \u00ee\u0219i g\u0103se\u0219te aplica\u021bii \u00een urm\u0103toarele industrii:<\/p>\n<h3>1. Inginerie de construc\u021bii<\/h3>\n<p>La excavatoare \u0219i macarale, cilindrul bra\u021bului controleaz\u0103 mi\u0219carea cupelor sau a bra\u021belor pentru lucr\u0103ri de terasament, manipularea materialelor \u0219i instalarea structural\u0103.<\/p>\n<h3>2. Fabrica\u021bie<\/h3>\n<p>\u00cen liniile de produc\u021bie automatizate, cilindrul bra\u021bului faciliteaz\u0103 mi\u0219carea bra\u021belor robotizate pentru procesele de asamblare, sudare \u0219i manipulare a materialelor, \u00eembun\u0103t\u0103\u021bind eficien\u021ba \u0219i precizia produc\u021biei.<\/p>\n<h3>3. Ma\u0219ini agricole<\/h3>\n<p>\u00cen utilajele agricole, cum ar fi combinele de recoltat \u0219i sem\u0103n\u0103toarele, cilindrul bra\u021bului controleaz\u0103 mi\u0219carea bra\u021belor de operare pentru sarcini precum sem\u0103natul, fertilizarea \u0219i recoltarea.<\/p>\n<h3>4. Minerit<\/h3>\n<p>\u00cen echipamentele miniere, cilindrul bra\u021bului controleaz\u0103 mi\u0219c\u0103rile bra\u021bului utilajelor miniere pentru extrac\u021bia \u0219i transportul minereului.<\/p>\n<h3>5. Logistic\u0103 \u0219i transport<\/h3>\n<p>\u00cen cazul stivuitoarelor \u0219i robo\u021bilor de manipulare, cilindrul bra\u021bului controleaz\u0103 ridicarea \u0219i mi\u0219carea furcilor, permi\u021b\u00e2nd manipularea \u0219i stivuirea materialelor.<\/p>\n<p><img decoding=\"async\" src=\"https:\/\/www.hydraulic-cylinders.net\/wp-content\/uploads\/2025\/01\/songte-cylinder-head-with-all-kinds-excavator-models.webp\"><\/p>\n<h2>Considera\u021bii de proiectare \u0219i criterii de selec\u021bie<\/h2>\n<p>C\u00e2nd vine vorba de considera\u021bii de proiectare, capacitatea portant\u0103, etan\u0219area, durabilitatea, siguran\u021ba \u0219i mentenan\u021ba cilindrului bra\u021bului joac\u0103 un rol crucial:<\/p>\n<h3>1. Capacitate portant\u0103<\/h3>\n<p>Cilindrul bra\u021bului trebuie proiectat pentru a suporta sarcinile specifice pe care le va \u00eent\u00e2lni \u00een timpul func\u021bion\u0103rii, asigur\u00e2nd performan\u021be \u0219i siguran\u021b\u0103 optime.<\/p>\n<h3>2. Etan\u0219are<\/h3>\n<p>Diverse componente de etan\u0219are, cum ar fi etan\u0219\u0103rile pistonului \u0219i etan\u0219\u0103rile tijei, fabricate din materiale rezistente la uzur\u0103, precum poliuretanul \u0219i cauciucul nitrilic, asigur\u0103 o etan\u0219are eficient\u0103. Corpul cilindrului \u0219i capetele filetate sunt supuse unui tratament de suprafa\u021b\u0103 meticulos pentru a spori rezisten\u021ba la uzur\u0103.<\/p>\n<h3>3. Durabilitate<\/h3>\n<p>Cilindrul bra\u021bului este fabricat din materiale de \u00eenalt\u0103 rezisten\u021b\u0103 pentru a rezista condi\u021biilor solicitante ale aplica\u021biilor sale, asigur\u00e2nd performan\u021b\u0103 \u0219i fiabilitate de lung\u0103 durat\u0103.<\/p>\n<h3>4. Siguran\u021b\u0103<\/h3>\n<p>Considera\u021biile privind caracteristicile de siguran\u021b\u0103 \u0219i precau\u021biile, cum ar fi supapele de suprapresiune \u0219i sistemele de oprire de urgen\u021b\u0103, sunt esen\u021biale pentru a proteja at\u00e2t utilajele, c\u00e2t \u0219i operatorii.<\/p>\n<h3>5. Mentenabilitate<\/h3>\n<p>Designul ar trebui s\u0103 faciliteze \u00eentre\u021binerea \u0219i \u00eenlocuirea u\u0219oar\u0103, asigur\u00e2nd inspec\u021bii periodice convenabile \u0219i reduc\u00e2nd timpul de nefunc\u021bionare a echipamentelor.<\/p>\n<p><img decoding=\"async\" src=\"https:\/\/www.hydraulic-cylinders.net\/wp-content\/uploads\/2025\/01\/songte-chushion-collar.webp\"><\/p>\n<h2>Etan\u0219are \u0219i lubrifiere<\/h2>\n<p>Cilindrul bra\u021bului utilizeaz\u0103 diverse componente de etan\u0219are pentru a asigura o func\u021bionare eficient\u0103. Acestea includ etan\u0219\u0103ri ale pistonului, etan\u0219\u0103ri ale tijei \u0219i alte etan\u0219\u0103ri fabricate din materiale rezistente la uzur\u0103, cum ar fi poliuretanul \u0219i cauciucul nitrilic. Corpul cilindrului \u0219i capetele filetate sunt supuse unui tratament de suprafa\u021b\u0103 precis pentru a spori rezisten\u021ba la uzur\u0103. Lubrifierea regulat\u0103 cu ulei hidraulic adecvat este necesar\u0103 pentru a asigura performan\u021ba corect\u0103 \u0219i longevitatea cilindrului.<\/p>\n<h2>Inspec\u021bie regulat\u0103 \u0219i \u00eentre\u021binere preventiv\u0103<\/h2>\n<p>Pentru a men\u021bine performan\u021ba optim\u0103, inspec\u021biile regulate \u0219i m\u0103surile de \u00eentre\u021binere preventiv\u0103 sunt esen\u021biale:<\/p>\n<ul>\n<li>Inspecta\u021bi cilindrul pentru a depista orice semne de scurgeri, deterior\u0103ri sau uzur\u0103.<\/li>\n<li>Verifica\u021bi \u0219i \u00eenlocui\u021bi garniturile dup\u0103 cum este necesar.<\/li>\n<li>Verifica\u021bi nivelurile corecte ale lichidului \u0219i completa\u021bi cu ulei hidraulic, dac\u0103 este necesar.<\/li>\n<li>Asigura\u021bi-v\u0103 c\u0103 toate conexiunile \u0219i fitingurile sunt fixate sigur.<\/li>\n<li>Cur\u0103\u021ba\u021bi cilindrul \u0219i zonele \u00eenconjur\u0103toare pentru a preveni acumularea de resturi.<\/li>\n<\/ul>\n<h2>Ghid de instalare a produsului<\/h2>\n<p>Urma\u021bi ace\u0219ti pa\u0219i pentru instalarea corect\u0103 a cilindrului bra\u021bului:<\/p>\n<ol>\n<li>Preg\u0103ti\u021bi zona de instalare, asigur\u00e2ndu-v\u0103 c\u0103 este curat\u0103 \u0219i lipsit\u0103 de resturi.<\/li>\n<li>Pozi\u021biona\u021bi cilindrul corect, aliniindu-l cu punctele de montare.<\/li>\n<li>Str\u00e2nge\u021bi \u0219uruburile de montare \u00een siguran\u021b\u0103 la cuplul specificat.<\/li>\n<li>Conecta\u021bi furtunurile sau \u021bevile hidraulice la porturile corespunz\u0103toare.<\/li>\n<li>Verifica\u021bi dac\u0103 exist\u0103 scurgeri \u0219i asigura\u021bi-v\u0103 c\u0103 toate conexiunile sunt str\u00e2nse.<\/li>\n<\/ol>\n<p><img decoding=\"async\" src=\"https:\/\/www.hydraulic-cylinders.net\/wp-content\/uploads\/2025\/01\/songte-bushings-with-all-kinds-of-excavator-models.webp\"><\/p>\n<h2>Considera\u021bii de siguran\u021b\u0103 \u0219i factori de mediu<\/h2>\n<p>C\u00e2nd manipula\u021bi cilindrul bra\u021bului, este esen\u021bial s\u0103 acorda\u021bi prioritate m\u0103surilor de siguran\u021b\u0103. Acestea includ:<\/p>\n<ul>\n<li>Respectarea procedurilor de operare corecte \u0219i a instruc\u021biunilor de siguran\u021b\u0103.<\/li>\n<li>Utilizarea echipamentului individual de protec\u021bie (EIP) adecvat atunci c\u00e2nd este necesar.<\/li>\n<li>Asigurarea \u00eentre\u021binerii corespunz\u0103toare \u0219i inspectarea caracteristicilor de siguran\u021b\u0103 ale utilajelor.<\/li>\n<li>Respectarea reglement\u0103rilor de mediu \u0219i eliminarea responsabil\u0103 a oric\u0103ror de\u0219euri.<\/li>\n<\/ul>\n<h2>Depanare \u0219i probleme frecvente<\/h2>\n<p>Iat\u0103 c\u00e2teva sfaturi comune de depanare \u0219i solu\u021bii pentru problemele legate de cilindrul bra\u021bului:<\/p>\n<ul>\n<li>Dac\u0103 exist\u0103 o scurgere de fluid hidraulic, verifica\u021bi \u0219i \u00eenlocui\u021bi garniturile deteriorate sau str\u00e2nge\u021bi conexiunile.<\/li>\n<li>Dac\u0103 exist\u0103 o mi\u0219care neuniform\u0103 sau sacadat\u0103, verifica\u021bi dac\u0103 conductele hidraulice sunt \u00eenfundate sau restric\u021bionate \u0219i cur\u0103\u021ba\u021bi-le sau \u00eenlocui\u021bi-le dac\u0103 este necesar.<\/li>\n<li>Dac\u0103 cilindrul bra\u021bului nu func\u021bioneaz\u0103 conform a\u0219tept\u0103rilor, verifica\u021bi presiunea \u0219i debitul sistemului hidraulic, ajust\u00e2ndu-le dac\u0103 este necesar.<\/li>\n<\/ul>\n<p>Implementarea unor m\u0103suri preventive poate reduce la minimum poten\u021bialele probleme:<\/p>\n<ul>\n<li>Inspecta\u021bi \u0219i \u00eentre\u021bine\u021bi periodic cilindrul bra\u021bului \u0219i sistemul hidraulic.<\/li>\n<li>Urma\u021bi procedurile de operare corecte \u0219i evita\u021bi supra\u00eenc\u0103rcarea cilindrului.<\/li>\n<li>Asigura\u021bi-v\u0103 c\u0103 lichidul hidraulic este curat \u0219i la nivelul corect.<\/li>\n<li>P\u0103stra\u021bi cilindrul \u0219i zona \u00eenconjur\u0103toare curate pentru a preveni deteriorarea de c\u0103tre resturi.<\/li>\n<\/ul>\n<p><img decoding=\"async\" src=\"https:\/\/www.hydraulic-cylinders.net\/wp-content\/uploads\/2025\/01\/songte-chushion-collar.webp\"><\/p>\n<p>Nu uita s\u0103 organizezi articolul logic, s\u0103 folose\u0219ti subtitluri pentru o navigare u\u0219oar\u0103, s\u0103 incluzi imagini sau grafice relevante pentru o mai bun\u0103 \u00een\u021belegere \u0219i s\u0103 asiguri un con\u021binut clar \u0219i concis, potrivit pentru cititorii cu diferite niveluri de cuno\u0219tin\u021be tehnice.<\/p>\n<h2>Despre noi<\/h2>\n<p>Suntem un produc\u0103tor profesionist de cilindri hidraulici de schimb, oferind o gam\u0103 larg\u0103 de produse. Am devenit unul dintre principalii produc\u0103tori \u0219i distribuitori angro de cilindri hidraulici at\u00e2t pe pia\u021ba intern\u0103, c\u00e2t \u0219i pe cea interna\u021bional\u0103. Men\u021bin\u00e2nd principiile excelen\u021bei, ne \u00eembun\u0103t\u0103\u021bim continuu capacit\u0103\u021bile tehnice \u0219i eficien\u021ba produc\u021biei prin ateliere de fabrica\u021bie perfec\u021bionate \u0219i strategii de management al produc\u021biei industriale. Prin introducerea de echipamente digitale avansate de fabrica\u021bie \u0219i sisteme profesionale de testare, optimiz\u0103m platforma noastr\u0103 de fabrica\u021bie \u0219i ne perfec\u021bion\u0103m procesele de control al calit\u0103\u021bii produselor, demonstr\u00e2nd capacit\u0103\u021bi puternice de inovare. Scopul nostru este de a satisface diversele cerin\u021be ale clien\u021bilor cu eficien\u021b\u0103, precizie \u0219i calitate ridicate.<\/p>\n<p><img decoding=\"async\" src=\"https:\/\/www.hydraulic-cylinders.net\/wp-content\/uploads\/2025\/01\/songte-company-4.webp\"><br \/>\n<img\n<\/p>","protected":false},"excerpt":{"rendered":"<p>Arm Cylinder For Aotai AT180E-9 The Arm Cylinder for Aotai AT180E-9 is a specially designed hydraulic cylinder that provides linear motion and power to the arm of various machinery, such as excavators, cranes, and robotic arms. The arm cylinder plays a crucial role in hydraulic systems, enabling the effective movement and control of additional tools [&hellip;]<\/p>","protected":false},"featured_media":14763,"comment_status":"open","ping_status":"closed","template":"","meta":{"_et_pb_use_builder":"","_et_pb_old_content":"","_et_gb_content_width":""},"product_brand":[],"product_cat":[1497],"product_tag":[1498,1496],"class_list":{"0":"post-16845","1":"product","2":"type-product","3":"status-publish","4":"has-post-thumbnail","6":"product_cat-arm-cylinders","7":"product_tag-arm-cylinders","8":"product_tag-hydraulic-cylinders","10":"first","11":"instock","12":"shipping-taxable","13":"product-type-simple"},"amp_enabled":true,"_links":{"self":[{"href":"https:\/\/www.hydraulic-cylinders.net\/ro\/wp-json\/wp\/v2\/product\/16845","targetHints":{"allow":["GET"]}}],"collection":[{"href":"https:\/\/www.hydraulic-cylinders.net\/ro\/wp-json\/wp\/v2\/product"}],"about":[{"href":"https:\/\/www.hydraulic-cylinders.net\/ro\/wp-json\/wp\/v2\/types\/product"}],"replies":[{"embeddable":true,"href":"https:\/\/www.hydraulic-cylinders.net\/ro\/wp-json\/wp\/v2\/comments?post=16845"}],"wp:featuredmedia":[{"embeddable":true,"href":"https:\/\/www.hydraulic-cylinders.net\/ro\/wp-json\/wp\/v2\/media\/14763"}],"wp:attachment":[{"href":"https:\/\/www.hydraulic-cylinders.net\/ro\/wp-json\/wp\/v2\/media?parent=16845"}],"wp:term":[{"taxonomy":"product_brand","embeddable":true,"href":"https:\/\/www.hydraulic-cylinders.net\/ro\/wp-json\/wp\/v2\/product_brand?post=16845"},{"taxonomy":"product_cat","embeddable":true,"href":"https:\/\/www.hydraulic-cylinders.net\/ro\/wp-json\/wp\/v2\/product_cat?post=16845"},{"taxonomy":"product_tag","embeddable":true,"href":"https:\/\/www.hydraulic-cylinders.net\/ro\/wp-json\/wp\/v2\/product_tag?post=16845"}],"curies":[{"name":"wp","href":"https:\/\/api.w.org\/{rel}","templated":true}]}}