{"id":16849,"date":"2025-01-21T06:07:55","date_gmt":"2025-01-21T06:07:55","guid":{"rendered":"https:\/\/www.hydraulic-cylinders.net\/product\/arm-cylinder-for-atlas-2306lc\/"},"modified":"2025-01-21T06:07:57","modified_gmt":"2025-01-21T06:07:57","slug":"arm-cylinder-for-atlas-2306lc","status":"publish","type":"product","link":"https:\/\/www.hydraulic-cylinders.net\/ro\/produs\/arm-cylinder-for-atlas-2306lc\/","title":{"rendered":"Cilindru de bra\u021b pentru Atlas 2306LC"},"content":{"rendered":"<h2>Cilindru de bra\u021b pentru Atlas 2306LC<\/h2>\n<h3>Introducere<\/h3>\n<p>Cilindrul bra\u021bului este un cilindru hidraulic special conceput, utilizat \u00een principal pentru a oferi mi\u0219care liniar\u0103 \u0219i putere diverselor bra\u021be mecanice, cum ar fi excavatoarele, macaralele \u0219i bra\u021bele robotizate. Cilindrul bra\u021bului joac\u0103 un rol cheie \u00een sistemul hidraulic, permi\u021b\u00e2nd mi\u0219c\u0103rii \u0219i controlului eficient al sculelor sau ata\u0219amentelor suplimentare. Ace\u0219ti cilindri nu numai c\u0103 ofer\u0103 o mi\u0219care lin\u0103, dar rezist\u0103 \u0219i la sarcini grele, asigur\u00e2nd func\u021bionarea eficient\u0103 \u0219i fiabilitatea utilajelor \u00een diverse condi\u021bii de func\u021bionare.<\/p>\n<p><img decoding=\"async\" src=\"https:\/\/www.hydraulic-cylinders.net\/wp-content\/uploads\/2025\/01\/songte-company-2.webp\" \/><\/p>\n<h3>Caracteristici<\/h3>\n<ul>\n<li><b>Transmisie eficient\u0103 a puterii:<\/b> Cilindrul bra\u021bului ofer\u0103 o mi\u0219care liniar\u0103 puternic\u0103 \u0219i o for\u021b\u0103, asigur\u00e2nd o eficien\u021b\u0103 de \u00eenalt\u0103 performan\u021b\u0103 a bra\u021bului mecanic \u00een diverse opera\u021biuni.<\/li>\n<li><b>Control precis:<\/b> Prin intermediul sistemului hidraulic, cilindrul bra\u021bului poate realiza un control precis al mi\u0219c\u0103rii, f\u0103c\u00e2nd operarea uneltelor suplimentare mai flexibil\u0103 \u0219i precis\u0103.<\/li>\n<li><b>Durabilitate puternic\u0103:<\/b> Cilindrul bra\u021bului este de obicei fabricat din materiale de \u00eenalt\u0103 rezisten\u021b\u0103 \u0219i are o bun\u0103 rezisten\u021b\u0103 la uzur\u0103 \u0219i coroziune, ceea ce \u00eel face potrivit pentru utilizarea pe termen lung \u00een medii dure.<\/li>\n<li><b>Adaptabilitate multifunc\u021bional\u0103:<\/b> Ace\u0219ti cilindri pot fi utiliza\u021bi pe scar\u0103 larg\u0103 \u00eentr-o varietate de echipamente mecanice, cum ar fi excavatoare, macarale \u0219i bra\u021be robotizate, pentru a se adapta diferitelor cerin\u021be ale lucr\u0103rilor.<\/li>\n<li><b>\u00centre\u021binere u\u0219oar\u0103:<\/b> Designul este considerat a fi u\u0219or de \u00eentre\u021binut \u0219i \u00eenlocuit, ceea ce face ca inspec\u021bia \u0219i \u00eentre\u021binerea regulat\u0103 s\u0103 fie mai convenabile \u0219i reduce timpul de nefunc\u021bionare a echipamentelor.<\/li>\n<\/ul>\n<p><img decoding=\"async\" src=\"https:\/\/www.hydraulic-cylinders.net\/wp-content\/uploads\/2025\/01\/songte-oil-pipes-and-spare-parts.webp\" \/><\/p>\n<h3>Aplica\u021bii<\/h3>\n<p>Cilindrul cu bra\u021b este utilizat pe scar\u0103 larg\u0103 \u00een diverse industrii, inclusiv:<\/p>\n<ul>\n<li><b>Construc\u021bie:<\/b> \u00cen excavatoare \u0219i macarale, cilindrul bra\u021bului este utilizat pentru a controla mi\u0219carea cupei sau a bra\u021bului pentru lucr\u0103ri de terasament, manipularea materialelor \u0219i instalarea structural\u0103.<\/li>\n<li><b>Fabrica\u021bie:<\/b> \u00cen liniile de produc\u021bie automatizate, cilindrul bra\u021bului este utilizat pentru mi\u0219carea bra\u021belor robotizate \u00een procesele de asamblare, sudare \u0219i manipulare, \u00eembun\u0103t\u0103\u021bind eficien\u021ba \u0219i precizia produc\u021biei.<\/li>\n<li><b>Ma\u0219ini agricole:<\/b> \u00cen utilajele agricole, cum ar fi combinele de recoltat \u0219i sem\u0103n\u0103toarele, cilindrul bra\u021bului controleaz\u0103 mi\u0219carea bra\u021bului de operare pentru a efectua sarcini precum sem\u0103natul, fertilizarea \u0219i recoltarea.<\/li>\n<li><b>Minerit:<\/b> \u00cen echipamentele miniere, cilindrul bra\u021bului este utilizat pentru a controla mi\u0219carea bra\u021bului echipamentelor miniere pentru extrac\u021bia \u0219i transportul minereului.<\/li>\n<li><b>Logistic\u0103 \u0219i transport:<\/b> \u00cen cazul stivuitoarelor \u0219i robo\u021bilor de manipulare, cilindrul bra\u021bului este utilizat pentru a controla ridicarea \u0219i mi\u0219carea furcii de marf\u0103, realiz\u00e2nd manipularea \u0219i stivuirea materialelor.<\/li>\n<\/ul>\n<h3>Considera\u021bii de proiectare \u0219i criterii de selec\u021bie<\/h3>\n<p>Din considera\u021biile de proiectare, unii dintre factorii critici pentru cilindrul bra\u021bului includ:<\/p>\n<ul>\n<li><b>Capacitate portant\u0103:<\/b> Cilindrul bra\u021bului trebuie s\u0103 poat\u0103 suporta capacitatea maxim\u0103 de \u00eenc\u0103rcare a utilajului.<\/li>\n<li><b>Etan\u0219are:<\/b> Cilindrul trebuie proiectat cu o etan\u0219are adecvat\u0103 pentru a preveni scurgerile de fluid hidraulic.<\/li>\n<li><b>Durabilitate:<\/b> Cilindrul trebuie s\u0103 fie fabricat din materiale rezistente la uzur\u0103 \u0219i coroziune pentru a asigura utilizarea pe termen lung.<\/li>\n<li><b>Siguran\u0163\u0103:<\/b> \u00cen proiect trebuie \u00eencorporate caracteristici de siguran\u021b\u0103 adecvate pentru a asigura func\u021bionarea \u00een siguran\u021b\u0103 a cilindrului.<\/li>\n<li><b>Mentenabilitate:<\/b> Cilindrul trebuie proiectat pentru o \u00eentre\u021binere \u0219i \u00eenlocuire u\u0219oar\u0103 a pieselor pentru a reduce la minimum timpul de nefunc\u021bionare.<\/li>\n<\/ul>\n<p><img decoding=\"async\" src=\"https:\/\/www.hydraulic-cylinders.net\/wp-content\/uploads\/2025\/01\/songte-cylinder-head-with-all-kinds-excavator-models.webp\" \/><\/p>\n<h3>Etan\u0219are \u0219i lubrifiere<\/h3>\n<p>Cilindrul bra\u021bului trebuie s\u0103 utilizeze diverse componente de etan\u0219are, cum ar fi etan\u0219\u0103ri de piston \u0219i etan\u0219\u0103ri de tij\u0103, fabricate din materiale rezistente la uzur\u0103, cum ar fi poliuretanul \u0219i cauciucul nitrilic. Corpul cilindrului \u0219i suprafe\u021bele capetelor filetate trebuie s\u0103 fie supuse unor prelucr\u0103ri fine pentru a \u00eembun\u0103t\u0103\u021bi rezisten\u021ba la uzur\u0103. Cilindru trebuie ad\u0103ugat \u00een mod regulat ulei hidraulic adecvat pentru lubrifiere.<\/p>\n<h3>\u00centre\u021binere \u0219i m\u0103suri preventive<\/h3>\n<ul>\n<li><b>Inspec\u021bii regulate:<\/b> Trebuie efectuate inspec\u021bii regulate pentru a verifica dac\u0103 exist\u0103 deterior\u0103ri, coroziune sau scurgeri \u00een cilindru.<\/li>\n<li><b>\u00centre\u021binere preventiv\u0103:<\/b> \u00centre\u021binerea regulat\u0103 trebuie efectuat\u0103 pentru a \u00eenlocui piesele uzate \u0219i a preveni poten\u021bialele probleme.<\/li>\n<li><b>Depozitare adecvat\u0103:<\/b> Cilindrul trebuie depozitat \u00een condi\u021bii adecvate, cum ar fi un mediu uscat \u0219i curat, pentru a preveni deteriorarea sau coroziunea.<\/li>\n<\/ul>\n<h3>Ghid de instalare<\/h3>\n<p>Urm\u0103torii sunt pa\u0219ii pentru instalarea cilindrului bra\u021bului:<\/p>\n<ol>\n<li>Asigura\u021bi-v\u0103 c\u0103 suprafa\u021ba de montare este curat\u0103 \u0219i f\u0103r\u0103 resturi.<\/li>\n<li>Alinia\u021bi cilindrul cu suprafa\u021ba de montare \u0219i fixa\u021bi-l \u00een pozi\u021bie.<\/li>\n<li>Conecta\u021bi conductele hidraulice la cilindru.<\/li>\n<li>Ad\u0103uga\u021bi fluid hidraulic \u00een sistem.<\/li>\n<li>Efectua\u021bi un test de presiune asupra sistemului \u00eenainte de utilizare.<\/li>\n<\/ol>\n<p><img decoding=\"async\" src=\"https:\/\/www.hydraulic-cylinders.net\/wp-content\/uploads\/2025\/01\/songte-bushings-with-all-kinds-of-excavator-models.webp\" \/><\/p>\n<h3>Considera\u021bii de siguran\u021b\u0103 \u0219i factori de mediu<\/h3>\n<p>La utilizarea cilindrului bra\u021bului, trebuie respectate m\u0103surile de siguran\u021b\u0103 adecvate pentru a preveni accidentele, cum ar fi purtarea echipamentului de protec\u021bie \u0219i respectarea procedurilor de operare corecte. De asemenea, trebuie lua\u021bi \u00een considerare factorii de mediu, cum ar fi temperatura \u0219i umiditatea, pentru a asigura func\u021bionarea eficient\u0103 \u0219i sigur\u0103 a cilindrului.<\/p>\n<h3>Depanare \u0219i probleme frecvente<\/h3>\n<p>Printre problemele frecvente ale cilindrului bra\u021bului se num\u0103r\u0103 scurgerile, puterea insuficient\u0103 \u0219i mi\u0219carea lent\u0103. Pentru a depana aceste probleme, trebuie efectuate inspec\u021bii \u0219i teste adecvate pentru a identifica cauza principal\u0103. C\u00e2teva m\u0103suri preventive includ \u00eentre\u021binerea regulat\u0103, utilizarea fluidului hidraulic adecvat \u0219i depozitarea corespunz\u0103toare.<\/p>\n<p><img decoding=\"async\" src=\"https:\/\/www.hydraulic-cylinders.net\/wp-content\/uploads\/2025\/01\/songte-chushion-collar.webp\" \/><\/p>\n<h3>Despre noi<\/h3>\n<p>Suntem un produc\u0103tor profesionist de cilindri hidraulici de schimb, oferind o gam\u0103 larg\u0103 de produse \u0219i devenind unul dintre principalii produc\u0103tori \u0219i distribuitori angro de cilindri hidraulici pe pie\u021bele interne \u0219i interna\u021bionale. Ader\u0103m \u00eentotdeauna la principiul calit\u0103\u021bii excelente, baz\u00e2ndu-ne pe strategia industrializat\u0103 de management al produc\u021biei din atelierele de fabrica\u021bie de precizie, \u00eembun\u0103t\u0103\u021bind constant nivelul nostru tehnic \u0219i eficien\u021ba produc\u021biei. Prin introducerea de echipamente digitale avansate de fabrica\u021bie \u0219i sisteme profesionale de testare, optimiz\u0103m continuu platforma noastr\u0103 de fabrica\u021bie, \u00eembun\u0103t\u0103\u021bim procesul de control al calit\u0103\u021bii produselor noastre \u0219i avem capacit\u0103\u021bi puternice de inovare. Scopul nostru este de a satisface nevoile diversificate ale clien\u021bilor cu eficien\u021b\u0103 ridicat\u0103, precizie \u0219i calitate \u00eenalt\u0103.<\/p>\n<p><img decoding=\"async\" src=\"https:\/\/www.hydraulic-cylinders.net\/wp-content\/uploads\/2025\/01\/songte-company-4.webp\" \/><\/p>\n<h3>Specialit\u0103\u021bile noastre<\/h3>\n<ul>\n<li><b>Profesionalism:<\/b> Avem o echip\u0103 de profesioni\u0219ti cu o vast\u0103 experien\u021b\u0103 \u00een fabricarea \u0219i proiectarea cilindrilor hidraulici.<\/li>\n<li><b>Certificare interna\u021bional\u0103:<\/b> Am ob\u021binut diverse certific\u0103ri interna\u021bionale, precum ISO9001, CE \u0219i SGS.<\/li>\n<li><b>Personalizare:<\/b> Oferim solu\u021bii personalizate de cilindri hidraulici pentru a satisface cerin\u021bele specifice ale clien\u021bilor.<\/li>\n<li><b>Echipamente de produc\u021bie:<\/b> Avem echipamente digitale avansate de produc\u021bie \u0219i sisteme profesionale de testare.<\/li>\n<li><b>Serviciu post-v\u00e2nzare:<\/b> Oferim servicii post-v\u00e2nzare prompte \u0219i eficiente pentru a asigura satisfac\u021bia clien\u021bilor.<\/li>\n<\/ul>\n<p><img decoding=\"async\" src=\"https:\/\/www.hydraulic-cylinders.net\/wp-content\/uploads\/2025\/01\/songte-company-3.webp\" \/><\/p>\n<p>Autor: lyl.<\/p>","protected":false},"excerpt":{"rendered":"<p>Arm Cylinder For Atlas 2306LC Introduction The arm cylinder is a specially designed hydraulic cylinder that is mainly used to provide linear motion and power for various mechanical arms, such as excavators, cranes and robotic arms. The arm cylinder plays a key role in the hydraulic system, allowing additional tools or attachments to move and [&hellip;]<\/p>","protected":false},"featured_media":14783,"comment_status":"open","ping_status":"closed","template":"","meta":{"_et_pb_use_builder":"","_et_pb_old_content":"","_et_gb_content_width":""},"product_brand":[],"product_cat":[1497],"product_tag":[1498,1496],"class_list":{"0":"post-16849","1":"product","2":"type-product","3":"status-publish","4":"has-post-thumbnail","6":"product_cat-arm-cylinders","7":"product_tag-arm-cylinders","8":"product_tag-hydraulic-cylinders","10":"first","11":"instock","12":"shipping-taxable","13":"product-type-simple"},"amp_enabled":true,"_links":{"self":[{"href":"https:\/\/www.hydraulic-cylinders.net\/ro\/wp-json\/wp\/v2\/product\/16849","targetHints":{"allow":["GET"]}}],"collection":[{"href":"https:\/\/www.hydraulic-cylinders.net\/ro\/wp-json\/wp\/v2\/product"}],"about":[{"href":"https:\/\/www.hydraulic-cylinders.net\/ro\/wp-json\/wp\/v2\/types\/product"}],"replies":[{"embeddable":true,"href":"https:\/\/www.hydraulic-cylinders.net\/ro\/wp-json\/wp\/v2\/comments?post=16849"}],"wp:featuredmedia":[{"embeddable":true,"href":"https:\/\/www.hydraulic-cylinders.net\/ro\/wp-json\/wp\/v2\/media\/14783"}],"wp:attachment":[{"href":"https:\/\/www.hydraulic-cylinders.net\/ro\/wp-json\/wp\/v2\/media?parent=16849"}],"wp:term":[{"taxonomy":"product_brand","embeddable":true,"href":"https:\/\/www.hydraulic-cylinders.net\/ro\/wp-json\/wp\/v2\/product_brand?post=16849"},{"taxonomy":"product_cat","embeddable":true,"href":"https:\/\/www.hydraulic-cylinders.net\/ro\/wp-json\/wp\/v2\/product_cat?post=16849"},{"taxonomy":"product_tag","embeddable":true,"href":"https:\/\/www.hydraulic-cylinders.net\/ro\/wp-json\/wp\/v2\/product_tag?post=16849"}],"curies":[{"name":"wp","href":"https:\/\/api.w.org\/{rel}","templated":true}]}}