{"id":16850,"date":"2025-01-21T06:07:59","date_gmt":"2025-01-21T06:07:59","guid":{"rendered":"https:\/\/www.hydraulic-cylinders.net\/product\/arm-cylinder-for-atlas-3608lc\/"},"modified":"2025-01-21T06:08:01","modified_gmt":"2025-01-21T06:08:01","slug":"arm-cylinder-for-atlas-3608lc","status":"publish","type":"product","link":"https:\/\/www.hydraulic-cylinders.net\/ro\/produs\/arm-cylinder-for-atlas-3608lc\/","title":{"rendered":"Cilindru de bra\u021b pentru Atlas 3608LC"},"content":{"rendered":"<h1>Cilindru de bra\u021b pentru Atlas 3608LC<\/h1>\n<h2>Introducere<\/h2>\n<p>Cilindrul bra\u021bului este un cilindru hidraulic special conceput care ofer\u0103 mi\u0219care liniar\u0103 \u0219i putere bra\u021bului diferitelor utilaje, cum ar fi excavatoare, macarale \u0219i bra\u021be mecanice. Acesta joac\u0103 un rol crucial \u00een sistemele hidraulice, permi\u021b\u00e2nd ata\u0219amentelor sau accesoriilor s\u0103 se mi\u0219te \u0219i s\u0103 fie controlate eficient. Ace\u0219ti cilindri nu numai c\u0103 permit mi\u0219c\u0103ri line, dar rezist\u0103 \u0219i la sarcini grele, asigur\u00e2nd func\u021bionarea eficient\u0103 \u0219i fiabilitatea utilajelor \u00een diverse condi\u021bii de lucru.<\/p>\n<p><img decoding=\"async\" src=\"https:\/\/www.hydraulic-cylinders.net\/wp-content\/uploads\/2025\/01\/songte-company-2.webp\"><\/p>\n<h2>Caracteristici<\/h2>\n<ul>\n<li><strong>Transmisie de \u00eenalt\u0103 eficien\u021b\u0103:<\/strong> Cilindrul bra\u021bului ofer\u0103 o mi\u0219care liniar\u0103 puternic\u0103 \u0219i o for\u021b\u0103, asigur\u00e2nd o eficien\u021b\u0103 ridicat\u0103 \u00een diverse opera\u021biuni.<\/li>\n<li><strong>Control de precizie:<\/strong> Prin intermediul sistemului hidraulic, cilindrul bra\u021bului permite un control precis al mi\u0219c\u0103rii, f\u0103c\u00e2nd operarea ata\u0219amentelor mai flexibil\u0103 \u0219i precis\u0103.<\/li>\n<li><strong>Durabilitate:<\/strong> Cilindrii bra\u021bului sunt de obicei fabrica\u021bi din materiale de \u00eenalt\u0103 rezisten\u021b\u0103, oferind o rezisten\u021b\u0103 excelent\u0103 la uzur\u0103 \u0219i coroziune, ceea ce \u00eei face potrivi\u021bi pentru utilizarea pe termen lung \u00een medii dure.<\/li>\n<li><strong>Adaptabilitate multifunc\u021bional\u0103:<\/strong> Ace\u0219ti cilindri pot fi utiliza\u021bi pe scar\u0103 larg\u0103 \u00een diverse echipamente, cum ar fi excavatoare, macarale \u0219i bra\u021be mecanice, adapt\u00e2ndu-se la diferite cerin\u021be de lucru.<\/li>\n<li><strong>\u00centre\u021binere u\u0219oar\u0103:<\/strong> Designul ia \u00een considerare u\u0219urin\u021ba \u00eentre\u021binerii \u0219i \u00eenlocuirii, facilit\u00e2nd inspec\u021biile \u0219i \u00eentre\u021binerea regulat\u0103 \u0219i reduc\u00e2nd timpul de nefunc\u021bionare a echipamentelor.<\/li>\n<\/ul>\n<p><img decoding=\"async\" src=\"https:\/\/www.hydraulic-cylinders.net\/wp-content\/uploads\/2025\/01\/songte-oil-pipes-and-spare-parts.webp\"><\/p>\n<h2>Aplica\u021bii<\/h2>\n<p>Cilindrul cu bra\u021b este utilizat pe scar\u0103 larg\u0103 \u00een diverse industrii:<\/p>\n<h3>1. Inginerie de construc\u021bii<\/h3>\n<p>La excavatoare \u0219i macarale, cilindrul bra\u021bului controleaz\u0103 mi\u0219carea cupelor sau a bra\u021belor pentru lucr\u0103ri de terasament, manipularea materialelor \u0219i instalarea structural\u0103.<\/p>\n<h3>2. Fabrica\u021bie<\/h3>\n<p>\u00cen liniile de produc\u021bie automatizate, cilindrul bra\u021bului este utilizat pentru mi\u0219carea bra\u021belor mecanice, efectuarea proceselor de asamblare, sudare \u0219i manipulare pentru a \u00eembun\u0103t\u0103\u021bi eficien\u021ba \u0219i precizia produc\u021biei.<\/p>\n<h3>3. Ma\u0219ini agricole<\/h3>\n<p>\u00cen utilajele agricole, cum ar fi combinele de recoltat \u0219i sem\u0103n\u0103toarele, cilindrul bra\u021bului controleaz\u0103 mi\u0219carea bra\u021belor de operare, execut\u00e2nd sarcini precum sem\u0103natul, fertilizarea \u0219i recoltarea.<\/p>\n<h3>4. Minerit<\/h3>\n<p>\u00cen echipamentele miniere, cilindrul bra\u021bului controleaz\u0103 mi\u0219carea bra\u021bului \u00een scopuri miniere \u0219i de transport al materialelor.<\/p>\n<h3>5. Logistic\u0103 \u0219i transport<\/h3>\n<p>\u00cen cazul stivuitoarelor \u0219i robo\u021bilor de manipulare, cilindrul bra\u021bului controleaz\u0103 ridicarea \u0219i mi\u0219carea furcilor, permi\u021b\u00e2nd manipularea \u0219i stivuirea materialelor.<\/p>\n<p><img decoding=\"async\" src=\"https:\/\/www.hydraulic-cylinders.net\/wp-content\/uploads\/2025\/01\/songte-cylinder-head-with-all-kinds-excavator-models.webp\"><\/p>\n<h2>Considera\u021bii de proiectare \u0219i criterii de selec\u021bie<\/h2>\n<p>Mai mul\u021bi factori sunt cruciali la proiectarea \u0219i selectarea cilindrilor bra\u021bului:<\/p>\n<ul>\n<li><strong>Capacitate portant\u0103:<\/strong> Cilindrul bra\u021bului trebuie s\u0103 fie proiectat pentru a suporta sarcinile preconizate \u00een timpul func\u021bion\u0103rii.<\/li>\n<li><strong>Etan\u0219are:<\/strong> Diverse componente de etan\u0219are, cum ar fi etan\u0219\u0103rile pistonului \u0219i etan\u0219\u0103rile tijei, sunt utilizate pentru a asigura o etan\u0219are eficient\u0103. Aceste etan\u0219\u0103ri sunt fabricate din materiale rezistente la uzur\u0103, cum ar fi poliuretanul \u0219i cauciucul nitrilic.<\/li>\n<li><strong>Durabilitate:<\/strong> Corpul cilindrului \u0219i capetele filetate sunt supuse unei prelucr\u0103ri fine pentru a spori rezisten\u021ba la uzur\u0103.<\/li>\n<li><strong>Siguran\u0163\u0103:<\/strong> Considera\u021biile de siguran\u021b\u0103 includ evitarea scurgerilor \u0219i asigurarea unor mecanisme de blocare adecvate.<\/li>\n<li><strong>Mentenabilitate:<\/strong> Lubrifierea regulat\u0103 cu ulei hidraulic este necesar\u0103 pentru a asigura o func\u021bionare lin\u0103, iar designul ar trebui s\u0103 faciliteze inspec\u021bia \u0219i \u00eentre\u021binerea.<\/li>\n<\/ul>\n<p><img decoding=\"async\" src=\"https:\/\/www.hydraulic-cylinders.net\/wp-content\/uploads\/2025\/01\/songte-chushion-collar.webp\"><\/p>\n<h2>\u00centre\u021binere \u0219i m\u0103suri preventive<\/h2>\n<p>Pentru a asigura performan\u021ba optim\u0103 \u0219i longevitatea cilindrului bra\u021bului, trebuie luate urm\u0103toarele m\u0103suri:<\/p>\n<ul>\n<li>Inspecta\u021bi periodic cilindrul pentru a depista orice semne de uzur\u0103, scurgeri sau deteriorare.<\/li>\n<li>Cur\u0103\u021ba\u021bi cilindrul \u0219i componentele acestuia pentru a \u00eendep\u0103rta murd\u0103ria \u0219i resturile.<\/li>\n<li>Unge\u021bi periodic cilindrul cu uleiul hidraulic recomandat.<\/li>\n<li>\u00cenlocui\u021bi prompt garniturile uzate sau alte componente deteriorate.<\/li>\n<\/ul>\n<h2>Ghid de instalare<\/h2>\n<p>Urma\u021bi ace\u0219ti pa\u0219i pentru a instala corect cilindrul bra\u021bului:<\/p>\n<ol>\n<li>Asigura\u021bi-v\u0103 c\u0103 utilajul este oprit \u0219i c\u0103 sistemul hidraulic este depresurizat.<\/li>\n<li>Deta\u0219a\u021bi cilindrul vechi, dac\u0103 este cazul, prin sl\u0103birea \u0219uruburilor de montare \u0219i deconectarea oric\u0103ror conexiuni hidraulice.<\/li>\n<li>Pozi\u021biona\u021bi noul cilindru al bra\u021bului \u00een pozi\u021bie \u0219i alinia\u021bi-l cu punctele de montare.<\/li>\n<li>Str\u00e2nge\u021bi bine \u0219uruburile de montare.<\/li>\n<li>Reconecta\u021bi conductele hidraulice, asigur\u00e2nd o etan\u0219are corespunz\u0103toare.<\/li>\n<li>Testa\u021bi func\u021bionalitatea cilindrului \u00eenainte de a relua func\u021bionarea normal\u0103.<\/li>\n<\/ol>\n<p><img decoding=\"async\" src=\"https:\/\/www.hydraulic-cylinders.net\/wp-content\/uploads\/2025\/01\/songte-bushings-with-all-kinds-of-excavator-models.webp\"><\/p>\n<h2>Considera\u021bii de siguran\u021b\u0103 \u0219i factori de mediu<\/h2>\n<p>Atunci c\u00e2nd se lucreaz\u0103 cu cilindri de bra\u021b, este esen\u021bial s\u0103 se acorde prioritate m\u0103surilor de siguran\u021b\u0103. Trebuie implementate m\u0103suri de siguran\u021b\u0103 adecvate pentru a preveni accidentele \u0219i a asigura bun\u0103starea personalului \u0219i a echipamentelor. Factorii de mediu, cum ar fi temperatura \u0219i expunerea la substan\u021be chimice, trebuie, de asemenea, lua\u021bi \u00een considerare pentru a men\u021bine performan\u021ba \u0219i longevitatea cilindrului.<\/p>\n<h2>Depanare \u0219i probleme frecvente<\/h2>\n<p>C\u00e2nd \u00eent\u00e2mpina\u021bi probleme cu cilindrul bra\u021bului, urm\u0103torii pa\u0219i de depanare v\u0103 pot ajuta s\u0103 diagnostica\u021bi \u0219i s\u0103 rezolva\u021bi problemele:<\/p>\n<ul>\n<li>Problem\u0103: Scurgere<br \/>Rezolu\u021bie: Verifica\u021bi \u0219i \u00eenlocui\u021bi garniturile deteriorate sau str\u00e2nge\u021bi conexiunile.<\/li>\n<li>Problem\u0103: Mi\u0219care insuficient\u0103 sau sacadat\u0103<br \/>Rezolu\u021bie: Verifica\u021bi nivelurile fluidului hidraulic, cur\u0103\u021ba\u021bi sau \u00eenlocui\u021bi filtrele \u0219i inspecta\u021bi dac\u0103 exist\u0103 blocaje \u00een sistemul hidraulic.<\/li>\n<li>Problem\u0103: Zgomot sau vibra\u021bii anormale<br \/>Rezolu\u021bie: Verifica\u021bi dac\u0103 exist\u0103 componente sl\u0103bite sau uzate, rulmen\u021bi deteriora\u021bi sau nealiniere.<\/li>\n<\/ul>\n<p>M\u0103surile preventive, cum ar fi \u00eentre\u021binerea regulat\u0103 \u0219i respectarea procedurilor de operare recomandate, pot reduce la minimum poten\u021bialele probleme \u0219i pot asigura performan\u021ba optim\u0103 a cilindrului.<\/p>\n<p><img decoding=\"async\" src=\"https:\/\/www.hydraulic-cylinders.net\/wp-content\/uploads\/2025\/01\/songte-chushion-collar.webp\"><\/p>\n<h2>Despre compania noastr\u0103<\/h2>\n<p>Suntem un produc\u0103tor profesionist de cilindri hidraulici de schimb, oferind o gam\u0103 larg\u0103 de produse. Am devenit unul dintre principalii produc\u0103tori \u0219i distribuitori angro de cilindri hidraulici pe pie\u021bele interne \u0219i interna\u021bionale. Angajamentul nostru fa\u021b\u0103 de excelen\u021ba \u00een calitate este evident \u00een strategia noastr\u0103 industrializat\u0103 de management al produc\u021biei \u0219i \u00een \u00eembun\u0103t\u0103\u021birile continue ale tehnologiei \u0219i productivit\u0103\u021bii. Prin introducerea de echipamente digitale avansate de fabrica\u021bie \u0219i sisteme profesionale de testare, optimiz\u0103m platforma noastr\u0103 de fabrica\u021bie \u0219i \u00eembun\u0103t\u0103\u021bim procesele de control al calit\u0103\u021bii produselor, demonstr\u00e2nd capacit\u0103\u021bi puternice de inovare. Scopul nostru este de a satisface nevoile diverse ale clien\u021bilor cu principii de eficien\u021b\u0103, precizie \u0219i \u00eenalt\u0103 calitate.<\/p>\n<p><img decoding=\"async\" src=\"https:\/\/www.hydraulic-cylinders.net\/wp-content\/uploads\/2025\/01\/songte-company-4.webp\"><br \/>\n<img decoding=\"async\" src=\"https:\/\/www.hydraulic-cylinders.net\/wp-content\/uploads\/2025\/01\/songte-company-3.webp\"><\/p>\n<p>Autor: lyl<\/p>","protected":false},"excerpt":{"rendered":"<p>Arm Cylinder For Atlas 3608LC Introduction The arm cylinder is a specially designed hydraulic cylinder that provides linear motion and power to the arm of various machinery, such as excavators, cranes, and mechanical arms. It plays a crucial role in hydraulic systems, allowing attachments or accessories to move and be controlled effectively. These cylinders not [&hellip;]<\/p>","protected":false},"featured_media":14779,"comment_status":"open","ping_status":"closed","template":"","meta":{"_et_pb_use_builder":"","_et_pb_old_content":"","_et_gb_content_width":""},"product_brand":[],"product_cat":[1497],"product_tag":[1498,1496],"class_list":{"0":"post-16850","1":"product","2":"type-product","3":"status-publish","4":"has-post-thumbnail","6":"product_cat-arm-cylinders","7":"product_tag-arm-cylinders","8":"product_tag-hydraulic-cylinders","10":"first","11":"instock","12":"shipping-taxable","13":"product-type-simple"},"amp_enabled":true,"_links":{"self":[{"href":"https:\/\/www.hydraulic-cylinders.net\/ro\/wp-json\/wp\/v2\/product\/16850","targetHints":{"allow":["GET"]}}],"collection":[{"href":"https:\/\/www.hydraulic-cylinders.net\/ro\/wp-json\/wp\/v2\/product"}],"about":[{"href":"https:\/\/www.hydraulic-cylinders.net\/ro\/wp-json\/wp\/v2\/types\/product"}],"replies":[{"embeddable":true,"href":"https:\/\/www.hydraulic-cylinders.net\/ro\/wp-json\/wp\/v2\/comments?post=16850"}],"wp:featuredmedia":[{"embeddable":true,"href":"https:\/\/www.hydraulic-cylinders.net\/ro\/wp-json\/wp\/v2\/media\/14779"}],"wp:attachment":[{"href":"https:\/\/www.hydraulic-cylinders.net\/ro\/wp-json\/wp\/v2\/media?parent=16850"}],"wp:term":[{"taxonomy":"product_brand","embeddable":true,"href":"https:\/\/www.hydraulic-cylinders.net\/ro\/wp-json\/wp\/v2\/product_brand?post=16850"},{"taxonomy":"product_cat","embeddable":true,"href":"https:\/\/www.hydraulic-cylinders.net\/ro\/wp-json\/wp\/v2\/product_cat?post=16850"},{"taxonomy":"product_tag","embeddable":true,"href":"https:\/\/www.hydraulic-cylinders.net\/ro\/wp-json\/wp\/v2\/product_tag?post=16850"}],"curies":[{"name":"wp","href":"https:\/\/api.w.org\/{rel}","templated":true}]}}