{"id":16851,"date":"2025-01-21T06:08:03","date_gmt":"2025-01-21T06:08:03","guid":{"rendered":"https:\/\/www.hydraulic-cylinders.net\/product\/arm-cylinder-for-atlas-7008lc\/"},"modified":"2025-01-21T06:08:05","modified_gmt":"2025-01-21T06:08:05","slug":"arm-cylinder-for-atlas-7008lc","status":"publish","type":"product","link":"https:\/\/www.hydraulic-cylinders.net\/ro\/produs\/arm-cylinder-for-atlas-7008lc\/","title":{"rendered":"Cilindru de bra\u021b pentru Atlas 7008LC"},"content":{"rendered":"<h2>Cilindru de bra\u021b pentru Atlas 7008LC<\/h2>\n<h3>Introducere<\/h3>\n<p>Un cilindru de bra\u021b este un cilindru hidraulic special conceput, utilizat \u00een principal pentru a oferi mi\u0219care liniar\u0103 \u0219i putere bra\u021belor diferitelor tipuri de utilaje, cum ar fi excavatoare, macarale \u0219i bra\u021be robotizate. Cilindrii de bra\u021b joac\u0103 un rol esen\u021bial \u00een sistemele hidraulice, permi\u021b\u00e2nd mi\u0219carea \u0219i controlul eficient al uneltelor sau ata\u0219amentelor suplimentare. Ace\u0219ti cilindri nu numai c\u0103 pot oferi o mi\u0219care lin\u0103, dar pot rezista \u0219i la sarcini grele, asigur\u00e2nd func\u021bionarea eficient\u0103 \u0219i fiabilitatea utilajelor \u00een diverse condi\u021bii de func\u021bionare.<\/p>\n<p><img decoding=\"async\" src=\"https:\/\/www.hydraulic-cylinders.net\/wp-content\/uploads\/2025\/01\/songte-company-2.webp\"><\/p>\n<h3>Caracteristici ale produsului<\/h3>\n<ul>\n<li>Transmisie eficient\u0103 a puterii: Cilindrii bra\u021bului ofer\u0103 o mi\u0219care liniar\u0103 puternic\u0103 \u0219i o for\u021b\u0103 puternic\u0103, asigur\u00e2nd performan\u021be ridicate ale bra\u021bului mecanic \u00een timpul diferitelor opera\u021biuni.<\/li>\n<li>Control precis: Prin intermediul sistemului hidraulic, cilindrii bra\u021bului pot realiza un control precis al mi\u0219c\u0103rii, ceea ce face ca operarea uneltelor suplimentare s\u0103 fie mai flexibil\u0103 \u0219i mai precis\u0103.<\/li>\n<li>Durabilitate mare: Cilindrii bra\u021bului sunt de obicei fabrica\u021bi din materiale de \u00eenalt\u0103 rezisten\u021b\u0103, cu o bun\u0103 rezisten\u021b\u0103 la uzur\u0103 \u0219i la coroziune, ceea ce \u00eei face potrivi\u021bi pentru utilizarea pe termen lung \u00een medii dure.<\/li>\n<li>Adaptabilitate multifunc\u021bional\u0103: Ace\u0219ti cilindri pot fi utiliza\u021bi pe scar\u0103 larg\u0103 \u00een diverse echipamente mecanice, cum ar fi excavatoare, macarale \u0219i bra\u021be robotizate, adapt\u00e2ndu-se la diferite cerin\u021be de lucru.<\/li>\n<li>\u00centre\u021binere u\u0219oar\u0103: Concepu\u021bi pentru \u00eentre\u021binere \u0219i \u00eenlocuire u\u0219oar\u0103, cilindrii bra\u021bului fac inspec\u021bia \u0219i \u00eentre\u021binerea regulat\u0103 mai convenabil\u0103, reduc\u00e2nd timpul de nefunc\u021bionare a echipamentelor.<\/li>\n<\/ul>\n<p>Putem produce acest produs, iar produsele noastre pot \u00eenlocui perfect ace\u0219ti cilindri hidraulici.<\/p>\n<p><img decoding=\"async\" src=\"https:\/\/www.hydraulic-cylinders.net\/wp-content\/uploads\/2025\/01\/songte-oil-pipes-and-spare-parts.webp\"><\/p>\n<h3>Scenarii de aplica\u021bii<\/h3>\n<p>Cilindrii cu bra\u021b sunt utiliza\u021bi \u00een diverse industrii, inclusiv:<\/p>\n<ul>\n<li>Construc\u021bii: \u00cen excavatoare \u0219i macarale, cilindrii bra\u021bului sunt utiliza\u021bi pentru a controla mi\u0219carea cupelor sau a bra\u021belor pentru lucr\u0103ri de terasament, manipularea materialelor \u0219i instalarea structural\u0103.<\/li>\n<li>Fabrica\u021bie: \u00cen liniile de produc\u021bie automatizate, cilindrii bra\u021bului sunt utiliza\u021bi pentru mi\u0219carea bra\u021belor robotizate pentru asamblare, sudare \u0219i manipulare, \u00eembun\u0103t\u0103\u021bind eficien\u021ba \u0219i precizia produc\u021biei.<\/li>\n<li>Ma\u0219ini agricole: \u00cen cazul ma\u0219inilor agricole, cum ar fi combinele de recoltat \u0219i sem\u0103n\u0103toarele, cilindrii bra\u021bului controleaz\u0103 mi\u0219carea bra\u021belor de operare \u0219i \u00eendeplinesc sarcini precum plantarea, fertilizarea \u0219i recoltarea.<\/li>\n<li>Minerit: \u00cen echipamentele miniere, cilindrii bra\u021bului sunt utiliza\u021bi pentru a controla mi\u0219carea bra\u021belor echipamentelor miniere pentru minerit \u0219i manipularea materialelor.<\/li>\n<li>Logistic\u0103 \u0219i transport: \u00cen cazul stivuitoarelor \u0219i robo\u021bilor de manipulare, cilindrii bra\u021bului sunt utiliza\u021bi pentru a controla ridicarea \u0219i mi\u0219carea furcilor pentru transportul \u0219i stivuirea materialelor.<\/li>\n<\/ul>\n<h3>Considera\u021bii de proiectare \u0219i standarde de selec\u021bie<\/h3>\n<p>La proiectarea cilindrilor bra\u021bului, se iau \u00een considerare mai mul\u021bi factori, printre care:<\/p>\n<ul>\n<li>Capacitate portant\u0103: Cilindrul trebuie proiectat s\u0103 reziste la sarcini \u0219i for\u021be mari.<\/li>\n<li>Etan\u0219are: Pentru a asigura o etan\u0219are eficient\u0103 \u0219i fiabil\u0103, trebuie utilizate diverse elemente de etan\u0219are, cum ar fi etan\u0219\u0103rile pistonului \u0219i etan\u0219\u0103rile tijei.<\/li>\n<li>Durabilitate: Cilindrii bra\u021bului trebuie s\u0103 fie fabrica\u021bi din materiale de \u00eenalt\u0103 rezisten\u021b\u0103 \u0219i s\u0103 fie supu\u0219i unui tratament de suprafa\u021b\u0103 pentru a \u00eembun\u0103t\u0103\u021bi rezisten\u021ba la uzur\u0103 \u0219i la coroziune.<\/li>\n<li>Siguran\u021b\u0103: Proiectarea cilindrilor bra\u021bului trebuie s\u0103 ia \u00een considerare factori de siguran\u021b\u0103, cum ar fi protec\u021bia la suprasarcin\u0103 \u0219i supapele de siguran\u021b\u0103.<\/li>\n<li>\u00centre\u021binere: Cilindrii bra\u021bului trebuie proiecta\u021bi pentru \u00eentre\u021binere \u0219i \u00eenlocuire u\u0219oar\u0103 a pieselor, pentru a reduce timpul de nefunc\u021bionare a echipamentelor.<\/li>\n<\/ul>\n<p><img decoding=\"async\" src=\"https:\/\/www.hydraulic-cylinders.net\/wp-content\/uploads\/2025\/01\/songte-cylinder-head-with-all-kinds-excavator-models.webp\"><\/p>\n<h3>Etan\u0219are \u0219i lubrifiere<\/h3>\n<p>Cilindrii cu bra\u021b utilizeaz\u0103 diverse elemente de etan\u0219are, cum ar fi etan\u0219\u0103ri de piston \u0219i etan\u0219\u0103ri de tij\u0103, fabricate din materiale rezistente la uzur\u0103, precum poliuretanul \u0219i cauciucul nitrilic. Corpul cilindrului \u0219i suprafa\u021ba filetat\u0103 a cap\u0103tului sunt supuse unor prelucr\u0103ri fine pentru a \u00eembun\u0103t\u0103\u021bi rezisten\u021ba la uzur\u0103. Ad\u0103ugarea regulat\u0103 de ulei hidraulic adecvat este necesar\u0103 pentru a lubrifia \u0219i a men\u021bine o func\u021bionare eficient\u0103 a cilindrului.<\/p>\n<h3>\u00centre\u021binere \u0219i m\u0103suri preventive<\/h3>\n<ul>\n<li>Se recomand\u0103 inspec\u021bia \u0219i \u00eentre\u021binerea regulat\u0103 a cilindrilor bra\u021bului pentru a asigura performan\u021be optime \u0219i o durat\u0103 de via\u021b\u0103 extins\u0103.<\/li>\n<li>M\u0103surile preventive pot ajuta la minimizarea problemelor poten\u021biale, cum ar fi men\u021binerea cur\u0103\u021beniei sistemului hidraulic \u0219i \u00eenlocuirea prompt\u0103 a pieselor deteriorate.<\/li>\n<\/ul>\n<h3>Ghid de instalare a produsului<\/h3>\n<p>\u00cenainte de instalare, se recomand\u0103 cur\u0103\u021barea suprafe\u021bei de montare \u0219i asigurarea c\u0103 sistemul hidraulic nu con\u021bine corpuri str\u0103ine. Apoi, alinia\u021bi g\u0103urile de montare \u0219i str\u00e2nge\u021bi \u0219uruburile conform cuplului recomandat. \u00cen final, verifica\u021bi func\u021bionarea cilindrului pentru a asigura o instalare corect\u0103.<\/p>\n<p><img decoding=\"async\" src=\"https:\/\/www.hydraulic-cylinders.net\/wp-content\/uploads\/2025\/01\/songte-bushings-with-all-kinds-of-excavator-models.webp\"><\/p>\n<h3>Considera\u021bii de siguran\u021b\u0103 \u0219i factori de mediu<\/h3>\n<p>Atunci c\u00e2nd se utilizeaz\u0103 cilindri de bra\u021b, este esen\u021bial s\u0103 se respecte procedurile de siguran\u021b\u0103, cum ar fi asigurarea stabilit\u0103\u021bii \u0219i siguran\u021bei echipamentului \u00een timpul func\u021bion\u0103rii. Factorii de mediu precum temperatura \u0219i umiditatea pot afecta performan\u021ba cilindrilor de bra\u021b; prin urmare, este esen\u021bial s\u0103 se ia \u00een considerare mediul de operare atunci c\u00e2nd se selecteaz\u0103 \u0219i se utilizeaz\u0103 cilindrii de bra\u021b.<\/p>\n<h3>Depanare \u0219i probleme frecvente<\/h3>\n<p>Problemele frecvente ale cilindrului bra\u021bului includ scurgeri, putere insuficient\u0103 \u0219i zgomot anormal. Pentru a diagnostica \u0219i rezolva aceste probleme, pute\u021bi efectua o inspec\u021bie vizual\u0103, verifica sistemul hidraulic \u0219i \u00eenlocui piesele deteriorate, dup\u0103 cum este necesar. \u00centre\u021binerea \u0219i inspec\u021bia regulat\u0103 pot ajuta la prevenirea apari\u021biei acestor probleme.<\/p>\n<p><img decoding=\"async\" src=\"https:\/\/www.hydraulic-cylinders.net\/wp-content\/uploads\/2025\/01\/songte-chushion-collar.webp\"><\/p>\n<h3>Despre noi<\/h3>\n<p>Suntem un produc\u0103tor profesionist de cilindri hidraulici de schimb \u0219i am devenit unul dintre principalii produc\u0103tori \u0219i distribuitori angro de cilindri hidraulici \u00een \u021bar\u0103 \u0219i \u00een str\u0103in\u0103tate. Respect\u0103m \u00eentotdeauna principiul calit\u0103\u021bii excelente \u0219i ne baz\u0103m pe strategia industrializat\u0103 de management al produc\u021biei, bazat\u0103 pe un atelier de fabrica\u021bie rafinat, pentru a ne \u00eembun\u0103t\u0103\u021bi continuu nivelul tehnic \u0219i eficien\u021ba produc\u021biei. Cu principii de eficien\u021b\u0103 ridicat\u0103, precizie \u0219i calitate \u00eenalt\u0103, ne propunem s\u0103 satisfacem nevoile diverse ale clien\u021bilor.<\/p>\n<p>Oferim servicii profesionale, personalizate, iar echipamentele noastre de produc\u021bie sunt avansate \u0219i certificate interna\u021bional. Scopul nostru este de a oferi clien\u021bilor no\u0219tri produse de \u00eenalt\u0103 calitate \u0219i servicii post-v\u00e2nzare excelente.<\/p>\n<p><img decoding=\"async\" src=\"https:\/\/www.hydraulic-cylinders.net\/wp-content\/uploads\/2025\/01\/songte-company-4.webp\"><\/p>\n<p><img decoding=\"async\" src=\"https:\/\/www.hydraulic-cylinders.net\/wp-content\/uploads\/2025\/01\/songte-company-3.webp\"><\/p>\n<p>Autor: lyl<\/p>","protected":false},"excerpt":{"rendered":"<p>Arm Cylinder For Atlas 7008LC Introduction An arm cylinder is a specially designed hydraulic cylinder primarily used to provide linear motion and power to the arms of various types of machinery such as excavators, cranes, and robotic arms. Arm cylinders play a critical role in hydraulic systems, enabling the effective movement and control of additional [&hellip;]<\/p>","protected":false},"featured_media":14777,"comment_status":"open","ping_status":"closed","template":"","meta":{"_et_pb_use_builder":"","_et_pb_old_content":"","_et_gb_content_width":""},"product_brand":[],"product_cat":[1497],"product_tag":[1498,1496],"class_list":{"0":"post-16851","1":"product","2":"type-product","3":"status-publish","4":"has-post-thumbnail","6":"product_cat-arm-cylinders","7":"product_tag-arm-cylinders","8":"product_tag-hydraulic-cylinders","10":"first","11":"instock","12":"shipping-taxable","13":"product-type-simple"},"amp_enabled":true,"_links":{"self":[{"href":"https:\/\/www.hydraulic-cylinders.net\/ro\/wp-json\/wp\/v2\/product\/16851","targetHints":{"allow":["GET"]}}],"collection":[{"href":"https:\/\/www.hydraulic-cylinders.net\/ro\/wp-json\/wp\/v2\/product"}],"about":[{"href":"https:\/\/www.hydraulic-cylinders.net\/ro\/wp-json\/wp\/v2\/types\/product"}],"replies":[{"embeddable":true,"href":"https:\/\/www.hydraulic-cylinders.net\/ro\/wp-json\/wp\/v2\/comments?post=16851"}],"wp:featuredmedia":[{"embeddable":true,"href":"https:\/\/www.hydraulic-cylinders.net\/ro\/wp-json\/wp\/v2\/media\/14777"}],"wp:attachment":[{"href":"https:\/\/www.hydraulic-cylinders.net\/ro\/wp-json\/wp\/v2\/media?parent=16851"}],"wp:term":[{"taxonomy":"product_brand","embeddable":true,"href":"https:\/\/www.hydraulic-cylinders.net\/ro\/wp-json\/wp\/v2\/product_brand?post=16851"},{"taxonomy":"product_cat","embeddable":true,"href":"https:\/\/www.hydraulic-cylinders.net\/ro\/wp-json\/wp\/v2\/product_cat?post=16851"},{"taxonomy":"product_tag","embeddable":true,"href":"https:\/\/www.hydraulic-cylinders.net\/ro\/wp-json\/wp\/v2\/product_tag?post=16851"}],"curies":[{"name":"wp","href":"https:\/\/api.w.org\/{rel}","templated":true}]}}