{"id":16855,"date":"2025-01-21T06:08:18","date_gmt":"2025-01-21T06:08:18","guid":{"rendered":"https:\/\/www.hydraulic-cylinders.net\/product\/arm-cylinder-for-bonny-ce750-8\/"},"modified":"2025-01-21T06:08:20","modified_gmt":"2025-01-21T06:08:20","slug":"arm-cylinder-for-bonny-ce750-8","status":"publish","type":"product","link":"https:\/\/www.hydraulic-cylinders.net\/ro\/produs\/arm-cylinder-for-bonny-ce750-8\/","title":{"rendered":"Cilindru de bra\u021b pentru Bonny CE750-8"},"content":{"rendered":"<h1>Cilindru de bra\u021b pentru Bonny CE750-8<\/h1>\n<h2>Introducere<\/h2>\n<p>Un cilindru de bra\u021b este un cilindru hidraulic special conceput, utilizat \u00een principal pentru a oferi mi\u0219care liniar\u0103 \u0219i putere diverselor bra\u021be de utilaje, cum ar fi excavatoarele, macaralele \u0219i bra\u021bele robotizate. Cilindrul de bra\u021b joac\u0103 un rol crucial \u00een sistemele hidraulice, permi\u021b\u00e2nd mi\u0219carea \u0219i controlul eficient al uneltelor sau ata\u0219amentelor suplimentare. Ace\u0219ti cilindri nu numai c\u0103 ofer\u0103 o mi\u0219care lin\u0103, dar rezist\u0103 \u0219i la sarcini grele, asigur\u00e2nd func\u021bionarea eficient\u0103 \u0219i fiabilitatea utilajelor \u00een diverse condi\u021bii de lucru.<\/p>\n<p><img decoding=\"async\" src=\"https:\/\/www.hydraulic-cylinders.net\/wp-content\/uploads\/2025\/01\/songte-company-2.webp\" alt=\"Imaginea cilindrului bra\u021bului\"><\/p>\n<h2>Caracteristici ale produsului<\/h2>\n<h3>1. Transmisie de \u00eenalt\u0103 eficien\u021b\u0103<\/h3>\n<p>Cilindrul bra\u021bului poate oferi o mi\u0219care liniar\u0103 puternic\u0103 \u0219i o for\u021b\u0103, asigur\u00e2nd performan\u021be de \u00eenalt\u0103 eficien\u021b\u0103 ale bra\u021bului robotic \u00een diverse opera\u021biuni.<\/p>\n<h3>2. Control precis<\/h3>\n<p>Prin intermediul sistemelor hidraulice, cilindrul bra\u021bului poate realiza un control precis al mi\u0219c\u0103rii, f\u0103c\u00e2nd operarea uneltelor suplimentare mai flexibil\u0103 \u0219i precis\u0103.<\/p>\n<h3>3. Durabilitate puternic\u0103<\/h3>\n<p>Cilindrul bra\u021bului este de obicei fabricat din materiale de \u00eenalt\u0103 rezisten\u021b\u0103, care au o bun\u0103 rezisten\u021b\u0103 la uzur\u0103 \u0219i la coroziune, ceea ce \u00eel face potrivit pentru utilizarea pe termen lung \u00een medii dure.<\/p>\n<h3>4. Adaptabilitate versatil\u0103<\/h3>\n<p>Ace\u0219ti cilindri pot fi utiliza\u021bi pe scar\u0103 larg\u0103 \u00een diverse echipamente mecanice, cum ar fi excavatoare, macarale \u0219i bra\u021be robotizate, pentru a satisface diferite cerin\u021be de lucru.<\/p>\n<h3>5. \u00centre\u021binere u\u0219oar\u0103<\/h3>\n<p>Designul ia \u00een considerare \u00eentre\u021binerea \u0219i \u00eenlocuirea u\u0219oar\u0103, ceea ce face ca inspec\u021biile \u0219i \u00eentre\u021binerea regulat\u0103 s\u0103 fie mai convenabile \u0219i reduce timpul de nefunc\u021bionare a echipamentelor.<\/p>\n<p>Putem produce acest produs \u0219i poate \u00eenlocui perfect ace\u0219ti cilindri hidraulici.<\/p>\n<p><img decoding=\"async\" src=\"https:\/\/www.hydraulic-cylinders.net\/wp-content\/uploads\/2025\/01\/songte-oil-pipes-and-spare-parts.webp\" alt=\"Imaginea produsului\"><\/p>\n<h2>Aplicarea produsului<\/h2>\n<h3>1. Inginerie de construc\u021bii<\/h3>\n<p>\u00cen excavatoare \u0219i macarale, cilindrul bra\u021bului este utilizat pentru a controla mi\u0219carea cupei sau a bra\u021bului pentru lucr\u0103ri de terasament, manipularea materialelor \u0219i instalarea structural\u0103.<\/p>\n<h3>2. Industria prelucr\u0103toare<\/h3>\n<p>\u00cen liniile de produc\u021bie automatizate, cilindrul bra\u021bului este utilizat pentru mi\u0219carea bra\u021belor robotizate \u00een procesele de asamblare, sudare \u0219i manipulare, \u00eembun\u0103t\u0103\u021bind eficien\u021ba \u0219i precizia produc\u021biei.<\/p>\n<h3>3. Ma\u0219ini agricole<\/h3>\n<p>\u00cen utilajele agricole, cum ar fi combinele de recoltat \u0219i sem\u0103n\u0103toarele, cilindrul bra\u021bului controleaz\u0103 mi\u0219carea bra\u021bului de operare pentru a efectua sarcini precum sem\u0103natul, fertilizarea \u0219i recoltarea.<\/p>\n<h3>4. Minerit<\/h3>\n<p>\u00cen echipamentele miniere, cilindrul bra\u021bului este utilizat pentru a controla mi\u0219carea bra\u021belor echipamentelor miniere pentru extrac\u021bia \u0219i manipularea minereului.<\/p>\n<h3>5. Logistic\u0103 \u0219i transport<\/h3>\n<p>La stivuitoarele \u0219i robo\u021bii de manipulare, cilindrul bra\u021bului este utilizat pentru a controla ridicarea \u0219i mi\u0219carea furcilor, realiz\u00e2nd manipularea \u0219i stivuirea materialelor.<\/p>\n<h2>Considera\u021bii de proiectare \u0219i criterii de selec\u021bie<\/h2>\n<h3>1. Capacitate de \u00eenc\u0103rcare<\/h3>\n<p>Capacitatea de \u00eenc\u0103rcare a cilindrului bra\u021bului este un factor important \u00een alegerea cilindrului potrivit pentru utilaj. Cilindrul trebuie s\u0103 poat\u0103 suporta sarcina maxim\u0103 a\u0219teptat\u0103 f\u0103r\u0103 defec\u021biuni.<\/p>\n<h3>2. Performan\u021ba de etan\u0219are<\/h3>\n<p>Performan\u021ba de etan\u0219are este esen\u021bial\u0103 pentru a preveni scurgerile \u0219i a asigura fiabilitatea sistemului hidraulic.<\/p>\n<h3>3. Durabilitate<\/h3>\n<p>Alegerea materialelor \u0219i procesul de fabrica\u021bie ar trebui s\u0103 asigure c\u0103 cilindrul bra\u021bului are o bun\u0103 rezisten\u021b\u0103 la uzur\u0103, rezisten\u021b\u0103 la coroziune \u0219i o durat\u0103 lung\u0103 de via\u021b\u0103.<\/p>\n<h3>4. Siguran\u021b\u0103<\/h3>\n<p>Proiectarea cilindrului bra\u021bului trebuie s\u0103 ia \u00een considerare factorii de siguran\u021b\u0103, cum ar fi prevenirea defec\u021biunii cilindrului sau a exploziei \u00een timpul func\u021bion\u0103rii, pentru a asigura siguran\u021ba personalului \u0219i a echipamentelor.<\/p>\n<h3>5. Mentenabilitate<\/h3>\n<p>Proiectarea ar trebui s\u0103 ia \u00een considerare \u00eentre\u021binerea \u0219i \u00eenlocuirea u\u0219oar\u0103 pentru a reduce timpul de repara\u021bii \u0219i timpul de nefunc\u021bionare a echipamentelor.<\/p>\n<p><img decoding=\"async\" src=\"https:\/\/www.hydraulic-cylinders.net\/wp-content\/uploads\/2025\/01\/songte-cylinder-head-with-all-kinds-excavator-models.webp\" alt=\"Imagine de design\"><\/p>\n<h2>Etan\u0219are \u0219i lubrifiere<\/h2>\n<p>Cilindrul bra\u021bului utilizeaz\u0103 diverse garnituri, cum ar fi garnituri de piston \u0219i garnituri de tij\u0103, fabricate din materiale rezistente la uzur\u0103, cum ar fi poliuretanul \u0219i cauciucul nitrilic. Corpul cilindrului \u0219i suprafa\u021ba cap\u0103tului filetat sunt prelucrate fin pentru a \u00eembun\u0103t\u0103\u021bi rezisten\u021ba la uzur\u0103. Ad\u0103ugarea regulat\u0103 de ulei hidraulic adecvat este necesar\u0103 pentru lubrifiere \u0219i pentru a men\u021bine performan\u021ba cilindrului.<\/p>\n<h2>\u00centre\u021binere preventiv\u0103<\/h2>\n<h3>1. Verifica\u021bi periodic cilindrul pentru uzur\u0103 sau deterior\u0103ri.<\/h3>\n<h3>2. \u00cenlocui\u021bi garniturile dac\u0103 exist\u0103 semne de deteriorare sau uzur\u0103.<\/h3>\n<h3>3. Cur\u0103\u021ba\u021bi \u0219i \u00eenlocui\u021bi regulat uleiul hidraulic pentru a men\u021bine performan\u021ba.<\/h3>\n<h3>4. Asigura\u021bi montarea \u0219i alinierea corect\u0103 a cilindrului.<\/h3>\n<h3>5. Str\u00e2nge\u021bi regulat toate \u0219uruburile de montare \u0219i verifica\u021bi dac\u0103 sunt sl\u0103bite.<\/h3>\n<p><img decoding=\"async\" src=\"https:\/\/www.hydraulic-cylinders.net\/wp-content\/uploads\/2025\/01\/songte-chushion-collar.webp\" alt=\"Imagine de \u00eentre\u021binere\"><\/p>\n<h2>Ghid de instalare<\/h2>\n<p>1. Asigura\u021bi-v\u0103 c\u0103 suprafa\u021ba de montare este curat\u0103 \u0219i f\u0103r\u0103 resturi.<\/p>\n<p>2. Alinia\u021bi orificiile de montare ale cilindrului \u0219i ale bra\u021bului ma\u0219inii.<\/p>\n<p>3. Instala\u021bi cilindrul folosind \u0219uruburile \u0219i piuli\u021bele corespunz\u0103toare.<\/p>\n<p>4. Str\u00e2nge\u021bi \u0219uruburile la cuplul specificat.<\/p>\n<p>5. Testa\u021bi func\u021bionarea cilindrului \u00eenainte de utilizare.<\/p>\n<p><img decoding=\"async\" src=\"https:\/\/www.hydraulic-cylinders.net\/wp-content\/uploads\/2025\/01\/songte-bushings-with-all-kinds-of-excavator-models.webp\" alt=\"Imagine de instalare\"><\/p>\n<h2>Considera\u021bii de siguran\u021b\u0103 \u0219i factori de mediu<\/h2>\n<p>La operarea utilajelor cu cilindri cu bra\u021b trebuie luate m\u0103suri de siguran\u021b\u0103. Presiunea \u0219i capacitatea de \u00eenc\u0103rcare trebuie respectate cu stricte\u021be pentru a preveni accidentele. De asemenea, trebuie lua\u021bi \u00een considerare factorii de mediu, cum ar fi temperatura \u0219i umiditatea, pentru a asigura func\u021bionarea corect\u0103 a cilindrului.<\/p>\n<h2>Depanare \u0219i probleme frecvente<\/h2>\n<h3>1. Scurgere din cilindru<\/h3>\n<p>Printre cauzele posibile se num\u0103r\u0103 garniturile deteriorate sau un cilindru instalat necorespunz\u0103tor. \u00cenlocui\u021bi garniturile \u0219i asigura\u021bi-v\u0103 c\u0103 sunt instalate corect.<\/p>\n<h3>2. Cilindrul nu efectueaz\u0103 o mi\u0219care liniar\u0103<\/h3>\n<p>Printre cauzele posibile se num\u0103r\u0103 un piston sau o tij\u0103 deteriorat\u0103 sau o lubrifiere insuficient\u0103. Verifica\u021bi \u0219i \u00eenlocui\u021bi piesele deteriorate \u0219i asigura\u021bi o lubrifiere corespunz\u0103toare.<\/p>\n<h3>3. Cilindrul nu se extinde sau nu se retrage complet<\/h3>\n<p>Printre cauzele posibile se num\u0103r\u0103 presiunea hidraulic\u0103 sc\u0103zut\u0103, garniturile deteriorate sau instalarea necorespunz\u0103toare. Verifica\u021bi \u0219i \u00eenlocui\u021bi piesele deteriorate \u0219i asigura\u021bi-v\u0103 c\u0103 presiunea hidraulic\u0103 \u0219i instalarea sunt corecte.<\/p>\n<p><img decoding=\"async\" src=\"https:\/\/www.hydraulic-cylinders.net\/wp-content\/uploads\/2025\/01\/songte-company-4.webp\" alt=\"Imaginea companiei\"><br \/>\n<img decoding=\"async\" src=\"https:\/\/www.hydraulic-cylinders.net\/wp-content\/uploads\/2025\/01\/songte-company-3.webp\" alt=\"Imaginea companiei\"><\/p>\n<p>\u00cen calitate de produc\u0103tor profesionist de cilindri hidraulici de schimb, oferim o gam\u0103 larg\u0103 de produse \u0219i am devenit unul dintre principalii produc\u0103tori \u0219i angrosi\u0219ti \u200b\u200bde cilindri hidraulici pe pie\u021bele interne \u0219i interna\u021bionale. Respect\u0103m \u00eentotdeauna principiul calit\u0103\u021bii excelente \u0219i ne baz\u0103m pe strategii industrializate de management al produc\u021biei \u00een atelierul nostru sofisticat de fabrica\u021bie pentru a ne \u00eembun\u0103t\u0103\u021bi continuu capacit\u0103\u021bile tehnice \u0219i eficien\u021ba produc\u021biei. Prin introducerea de echipamente digitale de fabrica\u021bie de ultim\u0103 genera\u021bie \u0219i sisteme profesionale de testare, optimiz\u0103m platforma noastr\u0103 de fabrica\u021bie, \u00eembun\u0103t\u0103\u021bim procesul de control al calit\u0103\u021bii produselor noastre \u0219i avem capacit\u0103\u021bi puternice de inovare. Scopul nostru este de a satisface nevoile diversificate ale clien\u021bilor cu principii de eficien\u021b\u0103 ridicat\u0103, precizie \u0219i calitate \u00eenalt\u0103.<\/p>\n<p>De asemenea, oferim servicii personalizate, de\u021binem certific\u0103ri recunoscute la nivel interna\u021bional \u0219i oferim echipamente de produc\u021bie avansate \u0219i servicii post-v\u00e2nzare excelente.<\/p>\n<p>Autor: lyl.<\/p>","protected":false},"excerpt":{"rendered":"<p>Arm Cylinder For Bonny CE750-8 Introduction An arm cylinder is a specially designed hydraulic cylinder that is primarily used to provide linear motion and power to various machinery arms, such as excavators, cranes, and robotic arms. The arm cylinder plays a crucial role in hydraulic systems, enabling the effective movement and control of additional tools [&hellip;]<\/p>","protected":false},"featured_media":14766,"comment_status":"open","ping_status":"closed","template":"","meta":{"_et_pb_use_builder":"","_et_pb_old_content":"","_et_gb_content_width":""},"product_brand":[],"product_cat":[1497],"product_tag":[1498,1496],"class_list":{"0":"post-16855","1":"product","2":"type-product","3":"status-publish","4":"has-post-thumbnail","6":"product_cat-arm-cylinders","7":"product_tag-arm-cylinders","8":"product_tag-hydraulic-cylinders","10":"first","11":"instock","12":"shipping-taxable","13":"product-type-simple"},"amp_enabled":true,"_links":{"self":[{"href":"https:\/\/www.hydraulic-cylinders.net\/ro\/wp-json\/wp\/v2\/product\/16855","targetHints":{"allow":["GET"]}}],"collection":[{"href":"https:\/\/www.hydraulic-cylinders.net\/ro\/wp-json\/wp\/v2\/product"}],"about":[{"href":"https:\/\/www.hydraulic-cylinders.net\/ro\/wp-json\/wp\/v2\/types\/product"}],"replies":[{"embeddable":true,"href":"https:\/\/www.hydraulic-cylinders.net\/ro\/wp-json\/wp\/v2\/comments?post=16855"}],"wp:featuredmedia":[{"embeddable":true,"href":"https:\/\/www.hydraulic-cylinders.net\/ro\/wp-json\/wp\/v2\/media\/14766"}],"wp:attachment":[{"href":"https:\/\/www.hydraulic-cylinders.net\/ro\/wp-json\/wp\/v2\/media?parent=16855"}],"wp:term":[{"taxonomy":"product_brand","embeddable":true,"href":"https:\/\/www.hydraulic-cylinders.net\/ro\/wp-json\/wp\/v2\/product_brand?post=16855"},{"taxonomy":"product_cat","embeddable":true,"href":"https:\/\/www.hydraulic-cylinders.net\/ro\/wp-json\/wp\/v2\/product_cat?post=16855"},{"taxonomy":"product_tag","embeddable":true,"href":"https:\/\/www.hydraulic-cylinders.net\/ro\/wp-json\/wp\/v2\/product_tag?post=16855"}],"curies":[{"name":"wp","href":"https:\/\/api.w.org\/{rel}","templated":true}]}}