{"id":16857,"date":"2025-01-21T06:08:26","date_gmt":"2025-01-21T06:08:26","guid":{"rendered":"https:\/\/www.hydraulic-cylinders.net\/product\/arm-cylinder-for-bonny-wzyq42-6\/"},"modified":"2025-01-21T06:08:28","modified_gmt":"2025-01-21T06:08:28","slug":"arm-cylinder-for-bonny-wzyq42-6","status":"publish","type":"product","link":"https:\/\/www.hydraulic-cylinders.net\/ro\/produs\/arm-cylinder-for-bonny-wzyq42-6\/","title":{"rendered":"Cilindru de bra\u021b pentru Bonny WZYQ42-6"},"content":{"rendered":"<h1>Cilindru de bra\u021b pentru Bonny WZYQ42-6<\/h1>\n<h2>Introducere<\/h2>\n<p>Un cilindru hidraulic este un cilindru hidraulic special conceput care ofer\u0103 mi\u0219care liniar\u0103 \u0219i putere bra\u021belor diferitelor tipuri de utilaje, cum ar fi excavatoare, macarale \u0219i bra\u021be mecanice. Ace\u0219ti cilindri joac\u0103 un rol crucial \u00een sistemele hidraulice, permi\u021b\u00e2nd mi\u0219carea \u0219i controlul eficient al ata\u0219amentelor sau accesoriilor. Ace\u0219ti cilindri nu numai c\u0103 realizeaz\u0103 o mi\u0219care lin\u0103, dar rezist\u0103 \u0219i la sarcini grele, asigur\u00e2nd func\u021bionarea eficient\u0103 \u0219i fiabilitatea utilajelor \u00een diverse condi\u021bii de func\u021bionare.<\/p>\n<p><img decoding=\"async\" src=\"https:\/\/www.hydraulic-cylinders.net\/wp-content\/uploads\/2025\/01\/songte-company-2.webp\" alt=\"cilindrul bra\u021bului\"><\/p>\n<h2>Caracteristici ale produsului<\/h2>\n<ul>\n<li>\n<h3>Transmisie eficient\u0103 a puterii<\/h3>\n<p>Un cilindru de bra\u021b poate oferi o mi\u0219care liniar\u0103 puternic\u0103 \u0219i o for\u021b\u0103, asigur\u00e2nd performan\u021be ridicate ale bra\u021belor mecanice \u00een diverse opera\u021biuni.<\/p>\n<\/li>\n<li>\n<h3>Control precis<\/h3>\n<p>Prin intermediul sistemului hidraulic, cilindrul bra\u021bului poate realiza un control precis al mi\u0219c\u0103rii, f\u0103c\u00e2nd func\u021bionarea uneltelor ata\u0219ate mai flexibil\u0103 \u0219i precis\u0103.<\/p>\n<\/li>\n<li>\n<h3>Durabilitate puternic\u0103<\/h3>\n<p>Cilindrii bra\u021bului sunt de obicei fabrica\u021bi din materiale de \u00eenalt\u0103 rezisten\u021b\u0103, cu o bun\u0103 rezisten\u021b\u0103 la uzur\u0103 \u0219i coroziune, potrivi\u021bi pentru utilizare pe termen lung \u00een medii dure.<\/p>\n<\/li>\n<li>\n<h3>Adaptabilitate multifunc\u021bional\u0103<\/h3>\n<p>Ace\u0219ti cilindri pot fi utiliza\u021bi pe scar\u0103 larg\u0103 \u00een diverse echipamente mecanice, cum ar fi excavatoare, macarale \u0219i bra\u021be mecanice, adapt\u00e2ndu-se la diferite cerin\u021be de lucru.<\/p>\n<\/li>\n<li>\n<h3>\u00centre\u021binere u\u0219oar\u0103<\/h3>\n<p>Designul are \u00een vedere \u00eentre\u021binerea \u0219i \u00eenlocuirea u\u0219oar\u0103, ceea ce face ca inspec\u021bia \u0219i \u00eentre\u021binerea regulat\u0103 s\u0103 fie mai convenabile \u0219i reduce timpul de nefunc\u021bionare a echipamentelor.<\/p>\n<\/li>\n<\/ul>\n<p>Putem produce acest produs \u0219i poate \u00eenlocui perfect ace\u0219ti cilindri hidraulici.<\/p>\n<p><img decoding=\"async\" src=\"https:\/\/www.hydraulic-cylinders.net\/wp-content\/uploads\/2025\/01\/songte-oil-pipes-and-spare-parts.webp\" alt=\"conducte de petrol \u0219i piese de schimb\"><\/p>\n<h2>Aplica\u021bii<\/h2>\n<ul>\n<li>\n<h3>Inginerie de construc\u021bii<\/h3>\n<p>Cilindrii bra\u021bului sunt utiliza\u021bi pentru a controla mi\u0219carea cupei sau a bra\u021bului excavatoarelor \u0219i macaralelor pentru a efectua lucr\u0103ri de terasament, manipularea materialelor \u0219i instalarea structural\u0103.<\/p>\n<\/li>\n<li>\n<h3>Industria prelucr\u0103toare<\/h3>\n<p>Cilindrii bra\u021bului sunt utiliza\u021bi pentru mi\u0219carea bra\u021belor mecanice \u00een liniile de produc\u021bie automatizate pentru procese de asamblare, sudare \u0219i manipulare, \u00eembun\u0103t\u0103\u021bind eficien\u021ba \u0219i precizia produc\u021biei.<\/p>\n<\/li>\n<li>\n<h3>Ma\u0219ini agricole<\/h3>\n<p>\u00cen utilajele agricole, cum ar fi combinele de recoltat \u0219i sem\u0103n\u0103toarele, cilindrii bra\u021bului controleaz\u0103 mi\u0219carea bra\u021belor de operare pentru a efectua sarcini precum sem\u0103natul, fertilizarea \u0219i recoltarea.<\/p>\n<\/li>\n<li>\n<h3>Minerit<\/h3>\n<p>Cilindrii bra\u021bului sunt utiliza\u021bi pentru a controla mi\u0219carea bra\u021bului echipamentelor miniere pentru mineritul \u0219i transportul mineralelor.<\/p>\n<\/li>\n<li>\n<h3>Logistic\u0103 \u0219i transporturi<\/h3>\n<p>Cilindrii de bra\u021b sunt utiliza\u021bi pentru a controla ridicarea \u0219i mi\u0219carea furcilor \u00een stivuitoare \u0219i robo\u021bi de manipulare, realiz\u00e2nd manipularea \u0219i stivuirea materialelor.<\/p>\n<\/li>\n<\/ul>\n<h2>Considera\u021bii de proiectare \u0219i criterii de selec\u021bie<\/h2>\n<ul>\n<li>\n<h3>Capacitate portant\u0103<\/h3>\n<p>Cilindrul bra\u021bului trebuie s\u0103 fie proiectat pentru a suporta sarcina maxim\u0103 pe care o va \u00eent\u00e2lni, asigur\u00e2ndu-i siguran\u021ba \u0219i fiabilitatea \u00een func\u021bionare.<\/p>\n<\/li>\n<li>\n<h3>Sigilare<\/h3>\n<p>Diverse componente de etan\u0219are, cum ar fi etan\u0219\u0103rile pistonului \u0219i etan\u0219\u0103rile tijei, sunt utilizate pentru a asigura performan\u021ba de etan\u0219are a cilindrului \u0219i a preveni scurgerile de fluid.<\/p>\n<\/li>\n<li>\n<h3>Durabilitate<\/h3>\n<p>Cilindrul bra\u021bului este de obicei fabricat din materiale durabile, cum ar fi o\u021bel de \u00eenalt\u0103 rezisten\u021b\u0103 \u0219i acoperiri anticorozive, pentru a-i asigura o durat\u0103 lung\u0103 de via\u021b\u0103 \u00een medii dure.<\/p>\n<\/li>\n<li>\n<h3>Siguran\u0163\u0103<\/h3>\n<p>Proiectarea cilindrului bra\u021bului trebuie s\u0103 ia \u00een considerare factorii de siguran\u021b\u0103, cum ar fi prevenirea suprasolicit\u0103rii, suprapresiunii \u0219i sc\u0103derii bru\u0219te a sarcinii, pentru a asigura siguran\u021ba lucr\u0103torilor \u0219i a utilajelor.<\/p>\n<\/li>\n<li>\n<h3>\u00centre\u0163inere<\/h3>\n<p>Cilindrul bra\u021bului trebuie proiectat astfel \u00eenc\u00e2t s\u0103 fie u\u0219or de \u00eentre\u021binut \u0219i \u00eenlocuit, de exemplu folosind piese standard \u0219i oferind instruc\u021biuni de \u00eentre\u021binere, pentru a reduce costurile de \u00eentre\u021binere \u0219i timpii de nefunc\u021bionare.<\/p>\n<\/li>\n<\/ul>\n<p><img decoding=\"async\" src=\"https:\/\/www.hydraulic-cylinders.net\/wp-content\/uploads\/2025\/01\/songte-cylinder-head-with-all-kinds-excavator-models.webp\" alt=\"chiulas\u0103\"><\/p>\n<h2>Etan\u0219are \u0219i lubrifiere<\/h2>\n<p>Diverse componente de etan\u0219are, cum ar fi etan\u0219\u0103rile pistonului \u0219i etan\u0219\u0103rile tijei, sunt utilizate pentru a asigura performan\u021ba de etan\u0219are a cilindrului \u0219i a preveni scurgerile de fluid. Garniturile sunt fabricate din materiale rezistente la uzur\u0103, cum ar fi poliuretanul \u0219i cauciucul nitrilic, iar corpul cilindrului \u0219i suprafa\u021ba filetat\u0103 a cap\u0103tului sunt tratate fin pentru a le \u00eembun\u0103t\u0103\u021bi rezisten\u021ba la uzur\u0103. Ad\u0103ugarea regulat\u0103 a unei cantit\u0103\u021bi adecvate de ulei hidraulic este necesar\u0103 pentru lubrifiere.<\/p>\n<p><img decoding=\"async\" src=\"https:\/\/www.hydraulic-cylinders.net\/wp-content\/uploads\/2025\/01\/songte-chushion-collar.webp\" alt=\"guler de pern\u0103\"><\/p>\n<h2>\u00centre\u021binere \u0219i depanare<\/h2>\n<p>Inspec\u021bia regulat\u0103 \u0219i \u00eentre\u021binerea preventiv\u0103 sunt cruciale pentru prelungirea duratei de via\u021b\u0103 a cilindrului bra\u021bului. Iat\u0103 c\u00e2teva sfaturi comune de depanare \u0219i m\u0103suri de prevenire:<\/p>\n<ul>\n<li>\n<h3>Scurgere de etan\u0219are<\/h3>\n<p>Garnitura poate fi deteriorat\u0103 sau uzat\u0103. Inspec\u021bia \u0219i \u00eenlocuirea regulat\u0103 a garniturii pot preveni scurgerile.<\/p>\n<\/li>\n<li>\n<h3>Sunet anormal<\/h3>\n<p>Pot exista deterior\u0103ri sau uzur\u0103 la piston, tij\u0103 sau rulment. Inspec\u021bia \u0219i \u00eenlocuirea regulat\u0103 a pieselor uzate pot preveni sunetele anormale.<\/p>\n<\/li>\n<li>\n<h3>Mi\u0219care lent\u0103<\/h3>\n<p>Uleiul poate fi insuficient sau filtrul poate fi blocat. Inspec\u021bia \u0219i \u00eenlocuirea regulat\u0103 a uleiului \u0219i a filtrului pot preveni mi\u0219carea lent\u0103.<\/p>\n<\/li>\n<\/ul>\n<h2>Instalare<\/h2>\n<p>Instalarea corect\u0103 a cilindrului bra\u021bului este crucial\u0103 pentru siguran\u021ba \u0219i performan\u021ba acestuia. Iat\u0103 c\u00e2teva instruc\u021biuni:<\/p>\n<ul>\n<li>Asigura\u021bi-v\u0103 c\u0103 cilindrul este potrivit corect cu echipamentul.<\/li>\n<li>Asigura\u021bi-v\u0103 c\u0103 sistemul hidraulic este curat \u0219i f\u0103r\u0103 impurit\u0103\u021bi.<\/li>\n<li>Asigura\u021bi-v\u0103 c\u0103 cilindrul este instalat \u00een pozi\u021bia corect\u0103 \u0219i c\u0103 \u0219uruburile sunt str\u00e2nse la cuplul specificat.<\/li>\n<li>Asigura\u021bi-v\u0103 c\u0103 toate conexiunile sunt sigure \u0219i c\u0103 liniile hidraulice sunt conectate corect.<\/li>\n<li>Efectua\u021bi o inspec\u021bie \u0219i o testare am\u0103nun\u021bit\u0103 \u00eenainte de utilizare.<\/li>\n<\/ul>\n<p>Nu uita s\u0103 respec\u021bi regula autorului, Lyl., de la sf\u00e2r\u0219itul articolului.<\/p>\n<p><img decoding=\"async\" src=\"https:\/\/www.hydraulic-cylinders.net\/wp-content\/uploads\/2025\/01\/songte-bushings-with-all-kinds-of-excavator-models.webp\" alt=\"buc\u0219e cu toate tipurile de modele de excavatoare\"><\/p>\n<h2>Despre noi<\/h2>\n<p>Suntem un produc\u0103tor profesionist de piese de schimb pentru cilindri hidraulici, cu o gam\u0103 larg\u0103 de produse, \u0219i am devenit unul dintre principalii produc\u0103tori \u0219i distribuitori angro de cilindri hidraulici pe pie\u021bele interne \u0219i interna\u021bionale. Respect\u0103m \u00eentotdeauna principiul calit\u0103\u021bii excelente, ne baz\u0103m pe strategia industrializat\u0103 de management al produc\u021biei cu ateliere de fabrica\u021bie eficiente, ne \u00eembun\u0103t\u0103\u021bim constant nivelul tehnologic \u0219i eficien\u021ba produc\u021biei. Prin introducerea de echipamente digitale avansate de fabrica\u021bie \u0219i sisteme profesionale de testare, optimiz\u0103m continuu platforma noastr\u0103 de fabrica\u021bie, \u00eembun\u0103t\u0103\u021bim procesele de control al calit\u0103\u021bii produselor noastre \u0219i avem capacit\u0103\u021bi puternice de inovare. Scopul nostru este de a satisface nevoile diverse ale clien\u021bilor cu principii de eficien\u021b\u0103, precizie \u0219i \u00eenalt\u0103 calitate.<\/p>\n<p>Compania noastr\u0103 ofer\u0103 clien\u021bilor no\u0219tri certific\u0103ri interna\u021bionale profesionale, servicii personalizate, echipamente de produc\u021bie avansate \u0219i servicii post-v\u00e2nzare excelente.<\/p>\n<p><img decoding=\"async\" src=\"https:\/\/www.hydraulic-cylinders.net\/wp-content\/uploads\/2025\/01\/songte-company-4.webp\" alt=\"companie\"><\/p>\n<p><img decoding=\"async\" src=\"https:\/\/www.hydraulic-cylinders.net\/wp-content\/uploads\/2025\/01\/songte-company-3.webp\" alt=\"companie\"><\/p>","protected":false},"excerpt":{"rendered":"<p>Arm Cylinder For Bonny WZYQ42-6 Introduction An arm cylinder is a specifically designed hydraulic cylinder that provides linear motion and power to arms of various types of machinery such as excavators, cranes, and mechanical arms. These cylinders play a crucial role in hydraulic systems, allowing for effective movement and control of attachments or accessories. These [&hellip;]<\/p>","protected":false},"featured_media":14759,"comment_status":"open","ping_status":"closed","template":"","meta":{"_et_pb_use_builder":"","_et_pb_old_content":"","_et_gb_content_width":""},"product_brand":[],"product_cat":[1497],"product_tag":[1498,1496],"class_list":{"0":"post-16857","1":"product","2":"type-product","3":"status-publish","4":"has-post-thumbnail","6":"product_cat-arm-cylinders","7":"product_tag-arm-cylinders","8":"product_tag-hydraulic-cylinders","10":"first","11":"instock","12":"shipping-taxable","13":"product-type-simple"},"amp_enabled":true,"_links":{"self":[{"href":"https:\/\/www.hydraulic-cylinders.net\/ro\/wp-json\/wp\/v2\/product\/16857","targetHints":{"allow":["GET"]}}],"collection":[{"href":"https:\/\/www.hydraulic-cylinders.net\/ro\/wp-json\/wp\/v2\/product"}],"about":[{"href":"https:\/\/www.hydraulic-cylinders.net\/ro\/wp-json\/wp\/v2\/types\/product"}],"replies":[{"embeddable":true,"href":"https:\/\/www.hydraulic-cylinders.net\/ro\/wp-json\/wp\/v2\/comments?post=16857"}],"wp:featuredmedia":[{"embeddable":true,"href":"https:\/\/www.hydraulic-cylinders.net\/ro\/wp-json\/wp\/v2\/media\/14759"}],"wp:attachment":[{"href":"https:\/\/www.hydraulic-cylinders.net\/ro\/wp-json\/wp\/v2\/media?parent=16857"}],"wp:term":[{"taxonomy":"product_brand","embeddable":true,"href":"https:\/\/www.hydraulic-cylinders.net\/ro\/wp-json\/wp\/v2\/product_brand?post=16857"},{"taxonomy":"product_cat","embeddable":true,"href":"https:\/\/www.hydraulic-cylinders.net\/ro\/wp-json\/wp\/v2\/product_cat?post=16857"},{"taxonomy":"product_tag","embeddable":true,"href":"https:\/\/www.hydraulic-cylinders.net\/ro\/wp-json\/wp\/v2\/product_tag?post=16857"}],"curies":[{"name":"wp","href":"https:\/\/api.w.org\/{rel}","templated":true}]}}