{"id":16858,"date":"2025-01-21T06:08:30","date_gmt":"2025-01-21T06:08:30","guid":{"rendered":"https:\/\/www.hydraulic-cylinders.net\/product\/arm-cylinder-for-bonny-ce1000-7\/"},"modified":"2025-01-21T06:08:32","modified_gmt":"2025-01-21T06:08:32","slug":"arm-cylinder-for-bonny-ce1000-7","status":"publish","type":"product","link":"https:\/\/www.hydraulic-cylinders.net\/ro\/produs\/arm-cylinder-for-bonny-ce1000-7\/","title":{"rendered":"Cilindru de bra\u021b pentru Bonny CE1000-7"},"content":{"rendered":"<h1>Cilindru de bra\u021b pentru Bonny CE1000-7<\/h1>\n<h2>Prezentare general\u0103 a produsului<\/h2>\n<p>Cilindrul de bra\u021b este un cilindru hidraulic specializat, conceput pentru a oferi mi\u0219care liniar\u0103 \u0219i putere bra\u021belor diferitelor utilaje, cum ar fi excavatoare, macarale \u0219i bra\u021be mecanice. Acesta joac\u0103 un rol crucial \u00een sistemele hidraulice, permi\u021b\u00e2nd mi\u0219carea \u0219i controlul eficient al ata\u0219amentelor \u0219i accesoriilor. Ace\u0219ti cilindri nu numai c\u0103 ofer\u0103 o mi\u0219care lin\u0103, dar rezist\u0103 \u0219i la sarcini grele, asigur\u00e2nd func\u021bionarea eficient\u0103 \u0219i fiabilitatea utilajelor \u00een diverse condi\u021bii de func\u021bionare.<\/p>\n<p><img decoding=\"async\" src=\"https:\/\/www.hydraulic-cylinders.net\/wp-content\/uploads\/2025\/01\/songte-company-2.webp\" alt=\"Imaginea cilindrului bra\u021bului\" \/><\/p>\n<h2>Caracteristici ale produsului<\/h2>\n<ul>\n<li>\n<h3>Transmisie de \u00eenalt\u0103 eficien\u021b\u0103<\/h3>\n<p>Cilindrul bra\u021bului ofer\u0103 o mi\u0219care liniar\u0103 puternic\u0103 \u0219i o for\u021b\u0103, asigur\u00e2nd performan\u021be de \u00eenalt\u0103 eficien\u021b\u0103 \u00een diverse opera\u021biuni ale bra\u021bului mecanic.<\/p>\n<\/li>\n<li>\n<h3>Control de precizie<\/h3>\n<p>Prin intermediul sistemului hidraulic, cilindrul bra\u021bului poate realiza un control precis al mi\u0219c\u0103rii, f\u0103c\u00e2nd func\u021bionarea ata\u0219amentului mai flexibil\u0103 \u0219i precis\u0103.<\/p>\n<\/li>\n<li>\n<h3>Durabilitate puternic\u0103<\/h3>\n<p>Cilindrul bra\u021bului este de obicei fabricat din materiale de \u00eenalt\u0103 rezisten\u021b\u0103, care au o bun\u0103 rezisten\u021b\u0103 la uzur\u0103 \u0219i la coroziune, potrivite pentru utilizare pe termen lung \u00een medii dure.<\/p>\n<\/li>\n<li>\n<h3>Adaptabilitate multifunc\u021bional\u0103<\/h3>\n<p>Ace\u0219ti cilindri pot fi utiliza\u021bi pe scar\u0103 larg\u0103 \u00een diverse echipamente mecanice, cum ar fi excavatoare, macarale \u0219i bra\u021be mecanice, adapt\u00e2ndu-se la diferite nevoi de lucru.<\/p>\n<\/li>\n<li>\n<h3>\u00centre\u021binere u\u0219oar\u0103<\/h3>\n<p>Se acord\u0103 aten\u021bie designului pentru u\u0219urin\u021ba \u00eentre\u021binerii \u0219i \u00eenlocuirii, ceea ce face ca inspec\u021bia \u0219i \u00eentre\u021binerea regulat\u0103 s\u0103 fie mai convenabile \u0219i reduce timpul de nefunc\u021bionare a echipamentelor.<\/p>\n<\/li>\n<\/ul>\n<p>Putem produce acest produs \u0219i poate \u00eenlocui perfect ace\u0219ti cilindri hidraulici.<\/p>\n<p><img decoding=\"async\" src=\"https:\/\/www.hydraulic-cylinders.net\/wp-content\/uploads\/2025\/01\/songte-oil-pipes-and-spare-parts.webp\" alt=\"Imaginea pieselor cilindrului hidraulic\" \/><\/p>\n<h2>Aplica\u021bii<\/h2>\n<p>Cilindrul cu bra\u021b este utilizat pe scar\u0103 larg\u0103 \u00een diverse industrii, cum ar fi:<\/p>\n<ul>\n<li>\n<h3>Inginerie de construc\u021bii<\/h3>\n<p>Folosit \u00een excavatoare \u0219i macarale pentru a controla mi\u0219carea lope\u021bii sau a bra\u021bului, efectuarea lucr\u0103rilor de terasament, manipularea materialelor \u0219i instalarea structurilor.<\/p>\n<\/li>\n<li>\n<h3>Industria prelucr\u0103toare<\/h3>\n<p>Utilizat \u00een liniile de produc\u021bie automatizate pentru a controla mi\u0219carea bra\u021belor mecanice, efectuarea proceselor de asamblare, sudare \u0219i manipulare, \u00eembun\u0103t\u0103\u021bind eficien\u021ba \u0219i precizia produc\u021biei.<\/p>\n<\/li>\n<li>\n<h3>Ma\u0219ini agricole<\/h3>\n<p>Folosit \u00een utilaje agricole, cum ar fi combinele de recoltat \u0219i sem\u0103n\u0103toarele, pentru a controla mi\u0219carea bra\u021bului de operare, \u00eendeplinind sarcini precum plantarea, fertilizarea \u0219i recoltarea.<\/p>\n<\/li>\n<li>\n<h3>Minerit<\/h3>\n<p>Used in mining equipment to control the movement of the mining equipment&#8217;s arm, performing ore mining and transportation.<\/p>\n<\/li>\n<li>\n<h3>Logistic\u0103 \u0219i transporturi<\/h3>\n<p>Folosit \u00een stivuitoare \u0219i robo\u021bi de manipulare pentru a controla ridicarea \u0219i mi\u0219carea furcilor, realiz\u00e2nd manipularea \u0219i stivuirea materialelor.<\/p>\n<\/li>\n<\/ul>\n<h2>Considera\u021bii de proiectare \u0219i criterii de selec\u021bie<\/h2>\n<p>Considera\u021biile de proiectare pentru cilindrii bra\u021bului includ capacitatea portant\u0103, etan\u0219area, durabilitatea, siguran\u021ba \u0219i mentenan\u021ba.<\/p>\n<ul>\n<li>\n<h3>Capacitate portant\u0103<\/h3>\n<p>Capacitatea portant\u0103 a cilindrului bra\u021bului trebuie s\u0103 poat\u0103 suporta sarcina maxim\u0103 a bra\u021bului mecanic \u00een timpul func\u021bion\u0103rii.<\/p>\n<\/li>\n<li>\n<h3>Sigilare<\/h3>\n<p>Cilindrul bra\u021bului utilizeaz\u0103 diverse elemente de etan\u0219are, cum ar fi etan\u0219\u0103ri de piston, etan\u0219\u0103ri de tij\u0103 etc., care sunt fabricate din materiale rezistente la uzur\u0103, cum ar fi poliuretanul \u0219i cauciucul nitrilic, iar corpul cilindrului \u0219i suprafe\u021bele filetate ale cap\u0103tului sunt prelucrate fin pentru a \u00eembun\u0103t\u0103\u021bi rezisten\u021ba la uzur\u0103.<\/p>\n<\/li>\n<li>\n<h3>Durabilitate<\/h3>\n<p>Cilindrul bra\u021bului trebuie fabricat din materiale de \u00eenalt\u0103 rezisten\u021b\u0103 pentru a \u00eembun\u0103t\u0103\u021bi rezisten\u021ba la uzur\u0103, rezisten\u021ba la coroziune \u0219i pentru a asigura utilizarea pe termen lung \u00een medii dure.<\/p>\n<\/li>\n<li>\n<h3>Siguran\u0163\u0103<\/h3>\n<p>Cilindrul bra\u021bului trebuie s\u0103 fie echipat cu supape de siguran\u021b\u0103 \u0219i alte dispozitive de protec\u021bie pentru a preveni supra\u00eenc\u0103rcarea \u0219i a asigura func\u021bionarea \u00een siguran\u021b\u0103.<\/p>\n<\/li>\n<li>\n<h3>Mentenabilitate<\/h3>\n<p>Designul cilindrului bra\u021bului ar trebui s\u0103 fie u\u0219or de \u00eentre\u021binut \u0219i \u00eenlocuit, ceea ce face ca inspec\u021bia \u0219i \u00eentre\u021binerea regulat\u0103 s\u0103 fie mai convenabile \u0219i s\u0103 reduc\u0103 timpul de nefunc\u021bionare a echipamentelor.<\/p>\n<\/li>\n<\/ul>\n<p><img decoding=\"async\" src=\"https:\/\/www.hydraulic-cylinders.net\/wp-content\/uploads\/2025\/01\/songte-cylinder-head-with-all-kinds-excavator-models.webp\" alt=\"Imaginea chiulasei\" \/><\/p>\n<h2>Etan\u0219are \u0219i lubrifiere<\/h2>\n<p>Cilindrul bra\u021bului utilizeaz\u0103 diverse elemente de etan\u0219are, cum ar fi etan\u0219\u0103ri de piston, etan\u0219\u0103ri de tij\u0103 etc., care sunt fabricate din materiale rezistente la uzur\u0103, cum ar fi poliuretanul \u0219i cauciucul nitrilic. Corpul cilindrului \u0219i suprafe\u021bele filetate ale cap\u0103tului sunt prelucrate fin pentru a \u00eembun\u0103t\u0103\u021bi rezisten\u021ba la uzur\u0103. Este necesar s\u0103 se adauge \u00een mod regulat ulei hidraulic adecvat pentru lubrifiere.<\/p>\n<h2>Inspec\u021bie periodic\u0103 \u0219i m\u0103suri de \u00eentre\u021binere preventiv\u0103<\/h2>\n<ul>\n<li>\n<p>Regularly check the arm cylinder&#8217;s sealing performance and wear condition of the piston rod and cylinder liner.<\/p>\n<\/li>\n<li>\n<p>Cur\u0103\u021ba\u021bi cilindrul bra\u021bului \u00een mod regulat \u0219i \u00eendep\u0103rta\u021bi impurit\u0103\u021bile \u0219i depunerile precum praful \u0219i petele de ulei.<\/p>\n<\/li>\n<li>\n<p>Verifica\u021bi presiunea de lucru a sistemului hidraulic \u0219i regla\u021bi-o \u00een intervalul corespunz\u0103tor.<\/p>\n<\/li>\n<li>\n<p>\u00cenlocui\u021bi orice piese uzate sau deteriorate \u00een timp util.<\/p>\n<\/li>\n<\/ul>\n<h2>Ghid de instalare<\/h2>\n<p>Before installation, it is necessary to clean the hydraulic system and check the matching accuracy of the cylinder, seal, and piston rod. When installing, pay attention to the direction and position of the cylinder. Start the hydraulic system and check the cylinder&#8217;s performance and leakage.<\/p>\n<p><img decoding=\"async\" src=\"https:\/\/www.hydraulic-cylinders.net\/wp-content\/uploads\/2025\/01\/songte-bushings-with-all-kinds-of-excavator-models.webp\" alt=\"Imagine buc\u0219e\" \/><\/p>\n<h2>Considera\u021bii de siguran\u021b\u0103 \u0219i factori de mediu<\/h2>\n<p>C\u00e2nd utiliza\u021bi cilindrul bra\u021bului, este necesar s\u0103 respecta\u021bi cu stricte\u021be procedurile de operare \u0219i instruc\u021biunile de siguran\u021b\u0103 pentru a preveni accidentele. Asigura\u021bi-v\u0103 c\u0103 sistemul hidraulic are presiune \u0219i debit suficiente, iar uleiul hidraulic este curat \u0219i f\u0103r\u0103 impurit\u0103\u021bi. Acorda\u021bi aten\u021bie factorilor de mediu, cum ar fi temperatura \u0219i umiditatea, \u0219i evita\u021bi utilizarea \u00een medii extreme.<\/p>\n<h2>Depanare \u0219i probleme frecvente<\/h2>\n<ul>\n<li>\n<p>Zgomot anormal: verifica\u021bi dac\u0103 cilindrul este deteriorat, dac\u0103 uleiul hidraulic este curat \u0219i dac\u0103 presiunea este normal\u0103.<\/p>\n<\/li>\n<li>\n<p>Mi\u0219care lent\u0103: verifica\u021bi dac\u0103 uleiul hidraulic este prea v\u00e2scos sau murdar \u0219i dac\u0103 presiunea este normal\u0103.<\/p>\n<\/li>\n<li>\n<p>Scurgeri: verifica\u021bi performan\u021ba de etan\u0219are a cilindrului \u0219i dac\u0103 uleiul hidraulic este curat.<\/p>\n<\/li>\n<li>\n<p>For\u021b\u0103 de ie\u0219ire insuficient\u0103: verifica\u021bi dac\u0103 sistemul hidraulic are presiune \u0219i debit suficiente.<\/p>\n<\/li>\n<\/ul>\n<p>For troubleshooting, it is necessary to follow the manufacturer&#8217;s instructions and use appropriate tools and methods. For preventative measures, it is necessary to regularly check and maintain the arm cylinder and the hydraulic system, and replace any worn or damaged parts in a timely manner.<\/p>\n<p><img decoding=\"async\" src=\"https:\/\/www.hydraulic-cylinders.net\/wp-content\/uploads\/2025\/01\/songte-chushion-collar.webp\" alt=\"Imagine cu guler de pern\u0103\" \/><\/p>\n<h2>Despre noi<\/h2>\n<p>Suntem un produc\u0103tor profesionist de cilindri hidraulici de schimb cu o gam\u0103 larg\u0103 de produse. Am devenit unul dintre principalii produc\u0103tori \u0219i distribuitori angro de cilindri hidraulici pe pie\u021bele interne \u0219i interna\u021bionale. Ader\u0103m \u00eentotdeauna la principiul calit\u0103\u021bii excelente, baz\u00e2ndu-ne pe strategia industrializat\u0103 de management al produc\u021biei \u00eentr-un atelier de fabrica\u021bie rafinat, \u00eembun\u0103t\u0103\u021bind continuu nivelul tehnologic \u0219i eficien\u021ba produc\u021biei. Prin introducerea de echipamente digitale de fabrica\u021bie de ultim\u0103 genera\u021bie \u0219i sisteme profesionale de testare, optimiz\u0103m platforma de fabrica\u021bie, \u00eembun\u0103t\u0103\u021bim procesul de control al calit\u0103\u021bii produselor \u0219i avem capacit\u0103\u021bi inovatoare puternice. Scopul nostru este de a satisface nevoile diverse ale clien\u021bilor cu eficien\u021b\u0103 ridicat\u0103, precizie \u0219i principii de \u00eenalt\u0103 calitate.<\/p>\n<p><img decoding=\"async\" src=\"https:\/\/www.hydraulic-cylinders.net\/wp-content\/uploads\/2025\/01\/songte-company-4.webp\" alt=\"Imaginea companiei\" \/><\/p>\n<h2>Specialit\u0103\u021bile noastre<\/h2>\n<ul>\n<li>\n<p>Profesionalism: Avem o echip\u0103 de profesioni\u0219ti cu o vast\u0103 experien\u021b\u0103 \u00een produc\u021bia \u0219i \u00eentre\u021binerea cilindrilor hidraulici, oferind clien\u021bilor servicii profesionale \u0219i eficiente.<\/p>\n<\/li>\n<li>\n<p>Certificare interna\u021bional\u0103: Produsele noastre au trecut certificarea interna\u021bional\u0103 a sistemului de management al calit\u0103\u021bii ISO9001 \u0219i certificarea CE, asigur\u00e2nd calitatea \u0219i siguran\u021ba produselor.<\/p>\n<\/li>\n<li>\n<p>Servicii de personalizare: Oferim servicii personalizate \u00een func\u021bie de nevoile clien\u021bilor, inclusiv dimensiunea cilindrului, lungimea tijei pistonului \u0219i alte specifica\u021bii.<\/p>\n<\/li>\n<li>\n<p>Echipamente de produc\u021bie: Dispunem de echipamente de produc\u021bie avansate, cum ar fi strunguri CNC, freze de precizie \u0219i ma\u0219ini de rectificat de \u00eenalt\u0103 precizie.<\/p>\n<\/li>\n<li>\n<p>Servicii post-v\u00e2nzare: Oferim servicii complete post-v\u00e2nzare, cum ar fi \u00eendrum\u0103ri pentru instalare, \u00eentre\u021binere \u0219i repara\u021bii, pentru a asigura satisfac\u021bia clien\u021bilor.<\/p>\n<\/li>\n<\/ul>\n<p><img decoding=\"async\" src=\"https:\/\/www.hydraulic-cylinders.net\/wp-content\/uploads\/2025\/01\/songte-company-3.webp\" alt=\"Imaginea companiei\" \/><\/p>\n<p>Autor: lyl.<\/p>","protected":false},"excerpt":{"rendered":"<p>Arm Cylinder For Bonny CE1000-7 Product Overview The arm cylinder is a specialized hydraulic cylinder designed to provide linear motion and power to arms of various machinery such as excavators, cranes, and mechanical arms. It plays a crucial role in hydraulic systems, enabling the effective movement and control of attachments and accessories. These cylinders not [&hellip;]<\/p>","protected":false},"featured_media":14786,"comment_status":"open","ping_status":"closed","template":"","meta":{"_et_pb_use_builder":"","_et_pb_old_content":"","_et_gb_content_width":""},"product_brand":[],"product_cat":[1497],"product_tag":[1498,1496],"class_list":{"0":"post-16858","1":"product","2":"type-product","3":"status-publish","4":"has-post-thumbnail","6":"product_cat-arm-cylinders","7":"product_tag-arm-cylinders","8":"product_tag-hydraulic-cylinders","10":"first","11":"instock","12":"shipping-taxable","13":"product-type-simple"},"amp_enabled":true,"_links":{"self":[{"href":"https:\/\/www.hydraulic-cylinders.net\/ro\/wp-json\/wp\/v2\/product\/16858","targetHints":{"allow":["GET"]}}],"collection":[{"href":"https:\/\/www.hydraulic-cylinders.net\/ro\/wp-json\/wp\/v2\/product"}],"about":[{"href":"https:\/\/www.hydraulic-cylinders.net\/ro\/wp-json\/wp\/v2\/types\/product"}],"replies":[{"embeddable":true,"href":"https:\/\/www.hydraulic-cylinders.net\/ro\/wp-json\/wp\/v2\/comments?post=16858"}],"wp:featuredmedia":[{"embeddable":true,"href":"https:\/\/www.hydraulic-cylinders.net\/ro\/wp-json\/wp\/v2\/media\/14786"}],"wp:attachment":[{"href":"https:\/\/www.hydraulic-cylinders.net\/ro\/wp-json\/wp\/v2\/media?parent=16858"}],"wp:term":[{"taxonomy":"product_brand","embeddable":true,"href":"https:\/\/www.hydraulic-cylinders.net\/ro\/wp-json\/wp\/v2\/product_brand?post=16858"},{"taxonomy":"product_cat","embeddable":true,"href":"https:\/\/www.hydraulic-cylinders.net\/ro\/wp-json\/wp\/v2\/product_cat?post=16858"},{"taxonomy":"product_tag","embeddable":true,"href":"https:\/\/www.hydraulic-cylinders.net\/ro\/wp-json\/wp\/v2\/product_tag?post=16858"}],"curies":[{"name":"wp","href":"https:\/\/api.w.org\/{rel}","templated":true}]}}