{"id":16867,"date":"2025-01-21T06:09:11","date_gmt":"2025-01-21T06:09:11","guid":{"rendered":"https:\/\/www.hydraulic-cylinders.net\/product\/arm-cylinder-for-bonny-wzy42-7\/"},"modified":"2025-01-21T06:09:13","modified_gmt":"2025-01-21T06:09:13","slug":"arm-cylinder-for-bonny-wzy42-7","status":"publish","type":"product","link":"https:\/\/www.hydraulic-cylinders.net\/ro\/produs\/arm-cylinder-for-bonny-wzy42-7\/","title":{"rendered":"Cilindru de bra\u021b pentru Bonny WZY42-7"},"content":{"rendered":"<h1>Cilindru de bra\u021b pentru Bonny WZY42-7<\/h1>\n<h2>Introducere<\/h2>\n<p>Cilindrul de bra\u021b este un cilindru hidraulic special conceput care ofer\u0103 mi\u0219care liniar\u0103 \u0219i putere bra\u021bului diferitelor tipuri de utilaje, cum ar fi excavatoare, macarale \u0219i bra\u021be robotizate. Acesta joac\u0103 un rol crucial \u00een sistemele hidraulice, permi\u021b\u00e2nd mi\u0219carea \u0219i controlul eficient al uneltelor sau ata\u0219amentelor suplimentare. Ace\u0219ti cilindri nu numai c\u0103 permit o mi\u0219care lin\u0103, dar rezist\u0103 \u0219i la sarcini grele, asigur\u00e2nd o eficien\u021b\u0103 opera\u021bional\u0103 ridicat\u0103 \u0219i fiabilitate a utilajelor \u00een diverse condi\u021bii de lucru.<\/p>\n<p><img decoding=\"async\" src=\"https:\/\/www.hydraulic-cylinders.net\/wp-content\/uploads\/2025\/01\/songte-company-2.webp\" alt=\"Imaginea cilindrului bra\u021bului\"><\/p>\n<h2>Caracteristici<\/h2>\n<ul>\n<li>Transmisie de \u00eenalt\u0103 eficien\u021b\u0103: Cilindrul bra\u021bului ofer\u0103 o mi\u0219care liniar\u0103 \u0219i o for\u021b\u0103 puternice, asigur\u00e2nd capacit\u0103\u021bile de \u00eenalt\u0103 performan\u021b\u0103 ale bra\u021bului mecanic \u00een diverse opera\u021biuni.<\/li>\n<li>Control precis: Prin intermediul sistemului hidraulic, cilindrul bra\u021bului permite un control precis al mi\u0219c\u0103rii, ceea ce face ca func\u021bionarea uneltelor ata\u0219ate s\u0103 fie mai flexibil\u0103 \u0219i mai precis\u0103.<\/li>\n<li>Durabilitate ridicat\u0103: Cilindrii bra\u021bului sunt de obicei fabrica\u021bi din materiale de \u00eenalt\u0103 rezisten\u021b\u0103 \u0219i au o rezisten\u021b\u0103 excelent\u0103 la uzur\u0103 \u0219i coroziune, ceea ce \u00eei face potrivi\u021bi pentru utilizarea pe termen lung \u00een medii dure.<\/li>\n<li>Adaptabilitate multifunc\u021bional\u0103: Ace\u0219ti cilindri pot fi aplica\u021bi pe scar\u0103 larg\u0103 la diverse echipamente mecanice, cum ar fi excavatoare, macarale \u0219i bra\u021be robotizate, adapt\u00e2ndu-se la diferite cerin\u021be de lucru.<\/li>\n<li>\u00centre\u021binere u\u0219oar\u0103: Concepu\u021bi pentru \u00eentre\u021binere \u0219i \u00eenlocuire u\u0219oar\u0103, cilindrii bra\u021bului faciliteaz\u0103 inspec\u021biile \u0219i \u00eentre\u021binerea periodic\u0103 convenabil\u0103, reduc\u00e2nd timpul de nefunc\u021bionare a echipamentelor.<\/li>\n<\/ul>\n<p><img decoding=\"async\" src=\"https:\/\/www.hydraulic-cylinders.net\/wp-content\/uploads\/2025\/01\/songte-oil-pipes-and-spare-parts.webp\" alt=\"Imaginea produsului\"><\/p>\n<h2>Aplica\u021bii<\/h2>\n<p>Cilindrul cu bra\u021b \u00ee\u0219i g\u0103se\u0219te aplica\u021bii \u00een diverse industrii:<\/p>\n<ul>\n<li>Inginerie de construc\u021bii: La excavatoare \u0219i macarale, cilindrul bra\u021bului este utilizat pentru a controla mi\u0219carea cupei sau a bra\u021bului, facilit\u00e2nd opera\u021biunile de terasament, manipularea materialelor \u0219i instalarea structural\u0103.<\/li>\n<li>Industria prelucr\u0103toare: \u00cen liniile de produc\u021bie automatizate, cilindrul bra\u021bului permite mi\u0219carea bra\u021belor robotizate pentru procesele de asamblare, sudare \u0219i manipulare a materialelor, sporind eficien\u021ba \u0219i precizia produc\u021biei.<\/li>\n<li>Ma\u0219ini agricole: \u00cen echipamentele agricole, cum ar fi combinele de recoltat \u0219i sem\u0103n\u0103toarele, cilindrul bra\u021bului controleaz\u0103 mi\u0219carea bra\u021belor de operare pentru sarcini precum sem\u0103natul, fertilizarea \u0219i recoltarea.<\/li>\n<li>Minerit: \u00cen echipamentele miniere, cilindrul bra\u021bului controleaz\u0103 mi\u0219carea bra\u021bului utilajelor miniere pentru extrac\u021bia \u0219i transportul minereului.<\/li>\n<li>Logistic\u0103 \u0219i transport: La stivuitoarele \u0219i robo\u021bii de manipulare, cilindrul bra\u021bului regleaz\u0103 ridicarea \u0219i mi\u0219carea furcilor, permi\u021b\u00e2nd manipularea \u0219i stivuirea materialelor.<\/li>\n<\/ul>\n<h2>Considera\u021bii de proiectare \u0219i criterii de selec\u021bie<\/h2>\n<p>C\u00e2nd vine vorba de proiectarea cilindrilor bra\u021bului, sunt lua\u021bi \u00een considerare mai mul\u021bi factori cheie:<\/p>\n<ul>\n<li>Capacitate portant\u0103<\/li>\n<li>Performan\u021ba de etan\u0219are<\/li>\n<li>Durabilitate<\/li>\n<li>Siguran\u0163\u0103<\/li>\n<li>Mentenabilitate<\/li>\n<\/ul>\n<p><img decoding=\"async\" src=\"https:\/\/www.hydraulic-cylinders.net\/wp-content\/uploads\/2025\/01\/songte-cylinder-head-with-all-kinds-excavator-models.webp\" alt=\"Imaginea produsului\"><\/p>\n<h2>Etan\u0219are \u0219i lubrifiere<\/h2>\n<p>Pentru a asigura performan\u021be optime, cilindrii bra\u021bului utilizeaz\u0103 diverse componente de etan\u0219are, cum ar fi etan\u0219\u0103rile pistonului \u0219i etan\u0219\u0103rile tijei, fabricate din materiale rezistente la uzur\u0103, precum poliuretanul \u0219i cauciucul nitrilic. Corpul cilindrului \u0219i suprafa\u021ba cap\u0103tului filetat sunt supuse unui tratament meticulos pentru a spori rezisten\u021ba la uzur\u0103. Lubrifierea regulat\u0103 cu ulei hidraulic este necesar\u0103 pentru o lubrifiere corect\u0103.<\/p>\n<h2>Inspec\u021bie regulat\u0103 \u0219i \u00eentre\u021binere preventiv\u0103<\/h2>\n<p>Inspec\u021bia regulat\u0103 \u0219i m\u0103surile de \u00eentre\u021binere preventiv\u0103 sunt esen\u021biale pentru longevitatea \u0219i func\u021bionarea optim\u0103 a cilindrilor bra\u021bului. C\u00e2teva m\u0103suri recomandate includ:<\/p>\n<ul>\n<li>Verificarea oric\u0103ror semne de scurgeri<\/li>\n<li>Verificarea alinierii \u0219i pozi\u021bion\u0103rii corecte<\/li>\n<li>Str\u00e2ngerea oric\u0103ror conexiuni sl\u0103bite<\/li>\n<li>\u00cenlocuirea periodic\u0103 a garniturilor \u0219i garniturilor de etan\u0219are<\/li>\n<li>Monitorizarea nivelurilor \u0219i calit\u0103\u021bii fluidului hidraulic<\/li>\n<\/ul>\n<h2>Ghid de instalare a produsului<\/h2>\n<p>Instalarea corect\u0103 a cilindrilor bra\u021bului este crucial\u0103 pentru func\u021bionarea lor eficient\u0103. Iat\u0103 c\u00e2teva instruc\u021biuni generale:<\/p>\n<ul>\n<li>Asigura\u021bi alinierea \u0219i pozi\u021bionarea corect\u0103 a cilindrului<\/li>\n<li>Fixa\u021bi \u00een siguran\u021b\u0103 toate conexiunile<\/li>\n<li>Aplica\u021bi cuplul corespunz\u0103tor la conexiunile filetate<\/li>\n<li>Verifica\u021bi dac\u0103 sistemul hidraulic este conectat \u0219i presurizat corect<\/li>\n<\/ul>\n<p><img decoding=\"async\" src=\"https:\/\/www.hydraulic-cylinders.net\/wp-content\/uploads\/2025\/01\/songte-bushings-with-all-kinds-of-excavator-models.webp\" alt=\"Imaginea produsului\"><\/p>\n<h2>Considera\u021bii de siguran\u021b\u0103 \u0219i factori de mediu<\/h2>\n<p>Atunci c\u00e2nd se utilizeaz\u0103 cilindri de bra\u021b, m\u0103surile de siguran\u021b\u0103 sunt de maxim\u0103 importan\u021b\u0103. Respectarea protocoalelor de siguran\u021b\u0103 asigur\u0103 protec\u021bia personalului \u0219i a echipamentelor. Este esen\u021bial s\u0103 se ia \u00een considerare factorii de mediu precum temperatura, umiditatea \u0219i condi\u021biile de func\u021bionare pentru a garanta performan\u021be optime \u0219i longevitate.<\/p>\n<h2>Diagnosticarea defec\u021biunilor \u0219i probleme frecvente<\/h2>\n<p>Problemele frecvente care pot ap\u0103rea cu cilindrii bra\u021bului includ:<\/p>\n<ul>\n<li>Scurgeri de la garnituri sau conexiuni<\/li>\n<li>Mi\u0219care insuficient\u0103 sau neregulat\u0103<\/li>\n<li>Zgomot anormal \u00een timpul func\u021bion\u0103rii<\/li>\n<li>Incapacitatea de a sus\u021bine sarcinile<\/li>\n<li>Mi\u0219care inconsistent\u0103 sau instabil\u0103<\/li>\n<\/ul>\n<p>Pentru a rezolva aceste probleme, lua\u021bi \u00een considerare urm\u0103toarele metode de depanare \u0219i solu\u021bii:<\/p>\n<ul>\n<li>Inspecta\u021bi \u0219i \u00eenlocui\u021bi garniturile sau conexiunile defecte<\/li>\n<li>Verifica\u021bi \u0219i regla\u021bi presiunea \u0219i debitul hidraulic<\/li>\n<li>Lubrifia\u021bi piesele mobile<\/li>\n<li>Inspecta\u021bi \u0219i repara\u021bi orice componente deteriorate<\/li>\n<li>Consulta\u021bi tehnicieni profesioni\u0219ti pentru probleme complexe<\/li>\n<\/ul>\n<p><img decoding=\"async\" src=\"https:\/\/www.hydraulic-cylinders.net\/wp-content\/uploads\/2025\/01\/songte-chushion-collar.webp\" alt=\"Imaginea produsului\"><\/p>\n<p>Nu uita s\u0103 organizezi articolul logic, s\u0103 folose\u0219ti subtitluri pentru o navigare u\u0219oar\u0103, s\u0103 incluzi imagini sau diagrame relevante pentru o mai bun\u0103 \u00een\u021belegere \u0219i s\u0103 asiguri claritatea, concizia \u0219i adecvarea con\u021binutului pentru cititorii cu diferite niveluri de cuno\u0219tin\u021be tehnice.<\/p>\n<h2>Despre noi<\/h2>\n<p>Suntem un produc\u0103tor profesionist de cilindri hidraulici de schimb, oferind o gam\u0103 larg\u0103 de produse. Am devenit unul dintre principalii produc\u0103tori \u0219i distribuitori angro de cilindri hidraulici pe pie\u021bele interne \u0219i interna\u021bionale. Respect\u00e2nd principiile excelen\u021bei \u0219i baz\u00e2ndu-ne pe strategia industrializat\u0103 de management al produc\u021biei din atelierul nostru sofisticat de fabrica\u021bie, ne \u00eembun\u0103t\u0103\u021bim continuu capacit\u0103\u021bile tehnice \u0219i eficien\u021ba produc\u021biei.<\/p>\n<p>Prin introducerea de echipamente digitale de produc\u021bie de ultim\u0103 genera\u021bie \u0219i sisteme profesionale de testare, optimiz\u0103m platforma noastr\u0103 de produc\u021bie \u0219i \u00eembun\u0103t\u0103\u021bim procesele de control al calit\u0103\u021bii produselor noastre. De\u021binem capacit\u0103\u021bi puternice de inovare. Scopul nostru este de a satisface nevoile diverse ale clien\u021bilor cu principii de eficien\u021b\u0103, precizie \u0219i \u00eenalt\u0103 calitate.<\/p>\n<p><img decoding=\"async\" src=\"https:\/\/www.hydraulic-cylinders.net\/wp-content\/uploads\/2025\/01\/songte-company-4.webp\" alt=\"Imaginea companiei\"><br \/>\n<img decoding=\"async\" src=\"https:\/\/www.hydraulic-cylinders.net\/wp-content\/uploads\/2025\/01\/songte-company-3.webp\" alt=\"Imaginea companiei\"><\/p>\n<p><em>Autor: lyl<\/em><\/p>","protected":false},"excerpt":{"rendered":"<p>Arm Cylinder For Bonny WZY42-7 Introduction The arm cylinder is a specially designed hydraulic cylinder that provides linear motion and power to the arm of various types of machinery such as excavators, cranes, and robotic arms. It plays a crucial role in hydraulic systems, allowing for efficient movement and control of additional tools or attachments. [&hellip;]<\/p>","protected":false},"featured_media":14759,"comment_status":"open","ping_status":"closed","template":"","meta":{"_et_pb_use_builder":"","_et_pb_old_content":"","_et_gb_content_width":""},"product_brand":[],"product_cat":[1497],"product_tag":[1498,1496],"class_list":{"0":"post-16867","1":"product","2":"type-product","3":"status-publish","4":"has-post-thumbnail","6":"product_cat-arm-cylinders","7":"product_tag-arm-cylinders","8":"product_tag-hydraulic-cylinders","10":"first","11":"instock","12":"shipping-taxable","13":"product-type-simple"},"amp_enabled":true,"_links":{"self":[{"href":"https:\/\/www.hydraulic-cylinders.net\/ro\/wp-json\/wp\/v2\/product\/16867","targetHints":{"allow":["GET"]}}],"collection":[{"href":"https:\/\/www.hydraulic-cylinders.net\/ro\/wp-json\/wp\/v2\/product"}],"about":[{"href":"https:\/\/www.hydraulic-cylinders.net\/ro\/wp-json\/wp\/v2\/types\/product"}],"replies":[{"embeddable":true,"href":"https:\/\/www.hydraulic-cylinders.net\/ro\/wp-json\/wp\/v2\/comments?post=16867"}],"wp:featuredmedia":[{"embeddable":true,"href":"https:\/\/www.hydraulic-cylinders.net\/ro\/wp-json\/wp\/v2\/media\/14759"}],"wp:attachment":[{"href":"https:\/\/www.hydraulic-cylinders.net\/ro\/wp-json\/wp\/v2\/media?parent=16867"}],"wp:term":[{"taxonomy":"product_brand","embeddable":true,"href":"https:\/\/www.hydraulic-cylinders.net\/ro\/wp-json\/wp\/v2\/product_brand?post=16867"},{"taxonomy":"product_cat","embeddable":true,"href":"https:\/\/www.hydraulic-cylinders.net\/ro\/wp-json\/wp\/v2\/product_cat?post=16867"},{"taxonomy":"product_tag","embeddable":true,"href":"https:\/\/www.hydraulic-cylinders.net\/ro\/wp-json\/wp\/v2\/product_tag?post=16867"}],"curies":[{"name":"wp","href":"https:\/\/api.w.org\/{rel}","templated":true}]}}