{"id":16868,"date":"2025-01-21T06:09:15","date_gmt":"2025-01-21T06:09:15","guid":{"rendered":"https:\/\/www.hydraulic-cylinders.net\/product\/arm-cylinder-for-bonny-ctd460-6\/"},"modified":"2025-01-21T06:09:17","modified_gmt":"2025-01-21T06:09:17","slug":"arm-cylinder-for-bonny-ctd460-6","status":"publish","type":"product","link":"https:\/\/www.hydraulic-cylinders.net\/ro\/produs\/arm-cylinder-for-bonny-ctd460-6\/","title":{"rendered":"Cilindru de bra\u021b pentru Bonny CTD460-6"},"content":{"rendered":"<h1>Cilindru de bra\u021b pentru Bonny CTD460-6<\/h1>\n<h2>Introducere<\/h2>\n<p>Un cilindru hidraulic specializat este un cilindru hidraulic utilizat \u00een principal pentru a oferi mi\u0219care liniar\u0103 \u0219i putere bra\u021belor diferitelor tipuri de utilaje, cum ar fi excavatoare, macarale \u0219i bra\u021be robotizate. Cilindrul bra\u021bului joac\u0103 un rol esen\u021bial \u00een sistemele hidraulice, permi\u021b\u00e2nd mi\u0219carea \u0219i controlul eficient al sculelor sau accesoriilor ata\u0219ate. Ace\u0219ti cilindri nu numai c\u0103 ofer\u0103 o mi\u0219care lin\u0103, dar rezist\u0103 \u0219i la sarcini grele, asigur\u00e2nd func\u021bionarea eficient\u0103 \u0219i fiabilitatea utilajelor \u00een diverse condi\u021bii de lucru.<\/p>\n<p><img decoding=\"async\" src=\"https:\/\/www.hydraulic-cylinders.net\/wp-content\/uploads\/2025\/01\/songte-company-2.webp\"><\/p>\n<h2>Caracteristici<\/h2>\n<ul>\n<li>\n<h3>Transmisie eficient\u0103 a puterii:<\/h3>\n<p> Cilindrul bra\u021bului ofer\u0103 o mi\u0219care liniar\u0103 puternic\u0103 \u0219i putere, asigur\u00e2nd performan\u021be de \u00eenalt\u0103 eficien\u021b\u0103 ale utilajului.<\/li>\n<li>\n<h3>Control precis:<\/h3>\n<p> Prin intermediul sistemului hidraulic, cilindrul bra\u021bului poate realiza un control precis al mi\u0219c\u0103rii, f\u0103c\u00e2nd func\u021bionarea uneltelor ata\u0219ate mai flexibil\u0103 \u0219i precis\u0103.<\/li>\n<li>\n<h3>Durabilitate ridicat\u0103:<\/h3>\n<p> Cilindrii bra\u021bului sunt de obicei fabrica\u021bi din materiale de \u00eenalt\u0103 rezisten\u021b\u0103, care au o bun\u0103 rezisten\u021b\u0103 la uzur\u0103 \u0219i coroziune, ceea ce \u00eei face potrivi\u021bi pentru utilizarea pe termen lung \u00een medii dure.<\/li>\n<li>\n<h3>Adaptabilitate multifunc\u021bional\u0103:<\/h3>\n<p> Ace\u0219ti cilindri pot fi utiliza\u021bi pe scar\u0103 larg\u0103 \u00een diverse tipuri de utilaje, cum ar fi excavatoare, macarale \u0219i bra\u021be robotizate, adapt\u00e2ndu-se la diferite cerin\u021be de lucru.<\/li>\n<li>\n<h3>\u00centre\u021binere u\u0219oar\u0103:<\/h3>\n<p> Designul ia \u00een considerare u\u0219urin\u021ba \u00eentre\u021binerii \u0219i \u00eenlocuirii, f\u0103c\u00e2nd inspec\u021bia \u0219i \u00eentre\u021binerea regulat\u0103 mai convenabile \u0219i reduc\u00e2nd timpul de nefunc\u021bionare a echipamentelor.<\/li>\n<\/ul>\n<p>Putem produce acest produs, iar produsele noastre pot \u00eenlocui perfect ace\u0219ti cilindri hidraulici.<\/p>\n<p><img decoding=\"async\" src=\"https:\/\/www.hydraulic-cylinders.net\/wp-content\/uploads\/2025\/01\/songte-oil-pipes-and-spare-parts.webp\"><\/p>\n<h2>Aplica\u021bii<\/h2>\n<p>Cilindrii cu bra\u021b sunt utiliza\u021bi \u00een diverse industrii \u0219i aplica\u021bii, inclusiv:<\/p>\n<ul>\n<li>\n<h3>Construc\u021bie:<\/h3>\n<p> \u00cen excavatoare \u0219i macarale, cilindrii bra\u021bului sunt utiliza\u021bi pentru a controla mi\u0219carea cupelor sau a bra\u021belor pentru lucr\u0103ri de terasament, manipularea materialelor \u0219i instalarea structural\u0103.<\/li>\n<li>\n<h3>Fabrica\u021bie:<\/h3>\n<p> \u00cen liniile de produc\u021bie automatizate, cilindrii bra\u021bului sunt utiliza\u021bi pentru mi\u0219carea bra\u021belor robotizate \u00een procesele de asamblare, sudare \u0219i manipulare, \u00eembun\u0103t\u0103\u021bind eficien\u021ba \u0219i precizia produc\u021biei.<\/li>\n<li>\n<h3>Ma\u0219ini agricole:<\/h3>\n<p> \u00cen utilajele agricole, cum ar fi combinele de recoltat \u0219i sem\u0103n\u0103toarele, cilindrii bra\u021bului controleaz\u0103 mi\u0219carea bra\u021belor de operare, \u00eendeplinind sarcini precum sem\u0103natul, fertilizarea \u0219i recoltarea.<\/li>\n<li>\n<h3>Minerit:<\/h3>\n<p> \u00cen echipamentele miniere, cilindrii bra\u021bului sunt utiliza\u021bi pentru a controla mi\u0219carea bra\u021bului echipamentelor miniere pentru extrac\u021bia \u0219i manipularea minereului.<\/li>\n<li>\n<h3>Logistic\u0103 \u0219i transport:<\/h3>\n<p> \u00cen cazul stivuitoarelor \u0219i robo\u021bilor de manipulare, cilindrii bra\u021bului sunt utiliza\u021bi pentru a controla ridicarea \u0219i mi\u0219carea furcilor, realiz\u00e2nd manipularea \u0219i stivuirea materialelor.<\/li>\n<\/ul>\n<h2>Considera\u021bii de proiectare \u0219i criterii de selec\u021bie<\/h2>\n<p>Proiectarea cilindrului bra\u021bului ia \u00een considerare factori cheie precum capacitatea portant\u0103, etan\u0219area, durabilitatea, siguran\u021ba \u0219i mentenan\u021ba. <\/p>\n<ul>\n<li>\n<h3>Capacitate portant\u0103:<\/h3>\n<p> Cilindrul bra\u021bului trebuie s\u0103 poat\u0103 suporta sarcinile impuse \u00een timpul func\u021bion\u0103rii, asigur\u00e2ndu-se c\u0103 func\u021bioneaz\u0103 f\u0103r\u0103 probleme \u0219i eficient.<\/li>\n<li>\n<h3>Etan\u0219are:<\/h3>\n<p> Cilindrul trebuie s\u0103 fie etan\u0219at eficient pentru a preveni scurgerile de fluid hidraulic \u0219i contaminarea cu resturi externe.<\/li>\n<li>\n<h3>Durabilitate:<\/h3>\n<p> Cilindrul bra\u021bului trebuie s\u0103 fie fabricat din materiale de \u00eenalt\u0103 calitate, care s\u0103 reziste mediilor dure de func\u021bionare.<\/li>\n<li>\n<h3>Siguran\u0163\u0103:<\/h3>\n<p> Cilindrul bra\u021bului trebuie proiectat pentru a preveni accidentele \u0219i v\u0103t\u0103m\u0103rile corporale ale personalului \u0219i utilajelor.<\/li>\n<li>\n<h3>Mentenabilitate:<\/h3>\n<p> Proiectarea trebuie s\u0103 ia \u00een considerare u\u0219urin\u021ba \u00eentre\u021binerii \u0219i \u00eenlocuirii, reducerea timpilor de nefunc\u021bionare \u0219i maximizarea productivit\u0103\u021bii.<\/li>\n<\/ul>\n<p><img decoding=\"async\" src=\"https:\/\/www.hydraulic-cylinders.net\/wp-content\/uploads\/2025\/01\/songte-cylinder-head-with-all-kinds-excavator-models.webp\"><\/p>\n<h2>Etan\u0219are \u0219i lubrifiere<\/h2>\n<p>Diverse componente de etan\u0219are, cum ar fi etan\u0219\u0103rile pistonului \u0219i etan\u0219\u0103rile tijei, sunt utilizate \u00een cilindrii bra\u021bului, fiind fabricate din materiale rezistente la uzur\u0103, cum ar fi poliuretanul \u0219i cauciucul nitrilic. Corpul cilindrului \u0219i suprafe\u021bele filetate ale cap\u0103tului sunt prelucrate fin pentru a \u00eembun\u0103t\u0103\u021bi rezisten\u021ba la uzur\u0103. \u00centre\u021binerea regulat\u0103 include ad\u0103ugarea unei cantit\u0103\u021bi adecvate de ulei hidraulic pentru lubrifiere.<\/p>\n<h2>\u00centre\u021binere preventiv\u0103 \u0219i depanare<\/h2>\n<p>Inspec\u021bia regulat\u0103 \u0219i \u00eentre\u021binerea preventiv\u0103 sunt esen\u021biale pentru a asigura buna func\u021bionare a cilindrului bra\u021bului. Problemele comune, cum ar fi scurgerile de fluid hidraulic, devia\u021bia cilindrului \u0219i eficien\u021ba redus\u0103, pot fi diagnosticate \u0219i rezolvate folosind metode adecvate de depanare. M\u0103surile de prevenire a poten\u021bialelor probleme includ men\u021binerea cilindrului curat, asigurarea instal\u0103rii \u0219i ata\u0219\u0103rii corecte \u0219i respectarea programelor de \u00eentre\u021binere recomandate.<\/p>\n<p><img decoding=\"async\" src=\"https:\/\/www.hydraulic-cylinders.net\/wp-content\/uploads\/2025\/01\/songte-chushion-collar.webp\"><\/p>\n<h2>Ghid de instalare<\/h2>\n<p>Pentru instalarea corect\u0103 a cilindrului bra\u021bului, urma\u021bi instruc\u021biunile produc\u0103torului \u0219i respecta\u021bi m\u0103surile de siguran\u021b\u0103 relevante. Verifica\u021bi compatibilitatea echipamentului \u0219i asigura\u021bi-v\u0103 c\u0103 toate punctele de fixare sunt fixate \u0219i \u00een stare bun\u0103. Efectua\u021bi un test func\u021bional \u00eenainte de utilizare pentru a asigura func\u021bionarea corect\u0103 a cilindrului.<\/p>\n<h2>Despre noi<\/h2>\n<p>Suntem un produc\u0103tor profesionist de cilindri hidraulici de schimb, cu o gam\u0103 larg\u0103 de produse \u0219i unul dintre principalii produc\u0103tori \u0219i distribuitori angro de cilindri hidraulici pe pie\u021bele interne \u0219i interna\u021bionale. Sus\u021binem \u00eentotdeauna principiul excelen\u021bei, baz\u00e2ndu-ne pe strategii industrializate de management al produc\u021biei \u00een ateliere fin fabricate pentru a ne \u00eembun\u0103t\u0103\u021bi continuu nivelul tehnic \u0219i eficien\u021ba produc\u021biei. Prin introducerea de echipamente digitale de fabrica\u021bie de ultim\u0103 genera\u021bie \u0219i sisteme profesionale de testare, optimiz\u0103m platforma de fabrica\u021bie \u0219i \u00eembun\u0103t\u0103\u021bim procesul de control al calit\u0103\u021bii produselor, posed\u00e2nd capacit\u0103\u021bi puternice de inovare. Scopul nostru este de a satisface nevoile diversificate ale clien\u021bilor cu eficien\u021b\u0103, precizie \u0219i calitate \u00eenalt\u0103.<\/p>\n<ul>\n<li>\n<h3>Profesionalism:<\/h3>\n<p> Avem o echip\u0103 de ingineri \u0219i tehnicieni experimenta\u021bi \u0219i profesioni\u0219ti, specializa\u021bi \u00een proiectarea, fabricarea \u0219i controlul calit\u0103\u021bii cilindrilor hidraulici.<\/li>\n<li>\n<h3>Certificare interna\u021bional\u0103:<\/h3>\n<p> Produsele noastre au trecut diverse certific\u0103ri de calitate na\u021bionale \u0219i interna\u021bionale, cum ar fi ISO9001:2015, CE \u0219i SGS.<\/li>\n<li>\n<h3>Servicii de personalizare:<\/h3>\n<p> Oferim servicii personalizate pentru a satisface cerin\u021bele specifice ale clien\u021bilor.<\/li>\n<li>\n<h3>Echipamente de produc\u021bie:<\/h3>\n<p> Folosim echipamente digitale de produc\u021bie avansate \u0219i de ultim\u0103 genera\u021bie, cum ar fi strunguri CNC \u0219i centre de prelucrare, pentru a asigura o precizie ridicat\u0103 \u0219i o consecven\u021b\u0103 \u00een produsele noastre.<\/li>\n<li>\n<h3>Serviciu post-v\u00e2nzare:<\/h3>\n<p> Oferim servicii post-v\u00e2nzare complete \u0219i profesionale, cum ar fi asisten\u021b\u0103 tehnic\u0103, \u00eentre\u021binere a produselor \u0219i garan\u021bie.<\/li>\n<\/ul>\n<p><img decoding=\"async\" src=\"https:\/\/www.hydraulic-cylinders.net\/wp-content\/uploads\/2025\/01\/songte-company-4.webp\"><\/p>\n<p><img decoding=\"async\" src=\"https:\/\/www.hydraulic-cylinders.net\/wp-content\/uploads\/2025\/01\/songte-company-3.webp\"><\/p>\n<footer>Autor: lyl.<\/footer>","protected":false},"excerpt":{"rendered":"<p>Arm Cylinder For Bonny CTD460-6 Introduction An arm cylinder is a specialized hydraulic cylinder that is primarily used to provide linear motion and power to the arms of various types of machinery such as excavators, cranes, and robotic arms. The arm cylinder plays a critical role in hydraulic systems, allowing for effective movement and control [&hellip;]<\/p>","protected":false},"featured_media":14786,"comment_status":"open","ping_status":"closed","template":"","meta":{"_et_pb_use_builder":"","_et_pb_old_content":"","_et_gb_content_width":""},"product_brand":[],"product_cat":[1497],"product_tag":[1498,1496],"class_list":{"0":"post-16868","1":"product","2":"type-product","3":"status-publish","4":"has-post-thumbnail","6":"product_cat-arm-cylinders","7":"product_tag-arm-cylinders","8":"product_tag-hydraulic-cylinders","10":"first","11":"instock","12":"shipping-taxable","13":"product-type-simple"},"amp_enabled":true,"_links":{"self":[{"href":"https:\/\/www.hydraulic-cylinders.net\/ro\/wp-json\/wp\/v2\/product\/16868","targetHints":{"allow":["GET"]}}],"collection":[{"href":"https:\/\/www.hydraulic-cylinders.net\/ro\/wp-json\/wp\/v2\/product"}],"about":[{"href":"https:\/\/www.hydraulic-cylinders.net\/ro\/wp-json\/wp\/v2\/types\/product"}],"replies":[{"embeddable":true,"href":"https:\/\/www.hydraulic-cylinders.net\/ro\/wp-json\/wp\/v2\/comments?post=16868"}],"wp:featuredmedia":[{"embeddable":true,"href":"https:\/\/www.hydraulic-cylinders.net\/ro\/wp-json\/wp\/v2\/media\/14786"}],"wp:attachment":[{"href":"https:\/\/www.hydraulic-cylinders.net\/ro\/wp-json\/wp\/v2\/media?parent=16868"}],"wp:term":[{"taxonomy":"product_brand","embeddable":true,"href":"https:\/\/www.hydraulic-cylinders.net\/ro\/wp-json\/wp\/v2\/product_brand?post=16868"},{"taxonomy":"product_cat","embeddable":true,"href":"https:\/\/www.hydraulic-cylinders.net\/ro\/wp-json\/wp\/v2\/product_cat?post=16868"},{"taxonomy":"product_tag","embeddable":true,"href":"https:\/\/www.hydraulic-cylinders.net\/ro\/wp-json\/wp\/v2\/product_tag?post=16868"}],"curies":[{"name":"wp","href":"https:\/\/api.w.org\/{rel}","templated":true}]}}