{"id":16888,"date":"2025-01-21T06:10:42","date_gmt":"2025-01-21T06:10:42","guid":{"rendered":"https:\/\/www.hydraulic-cylinders.net\/product\/arm-cylinder-for-baoding-sc240sd-8\/"},"modified":"2025-01-21T06:10:44","modified_gmt":"2025-01-21T06:10:44","slug":"arm-cylinder-for-baoding-sc240sd-8","status":"publish","type":"product","link":"https:\/\/www.hydraulic-cylinders.net\/ro\/produs\/arm-cylinder-for-baoding-sc240sd-8\/","title":{"rendered":"Cilindru de bra\u021b pentru Baoding SC240SD.8"},"content":{"rendered":"<h1>Cilindru de bra\u021b pentru Baoding SC240SD.8<\/h1>\n<h2>Introducere<\/h2>\n<p>Cilindrul bra\u021bului este un cilindru hidraulic special conceput, utilizat \u00een principal pentru a oferi mi\u0219care liniar\u0103 \u0219i putere bra\u021belor diferitelor tipuri de utilaje, cum ar fi excavatoare, macarale \u0219i bra\u021be mecanice. Cilindrul bra\u021bului joac\u0103 un rol crucial \u00een sistemele hidraulice, permi\u021b\u00e2nd ata\u0219amentelor sau accesoriilor s\u0103 se mi\u0219te \u0219i s\u0103 se controleze eficient. Ace\u0219ti cilindri nu numai c\u0103 ofer\u0103 o mi\u0219care lin\u0103, dar rezist\u0103 \u0219i la sarcini grele, asigur\u00e2nd func\u021bionarea eficient\u0103 \u0219i fiabilitatea utilajelor \u00een diverse condi\u021bii de lucru.<\/p>\n<p><img decoding=\"async\" src=\"https:\/\/www.hydraulic-cylinders.net\/wp-content\/uploads\/2025\/01\/songte-company-2.webp\"><\/p>\n<h2>Caracteristici<\/h2>\n<ul>\n<li>Transmisie eficient\u0103 a puterii: Cilindrul bra\u021bului poate oferi o mi\u0219care liniar\u0103 \u0219i o for\u021b\u0103 puternice, asigur\u00e2nd performan\u021ba de \u00eenalt\u0103 eficien\u021b\u0103 a bra\u021bului mecanic \u00een diverse opera\u021biuni.<\/li>\n<li>Control precis: Prin intermediul sistemelor hidraulice, cilindrul bra\u021bului poate realiza un control precis al mi\u0219c\u0103rii, f\u0103c\u00e2nd func\u021bionarea ata\u0219amentelor mai flexibil\u0103 \u0219i mai precis\u0103.<\/li>\n<li>Durabilitate mare: Cilindrul bra\u021bului este de obicei fabricat din materiale de \u00eenalt\u0103 rezisten\u021b\u0103 \u0219i are o bun\u0103 rezisten\u021b\u0103 la uzur\u0103 \u0219i coroziune, potrivit pentru utilizare pe termen lung \u00een medii dure.<\/li>\n<li>Adaptabilitate multifunc\u021bional\u0103: Ace\u0219ti cilindri pot fi utiliza\u021bi pe scar\u0103 larg\u0103 \u00een diverse echipamente mecanice, cum ar fi excavatoare, macarale \u0219i bra\u021be mecanice, adapt\u00e2ndu-se la diferite cerin\u021be de lucru.<\/li>\n<li>\u00centre\u021binere u\u0219oar\u0103: Designul ia \u00een considerare u\u0219urin\u021ba \u00eentre\u021binerii \u0219i \u00eenlocuirii, ceea ce face ca inspec\u021bia \u0219i \u00eentre\u021binerea regulat\u0103 s\u0103 fie mai convenabile \u0219i reduce timpul de nefunc\u021bionare a echipamentelor.<\/li>\n<\/ul>\n<p>Putem produce acest produs, iar produsele noastre pot \u00eenlocui perfect ace\u0219ti cilindri hidraulici.<\/p>\n<p><img decoding=\"async\" src=\"https:\/\/www.hydraulic-cylinders.net\/wp-content\/uploads\/2025\/01\/songte-oil-pipes-and-spare-parts.webp\"><\/p>\n<h2>Aplica\u021bii<\/h2>\n<p>Cilindrul cu bra\u021b este utilizat pe scar\u0103 larg\u0103 \u00een diverse industrii, cum ar fi:<\/p>\n<ul>\n<li>Construc\u021bii: La excavatoare \u0219i macarale, cilindrul bra\u021bului este utilizat pentru a controla mi\u0219carea cupei sau a bra\u021bului, pentru lucr\u0103ri de terasament, manipularea materialelor \u0219i instalarea structurilor.<\/li>\n<li>Fabrica\u021bie: \u00cen liniile de produc\u021bie automatizate, cilindrul bra\u021bului este utilizat pentru mi\u0219carea bra\u021belor mecanice, pentru procesele de asamblare, sudare \u0219i manipulare, \u00eembun\u0103t\u0103\u021bind eficien\u021ba \u0219i precizia produc\u021biei.<\/li>\n<li>Ma\u0219ini agricole: \u00cen cazul ma\u0219inilor agricole, cum ar fi combinele de recoltat \u0219i sem\u0103n\u0103toarele, cilindrul bra\u021bului controleaz\u0103 mi\u0219carea bra\u021bului de operare, efectu\u00e2nd sarcini precum sem\u0103natul, fertilizarea \u0219i recoltarea.<\/li>\n<li>Minerit: \u00cen echipamentele miniere, cilindrul bra\u021bului este utilizat pentru a controla mi\u0219carea bra\u021bului echipamentelor miniere, pentru mineritul \u0219i transportul minereului.<\/li>\n<li>Logistic\u0103 \u0219i transport: La stivuitoarele \u0219i robo\u021bii de manipulare, cilindrul bra\u021bului este utilizat pentru a controla ridicarea \u0219i mi\u0219carea furcii, realiz\u00e2nd manipularea \u0219i stivuirea materialelor.<\/li>\n<\/ul>\n<h2>Considera\u021bii de proiectare \u0219i criterii de selec\u021bie<\/h2>\n<p>Din perspectiva designului, cilindrul bra\u021bului trebuie s\u0103 ia \u00een considerare urm\u0103toarele:<\/p>\n<h3>Capacitate portant\u0103<\/h3>\n<p>Cilindrul bra\u021bului trebuie s\u0103 aib\u0103 capacitatea de a suporta sarcina \u0219i de a furniza for\u021ba necesar\u0103 pentru opera\u021biune. Diametrul \u0219i lungimea cursei cilindrului trebuie luate \u00een considerare la selectarea cilindrului.<\/p>\n<h3>Sigilare<\/h3>\n<p>Cilindrul bra\u021bului trebuie s\u0103 aib\u0103 o bun\u0103 performan\u021b\u0103 de etan\u0219are pentru a preveni scurgerile. Diverse componente de etan\u0219are, cum ar fi etan\u0219\u0103rile pistonului \u0219i etan\u0219\u0103rile tijei, sunt utilizate pentru a asigura performan\u021ba de etan\u0219are. Componentele de etan\u0219are sunt fabricate din materiale rezistente la uzur\u0103, cum ar fi poliuretanul \u0219i cauciucul nitrilic.<\/p>\n<h3>Durabilitate<\/h3>\n<p>Cilindrul bra\u021bului trebuie s\u0103 fie durabil \u0219i s\u0103 aib\u0103 o bun\u0103 rezisten\u021b\u0103 la uzur\u0103 \u0219i coroziune. Materiale de \u00eenalt\u0103 rezisten\u021b\u0103, tratamente de suprafa\u021b\u0103 \u0219i acoperiri pot fi utilizate pentru a \u00eembun\u0103t\u0103\u021bi durabilitatea.<\/p>\n<h3>Siguran\u0163\u0103<\/h3>\n<p>Cilindrul bra\u021bului trebuie s\u0103 fie sigur \u0219i fiabil, cu caracteristici precum protec\u021bie la suprasarcin\u0103 \u0219i func\u021bii de oprire de urgen\u021b\u0103.<\/p>\n<h3>Mentenabilitate<\/h3>\n<p>Cilindrul bra\u021bului trebuie s\u0103 fie u\u0219or de \u00eentre\u021binut \u0219i reparat. Designul cilindrului trebuie s\u0103 fie u\u0219or de dezasamblat \u0219i asamblat, iar \u00eenlocuirea componentelor trebuie s\u0103 fie simpl\u0103.<\/p>\n<p><img decoding=\"async\" src=\"https:\/\/www.hydraulic-cylinders.net\/wp-content\/uploads\/2025\/01\/songte-cylinder-head-with-all-kinds-excavator-models.webp\"><\/p>\n<h2>Etan\u0219are \u0219i lubrifiere<\/h2>\n<p>Cilindrul bra\u021bului utilizeaz\u0103 diverse componente de etan\u0219are, cum ar fi etan\u0219\u0103rile pistonului \u0219i etan\u0219\u0103rile tijei, pentru a asigura performan\u021ba de etan\u0219are. Componentele de etan\u0219are sunt fabricate din materiale rezistente la uzur\u0103, cum ar fi poliuretanul \u0219i cauciucul nitrilic. Corpul cilindrului \u0219i suprafa\u021ba cap\u0103tului filetat sunt prelucrate fin pentru a \u00eembun\u0103t\u0103\u021bi rezisten\u021ba la uzur\u0103. Lubrifierea regulat\u0103 cu ulei hidraulic este necesar\u0103 pentru a asigura func\u021bionarea f\u0103r\u0103 probleme a cilindrului.<\/p>\n<h2>Inspec\u021bie regulat\u0103 \u0219i \u00eentre\u021binere preventiv\u0103<\/h2>\n<p>Pentru a asigura fiabilitatea \u0219i siguran\u021ba pe termen lung a cilindrului bra\u021bului, inspec\u021bia regulat\u0103 \u0219i \u00eentre\u021binerea preventiv\u0103 sunt esen\u021biale. Trebuie luate urm\u0103toarele m\u0103suri:<\/p>\n<ul>\n<li>Verifica\u021bi periodic corpul cilindrului, tija pistonului \u0219i componentele de etan\u0219are pentru uzur\u0103 \u0219i deterior\u0103ri.<\/li>\n<li>\u00cenlocui\u021bi periodic componentele de etan\u0219are pentru a asigura performan\u021ba de etan\u0219are.<\/li>\n<li>Verifica\u021bi \u0219i \u00eenlocui\u021bi periodic uleiul hidraulic.<\/li>\n<li>Verifica\u021bi \u0219i str\u00e2nge\u021bi periodic elementele de fixare.<\/li>\n<li>Verifica\u021bi \u0219i \u00eenlocui\u021bi periodic elementul filtrant.<\/li>\n<\/ul>\n<p><img decoding=\"async\" src=\"https:\/\/www.hydraulic-cylinders.net\/wp-content\/uploads\/2025\/01\/songte-chushion-collar.webp\"><\/p>\n<h2>Ghid de instalare<\/h2>\n<p>Instalarea cilindrului bra\u021bului trebuie efectuat\u0103 conform instruc\u021biunilor:<\/p>\n<ol>\n<li>Asigura\u021bi-v\u0103 c\u0103 suprafa\u021ba de instalare este plan\u0103 \u0219i curat\u0103.<\/li>\n<li>Instala\u021bi cilindrul conform direc\u021biei s\u0103ge\u021bii de pe corpul cilindrului.<\/li>\n<li>Acorda\u021bi aten\u021bie pozi\u021biei de instalare a cilindrului \u0219i evita\u021bi lovirea tijei pistonului de obiecte externe.<\/li>\n<li>Asigura\u021bi-v\u0103 c\u0103 elementele de fixare sunt str\u00e2nse la cuplul specificat.<\/li>\n<li>Verifica\u021bi func\u021bionarea cilindrului dup\u0103 instalare pentru a v\u0103 asigura c\u0103 acesta func\u021bioneaz\u0103 f\u0103r\u0103 probleme \u0219i corect.<\/li>\n<\/ol>\n<p><img decoding=\"async\" src=\"https:\/\/www.hydraulic-cylinders.net\/wp-content\/uploads\/2025\/01\/songte-bushings-with-all-kinds-of-excavator-models.webp\"><\/p>\n<h2>Considera\u021bii de siguran\u021b\u0103 \u0219i factori de mediu<\/h2>\n<p>La utilizarea cilindrului bra\u021bului, trebuie luate m\u0103suri de siguran\u021b\u0103 pentru a preveni accidentele. Trebuie luate \u00een considerare urm\u0103toarele m\u0103suri de siguran\u021b\u0103:<\/p>\n<ul>\n<li>Asigura\u021bi-v\u0103 c\u0103 cilindrul este instalat \u0219i utilizat conform instruc\u021biunilor.<\/li>\n<li>Acorda\u021bi aten\u021bie capacit\u0103\u021bii de \u00eenc\u0103rcare a cilindrului \u0219i nu dep\u0103\u0219i\u021bi limita specificat\u0103.<\/li>\n<li>Verifica\u021bi periodic cilindrul pentru uzur\u0103 \u0219i deterior\u0103ri \u0219i \u00eenlocui\u021bi componentele la timp.<\/li>\n<li>Folosi\u021bi echipament de protec\u021bie pentru a preveni accidentele cauzate de scurgerile de petrol.<\/li>\n<\/ul>\n<h2>Depanare \u0219i probleme frecvente<\/h2>\n<p>Problemele frecvente ale cilindrului bra\u021bului includ scurgeri de ulei, putere insuficient\u0103 \u0219i zgomot anormal. Urm\u0103toarele sfaturi \u0219i solu\u021bii pot ajuta la diagnosticarea \u0219i rezolvarea problemelor:<\/p>\n<ul>\n<li>Dac\u0103 exist\u0103 scurgeri de ulei \u00een corpul cilindrului, verifica\u021bi componentele de etan\u0219are \u0219i \u00eenlocui\u021bi-le dac\u0103 este necesar.<\/li>\n<li>Dac\u0103 puterea este insuficient\u0103, verifica\u021bi capacitatea de \u00eenc\u0103rcare \u0219i regla\u021bi sistemul hidraulic \u00een consecin\u021b\u0103.<\/li>\n<li>Dac\u0103 exist\u0103 zgomote anormale, verifica\u021bi elementele de fixare \u0219i componentele de etan\u0219are \u0219i str\u00e2nge\u021bi-le dac\u0103 este necesar.<\/li>\n<\/ul>\n<p>M\u0103surile preventive, cum ar fi inspec\u021bia, \u00eentre\u021binerea \u0219i \u00eenlocuirea regulat\u0103 a componentelor, pot reduce poten\u021bialele probleme \u0219i pot asigura fiabilitatea pe termen lung a cilindrului bra\u021bului.<\/p>\n<p><img decoding=\"async\" src=\"https:\/\/www.hydraulic-cylinders.net\/wp-content\/uploads\/2025\/01\/songte-company-4.webp\"><br \/>\n<img decoding=\"async\" src=\"https:\/\/www.hydraulic-cylinders.net\/wp-content\/uploads\/2025\/01\/songte-company-3.webp\"><\/p>\n<h2>Despre noi<\/h2>\n<p>Suntem un produc\u0103tor profesionist de cilindri hidraulici de schimb, cu o gam\u0103 larg\u0103 de produse. Am devenit unul dintre principalii produc\u0103tori \u0219i distribuitori angro de cilindri hidraulici pe pie\u021bele interne \u0219i interna\u021bionale. Ader\u0103m \u00eentotdeauna la principiul calit\u0103\u021bii excelente, baz\u00e2ndu-ne pe strategii de management al produc\u021biei industriale \u00een ateliere de fabrica\u021bie de precizie pentru a \u00eembun\u0103t\u0103\u021bi continuu nivelul tehnic \u0219i eficien\u021ba produc\u021biei. Prin introducerea de echipamente digitale de fabrica\u021bie de ultim\u0103 genera\u021bie \u0219i sisteme profesionale de testare, optimiz\u0103m continuu platforma de fabrica\u021bie, \u00eembun\u0103t\u0103\u021bim procesul de control al calit\u0103\u021bii produselor \u0219i avem capacit\u0103\u021bi puternice de inovare. Scopul nostru este de a satisface nevoile diverse ale clien\u021bilor cu principii eficiente, precise \u0219i de \u00eenalt\u0103 calitate.<\/p>\n<h3>Profesionalism<\/h3>\n<p>Suntem o echip\u0103 de profesioni\u0219ti cu experien\u021b\u0103, dedica\u021bi furniz\u0103rii de produse \u0219i servicii de cea mai bun\u0103 calitate clien\u021bilor no\u0219tri. Avem o \u00een\u021belegere aprofundat\u0103 a cilindrilor hidraulici \u0219i putem oferi consultan\u021b\u0103 \u0219i solu\u021bii profesionale pentru a satisface nevoile diferi\u021bilor clien\u021bi.<\/p>\n<h3>Certificare interna\u021bional\u0103<\/h3>\n<p>Produsele noastre au trecut diverse certific\u0103ri interna\u021bionale, cum ar fi ISO9001, CE \u0219i SGS, iar noi control\u0103m cu stricte\u021be calitatea produselor conform standardelor interna\u021bionale.<\/p>\n<h3>Servicii de personalizare<\/h3>\n<p>Putem oferi servicii de personalizare \u00een func\u021bie de nevoile specifice ale clien\u021bilor, cum ar fi dimensiuni, forme \u0219i materiale speciale.<\/p>\n<h3>Echipamente de produc\u021bie<\/h3>\n<p>Dispunem de echipamente de produc\u021bie avansate, cum ar fi centre de prelucrare CNC, ma\u0219ini de rectificat de precizie \u0219i ma\u0219ini automate de sudur\u0103, pentru a asigura precizia ridicat\u0103 \u0219i automatizarea produc\u021biei.<\/p>\n<h3>Serviciu post-v\u00e2nzare<\/h3>\n<p>Oferim servicii complete post-v\u00e2nzare, inclusiv asisten\u021b\u0103 tehnic\u0103, \u00eentre\u021binere \u0219i servicii de repara\u021bii, pentru a ne asigura c\u0103 to\u021bi clien\u021bii no\u0219tri pot utiliza produsele noastre cu \u00eencredere.<\/p>\n<p>Autor: lyl<\/p>","protected":false},"excerpt":{"rendered":"<p>Arm Cylinder For Baoding SC240SD.8 Introduction The arm cylinder is a specially designed hydraulic cylinder that is primarily used to provide linear motion and power to the arms of various types of machinery such as excavators, cranes, and mechanical arms. The arm cylinder plays a crucial role in hydraulic systems, enabling attachments or accessories to [&hellip;]<\/p>","protected":false},"featured_media":14786,"comment_status":"open","ping_status":"closed","template":"","meta":{"_et_pb_use_builder":"","_et_pb_old_content":"","_et_gb_content_width":""},"product_brand":[],"product_cat":[1497],"product_tag":[1498,1496],"class_list":{"0":"post-16888","1":"product","2":"type-product","3":"status-publish","4":"has-post-thumbnail","6":"product_cat-arm-cylinders","7":"product_tag-arm-cylinders","8":"product_tag-hydraulic-cylinders","10":"first","11":"instock","12":"shipping-taxable","13":"product-type-simple"},"amp_enabled":true,"_links":{"self":[{"href":"https:\/\/www.hydraulic-cylinders.net\/ro\/wp-json\/wp\/v2\/product\/16888","targetHints":{"allow":["GET"]}}],"collection":[{"href":"https:\/\/www.hydraulic-cylinders.net\/ro\/wp-json\/wp\/v2\/product"}],"about":[{"href":"https:\/\/www.hydraulic-cylinders.net\/ro\/wp-json\/wp\/v2\/types\/product"}],"replies":[{"embeddable":true,"href":"https:\/\/www.hydraulic-cylinders.net\/ro\/wp-json\/wp\/v2\/comments?post=16888"}],"wp:featuredmedia":[{"embeddable":true,"href":"https:\/\/www.hydraulic-cylinders.net\/ro\/wp-json\/wp\/v2\/media\/14786"}],"wp:attachment":[{"href":"https:\/\/www.hydraulic-cylinders.net\/ro\/wp-json\/wp\/v2\/media?parent=16888"}],"wp:term":[{"taxonomy":"product_brand","embeddable":true,"href":"https:\/\/www.hydraulic-cylinders.net\/ro\/wp-json\/wp\/v2\/product_brand?post=16888"},{"taxonomy":"product_cat","embeddable":true,"href":"https:\/\/www.hydraulic-cylinders.net\/ro\/wp-json\/wp\/v2\/product_cat?post=16888"},{"taxonomy":"product_tag","embeddable":true,"href":"https:\/\/www.hydraulic-cylinders.net\/ro\/wp-json\/wp\/v2\/product_tag?post=16888"}],"curies":[{"name":"wp","href":"https:\/\/api.w.org\/{rel}","templated":true}]}}