{"id":16894,"date":"2025-01-21T06:11:10","date_gmt":"2025-01-21T06:11:10","guid":{"rendered":"https:\/\/www.hydraulic-cylinders.net\/product\/arm-cylinder-for-tiangong-zg3235-9\/"},"modified":"2025-01-21T06:11:11","modified_gmt":"2025-01-21T06:11:11","slug":"arm-cylinder-for-tiangong-zg3235-9","status":"publish","type":"product","link":"https:\/\/www.hydraulic-cylinders.net\/ro\/produs\/arm-cylinder-for-tiangong-zg3235-9\/","title":{"rendered":"Cilindru de bra\u021b pentru Tiangong ZG3235-9"},"content":{"rendered":"<h1>Cilindru de bra\u021b pentru Tiangong ZG3235-9<\/h1>\n<h2>Defini\u021bie \u0219i explica\u021bie<\/h2>\n<p>Cilindrul de bra\u021b este un cilindru hidraulic special conceput care ofer\u0103 mi\u0219care liniar\u0103 \u0219i putere bra\u021bului diferitelor tipuri de utilaje, cum ar fi excavatoare, macarale \u0219i bra\u021be robotizate. Acesta joac\u0103 un rol cheie \u00een sistemele hidraulice, permi\u021b\u00e2nd mi\u0219carea \u0219i controlul eficient al uneltelor sau ata\u0219amentelor suplimentare. Ace\u0219ti cilindri nu numai c\u0103 permit o mi\u0219care lin\u0103, dar rezist\u0103 \u0219i la sarcini grele, asigur\u00e2nd func\u021bionarea eficient\u0103 \u0219i fiabilitatea utilajelor \u00een diverse condi\u021bii de lucru.<\/p>\n<p><img decoding=\"async\" src=\"https:\/\/www.hydraulic-cylinders.net\/wp-content\/uploads\/2025\/01\/songte-company-2.webp\"><\/p>\n<h2>Caracteristici<\/h2>\n<ul>\n<li>Transmisie eficient\u0103 a puterii: Cilindrul bra\u021bului ofer\u0103 o mi\u0219care liniar\u0103 puternic\u0103 \u0219i o for\u021b\u0103, asigur\u00e2nd o eficien\u021b\u0103 de \u00eenalt\u0103 performan\u021b\u0103 a bra\u021bului robotic \u00een diverse opera\u021biuni.<\/li>\n<li>Control de precizie: Cu sistemul hidraulic, cilindrul bra\u021bului permite un control precis al mi\u0219c\u0103rii, f\u0103c\u00e2nd opera\u021biunile cu uneltele ata\u0219ate mai flexibile \u0219i precise.<\/li>\n<li>Durabilitate ridicat\u0103: Cilindrii bra\u021bului sunt de obicei fabrica\u021bi din materiale de \u00eenalt\u0103 rezisten\u021b\u0103, oferind o rezisten\u021b\u0103 excelent\u0103 la uzur\u0103 \u0219i coroziune, ceea ce \u00eei face potrivi\u021bi pentru utilizarea pe termen lung \u00een medii dure.<\/li>\n<li>Adaptabilitate multifunc\u021bional\u0103: Ace\u0219ti cilindri pot fi aplica\u021bi pe scar\u0103 larg\u0103 la diverse utilaje, cum ar fi excavatoare, macarale \u0219i bra\u021be robotizate, r\u0103spunz\u00e2nd diferitelor cerin\u021be de lucru.<\/li>\n<li>\u00centre\u021binere u\u0219oar\u0103: Concepu\u021bi pentru u\u0219urin\u021ba \u00eentre\u021binerii \u0219i \u00eenlocuirii, cilindrii faciliteaz\u0103 inspec\u021bia \u0219i \u00eentre\u021binerea periodic\u0103 convenabil\u0103, reduc\u00e2nd timpul de nefunc\u021bionare a echipamentelor.<\/li>\n<\/ul>\n<p><img decoding=\"async\" src=\"https:\/\/www.hydraulic-cylinders.net\/wp-content\/uploads\/2025\/01\/songte-oil-pipes-and-spare-parts.webp\"><\/p>\n<h2>Aplica\u021bii<\/h2>\n<p>Cilindrul cu bra\u021b \u00ee\u0219i g\u0103se\u0219te aplica\u021bii \u00een diverse industrii:<\/p>\n<ul>\n<li>Inginerie de construc\u021bii: La excavatoare \u0219i macarale, cilindrul bra\u021bului controleaz\u0103 mi\u0219carea cupelor sau a bra\u021belor pentru lucr\u0103ri de terasament, manipularea materialelor \u0219i instalarea structural\u0103.<\/li>\n<li>Fabrica\u021bie: \u00cen liniile de produc\u021bie automatizate, cilindrul bra\u021bului faciliteaz\u0103 mi\u0219carea bra\u021belor robotizate pentru procesele de asamblare, sudare \u0219i manipulare a materialelor, \u00eembun\u0103t\u0103\u021bind eficien\u021ba \u0219i precizia produc\u021biei.<\/li>\n<li>Ma\u0219ini agricole: \u00cen cazul ma\u0219inilor agricole, cum ar fi combinele de recoltat \u0219i sem\u0103n\u0103toarele, cilindrul bra\u021bului controleaz\u0103 mi\u0219carea bra\u021belor de operare pentru sarcini precum plantarea, fertilizarea \u0219i recoltarea.<\/li>\n<li>Minerit: \u00cen echipamentele miniere, cilindrul bra\u021bului controleaz\u0103 mi\u0219carea bra\u021bului pentru minerit \u0219i transportul minereului.<\/li>\n<li>Logistic\u0103 \u0219i transport: La stivuitoarele \u0219i robo\u021bii de manipulare, cilindrul bra\u021bului controleaz\u0103 ridicarea \u0219i mi\u0219carea furcilor, permi\u021b\u00e2nd manipularea \u0219i stivuirea materialelor.<\/li>\n<\/ul>\n<h2>Considera\u021bii de proiectare \u0219i criterii de selec\u021bie<\/h2>\n<p>La proiectarea cilindrilor bra\u021bului, trebuie lua\u021bi \u00een considerare c\u00e2\u021biva factori importan\u021bi:<\/p>\n<ul>\n<li>Capacitate portant\u0103: Cilindrul trebuie s\u0103 poat\u0103 suporta sarcina prev\u0103zut\u0103 \u0219i s\u0103 func\u021bioneze \u00een siguran\u021b\u0103 \u00een diverse condi\u021bii de lucru.<\/li>\n<li>Etan\u0219are: Diverse componente de etan\u0219are, cum ar fi etan\u0219\u0103rile pistonului \u0219i etan\u0219\u0103rile tijei, trebuie alese cu aten\u021bie, utiliz\u00e2nd materiale rezistente la uzur\u0103, cum ar fi poliuretanul \u0219i cauciucul nitrilic.<\/li>\n<li>Durabilitate: Corpul cilindrului \u0219i capetele filetate trebuie supuse unei prelucr\u0103ri fine pentru a spori rezisten\u021ba la uzur\u0103 \u0219i a asigura o durat\u0103 de via\u021b\u0103 mai lung\u0103.<\/li>\n<li>Siguran\u021b\u0103: \u00cen proiect trebuie incluse m\u0103suri de siguran\u021b\u0103 adecvate pentru a preveni accidentele \u0219i a asigura protec\u021bia operatorilor.<\/li>\n<li>\u00centre\u021binere: Designul ar trebui s\u0103 faciliteze \u00eentre\u021binerea u\u0219oar\u0103 \u0219i s\u0103 ofere acces convenabil pentru inspec\u021bii \u0219i repara\u021bii, reduc\u00e2nd timpul de nefunc\u021bionare.<\/li>\n<\/ul>\n<p><img decoding=\"async\" src=\"https:\/\/www.hydraulic-cylinders.net\/wp-content\/uploads\/2025\/01\/songte-cylinder-head-with-all-kinds-excavator-models.webp\"><\/p>\n<h2>Etan\u0219are \u0219i lubrifiere<\/h2>\n<p>Cilindrul bra\u021bului utilizeaz\u0103 diverse componente de etan\u0219are, cum ar fi etan\u0219\u0103rile pistonului \u0219i etan\u0219\u0103rile tijei, care sunt fabricate din materiale rezistente la uzur\u0103, precum poliuretanul \u0219i cauciucul nitrilic. Corpul cilindrului \u0219i capetele filetate sunt supuse unor prelucr\u0103ri fine pentru a spori rezisten\u021ba la uzur\u0103. Lubrifierea regulat\u0103 cu ulei hidraulic adecvat este esen\u021bial\u0103 pentru o func\u021bionare f\u0103r\u0103 probleme \u0219i o lung\u0103 durat\u0103 de via\u021b\u0103.<\/p>\n<h2>Inspec\u021bie regulat\u0103 \u0219i \u00eentre\u021binere preventiv\u0103<\/h2>\n<p>Inspec\u021biile regulate \u0219i m\u0103surile de \u00eentre\u021binere preventiv\u0103 sunt cruciale pentru asigurarea performan\u021bei optime \u0219i prelungirea duratei de via\u021b\u0103 a cilindrului bra\u021bului:<\/p>\n<ul>\n<li>Inspecta\u021bi cilindrul pentru a depista orice semne de scurgeri, deterior\u0103ri sau uzur\u0103.<\/li>\n<li>Cur\u0103\u021ba\u021bi cilindrul \u0219i componentele acestuia \u00een mod regulat pentru a \u00eendep\u0103rta murd\u0103ria \u0219i resturile.<\/li>\n<li>Verifica\u021bi \u0219i completa\u021bi uleiul hidraulic dup\u0103 cum este necesar.<\/li>\n<li>Inspecta\u021bi \u0219i \u00eenlocui\u021bi garniturile \u0219i alte piese de uzur\u0103 atunci c\u00e2nd este necesar.<\/li>\n<li>Str\u00e2nge\u021bi orice conexiuni sau elemente de fixare sl\u0103bite.<\/li>\n<\/ul>\n<h2>Ghid de instalare a produsului<\/h2>\n<p>Instalarea corect\u0103 a cilindrului bra\u021bului este esen\u021bial\u0103 pentru performan\u021ba sa optim\u0103. Urma\u021bi ace\u0219ti pa\u0219i:<\/p>\n<ol>\n<li>Preg\u0103ti\u021bi zona de instalare \u0219i asigura\u021bi-v\u0103 c\u0103 este curat\u0103 \u0219i lipsit\u0103 de orice obstacole.<\/li>\n<li>Pozi\u021biona\u021bi cilindrul bra\u021bului \u00een loca\u021bia dorit\u0103 \u0219i alinia\u021bi-l cu punctele de montare.<\/li>\n<li>Fixa\u021bi cilindrul \u00een siguran\u021b\u0103 folosind \u0219uruburi sau elemente de fixare adecvate.<\/li>\n<li>Conecta\u021bi furtunurile sau conductele hidraulice conform instruc\u021biunilor produc\u0103torului.<\/li>\n<li>Verifica\u021bi dac\u0103 exist\u0103 scurgeri sau anomalii \u00eenainte de utilizare.<\/li>\n<\/ol>\n<p><img decoding=\"async\" src=\"https:\/\/www.hydraulic-cylinders.net\/wp-content\/uploads\/2025\/01\/songte-bushings-with-all-kinds-of-excavator-models.webp\"><\/p>\n<h2>Considera\u021bii de siguran\u021b\u0103 \u0219i factori de mediu<\/h2>\n<p>Atunci c\u00e2nd se utilizeaz\u0103 cilindri cu bra\u021b, implementarea unor m\u0103suri de siguran\u021b\u0103 adecvate este de maxim\u0103 importan\u021b\u0103 pentru a preveni accidentele \u0219i a asigura bun\u0103starea operatorilor. Factorii de mediu, cum ar fi temperatura \u0219i umiditatea, pot afecta, de asemenea, performan\u021ba cilindrului, a\u0219a c\u0103 este esen\u021bial s\u0103 se ia \u00een considerare ace\u0219ti factori \u00een timpul func\u021bion\u0103rii \u0219i \u00eentre\u021binerii.<\/p>\n<h2>Depanare \u0219i probleme frecvente<\/h2>\n<p>Iat\u0103 c\u00e2teva probleme frecvente care pot ap\u0103rea la cilindrii bra\u021bului:<\/p>\n<ul>\n<li>Scurgere de fluid hidraulic<\/li>\n<li>Zgomot anormal \u00een timpul func\u021bion\u0103rii<\/li>\n<li>Mi\u0219care lent\u0103 sau neuniform\u0103<\/li>\n<\/ul>\n<p>Pentru a rezolva aceste probleme, urma\u021bi aceste sfaturi de depanare \u0219i rezolvare a problemelor:<\/p>\n<ul>\n<li>Inspecta\u021bi \u0219i str\u00e2nge\u021bi orice conexiuni sl\u0103bite.<\/li>\n<li>Verifica\u021bi \u0219i \u00eenlocui\u021bi garniturile deteriorate sau alte componente defecte.<\/li>\n<li>Asigura\u021bi o lubrifiere \u0219i niveluri adecvate ale fluidului hidraulic.<\/li>\n<li>Consulta\u021bi instruc\u021biunile produc\u0103torului sau solicita\u021bi asisten\u021b\u0103 profesional\u0103, dac\u0103 este necesar.<\/li>\n<\/ul>\n<p><img decoding=\"async\" src=\"https:\/\/www.hydraulic-cylinders.net\/wp-content\/uploads\/2025\/01\/songte-chushion-collar.webp\"><\/p>\n<p>Nu uita s\u0103 organizezi articolul logic, s\u0103 folose\u0219ti subtitluri pentru o navigare u\u0219oar\u0103, s\u0103 incluzi imagini sau grafice relevante pentru a \u00eembun\u0103t\u0103\u021bi \u00een\u021belegerea \u0219i s\u0103 te asiguri c\u0103 este clar, concis \u0219i potrivit pentru cititorii cu diferite niveluri de cuno\u0219tin\u021be tehnice.<\/p>\n<h2>Despre noi<\/h2>\n<p>Suntem un produc\u0103tor profesionist de cilindri hidraulici de schimb, oferind o gam\u0103 larg\u0103 de produse. Am devenit unul dintre principalii produc\u0103tori \u0219i distribuitori angro de cilindri hidraulici pe pie\u021bele interne \u0219i interna\u021bionale. Men\u021bin\u00e2nd principiul excelen\u021bei \u00een calitate, ne \u00eembun\u0103t\u0103\u021bim continuu capacit\u0103\u021bile tehnologice \u0219i eficien\u021ba produc\u021biei. Prin introducerea de echipamente digitale de fabrica\u021bie de ultim\u0103 genera\u021bie \u0219i sisteme profesionale de testare, optimiz\u0103m platforma noastr\u0103 de fabrica\u021bie \u0219i \u00eembun\u0103t\u0103\u021bim procesele de control al calit\u0103\u021bii produselor, demonstr\u00e2nd capacit\u0103\u021bi puternice de inovare. Scopul nostru este de a satisface nevoile diverse ale clien\u021bilor cu eficien\u021b\u0103, precizie \u0219i produse de \u00eenalt\u0103 calitate.<\/p>\n<p><img decoding=\"async\" src=\"https:\/\/www.hydraulic-cylinders.net\/wp-content\/uploads\/2025\/01\/songte-company-4.webp\"><br \/>\n<img decoding=\"async\" src=\"https:\/\/www.hydraulic-cylinders.net\/wp-content\/uploads\/2025\/01\/songte-company-3.webp\"><\/p>\n<p>Autor: lyl<\/p>","protected":false},"excerpt":{"rendered":"<p>Arm Cylinder For Tiangong ZG3235-9 Definition and Explanation The arm cylinder is a specially designed hydraulic cylinder that provides linear motion and power to the arm of various types of machinery, such as excavators, cranes, and robotic arms. It plays a key role in hydraulic systems, allowing for efficient movement and control of additional tools [&hellip;]<\/p>","protected":false},"featured_media":14770,"comment_status":"open","ping_status":"closed","template":"","meta":{"_et_pb_use_builder":"","_et_pb_old_content":"","_et_gb_content_width":""},"product_brand":[],"product_cat":[1497],"product_tag":[1498,1496],"class_list":{"0":"post-16894","1":"product","2":"type-product","3":"status-publish","4":"has-post-thumbnail","6":"product_cat-arm-cylinders","7":"product_tag-arm-cylinders","8":"product_tag-hydraulic-cylinders","10":"first","11":"instock","12":"shipping-taxable","13":"product-type-simple"},"amp_enabled":true,"_links":{"self":[{"href":"https:\/\/www.hydraulic-cylinders.net\/ro\/wp-json\/wp\/v2\/product\/16894","targetHints":{"allow":["GET"]}}],"collection":[{"href":"https:\/\/www.hydraulic-cylinders.net\/ro\/wp-json\/wp\/v2\/product"}],"about":[{"href":"https:\/\/www.hydraulic-cylinders.net\/ro\/wp-json\/wp\/v2\/types\/product"}],"replies":[{"embeddable":true,"href":"https:\/\/www.hydraulic-cylinders.net\/ro\/wp-json\/wp\/v2\/comments?post=16894"}],"wp:featuredmedia":[{"embeddable":true,"href":"https:\/\/www.hydraulic-cylinders.net\/ro\/wp-json\/wp\/v2\/media\/14770"}],"wp:attachment":[{"href":"https:\/\/www.hydraulic-cylinders.net\/ro\/wp-json\/wp\/v2\/media?parent=16894"}],"wp:term":[{"taxonomy":"product_brand","embeddable":true,"href":"https:\/\/www.hydraulic-cylinders.net\/ro\/wp-json\/wp\/v2\/product_brand?post=16894"},{"taxonomy":"product_cat","embeddable":true,"href":"https:\/\/www.hydraulic-cylinders.net\/ro\/wp-json\/wp\/v2\/product_cat?post=16894"},{"taxonomy":"product_tag","embeddable":true,"href":"https:\/\/www.hydraulic-cylinders.net\/ro\/wp-json\/wp\/v2\/product_tag?post=16894"}],"curies":[{"name":"wp","href":"https:\/\/api.w.org\/{rel}","templated":true}]}}