{"id":16900,"date":"2025-01-21T06:11:33","date_gmt":"2025-01-21T06:11:33","guid":{"rendered":"https:\/\/www.hydraulic-cylinders.net\/product\/arm-cylinder-for-dasin-ds18\/"},"modified":"2025-01-21T06:11:34","modified_gmt":"2025-01-21T06:11:34","slug":"arm-cylinder-for-dasin-ds18","status":"publish","type":"product","link":"https:\/\/www.hydraulic-cylinders.net\/ro\/produs\/arm-cylinder-for-dasin-ds18\/","title":{"rendered":"Cilindru de bra\u021b pentru Dasin DS18"},"content":{"rendered":"<p><!DOCTYPE html><br \/>\n<html><br \/>\n<head><br \/>\n\t<title>Cilindru de bra\u021b pentru Dasin DS18<\/title><br \/>\n<\/head><br \/>\n<body><\/p>\n<h1>Cilindru de bra\u021b pentru Dasin DS18<\/h1>\n<h2>Introducere<\/h2>\n<p>Cilindrul de bra\u021b este un cilindru hidraulic special conceput care ofer\u0103 mi\u0219care liniar\u0103 \u0219i putere bra\u021belor diferitelor utilaje, cum ar fi excavatoare, macarale \u0219i bra\u021be robotizate. Acesta joac\u0103 un rol crucial \u00een sistemele hidraulice, permi\u021b\u00e2nd mi\u0219carea \u0219i controlul eficient al uneltelor sau ata\u0219amentelor suplimentare. Ace\u0219ti cilindri nu numai c\u0103 asigur\u0103 o mi\u0219care lin\u0103, dar rezist\u0103 \u0219i la sarcini grele, asigur\u00e2nd o eficien\u021b\u0103 ridicat\u0103 \u0219i fiabilitate a utilajelor \u00een diverse condi\u021bii de func\u021bionare.<\/p>\n<p>\t<img decoding=\"async\" src=\"https:\/\/www.hydraulic-cylinders.net\/wp-content\/uploads\/2025\/01\/songte-company-2.webp\" alt=\"Cilindru de bra\u021b pentru Dasin DS18\"><\/p>\n<h2>Caracteristici<\/h2>\n<ul>\n<li><strong>Transmisie de \u00eenalt\u0103 eficien\u021b\u0103:<\/strong> Cilindrul bra\u021bului ofer\u0103 o mi\u0219care liniar\u0103 puternic\u0103 \u0219i o for\u021b\u0103, asigur\u00e2nd capacit\u0103\u021bi de \u00eenalt\u0103 performan\u021b\u0103 ale bra\u021belor robotice \u00een diverse opera\u021biuni.<\/li>\n<li><strong>Control precis:<\/strong> Cilindrul bra\u021bului permite un control precis al mi\u0219c\u0103rii prin intermediul sistemului hidraulic, ceea ce face ca operarea uneltelor suplimentare s\u0103 fie mai flexibil\u0103 \u0219i mai precis\u0103.<\/li>\n<li><strong>Durabilitate:<\/strong> Cilindrii bra\u021bului sunt de obicei fabrica\u021bi din materiale de \u00eenalt\u0103 rezisten\u021b\u0103, cu o rezisten\u021b\u0103 excelent\u0103 la uzur\u0103 \u0219i coroziune, ceea ce \u00eei face potrivi\u021bi pentru utilizare pe termen lung \u00een medii dure.<\/li>\n<li><strong>Adaptabilitate multifunc\u021bional\u0103:<\/strong> Ace\u0219ti cilindri pot fi aplica\u021bi pe scar\u0103 larg\u0103 la diverse tipuri de utilaje, cum ar fi excavatoare, macarale \u0219i bra\u021be robotizate, pentru a satisface diferite cerin\u021be de lucru.<\/li>\n<li><strong>\u00centre\u021binere u\u0219oar\u0103:<\/strong> Concepu\u021bi pentru \u00eentre\u021binere \u0219i \u00eenlocuire u\u0219oar\u0103, ace\u0219ti cilindri faciliteaz\u0103 inspec\u021biile \u0219i \u00eentre\u021binerea regulat\u0103, reduc\u00e2nd timpul de nefunc\u021bionare a echipamentelor.<\/li>\n<\/ul>\n<p>\t<img decoding=\"async\" src=\"https:\/\/www.hydraulic-cylinders.net\/wp-content\/uploads\/2025\/01\/songte-oil-pipes-and-spare-parts.webp\" alt=\"Cilindru de bra\u021b pentru Dasin DS18\"><\/p>\n<h2>Aplica\u021bii<\/h2>\n<p>Cilindrii cu bra\u021b au diverse aplica\u021bii \u00een diferite industrii:<\/p>\n<ul>\n<li><strong>Inginerie Construc\u021bii:<\/strong> Cilindrii de bra\u021b sunt utiliza\u021bi \u00een excavatoare \u0219i macarale pentru a controla mi\u0219carea cupelor sau a bra\u021belor pentru lucr\u0103ri de terasament, manipularea materialelor \u0219i instala\u021bii structurale.<\/li>\n<li><strong>Fabrica\u021bie:<\/strong> Cilindrii bra\u021belor din liniile de produc\u021bie automatizate faciliteaz\u0103 mi\u0219carea bra\u021belor robotizate pentru procesele de asamblare, sudare \u0219i manipulare a materialelor, \u00eembun\u0103t\u0103\u021bind astfel eficien\u021ba \u0219i precizia produc\u021biei.<\/li>\n<li><strong>Ma\u0219ini agricole:<\/strong> Cilindrii bra\u021bului controleaz\u0103 mi\u0219carea bra\u021belor de operare din utilajele agricole, cum ar fi combinele de recoltat \u0219i sem\u0103n\u0103toarele, efectu\u00e2nd sarcini precum sem\u0103natul, fertilizarea \u0219i recoltarea.<\/li>\n<li><strong>Minerit:<\/strong> Cilindrii bra\u021bului sunt utiliza\u021bi \u00een echipamentele miniere pentru a controla mi\u0219carea bra\u021bului \u00een timpul extrac\u021biei \u0219i transportului minereului.<\/li>\n<li><strong>Logistic\u0103 \u0219i transport:<\/strong> \u00cen cazul stivuitoarelor \u0219i robo\u021bilor de manipulare, cilindrii bra\u021bului controleaz\u0103 ridicarea \u0219i mi\u0219carea furcilor, permi\u021b\u00e2nd transportul \u0219i stivuirea materialelor.<\/li>\n<\/ul>\n<h2>Considera\u021bii de proiectare \u0219i criterii de selec\u021bie<\/h2>\n<p>\t<img decoding=\"async\" src=\"https:\/\/www.hydraulic-cylinders.net\/wp-content\/uploads\/2025\/01\/songte-cylinder-head-with-all-kinds-excavator-models.webp\" alt=\"Cilindru de bra\u021b pentru Dasin DS18\"><\/p>\n<p>La proiectarea \u0219i selectarea cilindrilor bra\u021bului, trebuie lua\u021bi \u00een considerare mai mul\u021bi factori:<\/p>\n<ul>\n<li><strong>Capacitate portant\u0103:<\/strong> Cilindrii bra\u021bului trebuie s\u0103 poat\u0103 suporta sarcina necesar\u0103 \u0219i s\u0103 furnizeze suficient\u0103 putere pentru aplica\u021bia prev\u0103zut\u0103.<\/li>\n<li><strong>Etan\u0219are:<\/strong> Diverse componente de etan\u0219are, cum ar fi etan\u0219\u0103rile pistonului \u0219i etan\u0219\u0103rile tijei, sunt utilizate pentru a asigura o etan\u0219are corect\u0103. Aceste etan\u0219\u0103ri sunt fabricate din materiale rezistente la uzur\u0103, cum ar fi poliuretanul \u0219i cauciucul nitrilic.<\/li>\n<li><strong>Durabilitate:<\/strong> Corpul cilindrului \u0219i capetele filetate sunt tratate fin pentru a \u00eembun\u0103t\u0103\u021bi rezisten\u021ba la uzur\u0103. Lubrifierea regulat\u0103 cu ulei hidraulic este necesar\u0103 pentru a asigura o func\u021bionare f\u0103r\u0103 probleme.<\/li>\n<li><strong>Siguran\u0163\u0103:<\/strong> Pentru a preveni accidentele \u00een timpul func\u021bion\u0103rii, trebuie implementate m\u0103suri de siguran\u021b\u0103, cum ar fi utilizarea dispozitivelor de siguran\u021b\u0103 adecvate \u0219i respectarea procedurilor de operare recomandate.<\/li>\n<li><strong>\u00centre\u0163inere:<\/strong> Trebuie efectuate inspec\u021bii regulate \u0219i \u00eentre\u021binere preventiv\u0103 pentru a identifica \u0219i remedia prompt orice probleme poten\u021biale.<\/li>\n<\/ul>\n<h2>Ghid de instalare<\/h2>\n<p>\t<img decoding=\"async\" src=\"https:\/\/www.hydraulic-cylinders.net\/wp-content\/uploads\/2025\/01\/songte-bushings-with-all-kinds-of-excavator-models.webp\" alt=\"Cilindru de bra\u021b pentru Dasin DS18\"><\/p>\n<p>Instalarea corect\u0103 a cilindrului bra\u021bului este crucial\u0103 pentru performan\u021ba sa optim\u0103. Urma\u021bi ace\u0219ti pa\u0219i:<\/p>\n<ol>\n<li>Preg\u0103ti\u021bi suprafa\u021ba de montare \u0219i asigura\u021bi-v\u0103 c\u0103 este curat\u0103 \u0219i lipsit\u0103 de orice resturi.<\/li>\n<li>Alinia\u021bi cilindrul bra\u021bului cu orificiile de montare \u0219i fixa\u021bi-l folosind \u0219uruburi sau elemente de fixare corespunz\u0103toare.<\/li>\n<li>Verifica\u021bi alinierea \u0219i efectua\u021bi orice ajust\u0103ri necesare pentru a asigura o potrivire corect\u0103.<\/li>\n<li>Conecta\u021bi furtunurile sau \u021bevile hidraulice la orificiile cilindrului, asigur\u00e2nd o conexiune etan\u0219\u0103 \u0219i f\u0103r\u0103 scurgeri.<\/li>\n<li>Testa\u021bi func\u021bionarea cilindrului pentru a asigura o mi\u0219care lin\u0103 \u0219i o func\u021bionalitate corespunz\u0103toare.<\/li>\n<\/ol>\n<h2>Considera\u021bii de siguran\u021b\u0103 \u0219i factori de mediu<\/h2>\n<p>Atunci c\u00e2nd se utilizeaz\u0103 cilindri de bra\u021b, importan\u021ba m\u0103surilor de siguran\u021b\u0103 nu poate fi supraestimat\u0103. Implementarea unor m\u0103suri de siguran\u021b\u0103 adecvate este esen\u021bial\u0103 pentru a preveni accidentele \u0219i a asigura bun\u0103starea operatorilor \u0219i a trec\u0103torilor. Factorii de mediu, cum ar fi temperatura \u0219i expunerea la substan\u021be chimice, ar trebui, de asemenea, lua\u021bi \u00een considerare pentru a asigura longevitatea \u0219i performan\u021ba cilindrului de bra\u021b.<\/p>\n<h2>Depanare \u0219i probleme frecvente<\/h2>\n<p>\t<img decoding=\"async\" src=\"https:\/\/www.hydraulic-cylinders.net\/wp-content\/uploads\/2025\/01\/songte-chushion-collar.webp\" alt=\"Cilindru de bra\u021b pentru Dasin DS18\"><\/p>\n<p>C\u00e2nd \u00eent\u00e2mpina\u021bi probleme cu cilindrul bra\u021bului, lua\u021bi \u00een considerare urm\u0103torii pa\u0219i de depanare:<\/p>\n<ul>\n<li><strong>Emisiune:<\/strong> Mi\u0219care lent\u0103 sau sacadat\u0103.<\/li>\n<p><strong>Solu\u021bie posibil\u0103:<\/strong> Verifica\u021bi dac\u0103 exist\u0103 niveluri sc\u0103zute de lichid hidraulic, scurgeri sau presiune inadecvat\u0103. Inspecta\u021bi garniturile \u0219i \u00eenlocui\u021bi-le dac\u0103 este necesar.<\/p>\n<li><strong>Emisiune:<\/strong> Zgomot excesiv \u00een timpul func\u021bion\u0103rii.<\/li>\n<p><strong>Solu\u021bie posibil\u0103:<\/strong> Verifica\u021bi cilindrul bra\u021bului pentru a depista piese sl\u0103bite sau componente deteriorate. Str\u00e2nge\u021bi orice conexiuni sl\u0103bite \u0219i \u00eenlocui\u021bi piesele uzate.<\/p>\n<li><strong>Emisiune:<\/strong> Cilindrul nu se extinde sau nu se retrage complet.<\/li>\n<p><strong>Solu\u021bie posibil\u0103:<\/strong> Verifica\u021bi dac\u0103 exist\u0103 obstruc\u021bii \u00een conductele hidraulice sau componente deteriorate. Asigura\u021bi o lubrifiere corespunz\u0103toare \u0219i inspecta\u021bi cilindrul pentru orice semne de uzur\u0103 sau deteriorare.<\/p>\n<\/ul>\n<p>Urm\u00e2nd aceste sfaturi de depanare \u0219i implement\u00e2nd m\u0103suri preventive, cititorii pot diagnostica \u0219i rezolva eficient problemele legate de cilindrul bra\u021bului, reduc\u00e2nd la minimum poten\u021bialele probleme.<\/p>\n<h2>Despre noi<\/h2>\n<p>Suntem un produc\u0103tor profesionist de cilindri hidraulici de schimb. Cu o gam\u0103 larg\u0103 de produse, am devenit unul dintre principalii produc\u0103tori \u0219i distribuitori angro de cilindri hidraulici, at\u00e2t pe pia\u021ba intern\u0103, c\u00e2t \u0219i pe cea interna\u021bional\u0103. Ader\u0103m la principiile excelen\u021bei \u0219i ne baz\u0103m pe strategii de management al produc\u021biei industriale \u00een atelierul nostru de fabrica\u021bie rafinat pentru a ne \u00eembun\u0103t\u0103\u021bi continuu expertiza tehnic\u0103 \u0219i eficien\u021ba produc\u021biei.<\/p>\n<p>Prin introducerea echipamentelor digitale avansate de fabrica\u021bie \u0219i a sistemelor profesionale de testare, optimiz\u0103m platforma noastr\u0103 de fabrica\u021bie \u0219i \u00eembun\u0103t\u0103\u021bim procesele de control al calit\u0103\u021bii produselor, demonstr\u00e2nd capacit\u0103\u021bi puternice de inovare. Scopul nostru este de a satisface nevoile diverse ale clien\u021bilor cu principii de eficien\u021b\u0103, precizie \u0219i \u00eenalt\u0103 calitate.<\/p>\n<p>\t<img decoding=\"async\" src=\"https:\/\/www.hydraulic-cylinders.net\/wp-content\/uploads\/2025\/01\/songte-company-4.webp\" alt=\"Cilindru de bra\u021b pentru Dasin DS18\"><br \/>\n\t<img decoding=\"async\" src=\"https:\/\/www.hydraulic-cylinders.net\/wp-content\/uploads\/2025\/01\/songte-company-3.webp\" alt=\"Cilindru de bra\u021b pentru Dasin DS18\"><\/p>\n<p>Ne m\u00e2ndrim cu profesionalismul nostru, certific\u0103rile interna\u021bionale, serviciile personalizate, echipamentele de produc\u021bie \u0219i serviciul post-v\u00e2nzare. Ne str\u0103duim s\u0103 oferim produse de calitate superioar\u0103 care \u00eendeplinesc cele mai \u00eenalte standarde \u0219i dep\u0103\u0219esc a\u0219tept\u0103rile clien\u021bilor.<\/p>\n<p><em>Autor: lyl<\/em><\/p>\n<p><\/body><br \/>\n<\/html><\/p>","protected":false},"excerpt":{"rendered":"<p>Arm Cylinder For Dasin DS18 Arm Cylinder For Dasin DS18 Introduction The arm cylinder is a specially designed hydraulic cylinder that provides linear motion and power to the arms of various machinery, such as excavators, cranes, and robotic arms. It plays a crucial role in hydraulic systems, enabling the efficient movement and control of additional [&hellip;]<\/p>","protected":false},"featured_media":14779,"comment_status":"open","ping_status":"closed","template":"","meta":{"_et_pb_use_builder":"","_et_pb_old_content":"","_et_gb_content_width":""},"product_brand":[],"product_cat":[1497],"product_tag":[1498,1496],"class_list":{"0":"post-16900","1":"product","2":"type-product","3":"status-publish","4":"has-post-thumbnail","6":"product_cat-arm-cylinders","7":"product_tag-arm-cylinders","8":"product_tag-hydraulic-cylinders","10":"first","11":"instock","12":"shipping-taxable","13":"product-type-simple"},"amp_enabled":true,"_links":{"self":[{"href":"https:\/\/www.hydraulic-cylinders.net\/ro\/wp-json\/wp\/v2\/product\/16900","targetHints":{"allow":["GET"]}}],"collection":[{"href":"https:\/\/www.hydraulic-cylinders.net\/ro\/wp-json\/wp\/v2\/product"}],"about":[{"href":"https:\/\/www.hydraulic-cylinders.net\/ro\/wp-json\/wp\/v2\/types\/product"}],"replies":[{"embeddable":true,"href":"https:\/\/www.hydraulic-cylinders.net\/ro\/wp-json\/wp\/v2\/comments?post=16900"}],"wp:featuredmedia":[{"embeddable":true,"href":"https:\/\/www.hydraulic-cylinders.net\/ro\/wp-json\/wp\/v2\/media\/14779"}],"wp:attachment":[{"href":"https:\/\/www.hydraulic-cylinders.net\/ro\/wp-json\/wp\/v2\/media?parent=16900"}],"wp:term":[{"taxonomy":"product_brand","embeddable":true,"href":"https:\/\/www.hydraulic-cylinders.net\/ro\/wp-json\/wp\/v2\/product_brand?post=16900"},{"taxonomy":"product_cat","embeddable":true,"href":"https:\/\/www.hydraulic-cylinders.net\/ro\/wp-json\/wp\/v2\/product_cat?post=16900"},{"taxonomy":"product_tag","embeddable":true,"href":"https:\/\/www.hydraulic-cylinders.net\/ro\/wp-json\/wp\/v2\/product_tag?post=16900"}],"curies":[{"name":"wp","href":"https:\/\/api.w.org\/{rel}","templated":true}]}}