{"id":16901,"date":"2025-01-21T06:11:37","date_gmt":"2025-01-21T06:11:37","guid":{"rendered":"https:\/\/www.hydraulic-cylinders.net\/product\/arm-cylinder-for-dasin-ds50-7\/"},"modified":"2025-01-21T06:11:39","modified_gmt":"2025-01-21T06:11:39","slug":"arm-cylinder-for-dasin-ds50-7","status":"publish","type":"product","link":"https:\/\/www.hydraulic-cylinders.net\/ro\/produs\/arm-cylinder-for-dasin-ds50-7\/","title":{"rendered":"Cilindru de bra\u021b pentru Dasin DS50-7"},"content":{"rendered":"<h1>Cilindru de bra\u021b pentru Dasin DS50-7<\/h1>\n<h2>Introducere<\/h2>\n<p>Un cilindru de bra\u021b este un cilindru hidraulic special conceput, utilizat pentru a oferi mi\u0219care liniar\u0103 \u0219i putere bra\u021belor diferitelor tipuri de utilaje, cum ar fi excavatoare, macarale \u0219i bra\u021be robotizate. Cilindrul de bra\u021b joac\u0103 un rol cheie \u00een sistemele hidraulice, permi\u021b\u00e2nd ata\u0219amentelor sau accesoriilor s\u0103 se mi\u0219te \u0219i s\u0103 fie controlate eficient. Ace\u0219ti cilindri nu numai c\u0103 ofer\u0103 o mi\u0219care lin\u0103, dar rezist\u0103 \u0219i la sarcini grele, asigur\u00e2nd func\u021bionarea eficient\u0103 \u0219i fiabilitatea utilajelor \u00een diverse condi\u021bii de func\u021bionare.<\/p>\n<p><img decoding=\"async\" src=\"https:\/\/www.hydraulic-cylinders.net\/wp-content\/uploads\/2025\/01\/songte-company-2.webp\" alt=\"Cilindru bra\u021b\"><\/p>\n<h2>Caracteristici<\/h2>\n<ul>\n<li>Transmisie de \u00eenalt\u0103 eficien\u021b\u0103: Cilindrul bra\u021bului ofer\u0103 o mi\u0219care liniar\u0103 puternic\u0103 \u0219i o for\u021b\u0103 puternic\u0103, asigur\u00e2nd performan\u021be de \u00eenalt\u0103 eficien\u021b\u0103 ale bra\u021bului robotic \u00een timpul diverselor opera\u021biuni.<\/li>\n<li>Control precis: Prin intermediul sistemului hidraulic, cilindrul bra\u021bului poate realiza un control precis al mi\u0219c\u0103rii, ceea ce face ca func\u021bionarea ata\u0219amentelor s\u0103 fie mai flexibil\u0103 \u0219i mai precis\u0103.<\/li>\n<li>Durabilitate mare: Cilindrii bra\u021bului sunt de obicei fabrica\u021bi din materiale de \u00eenalt\u0103 rezisten\u021b\u0103, cu rezisten\u021b\u0103 bun\u0103 la uzur\u0103 \u0219i coroziune, potrivi\u021bi pentru utilizare pe termen lung \u00een medii dure.<\/li>\n<li>Adaptabilitate multifunc\u021bional\u0103: Ace\u0219ti cilindri pot fi utiliza\u021bi pe scar\u0103 larg\u0103 \u00een diverse echipamente mecanice, cum ar fi excavatoare, macarale \u0219i bra\u021be robotizate, pentru a satisface diferite cerin\u021be de lucru.<\/li>\n<li>\u00centre\u021binere u\u0219oar\u0103: Designul ia \u00een considerare u\u0219urin\u021ba \u00eentre\u021binerii \u0219i \u00eenlocuirii, ceea ce face ca inspec\u021bia \u0219i \u00eentre\u021binerea regulat\u0103 s\u0103 fie mai convenabile \u0219i reduce timpul de nefunc\u021bionare a echipamentelor.<\/li>\n<\/ul>\n<p>Produsul nostru poate \u00eenlocui perfect ace\u0219ti cilindri hidraulici.<\/p>\n<p><img decoding=\"async\" src=\"https:\/\/www.hydraulic-cylinders.net\/wp-content\/uploads\/2025\/01\/songte-oil-pipes-and-spare-parts.webp\" alt=\"Piese cilindru hidraulic\"><\/p>\n<h2>Aplica\u021bii<\/h2>\n<p>Cilindrul cu bra\u021b este utilizat \u00een diverse industrii \u0219i aplica\u021bii, cum ar fi:<\/p>\n<ul>\n<li>Construc\u021bii: La excavatoare \u0219i macarale, cilindrul bra\u021bului este utilizat pentru a controla mi\u0219carea cupei sau a bra\u021bului pentru lucr\u0103ri de terasament, manipularea materialelor \u0219i instalarea structural\u0103.<\/li>\n<li>Fabrica\u021bie: \u00cen liniile de produc\u021bie automatizate, cilindrul bra\u021bului este utilizat pentru mi\u0219carea bra\u021belor robotizate pentru asamblare, sudare \u0219i manipulare a materialelor, \u00eembun\u0103t\u0103\u021bind eficien\u021ba \u0219i precizia produc\u021biei.<\/li>\n<li>Ma\u0219ini agricole: \u00cen cazul ma\u0219inilor agricole, cum ar fi combinele de recoltat \u0219i sem\u0103n\u0103toarele, cilindrul bra\u021bului controleaz\u0103 mi\u0219carea bra\u021bului de operare, efectu\u00e2nd sarcini precum plantarea, fertilizarea \u0219i recoltarea.<\/li>\n<li>Minerit: \u00cen echipamentele miniere, cilindrul bra\u021bului este utilizat pentru a controla mi\u0219carea bra\u021belor echipamentelor miniere pentru extrac\u021bia \u0219i manipularea minereului.<\/li>\n<li>Logistic\u0103 \u0219i transport: La stivuitoarele \u0219i robo\u021bii de manipulare a materialelor, cilindrul bra\u021bului este utilizat pentru a controla ridicarea \u0219i mi\u0219carea furcilor, realiz\u00e2nd manipularea \u0219i stivuirea materialelor.<\/li>\n<\/ul>\n<h2>Considera\u021bii de proiectare \u0219i criterii de selec\u021bie<\/h2>\n<p>\u00cen ceea ce prive\u0219te considera\u021biile de proiectare, cilindrii bra\u021bului trebuie s\u0103 aib\u0103 o capacitate portant\u0103 mare, o bun\u0103 etan\u0219are, durabilitate, siguran\u021b\u0103 \u0219i u\u0219urin\u021b\u0103 \u00een \u00eentre\u021binere. Se pot discuta urm\u0103toarele aspecte:<\/p>\n<ul>\n<li>Capacitate portant\u0103: Cilindrul bra\u021bului trebuie s\u0103 reziste la sarcini grele \u0219i s\u0103 ofere o mi\u0219care liniar\u0103 puternic\u0103 pentru a asigura func\u021bionarea eficient\u0103 a utilajelor.<\/li>\n<li>Etan\u0219are: Diverse elemente de etan\u0219are, cum ar fi etan\u0219\u0103rile pistonului \u0219i etan\u0219\u0103rile tijei, fabricate din materiale rezistente la uzur\u0103, cum ar fi poliuretanul \u0219i cauciucul nitrilic, sunt utilizate pentru a asigura o bun\u0103 performan\u021b\u0103 de etan\u0219are a cilindrului.<\/li>\n<li>Durabilitate: Cilindrii bra\u021bului sunt de obicei fabrica\u021bi din materiale de \u00eenalt\u0103 rezisten\u021b\u0103, cu o bun\u0103 rezisten\u021b\u0103 la uzur\u0103 \u0219i la coroziune, potrivi\u021bi pentru utilizare pe termen lung \u00een medii dure.<\/li>\n<li>Siguran\u021b\u0103: Cilindrul trebuie s\u0103 fie proiectat cu caracteristici de siguran\u021b\u0103, cum ar fi supape de suprapresiune, protec\u021bie la suprasarcin\u0103 \u0219i mecanisme de blocare pentru a preveni accidentele.<\/li>\n<li>\u00centre\u021binere: Proiectul ar trebui s\u0103 ia \u00een considerare u\u0219urin\u021ba \u00eentre\u021binerii \u0219i \u00eenlocuirii pentru a face inspec\u021bia \u0219i \u00eentre\u021binerea regulat\u0103 mai convenabile \u0219i a reduce timpul de nefunc\u021bionare a echipamentelor.<\/li>\n<\/ul>\n<p><img decoding=\"async\" src=\"https:\/\/www.hydraulic-cylinders.net\/wp-content\/uploads\/2025\/01\/songte-cylinder-head-with-all-kinds-excavator-models.webp\" alt=\"Chiulas\u0103\"><\/p>\n<h2>Etan\u0219are \u0219i lubrifiere<\/h2>\n<p>Cilindrul bra\u021bului utilizeaz\u0103 diverse elemente de etan\u0219are, cum ar fi etan\u0219\u0103ri de piston \u0219i etan\u0219\u0103ri de tij\u0103, fabricate din materiale rezistente la uzur\u0103, cum ar fi poliuretanul \u0219i cauciucul nitrilic, pentru a asigura o bun\u0103 etan\u0219are a cilindrului. Corpul cilindrului \u0219i suprafa\u021ba cap\u0103tului filetat sunt prelucrate fin pentru a \u00eembun\u0103t\u0103\u021bi rezisten\u021ba la uzur\u0103. Ad\u0103ugarea regulat\u0103 de ulei hidraulic adecvat este necesar\u0103 pentru lubrifierea cilindrului.<\/p>\n<h2>\u00centre\u021binere \u0219i m\u0103suri preventive<\/h2>\n<p>Inspec\u021bia regulat\u0103 \u0219i \u00eentre\u021binerea preventiv\u0103 pot prelungi eficient durata de via\u021b\u0103 a cilindrului bra\u021bului. Se pot lua urm\u0103toarele m\u0103suri:<\/p>\n<ul>\n<li>Verifica\u021bi \u0219i \u00eenlocui\u021bi periodic garniturile pentru a asigura o bun\u0103 performan\u021b\u0103 de etan\u0219are.<\/li>\n<li>Verifica\u021bi corpul cilindrului \u0219i suprafa\u021ba cap\u0103tului filetat pentru uzur\u0103 \u0219i deterior\u0103ri \u0219i \u00eenlocui\u021bi-le dac\u0103 este necesar.<\/li>\n<li>\u00cenlocui\u021bi regulat uleiul hidraulic \u0219i men\u021bine\u021bi-l curat pentru a asigura lubrifierea corect\u0103 a cilindrului.<\/li>\n<li>Verifica\u021bi caracteristicile de siguran\u021b\u0103 ale buteliei, cum ar fi supapele de suprapresiune, protec\u021bia la suprasarcin\u0103 \u0219i mecanismele de blocare, \u0219i asigura\u021bi-v\u0103 c\u0103 acestea func\u021bioneaz\u0103 corect.<\/li>\n<\/ul>\n<p><img decoding=\"async\" src=\"https:\/\/www.hydraulic-cylinders.net\/wp-content\/uploads\/2025\/01\/songte-chushion-collar.webp\" alt=\"Guler de pern\u0103\"><\/p>\n<h2>Ghid de instalare<\/h2>\n<p>\u00cenainte de instalare, citi\u021bi cu aten\u021bie \u0219i \u00een\u021belege\u021bi instruc\u021biunile de instalare \u0219i asigura\u021bi-v\u0103 c\u0103 cilindrul bra\u021bului \u0219i componentele sale sunt \u00een stare bun\u0103. Urma\u021bi ace\u0219ti pa\u0219i:<\/p>\n<ol>\n<li>Instala\u021bi cilindrul conform direc\u021biei s\u0103ge\u021bii de pe corpul cilindrului.<\/li>\n<li>Asigura\u021bi-v\u0103 c\u0103 suprafa\u021ba de contact a cilindrului \u0219i suprafa\u021ba de instalare a ma\u0219inii sunt curate \u0219i f\u0103r\u0103 deterior\u0103ri.<\/li>\n<li>Aplica\u021bi o cantitate adecvat\u0103 de lubrifiant pe cilindru \u0219i pe suprafa\u021ba de contact.<\/li>\n<li>Instala\u021bi cilindrul conform cuplului \u0219i secven\u021bei de str\u00e2ngere specificate.<\/li>\n<li>Verifica\u021bi instala\u021bia pentru scurgeri \u0219i func\u021bionare corect\u0103.<\/li>\n<\/ol>\n<h2>Considera\u021bii de siguran\u021b\u0103 \u0219i factori de mediu<\/h2>\n<p>M\u0103surile de siguran\u021b\u0103 sunt importante atunci c\u00e2nd se utilizeaz\u0103 cilindri cu bra\u021b. Operarea cilindrilor \u00een conformitate cu instruc\u021biunile produc\u0103torului, \u00eentre\u021binerea echipamentului \u0219i asigurarea func\u021bion\u0103rii corecte a caracteristicilor de siguran\u021b\u0103 pot ajuta la prevenirea accidentelor. Factorii de mediu, cum ar fi temperatura, umiditatea \u0219i contaminarea chimic\u0103, pot afecta performan\u021ba \u0219i durata de via\u021b\u0103 a cilindrilor.<\/p>\n<h2>Depanare \u0219i probleme frecvente<\/h2>\n<p>Problemele frecvente ale cilindrilor bra\u021bului includ scurgeri, func\u021bionare lent\u0103 \u0219i zgomot anormal. Urm\u0103toarele sfaturi \u0219i solu\u021bii pot ajuta la diagnosticarea \u0219i rezolvarea acestor probleme:<\/p>\n<ul>\n<li>Scurgeri: Verifica\u021bi elementele de etan\u0219are \u0219i suprafe\u021bele de contact pentru a depista eventualele deterior\u0103ri sau uzur\u0103 \u0219i \u00eenlocui\u021bi-le dac\u0103 este necesar.<\/li>\n<li>Func\u021bionare lent\u0103: Verifica\u021bi nivelul \u0219i calitatea uleiului hidraulic \u0219i \u00eenlocui\u021bi-l dac\u0103 este necesar.<\/li>\n<li>Zgomot anormal: Verifica\u021bi corpul cilindrului \u0219i suprafa\u021ba cap\u0103tului filetat pentru uzur\u0103 sau deteriorare \u0219i \u00eenlocui\u021bi-le dac\u0103 este necesar.<\/li>\n<\/ul>\n<p>De asemenea, se pot lua m\u0103suri preventive pentru a reduce poten\u021bialele probleme, cum ar fi inspec\u021bia \u0219i \u00eentre\u021binerea regulat\u0103, precum \u0219i utilizarea \u0219i depozitarea corespunz\u0103toare a buteliilor.<\/p>\n<p><img decoding=\"async\" src=\"https:\/\/www.hydraulic-cylinders.net\/wp-content\/uploads\/2025\/01\/songte-bushings-with-all-kinds-of-excavator-models.webp\" alt=\"Buc\u0219e\"><\/p>\n<h2>Despre noi<\/h2>\n<p>Suntem un produc\u0103tor profesionist de cilindri hidraulici de schimb cu o gam\u0103 larg\u0103 de produse \u0219i am devenit unul dintre principalii produc\u0103tori \u0219i distribuitori angro de cilindri hidraulici pe pie\u021bele interne \u0219i interna\u021bionale. Respect\u0103m \u00eentotdeauna principiul calit\u0103\u021bii excelente, ne baz\u0103m pe strategii de management al produc\u021biei industriale pentru ateliere de fabrica\u021bie meticuloase, \u00eembun\u0103t\u0103\u021bim continuu tehnologia \u0219i eficien\u021ba produc\u021biei. Prin introducerea de echipamente digitale de fabrica\u021bie de ultim\u0103 genera\u021bie \u0219i sisteme profesionale de inspec\u021bie, optimiz\u0103m constant platforma de fabrica\u021bie, \u00eembun\u0103t\u0103\u021bim procesele de control al calit\u0103\u021bii produselor \u0219i avem capacit\u0103\u021bi puternice de inovare. Scopul nostru este de a satisface nevoile diverse ale clien\u021bilor cu principii de eficien\u021b\u0103 ridicat\u0103, precizie \u0219i calitate \u00eenalt\u0103.<\/p>\n<p>Oferim clien\u021bilor no\u0219tri servicii profesionale, certific\u0103ri interna\u021bionale, servicii personalizate, echipamente de produc\u021bie \u0219i servicii post-v\u00e2nzare.<\/p>\n<p><img decoding=\"async\" src=\"https:\/\/www.hydraulic-cylinders.net\/wp-content\/uploads\/2025\/01\/songte-company-4.webp\" alt=\"Imaginea companiei\"><br \/>\n<img decoding=\"async\" src=\"https:\/\/www.hydraulic-cylinders.net\/wp-content\/uploads\/2025\/01\/songte-company-3.webp\" alt=\"Imaginea companiei\"><\/p>\n<p>Autor: lyl<\/p>","protected":false},"excerpt":{"rendered":"<p>Arm Cylinder For Dasin DS50-7 Introduction An arm cylinder is a specially designed hydraulic cylinder used to provide linear motion and power to the arms of various types of machinery, such as excavators, cranes, and robotic arms. The arm cylinder plays a key role in hydraulic systems, allowing attachments or accessories to move and be [&hellip;]<\/p>","protected":false},"featured_media":14777,"comment_status":"open","ping_status":"closed","template":"","meta":{"_et_pb_use_builder":"","_et_pb_old_content":"","_et_gb_content_width":""},"product_brand":[],"product_cat":[1497],"product_tag":[1498,1496],"class_list":{"0":"post-16901","1":"product","2":"type-product","3":"status-publish","4":"has-post-thumbnail","6":"product_cat-arm-cylinders","7":"product_tag-arm-cylinders","8":"product_tag-hydraulic-cylinders","10":"first","11":"instock","12":"shipping-taxable","13":"product-type-simple"},"amp_enabled":true,"_links":{"self":[{"href":"https:\/\/www.hydraulic-cylinders.net\/ro\/wp-json\/wp\/v2\/product\/16901","targetHints":{"allow":["GET"]}}],"collection":[{"href":"https:\/\/www.hydraulic-cylinders.net\/ro\/wp-json\/wp\/v2\/product"}],"about":[{"href":"https:\/\/www.hydraulic-cylinders.net\/ro\/wp-json\/wp\/v2\/types\/product"}],"replies":[{"embeddable":true,"href":"https:\/\/www.hydraulic-cylinders.net\/ro\/wp-json\/wp\/v2\/comments?post=16901"}],"wp:featuredmedia":[{"embeddable":true,"href":"https:\/\/www.hydraulic-cylinders.net\/ro\/wp-json\/wp\/v2\/media\/14777"}],"wp:attachment":[{"href":"https:\/\/www.hydraulic-cylinders.net\/ro\/wp-json\/wp\/v2\/media?parent=16901"}],"wp:term":[{"taxonomy":"product_brand","embeddable":true,"href":"https:\/\/www.hydraulic-cylinders.net\/ro\/wp-json\/wp\/v2\/product_brand?post=16901"},{"taxonomy":"product_cat","embeddable":true,"href":"https:\/\/www.hydraulic-cylinders.net\/ro\/wp-json\/wp\/v2\/product_cat?post=16901"},{"taxonomy":"product_tag","embeddable":true,"href":"https:\/\/www.hydraulic-cylinders.net\/ro\/wp-json\/wp\/v2\/product_tag?post=16901"}],"curies":[{"name":"wp","href":"https:\/\/api.w.org\/{rel}","templated":true}]}}