{"id":16902,"date":"2025-01-21T06:11:41","date_gmt":"2025-01-21T06:11:41","guid":{"rendered":"https:\/\/www.hydraulic-cylinders.net\/product\/arm-cylinder-for-dasin-ds35\/"},"modified":"2025-01-21T06:11:43","modified_gmt":"2025-01-21T06:11:43","slug":"arm-cylinder-for-dasin-ds35","status":"publish","type":"product","link":"https:\/\/www.hydraulic-cylinders.net\/ro\/produs\/arm-cylinder-for-dasin-ds35\/","title":{"rendered":"Cilindru de bra\u021b pentru Dasin DS35"},"content":{"rendered":"<h2>Cilindru de bra\u021b pentru Dasin DS35<\/h2>\n<h3>Introducere<\/h3>\n<p>Cilindrul hidraulic pentru Dasin DS35 este un tip de cilindru hidraulic conceput special pentru a oferi mi\u0219care liniar\u0103 \u0219i putere bra\u021bului diferitelor tipuri de utilaje, cum ar fi excavatoare, macarale \u0219i bra\u021be robotizate. Cilindrul hidraulic joac\u0103 un rol esen\u021bial \u00een sistemele hidraulice, permi\u021b\u00e2nd mi\u0219carea \u0219i controlul eficient al uneltelor sau ata\u0219amentelor suplimentare. Ace\u0219ti cilindri nu numai c\u0103 ofer\u0103 o mi\u0219care lin\u0103, dar pot rezista \u0219i la sarcini grele, asigur\u00e2nd func\u021bionarea eficient\u0103 \u0219i fiabilitatea utilajelor \u00een diverse condi\u021bii de func\u021bionare.<\/p>\n<p><img decoding=\"async\" src=\"https:\/\/www.hydraulic-cylinders.net\/wp-content\/uploads\/2025\/01\/songte-company-2.webp\" \/><\/p>\n<h3>Caracteristici<\/h3>\n<ul>\n<li><strong>Transmisie eficient\u0103 a puterii:<\/strong> Cilindrul bra\u021bului ofer\u0103 o mi\u0219care liniar\u0103 puternic\u0103 \u0219i o for\u021b\u0103, asigur\u00e2nd performan\u021be ridicate ale bra\u021bului robotic \u00een diverse opera\u021biuni.<\/li>\n<li><strong>Control precis:<\/strong> Prin intermediul sistemului hidraulic, cilindrul bra\u021bului poate realiza un control precis al mi\u0219c\u0103rii, f\u0103c\u00e2nd operarea uneltelor suplimentare mai flexibil\u0103 \u0219i precis\u0103.<\/li>\n<li><strong>Durabil:<\/strong> Cilindrii bra\u021bului sunt de obicei fabrica\u021bi din materiale de \u00eenalt\u0103 rezisten\u021b\u0103, cu o bun\u0103 rezisten\u021b\u0103 la uzur\u0103 \u0219i la coroziune, ceea ce \u00eei face potrivi\u021bi pentru utilizare pe termen lung \u00een medii dure.<\/li>\n<li><strong>Adaptabilitate multifunc\u021bional\u0103:<\/strong> Ace\u0219ti cilindri pot fi utiliza\u021bi pe scar\u0103 larg\u0103 \u00een diverse tipuri de utilaje, cum ar fi excavatoare, macarale \u0219i bra\u021be robotizate, adapt\u00e2ndu-se la diferite cerin\u021be de lucru.<\/li>\n<li><strong>\u00centre\u021binere u\u0219oar\u0103:<\/strong> Concepute pentru \u00eentre\u021binere \u0219i \u00eenlocuire u\u0219oar\u0103, inspec\u021biile \u0219i \u00eentre\u021binerea regulat\u0103 devin mai convenabile, reduc\u00e2nd timpul de nefunc\u021bionare a echipamentelor.<\/li>\n<\/ul>\n<p>Putem produce acest produs, iar produsul nostru poate \u00eenlocui perfect ace\u0219ti cilindri hidraulici.<\/p>\n<p><img decoding=\"async\" src=\"https:\/\/www.hydraulic-cylinders.net\/wp-content\/uploads\/2025\/01\/songte-oil-pipes-and-spare-parts.webp\" \/><\/p>\n<h3>Aplica\u021bii<\/h3>\n<p>Cilindrul cu bra\u021b \u00ee\u0219i g\u0103se\u0219te utilizarea \u00een diverse industrii, inclusiv:<\/p>\n<ul>\n<li><strong>Construc\u021bie:<\/strong> \u00cen excavatoare \u0219i macarale, cilindrul bra\u021bului este utilizat pentru a controla mi\u0219carea cupelor sau a bra\u021belor pentru lucr\u0103ri de terasament, manipularea materialelor \u0219i instalarea structural\u0103.<\/li>\n<li><strong>Fabrica\u021bie:<\/strong> \u00cen liniile de produc\u021bie automatizate, cilindrul bra\u021bului este utilizat pentru mi\u0219carea bra\u021belor robotizate, efectuarea proceselor de asamblare, sudare \u0219i manipulare a materialelor, \u00eembun\u0103t\u0103\u021bind eficien\u021ba \u0219i precizia produc\u021biei.<\/li>\n<li><strong>Ma\u0219ini agricole:<\/strong> \u00cen utilajele agricole, cum ar fi combinele de recoltat \u0219i sem\u0103n\u0103toarele, cilindrul bra\u021bului controleaz\u0103 mi\u0219carea bra\u021bului de operare, efectu\u00e2nd sarcini precum sem\u0103natul, fertilizarea \u0219i recoltarea.<\/li>\n<li><strong>Minerit:<\/strong> \u00cen echipamentele miniere, cilindrul bra\u021bului este utilizat pentru a controla mi\u0219carea bra\u021bului echipamentului minier, efectu\u00e2nd sarcini de minerit \u0219i manipulare a materialelor.<\/li>\n<li><strong>Logistic\u0103 \u0219i transport:<\/strong> \u00cen cazul stivuitoarelor \u0219i robo\u021bilor de manipulare, cilindrul bra\u021bului este utilizat pentru a controla ridicarea \u0219i mi\u0219carea \u00eenc\u0103rc\u0103turii, realiz\u00e2nd manipularea \u0219i stivuirea materialelor.<\/li>\n<\/ul>\n<h3>Considera\u021bii de proiectare \u0219i criterii de selec\u021bie<\/h3>\n<p>Criteriile de proiectare \u0219i selec\u021bie a cilindrului bra\u021bului includ:<\/p>\n<ul>\n<li><strong>Capacitate portant\u0103:<\/strong> Cilindrul bra\u021bului trebuie s\u0103 poat\u0103 suporta sarcina utilajului \u0219i a echipamentelor suplimentare pe care le transport\u0103.<\/li>\n<li><strong>Etan\u0219are:<\/strong> Cilindrul bra\u021bului ar trebui s\u0103 utilizeze diverse tipuri de etan\u0219\u0103ri, cum ar fi etan\u0219\u0103ri de piston \u0219i etan\u0219\u0103ri de tij\u0103, care sunt fabricate din materiale rezistente la uzur\u0103, cum ar fi poliuretanul \u0219i cauciucul nitrilic.<\/li>\n<li><strong>Durabilitate:<\/strong> Cilindrul bra\u021bului trebuie s\u0103 fie fabricat din materiale de \u00eenalt\u0103 rezisten\u021b\u0103 \u0219i s\u0103 aib\u0103 o bun\u0103 rezisten\u021b\u0103 la uzur\u0103 \u0219i coroziune, fiind potrivit pentru utilizarea \u00een medii dure.<\/li>\n<li><strong>Siguran\u0163\u0103:<\/strong> Cilindrul bra\u021bului trebuie s\u0103 aib\u0103 un factor de siguran\u021b\u0103 pentru a preveni spargerea sau accidentele \u00een timpul func\u021bion\u0103rii.<\/li>\n<li><strong>Mentenabilitate:<\/strong> Cilindrul bra\u021bului trebuie proiectat pentru \u00eentre\u021binere \u0219i \u00eenlocuire u\u0219oar\u0103, reduc\u00e2nd costurile de \u00eentre\u021binere \u0219i timpul de nefunc\u021bionare a echipamentelor.<\/li>\n<\/ul>\n<p><img decoding=\"async\" src=\"https:\/\/www.hydraulic-cylinders.net\/wp-content\/uploads\/2025\/01\/songte-cylinder-head-with-all-kinds-excavator-models.webp\" \/><\/p>\n<h3>Etan\u0219are \u0219i lubrifiere<\/h3>\n<p>Cilindrul bra\u021bului ar trebui s\u0103 utilizeze diverse tipuri de etan\u0219\u0103ri, cum ar fi etan\u0219\u0103rile pistonului \u0219i etan\u0219\u0103rile tijei, care sunt fabricate din materiale rezistente la uzur\u0103, cum ar fi poliuretanul \u0219i cauciucul nitrilic. Corpul cilindrului \u0219i suprafa\u021ba filetat\u0103 ar trebui prelucrate cu precizie pentru a \u00eembun\u0103t\u0103\u021bi rezisten\u021ba la uzur\u0103. Cilindrul bra\u021bului trebuie lubrifiat periodic cu o cantitate adecvat\u0103 de ulei hidraulic pentru a asigura o func\u021bionare f\u0103r\u0103 probleme.<\/p>\n<h3>\u00centre\u021binere \u0219i depanare<\/h3>\n<p>Pentru a asigura func\u021bionarea eficient\u0103 a cilindrului bra\u021bului, este necesar\u0103 o \u00eentre\u021binere regulat\u0103. \u00centre\u021binerea include verificarea scurgerilor, cur\u0103\u021barea cilindrului, \u00eenlocuirea garniturilor \u0219i inspec\u021bia tijei pistonului pentru deterior\u0103ri. \u00cen caz de depanare, urm\u0103toarele sfaturi pot fi utile:<\/p>\n<ul>\n<li><strong>Problem\u0103:<\/strong> Cilindrul nu se mi\u0219c\u0103 sau se mi\u0219c\u0103 \u00eencet.<\/li>\n<li><strong>Solu\u0163ie:<\/strong> Verifica\u021bi nivelul uleiului hidraulic, pompa de ulei \u0219i supapa.<\/li>\n<li><strong>Problem\u0103:<\/strong> Cilindrul se mi\u0219c\u0103 neuniform sau vibreaz\u0103.<\/li>\n<li><strong>Solu\u0163ie:<\/strong> Verifica\u021bi dac\u0103 tija pistonului este deteriorat\u0103 sau \u00eendoit\u0103 \u0219i verifica\u021bi v\u00e2scozitatea uleiului hidraulic.<\/li>\n<\/ul>\n<p>M\u0103surile preventive includ respectarea instruc\u021biunilor produc\u0103torului, \u00eentre\u021binerea regulat\u0103 \u0219i monitorizarea presiunii \u0219i temperaturii sistemului hidraulic.<\/p>\n<p><img decoding=\"async\" src=\"https:\/\/www.hydraulic-cylinders.net\/wp-content\/uploads\/2025\/01\/songte-chushion-collar.webp\" \/><\/p>\n<h3>Ghid de instalare<\/h3>\n<p>Instalarea cilindrului bra\u021bului necesit\u0103 aten\u021bie pentru a evita deteriorarea sau accidentele. Urm\u0103torii pa\u0219i pot ghida procesul de instalare:<\/p>\n<ol>\n<li>Preg\u0103ti\u021bi sistemul hidraulic \u0219i cilindrul bra\u021bului conform instruc\u021biunilor produc\u0103torului.<\/li>\n<li>Instala\u021bi cilindrul pe ma\u0219in\u0103, asigur\u00e2ndu-v\u0103 c\u0103 este aliniat \u0219i sus\u021binut corect.<\/li>\n<li>Conecta\u021bi furtunurile hidraulice la cilindru.<\/li>\n<li>Verifica\u021bi dac\u0103 exist\u0103 scurgeri \u0219i testa\u021bi func\u021bionarea cilindrului.<\/li>\n<\/ol>\n<p><img decoding=\"async\" src=\"https:\/\/www.hydraulic-cylinders.net\/wp-content\/uploads\/2025\/01\/songte-bushings-with-all-kinds-of-excavator-models.webp\" \/><\/p>\n<h3>Considera\u021bii de siguran\u021b\u0103 \u0219i factori de mediu<\/h3>\n<p>Func\u021bionarea cilindrului bra\u021bului trebuie s\u0103 respecte instruc\u021biunile \u0219i directivele de siguran\u021b\u0103 ale produc\u0103torului. Considera\u021biile de siguran\u021b\u0103 implic\u0103 utilizarea echipamentului de protec\u021bie, efectuarea \u00eentre\u021binerii regulate \u0219i inspec\u021bia sistemului hidraulic pentru scurgeri \u0219i presiune. Factorii de mediu includ eliminarea corect\u0103 a uleiului hidraulic \u0219i respectarea reglement\u0103rilor locale.<\/p>\n<h3>Despre noi<\/h3>\n<p>Suntem un produc\u0103tor profesionist de cilindri hidraulici, cu o gam\u0103 larg\u0103 de produse \u0219i am devenit unul dintre principalii produc\u0103tori \u0219i distribuitori angro de cilindri hidraulici pe pie\u021bele interne \u0219i interna\u021bionale. Ader\u0103m \u00eentotdeauna la principiul calit\u0103\u021bii excelente, baz\u00e2ndu-ne pe strategii industrializate de management al produc\u021biei \u00een ateliere de fabrica\u021bie de precizie, \u00eembun\u0103t\u0103\u021bind continuu nivelul nostru tehnic \u0219i eficien\u021ba produc\u021biei.<\/p>\n<p>Prin introducerea de echipamente digitale de produc\u021bie de ultim\u0103 genera\u021bie \u0219i sisteme profesionale de detectare, optimiz\u0103m constant platforma de produc\u021bie, \u00eembun\u0103t\u0103\u021bim procesele de control al calit\u0103\u021bii produselor \u0219i avem capacit\u0103\u021bi puternice de inovare. Scopul nostru este de a satisface nevoile diverse ale clien\u021bilor cu eficien\u021b\u0103 ridicat\u0103, precizie \u0219i calitate superioar\u0103.<\/p>\n<p>Oferim servicii profesionale, certific\u0103ri interna\u021bionale, servicii personalizate, echipamente de produc\u021bie avansate \u0219i servicii complete post-v\u00e2nzare.<\/p>\n<p><img decoding=\"async\" src=\"https:\/\/www.hydraulic-cylinders.net\/wp-content\/uploads\/2025\/01\/songte-company-4.webp\" \/><br \/>\n<img decoding=\"async\" src=\"https:\/\/www.hydraulic-cylinders.net\/wp-content\/uploads\/2025\/01\/songte-company-3.webp\" \/><\/p>\n<p>Autor: lyl<\/p>","protected":false},"excerpt":{"rendered":"<p>Arm Cylinder For Dasin DS35 Introduction The Arm Cylinder for Dasin DS35 is a type of hydraulic cylinder designed specifically to provide linear motion and power to the arm of various types of machinery, such as excavators, cranes, and robotic arms. The arm cylinder plays a critical role in hydraulic systems, enabling the effective movement [&hellip;]<\/p>","protected":false},"featured_media":14774,"comment_status":"open","ping_status":"closed","template":"","meta":{"_et_pb_use_builder":"","_et_pb_old_content":"","_et_gb_content_width":""},"product_brand":[],"product_cat":[1497],"product_tag":[1498,1496],"class_list":{"0":"post-16902","1":"product","2":"type-product","3":"status-publish","4":"has-post-thumbnail","6":"product_cat-arm-cylinders","7":"product_tag-arm-cylinders","8":"product_tag-hydraulic-cylinders","10":"first","11":"instock","12":"shipping-taxable","13":"product-type-simple"},"amp_enabled":true,"_links":{"self":[{"href":"https:\/\/www.hydraulic-cylinders.net\/ro\/wp-json\/wp\/v2\/product\/16902","targetHints":{"allow":["GET"]}}],"collection":[{"href":"https:\/\/www.hydraulic-cylinders.net\/ro\/wp-json\/wp\/v2\/product"}],"about":[{"href":"https:\/\/www.hydraulic-cylinders.net\/ro\/wp-json\/wp\/v2\/types\/product"}],"replies":[{"embeddable":true,"href":"https:\/\/www.hydraulic-cylinders.net\/ro\/wp-json\/wp\/v2\/comments?post=16902"}],"wp:featuredmedia":[{"embeddable":true,"href":"https:\/\/www.hydraulic-cylinders.net\/ro\/wp-json\/wp\/v2\/media\/14774"}],"wp:attachment":[{"href":"https:\/\/www.hydraulic-cylinders.net\/ro\/wp-json\/wp\/v2\/media?parent=16902"}],"wp:term":[{"taxonomy":"product_brand","embeddable":true,"href":"https:\/\/www.hydraulic-cylinders.net\/ro\/wp-json\/wp\/v2\/product_brand?post=16902"},{"taxonomy":"product_cat","embeddable":true,"href":"https:\/\/www.hydraulic-cylinders.net\/ro\/wp-json\/wp\/v2\/product_cat?post=16902"},{"taxonomy":"product_tag","embeddable":true,"href":"https:\/\/www.hydraulic-cylinders.net\/ro\/wp-json\/wp\/v2\/product_tag?post=16902"}],"curies":[{"name":"wp","href":"https:\/\/api.w.org\/{rel}","templated":true}]}}