{"id":16905,"date":"2025-01-21T06:11:52","date_gmt":"2025-01-21T06:11:52","guid":{"rendered":"https:\/\/www.hydraulic-cylinders.net\/product\/arm-cylinder-for-dasin-ds60-7\/"},"modified":"2025-01-21T06:11:54","modified_gmt":"2025-01-21T06:11:54","slug":"arm-cylinder-for-dasin-ds60-7","status":"publish","type":"product","link":"https:\/\/www.hydraulic-cylinders.net\/ro\/produs\/arm-cylinder-for-dasin-ds60-7\/","title":{"rendered":"Cilindru de bra\u021b pentru Dasin DS60-7"},"content":{"rendered":"<h1>Cilindru de bra\u021b pentru Dasin DS60-7<\/h1>\n<h2>Introducere<\/h2>\n<p>Cilindrul bra\u021bului este un cilindru hidraulic special conceput care ofer\u0103 mi\u0219care liniar\u0103 \u0219i putere bra\u021bului diferitelor utilaje, cum ar fi excavatoare, macarale \u0219i bra\u021be robotizate. Acesta joac\u0103 un rol crucial \u00een sistemele hidraulice, permi\u021b\u00e2nd mi\u0219carea \u0219i controlul eficient al uneltelor sau ata\u0219amentelor suplimentare. Ace\u0219ti cilindri nu numai c\u0103 permit o mi\u0219care lin\u0103, dar rezist\u0103 \u0219i la sarcini grele, asigur\u00e2nd func\u021bionarea eficient\u0103 \u0219i fiabilitatea utilajelor \u00een diverse condi\u021bii de lucru.<\/p>\n<p><img decoding=\"async\" src=\"https:\/\/www.hydraulic-cylinders.net\/wp-content\/uploads\/2025\/01\/songte-company-2.webp\"><\/p>\n<h2>Caracteristici<\/h2>\n<ul>\n<li>\n<h3>Transmisie de \u00eenalt\u0103 eficien\u021b\u0103<\/h3>\n<p>Cilindrul bra\u021bului ofer\u0103 o mi\u0219care liniar\u0103 puternic\u0103 \u0219i o for\u021b\u0103, asigur\u00e2nd capacit\u0103\u021bi de \u00eenalt\u0103 performan\u021b\u0103 pentru bra\u021bul mecanic \u00een diverse opera\u021biuni.<\/p>\n<\/li>\n<li>\n<h3>Control precis<\/h3>\n<p>Prin intermediul sistemului hidraulic, cilindrul bra\u021bului permite un control precis al mi\u0219c\u0103rii, f\u0103c\u00e2nd operarea uneltelor ata\u0219ate mai flexibil\u0103 \u0219i precis\u0103.<\/p>\n<\/li>\n<li>\n<h3>Durabilitate<\/h3>\n<p>Cilindrul bra\u021bului este de obicei fabricat din materiale de \u00eenalt\u0103 rezisten\u021b\u0103, oferind o rezisten\u021b\u0103 excelent\u0103 la uzur\u0103 \u0219i coroziune, fiind potrivit pentru utilizarea pe termen lung \u00een medii dure.<\/p>\n<\/li>\n<li>\n<h3>Adaptabilitate multifunc\u021bional\u0103<\/h3>\n<p>Ace\u0219ti cilindri pot fi aplica\u021bi pe scar\u0103 larg\u0103 la diverse utilaje, cum ar fi excavatoare, macarale \u0219i bra\u021be robotizate, adapt\u00e2ndu-se la diferite cerin\u021be de lucru.<\/p>\n<\/li>\n<li>\n<h3>\u00centre\u021binere u\u0219oar\u0103<\/h3>\n<p>Designul ia \u00een considerare u\u0219urin\u021ba \u00eentre\u021binerii \u0219i \u00eenlocuirii, ceea ce face ca inspec\u021biile \u0219i service-ul regulat s\u0103 fie mai convenabile \u0219i reduce timpul de nefunc\u021bionare a echipamentelor.<\/p>\n<\/li>\n<\/ul>\n<p><img decoding=\"async\" src=\"https:\/\/www.hydraulic-cylinders.net\/wp-content\/uploads\/2025\/01\/songte-oil-pipes-and-spare-parts.webp\"><\/p>\n<h2>Aplica\u021bii<\/h2>\n<p>Cilindrul cu bra\u021b \u00ee\u0219i g\u0103se\u0219te aplica\u021bii \u00een diverse industrii:<\/p>\n<h3>1. Inginerie de construc\u021bii<\/h3>\n<p>La excavatoare \u0219i macarale, cilindrul bra\u021bului controleaz\u0103 mi\u0219carea cupelor sau a bra\u021belor, facilit\u00e2nd lucr\u0103rile de terasament, manipularea materialelor \u0219i instala\u021biile structurale.<\/p>\n<h3>2. Fabrica\u021bie<\/h3>\n<p>\u00cen liniile de produc\u021bie automatizate, cilindrul bra\u021bului permite mi\u0219carea bra\u021belor robotizate pentru procese precum asamblarea, sudarea \u0219i manipularea materialelor, \u00eembun\u0103t\u0103\u021bind eficien\u021ba \u0219i precizia produc\u021biei.<\/p>\n<h3>3. Ma\u0219ini agricole<\/h3>\n<p>\u00cen utilajele agricole, precum combinele de recoltat \u0219i sem\u0103n\u0103toarele, cilindrul bra\u021bului controleaz\u0103 mi\u0219carea bra\u021belor opera\u021bionale pentru sarcini precum sem\u0103natul, fertilizarea \u0219i recoltarea.<\/p>\n<h3>4. Minerit<\/h3>\n<p>\u00cen echipamentele miniere, cilindrul bra\u021bului este utilizat pentru a controla mi\u0219carea bra\u021bului utilajelor miniere pentru extrac\u021bia \u0219i transportul minereului.<\/p>\n<h3>5. Logistic\u0103 \u0219i transport<\/h3>\n<p>\u00cen cazul stivuitoarelor \u0219i robo\u021bilor de manipulare, cilindrul bra\u021bului este utilizat pentru a controla ridicarea \u0219i mi\u0219carea furcilor, permi\u021b\u00e2nd manipularea \u0219i stivuirea materialelor.<\/p>\n<p><img decoding=\"async\" src=\"https:\/\/www.hydraulic-cylinders.net\/wp-content\/uploads\/2025\/01\/songte-cylinder-head-with-all-kinds-excavator-models.webp\"><\/p>\n<h2>Considera\u021bii de proiectare \u0219i criterii de selec\u021bie<\/h2>\n<ul>\n<li>\n<h3>Capacitate portant\u0103<\/h3>\n<p>Cilindrul bra\u021bului este proiectat s\u0103 reziste la sarcini specifice pentru a asigura o func\u021bionare sigur\u0103 \u0219i eficient\u0103.<\/p>\n<\/li>\n<li>\n<h3>Sigilare<\/h3>\n<p>Se utilizeaz\u0103 diverse elemente de etan\u0219are, cum ar fi etan\u0219\u0103rile pistonului \u0219i etan\u0219\u0103rile tijei. Aceste etan\u0219\u0103ri sunt fabricate din materiale rezistente la uzur\u0103, cum ar fi poliuretanul \u0219i cauciucul nitrilic. Chiulasa \u0219i suprafa\u021ba filetat\u0103 a cap\u0103tului sunt prelucrate fin pentru a spori rezisten\u021ba la uzur\u0103.<\/p>\n<\/li>\n<li>\n<h3>Durabilitate<\/h3>\n<p>Cilindrul bra\u021bului este fabricat din materiale de \u00eenalt\u0103 calitate \u0219i este supus unui control riguros al calit\u0103\u021bii pentru a asigura durabilitatea \u0219i longevitatea.<\/p>\n<\/li>\n<li>\n<h3>Siguran\u0163\u0103<\/h3>\n<p>\u00cen timpul proiect\u0103rii \u0219i produc\u021biei cilindrului bra\u021bului sunt respectate standarde stricte de siguran\u021b\u0103 pentru a preveni accidentele \u0219i a asigura siguran\u021ba operatorului.<\/p>\n<\/li>\n<li>\n<h3>Mentenabilitate<\/h3>\n<p>Designul cilindrului bra\u021bului ia \u00een considerare \u00eentre\u021binerea \u0219i \u00eenlocuirea u\u0219oar\u0103, permi\u021b\u00e2nd inspec\u021bii periodice convenabile \u0219i reduc\u00e2nd timpul de nefunc\u021bionare.<\/p>\n<\/li>\n<\/ul>\n<p><img decoding=\"async\" src=\"https:\/\/www.hydraulic-cylinders.net\/wp-content\/uploads\/2025\/01\/songte-chushion-collar.webp\"><\/p>\n<h2>Etan\u0219are \u0219i lubrifiere<\/h2>\n<p>Cilindrul bra\u021bului utilizeaz\u0103 diverse garnituri, cum ar fi garniturile pistonului \u0219i garniturile tijei, care sunt fabricate din materiale rezistente la uzur\u0103, cum ar fi poliuretanul \u0219i cauciucul nitrilic. Corpul cilindrului \u0219i suprafa\u021ba filetat\u0103 a cap\u0103tului sunt supuse unor prelucr\u0103ri fine pentru a spori rezisten\u021ba la uzur\u0103. Lubrifierea regulat\u0103 cu o cantitate adecvat\u0103 de ulei hidraulic este necesar\u0103 pentru a asigura o func\u021bionare corect\u0103.<\/p>\n<h2>Inspec\u021bie regulat\u0103 \u0219i \u00eentre\u021binere preventiv\u0103<\/h2>\n<ul>\n<li>\n<p>Inspecta\u021bi periodic cilindrul bra\u021bului pentru a depista orice semne de uzur\u0103, deteriorare sau scurgeri.<\/p>\n<\/li>\n<li>\n<p>Verifica\u021bi \u0219i men\u021bine\u021bi nivelul \u0219i calitatea uleiului hidraulic conform recomand\u0103rilor produc\u0103torului.<\/p>\n<\/li>\n<li>\n<p>Asigura\u021bi-v\u0103 c\u0103 toate conexiunile \u0219i elementele de fixare sunt fixate sigur.<\/p>\n<\/li>\n<li>\n<p>Cur\u0103\u021ba\u021bi suprafe\u021bele exterioare ale cilindrului bra\u021bului pentru a preveni acumularea de resturi.<\/p>\n<\/li>\n<li>\n<p>Urma\u021bi programul de \u00eentre\u021binere recomandat \u0219i efectua\u021bi repara\u021biile sau \u00eenlocuirile necesare.<\/p>\n<\/li>\n<\/ul>\n<h2>Ghid de instalare a produsului<\/h2>\n<p>Urma\u021bi ace\u0219ti pa\u0219i pentru a instala cilindrul bra\u021bului:<\/p>\n<ol>\n<li>\n<p>Asigura\u021bi-v\u0103 c\u0103 alimentarea cu energie a utilajelor este oprit\u0103 \u00een siguran\u021b\u0103.<\/p>\n<\/li>\n<li>\n<p>Pozi\u021biona\u021bi cilindrul bra\u021bului \u00een loca\u021bia desemnat\u0103.<\/p>\n<\/li>\n<li>\n<p>Fixa\u021bi \u00een siguran\u021b\u0103 cilindrul bra\u021bului folosind \u0219uruburi sau console de montare corespunz\u0103toare.<\/p>\n<\/li>\n<li>\n<p>Conecta\u021bi furtunurile sau conductele hidraulice conform instruc\u021biunilor furnizate.<\/p>\n<\/li>\n<li>\n<p>Asigura\u021bi-v\u0103 c\u0103 toate conexiunile sunt str\u00e2nse \u0219i nu prezint\u0103 scurgeri.<\/p>\n<\/li>\n<li>\n<p>Testa\u021bi func\u021bionarea cilindrului bra\u021bului pentru a asigura func\u021bionalitatea corect\u0103.<\/p>\n<\/li>\n<\/ol>\n<p><img decoding=\"async\" src=\"https:\/\/www.hydraulic-cylinders.net\/wp-content\/uploads\/2025\/01\/songte-bushings-with-all-kinds-of-excavator-models.webp\"><\/p>\n<h2>Considera\u021bii de siguran\u021b\u0103 \u0219i factori de mediu<\/h2>\n<p>C\u00e2nd utiliza\u021bi cilindrul bra\u021bului, este esen\u021bial s\u0103 respecta\u021bi m\u0103surile de siguran\u021b\u0103 adecvate pentru a preveni accidentele \u0219i a asigura bun\u0103starea operatorului. M\u0103surile de siguran\u021b\u0103 includ:<\/p>\n<ul>\n<li>\n<p>Purtarea echipamentului individual de protec\u021bie adecvat, cum ar fi ochelari de protec\u021bie \u0219i m\u0103nu\u0219i.<\/p>\n<\/li>\n<li>\n<p>Respectarea tuturor instruc\u021biunilor de siguran\u021b\u0103 \u0219i a instruc\u021biunilor de operare furnizate de produc\u0103torul utilajului.<\/p>\n<\/li>\n<li>\n<p>Inspecta\u021bi periodic cilindrul bra\u021bului pentru a depista orice semne de uzur\u0103 sau deteriorare care ar putea afecta siguran\u021ba.<\/p>\n<\/li>\n<li>\n<p>Eliminarea corect\u0103 a oric\u0103ror fluide sau materiale hidraulice, \u00eentr-un mod responsabil fa\u021b\u0103 de mediu.<\/p>\n<\/li>\n<\/ul>\n<h2>Depanare \u0219i probleme frecvente<\/h2>\n<p>Problemele frecvente care pot ap\u0103rea cu cilindrul bra\u021bului includ:<\/p>\n<ul>\n<li>\n<p>Scurgeri de la garnituri sau conexiuni<\/p>\n<\/li>\n<li>\n<p>Zgomote anormale \u00een timpul func\u021bion\u0103rii<\/p>\n<\/li>\n<li>\n<p>Mi\u0219care neuniform\u0103 sau sacadat\u0103<\/p>\n<\/li>\n<li>\n<p>Lipsa de putere sau for\u021b\u0103<\/p>\n<\/li>\n<li>\n<p>Uzura excesiv\u0103 a componentelor<\/p>\n<\/li>\n<\/ul>\n<p>Pentru a rezolva aceste probleme, lua\u021bi \u00een considerare urm\u0103toarele sfaturi \u0219i solu\u021bii:<\/p>\n<ul>\n<li>\n<p>Inspecta\u021bi \u0219i \u00eenlocui\u021bi garniturile sau conexiunile defecte.<\/p>\n<\/li>\n<li>\n<p>Verifica\u021bi dac\u0103 exist\u0103 obiecte str\u0103ine sau resturi care cauzeaz\u0103 zgomotele anormale \u0219i \u00eendep\u0103rta\u021bi-le.<\/p>\n<\/li>\n<li>\n<p>Asigura\u021bi o lubrifiere corespunz\u0103toare \u0219i cur\u0103\u021ba\u021bi orice murd\u0103rie sau resturi care ar putea \u00eempiedica mi\u0219carea lin\u0103.<\/p>\n<\/li>\n<li>\n<p>Verifica\u021bi presiunea hidraulic\u0103 \u0219i nivelurile fluidului pentru a asigura o putere adecvat\u0103.<\/p>\n<\/li>\n<li>\n<p>\u00cenlocui\u021bi componentele uzate cu unele noi pentru a restabili func\u021bionalitatea corespunz\u0103toare.<\/p>\n<\/li>\n<\/ul>\n<p><img decoding=\"async\" src=\"https:\/\/www.hydraulic-cylinders.net\/wp-content\/uploads\/2025\/01\/songte-company-4.webp\"><br \/>\n<img decoding=\"async\" src=\"https:\/\/www.hydraulic-cylinders.net\/wp-content\/uploads\/2025\/01\/songte-company-3.webp\"><\/p>\n<h2>Despre compania noastr\u0103<\/h2>\n<p>Noi<\/p>","protected":false},"excerpt":{"rendered":"<p>Arm Cylinder For Dasin DS60-7 Introduction The arm cylinder is a specially designed hydraulic cylinder that provides linear motion and power to the arm of various machinery, such as excavators, cranes, and robotic arms. It plays a crucial role in hydraulic systems, allowing for the effective movement and control of additional tools or attachments. These [&hellip;]<\/p>","protected":false},"featured_media":14766,"comment_status":"open","ping_status":"closed","template":"","meta":{"_et_pb_use_builder":"","_et_pb_old_content":"","_et_gb_content_width":""},"product_brand":[],"product_cat":[1497],"product_tag":[1498,1496],"class_list":{"0":"post-16905","1":"product","2":"type-product","3":"status-publish","4":"has-post-thumbnail","6":"product_cat-arm-cylinders","7":"product_tag-arm-cylinders","8":"product_tag-hydraulic-cylinders","10":"first","11":"instock","12":"shipping-taxable","13":"product-type-simple"},"amp_enabled":true,"_links":{"self":[{"href":"https:\/\/www.hydraulic-cylinders.net\/ro\/wp-json\/wp\/v2\/product\/16905","targetHints":{"allow":["GET"]}}],"collection":[{"href":"https:\/\/www.hydraulic-cylinders.net\/ro\/wp-json\/wp\/v2\/product"}],"about":[{"href":"https:\/\/www.hydraulic-cylinders.net\/ro\/wp-json\/wp\/v2\/types\/product"}],"replies":[{"embeddable":true,"href":"https:\/\/www.hydraulic-cylinders.net\/ro\/wp-json\/wp\/v2\/comments?post=16905"}],"wp:featuredmedia":[{"embeddable":true,"href":"https:\/\/www.hydraulic-cylinders.net\/ro\/wp-json\/wp\/v2\/media\/14766"}],"wp:attachment":[{"href":"https:\/\/www.hydraulic-cylinders.net\/ro\/wp-json\/wp\/v2\/media?parent=16905"}],"wp:term":[{"taxonomy":"product_brand","embeddable":true,"href":"https:\/\/www.hydraulic-cylinders.net\/ro\/wp-json\/wp\/v2\/product_brand?post=16905"},{"taxonomy":"product_cat","embeddable":true,"href":"https:\/\/www.hydraulic-cylinders.net\/ro\/wp-json\/wp\/v2\/product_cat?post=16905"},{"taxonomy":"product_tag","embeddable":true,"href":"https:\/\/www.hydraulic-cylinders.net\/ro\/wp-json\/wp\/v2\/product_tag?post=16905"}],"curies":[{"name":"wp","href":"https:\/\/api.w.org\/{rel}","templated":true}]}}