{"id":16916,"date":"2025-01-21T06:12:40","date_gmt":"2025-01-21T06:12:40","guid":{"rendered":"https:\/\/www.hydraulic-cylinders.net\/product\/arm-cylinder-for-hengte-ht150-8\/"},"modified":"2025-01-21T06:12:42","modified_gmt":"2025-01-21T06:12:42","slug":"arm-cylinder-for-hengte-ht150-8","status":"publish","type":"product","link":"https:\/\/www.hydraulic-cylinders.net\/ro\/produs\/arm-cylinder-for-hengte-ht150-8\/","title":{"rendered":"Cilindru de bra\u021b pentru Hengte HT150-8"},"content":{"rendered":"<h1>Cilindru de bra\u021b pentru Hengte HT150-8<\/h1>\n<h2>Introducere<\/h2>\n<p>Cilindrul bra\u021bului este un cilindru hidraulic special conceput care ofer\u0103 mi\u0219care liniar\u0103 \u0219i putere bra\u021belor diferitelor tipuri de utilaje, cum ar fi excavatoare, macarale \u0219i bra\u021be mecanice. Acesta joac\u0103 un rol crucial \u00een sistemele hidraulice, permi\u021b\u00e2nd ata\u0219amentelor sau accesoriilor s\u0103 se mi\u0219te \u0219i s\u0103 fie controlate eficient. Ace\u0219ti cilindri nu numai c\u0103 ofer\u0103 o mi\u0219care lin\u0103, dar rezist\u0103 \u0219i la sarcini grele, asigur\u00e2nd func\u021bionarea eficient\u0103 \u0219i fiabilitatea utilajelor \u00een diverse condi\u021bii de lucru.<\/p>\n<p><img decoding=\"async\" src=\"https:\/\/www.hydraulic-cylinders.net\/wp-content\/uploads\/2025\/01\/songte-company-2.webp\" alt=\"Imaginea cilindrului bra\u021bului\" \/><\/p>\n<h2>Caracteristici<\/h2>\n<ul>\n<li>Transmisie eficient\u0103 a puterii: Cilindrul bra\u021bului ofer\u0103 o mi\u0219care liniar\u0103 puternic\u0103 \u0219i o for\u021b\u0103, asigur\u00e2nd o performan\u021b\u0103 ridicat\u0103 a bra\u021bului mecanic \u00een timpul diferitelor opera\u021biuni.<\/li>\n<li>Control precis: Prin intermediul sistemului hidraulic, cilindrul bra\u021bului poate realiza un control precis al mi\u0219c\u0103rii, f\u0103c\u00e2nd func\u021bionarea ata\u0219amentelor mai flexibil\u0103 \u0219i precis\u0103.<\/li>\n<li>Durabil: Cilindrii bra\u021bului sunt de obicei fabrica\u021bi din materiale de \u00eenalt\u0103 rezisten\u021b\u0103, au o bun\u0103 rezisten\u021b\u0103 la uzur\u0103 \u0219i la coroziune \u0219i sunt potrivi\u021bi pentru utilizare pe termen lung \u00een medii dure.<\/li>\n<li>Adaptabilitate multifunc\u021bional\u0103: Ace\u0219ti cilindri pot fi utiliza\u021bi pe scar\u0103 larg\u0103 \u00een diverse tipuri de echipamente, cum ar fi excavatoare, macarale \u0219i bra\u021be mecanice, pentru a se adapta la diferite nevoi de lucru.<\/li>\n<li>\u00centre\u021binere u\u0219oar\u0103: Designul ia \u00een considerare u\u0219urin\u021ba \u00eentre\u021binerii \u0219i \u00eenlocuirii, ceea ce face ca inspec\u021biile \u0219i \u00eentre\u021binerea regulat\u0103 s\u0103 fie mai convenabile \u0219i s\u0103 reduc\u0103 timpul de nefunc\u021bionare a echipamentelor.<\/li>\n<\/ul>\n<p>Putem produce acest produs, care poate \u00eenlocui perfect ace\u0219ti cilindri hidraulici.<\/p>\n<p><img decoding=\"async\" src=\"https:\/\/www.hydraulic-cylinders.net\/wp-content\/uploads\/2025\/01\/songte-oil-pipes-and-spare-parts.webp\" alt=\"Imaginea produsului\" \/><\/p>\n<h2>Aplica\u021bii<\/h2>\n<p>Cilindrul cu bra\u021b are diverse aplica\u021bii \u00een diferite industrii:<\/p>\n<ul>\n<li>Construc\u021bii: La excavatoare \u0219i macarale, cilindrul bra\u021bului este utilizat pentru a controla mi\u0219carea cupei sau a bra\u021bului pentru lucr\u0103ri de terasament, manipularea materialelor \u0219i asamblarea structural\u0103.<\/li>\n<li>Fabrica\u021bie: \u00cen liniile de produc\u021bie automatizate, cilindrul bra\u021bului este utilizat pentru mi\u0219carea bra\u021belor mecanice \u00een procesele de asamblare, sudare \u0219i manipulare a materialelor, \u00eembun\u0103t\u0103\u021bind eficien\u021ba \u0219i precizia produc\u021biei.<\/li>\n<li>Ma\u0219ini agricole: \u00cen cazul ma\u0219inilor agricole, cum ar fi combinele de recoltat \u0219i sem\u0103n\u0103toarele, cilindrul bra\u021bului controleaz\u0103 mi\u0219carea bra\u021bului de operare pentru sarcini precum sem\u0103natul, fertilizarea \u0219i recoltarea.<\/li>\n<li>Minerit: \u00cen echipamentele miniere, cilindrul bra\u021bului este utilizat pentru a controla mi\u0219carea bra\u021bului echipamentelor miniere pentru extrac\u021bia \u0219i transportul mineralelor.<\/li>\n<li>Logistic\u0103 \u0219i transport: La stivuitoarele \u0219i robo\u021bii de manipulare, cilindrul bra\u021bului este utilizat pentru a controla ridicarea \u0219i mi\u0219carea furcii, realiz\u00e2nd manipularea \u0219i stivuirea materialelor.<\/li>\n<\/ul>\n<h2>Considera\u021bii de proiectare \u0219i criterii de selec\u021bie<\/h2>\n<p>La proiectarea unui cilindru de bra\u021b, trebuie lua\u021bi \u00een considerare mai mul\u021bi factori:<\/p>\n<ul>\n<li>Capacitate portant\u0103: Cilindrul trebuie s\u0103 reziste greut\u0103\u021bii \u0219i for\u021bei echipamentului la care este ata\u0219at.<\/li>\n<li>Etan\u0219are: Cilindrul trebuie etan\u0219at pentru a preveni scurgerile de ulei \u0219i a men\u021bine presiunea.<\/li>\n<li>Durabilitate: Cilindrul trebuie s\u0103 fie fabricat din materiale care pot rezista la uzur\u0103 \u0219i coroziune.<\/li>\n<li>Siguran\u021b\u0103: Cilindrul trebuie proiectat av\u00e2nd \u00een vedere siguran\u021ba, asigur\u00e2ndu-se c\u0103 nu se defecteaz\u0103 sau nu func\u021bioneaz\u0103 defectuos \u00een timpul func\u021bion\u0103rii.<\/li>\n<li>\u00centre\u021binere: Cilindrul trebuie proiectat pentru a facilita \u00eentre\u021binerea \u0219i \u00eenlocuirea.<\/li>\n<\/ul>\n<p><img decoding=\"async\" src=\"https:\/\/www.hydraulic-cylinders.net\/wp-content\/uploads\/2025\/01\/songte-cylinder-head-with-all-kinds-excavator-models.webp\" alt=\"Imagine de design\" \/><\/p>\n<h2>Etan\u0219are \u0219i lubrifiere<\/h2>\n<p>Pentru a asigura func\u021bionarea corect\u0103 a cilindrului bra\u021bului, trebuie utilizate diverse componente de etan\u0219are, cum ar fi etan\u0219\u0103rile pistonului \u0219i etan\u0219\u0103rile tijei, fabricate din materiale rezistente la uzur\u0103, precum poliuretanul \u0219i cauciucul nitrilic. Corpul cilindrului \u0219i suprafa\u021ba cap\u0103tului \u0219urubului sunt tratate fin pentru a \u00eembun\u0103t\u0103\u021bi rezisten\u021ba la uzur\u0103. Lubrifierea regulat\u0103 cu ulei hidraulic adecvat este necesar\u0103 pentru a asigura func\u021bionarea f\u0103r\u0103 probleme a cilindrului.<\/p>\n<h2>\u00centre\u021binere \u0219i depanare<\/h2>\n<p>Inspec\u021biile regulate \u0219i \u00eentre\u021binerea preventiv\u0103 sunt esen\u021biale pentru a asigura buna func\u021bionare a cilindrului bra\u021bului \u0219i pentru a identifica orice probleme poten\u021biale \u00eenainte ca acestea s\u0103 cauzeze probleme grave. Printre problemele comune care pot ap\u0103rea se num\u0103r\u0103 scurgerile de ulei, presiunea insuficient\u0103 \u0219i lipsa de mi\u0219care. Aceste probleme pot fi adesea rezolvate prin verificarea conexiunilor sl\u0103bite, a garniturilor deteriorate sau a pieselor uzate. Este important s\u0103 urma\u021bi procedurile de \u00eentre\u021binere adecvate \u0219i s\u0103 utiliza\u021bi numai piese de schimb de \u00eenalt\u0103 calitate.<\/p>\n<p><img decoding=\"async\" src=\"https:\/\/www.hydraulic-cylinders.net\/wp-content\/uploads\/2025\/01\/songte-chushion-collar.webp\" alt=\"Imagine de \u00eentre\u021binere\" \/><\/p>\n<h2>Ghid de instalare<\/h2>\n<p>When installing the arm cylinder, it is important to follow the manufacturer&#8217;s instructions carefully and ensure that the cylinder is securely attached and aligned properly. Any loose connections or misalignment can cause the cylinder to fail or malfunction during operation, resulting in serious safety hazards.<\/p>\n<p><img decoding=\"async\" src=\"https:\/\/www.hydraulic-cylinders.net\/wp-content\/uploads\/2025\/01\/songte-bushings-with-all-kinds-of-excavator-models.webp\" alt=\"Imagine de instalare\" \/><\/p>\n<h2>Considera\u021bii de siguran\u021b\u0103 \u0219i factori de mediu<\/h2>\n<p>C\u00e2nd utiliza\u021bi cilindrul bra\u021bului, este important s\u0103 respecta\u021bi toate m\u0103surile de precau\u021bie \u0219i instruc\u021biunile de siguran\u021b\u0103 pentru a asigura siguran\u021ba personalului \u0219i a echipamentului. M\u0103surile de siguran\u021b\u0103 pot include utilizarea echipamentului de protec\u021bie, cum ar fi m\u0103nu\u0219i \u0219i ochelari de protec\u021bie, asigurarea unei ventila\u021bii adecvate \u0219i respectarea procedurilor corecte de ridicare \u0219i manipulare. Factorii de mediu, cum ar fi temperatura, umiditatea \u0219i expunerea la substan\u021be chimice sau materiale dure, pot afecta, de asemenea, performan\u021ba cilindrului bra\u021bului \u0219i ar trebui lua\u021bi \u00een considerare.<\/p>\n<h2>Despre noi<\/h2>\n<p>Suntem un produc\u0103tor profesionist de cilindri hidraulici de schimb cu o gam\u0103 larg\u0103 de produse \u0219i am devenit unul dintre principalii produc\u0103tori \u0219i distribuitori angro de cilindri hidraulici, at\u00e2t la nivel na\u021bional, c\u00e2t \u0219i interna\u021bional. Ader\u0103m \u00eentotdeauna la principiul calit\u0103\u021bii excelente, baz\u00e2ndu-ne pe strategia de management al produc\u021biei industriale \u00eentr-un atelier de fabrica\u021bie sofisticat pentru a ne \u00eembun\u0103t\u0103\u021bi continuu nivelul tehnic \u0219i eficien\u021ba produc\u021biei. Prin introducerea de echipamente digitale avansate de fabrica\u021bie \u0219i sisteme profesionale de testare, optimiz\u0103m continuu platforma noastr\u0103 de fabrica\u021bie, \u00eembun\u0103t\u0103\u021bim procesele de control al calit\u0103\u021bii produselor noastre \u0219i demonstr\u0103m capacit\u0103\u021bi puternice de inovare. Scopul nostru este de a satisface nevoile diverse ale clien\u021bilor no\u0219tri cu produse eficiente, precise \u0219i de \u00eenalt\u0103 calitate.<\/p>\n<p><img decoding=\"async\" src=\"https:\/\/www.hydraulic-cylinders.net\/wp-content\/uploads\/2025\/01\/songte-company-4.webp\" alt=\"Imaginea companiei 1\" \/><\/p>\n<p><img decoding=\"async\" src=\"https:\/\/www.hydraulic-cylinders.net\/wp-content\/uploads\/2025\/01\/songte-company-3.webp\" alt=\"Imaginea companiei 2\" \/><\/p>\n<p>Compania noastr\u0103 ofer\u0103 servicii profesionale precum certific\u0103ri interna\u021bionale, servicii personalizate, echipamente de produc\u021bie \u0219i servicii post-v\u00e2nzare pentru a asigura satisfac\u021bia clien\u021bilor no\u0219tri.<\/p>\n<p>Autor: lyl<\/p>","protected":false},"excerpt":{"rendered":"<p>Arm Cylinder For Hengte HT150-8 Introduction The arm cylinder is a specially designed hydraulic cylinder that provides linear motion and power to the arms of various types of machinery such as excavators, cranes, and mechanical arms. It plays a crucial role in hydraulic systems, enabling attachments or accessories to move and be controlled effectively. These [&hellip;]<\/p>","protected":false},"featured_media":14763,"comment_status":"open","ping_status":"closed","template":"","meta":{"_et_pb_use_builder":"","_et_pb_old_content":"","_et_gb_content_width":""},"product_brand":[],"product_cat":[1497],"product_tag":[1498,1496],"class_list":{"0":"post-16916","1":"product","2":"type-product","3":"status-publish","4":"has-post-thumbnail","6":"product_cat-arm-cylinders","7":"product_tag-arm-cylinders","8":"product_tag-hydraulic-cylinders","10":"first","11":"instock","12":"shipping-taxable","13":"product-type-simple"},"amp_enabled":true,"_links":{"self":[{"href":"https:\/\/www.hydraulic-cylinders.net\/ro\/wp-json\/wp\/v2\/product\/16916","targetHints":{"allow":["GET"]}}],"collection":[{"href":"https:\/\/www.hydraulic-cylinders.net\/ro\/wp-json\/wp\/v2\/product"}],"about":[{"href":"https:\/\/www.hydraulic-cylinders.net\/ro\/wp-json\/wp\/v2\/types\/product"}],"replies":[{"embeddable":true,"href":"https:\/\/www.hydraulic-cylinders.net\/ro\/wp-json\/wp\/v2\/comments?post=16916"}],"wp:featuredmedia":[{"embeddable":true,"href":"https:\/\/www.hydraulic-cylinders.net\/ro\/wp-json\/wp\/v2\/media\/14763"}],"wp:attachment":[{"href":"https:\/\/www.hydraulic-cylinders.net\/ro\/wp-json\/wp\/v2\/media?parent=16916"}],"wp:term":[{"taxonomy":"product_brand","embeddable":true,"href":"https:\/\/www.hydraulic-cylinders.net\/ro\/wp-json\/wp\/v2\/product_brand?post=16916"},{"taxonomy":"product_cat","embeddable":true,"href":"https:\/\/www.hydraulic-cylinders.net\/ro\/wp-json\/wp\/v2\/product_cat?post=16916"},{"taxonomy":"product_tag","embeddable":true,"href":"https:\/\/www.hydraulic-cylinders.net\/ro\/wp-json\/wp\/v2\/product_tag?post=16916"}],"curies":[{"name":"wp","href":"https:\/\/api.w.org\/{rel}","templated":true}]}}