{"id":16917,"date":"2025-01-21T06:12:44","date_gmt":"2025-01-21T06:12:44","guid":{"rendered":"https:\/\/www.hydraulic-cylinders.net\/product\/arm-cylinder-for-hengte-ht90-21\/"},"modified":"2025-01-21T06:12:46","modified_gmt":"2025-01-21T06:12:46","slug":"arm-cylinder-for-hengte-ht90-21","status":"publish","type":"product","link":"https:\/\/www.hydraulic-cylinders.net\/ro\/produs\/arm-cylinder-for-hengte-ht90-21\/","title":{"rendered":"Cilindru de bra\u021b pentru Hengte HT90\/21"},"content":{"rendered":"<h2>Cilindru bra\u021b pentru Hengte HT90\/21<\/h2>\n<h3>Defini\u021bie \u0219i explica\u021bie<\/h3>\n<p>Un cilindru de bra\u021b este un cilindru hidraulic special conceput care ofer\u0103 mi\u0219care liniar\u0103 \u0219i putere bra\u021belor diferitelor tipuri de utilaje, cum ar fi excavatoare, macarale \u0219i bra\u021be mecanice. Acesta joac\u0103 un rol crucial \u00een sistemele hidraulice, permi\u021b\u00e2nd mi\u0219carea \u0219i controlul eficient al uneltelor sau ata\u0219amentelor suplimentare. Ace\u0219ti cilindri nu numai c\u0103 ofer\u0103 o mi\u0219care lin\u0103, dar suport\u0103 \u0219i sarcini grele, asigur\u00e2nd func\u021bionarea eficient\u0103 \u0219i fiabilitatea utilajelor \u00een diverse condi\u021bii de lucru.<\/p>\n<p><img decoding=\"async\" src=\"https:\/\/www.hydraulic-cylinders.net\/wp-content\/uploads\/2025\/01\/songte-company-2.webp\"><\/p>\n<h3>Caracteristici ale produsului<\/h3>\n<ul>\n<li><strong>Transmisie de \u00eenalt\u0103 eficien\u021b\u0103:<\/strong> Cilindrul bra\u021bului ofer\u0103 o mi\u0219care liniar\u0103 puternic\u0103 \u0219i o for\u021b\u0103, asigur\u00e2nd o performan\u021b\u0103 ridicat\u0103 a bra\u021bului mecanic \u00een diverse opera\u021biuni.<\/li>\n<li><strong>Control precis:<\/strong> Prin intermediul sistemului hidraulic, cilindrul bra\u021bului poate realiza un control precis al mi\u0219c\u0103rii, f\u0103c\u00e2nd operarea uneltelor suplimentare mai flexibil\u0103 \u0219i precis\u0103.<\/li>\n<li><strong>Durabilitate:<\/strong> Cilindrii bra\u021bului sunt de obicei fabrica\u021bi din materiale de \u00eenalt\u0103 rezisten\u021b\u0103, cu o bun\u0103 rezisten\u021b\u0103 la uzur\u0103 \u0219i la coroziune, potrivi\u021bi pentru utilizare pe termen lung \u00een medii dure.<\/li>\n<li><strong>Adaptabilitate multifunc\u021bional\u0103:<\/strong> Ace\u0219ti cilindri pot fi utiliza\u021bi pe scar\u0103 larg\u0103 \u00een diverse echipamente mecanice, cum ar fi excavatoare, macarale \u0219i bra\u021be mecanice, pentru a se adapta la diferite cerin\u021be de lucru.<\/li>\n<li><strong>\u00centre\u021binere u\u0219oar\u0103:<\/strong> Designul ia \u00een considerare u\u0219urin\u021ba \u00eentre\u021binerii \u0219i \u00eenlocuirii, f\u0103c\u00e2nd inspec\u021bia \u0219i \u00eentre\u021binerea regulat\u0103 mai convenabile \u0219i reduc\u00e2nd timpul de nefunc\u021bionare a echipamentelor.<\/li>\n<\/ul>\n<p>Putem produce acest produs \u0219i poate \u00eenlocui perfect ace\u0219ti cilindri hidraulici.<\/p>\n<p><img decoding=\"async\" src=\"https:\/\/www.hydraulic-cylinders.net\/wp-content\/uploads\/2025\/01\/songte-oil-pipes-and-spare-parts.webp\"><\/p>\n<h3>Scenarii de aplica\u021bii<\/h3>\n<p>Cilindrii cu bra\u021b sunt utiliza\u021bi pe scar\u0103 larg\u0103 \u00een diverse domenii, inclusiv:<\/p>\n<ul>\n<li><strong>Inginerie Construc\u021bii:<\/strong> \u00cen excavatoare \u0219i macarale, cilindrii bra\u021bului controleaz\u0103 mi\u0219carea lope\u021bilor sau a bra\u021belor, efectu\u00e2nd lucr\u0103ri de terasament, manipularea materialelor \u0219i instalarea structurilor.<\/li>\n<li><strong>Fabrica\u021bie:<\/strong> \u00cen liniile de produc\u021bie automatizate, cilindrii bra\u021bului controleaz\u0103 mi\u0219carea bra\u021belor mecanice, efectu\u00e2nd procesele de asamblare, sudare \u0219i manipulare, cresc\u00e2nd eficien\u021ba \u0219i precizia produc\u021biei.<\/li>\n<li><strong>Ma\u0219ini agricole:<\/strong> \u00cen utilajele agricole, cum ar fi combinele de recoltat \u0219i sem\u0103n\u0103toarele, cilindrii bra\u021bului controleaz\u0103 mi\u0219carea bra\u021bului de operare, \u00eendeplinind sarcini precum sem\u0103natul, fertilizarea \u0219i recoltarea.<\/li>\n<li><strong>Minerit:<\/strong> \u00cen echipamentele miniere, cilindrii bra\u021bului sunt utiliza\u021bi pentru a controla mi\u0219carea bra\u021bului echipamentelor miniere, efectuarea mineritului \u0219i transportul minereului.<\/li>\n<li><strong>Logistic\u0103 \u0219i transport:<\/strong> \u00cen cazul stivuitoarelor \u0219i robo\u021bilor de manipulare, cilindrii bra\u021bului controleaz\u0103 ridicarea \u0219i mi\u0219carea furcilor, realiz\u00e2nd manipularea \u0219i stivuirea materialelor.<\/li>\n<\/ul>\n<h3>Considera\u021bii de proiectare \u0219i criterii de selec\u021bie<\/h3>\n<p>Din punct de vedere al proiect\u0103rii, cilindrii bra\u021bului trebuie s\u0103 ia \u00een considerare urm\u0103toarele:<\/p>\n<ul>\n<li><strong>Capacitate portant\u0103:<\/strong> Cilindrii bra\u021bului trebuie s\u0103 poat\u0103 suporta greutatea echipamentului \u0219i sarcina pe care o transport\u0103.<\/li>\n<li><strong>Etan\u0219are:<\/strong> Diverse componente de etan\u0219are, cum ar fi etan\u0219\u0103rile pistonului \u0219i etan\u0219\u0103rile tijei, sunt utilizate pentru a preveni scurgerile de ulei \u0219i a asigura func\u021bionarea stabil\u0103 a cilindrului.<\/li>\n<li><strong>Durabilitate:<\/strong> Cilindrii bra\u021bului sunt de obicei fabrica\u021bi din materiale de \u00eenalt\u0103 rezisten\u021b\u0103, cu o bun\u0103 rezisten\u021b\u0103 la uzur\u0103 \u0219i la coroziune, potrivi\u021bi pentru utilizare pe termen lung \u00een medii dure.<\/li>\n<li><strong>Siguran\u0163\u0103:<\/strong> Cilindrii bra\u021bului trebuie proiecta\u021bi cu elemente de siguran\u021b\u0103 pentru a preveni accidentele \u00een timpul func\u021bion\u0103rii.<\/li>\n<li><strong>Mentenabilitate:<\/strong> Proiectul ar trebui s\u0103 ia \u00een considerare u\u0219urin\u021ba \u00eentre\u021binerii \u0219i \u00eenlocuirii, f\u0103c\u00e2nd inspec\u021bia \u0219i \u00eentre\u021binerea regulat\u0103 mai convenabil\u0103 \u0219i reduc\u00e2nd timpul de nefunc\u021bionare a echipamentelor.<\/li>\n<\/ul>\n<p><img decoding=\"async\" src=\"https:\/\/www.hydraulic-cylinders.net\/wp-content\/uploads\/2025\/01\/songte-cylinder-head-with-all-kinds-excavator-models.webp\"><\/p>\n<h3>Etan\u0219are \u0219i lubrifiere<\/h3>\n<p>Diverse componente de etan\u0219are, cum ar fi etan\u0219\u0103rile pistonului \u0219i etan\u0219\u0103rile tijei, sunt utilizate pentru a preveni scurgerile de ulei \u0219i a asigura func\u021bionarea stabil\u0103 a cilindrului. Aceste etan\u0219\u0103ri sunt fabricate din materiale rezistente la uzur\u0103, cum ar fi poliuretanul \u0219i cauciucul nitrilic. Corpul cilindrului \u0219i suprafe\u021bele capetelor filetate sunt prelucrate fin pentru a \u00eembun\u0103t\u0103\u021bi rezisten\u021ba la uzur\u0103. Injec\u021bia regulat\u0103 de ulei este necesar\u0103 pentru lubrifiere \u0219i \u00eentre\u021binere.<\/p>\n<h3>Inspec\u021bie regulat\u0103 \u0219i \u00eentre\u021binere preventiv\u0103<\/h3>\n<p>Inspec\u021bia regulat\u0103 \u0219i \u00eentre\u021binerea preventiv\u0103 sunt necesare pentru a asigura func\u021bionarea corect\u0103 a cilindrilor bra\u021bului. Trebuie luate urm\u0103toarele m\u0103suri:<\/p>\n<ul>\n<li>Inspecta\u021bi \u0219i \u00eenlocui\u021bi garniturile deteriorate \u00een mod regulat.<\/li>\n<li>Verifica\u021bi uzura corpului cilindrului.<\/li>\n<li>Verifica\u021bi nivelul \u0219i calitatea uleiului.<\/li>\n<li>\u00cenlocui\u021bi uleiul hidraulic \u00een mod regulat.<\/li>\n<li>Verifica\u021bi \u0219uruburile \u0219i piuli\u021bele de fixare \u0219i str\u00e2nge\u021bi-le dac\u0103 este necesar.<\/li>\n<\/ul>\n<h3>Ghid de instalare a produsului<\/h3>\n<p>Instalarea cilindrilor bra\u021bului trebuie efectuat\u0103 de c\u0103tre personal profesionist, urm\u00e2nd pa\u0219ii de mai jos:<\/p>\n<ol>\n<li>Preg\u0103ti\u021bi uneltele \u0219i echipamentele de instalare.<\/li>\n<li>Instala\u021bi cilindrul pe echipament \u0219i conecta\u021bi conducta hidraulic\u0103.<\/li>\n<li>Testa\u021bi complet func\u021bionarea cilindrului \u0219i verifica\u021bi dac\u0103 exist\u0103 scurgeri.<\/li>\n<li>Ajusta\u021bi pozi\u021bia de instalare \u0219i str\u00e2nge\u021bi \u0219uruburile \u0219i piuli\u021bele.<\/li>\n<li>Umple\u021bi cu ulei hidraulic \u0219i efectua\u021bi un al doilea test.<\/li>\n<\/ol>\n<p><img decoding=\"async\" src=\"https:\/\/www.hydraulic-cylinders.net\/wp-content\/uploads\/2025\/01\/songte-bushings-with-all-kinds-of-excavator-models.webp\"><\/p>\n<h3>Considera\u021bii de siguran\u021b\u0103 \u0219i factori de mediu<\/h3>\n<p>\u00cen timpul func\u021bion\u0103rii, trebuie luate m\u0103suri de siguran\u021b\u0103 adecvate pentru a evita accidentele. Operatorii trebuie s\u0103 fie familiariza\u021bi cu echipamentul \u0219i procedurile de operare. De asemenea, trebuie luat \u00een considerare mediul \u00eenconjur\u0103tor \u0219i trebuie luate m\u0103suri adecvate pentru a preveni poluarea mediului.<\/p>\n<h3>Depanare \u0219i probleme frecvente<\/h3>\n<p>Problemele frecvente ale cilindrilor bra\u021bului includ scurgeri de ulei, mi\u0219care lent\u0103 \u0219i zgomot anormal. Se pot utiliza urm\u0103toarele sfaturi \u0219i solu\u021bii:<\/p>\n<ul>\n<li><strong>Scurgere de ulei:<\/strong> Verifica\u021bi garniturile \u0219i \u00eenlocui\u021bi-le dac\u0103 este necesar.<\/li>\n<li><strong>Mi\u0219care lent\u0103:<\/strong> Verifica\u021bi nivelul \u0219i calitatea uleiului \u0219i \u00eenlocui\u021bi uleiul hidraulic dac\u0103 este necesar.<\/li>\n<li><strong>Zgomot anormal:<\/strong> Verifica\u021bi dac\u0103 exist\u0103 deterior\u0103ri la corpul cilindrului sau la tija pistonului \u0219i \u00eenlocui\u021bi-le dac\u0103 este necesar.<\/li>\n<\/ul>\n<p>De asemenea, ar trebui luate m\u0103suri preventive pentru a reduce poten\u021bialele probleme, cum ar fi inspec\u021bia \u0219i \u00eentre\u021binerea regulat\u0103.<\/p>\n<p><img decoding=\"async\" src=\"https:\/\/www.hydraulic-cylinders.net\/wp-content\/uploads\/2025\/01\/songte-chushion-collar.webp\"><\/p>\n<h3>Despre noi<\/h3>\n<p>Suntem un produc\u0103tor profesionist de cilindri hidraulici care ofer\u0103 o gam\u0103 larg\u0103 de produse \u0219i a devenit unul dintre principalii produc\u0103tori \u0219i distribuitori angro de cilindri hidraulici pe pie\u021bele interne \u0219i externe. Respect\u0103m \u00eentotdeauna principiul calit\u0103\u021bii excelente \u0219i ne baz\u0103m pe strategia de management al produc\u021biei industriale a unor ateliere de fabrica\u021bie sofisticate pentru a ne \u00eembun\u0103t\u0103\u021bi continuu nivelul tehnic \u0219i eficien\u021ba produc\u021biei. Prin introducerea de echipamente digitale de fabrica\u021bie de ultim\u0103 genera\u021bie \u0219i sisteme profesionale de testare, optimiz\u0103m continuu platforma noastr\u0103 de fabrica\u021bie, \u00eembun\u0103t\u0103\u021bim procesul de control al calit\u0103\u021bii produselor noastre \u0219i avem capacit\u0103\u021bi puternice de inovare. Scopul nostru este de a satisface nevoile diverse ale clien\u021bilor pe baza principiilor de eficien\u021b\u0103, precizie \u0219i calitate \u00eenalt\u0103.<\/p>\n<h3>Serviciile noastre<\/h3>\n<ul>\n<li><strong>Profesionalism:<\/strong> Avem o echip\u0103 tehnic\u0103 profesionist\u0103 pentru a oferi clien\u021bilor solu\u021bii \u0219i servicii profesionale.<\/li>\n<li><strong>Certificare interna\u021bional\u0103:<\/strong> Produsele noastre sunt certificate prin diverse certific\u0103ri interna\u021bionale, precum ISO \u0219i CE.<\/li>\n<li><strong>Personalizare:<\/strong> Oferim servicii personalizate pentru a satisface diferitele nevoi ale clien\u021bilor.<\/li>\n<li><strong>Echipamente de produc\u021bie:<\/strong> Avem echipamente de produc\u021bie avansate, cum ar fi ma\u0219ini CNC, ma\u0219ini de sudur\u0103 \u0219i echipamente de testare.<\/li>\n<li><strong>Serviciu post-v\u00e2nzare:<\/strong> Oferim servicii complete post-v\u00e2nzare pentru a asigura satisfac\u021bia clien\u021bilor.<\/li>\n<\/ul>\n<p><img decoding=\"async\" src=\"https:\/\/www.hydraulic-cylinders.net\/wp-content\/uploads\/2025\/01\/songte-company-4.webp\"><br \/>\n<img decoding=\"async\" src=\"https:\/\/www.hydraulic-cylinders.net\/wp-content\/uploads\/2025\/01\/songte-company-3.webp\"><\/p>\n<p>Autor: lyl<\/p>","protected":false},"excerpt":{"rendered":"<p>Arm Cylinder for Hengte HT90\/21 Definition and Explanation An arm cylinder is a specially designed hydraulic cylinder that provides linear movement and power to the arms of various types of machinery, such as excavators, cranes, and mechanical arms. It plays a crucial role in hydraulic systems, enabling the effective movement and control of additional tools [&hellip;]<\/p>","protected":false},"featured_media":14759,"comment_status":"open","ping_status":"closed","template":"","meta":{"_et_pb_use_builder":"","_et_pb_old_content":"","_et_gb_content_width":""},"product_brand":[],"product_cat":[1497],"product_tag":[1498,1496],"class_list":{"0":"post-16917","1":"product","2":"type-product","3":"status-publish","4":"has-post-thumbnail","6":"product_cat-arm-cylinders","7":"product_tag-arm-cylinders","8":"product_tag-hydraulic-cylinders","10":"first","11":"instock","12":"shipping-taxable","13":"product-type-simple"},"amp_enabled":true,"_links":{"self":[{"href":"https:\/\/www.hydraulic-cylinders.net\/ro\/wp-json\/wp\/v2\/product\/16917","targetHints":{"allow":["GET"]}}],"collection":[{"href":"https:\/\/www.hydraulic-cylinders.net\/ro\/wp-json\/wp\/v2\/product"}],"about":[{"href":"https:\/\/www.hydraulic-cylinders.net\/ro\/wp-json\/wp\/v2\/types\/product"}],"replies":[{"embeddable":true,"href":"https:\/\/www.hydraulic-cylinders.net\/ro\/wp-json\/wp\/v2\/comments?post=16917"}],"wp:featuredmedia":[{"embeddable":true,"href":"https:\/\/www.hydraulic-cylinders.net\/ro\/wp-json\/wp\/v2\/media\/14759"}],"wp:attachment":[{"href":"https:\/\/www.hydraulic-cylinders.net\/ro\/wp-json\/wp\/v2\/media?parent=16917"}],"wp:term":[{"taxonomy":"product_brand","embeddable":true,"href":"https:\/\/www.hydraulic-cylinders.net\/ro\/wp-json\/wp\/v2\/product_brand?post=16917"},{"taxonomy":"product_cat","embeddable":true,"href":"https:\/\/www.hydraulic-cylinders.net\/ro\/wp-json\/wp\/v2\/product_cat?post=16917"},{"taxonomy":"product_tag","embeddable":true,"href":"https:\/\/www.hydraulic-cylinders.net\/ro\/wp-json\/wp\/v2\/product_tag?post=16917"}],"curies":[{"name":"wp","href":"https:\/\/api.w.org\/{rel}","templated":true}]}}