{"id":16924,"date":"2025-01-21T06:13:15","date_gmt":"2025-01-21T06:13:15","guid":{"rendered":"https:\/\/www.hydraulic-cylinders.net\/product\/arm-cylinder-for-hengte-wheel-excavator-htl150-8\/"},"modified":"2025-01-21T06:13:17","modified_gmt":"2025-01-21T06:13:17","slug":"arm-cylinder-for-hengte-wheel-excavator-htl150-8","status":"publish","type":"product","link":"https:\/\/www.hydraulic-cylinders.net\/ro\/produs\/arm-cylinder-for-hengte-wheel-excavator-htl150-8\/","title":{"rendered":"Cilindru de bra\u021b pentru excavatorul cu ro\u021bi Hengte HTL150-8"},"content":{"rendered":"<h1>Cilindru de bra\u021b pentru excavatorul cu ro\u021bi Hengte HTL150-8<\/h1>\n<h2>Introducere<\/h2>\n<p>Cilindrul bra\u021bului este un cilindru hidraulic specializat, conceput pentru a oferi mi\u0219care liniar\u0103 \u0219i putere bra\u021bului diverselor utilaje, cum ar fi excavatoare, macarale \u0219i bra\u021be robotizate. Acesta joac\u0103 un rol crucial \u00een sistemele hidraulice, permi\u021b\u00e2nd mi\u0219carea lin\u0103 \u0219i controlul uneltelor sau ata\u0219amentelor suplimentare. Ace\u0219ti cilindri nu numai c\u0103 asigur\u0103 o mi\u0219care lin\u0103, dar rezist\u0103 \u0219i la sarcini grele, asigur\u00e2nd o func\u021bionare eficient\u0103 \u0219i fiabilitate \u00een diverse condi\u021bii de lucru.<\/p>\n<p><img decoding=\"async\" src=\"https:\/\/www.hydraulic-cylinders.net\/wp-content\/uploads\/2025\/01\/songte-company-2.webp\" alt=\"Imaginea cilindrului bra\u021bului\"><\/p>\n<h2>Caracteristici<\/h2>\n<ul>\n<li><strong>Transmisie extrem de eficient\u0103:<\/strong> Cilindrul bra\u021bului poate oferi o mi\u0219care liniar\u0103 puternic\u0103 \u0219i o for\u021b\u0103, asigur\u00e2nd o performan\u021b\u0103 ridicat\u0103 a bra\u021bului ma\u0219inii.<\/li>\n<li><strong>Control precis:<\/strong> Prin intermediul sistemului hidraulic, cilindrul bra\u021bului permite un control precis al mi\u0219c\u0103rii, f\u0103c\u00e2nd func\u021bionarea uneltelor ata\u0219ate mai flexibil\u0103 \u0219i precis\u0103.<\/li>\n<li><strong>Durabilitate:<\/strong> Cilindrii cu bra\u021b sunt de obicei fabrica\u021bi din materiale de \u00eenalt\u0103 rezisten\u021b\u0103, oferind o rezisten\u021b\u0103 excelent\u0103 la uzur\u0103 \u0219i coroziune, ceea ce \u00eei face potrivi\u021bi pentru utilizare pe termen lung \u00een medii dure.<\/li>\n<li><strong>Adaptabilitate multifunc\u021bional\u0103:<\/strong> Ace\u0219ti cilindri pot fi utiliza\u021bi pe scar\u0103 larg\u0103 \u00een diverse echipamente, cum ar fi excavatoare, macarale \u0219i bra\u021be robotizate, adapt\u00e2ndu-se la diferite cerin\u021be de lucru.<\/li>\n<li><strong>\u00centre\u021binere u\u0219oar\u0103:<\/strong> Conceput pentru u\u0219urin\u021ba \u00eentre\u021binerii \u0219i \u00eenlocuirii, cilindrul bra\u021bului faciliteaz\u0103 inspec\u021biile \u0219i \u00eentre\u021binerea regulat\u0103 convenabil\u0103, reduc\u00e2nd timpul de nefunc\u021bionare a echipamentelor.<\/li>\n<\/ul>\n<p><img decoding=\"async\" src=\"https:\/\/www.hydraulic-cylinders.net\/wp-content\/uploads\/2025\/01\/songte-oil-pipes-and-spare-parts.webp\" alt=\"Imaginea produsului\"><\/p>\n<h2>Aplica\u021bii<\/h2>\n<p>Cilindrul cu bra\u021b \u00ee\u0219i g\u0103se\u0219te aplica\u021bii \u00een diverse industrii:<\/p>\n<ul>\n<li><strong>Inginerie Construc\u021bii:<\/strong> La excavatoare \u0219i macarale, cilindrul bra\u021bului controleaz\u0103 mi\u0219carea cupei sau a bra\u021bului pentru lucr\u0103ri de terasament, manipularea materialelor \u0219i instalarea structural\u0103.<\/li>\n<li><strong>Fabrica\u021bie:<\/strong> \u00cen liniile de produc\u021bie automatizate, cilindrul bra\u021bului faciliteaz\u0103 mi\u0219carea bra\u021belor robotizate pentru procese precum asamblarea, sudarea \u0219i manipularea materialelor, \u00eembun\u0103t\u0103\u021bind productivitatea \u0219i precizia.<\/li>\n<li><strong>Ma\u0219ini agricole:<\/strong> \u00cen utilajele agricole, cum ar fi combinele de recoltat \u0219i sem\u0103n\u0103toarele, cilindrul bra\u021bului controleaz\u0103 mi\u0219carea bra\u021belor de operare pentru sarcini precum sem\u0103natul, fertilizarea \u0219i recoltarea.<\/li>\n<li><strong>Minerit:<\/strong> \u00cen echipamentele miniere, cilindrul bra\u021bului controleaz\u0103 mi\u0219carea bra\u021bului utilajelor miniere pentru extrac\u021bia \u0219i transportul minereului.<\/li>\n<li><strong>Logistic\u0103 \u0219i transport:<\/strong> \u00cen cazul stivuitoarelor \u0219i robo\u021bilor de manipulare, cilindrul bra\u021bului controleaz\u0103 ridicarea \u0219i mi\u0219carea furcilor, permi\u021b\u00e2nd manipularea \u0219i stivuirea materialelor.<\/li>\n<\/ul>\n<h2>Considera\u021bii de proiectare \u0219i criterii de selec\u021bie<\/h2>\n<ul>\n<li><strong>Capacitate de \u00eenc\u0103rcare:<\/strong> Discuss the Arm Cylinder&#8217;s ability to withstand different loads.<\/li>\n<li><strong>Etan\u0219are:<\/strong> Explica\u021bi utilizarea diferitelor elemente de etan\u0219are, cum ar fi etan\u0219\u0103rile pistonului \u0219i etan\u0219\u0103rile tijei, fabricate din materiale rezistente la uzur\u0103, precum poliuretanul \u0219i cauciucul nitrilic.<\/li>\n<li><strong>Durabilitate:<\/strong> Discuss the cylinder body and threaded end surface&#8217;s fine treatment to improve wear resistance.<\/li>\n<li><strong>Siguran\u0163\u0103:<\/strong> Explica\u021bi m\u0103surile de siguran\u021b\u0103 \u00eencorporate \u00een proiect, cum ar fi supapele de siguran\u021b\u0103 sau sistemele de eliberare a presiunii.<\/li>\n<li><strong>Mentenabilitate:<\/strong> Discuta\u021bi u\u0219urin\u021ba \u00eentre\u021binerii \u0219i importan\u021ba inspec\u021biilor \u0219i lubrifierii regulate.<\/li>\n<\/ul>\n<p><img decoding=\"async\" src=\"https:\/\/www.hydraulic-cylinders.net\/wp-content\/uploads\/2025\/01\/songte-cylinder-head-with-all-kinds-excavator-models.webp\" alt=\"Imagine cilindric\u0103\"><\/p>\n<h2>Etan\u0219are \u0219i lubrifiere<\/h2>\n<p>Cilindrul cu bra\u021b folose\u0219te diverse componente de etan\u0219are, cum ar fi etan\u0219\u0103rile pistonului \u0219i etan\u0219\u0103rile tijei, fabricate din materiale rezistente la uzur\u0103, precum poliuretanul \u0219i cauciucul nitrilic. Corpul cilindrului \u0219i suprafa\u021ba cap\u0103tului filetat sunt supuse unui tratament meticulos pentru a spori rezisten\u021ba la uzur\u0103. Lubrifierea regulat\u0103 cu ulei hidraulic este necesar\u0103 pentru a asigura lubrifierea corect\u0103 a etan\u0219\u0103rilor \u0219i func\u021bionarea f\u0103r\u0103 probleme a cilindrului.<\/p>\n<h2>Inspec\u021bie regulat\u0103 \u0219i \u00eentre\u021binere preventiv\u0103<\/h2>\n<ul>\n<li>Verifica\u021bi periodic starea garniturilor, tijelor \u0219i a cilindrului \u00een ansamblu pentru a depista orice semne de uzur\u0103, scurgeri sau deteriorare.<\/li>\n<li>Verifica\u021bi \u0219i men\u021bine\u021bi nivelul \u0219i calitatea uleiului hidraulic pentru a asigura o performan\u021b\u0103 optim\u0103.<\/li>\n<li>Inspect and clean the cylinder&#8217;s external surfaces to prevent the accumulation of debris or contaminants.<\/li>\n<li>\u00cenlocui\u021bi prompt garniturile uzate, tijele deteriorate sau orice componente defecte.<\/li>\n<li>Urma\u021bi instruc\u021biunile produc\u0103torului privind intervalele \u0219i procedurile de \u00eentre\u021binere.<\/li>\n<\/ul>\n<h2>Ghid de instalare<\/h2>\n<p>Instalarea corect\u0103 a cilindrului bra\u021bului este crucial\u0103 pentru performan\u021ba \u0219i longevitatea acestuia. Urma\u021bi ace\u0219ti pa\u0219i:<\/p>\n<ol>\n<li>Asigura\u021bi-v\u0103 c\u0103 excavatorul sau utilajul este sus\u021binut \u00een siguran\u021b\u0103 \u0219i stabil.<\/li>\n<li>Pozi\u021biona\u021bi cilindrul bra\u021bului corect \u00een aliniere cu punctele de montare ale bra\u021bului.<\/li>\n<li>Fixa\u021bi cilindrul \u00een siguran\u021b\u0103 folosind \u0219uruburile de montare \u0219i cu specifica\u021biile de cuplu corespunz\u0103toare.<\/li>\n<li>Conecta\u021bi furtunurile sau \u021bevile hidraulice la cilindru, asigur\u00e2nd o etan\u0219are corespunz\u0103toare \u0219i conexiuni str\u00e2nse.<\/li>\n<li>Test the cylinder&#8217;s operation and check for any leaks or abnormalities.<\/li>\n<\/ol>\n<p><img decoding=\"async\" src=\"https:\/\/www.hydraulic-cylinders.net\/wp-content\/uploads\/2025\/01\/songte-bushings-with-all-kinds-of-excavator-models.webp\" alt=\"Imaginea produsului\"><\/p>\n<h2>Considera\u021bii de siguran\u021b\u0103 \u0219i factori de mediu<\/h2>\n<p>Atunci c\u00e2nd lucra\u021bi cu Cilindrul Bra\u021bului, este esen\u021bial s\u0103 acorda\u021bi prioritate m\u0103surilor de siguran\u021b\u0103. Instruirea adecvat\u0103 \u0219i respectarea instruc\u021biunilor de siguran\u021b\u0103 sunt cruciale pentru a preveni accidentele sau r\u0103nirile. \u00cen plus, luarea \u00een considerare a factorilor de mediu \u00een timpul func\u021bion\u0103rii ajut\u0103 la minimizarea oric\u0103rui impact negativ asupra mediului \u00eenconjur\u0103tor \u0219i promoveaz\u0103 sustenabilitatea.<\/p>\n<h2>Diagnosticarea, depanarea \u0219i prevenirea defec\u021biunilor<\/h2>\n<p>Problemele frecvente legate de cilindrul bra\u021bului pot include scurgeri, putere insuficient\u0103 sau mi\u0219c\u0103ri anormale. Iat\u0103 c\u00e2teva sfaturi de depanare \u0219i m\u0103suri preventive:<\/p>\n<ul>\n<li>Inspecta\u021bi \u0219i \u00eenlocui\u021bi garniturile deteriorate sau componentele uzate pentru a remedia problemele de scurgeri.<\/li>\n<li>Verifica\u021bi presiunea hidraulic\u0103 \u0219i debitul pentru a asigura o furnizare suficient\u0103 de putere.<\/li>\n<li>Verifica\u021bi sistemul hidraulic pentru a depista orice blocaje sau restric\u021bii care ar putea afecta performan\u021ba cilindrului.<\/li>\n<li>Cur\u0103\u021ba\u021bi \u0219i lubrifia\u021bi cilindrul \u00een mod regulat pentru a preveni acumularea de resturi \u0219i a asigura o func\u021bionare f\u0103r\u0103 probleme.<\/li>\n<li>Follow recommended maintenance procedures to minimize potential issues and prolong the cylinder&#8217;s lifespan.<\/li>\n<\/ul>\n<p><img decoding=\"async\" src=\"https:\/\/www.hydraulic-cylinders.net\/wp-content\/uploads\/2025\/01\/songte-chushion-collar.webp\" alt=\"Imaginea produsului\"><\/p>\n<p>Nu uita s\u0103 organizezi articolul logic, folosind subtitluri pentru o navigare u\u0219oar\u0103. Include imagini sau grafice relevante pentru a \u00eembun\u0103t\u0103\u021bi \u00een\u021belegerea. Asigur\u0103-te c\u0103 con\u021binutul este clar, concis \u0219i potrivit pentru cititorii cu diferite niveluri de cuno\u0219tin\u021be tehnice.<\/p>\n<p>Autor: lyl<\/p>\n<p><img decoding=\"async\" src=\"https:\/\/www.hydraulic-cylinders.net\/wp-content\/uploads\/2025\/01\/songte-company-4.webp\" alt=\"Imaginea companiei\"><br \/>\n<img decoding=\"async\" src=\"https:\/\/www.hydraulic-cylinders.net\/wp-content\/uploads\/2025\/01\/songte-company-3.webp\" alt=\"Imaginea companiei\"><\/p>\n<p>\u00cen cele din urm\u0103, subliniem faptul c\u0103 suntem un produc\u0103tor profesionist de cilindri hidraulici de schimb, oferind o gam\u0103 larg\u0103 de produse. Am devenit unul dintre principalii produc\u0103tori \u0219i distribuitori angro pe pie\u021bele interne \u0219i interna\u021bionale. Cu un angajament fa\u021b\u0103 de excelen\u021b\u0103, ne \u00eembun\u0103t\u0103\u021bim continuu expertiza tehnic\u0103 \u0219i eficien\u021ba produc\u021biei. Prin introducerea de echipamente digitale avansate de fabrica\u021bie \u0219i sisteme profesionale de testare, optimiz\u0103m platforma noastr\u0103 de fabrica\u021bie \u0219i \u00eembun\u0103t\u0103\u021bim procesele de control al calit\u0103\u021bii produselor. Ne propunem s\u0103 satisfacem diversele nevoi ale clien\u021bilor cu eficien\u021b\u0103, precizie \u0219i standarde de \u00eenalt\u0103 calitate.<\/p>\n<p>Additionally, expand on the company&#8217;s professionalism, international certifications, customized services, production equipment, and after-sales services.<\/p>","protected":false},"excerpt":{"rendered":"<p>Arm Cylinder For Hengte Wheel Excavator HTL150-8 Introduction The Arm Cylinder is a specialized hydraulic cylinder designed to provide linear motion and power to the arm of various machinery, such as excavators, cranes, and robotic arms. It plays a crucial role in hydraulic systems, enabling the smooth movement and control of additional tools or attachments. [&hellip;]<\/p>","protected":false},"featured_media":14770,"comment_status":"open","ping_status":"closed","template":"","meta":{"_et_pb_use_builder":"","_et_pb_old_content":"","_et_gb_content_width":""},"product_brand":[],"product_cat":[1497],"product_tag":[1498,1496],"class_list":{"0":"post-16924","1":"product","2":"type-product","3":"status-publish","4":"has-post-thumbnail","6":"product_cat-arm-cylinders","7":"product_tag-arm-cylinders","8":"product_tag-hydraulic-cylinders","10":"first","11":"instock","12":"shipping-taxable","13":"product-type-simple"},"amp_enabled":true,"_links":{"self":[{"href":"https:\/\/www.hydraulic-cylinders.net\/ro\/wp-json\/wp\/v2\/product\/16924","targetHints":{"allow":["GET"]}}],"collection":[{"href":"https:\/\/www.hydraulic-cylinders.net\/ro\/wp-json\/wp\/v2\/product"}],"about":[{"href":"https:\/\/www.hydraulic-cylinders.net\/ro\/wp-json\/wp\/v2\/types\/product"}],"replies":[{"embeddable":true,"href":"https:\/\/www.hydraulic-cylinders.net\/ro\/wp-json\/wp\/v2\/comments?post=16924"}],"wp:featuredmedia":[{"embeddable":true,"href":"https:\/\/www.hydraulic-cylinders.net\/ro\/wp-json\/wp\/v2\/media\/14770"}],"wp:attachment":[{"href":"https:\/\/www.hydraulic-cylinders.net\/ro\/wp-json\/wp\/v2\/media?parent=16924"}],"wp:term":[{"taxonomy":"product_brand","embeddable":true,"href":"https:\/\/www.hydraulic-cylinders.net\/ro\/wp-json\/wp\/v2\/product_brand?post=16924"},{"taxonomy":"product_cat","embeddable":true,"href":"https:\/\/www.hydraulic-cylinders.net\/ro\/wp-json\/wp\/v2\/product_cat?post=16924"},{"taxonomy":"product_tag","embeddable":true,"href":"https:\/\/www.hydraulic-cylinders.net\/ro\/wp-json\/wp\/v2\/product_tag?post=16924"}],"curies":[{"name":"wp","href":"https:\/\/api.w.org\/{rel}","templated":true}]}}