{"id":16935,"date":"2025-01-21T06:13:58","date_gmt":"2025-01-21T06:13:58","guid":{"rendered":"https:\/\/www.hydraulic-cylinders.net\/product\/arm-cylinder-for-xiniu-xn8180\/"},"modified":"2025-01-21T06:14:00","modified_gmt":"2025-01-21T06:14:00","slug":"arm-cylinder-for-xiniu-xn8180","status":"publish","type":"product","link":"https:\/\/www.hydraulic-cylinders.net\/ro\/produs\/arm-cylinder-for-xiniu-xn8180\/","title":{"rendered":"Cilindru de bra\u021b pentru Xiniu XN8180"},"content":{"rendered":"<h2>Cilindru de bra\u021b pentru Xiniu XN8180<\/h2>\n<h3>Introducere<\/h3>\n<p>Un cilindru de bra\u021b este un cilindru hidraulic special conceput, utilizat \u00een principal pentru a oferi mi\u0219care liniar\u0103 \u0219i putere bra\u021belor diferitelor utilaje, cum ar fi excavatoare, macarale \u0219i bra\u021be mecanice. Cilindrul de bra\u021b joac\u0103 un rol crucial \u00een sistemele hidraulice, permi\u021b\u00e2nd mi\u0219carea \u0219i controlul eficient al sculelor sau accesoriilor ata\u0219ate. Ace\u0219ti cilindri nu numai c\u0103 ofer\u0103 o mi\u0219care lin\u0103, dar rezist\u0103 \u0219i la sarcini grele, asigur\u00e2nd func\u021bionarea eficient\u0103 \u0219i fiabilitatea utilajelor \u00een diverse condi\u021bii de func\u021bionare.<\/p>\n<p><img decoding=\"async\" src=\"https:\/\/www.hydraulic-cylinders.net\/wp-content\/uploads\/2025\/01\/songte-company-2.webp\"><\/p>\n<h3>Caracteristici<\/h3>\n<ul>\n<li>Transmisie eficient\u0103 a puterii: Cilindrul bra\u021bului ofer\u0103 o mi\u0219care liniar\u0103 puternic\u0103 \u0219i o for\u021b\u0103, asigur\u00e2nd performan\u021be de \u00eenalt\u0103 eficien\u021b\u0103 ale bra\u021bului mecanic \u00een diverse opera\u021biuni.<\/li>\n<li>Control precis: Prin intermediul sistemului hidraulic, cilindrul bra\u021bului poate realiza un control precis al mi\u0219c\u0103rii, ceea ce face ca func\u021bionarea uneltelor ata\u0219ate s\u0103 fie mai flexibil\u0103 \u0219i mai precis\u0103.<\/li>\n<li>Durabilitate mare: Cilindrul bra\u021bului este de obicei fabricat din materiale de \u00eenalt\u0103 rezisten\u021b\u0103, cu rezisten\u021b\u0103 bun\u0103 la uzur\u0103 \u0219i coroziune, potrivit pentru utilizare pe termen lung \u00een condi\u021bii dure de mediu.<\/li>\n<li>Adaptabilitate multifunc\u021bional\u0103: Ace\u0219ti cilindri pot fi utiliza\u021bi pe scar\u0103 larg\u0103 \u00een diverse echipamente mecanice, cum ar fi excavatoare, macarale \u0219i bra\u021be mecanice, adapt\u00e2ndu-se la diferite cerin\u021be de lucru.<\/li>\n<li>\u00centre\u021binere u\u0219oar\u0103: Designul ia \u00een considerare u\u0219urin\u021ba \u00eentre\u021binerii \u0219i \u00eenlocuirii, ceea ce face ca inspec\u021bia \u0219i \u00eentre\u021binerea regulat\u0103 s\u0103 fie mai convenabile \u0219i reduce timpul de nefunc\u021bionare a echipamentelor.<\/li>\n<\/ul>\n<p>Putem produce acest produs, care poate \u00eenlocui perfect ace\u0219ti cilindri hidraulici.<\/p>\n<p><img decoding=\"async\" src=\"https:\/\/www.hydraulic-cylinders.net\/wp-content\/uploads\/2025\/01\/songte-oil-pipes-and-spare-parts.webp\"><\/p>\n<h3>Aplica\u021bii<\/h3>\n<p>Cilindrul cu bra\u021b este utilizat pe scar\u0103 larg\u0103 \u00een diverse industrii:<\/p>\n<ul>\n<li>Construc\u021bii de cl\u0103diri: La excavatoare \u0219i macarale, cilindrul bra\u021bului este utilizat pentru a controla mi\u0219carea cupei sau a bra\u021bului pentru lucr\u0103ri de terasament, manipularea materialelor \u0219i instalarea structural\u0103.<\/li>\n<li>Fabrica\u021bie: \u00cen liniile de produc\u021bie automatizate, cilindrul bra\u021bului este utilizat pentru mi\u0219carea bra\u021belor mecanice \u00een procesele de asamblare, sudare \u0219i manipulare, \u00eembun\u0103t\u0103\u021bind eficien\u021ba \u0219i precizia produc\u021biei.<\/li>\n<li>Ma\u0219ini agricole: \u00cen cazul ma\u0219inilor agricole, cum ar fi combinele de recoltat \u0219i sem\u0103n\u0103toarele, cilindrul bra\u021bului controleaz\u0103 mi\u0219carea bra\u021bului de operare, \u00eendeplinind sarcini precum plantarea, fertilizarea \u0219i recoltarea.<\/li>\n<li>Minerit: \u00cen echipamentele miniere, cilindrul bra\u021bului este utilizat pentru a controla mi\u0219carea bra\u021bului echipamentului minier, \u00eendeplinind sarcini precum extrac\u021bia \u0219i transportul minereurilor.<\/li>\n<li>Logistic\u0103 \u0219i transport: La stivuitoarele \u0219i robo\u021bii de manipulare, cilindrul bra\u021bului este utilizat pentru a controla ridicarea \u0219i mi\u0219carea furcilor de marf\u0103, realiz\u00e2nd manipularea \u0219i stivuirea materialelor.<\/li>\n<\/ul>\n<h3>Considera\u021bii de proiectare \u0219i standarde de selec\u021bie<\/h3>\n<p>\u00cen ceea ce prive\u0219te considera\u021biile de proiectare, capacitatea portant\u0103, etan\u0219area, durabilitatea, siguran\u021ba \u0219i mentenan\u021ba cilindrului bra\u021bului sunt discutate mai jos:<\/p>\n<ul>\n<li>Capacitate portant\u0103: Capacitatea portant\u0103 a cilindrului bra\u021bului determin\u0103 capacitatea acestuia de a suporta sarcini f\u0103r\u0103 deformare sau deteriorare. Prin urmare, cilindrul trebuie proiectat \u0219i fabricat conform cerin\u021belor specifice aplica\u021biei.<\/li>\n<li>Etan\u0219are: Cilindrul bra\u021bului necesit\u0103 o etan\u0219are excelent\u0103 pentru a preveni scurgerile de fluid hidraulic, care pot afecta performan\u021ba \u0219i durata de via\u021b\u0103 a cilindrului. Prin urmare, diverse componente de etan\u0219are, cum ar fi etan\u0219\u0103rile pistonului \u0219i etan\u0219\u0103rile tijei, trebuie selectate cu aten\u021bie.<\/li>\n<li>Durabilitate: Cilindrul bra\u021bului trebuie s\u0103 fie fabricat din materiale de \u00eenalt\u0103 calitate pentru a-i asigura durabilitatea \u0219i rezisten\u021ba la uzur\u0103, coroziune \u0219i al\u021bi factori de mediu.<\/li>\n<li>Siguran\u021b\u0103: Proiectarea cilindrului bra\u021bului trebuie s\u0103 includ\u0103 caracteristici de siguran\u021b\u0103, cum ar fi supape de suprapresiune, pentru a preveni supra\u00eenc\u0103rcarea \u0219i accidentele.<\/li>\n<li>\u00centre\u021binere: Proiectarea cilindrului bra\u021bului trebuie s\u0103 \u021bin\u0103 cont de u\u0219urin\u021ba \u00eentre\u021binerii \u0219i \u00eenlocuirii, ceea ce face ca inspec\u021bia \u0219i \u00eentre\u021binerea regulat\u0103 s\u0103 fie mai convenabile.<\/li>\n<\/ul>\n<p><img decoding=\"async\" src=\"https:\/\/www.hydraulic-cylinders.net\/wp-content\/uploads\/2025\/01\/songte-cylinder-head-with-all-kinds-excavator-models.webp\"><\/p>\n<h3>Etan\u0219are \u0219i lubrifiere<\/h3>\n<p>Cilindrul bra\u021bului necesit\u0103 diverse componente de etan\u0219are, cum ar fi etan\u0219\u0103ri de piston \u0219i etan\u0219\u0103ri de tij\u0103, fabricate din materiale rezistente la uzur\u0103, cum ar fi poliuretanul \u0219i cauciucul nitrilic. Suprafe\u021bele chiulasei \u0219i ale capetelor filetate sunt prelucrate fin pentru a \u00eembun\u0103t\u0103\u021bi rezisten\u021ba la uzur\u0103. \u00cen plus, cilindrul bra\u021bului necesit\u0103 lubrifiere regulat\u0103 cu ulei hidraulic pentru a asigura o func\u021bionare f\u0103r\u0103 probleme.<\/p>\n<h3>\u00centre\u021binere \u0219i depanare<\/h3>\n<p>Inspec\u021bia regulat\u0103 \u0219i \u00eentre\u021binerea preventiv\u0103 sunt cruciale pentru asigurarea performan\u021bei \u0219i fiabilit\u0103\u021bii pe termen lung a cilindrului bra\u021bului. Problemele frecvente care pot ap\u0103rea includ scurgeri, deformare \u0219i mi\u0219care necorespunz\u0103toare. Dac\u0103 apar probleme, este esen\u021bial s\u0103 le diagnostica\u021bi \u0219i s\u0103 le rezolva\u021bi prompt pentru a evita daune suplimentare \u0219i perioade de nefunc\u021bionare. Urm\u0103toarele sfaturi v\u0103 pot ajuta:<\/p>\n<ul>\n<li>Verifica\u021bi periodic nivelul \u0219i calitatea fluidului hidraulic al cilindrului, \u00eenlocuindu-l atunci c\u00e2nd este necesar.<\/li>\n<li>Inspecta\u021bi garniturile, pistonul \u0219i alte componente ale cilindrului pentru semne de uzur\u0103 \u0219i deteriorare, \u00eenlocuindu-le dup\u0103 cum este necesar.<\/li>\n<li>Verifica\u021bi montarea \u0219i conexiunile cilindrului pentru a vedea dac\u0103 sunt sl\u0103bite sau deteriorate.<\/li>\n<li>Asigura\u021bi-v\u0103 c\u0103 supapele de suprapresiune ale cilindrului func\u021bioneaz\u0103 corect.<\/li>\n<\/ul>\n<p><img decoding=\"async\" src=\"https:\/\/www.hydraulic-cylinders.net\/wp-content\/uploads\/2025\/01\/songte-chushion-collar.webp\"><\/p>\n<h3>Ghid de instalare<\/h3>\n<p>Instalarea corect\u0103 este esen\u021bial\u0103 pentru asigurarea performan\u021bei \u0219i siguran\u021bei cilindrului bra\u021bului. Urma\u021bi pa\u0219ii de mai jos:<\/p>\n<ol>\n<li>Asigura\u021bi-v\u0103 c\u0103 sistemul hidraulic este oprit \u0219i c\u0103 toat\u0103 presiunea a fost eliberat\u0103.<\/li>\n<li>Cur\u0103\u021ba\u021bi \u0219i inspecta\u021bi cilindrul, asigur\u00e2ndu-v\u0103 c\u0103 nu prezint\u0103 semne de deteriorare sau uzur\u0103.<\/li>\n<li>Alinia\u021bi cilindrul cu suprafa\u021ba de montare \u0219i fixa\u021bi-l pe ma\u0219in\u0103 folosind \u0219uruburi \u0219i piuli\u021be corespunz\u0103toare.<\/li>\n<li>Conecta\u021bi furtunurile hidraulice la cilindru \u0219i asigura\u021bi-v\u0103 c\u0103 sunt str\u00e2nse \u0219i etan\u0219ate corespunz\u0103tor.<\/li>\n<li>Porni\u021bi sistemul hidraulic \u0219i verifica\u021bi dac\u0103 func\u021bioneaz\u0103 corect.<\/li>\n<\/ol>\n<h3>Considera\u021bii de siguran\u021b\u0103 \u0219i factori de mediu<\/h3>\n<p>La utilizarea cilindrului bra\u021bului, trebuie luate m\u0103suri de siguran\u021b\u0103 adecvate, inclusiv inspec\u021bia regulat\u0103, \u00eentre\u021binerea \u0219i utilizarea echipamentului individual de protec\u021bie adecvat.<\/p>\n<h3>Despre noi<\/h3>\n<p>Suntem un produc\u0103tor profesionist de cilindri hidraulici de schimb cu o gam\u0103 larg\u0103 de produse. Am devenit unul dintre principalii produc\u0103tori \u0219i distribuitori angro de cilindri hidraulici pe pie\u021bele interne \u0219i interna\u021bionale. Respect\u0103m \u00eentotdeauna principiul calit\u0103\u021bii excelente, ne baz\u0103m pe strategii industrializate de management al produc\u021biei \u00een ateliere de produc\u021bie fin\u0103 \u0219i ne \u00eembun\u0103t\u0103\u021bim continuu nivelul tehnic \u0219i eficien\u021ba produc\u021biei. Avem capacit\u0103\u021bi puternice de inovare \u0219i ne str\u0103duim s\u0103 satisfacem nevoile diverse ale clien\u021bilor cu principiile eficien\u021bei ridicate, preciziei \u0219i calit\u0103\u021bii \u00eenalte.<\/p>\n<p>Oferim servicii profesionale, certific\u0103ri interna\u021bionale, servicii personalizate, echipamente de produc\u021bie avansate \u0219i servicii post-v\u00e2nzare care satisfac nevoile clien\u021bilor no\u0219tri. <\/p>\n<p><img decoding=\"async\" src=\"https:\/\/www.hydraulic-cylinders.net\/wp-content\/uploads\/2025\/01\/songte-company-4.webp\"><br \/>\n<img decoding=\"async\" src=\"https:\/\/www.hydraulic-cylinders.net\/wp-content\/uploads\/2025\/01\/songte-company-3.webp\"><\/p>\n<p>Autor: lyl.<\/p>","protected":false},"excerpt":{"rendered":"<p>Arm Cylinder For Xiniu XN8180 Introduction An arm cylinder is a specially designed hydraulic cylinder that is primarily used to provide linear motion and power to arms of various machinery such as excavators, cranes, and mechanical arms. The arm cylinder plays a crucial role in hydraulic systems, enabling the efficient movement and control of attached [&hellip;]<\/p>","protected":false},"featured_media":14766,"comment_status":"open","ping_status":"closed","template":"","meta":{"_et_pb_use_builder":"","_et_pb_old_content":"","_et_gb_content_width":""},"product_brand":[],"product_cat":[1497],"product_tag":[1498,1496],"class_list":{"0":"post-16935","1":"product","2":"type-product","3":"status-publish","4":"has-post-thumbnail","6":"product_cat-arm-cylinders","7":"product_tag-arm-cylinders","8":"product_tag-hydraulic-cylinders","10":"first","11":"instock","12":"shipping-taxable","13":"product-type-simple"},"amp_enabled":true,"_links":{"self":[{"href":"https:\/\/www.hydraulic-cylinders.net\/ro\/wp-json\/wp\/v2\/product\/16935","targetHints":{"allow":["GET"]}}],"collection":[{"href":"https:\/\/www.hydraulic-cylinders.net\/ro\/wp-json\/wp\/v2\/product"}],"about":[{"href":"https:\/\/www.hydraulic-cylinders.net\/ro\/wp-json\/wp\/v2\/types\/product"}],"replies":[{"embeddable":true,"href":"https:\/\/www.hydraulic-cylinders.net\/ro\/wp-json\/wp\/v2\/comments?post=16935"}],"wp:featuredmedia":[{"embeddable":true,"href":"https:\/\/www.hydraulic-cylinders.net\/ro\/wp-json\/wp\/v2\/media\/14766"}],"wp:attachment":[{"href":"https:\/\/www.hydraulic-cylinders.net\/ro\/wp-json\/wp\/v2\/media?parent=16935"}],"wp:term":[{"taxonomy":"product_brand","embeddable":true,"href":"https:\/\/www.hydraulic-cylinders.net\/ro\/wp-json\/wp\/v2\/product_brand?post=16935"},{"taxonomy":"product_cat","embeddable":true,"href":"https:\/\/www.hydraulic-cylinders.net\/ro\/wp-json\/wp\/v2\/product_cat?post=16935"},{"taxonomy":"product_tag","embeddable":true,"href":"https:\/\/www.hydraulic-cylinders.net\/ro\/wp-json\/wp\/v2\/product_tag?post=16935"}],"curies":[{"name":"wp","href":"https:\/\/api.w.org\/{rel}","templated":true}]}}