{"id":16937,"date":"2025-01-21T06:14:10","date_gmt":"2025-01-21T06:14:10","guid":{"rendered":"https:\/\/www.hydraulic-cylinders.net\/product\/arm-cylinder-for-xiniu-xn120-l\/"},"modified":"2025-01-21T06:14:12","modified_gmt":"2025-01-21T06:14:12","slug":"arm-cylinder-for-xiniu-xn120-l","status":"publish","type":"product","link":"https:\/\/www.hydraulic-cylinders.net\/ro\/produs\/arm-cylinder-for-xiniu-xn120-l\/","title":{"rendered":"Cilindru de bra\u021b pentru Xiniu XN120-L"},"content":{"rendered":"<h2>Cilindru de bra\u021b pentru Xiniu XN120-L<\/h2>\n<p>Cilindrul bra\u021bului, cunoscut \u0219i sub denumirea de cilindru hidraulic, este un cilindru specializat conceput pentru a oferi mi\u0219care liniar\u0103 \u0219i putere bra\u021bului diferitelor utilaje, cum ar fi excavatoare, macarale \u0219i bra\u021be robotizate. \u00cen sistemele hidraulice, cilindrul bra\u021bului joac\u0103 un rol crucial \u00een permiterea mi\u0219c\u0103rii \u0219i controlului lin al sculelor sau accesoriilor ata\u0219ate. Ace\u0219ti cilindri nu numai c\u0103 faciliteaz\u0103 mi\u0219carea f\u0103r\u0103 probleme, dar rezist\u0103 \u0219i la sarcini grele, asigur\u00e2nd func\u021bionarea eficient\u0103 \u0219i fiabilitatea utilajelor \u00een diverse condi\u021bii de lucru.<\/p>\n<p><img decoding=\"async\" src=\"https:\/\/www.hydraulic-cylinders.net\/wp-content\/uploads\/2025\/01\/songte-company-2.webp\" alt=\"Imaginea cilindrului bra\u021bului\" \/><\/p>\n<h2>Caracteristici ale cilindrului bra\u021bului pentru Xiniu XN120-L<\/h2>\n<ul>\n<li><strong>Transmisie de \u00eenalt\u0103 eficien\u021b\u0103:<\/strong> Cilindrul bra\u021bului ofer\u0103 o mi\u0219care liniar\u0103 puternic\u0103 \u0219i o for\u021b\u0103, asigur\u00e2nd capacit\u0103\u021bi de \u00eenalt\u0103 performan\u021b\u0103 ale bra\u021bului mecanic \u00een diverse opera\u021biuni.<\/li>\n<li><strong>Control de precizie:<\/strong> Prin intermediul sistemului hidraulic, cilindrul bra\u021bului permite un control precis al mi\u0219c\u0103rii, f\u0103c\u00e2nd operarea uneltelor ata\u0219ate mai flexibil\u0103 \u0219i precis\u0103.<\/li>\n<li><strong>Durabilitate:<\/strong> Cilindrii bra\u021bului sunt de obicei fabrica\u021bi din materiale de \u00eenalt\u0103 rezisten\u021b\u0103, oferind o rezisten\u021b\u0103 excelent\u0103 la uzur\u0103 \u0219i coroziune, ceea ce \u00eei face potrivi\u021bi pentru utilizare pe termen lung \u00een medii dure.<\/li>\n<li><strong>Adaptabilitate multifunc\u021bional\u0103:<\/strong> Ace\u0219ti cilindri \u00ee\u0219i g\u0103sesc aplica\u021bii extinse \u00een diverse utilaje, inclusiv excavatoare, macarale \u0219i bra\u021be robotizate, ceea ce \u00eei face adaptabili la diferite cerin\u021be de lucru.<\/li>\n<li><strong>\u00centre\u021binere u\u0219oar\u0103:<\/strong> Concepu\u021bi pentru u\u0219urin\u021ba \u00eentre\u021binerii \u0219i \u00eenlocuirii, cilindrii bra\u021bului faciliteaz\u0103 inspec\u021bia \u0219i \u00eentre\u021binerea periodic\u0103 convenabil\u0103, reduc\u00e2nd la minimum timpul de nefunc\u021bionare a echipamentelor.<\/li>\n<\/ul>\n<p><img decoding=\"async\" src=\"https:\/\/www.hydraulic-cylinders.net\/wp-content\/uploads\/2025\/01\/songte-oil-pipes-and-spare-parts.webp\" alt=\"Piese de schimb pentru cilindrul bra\u021bului\" \/><\/p>\n<h2>Aplica\u021bii ale cilindrului bra\u021bului<\/h2>\n<p>Cilindrii cu bra\u021b au diverse aplica\u021bii \u00een diferite industrii:<\/p>\n<ul>\n<li><strong>Inginerie Construc\u021bii:<\/strong> \u00cen excavatoare \u0219i macarale, cilindrii bra\u021bului controleaz\u0103 mi\u0219carea cupelor sau a bra\u021belor pentru lucr\u0103ri de terasament, manipularea materialelor \u0219i instalarea structural\u0103.<\/li>\n<li><strong>Industria prelucr\u0103toare:<\/strong> \u00cen liniile de produc\u021bie automatizate, cilindrii bra\u021bului permit mi\u0219carea bra\u021belor robotizate pentru procese precum asamblarea, sudarea \u0219i manipularea materialelor, sporind productivitatea \u0219i precizia.<\/li>\n<li><strong>Ma\u0219ini agricole:<\/strong> \u00cen utilajele agricole, precum combinele de recoltat \u0219i sem\u0103n\u0103toarele, cilindrii bra\u021bului controleaz\u0103 mi\u0219carea bra\u021belor de operare pentru sarcini precum plantarea, fertilizarea \u0219i recoltarea.<\/li>\n<li><strong>Minerit:<\/strong> \u00cen echipamentele miniere, cilindrii bra\u021bului controleaz\u0103 mi\u0219carea bra\u021bului utilajelor miniere pentru extrac\u021bia \u0219i transportul minereului.<\/li>\n<li><strong>Logistic\u0103 \u0219i transport:<\/strong> \u00cen cazul stivuitoarelor \u0219i robo\u021bilor de manipulare, cilindrii bra\u021bului controleaz\u0103 ridicarea \u0219i mi\u0219carea furcilor, permi\u021b\u00e2nd manipularea \u0219i stivuirea materialelor.<\/li>\n<\/ul>\n<h2>Considera\u021bii de proiectare \u0219i criterii de selec\u021bie<\/h2>\n<p>La proiectarea cilindrilor bra\u021bului, trebuie lua\u021bi \u00een considerare c\u00e2\u021biva factori cheie:<\/p>\n<ul>\n<li><strong>Capacitate portant\u0103:<\/strong> Cilindrul bra\u021bului trebuie proiectat pentru a rezista la sarcinile \u0219i for\u021bele preconizate \u00eent\u00e2lnite \u00een aplica\u021bia specific\u0103.<\/li>\n<li><strong>Etan\u0219are:<\/strong> Diverse elemente de etan\u0219are, cum ar fi etan\u0219\u0103rile pistonului \u0219i etan\u0219\u0103rile tijei, fabricate din materiale rezistente la uzur\u0103, precum poliuretanul \u0219i cauciucul nitrilic, sunt utilizate pentru a asigura performan\u021be optime de etan\u0219are.<\/li>\n<li><strong>Durabilitate:<\/strong> Corpul cilindrului \u0219i capetele filetate sunt supuse unor tratamente precise pentru a spori rezisten\u021ba la uzur\u0103, asigur\u00e2nd performan\u021be de lung\u0103 durat\u0103.<\/li>\n<li><strong>Siguran\u0163\u0103:<\/strong> Aspectele de siguran\u021b\u0103 sunt luate \u00een considerare \u00een timpul procesului de proiectare pentru a preveni accidentele sau defec\u021biunile care ar putea pune \u00een pericol personalul sau echipamentele.<\/li>\n<li><strong>Mentenabilitate:<\/strong> Caracteristicile de \u00eentre\u021binere \u0219i reparabilitate u\u0219oar\u0103 sunt \u00eencorporate \u00een design, facilit\u00e2nd inspec\u021biile \u0219i \u00eentre\u021binerea regulat\u0103, reduc\u00e2nd la minimum timpul de nefunc\u021bionare.<\/li>\n<\/ul>\n<p><img decoding=\"async\" src=\"https:\/\/www.hydraulic-cylinders.net\/wp-content\/uploads\/2025\/01\/songte-cylinder-head-with-all-kinds-excavator-models.webp\" alt=\"Chiulas\u0103 de bra\u021b\" \/><\/p>\n<h2>Etan\u0219area \u0219i lubrifierea cilindrului bra\u021bului<\/h2>\n<p>Cilindrul bra\u021bului \u00eencorporeaz\u0103 diverse garnituri \u0219i necesit\u0103 lubrifiere periodic\u0103:<\/p>\n<ul>\n<li>Garnituri: Garniturile pistonului, garniturile tijei \u0219i alte componente de etan\u0219are fabricate din materiale rezistente la uzur\u0103 sunt utilizate pentru a men\u021bine performan\u021be hidraulice optime.<\/li>\n<li>Lubrifiere: Lubrifierea regulat\u0103 cu uleiul hidraulic adecvat asigur\u0103 o func\u021bionare lin\u0103 \u0219i prelunge\u0219te durata de via\u021b\u0103 a cilindrului.<\/li>\n<\/ul>\n<h2>Inspec\u021bie regulat\u0103 \u0219i m\u0103suri de \u00eentre\u021binere preventiv\u0103<\/h2>\n<p>Pentru a asigura performan\u021ba optim\u0103 \u0219i longevitatea cilindrului bra\u021bului, trebuie luate urm\u0103toarele m\u0103suri:<\/p>\n<ul>\n<li>Inspecta\u021bi periodic cilindrul pentru a depista orice semne de uzur\u0103, scurgeri sau deteriorare.<\/li>\n<li>Verifica\u021bi nivelul \u0219i calitatea uleiului hidraulic pentru a asigura o lubrifiere corespunz\u0103toare \u0219i a preveni contaminarea.<\/li>\n<li>Str\u00e2nge\u021bi orice conexiuni sau fitinguri sl\u0103bite pentru a men\u021bine integritatea sistemului hidraulic.<\/li>\n<li>\u00cenlocui\u021bi prompt garniturile sau componentele uzate pentru a preveni deteriorarea sau defec\u021biunile ulterioare.<\/li>\n<\/ul>\n<h2>Instruc\u021biuni de instalare a produsului<\/h2>\n<p>Instalarea corect\u0103 a cilindrului bra\u021bului este crucial\u0103 pentru performan\u021ba sa optim\u0103. Urma\u021bi aceste instruc\u021biuni:<\/p>\n<ul>\n<li>Asigura\u021bi alinierea \u0219i orientarea corect\u0103 a cilindrului \u00een timpul instal\u0103rii.<\/li>\n<li>Str\u00e2nge\u021bi bine toate conexiunile, asigur\u00e2nd o etan\u0219are corespunz\u0103toare \u0219i prevenind scurgerile.<\/li>\n<li>Verifica\u021bi \u0219i regla\u021bi presiunea \u0219i debitul sistemului hidraulic conform specifica\u021biilor produc\u0103torului.<\/li>\n<li>Efectua\u021bi o inspec\u021bie am\u0103nun\u021bit\u0103 dup\u0103 instalare pentru a verifica func\u021bionalitatea corect\u0103.<\/li>\n<\/ul>\n<p><img decoding=\"async\" src=\"https:\/\/www.hydraulic-cylinders.net\/wp-content\/uploads\/2025\/01\/songte-bushings-with-all-kinds-of-excavator-models.webp\" alt=\"Buc\u0219e cilindru bra\u021b\" \/><\/p>\n<h2>Considera\u021bii de siguran\u021b\u0103 \u0219i factori de mediu<\/h2>\n<p>Atunci c\u00e2nd se utilizeaz\u0103 cilindri de bra\u021b, este crucial s\u0103 se acorde prioritate m\u0103surilor de siguran\u021b\u0103 datorit\u0103 rolului critic pe care \u00eel joac\u0103. Trebuie implementate caracteristici \u0219i m\u0103suri de precau\u021bie de siguran\u021b\u0103 pentru a preveni accidentele sau r\u0103nirea personalului \u0219i a echipamentelor. \u00cen plus, este esen\u021bial s\u0103 se ia \u00een considerare factorii de mediu, cum ar fi eliminarea corect\u0103 a de\u0219eurilor \u0219i asigurarea conformit\u0103\u021bii cu reglement\u0103rile relevante.<\/p>\n<h2>Depanare \u0219i probleme frecvente<\/h2>\n<p>Depanarea cilindrului bra\u021bului \u0219i abordarea problemelor comune pot include:<\/p>\n<ul>\n<li>Identificarea \u0219i diagnosticarea problemelor precum scurgeri, mi\u0219care neregulat\u0103 sau for\u021b\u0103 insuficient\u0103.<\/li>\n<li>Verificarea \u0219i reglarea parametrilor sistemului hidraulic, inclusiv presiunea \u0219i debitul.<\/li>\n<li>Inspectarea garniturilor \u0219i componentelor pentru uzur\u0103 sau deteriorare \u0219i \u00eenlocuirea acestora, dac\u0103 este necesar.<\/li>\n<\/ul>\n<p>\u00centre\u021binerea adecvat\u0103 \u0219i m\u0103surile preventive pot ajuta la minimizarea problemelor poten\u021biale \u0219i la asigurarea performan\u021bei continue a cilindrului bra\u021bului.<\/p>\n<p><img decoding=\"async\" src=\"https:\/\/www.hydraulic-cylinders.net\/wp-content\/uploads\/2025\/01\/songte-chushion-collar.webp\" alt=\"Guler de sus\u021binere pentru cilindrul bra\u021bului\" \/><\/p>\n<p>\u00cen concluzie, suntem un produc\u0103tor profesionist specializat \u00een produc\u021bia de cilindri hidraulici de schimb. Cu o gam\u0103 larg\u0103 de produse, am devenit unul dintre principalii produc\u0103tori \u0219i distribuitori angro de cilindri hidraulici, at\u00e2t pe pie\u021bele interne, c\u00e2t \u0219i interna\u021bionale. Angajamentul nostru fa\u021b\u0103 de excelen\u021b\u0103 \u0219i managementul industrializat al produc\u021biei, sus\u021binut de facilit\u0103\u021bi de fabrica\u021bie avansate \u0219i sisteme profesionale de testare, ne permite s\u0103 ne \u00eembun\u0103t\u0103\u021bim continuu capacit\u0103\u021bile tehnice \u0219i eficien\u021ba produc\u021biei. Ne m\u00e2ndrim cu capacit\u0103\u021bile noastre inovatoare, urm\u0103rind s\u0103 satisfacem diversele nevoi ale clien\u021bilor cu eficien\u021b\u0103, precizie \u0219i produse de \u00eenalt\u0103 calitate.<\/p>\n<p><img decoding=\"async\" src=\"https:\/\/www.hydraulic-cylinders.net\/wp-content\/uploads\/2025\/01\/songte-company-4.webp\" alt=\"Imaginea companiei\" \/><br \/>\n<img decoding=\"async\" src=\"https:\/\/www.hydraulic-cylinders.net\/wp-content\/uploads\/2025\/01\/songte-company-3.webp\" alt=\"Imaginea companiei\" \/><\/p>\n<p>Ca \u0219i companie, punem accent pe profesionalismul nostru, certific\u0103ri interna\u021bionale, servicii personalizate, echipamente de produc\u021bie \u0219i service post-v\u00e2nzare. Ne str\u0103duim s\u0103 oferim cele mai bune solu\u021bii clien\u021bilor no\u0219tri \u0219i s\u0103 men\u021binem parteneriate pe termen lung.<\/p>\n<p>Autor: lyl<\/p>","protected":false},"excerpt":{"rendered":"<p>Arm Cylinder For Xiniu XN120-L The arm cylinder, also known as the hydraulic cylinder, is a specialized cylinder designed to provide linear motion and power to the arm of various machinery such as excavators, cranes, and robotic arms. In hydraulic systems, the arm cylinder plays a crucial role in enabling the smooth movement and control [&hellip;]<\/p>","protected":false},"featured_media":14759,"comment_status":"open","ping_status":"closed","template":"","meta":{"_et_pb_use_builder":"","_et_pb_old_content":"","_et_gb_content_width":""},"product_brand":[],"product_cat":[1497],"product_tag":[1498,1496],"class_list":{"0":"post-16937","1":"product","2":"type-product","3":"status-publish","4":"has-post-thumbnail","6":"product_cat-arm-cylinders","7":"product_tag-arm-cylinders","8":"product_tag-hydraulic-cylinders","10":"first","11":"instock","12":"shipping-taxable","13":"product-type-simple"},"amp_enabled":true,"_links":{"self":[{"href":"https:\/\/www.hydraulic-cylinders.net\/ro\/wp-json\/wp\/v2\/product\/16937","targetHints":{"allow":["GET"]}}],"collection":[{"href":"https:\/\/www.hydraulic-cylinders.net\/ro\/wp-json\/wp\/v2\/product"}],"about":[{"href":"https:\/\/www.hydraulic-cylinders.net\/ro\/wp-json\/wp\/v2\/types\/product"}],"replies":[{"embeddable":true,"href":"https:\/\/www.hydraulic-cylinders.net\/ro\/wp-json\/wp\/v2\/comments?post=16937"}],"wp:featuredmedia":[{"embeddable":true,"href":"https:\/\/www.hydraulic-cylinders.net\/ro\/wp-json\/wp\/v2\/media\/14759"}],"wp:attachment":[{"href":"https:\/\/www.hydraulic-cylinders.net\/ro\/wp-json\/wp\/v2\/media?parent=16937"}],"wp:term":[{"taxonomy":"product_brand","embeddable":true,"href":"https:\/\/www.hydraulic-cylinders.net\/ro\/wp-json\/wp\/v2\/product_brand?post=16937"},{"taxonomy":"product_cat","embeddable":true,"href":"https:\/\/www.hydraulic-cylinders.net\/ro\/wp-json\/wp\/v2\/product_cat?post=16937"},{"taxonomy":"product_tag","embeddable":true,"href":"https:\/\/www.hydraulic-cylinders.net\/ro\/wp-json\/wp\/v2\/product_tag?post=16937"}],"curies":[{"name":"wp","href":"https:\/\/api.w.org\/{rel}","templated":true}]}}