{"id":16940,"date":"2025-01-21T06:14:22","date_gmt":"2025-01-21T06:14:22","guid":{"rendered":"https:\/\/www.hydraulic-cylinders.net\/product\/arm-cylinder-for-kato-small-excavator-hd400-1-7\/"},"modified":"2025-01-21T06:14:23","modified_gmt":"2025-01-21T06:14:23","slug":"arm-cylinder-for-kato-small-excavator-hd400-1-7","status":"publish","type":"product","link":"https:\/\/www.hydraulic-cylinders.net\/ro\/produs\/arm-cylinder-for-kato-small-excavator-hd400-1-7\/","title":{"rendered":"Cilindru de bra\u021b pentru excavatorul mic Kato HD400-1-7"},"content":{"rendered":"<h1>Cilindru de bra\u021b pentru excavatorul mic Kato HD400-1-7<\/h1>\n<h2>Introducere<\/h2>\n<p>Cilindrul de bra\u021b este un cilindru hidraulic special conceput care ofer\u0103 mi\u0219care liniar\u0103 \u0219i putere bra\u021bului diferitelor utilaje, cum ar fi excavatoare, macarale \u0219i bra\u021be robotizate. Acesta joac\u0103 un rol crucial \u00een sistemele hidraulice, permi\u021b\u00e2nd mi\u0219carea \u0219i controlul eficient al ata\u0219amentelor sau accesoriilor. Ace\u0219ti cilindri nu numai c\u0103 asigur\u0103 o mi\u0219care lin\u0103, dar rezist\u0103 \u0219i la sarcini grele, asigur\u00e2nd func\u021bionarea eficient\u0103 \u0219i fiabilitatea utilajelor \u00een diverse condi\u021bii de lucru.<\/p>\n<p><img decoding=\"async\" src=\"https:\/\/www.hydraulic-cylinders.net\/wp-content\/uploads\/2025\/01\/songte-company-2.webp\" alt=\"Imaginea cilindrului bra\u021bului\"><\/p>\n<h2>Caracteristici<\/h2>\n<ul>\n<li><strong>Transmisie de \u00eenalt\u0103 eficien\u021b\u0103:<\/strong> Cilindrul bra\u021bului ofer\u0103 o mi\u0219care liniar\u0103 puternic\u0103 \u0219i o for\u021b\u0103, asigur\u00e2nd capacit\u0103\u021bi de \u00eenalt\u0103 performan\u021b\u0103 \u00een timpul diverselor opera\u021biuni.<\/li>\n<li><strong>Control precis:<\/strong> Prin intermediul sistemului hidraulic, cilindrul bra\u021bului permite un control precis al mi\u0219c\u0103rii, f\u0103c\u00e2nd operarea uneltelor ata\u0219ate mai flexibil\u0103 \u0219i precis\u0103.<\/li>\n<li><strong>Durabilitate:<\/strong> Cilindrii bra\u021bului sunt de obicei fabrica\u021bi din materiale de \u00eenalt\u0103 rezisten\u021b\u0103, oferind o rezisten\u021b\u0103 excelent\u0103 la uzur\u0103 \u0219i coroziune, potrivi\u021bi pentru utilizare pe termen lung \u00een medii dure.<\/li>\n<li><strong>Adaptabilitate multifunc\u021bional\u0103:<\/strong> Ace\u0219ti cilindri sunt aplicabili pe scar\u0103 larg\u0103 \u00een diverse echipamente, cum ar fi excavatoare, macarale \u0219i bra\u021be robotizate, r\u0103spunz\u00e2nd diferitelor cerin\u021be de lucru.<\/li>\n<li><strong>\u00centre\u021binere u\u0219oar\u0103:<\/strong> Considera\u021biile de proiectare pentru \u00eentre\u021binere \u0219i \u00eenlocuire u\u0219oar\u0103 fac ca inspec\u021biile \u0219i \u00eentre\u021binerea regulat\u0103 s\u0103 fie convenabile, reduc\u00e2nd timpul de nefunc\u021bionare a echipamentelor.<\/li>\n<\/ul>\n<p><img decoding=\"async\" src=\"https:\/\/www.hydraulic-cylinders.net\/wp-content\/uploads\/2025\/01\/songte-oil-pipes-and-spare-parts.webp\" alt=\"Imagine piese de schimb\"><\/p>\n<h2>Aplica\u021bii<\/h2>\n<p>Cilindrii cu bra\u021b \u00ee\u0219i g\u0103sesc aplica\u021bii \u00een mai multe industrii:<\/p>\n<ul>\n<li><strong>Inginerie Construc\u021bii:<\/strong> \u00cen excavatoare \u0219i macarale, cilindrii bra\u021bului controleaz\u0103 mi\u0219carea cupelor sau a bra\u021belor pentru lucr\u0103ri de terasament, manipularea materialelor \u0219i instalarea structural\u0103.<\/li>\n<li><strong>Industria prelucr\u0103toare:<\/strong> \u00cen liniile de produc\u021bie automatizate, cilindrii bra\u021bului permit mi\u0219carea bra\u021belor robotizate pentru procesele de asamblare, sudare \u0219i manipulare a materialelor, sporind eficien\u021ba \u0219i precizia produc\u021biei.<\/li>\n<li><strong>Ma\u0219ini agricole:<\/strong> \u00cen echipamentele agricole, cum ar fi combinele de recoltat \u0219i sem\u0103n\u0103toarele, cilindrii bra\u021bului controleaz\u0103 mi\u0219carea bra\u021belor de operare, efectu\u00e2nd sarcini precum sem\u0103natul, fertilizarea \u0219i recoltarea.<\/li>\n<li><strong>Minerit:<\/strong> Cilindrii bra\u021bului din echipamentele miniere controleaz\u0103 mi\u0219carea bra\u021bului pentru extrac\u021bia \u0219i transportul minereului.<\/li>\n<li><strong>Logistic\u0103 \u0219i transport:<\/strong> \u00cen cazul stivuitoarelor \u0219i robo\u021bilor de manipulare, cilindrii bra\u021bului regleaz\u0103 ridicarea \u0219i mi\u0219carea furcilor, facilit\u00e2nd opera\u021biunile de manipulare a materialelor \u0219i de stivuire.<\/li>\n<\/ul>\n<h2>Considera\u021bii de proiectare \u0219i criterii de selec\u021bie<\/h2>\n<h3>Considera\u021bii de proiectare<\/h3>\n<ul>\n<li>Capacitate portant\u0103<\/li>\n<li>Integritatea etan\u0219\u0103rii<\/li>\n<li>Durabilitate<\/li>\n<li>Siguran\u0163\u0103<\/li>\n<li>Mentenabilitate<\/li>\n<\/ul>\n<p><img decoding=\"async\" src=\"https:\/\/www.hydraulic-cylinders.net\/wp-content\/uploads\/2025\/01\/songte-cylinder-head-with-all-kinds-excavator-models.webp\" alt=\"Imaginea chiulasei\"><\/p>\n<h3>Etan\u0219are \u0219i lubrifiere<\/h3>\n<p>Diverse tipuri de etan\u0219\u0103ri, cum ar fi etan\u0219\u0103rile pistonului \u0219i etan\u0219\u0103rile tijei, sunt utilizate \u00een cilindrii bra\u021bului. Aceste etan\u0219\u0103ri sunt fabricate din materiale rezistente la uzur\u0103, cum ar fi poliuretanul \u0219i cauciucul nitrilic. Corpul cilindrului \u0219i capetele filetate sunt supuse unui tratament fin de suprafa\u021b\u0103 pentru a spori rezisten\u021ba la uzur\u0103. Lubrifierea regulat\u0103 cu ulei hidraulic este necesar\u0103 pentru a asigura o lubrifiere adecvat\u0103 \u0219i o func\u021bionare lin\u0103.<\/p>\n<h3>Inspec\u021bie regulat\u0103 \u0219i \u00eentre\u021binere preventiv\u0103<\/h3>\n<p>Inspec\u021biile regulate \u0219i \u00eentre\u021binerea preventiv\u0103 sunt esen\u021biale pentru a asigura performan\u021ba optim\u0103 \u0219i longevitatea cilindrilor bra\u021bului. Punctele cheie includ:<\/p>\n<ul>\n<li>Verificarea scurgerilor sau a deterior\u0103rii<\/li>\n<li>Inspectarea garniturilor \u0219i \u00eenlocuirea acestora, dac\u0103 este necesar<\/li>\n<li>Verificarea lubrifierii corespunz\u0103toare<\/li>\n<li>Str\u00e2ngerea oric\u0103ror conexiuni sl\u0103bite<\/li>\n<\/ul>\n<h2>Ghid de instalare a produsului<\/h2>\n<p>Urma\u021bi ace\u0219ti pa\u0219i pentru o instalare corect\u0103:<\/p>\n<ol>\n<li>Asigura\u021bi-v\u0103 c\u0103 excavatorul este sus\u021binut \u00een siguran\u021b\u0103 \u0219i stabil.<\/li>\n<li>Deconecta\u021bi conductele hidraulice conectate la vechiul cilindru al bra\u021bului.<\/li>\n<li>Scoate\u021bi \u0219uruburile care fixeaz\u0103 cilindrul vechi de excavator.<\/li>\n<li>Scoate\u021bi cu grij\u0103 cilindrul vechi \u0219i pune\u021bi-l deoparte.<\/li>\n<li>Instala\u021bi noul cilindru al bra\u021bului \u00een ordine invers\u0103, asigur\u00e2nd o aliniere corect\u0103.<\/li>\n<li>Str\u00e2nge\u021bi bine \u0219uruburile \u0219i reconecta\u021bi conductele hidraulice.<\/li>\n<li>Efectua\u021bi un test func\u021bional pentru a asigura func\u021bionarea corect\u0103.<\/li>\n<\/ol>\n<p><img decoding=\"async\" src=\"https:\/\/www.hydraulic-cylinders.net\/wp-content\/uploads\/2025\/01\/songte-bushings-with-all-kinds-of-excavator-models.webp\" alt=\"Imagine buc\u0219e\"><\/p>\n<h2>Considera\u021bii de siguran\u021b\u0103 \u0219i factori de mediu<\/h2>\n<p>C\u00e2nd lucra\u021bi cu cilindri de bra\u021b, respectarea m\u0103surilor de siguran\u021b\u0103 este crucial\u0103 pentru a preveni accidentele \u0219i a asigura protec\u021bia operatorului. M\u0103surile de siguran\u021b\u0103 includ instruirea adecvat\u0103, purtarea echipamentului de protec\u021bie \u0219i respectarea specifica\u021biilor \u0219i instruc\u021biunilor echipamentului.<\/p>\n<h2>Depanare \u0219i probleme frecvente<\/h2>\n<p>Problemele frecvente care pot ap\u0103rea la cilindrii bra\u021bului includ scurgeri, putere insuficient\u0103 \u0219i mi\u0219care neregulat\u0103. Iat\u0103 c\u00e2teva sfaturi \u0219i solu\u021bii de depanare:<\/p>\n<ul>\n<li>Dac\u0103 exist\u0103 o scurgere, verifica\u021bi garniturile \u0219i \u00eenlocui\u021bi-le dac\u0103 este necesar.<\/li>\n<li>Dac\u0103 puterea pare insuficient\u0103, inspecta\u021bi sistemul hidraulic pentru a depista eventuale blocaje sau defec\u021biuni.<\/li>\n<li>Dac\u0103 mi\u0219carea este neregulat\u0103, verifica\u021bi dac\u0103 exist\u0103 conexiuni sl\u0103bite sau componente deteriorate \u0219i remedia\u021bi-le \u00een consecin\u021b\u0103.<\/li>\n<\/ul>\n<p><img decoding=\"async\" src=\"https:\/\/www.hydraulic-cylinders.net\/wp-content\/uploads\/2025\/01\/songte-chushion-collar.webp\" alt=\"Imagine cu guler Chushion\"><\/p>\n<p>Nu uita s\u0103 organizezi articolul logic, s\u0103 folose\u0219ti subtitluri pentru o navigare u\u0219oar\u0103, s\u0103 incluzi imagini sau grafice relevante pentru o \u00een\u021belegere mai bun\u0103 \u0219i s\u0103 te asiguri c\u0103 respectivul con\u021binut este clar, concis \u0219i potrivit pentru cititorii cu diferite niveluri de cuno\u0219tin\u021be tehnice.<\/p>\n<h2>Despre noi<\/h2>\n<p>Suntem un produc\u0103tor profesionist de cilindri hidraulici de schimb, oferind o gam\u0103 larg\u0103 de produse. Am devenit unul dintre principalii produc\u0103tori \u0219i angrosi\u0219ti \u200b\u200bde cilindri hidraulici pe pie\u021bele interne \u0219i interna\u021bionale. Men\u021bin\u00e2nd principiul excelen\u021bei, ne \u00eembun\u0103t\u0103\u021bim continuu expertiza tehnic\u0103 \u0219i eficien\u021ba produc\u021biei prin implementarea unor ateliere de fabrica\u021bie de \u00eenalt\u0103 calitate \u0219i a unor strategii industrializate de management al produc\u021biei. Prin introducerea unor echipamente digitale avansate de fabrica\u021bie \u0219i a unor sisteme profesionale de testare, optimiz\u0103m platforma noastr\u0103 de fabrica\u021bie, perfec\u021bion\u0103m procesele de control al calit\u0103\u021bii produselor \u0219i de\u021binem capacit\u0103\u021bi puternice de inovare. Scopul nostru este de a satisface diversele nevoi ale clien\u021bilor cu eficien\u021b\u0103, precizie \u0219i produse de \u00eenalt\u0103 calitate.<\/p>\n<p><img decoding=\"async\" src=\"https:\/\/www.hydraulic-cylinders.net\/wp-content\/uploads\/2025\/01\/songte-company-4.webp\" alt=\"Imaginea companiei\"><br \/>\n<img decoding=\"async\" src=\"https:\/\/www.hydraulic-cylinders.net\/wp-content\/uploads\/2025\/01\/songte-company-3.webp\" alt=\"Imaginea companiei\"><\/p>\n<p>De la expertiza noastr\u0103, certific\u0103ri interna\u021bionale, servicii personalizate, echipamente de produc\u021bie, p\u00e2n\u0103 la service post-v\u00e2nzare, ne str\u0103duim s\u0103 oferim o prezentare complet\u0103 a companiei noastre.<\/p>\n<p>Autor: lyl<\/p>","protected":false},"excerpt":{"rendered":"<p>Arm Cylinder For Kato Small Excavator HD400-1-7 Introduction The arm cylinder is a specially designed hydraulic cylinder that provides linear motion and power to the arm of various machinery, such as excavators, cranes, and robotic arms. It plays a crucial role in hydraulic systems, enabling the effective movement and control of attachments or accessories. These [&hellip;]<\/p>","protected":false},"featured_media":14779,"comment_status":"open","ping_status":"closed","template":"","meta":{"_et_pb_use_builder":"","_et_pb_old_content":"","_et_gb_content_width":""},"product_brand":[],"product_cat":[1497],"product_tag":[1498,1496],"class_list":{"0":"post-16940","1":"product","2":"type-product","3":"status-publish","4":"has-post-thumbnail","6":"product_cat-arm-cylinders","7":"product_tag-arm-cylinders","8":"product_tag-hydraulic-cylinders","10":"first","11":"instock","12":"shipping-taxable","13":"product-type-simple"},"amp_enabled":true,"_links":{"self":[{"href":"https:\/\/www.hydraulic-cylinders.net\/ro\/wp-json\/wp\/v2\/product\/16940","targetHints":{"allow":["GET"]}}],"collection":[{"href":"https:\/\/www.hydraulic-cylinders.net\/ro\/wp-json\/wp\/v2\/product"}],"about":[{"href":"https:\/\/www.hydraulic-cylinders.net\/ro\/wp-json\/wp\/v2\/types\/product"}],"replies":[{"embeddable":true,"href":"https:\/\/www.hydraulic-cylinders.net\/ro\/wp-json\/wp\/v2\/comments?post=16940"}],"wp:featuredmedia":[{"embeddable":true,"href":"https:\/\/www.hydraulic-cylinders.net\/ro\/wp-json\/wp\/v2\/media\/14779"}],"wp:attachment":[{"href":"https:\/\/www.hydraulic-cylinders.net\/ro\/wp-json\/wp\/v2\/media?parent=16940"}],"wp:term":[{"taxonomy":"product_brand","embeddable":true,"href":"https:\/\/www.hydraulic-cylinders.net\/ro\/wp-json\/wp\/v2\/product_brand?post=16940"},{"taxonomy":"product_cat","embeddable":true,"href":"https:\/\/www.hydraulic-cylinders.net\/ro\/wp-json\/wp\/v2\/product_cat?post=16940"},{"taxonomy":"product_tag","embeddable":true,"href":"https:\/\/www.hydraulic-cylinders.net\/ro\/wp-json\/wp\/v2\/product_tag?post=16940"}],"curies":[{"name":"wp","href":"https:\/\/api.w.org\/{rel}","templated":true}]}}