{"id":16942,"date":"2025-01-21T06:14:29","date_gmt":"2025-01-21T06:14:29","guid":{"rendered":"https:\/\/www.hydraulic-cylinders.net\/product\/arm-cylinder-for-kato-small-excavator-hd820-3\/"},"modified":"2025-01-21T06:14:31","modified_gmt":"2025-01-21T06:14:31","slug":"arm-cylinder-for-kato-small-excavator-hd820-3","status":"publish","type":"product","link":"https:\/\/www.hydraulic-cylinders.net\/ro\/produs\/arm-cylinder-for-kato-small-excavator-hd820-3\/","title":{"rendered":"Cilindru de bra\u021b pentru excavatorul mic Kato HD820-3"},"content":{"rendered":"<h2>Cilindru de bra\u021b pentru excavatorul mic Kato HD820-3<\/h2>\n<h3>Introducere<\/h3>\n<p>Cilindrul bra\u021bului este un cilindru hidraulic special conceput, utilizat \u00een principal pentru a asigura mi\u0219carea liniar\u0103 \u0219i puterea bra\u021belor diferitelor tipuri de utilaje, cum ar fi excavatoare, macarale \u0219i bra\u021be robotizate. Cilindrul bra\u021bului joac\u0103 un rol crucial \u00een sistemul hidraulic, permi\u021b\u00e2nd mi\u0219carea \u0219i controlul eficient al uneltelor sau ata\u0219amentelor suplimentare. Ace\u0219ti cilindri nu numai c\u0103 realizeaz\u0103 o mi\u0219care lin\u0103, dar rezist\u0103 \u0219i la sarcini grele, asigur\u00e2nd func\u021bionarea eficient\u0103 \u0219i fiabilitatea utilajelor \u00een diverse condi\u021bii de func\u021bionare.<\/p>\n<p><img decoding=\"async\" src=\"https:\/\/www.hydraulic-cylinders.net\/wp-content\/uploads\/2025\/01\/songte-company-2.webp\" alt=\"Imaginea cilindrului bra\u021bului\"><\/p>\n<h3>Caracteristici<\/h3>\n<ul>\n<li>Transmisie eficient\u0103 a puterii: Cilindrul bra\u021bului ofer\u0103 o mi\u0219care liniar\u0103 puternic\u0103 \u0219i o for\u021b\u0103, asigur\u00e2nd o eficien\u021b\u0103 ridicat\u0103 \u00een diverse opera\u021biuni ale bra\u021bului mecanic.<\/li>\n<li>Control precis: Prin intermediul sistemului hidraulic, cilindrul bra\u021bului poate realiza un control precis al mi\u0219c\u0103rii, ceea ce face ca func\u021bionarea uneltelor suplimentare s\u0103 fie mai flexibil\u0103 \u0219i mai precis\u0103.<\/li>\n<li>Durabilitate mare: Cilindrii bra\u021bului sunt de obicei fabrica\u021bi din materiale de \u00eenalt\u0103 rezisten\u021b\u0103, au o bun\u0103 rezisten\u021b\u0103 la uzur\u0103 \u0219i la coroziune \u0219i sunt potrivi\u021bi pentru utilizare pe termen lung \u00een medii dure.<\/li>\n<li>Adaptabilitate multifunc\u021bional\u0103: Ace\u0219ti cilindri pot fi utiliza\u021bi pe scar\u0103 larg\u0103 \u00een diverse echipamente mecanice, cum ar fi excavatoare, macarale \u0219i bra\u021be robotizate, pentru a se adapta la diferite nevoi de lucru.<\/li>\n<li>\u00centre\u021binere u\u0219oar\u0103: Designul ia \u00een considerare u\u0219urin\u021ba \u00eentre\u021binerii \u0219i \u00eenlocuirii, ceea ce face ca inspec\u021biile \u0219i \u00eentre\u021binerea regulat\u0103 s\u0103 fie mai convenabile \u0219i s\u0103 reduc\u0103 timpul de nefunc\u021bionare a echipamentelor.<\/li>\n<\/ul>\n<p>Putem produce acest produs, iar produsul nostru poate \u00eenlocui perfect ace\u0219ti cilindri hidraulici.<\/p>\n<p><img decoding=\"async\" src=\"https:\/\/www.hydraulic-cylinders.net\/wp-content\/uploads\/2025\/01\/songte-oil-pipes-and-spare-parts.webp\" alt=\"Imagine piese de schimb cilindru hidraulic\"><\/p>\n<h3>Aplica\u021bii<\/h3>\n<p>Cilindrul cu bra\u021b este utilizat pe scar\u0103 larg\u0103 \u00een diverse industrii \u0219i domenii, cum ar fi:<\/p>\n<ul>\n<li>Inginerie de construc\u021bii: La excavatoare \u0219i macarale, cilindrul bra\u021bului este utilizat pentru a controla mi\u0219carea cupelor sau a bra\u021belor pentru lucr\u0103ri de terasament, manipularea materialelor \u0219i instalarea structural\u0103.<\/li>\n<li>Fabrica\u021bie: \u00cen liniile de produc\u021bie automatizate, cilindrul bra\u021bului este utilizat pentru mi\u0219carea bra\u021belor robotizate, asamblare, sudare \u0219i manipulare pentru a \u00eembun\u0103t\u0103\u021bi eficien\u021ba \u0219i precizia produc\u021biei.<\/li>\n<li>Ma\u0219ini agricole: \u00cen cazul ma\u0219inilor agricole, cum ar fi combinele de recoltat \u0219i sem\u0103n\u0103toarele, cilindrul bra\u021bului controleaz\u0103 mi\u0219carea bra\u021bului de operare pentru a efectua sarcini precum sem\u0103natul, fertilizarea \u0219i recoltarea.<\/li>\n<li>Minerit: \u00cen echipamentele miniere, cilindrul bra\u021bului este utilizat pentru a controla bra\u021bul echipamentului minier pentru mineritul \u0219i transportul minereurilor.<\/li>\n<li>Logistic\u0103 \u0219i transport: La stivuitoarele \u0219i robo\u021bii de manipulare, cilindrul bra\u021bului este utilizat pentru a controla ridicarea \u0219i mi\u0219carea furcilor pentru a realiza manipularea \u0219i stivuirea materialelor.<\/li>\n<\/ul>\n<h3>Considera\u021bii de proiectare \u0219i criterii de selec\u021bie<\/h3>\n<p>In terms of design considerations, the arm cylinder&#8217;s load bearing capacity, sealing, durability, safety, and maintainability are the key factors to be considered.<\/p>\n<ul>\n<li>Capacitate portant\u0103: Cilindrul bra\u021bului trebuie proiectat pentru a suporta sarcina maxim\u0103 pe care o va \u00eent\u00e2lni \u00een timpul func\u021bion\u0103rii.<\/li>\n<li>Etan\u0219are: Pentru a asigura o etan\u0219are fiabil\u0103 \u0219i a preveni scurgerile de ulei, trebuie selectate diverse componente de etan\u0219are, cum ar fi etan\u0219\u0103rile pistonului \u0219i etan\u0219\u0103rile tijei.<\/li>\n<li>Durabilitate: Cilindrul bra\u021bului trebuie s\u0103 fie fabricat din materiale de \u00eenalt\u0103 rezisten\u021b\u0103 pentru a asigura o bun\u0103 rezisten\u021b\u0103 la uzur\u0103 \u0219i coroziune \u0219i utilizare pe termen lung \u00een medii dure.<\/li>\n<li>Siguran\u021b\u0103: Cilindrul bra\u021bului trebuie proiectat pentru a preveni accidentele cauzate de supra\u00eenc\u0103rcare, impact sau alte condi\u021bii anormale.<\/li>\n<li>\u00centre\u021binere: Cilindrul bra\u021bului trebuie proiectat pentru \u00eentre\u021binere u\u0219oar\u0103 \u0219i \u00eenlocuirea componentelor deteriorate, reduc\u00e2nd timpul de nefunc\u021bionare a echipamentului.<\/li>\n<\/ul>\n<p><img decoding=\"async\" src=\"https:\/\/www.hydraulic-cylinders.net\/wp-content\/uploads\/2025\/01\/songte-cylinder-head-with-all-kinds-excavator-models.webp\" alt=\"Imaginea chiulasei\"><\/p>\n<h3>Etan\u0219are \u0219i lubrifiere<\/h3>\n<p>Cilindrul bra\u021bului utilizeaz\u0103 diverse componente de etan\u0219are, cum ar fi etan\u0219\u0103rile pistonului \u0219i etan\u0219\u0103rile tijei, pentru a asigura o etan\u0219are fiabil\u0103 \u0219i a preveni scurgerile de ulei. Aceste componente sunt fabricate din materiale rezistente la uzur\u0103, cum ar fi poliuretanul \u0219i cauciucul nitrilic. Corpul cilindrului \u0219i suprafa\u021ba cap\u0103tului filetat sunt prelucrate fin pentru a \u00eembun\u0103t\u0103\u021bi rezisten\u021ba la uzur\u0103. Ad\u0103ugarea regulat\u0103 de ulei hidraulic adecvat este necesar\u0103 pentru lubrifiere.<\/p>\n<h3>\u00centre\u021binere \u0219i depanare<\/h3>\n<p>Inspec\u021bia regulat\u0103 \u0219i \u00eentre\u021binerea preventiv\u0103 sunt importante pentru a asigura func\u021bionarea sigur\u0103 \u0219i fiabil\u0103 a cilindrului bra\u021bului. \u00cen caz de probleme, sunt necesare m\u0103suri de depanare \u0219i reparare la timp pentru a minimiza timpul de nefunc\u021bionare. C\u00e2teva probleme \u0219i solu\u021bii comune includ:<\/p>\n<ul>\n<li>Scurgeri de ulei: \u00cenlocui\u021bi componentele de etan\u0219are deteriorate sau str\u00e2nge\u021bi conexiunile sl\u0103bite pentru a preveni scurgerile de ulei.<\/li>\n<li>Performan\u021b\u0103 slab\u0103: Verifica\u021bi nivelul \u0219i calitatea uleiului hidraulic, cur\u0103\u021ba\u021bi sau \u00eenlocui\u021bi elementul filtrant \u0219i regla\u021bi presiunea pentru a asigura o func\u021bionare normal\u0103.<\/li>\n<li>Deteriorare sau deformare: \u00cenlocui\u021bi componentele deteriorate sau deformate la timp pentru a evita deteriorarea altor componente \u0219i a asigura func\u021bionarea \u00een siguran\u021b\u0103.<\/li>\n<\/ul>\n<p><img decoding=\"async\" src=\"https:\/\/www.hydraulic-cylinders.net\/wp-content\/uploads\/2025\/01\/songte-chushion-collar.webp\" alt=\"Imagine cu guler de pern\u0103\"><\/p>\n<h3>Ghid de instalare<\/h3>\n<p>The installation of the arm cylinder should follow the manufacturer&#8217;s instructions and be carried out by trained professionals. The installation process includes checking the installation position and angle, tightening the connection bolts, and connecting the hydraulic hoses and fittings. After installation, check for leaks and perform a pressure test to ensure proper operation.<\/p>\n<h3>Despre noi<\/h3>\n<p>We are a professional manufacturer of hydraulic cylinders with a wide range of products and have become one of the leading hydraulic cylinder manufacturers and wholesale distributors in domestic and international markets. We always adhere to the principle of excellent quality, rely on the industrialized production management strategy of the sophisticated manufacturing workshop, continuously improve our technical level and production efficiency. Through the introduction of high-end digital manufacturing equipment and professional testing systems, we continuously optimize the manufacturing platform, improve the product quality control process, and have strong innovation ability. Our goal is to meet customers&#8217; diversified needs with high efficiency, accuracy, and high quality.<\/p>\n<h3>Specialit\u0103\u021bile noastre<\/h3>\n<ul>\n<li>Profesionalism: Echipa noastr\u0103 este format\u0103 din ingineri, tehnicieni \u0219i reprezentan\u021bi de v\u00e2nz\u0103ri cu experien\u021b\u0103, care ofer\u0103 servicii profesionale \u0219i complete.<\/li>\n<li>Certific\u0103ri interna\u021bionale: Produsele noastre au trecut diverse certific\u0103ri interna\u021bionale, cum ar fi ISO9001, CE \u0219i RoHS.<\/li>\n<li>Customization Services: We provide customized hydraulic cylinder solutions to meet customers&#8217; specific needs and requirements.<\/li>\n<li>Echipamente de produc\u021bie: Dispunem de echipamente de produc\u021bie avansate, cum ar fi centre de prelucrare CNC, ma\u0219ini automate de sudur\u0103 \u0219i echipamente de testare, pentru a asigura o eficien\u021b\u0103 \u0219i o precizie ridicate.<\/li>\n<li>Service post-v\u00e2nzare: Oferim service post-v\u00e2nzare prompt \u0219i eficient, inclusiv asisten\u021b\u0103 tehnic\u0103, \u00eentre\u021binere \u0219i repara\u021bii.<\/li>\n<\/ul>\n<p><img decoding=\"async\" src=\"https:\/\/www.hydraulic-cylinders.net\/wp-content\/uploads\/2025\/01\/songte-company-4.webp\" alt=\"Imaginea companiei 1\"><br \/>\n<img decoding=\"async\" src=\"https:\/\/www.hydraulic-cylinders.net\/wp-content\/uploads\/2025\/01\/songte-company-3.webp\" alt=\"Imaginea companiei 2\"><\/p>\n<p>Autor: lyl.<\/p>","protected":false},"excerpt":{"rendered":"<p>Arm Cylinder For Kato Small Excavator HD820-3 Introduction The arm cylinder is a specially designed hydraulic cylinder that is primarily used to provide linear motion and power for the arms of various types of machinery, such as excavators, cranes, and robotic arms. The arm cylinder plays a crucial role in the hydraulic system, allowing for [&hellip;]<\/p>","protected":false},"featured_media":14774,"comment_status":"open","ping_status":"closed","template":"","meta":{"_et_pb_use_builder":"","_et_pb_old_content":"","_et_gb_content_width":""},"product_brand":[],"product_cat":[1497],"product_tag":[1498,1496],"class_list":{"0":"post-16942","1":"product","2":"type-product","3":"status-publish","4":"has-post-thumbnail","6":"product_cat-arm-cylinders","7":"product_tag-arm-cylinders","8":"product_tag-hydraulic-cylinders","10":"first","11":"instock","12":"shipping-taxable","13":"product-type-simple"},"amp_enabled":true,"_links":{"self":[{"href":"https:\/\/www.hydraulic-cylinders.net\/ro\/wp-json\/wp\/v2\/product\/16942","targetHints":{"allow":["GET"]}}],"collection":[{"href":"https:\/\/www.hydraulic-cylinders.net\/ro\/wp-json\/wp\/v2\/product"}],"about":[{"href":"https:\/\/www.hydraulic-cylinders.net\/ro\/wp-json\/wp\/v2\/types\/product"}],"replies":[{"embeddable":true,"href":"https:\/\/www.hydraulic-cylinders.net\/ro\/wp-json\/wp\/v2\/comments?post=16942"}],"wp:featuredmedia":[{"embeddable":true,"href":"https:\/\/www.hydraulic-cylinders.net\/ro\/wp-json\/wp\/v2\/media\/14774"}],"wp:attachment":[{"href":"https:\/\/www.hydraulic-cylinders.net\/ro\/wp-json\/wp\/v2\/media?parent=16942"}],"wp:term":[{"taxonomy":"product_brand","embeddable":true,"href":"https:\/\/www.hydraulic-cylinders.net\/ro\/wp-json\/wp\/v2\/product_brand?post=16942"},{"taxonomy":"product_cat","embeddable":true,"href":"https:\/\/www.hydraulic-cylinders.net\/ro\/wp-json\/wp\/v2\/product_cat?post=16942"},{"taxonomy":"product_tag","embeddable":true,"href":"https:\/\/www.hydraulic-cylinders.net\/ro\/wp-json\/wp\/v2\/product_tag?post=16942"}],"curies":[{"name":"wp","href":"https:\/\/api.w.org\/{rel}","templated":true}]}}