{"id":16960,"date":"2025-01-21T08:27:32","date_gmt":"2025-01-21T08:27:32","guid":{"rendered":"https:\/\/www.hydraulic-cylinders.net\/?post_type=product&#038;p=16960"},"modified":"2025-04-11T01:44:58","modified_gmt":"2025-04-11T01:44:58","slug":"hcyy11112000-forklift-lifting-cylinder","status":"publish","type":"product","link":"https:\/\/www.hydraulic-cylinders.net\/ro\/produs\/hcyy11112000-forklift-lifting-cylinder\/","title":{"rendered":"Cilindru de ridicare pentru stivuitor HCYY11112000"},"content":{"rendered":"<h1 style=\"text-align: center;\"><strong>Cilindru de ridicare pentru stivuitor HCYY11112000<\/strong><\/h1>\n<p><img loading=\"lazy\" decoding=\"async\" class=\"alignnone wp-image-16964\" src=\"https:\/\/www.hydraulic-cylinders.net\/wp-content\/uploads\/2025\/01\/hcyy11112000-forklift-lifting-cylinder-1.webp\" alt=\"\" width=\"1000\" height=\"345\" srcset=\"https:\/\/www.hydraulic-cylinders.net\/wp-content\/uploads\/2025\/01\/hcyy11112000-forklift-lifting-cylinder-1-980x338.webp 980w, https:\/\/www.hydraulic-cylinders.net\/wp-content\/uploads\/2025\/01\/hcyy11112000-forklift-lifting-cylinder-1-480x166.webp 480w\" sizes=\"(min-width: 0px) and (max-width: 480px) 480px, (min-width: 481px) and (max-width: 980px) 980px, (min-width: 981px) 1000px, 100vw\" \/><\/p>\n<p>Cilindrul hidraulic de ridicare pentru stivuitor HCYY11112000 este o component\u0103 crucial\u0103 pentru opera\u021biunile cu stivuitorul, facilit\u00e2nd ridicarea \u0219i cobor\u00e2rea eficient\u0103 a sarcinilor grele. Proiectat pentru durabilitate \u0219i performan\u021b\u0103 ridicat\u0103, acest cilindru hidraulic cre\u0219te semnificativ productivitatea \u00een diverse medii industriale.<\/p>\n<p>Fiind un atu esen\u021bial pentru orice opera\u021biune cu stivuitorul, HCYY11112000 se remarc\u0103 printr-un design robust \u0219i o capacitate mare de \u00eenc\u0103rcare, ceea ce \u00eel face o alegere ideal\u0103 pentru industrii precum depozitarea \u0219i construc\u021biile. Familiariz\u00e2ndu-se cu caracteristicile sale, utilizarea corect\u0103 \u0219i cerin\u021bele de \u00eentre\u021binere, operatorii se pot asigura c\u0103 acest cilindru hidraulic ofer\u0103 servicii fiabile \u0219i \u00eembun\u0103t\u0103\u021be\u0219te productivitatea ani de zile.<\/p>\n<h2><strong>Parametrul cilindrului de ridicare pentru stivuitor HCYY11112000:<\/strong><\/h2>\n<h2><img loading=\"lazy\" decoding=\"async\" class=\"alignnone size-full wp-image-16968\" src=\"https:\/\/www.hydraulic-cylinders.net\/wp-content\/uploads\/2025\/01\/hcyy11112000-forklift-lifting-cylinder-5.webp\" alt=\"\" width=\"1517\" height=\"144\" srcset=\"https:\/\/www.hydraulic-cylinders.net\/wp-content\/uploads\/2025\/01\/hcyy11112000-forklift-lifting-cylinder-5.webp 1517w, https:\/\/www.hydraulic-cylinders.net\/wp-content\/uploads\/2025\/01\/hcyy11112000-forklift-lifting-cylinder-5-1280x122.webp 1280w, https:\/\/www.hydraulic-cylinders.net\/wp-content\/uploads\/2025\/01\/hcyy11112000-forklift-lifting-cylinder-5-980x93.webp 980w, https:\/\/www.hydraulic-cylinders.net\/wp-content\/uploads\/2025\/01\/hcyy11112000-forklift-lifting-cylinder-5-480x46.webp 480w\" sizes=\"(min-width: 0px) and (max-width: 480px) 480px, (min-width: 481px) and (max-width: 980px) 980px, (min-width: 981px) and (max-width: 1280px) 1280px, (min-width: 1281px) 1517px, 100vw\" \/><img loading=\"lazy\" decoding=\"async\" class=\"alignnone wp-image-16965\" style=\"color: #666666; font-size: 14px;\" src=\"https:\/\/www.hydraulic-cylinders.net\/wp-content\/uploads\/2025\/01\/hcyy11112000-forklift-lifting-cylinder-2.webp\" alt=\"\" width=\"1000\" height=\"482\" srcset=\"https:\/\/www.hydraulic-cylinders.net\/wp-content\/uploads\/2025\/01\/hcyy11112000-forklift-lifting-cylinder-2-980x472.webp 980w, https:\/\/www.hydraulic-cylinders.net\/wp-content\/uploads\/2025\/01\/hcyy11112000-forklift-lifting-cylinder-2-480x231.webp 480w\" sizes=\"(min-width: 0px) and (max-width: 480px) 480px, (min-width: 481px) and (max-width: 980px) 980px, (min-width: 981px) 1000px, 100vw\" \/><span style=\"color: #666666; font-size: 14px;\">\u00a0<\/span><img loading=\"lazy\" decoding=\"async\" class=\"alignnone wp-image-16966\" style=\"color: #666666; font-size: 14px;\" src=\"https:\/\/www.hydraulic-cylinders.net\/wp-content\/uploads\/2025\/01\/hcyy11112000-forklift-lifting-cylinder-3.webp\" alt=\"\" width=\"1000\" height=\"482\" srcset=\"https:\/\/www.hydraulic-cylinders.net\/wp-content\/uploads\/2025\/01\/hcyy11112000-forklift-lifting-cylinder-3-980x473.webp 980w, https:\/\/www.hydraulic-cylinders.net\/wp-content\/uploads\/2025\/01\/hcyy11112000-forklift-lifting-cylinder-3-480x232.webp 480w\" sizes=\"(min-width: 0px) and (max-width: 480px) 480px, (min-width: 481px) and (max-width: 980px) 980px, (min-width: 981px) 1000px, 100vw\" \/><img loading=\"lazy\" decoding=\"async\" class=\"alignnone size-full wp-image-16967\" src=\"https:\/\/www.hydraulic-cylinders.net\/wp-content\/uploads\/2025\/01\/hcyy11112000-forklift-lifting-cylinder-4.webp\" alt=\"\" width=\"1496\" height=\"774\" srcset=\"https:\/\/www.hydraulic-cylinders.net\/wp-content\/uploads\/2025\/01\/hcyy11112000-forklift-lifting-cylinder-4.webp 1496w, https:\/\/www.hydraulic-cylinders.net\/wp-content\/uploads\/2025\/01\/hcyy11112000-forklift-lifting-cylinder-4-1280x662.webp 1280w, https:\/\/www.hydraulic-cylinders.net\/wp-content\/uploads\/2025\/01\/hcyy11112000-forklift-lifting-cylinder-4-980x507.webp 980w, https:\/\/www.hydraulic-cylinders.net\/wp-content\/uploads\/2025\/01\/hcyy11112000-forklift-lifting-cylinder-4-480x248.webp 480w\" sizes=\"(min-width: 0px) and (max-width: 480px) 480px, (min-width: 481px) and (max-width: 980px) 980px, (min-width: 981px) and (max-width: 1280px) 1280px, (min-width: 1281px) 1496px, 100vw\" \/><\/h2>\n<h2><strong>Serie de cilindri pentru stivuitor:\u00a0<\/strong><\/h2>\n<h2><img loading=\"lazy\" decoding=\"async\" class=\"alignnone size-full wp-image-16971\" src=\"https:\/\/www.hydraulic-cylinders.net\/wp-content\/uploads\/2025\/01\/fork-lift-cylinder.webp\" alt=\"\" width=\"2004\" height=\"2529\" srcset=\"https:\/\/www.hydraulic-cylinders.net\/wp-content\/uploads\/2025\/01\/fork-lift-cylinder.webp 2004w, https:\/\/www.hydraulic-cylinders.net\/wp-content\/uploads\/2025\/01\/fork-lift-cylinder-1280x1615.webp 1280w, https:\/\/www.hydraulic-cylinders.net\/wp-content\/uploads\/2025\/01\/fork-lift-cylinder-980x1237.webp 980w, https:\/\/www.hydraulic-cylinders.net\/wp-content\/uploads\/2025\/01\/fork-lift-cylinder-480x606.webp 480w\" sizes=\"(min-width: 0px) and (max-width: 480px) 480px, (min-width: 481px) and (max-width: 980px) 980px, (min-width: 981px) and (max-width: 1280px) 1280px, (min-width: 1281px) 2004px, 100vw\" \/><\/h2>\n<h2><strong>Caracteristici cheie ale cilindrului de ridicare pentru stivuitor HCYY11112000:<\/strong><\/h2>\n<p>Cilindrul de ridicare pentru stivuitor HCYY11112000 este proiectat cu mai multe caracteristici remarcabile care \u00eei sporesc performan\u021ba \u0219i fiabilitatea \u00een medii industriale solicitante.<\/p>\n<h4><strong>Capacitate mare de \u00eenc\u0103rcare<\/strong><\/h4>\n<p>Proiectat pentru aplica\u021bii grele, HCYY11112000 poate gestiona f\u0103r\u0103 efort greut\u0103\u021bi substan\u021biale. Aceast\u0103 capacitate mare de \u00eenc\u0103rcare asigur\u0103 c\u0103 operatorii pot ridica \u0219i transporta materiale mari cu \u00eencredere, ceea ce \u00eel face un instrument nepre\u021buit \u00een depozite, \u0219antiere de construc\u021bii \u0219i fabrici.<\/p>\n<h4><strong>Construc\u021bie durabil\u0103<\/strong><\/h4>\n<p>Fabricat din materiale de \u00eenalt\u0103 rezisten\u021b\u0103, acest cilindru se m\u00e2ndre\u0219te cu o durabilitate excep\u021bional\u0103. Designul s\u0103u robust rezist\u0103 uzurii, permi\u021b\u00e2ndu-i s\u0103 reziste rigorilor utiliz\u0103rii zilnice. Aceast\u0103 durabilitate se traduce printr-o durat\u0103 de via\u021b\u0103 mai lung\u0103, reduc\u00e2nd necesitatea \u00eenlocuirilor frecvente \u0219i minimiz\u00e2nd costurile opera\u021bionale.<\/p>\n<h4><strong>Inginerie de precizie<\/strong><\/h4>\n<p>HCYY11112000 prezint\u0103 un design inovator care promoveaz\u0103 ridicarea lin\u0103 \u0219i precis\u0103. Aceast\u0103 inginerie de precizie minimizeaz\u0103 riscul de deplasare a sarcinii, sporind siguran\u021ba \u00een timpul opera\u021biunilor. Operatorii se pot baza pe acest cilindru pentru a men\u021bine stabilitatea, chiar \u0219i atunci c\u00e2nd ridic\u0103 sarcini neuniforme sau voluminoase.<\/p>\n<h4><strong>Rezisten\u021b\u0103 la coroziune<\/strong><\/h4>\n<p>\u00cen medii dificile, expunerea la umiditate \u0219i substan\u021be chimice dure poate duce la deteriorarea prematur\u0103. HCYY11112000 este echipat cu acoperiri speciale care ofer\u0103 o protec\u021bie eficient\u0103 \u00eempotriva ruginii \u0219i coroziunii. Aceast\u0103 caracteristic\u0103 asigur\u0103 o func\u021bionare fiabil\u0103 \u0219i prelunge\u0219te durata de via\u021b\u0103 a cilindrului, indiferent de condi\u021biile cu care se confrunt\u0103.<\/p>\n<h4><strong>Func\u021bionare eficient\u0103<\/strong><\/h4>\n<p>Un design optimizat al fluxului hidraulic \u00eembun\u0103t\u0103\u021be\u0219te viteza de ridicare \u0219i eficien\u021ba modelului HCYY11112000. Aceast\u0103 inginerie atent\u0103 reduce timpii de nefunc\u021bionare, permi\u021b\u00e2nd operatorilor s\u0103 finalizeze sarcinile mai rapid \u0219i mai eficient. Performan\u021ba \u00eembun\u0103t\u0103\u021bit\u0103 nu numai c\u0103 economise\u0219te timp, dar \u00eembun\u0103t\u0103\u021be\u0219te \u0219i productivitatea general\u0103 \u00een mediile de lucru cu ritm rapid.<\/p>\n<h4><strong>Aplica\u021bie versatil\u0103<\/strong><\/h4>\n<p>HCYY11112000 este suficient de versatil pentru a fi utilizat \u00een diverse aplica\u021bii, de la ridicarea componentelor industriale grele p\u00e2n\u0103 la manipularea pale\u021bilor \u00eentr-un depozit. Adaptabilitatea sa \u00eel face o alegere preferat\u0103 \u00een multiple industrii, asigur\u00e2ndu-se c\u0103 satisface diversele nevoi ale operatorilor.<\/p>\n<h4><strong>Instalare \u0219i \u00eentre\u021binere u\u0219oar\u0103<\/strong><\/h4>\n<p>Proiectat pentru u\u0219urin\u021ba \u00een utilizare, HCYY11112000 permite o instalare \u0219i o \u00eentre\u021binere simple. Operatorii \u00eel pot configura rapid \u0219i pot efectua verific\u0103ri regulate, asigur\u00e2nd o func\u021bionare f\u0103r\u0103 probleme, f\u0103r\u0103 perioade lungi de nefunc\u021bionare.<\/p>\n<p>Cu caracteristicile sale impresionante, cilindrul de ridicare pentru stivuitor HCYY11112000 nu numai c\u0103 \u00eembun\u0103t\u0103\u021be\u0219te eficien\u021ba ridic\u0103rii, dar ridic\u0103 \u0219i standardele de siguran\u021b\u0103 \u0219i durabilitate. Investind \u00een acest cilindru de \u00eenalt\u0103 performan\u021b\u0103, industriile pot cre\u0219te productivitatea \u0219i pot asigura opera\u021biuni fiabile ani de zile.<\/p>\n<h2><strong>Ce practici cheie de \u00eentre\u021binere ajut\u0103 la prelungirea duratei de via\u021b\u0103 a unui cilindru de ridicare pentru stivuitor?<\/strong><\/h2>\n<p>To significantly extend the life of a forklift lifting cylinder, it&#8217;s essential to adopt a proactive maintenance approach. Here are some key practices that not only enhance longevity but also ensure safe and efficient operations:<\/p>\n<h4><strong>1. Inspec\u021bii regulate<\/strong><\/h4>\n<ul>\n<li><strong>De ce conteaz\u0103<\/strong>Inspec\u021biile frecvente sunt cruciale pentru identificarea timpurie a uzurii, scurgerilor sau deterior\u0103rii. Depistarea acestor probleme \u00eenainte ca acestea s\u0103 se agraveze poate economisi repara\u021bii costisitoare \u0219i timpi de nefunc\u021bionare.<\/li>\n<li><strong>Sfat<\/strong>Crea\u021bi o list\u0103 de verificare pentru a inspecta sistematic toate componentele, inclusiv furtunurile, garniturile \u0219i cilindrul \u00een sine.<\/li>\n<\/ul>\n<h4><strong>2. Verific\u0103ri ale fluidului hidraulic<\/strong><\/h4>\n<ul>\n<li><strong>De ce conteaz\u0103<\/strong>Fluidul hidraulic ac\u021bioneaz\u0103 ca for\u021ba vital\u0103 a cilindrului de ridicare, permi\u021b\u00e2nd o func\u021bionare lin\u0103. Men\u021binerea nivelurilor \u0219i calit\u0103\u021bii adecvate ale fluidului este vital\u0103 pentru o performan\u021b\u0103 optim\u0103.<\/li>\n<li><strong>Sfat<\/strong>Verifica\u021bi periodic dac\u0103 exist\u0103 contaminare \u0219i \u00eenlocui\u021bi fluidul conform recomand\u0103rilor produc\u0103torului.<\/li>\n<\/ul>\n<h4><strong>3. \u00centre\u021binerea etan\u0219\u0103rilor<\/strong><\/h4>\n<ul>\n<li><strong>De ce conteaz\u0103<\/strong>Garniturile joac\u0103 un rol esen\u021bial \u00een prevenirea scurgerilor \u0219i men\u021binerea presiunii \u00een interiorul cilindrului. Garniturile uzate sau deteriorate pot duce la probleme de performan\u021b\u0103 \u0219i pericole pentru siguran\u021b\u0103.<\/li>\n<li><strong>Sfat<\/strong>Inspecta\u021bi garniturile \u00een timpul verific\u0103rilor regulate \u0219i \u00eenlocui\u021bi-le prompt pentru a evita probleme mai semnificative.<\/li>\n<\/ul>\n<h4><strong>4. Cur\u0103\u021benie<\/strong><\/h4>\n<ul>\n<li><strong>De ce conteaz\u0103<\/strong>Men\u021binerea cilindrului \u0219i a zonelor \u00eenconjur\u0103toare f\u0103r\u0103 murd\u0103rie \u0219i resturi este esen\u021bial\u0103 pentru a preveni contaminarea \u0219i a asigura o func\u021bionare f\u0103r\u0103 probleme.<\/li>\n<li><strong>Sfat<\/strong>Folosi\u021bi o lavet\u0103 moale \u0219i agen\u021bi de cur\u0103\u021bare adecva\u021bi pentru a evita deteriorarea suprafe\u021bei, asigur\u00e2ndu-v\u0103 \u00een acela\u0219i timp c\u0103 zona r\u0103m\u00e2ne curat\u0103.<\/li>\n<\/ul>\n<h4><strong>5. Lubrifiere<\/strong><\/h4>\n<ul>\n<li><strong>De ce conteaz\u0103<\/strong>Lubrifierea corect\u0103 a pieselor mobile reduce frecarea \u0219i uzura, ceea ce poate prelungi durata de via\u021b\u0103 a cilindrului.<\/li>\n<li><strong>Sfat<\/strong>Urma\u021bi instruc\u021biunile produc\u0103torului privind lubrifian\u021bii \u0219i asigura\u021bi-v\u0103 c\u0103 toate piesele mobile sunt \u00eentre\u021binute corespunz\u0103tor.<\/li>\n<\/ul>\n<h4><strong>6. Gestionarea \u00eenc\u0103rc\u0103rii<\/strong><\/h4>\n<ul>\n<li><strong>De ce conteaz\u0103<\/strong>Func\u021bionarea \u00een limita capacit\u0103\u021bii de \u00eenc\u0103rcare specificate este crucial\u0103 pentru siguran\u021b\u0103 \u0219i eficien\u021b\u0103. Supra\u00eenc\u0103rcarea poate duce la defec\u021biuni mecanice \u0219i uzur\u0103 crescut\u0103.<\/li>\n<li><strong>Sfat<\/strong>Fi\u021bi \u00eentotdeauna con\u0219tien\u021bi de limitele de \u00eenc\u0103rcare \u0219i instrui\u021bi operatorii s\u0103 recunoasc\u0103 importan\u021ba respect\u0103rii acestora.<\/li>\n<\/ul>\n<h4><strong>7. Servicii profesionale<\/strong><\/h4>\n<ul>\n<li><strong>De ce conteaz\u0103<\/strong>Angajarea unor profesioni\u0219ti pentru verific\u0103ri regulate de \u00eentre\u021binere poate ajuta la identificarea poten\u021bialelor probleme care ar putea s\u0103 nu fie evidente \u00een timpul inspec\u021biilor de rutin\u0103.<\/li>\n<li><strong>Sfat<\/strong>Stabili\u021bi un program de \u00eentre\u021binere cu un tehnician certificat pentru a v\u0103 asigura c\u0103 toate componentele sunt \u00een stare optim\u0103.<\/li>\n<\/ul>\n<p>Prin integrarea acestor practici esen\u021biale de \u00eentre\u021binere \u00een rutina dumneavoastr\u0103, cre\u0219te\u021bi longevitatea cilindrului de ridicare al stivuitorului \u0219i \u00eembun\u0103t\u0103\u021bi\u021bi siguran\u021ba \u0219i eficien\u021ba \u00een toate opera\u021biunile dumneavoastr\u0103. Un cilindru de ridicare bine \u00eentre\u021binut poate duce la cre\u0219terea productivit\u0103\u021bii, reducerea costurilor opera\u021bionale \u0219i un loc de munc\u0103 mai sigur, f\u0103c\u00e2nd ca aceste practici s\u0103 merite efortul!<\/p>\n<h2><strong>Zona de produc\u021bie a cilindrilor pentru stivuitoare:<\/strong><\/h2>\n<h2><img loading=\"lazy\" decoding=\"async\" class=\"alignnone size-full wp-image-16972\" src=\"https:\/\/www.hydraulic-cylinders.net\/wp-content\/uploads\/2025\/01\/hydraulic-cylinder-factory-1-scaled.webp\" alt=\"\" width=\"2016\" height=\"2560\" srcset=\"https:\/\/www.hydraulic-cylinders.net\/wp-content\/uploads\/2025\/01\/hydraulic-cylinder-factory-1-scaled.webp 2016w, https:\/\/www.hydraulic-cylinders.net\/wp-content\/uploads\/2025\/01\/hydraulic-cylinder-factory-1-1280x1625.webp 1280w, https:\/\/www.hydraulic-cylinders.net\/wp-content\/uploads\/2025\/01\/hydraulic-cylinder-factory-1-980x1244.webp 980w, https:\/\/www.hydraulic-cylinders.net\/wp-content\/uploads\/2025\/01\/hydraulic-cylinder-factory-1-480x610.webp 480w\" sizes=\"(min-width: 0px) and (max-width: 480px) 480px, (min-width: 481px) and (max-width: 980px) 980px, (min-width: 981px) and (max-width: 1280px) 1280px, (min-width: 1281px) 2016px, 100vw\" \/><\/h2>\n<p>Avem o platform\u0103 independent\u0103 de cercetare \u0219i dezvoltare de prim\u0103 clas\u0103 pentru asamblare. Atelierul de produc\u021bie a cilindrilor pentru stivuitoare are patru linii de asamblare semiautomate pentru cilindri de ridicare \u0219i o linie de asamblare complet automat\u0103 pentru cilindri \u00eenclina\u021bi, cu o capacitate anual\u0103 de produc\u021bie proiectat\u0103 de milioane de buc\u0103\u021bi. Atelierul special pentru cilindri are sisteme semiautomate de cur\u0103\u021bare \u0219i asamblare cu diverse specifica\u021bii, cu o capacitate anual\u0103 de produc\u021bie proiectat\u0103 de 200.000 de buc\u0103\u021bi. Este echipat cu echipamente de prelucrare CNC de marc\u0103 renumit\u0103, centre de prelucrare, echipamente speciale pentru prelucrarea cilindrilor de \u00eenalt\u0103 precizie, ma\u0219ini de sudur\u0103 robotizate, ma\u0219ini de cur\u0103\u021bare automat\u0103, ma\u0219ini automate de asamblare a cilindrilor \u0219i linii automate de produc\u021bie a vopselei. Avem peste 300 de seturi de echipamente cheie \u00een func\u021biune. Alocarea optimizat\u0103 \u0219i utilizarea eficient\u0103 a resurselor echipamentelor asigur\u0103 cerin\u021bele de precizie ale produselor \u0219i \u00eendeplinesc cerin\u021bele de calitate \u00eenalte ale produselor.<\/p>\n<p>Atelierul de prelucrare este echipat cu centre de strunjire cu ghidaj \u00eenclinat, centre de prelucrare, ma\u0219ini de honuit de mare vitez\u0103, robo\u021bi de sudur\u0103 \u0219i alte echipamente relevante, care pot gestiona lucr\u0103rile de prelucrare a \u021bevilor cilindrice cu un diametru interior maxim de 400 mm \u0219i o lungime maxim\u0103 de 6 metri.<\/p>\n<h2><img loading=\"lazy\" decoding=\"async\" class=\"alignnone size-full wp-image-16973\" src=\"https:\/\/www.hydraulic-cylinders.net\/wp-content\/uploads\/2025\/01\/hydraulic-cylinder-factory-2-scaled.webp\" alt=\"\" width=\"2011\" height=\"2560\" srcset=\"https:\/\/www.hydraulic-cylinders.net\/wp-content\/uploads\/2025\/01\/hydraulic-cylinder-factory-2-scaled.webp 2011w, https:\/\/www.hydraulic-cylinders.net\/wp-content\/uploads\/2025\/01\/hydraulic-cylinder-factory-2-1280x1629.webp 1280w, https:\/\/www.hydraulic-cylinders.net\/wp-content\/uploads\/2025\/01\/hydraulic-cylinder-factory-2-980x1248.webp 980w, https:\/\/www.hydraulic-cylinders.net\/wp-content\/uploads\/2025\/01\/hydraulic-cylinder-factory-2-480x611.webp 480w\" sizes=\"(min-width: 0px) and (max-width: 480px) 480px, (min-width: 481px) and (max-width: 980px) 980px, (min-width: 981px) and (max-width: 1280px) 1280px, (min-width: 1281px) 2011px, 100vw\" \/><\/h2>\n<p>Avem o linie de vopsire pe baz\u0103 de ap\u0103 complet automat\u0103 pentru cilindri mici \u0219i medii, care realizeaz\u0103 \u00eenc\u0103rcare \u0219i desc\u0103rcare automat\u0103 \u0219i robo\u021bi de pulverizare automat\u0103 cu o capacitate de produc\u021bie proiectat\u0103 de 4000 de locuri pe schimb. Avem o alt\u0103 linie de vopsire semiautomat\u0103 pentru cilindri de dimensiuni mari, ac\u021bionat\u0103 de un lan\u021b electric, iar capacitatea proiectat\u0103 este de 60 de l\u0103zi pe schimb.<\/p>\n<p>Pentru a \u00eembun\u0103t\u0103\u021bi \u00een continuare performan\u021ba produselor \u0219i a stabili pozi\u021bia de lider a cilindrilor no\u0219tri hidraulici \u00een industrie, compania noastr\u0103 \u0219i zjimee au \u00eenfiin\u021bat \u00eempreun\u0103 un laborator cuprinz\u0103tor de performan\u021b\u0103 pentru cilindri hidraulici, valve hidraulice \u0219i pompe hidraulice; laboratorul este asistat de calculator folosind tehnologie electrohidraulic\u0103, condi\u021biile de testare fiind presetate de un calculator, ceea ce \u00eembun\u0103t\u0103\u021be\u0219te precizia test\u0103rii \u0219i versatilitatea sistemului, precum \u0219i datele experimentale.<\/p>\n<p>Colectarea automat\u0103 se realizeaz\u0103 prin aplicarea senzorilor, iar datele de ie\u0219ire, cum ar fi scurgerile interne \u0219i eficien\u021ba \u00eenc\u0103rc\u0103rii cilindrului sau a supapei, sunt procesate direct de computer \u0219i convertite \u00een unit\u0103\u021bi standard (ml\/min%). \u00cen acela\u0219i timp, pentru a asigura siguran\u021ba \u00een func\u021bionare a sistemului hidraulic, func\u021bia de monitorizare a st\u0103rii este efectuat\u0103 pentru parametrii cheie de performan\u021b\u0103, cum ar fi \u201emonitorizarea temperaturii uleiului, monitorizarea nivelului lichidului, monitorizarea dispozitivului de filtrare\u201d etc. Printre ace\u0219tia, standul de testare a cilindrului hidraulic poate testa performan\u021ba \u201esarcinii\u201d.<br \/>\n\u201eeficien\u021b\u0103\u201d \u0219i \u201escurgeri interne\u201d prin citiri. \u00cen acela\u0219i timp, este echipat cu un instrument de m\u0103surare cu rigl\u0103 tip gr\u0103tar care \u00eendepline\u0219te cerin\u021bele tuturor elementelor de testare ale produselor cu cilindri hidraulici, conform standardului na\u021bional.<\/p>","protected":false},"excerpt":{"rendered":"<p>HCYY11112000 Forklift Lifting Cylinder The HCYY11112000 Forklift Lifting Cylinder is a crucial component for forklift operations, facilitating the efficient lifting and lowering of heavy loads. Engineered for durability and high performance, this hydraulic cylinder significantly boosts productivity across various industrial environments. As an essential asset for any forklift operation, the HCYY11112000 features a robust design [&hellip;]<\/p>","protected":false},"featured_media":16974,"comment_status":"open","ping_status":"closed","template":"","meta":{"_et_pb_use_builder":"","_et_pb_old_content":"","_et_gb_content_width":""},"product_brand":[],"product_cat":[1484,1549],"product_tag":[],"class_list":{"0":"post-16960","1":"product","2":"type-product","3":"status-publish","4":"has-post-thumbnail","6":"product_cat-forklift-hydraulic-cylinders","7":"product_cat-single-acting-hydraulic-cylinder","9":"first","10":"instock","11":"shipping-taxable","12":"product-type-simple"},"amp_enabled":true,"_links":{"self":[{"href":"https:\/\/www.hydraulic-cylinders.net\/ro\/wp-json\/wp\/v2\/product\/16960","targetHints":{"allow":["GET"]}}],"collection":[{"href":"https:\/\/www.hydraulic-cylinders.net\/ro\/wp-json\/wp\/v2\/product"}],"about":[{"href":"https:\/\/www.hydraulic-cylinders.net\/ro\/wp-json\/wp\/v2\/types\/product"}],"replies":[{"embeddable":true,"href":"https:\/\/www.hydraulic-cylinders.net\/ro\/wp-json\/wp\/v2\/comments?post=16960"}],"wp:featuredmedia":[{"embeddable":true,"href":"https:\/\/www.hydraulic-cylinders.net\/ro\/wp-json\/wp\/v2\/media\/16974"}],"wp:attachment":[{"href":"https:\/\/www.hydraulic-cylinders.net\/ro\/wp-json\/wp\/v2\/media?parent=16960"}],"wp:term":[{"taxonomy":"product_brand","embeddable":true,"href":"https:\/\/www.hydraulic-cylinders.net\/ro\/wp-json\/wp\/v2\/product_brand?post=16960"},{"taxonomy":"product_cat","embeddable":true,"href":"https:\/\/www.hydraulic-cylinders.net\/ro\/wp-json\/wp\/v2\/product_cat?post=16960"},{"taxonomy":"product_tag","embeddable":true,"href":"https:\/\/www.hydraulic-cylinders.net\/ro\/wp-json\/wp\/v2\/product_tag?post=16960"}],"curies":[{"name":"wp","href":"https:\/\/api.w.org\/{rel}","templated":true}]}}