{"id":16975,"date":"2025-01-21T08:40:18","date_gmt":"2025-01-21T08:40:18","guid":{"rendered":"https:\/\/www.hydraulic-cylinders.net\/?post_type=product&#038;p=16975"},"modified":"2025-04-11T03:15:42","modified_gmt":"2025-04-11T03:15:42","slug":"hcyy11112001-forklift-tilt-cylinder","status":"publish","type":"product","link":"https:\/\/www.hydraulic-cylinders.net\/ro\/produs\/hcyy11112001-forklift-tilt-cylinder\/","title":{"rendered":"Cilindru de \u00eenclinare pentru stivuitor HCYY11112001"},"content":{"rendered":"<h1 style=\"text-align: center;\"><strong>Cilindru de \u00eenclinare pentru stivuitor HCYY11112001<\/strong><\/h1>\n<h1 style=\"text-align: center;\"><strong><img loading=\"lazy\" decoding=\"async\" class=\"alignnone size-full wp-image-16977\" src=\"https:\/\/www.hydraulic-cylinders.net\/wp-content\/uploads\/2025\/01\/hcyy11112001-forklift-lifting-cylinder-2.webp\" alt=\"\" width=\"1500\" height=\"517\" srcset=\"https:\/\/www.hydraulic-cylinders.net\/wp-content\/uploads\/2025\/01\/hcyy11112001-forklift-lifting-cylinder-2.webp 1500w, https:\/\/www.hydraulic-cylinders.net\/wp-content\/uploads\/2025\/01\/hcyy11112001-forklift-lifting-cylinder-2-1280x441.webp 1280w, https:\/\/www.hydraulic-cylinders.net\/wp-content\/uploads\/2025\/01\/hcyy11112001-forklift-lifting-cylinder-2-980x338.webp 980w, https:\/\/www.hydraulic-cylinders.net\/wp-content\/uploads\/2025\/01\/hcyy11112001-forklift-lifting-cylinder-2-480x165.webp 480w\" sizes=\"(min-width: 0px) and (max-width: 480px) 480px, (min-width: 481px) and (max-width: 980px) 980px, (min-width: 981px) and (max-width: 1280px) 1280px, (min-width: 1281px) 1500px, 100vw\" \/><\/strong><\/h1>\n<p>Cilindrul de \u00eenclinare pentru stivuitor HCYY11112001 este un element esen\u021bial pentru orice stivuitor, sporind semnificativ eficien\u021ba opera\u021bional\u0103. Acest cilindru de \u00eenclinare de \u00eenalt\u0103 performan\u021b\u0103 asigur\u0103 o \u00eenclinare lin\u0103 \u0219i precis\u0103 a bra\u021belor furcii, permi\u021b\u00e2nd operatorilor s\u0103 manevreze sarcinile f\u0103r\u0103 efort \u0219i cu precizie. Indiferent dac\u0103 v\u0103 afla\u021bi \u00eentr-un depozit aglomerat, pe un \u0219antier sau gestiona\u021bi un centru de distribu\u021bie, acest cilindru de \u00eenclinare este esen\u021bial pentru opera\u021biuni de ridicare \u0219i stivuire f\u0103r\u0103 probleme.<\/p>\n<p>Proiectat av\u00e2nd \u00een vedere robuste\u021bea, cilindrul de \u00eenclinare pentru stivuitor HCYY11112001 se remarc\u0103 prin capacitatea sa impresionant\u0103 de \u00eenc\u0103rcare \u0219i performan\u021ba fiabil\u0103. Nu este doar o component\u0103; este un factor decisiv pentru productivitate \u00een diverse aplica\u021bii. Prin respectarea metodelor de utilizare \u0219i a practicilor de \u00eentre\u021binere corecte, pute\u021bi men\u021bine acest cilindru de \u00eenclinare la performan\u021be optime, sporind at\u00e2t siguran\u021ba, c\u00e2t \u0219i eficien\u021ba opera\u021biunilor dumneavoastr\u0103 cu stivuitorul.<\/p>\n<p>Investi\u021bia \u00een componente de top, precum HCYY11112001, nu numai c\u0103 \u00eembun\u0103t\u0103\u021be\u0219te performan\u021ba stivuitorului dumneavoastr\u0103, dar prelunge\u0219te \u0219i durata de via\u021b\u0103 a echipamentului. Experimenta\u021bi diferen\u021ba pe care o face calitatea \u0219i asigura\u021bi-v\u0103 c\u0103 opera\u021biunile dumneavoastr\u0103 se desf\u0103\u0219oar\u0103 f\u0103r\u0103 probleme cu acest cilindru de \u00eenclinare indispensabil la c\u00e2rm\u0103!<\/p>\n<h2><strong> Parametrul cilindrului de \u00eenclinare al stivuitorului HCYY11112001:<\/strong><\/h2>\n<h1 style=\"text-align: center;\"><strong><img loading=\"lazy\" decoding=\"async\" class=\"alignnone size-full wp-image-16976\" src=\"https:\/\/www.hydraulic-cylinders.net\/wp-content\/uploads\/2025\/01\/hcyy11112001-forklift-lifting-cylinder-1.webp\" alt=\"\" width=\"1512\" height=\"145\" srcset=\"https:\/\/www.hydraulic-cylinders.net\/wp-content\/uploads\/2025\/01\/hcyy11112001-forklift-lifting-cylinder-1.webp 1512w, https:\/\/www.hydraulic-cylinders.net\/wp-content\/uploads\/2025\/01\/hcyy11112001-forklift-lifting-cylinder-1-1280x123.webp 1280w, https:\/\/www.hydraulic-cylinders.net\/wp-content\/uploads\/2025\/01\/hcyy11112001-forklift-lifting-cylinder-1-980x94.webp 980w, https:\/\/www.hydraulic-cylinders.net\/wp-content\/uploads\/2025\/01\/hcyy11112001-forklift-lifting-cylinder-1-480x46.webp 480w\" sizes=\"(min-width: 0px) and (max-width: 480px) 480px, (min-width: 481px) and (max-width: 980px) 980px, (min-width: 981px) and (max-width: 1280px) 1280px, (min-width: 1281px) 1512px, 100vw\" \/><\/strong><\/h1>\n<h1 style=\"text-align: center;\"><strong><img loading=\"lazy\" decoding=\"async\" class=\"alignnone size-full wp-image-16978\" src=\"https:\/\/www.hydraulic-cylinders.net\/wp-content\/uploads\/2025\/01\/hcyy11112001-forklift-lifting-cylinder-3.webp\" alt=\"\" width=\"1480\" height=\"709\" srcset=\"https:\/\/www.hydraulic-cylinders.net\/wp-content\/uploads\/2025\/01\/hcyy11112001-forklift-lifting-cylinder-3.webp 1480w, https:\/\/www.hydraulic-cylinders.net\/wp-content\/uploads\/2025\/01\/hcyy11112001-forklift-lifting-cylinder-3-1280x613.webp 1280w, https:\/\/www.hydraulic-cylinders.net\/wp-content\/uploads\/2025\/01\/hcyy11112001-forklift-lifting-cylinder-3-980x469.webp 980w, https:\/\/www.hydraulic-cylinders.net\/wp-content\/uploads\/2025\/01\/hcyy11112001-forklift-lifting-cylinder-3-480x230.webp 480w\" sizes=\"(min-width: 0px) and (max-width: 480px) 480px, (min-width: 481px) and (max-width: 980px) 980px, (min-width: 981px) and (max-width: 1280px) 1280px, (min-width: 1281px) 1480px, 100vw\" \/> <img loading=\"lazy\" decoding=\"async\" class=\"alignnone size-full wp-image-16979\" src=\"https:\/\/www.hydraulic-cylinders.net\/wp-content\/uploads\/2025\/01\/hcyy11112001-forklift-lifting-cylinder-4.webp\" alt=\"\" width=\"1480\" height=\"711\" srcset=\"https:\/\/www.hydraulic-cylinders.net\/wp-content\/uploads\/2025\/01\/hcyy11112001-forklift-lifting-cylinder-4.webp 1480w, https:\/\/www.hydraulic-cylinders.net\/wp-content\/uploads\/2025\/01\/hcyy11112001-forklift-lifting-cylinder-4-1280x615.webp 1280w, https:\/\/www.hydraulic-cylinders.net\/wp-content\/uploads\/2025\/01\/hcyy11112001-forklift-lifting-cylinder-4-980x471.webp 980w, https:\/\/www.hydraulic-cylinders.net\/wp-content\/uploads\/2025\/01\/hcyy11112001-forklift-lifting-cylinder-4-480x231.webp 480w\" sizes=\"(min-width: 0px) and (max-width: 480px) 480px, (min-width: 481px) and (max-width: 980px) 980px, (min-width: 981px) and (max-width: 1280px) 1280px, (min-width: 1281px) 1480px, 100vw\" \/> <img loading=\"lazy\" decoding=\"async\" class=\"alignnone size-full wp-image-16980\" src=\"https:\/\/www.hydraulic-cylinders.net\/wp-content\/uploads\/2025\/01\/hcyy11112001-forklift-lifting-cylinder-5.webp\" alt=\"\" width=\"1496\" height=\"772\" srcset=\"https:\/\/www.hydraulic-cylinders.net\/wp-content\/uploads\/2025\/01\/hcyy11112001-forklift-lifting-cylinder-5.webp 1496w, https:\/\/www.hydraulic-cylinders.net\/wp-content\/uploads\/2025\/01\/hcyy11112001-forklift-lifting-cylinder-5-1280x661.webp 1280w, https:\/\/www.hydraulic-cylinders.net\/wp-content\/uploads\/2025\/01\/hcyy11112001-forklift-lifting-cylinder-5-980x506.webp 980w, https:\/\/www.hydraulic-cylinders.net\/wp-content\/uploads\/2025\/01\/hcyy11112001-forklift-lifting-cylinder-5-480x248.webp 480w\" sizes=\"(min-width: 0px) and (max-width: 480px) 480px, (min-width: 481px) and (max-width: 980px) 980px, (min-width: 981px) and (max-width: 1280px) 1280px, (min-width: 1281px) 1496px, 100vw\" \/><\/strong><\/h1>\n<h2><\/h2>\n<h2><strong>Serie de cilindri pentru stivuitor:\u00a0<\/strong><\/h2>\n<h2><img loading=\"lazy\" decoding=\"async\" class=\"alignnone size-full wp-image-16971\" src=\"https:\/\/www.hydraulic-cylinders.net\/wp-content\/uploads\/2025\/01\/fork-lift-cylinder.webp\" alt=\"\" width=\"2004\" height=\"2529\" srcset=\"https:\/\/www.hydraulic-cylinders.net\/wp-content\/uploads\/2025\/01\/fork-lift-cylinder.webp 2004w, https:\/\/www.hydraulic-cylinders.net\/wp-content\/uploads\/2025\/01\/fork-lift-cylinder-1280x1615.webp 1280w, https:\/\/www.hydraulic-cylinders.net\/wp-content\/uploads\/2025\/01\/fork-lift-cylinder-980x1237.webp 980w, https:\/\/www.hydraulic-cylinders.net\/wp-content\/uploads\/2025\/01\/fork-lift-cylinder-480x606.webp 480w\" sizes=\"(min-width: 0px) and (max-width: 480px) 480px, (min-width: 481px) and (max-width: 980px) 980px, (min-width: 981px) and (max-width: 1280px) 1280px, (min-width: 1281px) 2004px, 100vw\" \/><\/h2>\n<h1><strong>Caracteristici cheie ale cilindrului de \u00eenclinare pentru stivuitor HCYY11112001:<\/strong><\/h1>\n<h4><strong>1. Construc\u021bie durabil\u0103<\/strong><\/h4>\n<p>Fabricat din materiale de calitate premium, cilindrul de \u00eenclinare pentru stivuitor HCYY11112001 este conceput pentru a rezista rigorilor utiliz\u0103rii intense \u0219i mediilor dificile. Aceast\u0103 construc\u021bie robust\u0103 asigur\u0103 rezisten\u021ba cilindrului la impacturi, vibra\u021bii \u0219i condi\u021bii extreme, ceea ce \u00eel face o alegere fiabil\u0103 pentru orice mediu opera\u021bional.<\/p>\n<h4><strong>2. Capacitate mare de \u00eenc\u0103rcare<\/strong><\/h4>\n<p>Acest cilindru de \u00eenclinare este proiectat cu capacit\u0103\u021bi portante impresionante \u0219i asigur\u0103 stabilitate \u0219i siguran\u021b\u0103 maxime \u00een timpul opera\u021biunilor de ridicare. Capacitatea sa de a manipula sarcini substan\u021biale \u00eenseamn\u0103 c\u0103 pute\u021bi avea \u00eencredere c\u0103 va func\u021biona \u00een mod fiabil, indiferent dac\u0103 stivui\u021bi pale\u021bi \u00eentr-un depozit sau ridica\u021bi materiale pe un \u0219antier.<\/p>\n<h4><strong>3. Func\u021bionare lin\u0103<\/strong><\/h4>\n<p>HCYY11112001 dispune de un design hidraulic avansat care permite o \u00eenclinare perfect\u0103. Aceast\u0103 func\u021bionare lin\u0103 spore\u0219te precizia \u00een plasarea \u00eenc\u0103rc\u0103turii \u0219i contribuie la cre\u0219terea productivit\u0103\u021bii generale. Operatorii pot regla unghiul de \u00eenclinare f\u0103r\u0103 efort, permi\u021b\u00e2nd o manipulare mai eficient\u0103 a diverselor materiale.<\/p>\n<h4><strong>4. Rezisten\u021ba la coroziune<\/strong><\/h4>\n<p>Cu suprafe\u021be tratate special, HCYY11112001 este conceput s\u0103 reziste ruginii \u0219i deterior\u0103rii. Aceast\u0103 rezisten\u021b\u0103 la coroziune prelunge\u0219te semnificativ durata de via\u021b\u0103 a cilindrului, asigur\u00e2nd men\u021binerea performan\u021belor optime chiar \u0219i \u00een medii umede sau agresive chimic. V\u0103 pute\u021bi baza pe aceast\u0103 component\u0103 pentru a func\u021biona fiabil ani de zile.<\/p>\n<h4><strong>5. Instalare u\u0219oar\u0103<\/strong><\/h4>\n<p>Proiectat pentru o instalare simpl\u0103, HCYY11112001 minimizeaz\u0103 timpii de nefunc\u021bionare \u0219i costurile de \u00eentre\u021binere. Designul intuitiv permite o configurare rapid\u0103, astfel \u00eenc\u00e2t s\u0103 pute\u021bi repune \u00een func\u021biune stivuitorul f\u0103r\u0103 \u00eent\u00e2rzieri inutile. Aceast\u0103 u\u0219urin\u021b\u0103 \u00een instalare \u00eenseamn\u0103 mai pu\u021bine b\u0103t\u0103i de cap \u0219i mai mult\u0103 productivitate pentru opera\u021biunile dumneavoastr\u0103.<\/p>\n<h4><strong>6. Compatibilitate versatil\u0103<\/strong><\/h4>\n<p>HCYY11112001 este conceput pentru a fi compatibil cu o gam\u0103 larg\u0103 de modele de stivuitoare, ceea ce \u00eel face o alegere versatil\u0103 pentru diverse aplica\u021bii. Aceast\u0103 adaptabilitate permite companiilor s\u0103 \u00ee\u0219i modernizeze echipamentele existente f\u0103r\u0103 a-\u0219i face griji cu privire la problemele de compatibilitate, asigur\u00e2nd o integrare perfect\u0103 \u00een flota lor.<\/p>\n<h4><strong>7. Caracteristici de siguran\u021b\u0103 \u00eembun\u0103t\u0103\u021bite<\/strong><\/h4>\n<p>Echipat cu mecanisme de siguran\u021b\u0103 \u00eencorporate, acest cilindru de \u00eenclinare ofer\u0103 lini\u0219te sufleteasc\u0103 \u00een timpul opera\u021biunilor. Designul s\u0103u previne mi\u0219c\u0103rile nea\u0219teptate, reduc\u00e2nd riscul de accidente \u0219i asigur\u00e2nd c\u0103 \u00eenc\u0103rc\u0103turile r\u0103m\u00e2n \u00een siguran\u021b\u0103. Prioritizarea siguran\u021bei ajut\u0103 la crearea unui mediu de lucru mai fiabil.<\/p>\n<p>Aleg\u00e2nd cilindrul de \u00eenclinare pentru stivuitor HCYY11112001, beneficia\u021bi de un produs care combin\u0103 durabilitatea, eficien\u021ba \u0219i siguran\u021ba, asigur\u00e2nd c\u0103 opera\u021biunile dumneavoastr\u0103 cu stivuitorul se desf\u0103\u0219oar\u0103 f\u0103r\u0103 probleme \u0219i eficient.<\/p>\n<h2><strong>Cum \u00eembun\u0103t\u0103\u021be\u0219te un cilindru de \u00eenclinare al stivuitorului manipularea sarcinii \u0219i eficien\u021ba opera\u021bional\u0103?<\/strong><\/h2>\n<p>Un cilindru de \u00eenclinare pentru stivuitor transform\u0103 manipularea sarcinilor \u0219i spore\u0219te eficien\u021ba opera\u021bional\u0103. Iat\u0103 cum realizeaz\u0103 acest lucru:<\/p>\n<h4>1. <strong>Control de precizie<\/strong><\/h4>\n<p>Cilindrul de \u00eenclinare permite operatorilor s\u0103 regleze fin unghiul furcilor, permi\u021b\u00e2nd pozi\u021bionarea meticuloas\u0103 a \u00eenc\u0103rc\u0103turilor. Aceast\u0103 precizie este esen\u021bial\u0103 pentru prevenirea c\u0103derilor sau a nealinierilor, \u00een special atunci c\u00e2nd se lucreaz\u0103 cu articole grele sau fragile. Imagina\u021bi-v\u0103 c\u0103 plasa\u021bi o \u00eenc\u0103rc\u0103tur\u0103 exact acolo unde trebuie - acest control spore\u0219te siguran\u021ba \u0219i reduce riscul de deteriorare costisitoare.<\/p>\n<h4>2. <strong>Stabilitate \u00eembun\u0103t\u0103\u021bit\u0103<\/strong><\/h4>\n<p>Cilindrul ajut\u0103 la men\u021binerea unui centru de greutate mai jos pentru sarcin\u0103, permi\u021b\u00e2nd operatorilor s\u0103 \u00eencline furcile. Aceast\u0103 stabilitate sporit\u0103 este crucial\u0103 \u00een timpul ridic\u0103rii \u0219i transportului, \u00een special \u00een medii aglomerate sau pe suprafe\u021be neuniforme. Cu o stabilitate mai bun\u0103, \u0219ansele de r\u0103sturnare sau balansare sunt reduse semnificativ, oferind operatorilor \u00eencredere \u00een fiecare manevr\u0103.<\/p>\n<h4>3. <strong>Stivuire eficient\u0103<\/strong><\/h4>\n<p>Capacitatea de a \u00eenclina furcile faciliteaz\u0103 o stivuire mai eficient\u0103 a pale\u021bilor \u0219i materialelor. Aceast\u0103 capacitate este deosebit de benefic\u0103 \u00een maximizarea spa\u021biului de depozitare vertical\u0103 \u00een depozite sau centre de distribu\u021bie. Operatorii pot manevra cu u\u0219urin\u021b\u0103 \u00eenc\u0103rc\u0103turile \u00een spa\u021bii \u00eenguste, profit\u00e2nd la maximum de fiecare centimetru de spa\u021biu disponibil \u0219i \u00eembun\u0103t\u0103\u021bind organizarea general\u0103 a depozitului.<\/p>\n<h4>4. <strong>Reducerea solicit\u0103rii operatorului<\/strong><\/h4>\n<p>Un cilindru de \u00eenclinare bine conceput reduce efortul fizic necesar operatorilor, permi\u021b\u00e2nd pozi\u021bionarea optim\u0103 a sarcinilor cu interven\u021bie manual\u0103 minim\u0103. Acest avantaj ergonomic nu numai c\u0103 reduce oboseala operatorului, dar reduce semnificativ \u0219i riscul de accidentare la locul de munc\u0103. Prin \u00eembun\u0103t\u0103\u021birea confortului, permite operatorilor s\u0103 se concentreze asupra sarcinii de \u00eendeplinit, sporind productivitatea.<\/p>\n<h4>5. <strong>Opera\u021biuni accelerate<\/strong><\/h4>\n<p>Cu ajust\u0103rile line \u0219i rapide oferite de cilindrii de \u00eenclinare, procesele de \u00eenc\u0103rcare \u0219i desc\u0103rcare devin remarcabil de rapide. Aceast\u0103 eficien\u021b\u0103 \u00eenseamn\u0103 timpi de execu\u021bie mai rapizi, ceea ce este vital \u00een mediile cu solicit\u0103ri mari. Imagina\u021bi-v\u0103 c\u00e2t de mult s-ar putea realiza mai mult \u00eentr-o tur\u0103 c\u00e2nd fiecare secund\u0103 conteaz\u0103!<\/p>\n<h4>6. <strong>Versatilitate \u00een manipulare<\/strong><\/h4>\n<p>Cilindrii de \u00eenclinare permit stivuitoarelor s\u0103 gestioneze o gam\u0103 larg\u0103 de sarcini, inclusiv cele cu forme sau dimensiuni unice. Aceast\u0103 versatilitate elimin\u0103 necesitatea unor echipamente specializate pentru diferite sarcini, permi\u021b\u00e2nd companiilor s\u0103 se adapteze rapid la cerin\u021bele \u00een schimbare. Indiferent dac\u0103 ridic\u0103 pale\u021bi, containere sau materiale cu forme ciudate, cilindrul de \u00eenclinare asigur\u0103 o func\u021bionare f\u0103r\u0103 probleme.<\/p>\n<h4>7. <strong>Caracteristici de siguran\u021b\u0103 \u00eembun\u0103t\u0103\u021bite<\/strong><\/h4>\n<p>Mul\u021bi cilindri de \u00eenclinare moderni sunt echipa\u021bi cu mecanisme de siguran\u021b\u0103 \u00eencorporate care previn mi\u0219c\u0103rile nea\u0219teptate. Acest nivel suplimentar de siguran\u021b\u0103 ofer\u0103 operatorilor lini\u0219te sufleteasc\u0103, \u0219tiind c\u0103 \u00eenc\u0103rc\u0103turile r\u0103m\u00e2n \u00een siguran\u021b\u0103 \u00een timpul transportului. Un mediu de lucru mai sigur \u00eembun\u0103t\u0103\u021be\u0219te moralul general al echipei \u0219i spore\u0219te eficien\u021ba opera\u021bional\u0103.<\/p>\n<p>\u00cen concluzie, cilindrul de \u00eenclinare al stivuitorului nu este doar o component\u0103; este un element revolu\u021bionar \u00een opera\u021biunile de manipulare a materialelor. Prin \u00eembun\u0103t\u0103\u021birea preciziei, stabilit\u0103\u021bii \u0219i versatilit\u0103\u021bii, acesta permite operatorilor s\u0103 \u00ee\u0219i \u00eendeplineasc\u0103 sarcinile mai eficient \u0219i mai sigur. Investi\u021bia \u00een cilindri de \u00eenclinare de \u00eenalt\u0103 calitate, precum HCYY11112001, poate duce la \u00eembun\u0103t\u0103\u021biri semnificative ale productivit\u0103\u021bii \u0219i siguran\u021bei la locul de munc\u0103, f\u0103c\u00e2ndu-i un atu nepre\u021buit pentru orice opera\u021biune.<\/p>\n<h2><strong>Zona de produc\u021bie a cilindrilor pentru stivuitoare:<\/strong><\/h2>\n<h2><img loading=\"lazy\" decoding=\"async\" class=\"alignnone size-full wp-image-16972\" src=\"https:\/\/www.hydraulic-cylinders.net\/wp-content\/uploads\/2025\/01\/hydraulic-cylinder-factory-1-scaled.webp\" alt=\"\" width=\"2016\" height=\"2560\" srcset=\"https:\/\/www.hydraulic-cylinders.net\/wp-content\/uploads\/2025\/01\/hydraulic-cylinder-factory-1-scaled.webp 2016w, https:\/\/www.hydraulic-cylinders.net\/wp-content\/uploads\/2025\/01\/hydraulic-cylinder-factory-1-1280x1625.webp 1280w, https:\/\/www.hydraulic-cylinders.net\/wp-content\/uploads\/2025\/01\/hydraulic-cylinder-factory-1-980x1244.webp 980w, https:\/\/www.hydraulic-cylinders.net\/wp-content\/uploads\/2025\/01\/hydraulic-cylinder-factory-1-480x610.webp 480w\" sizes=\"(min-width: 0px) and (max-width: 480px) 480px, (min-width: 481px) and (max-width: 980px) 980px, (min-width: 981px) and (max-width: 1280px) 1280px, (min-width: 1281px) 2016px, 100vw\" \/><\/h2>\n<p>Avem o platform\u0103 independent\u0103 de cercetare \u0219i dezvoltare de prim\u0103 clas\u0103 pentru asamblare. Atelierul de produc\u021bie a cilindrilor pentru stivuitoare are patru linii de asamblare semiautomate pentru cilindri de ridicare \u0219i o linie de asamblare complet automat\u0103 pentru cilindri \u00eenclina\u021bi, cu o capacitate anual\u0103 de produc\u021bie proiectat\u0103 de milioane de buc\u0103\u021bi. Atelierul special pentru cilindri are sisteme semiautomate de cur\u0103\u021bare \u0219i asamblare cu diverse specifica\u021bii, cu o capacitate anual\u0103 de produc\u021bie proiectat\u0103 de 200.000 de buc\u0103\u021bi. Este echipat cu echipamente de prelucrare CNC de marc\u0103 renumit\u0103, centre de prelucrare, echipamente speciale pentru prelucrarea cilindrilor de \u00eenalt\u0103 precizie, ma\u0219ini de sudur\u0103 robotizate, ma\u0219ini de cur\u0103\u021bare automat\u0103, ma\u0219ini automate de asamblare a cilindrilor \u0219i linii automate de produc\u021bie a vopselei. Avem peste 300 de seturi de echipamente cheie \u00een func\u021biune. Alocarea optimizat\u0103 \u0219i utilizarea eficient\u0103 a resurselor echipamentelor asigur\u0103 cerin\u021bele de precizie ale produselor \u0219i \u00eendeplinesc cerin\u021bele de calitate \u00eenalte ale produselor.<\/p>\n<p>Atelierul de prelucrare este echipat cu centre de strunjire cu ghidaj \u00eenclinat, centre de prelucrare, ma\u0219ini de honuit de mare vitez\u0103, robo\u021bi de sudur\u0103 \u0219i alte echipamente relevante, care pot gestiona lucr\u0103rile de prelucrare a \u021bevilor cilindrice cu un diametru interior maxim de 400 mm \u0219i o lungime maxim\u0103 de 6 metri.<\/p>\n<h2><img loading=\"lazy\" decoding=\"async\" class=\"alignnone size-full wp-image-16973\" src=\"https:\/\/www.hydraulic-cylinders.net\/wp-content\/uploads\/2025\/01\/hydraulic-cylinder-factory-2-scaled.webp\" alt=\"\" width=\"2011\" height=\"2560\" srcset=\"https:\/\/www.hydraulic-cylinders.net\/wp-content\/uploads\/2025\/01\/hydraulic-cylinder-factory-2-scaled.webp 2011w, https:\/\/www.hydraulic-cylinders.net\/wp-content\/uploads\/2025\/01\/hydraulic-cylinder-factory-2-1280x1629.webp 1280w, https:\/\/www.hydraulic-cylinders.net\/wp-content\/uploads\/2025\/01\/hydraulic-cylinder-factory-2-980x1248.webp 980w, https:\/\/www.hydraulic-cylinders.net\/wp-content\/uploads\/2025\/01\/hydraulic-cylinder-factory-2-480x611.webp 480w\" sizes=\"(min-width: 0px) and (max-width: 480px) 480px, (min-width: 481px) and (max-width: 980px) 980px, (min-width: 981px) and (max-width: 1280px) 1280px, (min-width: 1281px) 2011px, 100vw\" \/><\/h2>\n<p>Avem o linie de vopsire pe baz\u0103 de ap\u0103 complet automat\u0103 pentru cilindri mici \u0219i medii, care realizeaz\u0103 \u00eenc\u0103rcare \u0219i desc\u0103rcare automat\u0103 \u0219i robo\u021bi de pulverizare automat\u0103 cu o capacitate de produc\u021bie proiectat\u0103 de 4000 de locuri pe schimb. Avem o alt\u0103 linie de vopsire semiautomat\u0103 pentru cilindri de dimensiuni mari, ac\u021bionat\u0103 de un lan\u021b electric, iar capacitatea proiectat\u0103 este de 60 de l\u0103zi pe schimb.<\/p>\n<p>Pentru a \u00eembun\u0103t\u0103\u021bi \u00een continuare performan\u021ba produselor \u0219i a stabili pozi\u021bia de lider a cilindrilor no\u0219tri hidraulici \u00een industrie, compania noastr\u0103 \u0219i zjimee au \u00eenfiin\u021bat \u00eempreun\u0103 un laborator cuprinz\u0103tor de performan\u021b\u0103 pentru cilindri hidraulici, valve hidraulice \u0219i pompe hidraulice; laboratorul este asistat de calculator folosind tehnologie electrohidraulic\u0103, condi\u021biile de testare fiind presetate de un calculator, ceea ce \u00eembun\u0103t\u0103\u021be\u0219te precizia test\u0103rii \u0219i versatilitatea sistemului, precum \u0219i datele experimentale.<\/p>\n<p>Colectarea automat\u0103 se realizeaz\u0103 prin aplicarea senzorilor, iar datele de ie\u0219ire, cum ar fi scurgerile interne \u0219i eficien\u021ba \u00eenc\u0103rc\u0103rii cilindrului sau a supapei, sunt procesate direct de computer \u0219i convertite \u00een unit\u0103\u021bi standard (ml\/min%). \u00cen acela\u0219i timp, pentru a asigura siguran\u021ba \u00een func\u021bionare a sistemului hidraulic, func\u021bia de monitorizare a st\u0103rii este efectuat\u0103 pentru parametrii cheie de performan\u021b\u0103, cum ar fi \u201emonitorizarea temperaturii uleiului, monitorizarea nivelului lichidului, monitorizarea dispozitivului de filtrare\u201d etc. Printre ace\u0219tia, standul de testare a cilindrului hidraulic poate testa performan\u021ba \u201esarcinii\u201d.<br \/>\n\u201eeficien\u021b\u0103\u201d \u0219i \u201escurgeri interne\u201d prin citiri. \u00cen acela\u0219i timp, este echipat cu un instrument de m\u0103surare cu rigl\u0103 tip gr\u0103tar care \u00eendepline\u0219te cerin\u021bele tuturor elementelor de testare ale produselor cu cilindri hidraulici, conform standardului na\u021bional.<\/p>","protected":false},"excerpt":{"rendered":"<p>HCYY11112001 Forklift Tilt Cylinder The HCYY11112001 Forklift Tilt Cylinder is an essential powerhouse for any forklift, significantly boosting operational efficiency. This high-performance tilt cylinder ensures smooth and precise tilting of the fork arms, allowing operators to maneuver loads effortlessly and accurately. Whether you&#8217;re in a bustling warehouse, on a construction site, or managing a distribution [&hellip;]<\/p>","protected":false},"featured_media":16981,"comment_status":"open","ping_status":"closed","template":"","meta":{"_et_pb_use_builder":"","_et_pb_old_content":"","_et_gb_content_width":""},"product_brand":[],"product_cat":[1550,1484,1376],"product_tag":[],"class_list":{"0":"post-16975","1":"product","2":"type-product","3":"status-publish","4":"has-post-thumbnail","6":"product_cat-double-acting-hydraulic-cylinder","7":"product_cat-forklift-hydraulic-cylinders","8":"product_cat-hydraulic-cylinder","10":"first","11":"instock","12":"shipping-taxable","13":"product-type-simple"},"amp_enabled":true,"_links":{"self":[{"href":"https:\/\/www.hydraulic-cylinders.net\/ro\/wp-json\/wp\/v2\/product\/16975","targetHints":{"allow":["GET"]}}],"collection":[{"href":"https:\/\/www.hydraulic-cylinders.net\/ro\/wp-json\/wp\/v2\/product"}],"about":[{"href":"https:\/\/www.hydraulic-cylinders.net\/ro\/wp-json\/wp\/v2\/types\/product"}],"replies":[{"embeddable":true,"href":"https:\/\/www.hydraulic-cylinders.net\/ro\/wp-json\/wp\/v2\/comments?post=16975"}],"wp:featuredmedia":[{"embeddable":true,"href":"https:\/\/www.hydraulic-cylinders.net\/ro\/wp-json\/wp\/v2\/media\/16981"}],"wp:attachment":[{"href":"https:\/\/www.hydraulic-cylinders.net\/ro\/wp-json\/wp\/v2\/media?parent=16975"}],"wp:term":[{"taxonomy":"product_brand","embeddable":true,"href":"https:\/\/www.hydraulic-cylinders.net\/ro\/wp-json\/wp\/v2\/product_brand?post=16975"},{"taxonomy":"product_cat","embeddable":true,"href":"https:\/\/www.hydraulic-cylinders.net\/ro\/wp-json\/wp\/v2\/product_cat?post=16975"},{"taxonomy":"product_tag","embeddable":true,"href":"https:\/\/www.hydraulic-cylinders.net\/ro\/wp-json\/wp\/v2\/product_tag?post=16975"}],"curies":[{"name":"wp","href":"https:\/\/api.w.org\/{rel}","templated":true}]}}