{"id":16982,"date":"2025-01-21T08:46:17","date_gmt":"2025-01-21T08:46:17","guid":{"rendered":"https:\/\/www.hydraulic-cylinders.net\/?post_type=product&#038;p=16982"},"modified":"2025-04-11T03:15:39","modified_gmt":"2025-04-11T03:15:39","slug":"hcyy11112002-forklift-steering-cylinder","status":"publish","type":"product","link":"https:\/\/www.hydraulic-cylinders.net\/ro\/produs\/hcyy11112002-forklift-steering-cylinder\/","title":{"rendered":"Cilindru de direc\u021bie pentru stivuitor HCYY11112002"},"content":{"rendered":"<h1 style=\"text-align: center;\"><strong>Cilindru de direc\u021bie pentru stivuitor HCYY11112002\u00a0<\/strong><\/h1>\n<h1 style=\"text-align: center;\"><strong><img loading=\"lazy\" decoding=\"async\" class=\"alignnone size-full wp-image-16984\" src=\"https:\/\/www.hydraulic-cylinders.net\/wp-content\/uploads\/2025\/01\/hcyy11112002-forklift-lifting-cylinder-2.webp\" alt=\"\" width=\"1496\" height=\"517\" srcset=\"https:\/\/www.hydraulic-cylinders.net\/wp-content\/uploads\/2025\/01\/hcyy11112002-forklift-lifting-cylinder-2.webp 1496w, https:\/\/www.hydraulic-cylinders.net\/wp-content\/uploads\/2025\/01\/hcyy11112002-forklift-lifting-cylinder-2-1280x442.webp 1280w, https:\/\/www.hydraulic-cylinders.net\/wp-content\/uploads\/2025\/01\/hcyy11112002-forklift-lifting-cylinder-2-980x339.webp 980w, https:\/\/www.hydraulic-cylinders.net\/wp-content\/uploads\/2025\/01\/hcyy11112002-forklift-lifting-cylinder-2-480x166.webp 480w\" sizes=\"(min-width: 0px) and (max-width: 480px) 480px, (min-width: 481px) and (max-width: 980px) 980px, (min-width: 981px) and (max-width: 1280px) 1280px, (min-width: 1281px) 1496px, 100vw\" \/> <\/strong><\/h1>\n<p>Cilindrul de direc\u021bie pentru stivuitor HCYY11112002 este o component\u0103 vital\u0103 care \u00eembun\u0103t\u0103\u021be\u0219te semnificativ manevrabilitatea \u0219i controlul stivuitoarelor \u00een diverse medii opera\u021bionale. Creat at\u00e2t pentru eficien\u021b\u0103, c\u00e2t \u0219i pentru fiabilitate, acest cilindru de direc\u021bie permite operatorilor s\u0103 navigheze \u00een spa\u021bii \u00eenguste \u0219i s\u0103 gestioneze sarcini grele f\u0103r\u0103 efort.<\/p>\n<p>Fiind o parte esen\u021bial\u0103 a oric\u0103rei opera\u021biuni cu stivuitorul, HCYY11112002 ofer\u0103 o construc\u021bie robust\u0103, o reac\u021bie excep\u021bional\u0103 \u0219i o \u00eentre\u021binere u\u0219oar\u0103, ceea ce \u00eel face o alegere ideal\u0103 pentru companiile care doresc s\u0103 \u00ee\u0219i \u00eembun\u0103t\u0103\u021beasc\u0103 capacit\u0103\u021bile de manipulare a materialelor. Prin respectarea practicilor corecte de utilizare \u0219i \u00eentre\u021binere, v\u0103 pute\u021bi asigura c\u0103 cilindrul de direc\u021bie func\u021bioneaz\u0103 lin \u0219i eficient, ceea ce duce la opera\u021biuni mai sigure \u0219i mai eficiente.<\/p>\n<p>Investi\u021bia \u00een componente de \u00eenalt\u0103 calitate, precum HCYY11112002, nu numai c\u0103 cre\u0219te productivitatea, dar \u00eembun\u0103t\u0103\u021be\u0219te \u0219i siguran\u021ba general\u0103 a for\u021bei de munc\u0103. Experimenta\u021bi ast\u0103zi diferen\u021ba pe care o poate face o direc\u021bie fiabil\u0103 \u0219i transforma eficien\u021ba opera\u021bional\u0103!<\/p>\n<h2><strong>Parametrul cilindrului de direc\u021bie al stivuitorului HCYY11112002:<\/strong><\/h2>\n<h1 style=\"text-align: center;\"><strong><img loading=\"lazy\" decoding=\"async\" class=\"alignnone size-full wp-image-16983\" src=\"https:\/\/www.hydraulic-cylinders.net\/wp-content\/uploads\/2025\/01\/hcyy11112002-forklift-lifting-cylinder-1.webp\" alt=\"\" width=\"1514\" height=\"142\" srcset=\"https:\/\/www.hydraulic-cylinders.net\/wp-content\/uploads\/2025\/01\/hcyy11112002-forklift-lifting-cylinder-1.webp 1514w, https:\/\/www.hydraulic-cylinders.net\/wp-content\/uploads\/2025\/01\/hcyy11112002-forklift-lifting-cylinder-1-1280x120.webp 1280w, https:\/\/www.hydraulic-cylinders.net\/wp-content\/uploads\/2025\/01\/hcyy11112002-forklift-lifting-cylinder-1-980x92.webp 980w, https:\/\/www.hydraulic-cylinders.net\/wp-content\/uploads\/2025\/01\/hcyy11112002-forklift-lifting-cylinder-1-480x45.webp 480w\" sizes=\"(min-width: 0px) and (max-width: 480px) 480px, (min-width: 481px) and (max-width: 980px) 980px, (min-width: 981px) and (max-width: 1280px) 1280px, (min-width: 1281px) 1514px, 100vw\" \/><\/strong><\/h1>\n<h1 style=\"text-align: center;\"><strong><img loading=\"lazy\" decoding=\"async\" class=\"alignnone size-full wp-image-16985\" src=\"https:\/\/www.hydraulic-cylinders.net\/wp-content\/uploads\/2025\/01\/hcyy11112002-forklift-lifting-cylinder-3.webp\" alt=\"\" width=\"1479\" height=\"707\" srcset=\"https:\/\/www.hydraulic-cylinders.net\/wp-content\/uploads\/2025\/01\/hcyy11112002-forklift-lifting-cylinder-3.webp 1479w, https:\/\/www.hydraulic-cylinders.net\/wp-content\/uploads\/2025\/01\/hcyy11112002-forklift-lifting-cylinder-3-1280x612.webp 1280w, https:\/\/www.hydraulic-cylinders.net\/wp-content\/uploads\/2025\/01\/hcyy11112002-forklift-lifting-cylinder-3-980x468.webp 980w, https:\/\/www.hydraulic-cylinders.net\/wp-content\/uploads\/2025\/01\/hcyy11112002-forklift-lifting-cylinder-3-480x229.webp 480w\" sizes=\"(min-width: 0px) and (max-width: 480px) 480px, (min-width: 481px) and (max-width: 980px) 980px, (min-width: 981px) and (max-width: 1280px) 1280px, (min-width: 1281px) 1479px, 100vw\" \/> <img loading=\"lazy\" decoding=\"async\" class=\"alignnone size-full wp-image-16986\" src=\"https:\/\/www.hydraulic-cylinders.net\/wp-content\/uploads\/2025\/01\/hcyy11112002-forklift-lifting-cylinder-4.webp\" alt=\"\" width=\"1477\" height=\"710\" srcset=\"https:\/\/www.hydraulic-cylinders.net\/wp-content\/uploads\/2025\/01\/hcyy11112002-forklift-lifting-cylinder-4.webp 1477w, https:\/\/www.hydraulic-cylinders.net\/wp-content\/uploads\/2025\/01\/hcyy11112002-forklift-lifting-cylinder-4-1280x615.webp 1280w, https:\/\/www.hydraulic-cylinders.net\/wp-content\/uploads\/2025\/01\/hcyy11112002-forklift-lifting-cylinder-4-980x471.webp 980w, https:\/\/www.hydraulic-cylinders.net\/wp-content\/uploads\/2025\/01\/hcyy11112002-forklift-lifting-cylinder-4-480x231.webp 480w\" sizes=\"(min-width: 0px) and (max-width: 480px) 480px, (min-width: 481px) and (max-width: 980px) 980px, (min-width: 981px) and (max-width: 1280px) 1280px, (min-width: 1281px) 1477px, 100vw\" \/> <img loading=\"lazy\" decoding=\"async\" class=\"alignnone size-full wp-image-16987\" src=\"https:\/\/www.hydraulic-cylinders.net\/wp-content\/uploads\/2025\/01\/hcyy11112002-forklift-lifting-cylinder-5.webp\" alt=\"\" width=\"1495\" height=\"730\" srcset=\"https:\/\/www.hydraulic-cylinders.net\/wp-content\/uploads\/2025\/01\/hcyy11112002-forklift-lifting-cylinder-5.webp 1495w, https:\/\/www.hydraulic-cylinders.net\/wp-content\/uploads\/2025\/01\/hcyy11112002-forklift-lifting-cylinder-5-1280x625.webp 1280w, https:\/\/www.hydraulic-cylinders.net\/wp-content\/uploads\/2025\/01\/hcyy11112002-forklift-lifting-cylinder-5-980x479.webp 980w, https:\/\/www.hydraulic-cylinders.net\/wp-content\/uploads\/2025\/01\/hcyy11112002-forklift-lifting-cylinder-5-480x234.webp 480w\" sizes=\"(min-width: 0px) and (max-width: 480px) 480px, (min-width: 481px) and (max-width: 980px) 980px, (min-width: 981px) and (max-width: 1280px) 1280px, (min-width: 1281px) 1495px, 100vw\" \/><\/strong><\/h1>\n<h1 style=\"text-align: center;\"><\/h1>\n<h2>\u00a0<strong>Serie de cilindri pentru stivuitor:\u00a0<\/strong><\/h2>\n<h2><img loading=\"lazy\" decoding=\"async\" class=\"alignnone size-full wp-image-16971\" src=\"https:\/\/www.hydraulic-cylinders.net\/wp-content\/uploads\/2025\/01\/fork-lift-cylinder.webp\" alt=\"\" width=\"2004\" height=\"2529\" srcset=\"https:\/\/www.hydraulic-cylinders.net\/wp-content\/uploads\/2025\/01\/fork-lift-cylinder.webp 2004w, https:\/\/www.hydraulic-cylinders.net\/wp-content\/uploads\/2025\/01\/fork-lift-cylinder-1280x1615.webp 1280w, https:\/\/www.hydraulic-cylinders.net\/wp-content\/uploads\/2025\/01\/fork-lift-cylinder-980x1237.webp 980w, https:\/\/www.hydraulic-cylinders.net\/wp-content\/uploads\/2025\/01\/fork-lift-cylinder-480x606.webp 480w\" sizes=\"(min-width: 0px) and (max-width: 480px) 480px, (min-width: 481px) and (max-width: 980px) 980px, (min-width: 981px) and (max-width: 1280px) 1280px, (min-width: 1281px) 2004px, 100vw\" \/><\/h2>\n<h2><strong>Caracteristici cheie ale cilindrului de direc\u021bie al stivuitorului HCYY11112002:<\/strong><\/h2>\n<ul>\n<li><strong>Construc\u021bie durabil\u0103<\/strong>Fabricat din materiale de calitate superioar\u0103, modelul HCYY11112002 este conceput pentru a rezista cerin\u021belor opera\u021biunilor intense \u0219i condi\u021biilor dure de lucru. Designul s\u0103u robust asigur\u0103 o longevitate \u0219i o fiabilitate excep\u021bionale, reduc\u00e2nd la minimum necesitatea \u00eenlocuirilor frecvente.<\/li>\n<li><strong>Reactivitate ridicat\u0103<\/strong>Experimenta\u021bi un control de neegalat cu acest cilindru de direc\u021bie, care ofer\u0103 r\u0103spunsuri rapide \u0219i precise ale direc\u021biei. Operatorii pot naviga f\u0103r\u0103 efort \u00een viraje str\u00e2nse \u0219i \u00een configura\u021bii complexe, rezult\u00e2nd viraje mai line \u0219i o manipulare \u00eembun\u0103t\u0103\u021bit\u0103 a \u00eenc\u0103rc\u0103turilor. Aceast\u0103 capacitate de r\u0103spuns nu numai c\u0103 spore\u0219te eficien\u021ba, dar spore\u0219te \u0219i siguran\u021ba general\u0103.<\/li>\n<li><strong>Rezisten\u021b\u0103 la coroziune<\/strong>HCYY11112002 prezint\u0103 suprafe\u021be tratate special care rezist\u0103 ruginii \u0219i deterior\u0103rii. Aceast\u0103 proprietate de rezisten\u021b\u0103 la coroziune prelunge\u0219te durata de via\u021b\u0103 a cilindrului \u0219i men\u021bine performan\u021be optime, chiar \u0219i \u00een medii expuse la umiditate sau substan\u021be chimice dure.<\/li>\n<li><strong>Instalare u\u0219oar\u0103<\/strong>Proiectat pentru confortul utilizatorului, HCYY11112002 permite o instalare simpl\u0103. Procesul s\u0103u intuitiv de configurare minimizeaz\u0103 timpul de nefunc\u021bionare, permi\u021b\u00e2nd \u00eenlocuiri \u0219i repara\u021bii rapide. Aceast\u0103 caracteristic\u0103 \u00eenseamn\u0103 mai pu\u021bine \u00eentreruperi ale opera\u021biunilor dumneavoastr\u0103 \u0219i mai mult timp pentru productivitate.<\/li>\n<li><strong>Compatibilitate larg\u0103<\/strong>Versatilitatea este o caracteristic\u0103 a modelului HCYY11112002. Proiectat pentru a se potrivi diverselor modele de stivuitoare, acest cilindru de direc\u021bie se adapteaz\u0103 perfect la diferite sisteme, fiind o alegere ideal\u0103 pentru diverse afaceri. Indiferent dac\u0103 opera\u021bi un singur tip de stivuitor sau o flot\u0103, aceast\u0103 component\u0103 satisface cu u\u0219urin\u021b\u0103 nevoile dumneavoastr\u0103 variate.<\/li>\n<li><strong>Caracteristici de siguran\u021b\u0103 \u00eembun\u0103t\u0103\u021bite<\/strong>\u00cencorpor\u00e2nd mecanisme avansate de siguran\u021b\u0103, HCYY11112002 asigur\u0103 o func\u021bionare stabil\u0103 \u00een diverse condi\u021bii. Acest nivel suplimentar de siguran\u021b\u0103 protejeaz\u0103 at\u00e2t operatorii, c\u00e2t \u0219i \u00eenc\u0103rc\u0103turile, \u00eembun\u0103t\u0103\u021bind \u0219i mai mult mediul general de lucru.<\/li>\n<li><strong>Necesit\u0103\u021bi reduse de \u00eentre\u021binere<\/strong>Conceput pentru durabilitate \u0219i eficien\u021b\u0103, modelul HCYY11112002 necesit\u0103 o \u00eentre\u021binere minim\u0103. Verific\u0103rile regulate \u0219i lubrifierea ocazional\u0103 \u00eel men\u021bin la performan\u021be optime, permi\u021b\u00e2nd echipei dumneavoastr\u0103 s\u0103 se concentreze asupra sarcinilor lor f\u0103r\u0103 a-\u0219i face griji cu privire la \u00eentre\u021binerea frecvent\u0103.<\/li>\n<\/ul>\n<p>Aleg\u00e2nd cilindrul de direc\u021bie pentru stivuitor HCYY11112002, investi\u021bi \u00eentr-un produs care \u00eembun\u0103t\u0103\u021be\u0219te eficien\u021ba opera\u021bional\u0103 \u0219i contribuie la un loc de munc\u0103 mai sigur \u0219i mai productiv. Experimenta\u021bi diferen\u021ba pe care aceste caracteristici avansate o pot face \u00een opera\u021biunile dumneavoastr\u0103 de manipulare a materialelor!<\/p>\n<h2><strong>Care sunt semnele c\u0103 un cilindru de direc\u021bie al unui stivuitor necesit\u0103 \u00eenlocuire?<\/strong><\/h2>\n<p>Un cilindru de direc\u021bie func\u021bional este crucial pentru func\u021bionarea \u00een siguran\u021b\u0103 a stivuitorului dumneavoastr\u0103. Iat\u0103 c\u00e2teva semne care indic\u0103 faptul c\u0103 ar putea fi timpul pentru o \u00eenlocuire:<\/p>\n<ol>\n<li><strong>Scurgeri de fluid hidraulic<\/strong><br \/>\nDac\u0103 observa\u021bi b\u0103l\u021bi de fluid hidraulic sub stivuitorul dumneavoastr\u0103, este un semnal de alarm\u0103. Scurgerile indic\u0103 faptul c\u0103 garniturile din cilindrul de direc\u021bie pot fi uzate sau deteriorate, compromi\u021b\u00e2nd integritatea sistemului.<\/li>\n<li><strong>Dificult\u0103\u021bi de direc\u021bie<\/strong><br \/>\nDificult\u0103\u021bile \u00een rotirea volanului sau senza\u021bia de rezisten\u021b\u0103 puternic\u0103 pot semnala probleme subiacente. Un sistem de direc\u021bie receptiv este esen\u021bial pentru eficien\u021b\u0103 \u0219i siguran\u021b\u0103, a\u0219a c\u0103 nu ignora\u021bi aceste simptome.<\/li>\n<li><strong>Zgomote neobi\u0219nuite<\/strong><br \/>\nAcorda\u021bi aten\u021bie oric\u0103ror sunete de sc\u00e2r\u021b\u00e2it, sc\u00e2r\u021b\u00e2it sau clinchet \u00een timpul func\u021bion\u0103rii. Aceste zgomote pot indica uzur\u0103 mecanic\u0103 sau nealiniere a cilindrului de direc\u021bie, ceea ce ar putea duce la probleme mai grave dac\u0103 nu sunt remediate.<\/li>\n<li><strong>Garnituri \u0219i buc\u0219e uzate<\/strong><br \/>\nVerifica\u021bi periodic garniturile \u0219i buc\u0219ele pentru a depista semne de uzur\u0103. Cr\u0103p\u0103turile sau uzura pot duce la scurgeri \u0219i la performan\u021be reduse, ceea ce face ca \u00eenlocuirea la timp s\u0103 fie esen\u021bial\u0103.<\/li>\n<li><strong>Mi\u0219care inconsistent\u0103<\/strong><br \/>\nDac\u0103 direc\u021bia stivuitorului dumneavoastr\u0103 se simte sacadat\u0103 sau instabil\u0103, acest lucru poate indica probleme hidraulice \u00een cadrul cilindrului. O direc\u021bie lin\u0103 este vital\u0103 pentru manevre precise, \u00een special \u00een spa\u021bii \u00eenguste.<\/li>\n<li><strong>Joc excesiv<\/strong><br \/>\nO cre\u0219tere vizibil\u0103 a jocului sau a sl\u0103biciunii volanului poate indica o defec\u021biune a cilindrului de direc\u021bie. Acest lucru v\u0103 poate afecta controlul \u0219i poate cre\u0219te riscul de accidente.<\/li>\n<li><strong>Lumini de avertizare<\/strong><br \/>\nMulte stivuitoare moderne au sisteme de diagnosticare care v\u0103 avertizeaz\u0103 asupra poten\u021bialelor probleme. Dac\u0103 vede\u021bi un martor de avertizare legat de direc\u021bie, lua\u021bi-l \u00een serios \u0219i investiga\u021bi prompt.<\/li>\n<\/ol>\n<p>A fi proactiv \u00een ceea ce prive\u0219te aceste semne v\u0103 poate scuti de repara\u021bii costisitoare \u0219i condi\u021bii de func\u021bionare nesigure. \u00centre\u021binerea regulat\u0103 \u0219i \u00eenlocuirile la timp asigur\u0103 c\u0103 stivuitorul dumneavoastr\u0103 r\u0103m\u00e2ne fiabil \u0219i eficient. Dac\u0103 observa\u021bi oricare dintre aceste simptome, consulta\u021bi un profesionist pentru a evalua situa\u021bia \u0219i lua\u021bi \u00een considerare \u00eenlocuirea cilindrului de direc\u021bie pentru o performan\u021b\u0103 optim\u0103. Siguran\u021ba \u0219i productivitatea dumneavoastr\u0103 depind de acest lucru!<\/p>\n<h2><strong>Zona de produc\u021bie a cilindrilor pentru stivuitoare:<\/strong><\/h2>\n<h2><img loading=\"lazy\" decoding=\"async\" class=\"alignnone size-full wp-image-16972\" src=\"https:\/\/www.hydraulic-cylinders.net\/wp-content\/uploads\/2025\/01\/hydraulic-cylinder-factory-1-scaled.webp\" alt=\"\" width=\"2016\" height=\"2560\" srcset=\"https:\/\/www.hydraulic-cylinders.net\/wp-content\/uploads\/2025\/01\/hydraulic-cylinder-factory-1-scaled.webp 2016w, https:\/\/www.hydraulic-cylinders.net\/wp-content\/uploads\/2025\/01\/hydraulic-cylinder-factory-1-1280x1625.webp 1280w, https:\/\/www.hydraulic-cylinders.net\/wp-content\/uploads\/2025\/01\/hydraulic-cylinder-factory-1-980x1244.webp 980w, https:\/\/www.hydraulic-cylinders.net\/wp-content\/uploads\/2025\/01\/hydraulic-cylinder-factory-1-480x610.webp 480w\" sizes=\"(min-width: 0px) and (max-width: 480px) 480px, (min-width: 481px) and (max-width: 980px) 980px, (min-width: 981px) and (max-width: 1280px) 1280px, (min-width: 1281px) 2016px, 100vw\" \/><\/h2>\n<p>Avem o platform\u0103 independent\u0103 de cercetare \u0219i dezvoltare de prim\u0103 clas\u0103 pentru asamblare. Atelierul de produc\u021bie a cilindrilor pentru stivuitoare are patru linii de asamblare semiautomate pentru cilindri de ridicare \u0219i o linie de asamblare complet automat\u0103 pentru cilindri \u00eenclina\u021bi, cu o capacitate anual\u0103 de produc\u021bie proiectat\u0103 de milioane de buc\u0103\u021bi. Atelierul special pentru cilindri are sisteme semiautomate de cur\u0103\u021bare \u0219i asamblare cu diverse specifica\u021bii, cu o capacitate anual\u0103 de produc\u021bie proiectat\u0103 de 200.000 de buc\u0103\u021bi. Este echipat cu echipamente de prelucrare CNC de marc\u0103 renumit\u0103, centre de prelucrare, echipamente speciale pentru prelucrarea cilindrilor de \u00eenalt\u0103 precizie, ma\u0219ini de sudur\u0103 robotizate, ma\u0219ini de cur\u0103\u021bare automat\u0103, ma\u0219ini automate de asamblare a cilindrilor \u0219i linii automate de produc\u021bie a vopselei. Avem peste 300 de seturi de echipamente cheie \u00een func\u021biune. Alocarea optimizat\u0103 \u0219i utilizarea eficient\u0103 a resurselor echipamentelor asigur\u0103 cerin\u021bele de precizie ale produselor \u0219i \u00eendeplinesc cerin\u021bele de calitate \u00eenalte ale produselor.<\/p>\n<p>Atelierul de prelucrare este echipat cu centre de strunjire cu ghidaj \u00eenclinat, centre de prelucrare, ma\u0219ini de honuit de mare vitez\u0103, robo\u021bi de sudur\u0103 \u0219i alte echipamente relevante, care pot gestiona lucr\u0103rile de prelucrare a \u021bevilor cilindrice cu un diametru interior maxim de 400 mm \u0219i o lungime maxim\u0103 de 6 metri.<\/p>\n<h2><img loading=\"lazy\" decoding=\"async\" class=\"alignnone size-full wp-image-16973\" src=\"https:\/\/www.hydraulic-cylinders.net\/wp-content\/uploads\/2025\/01\/hydraulic-cylinder-factory-2-scaled.webp\" alt=\"\" width=\"2011\" height=\"2560\" srcset=\"https:\/\/www.hydraulic-cylinders.net\/wp-content\/uploads\/2025\/01\/hydraulic-cylinder-factory-2-scaled.webp 2011w, https:\/\/www.hydraulic-cylinders.net\/wp-content\/uploads\/2025\/01\/hydraulic-cylinder-factory-2-1280x1629.webp 1280w, https:\/\/www.hydraulic-cylinders.net\/wp-content\/uploads\/2025\/01\/hydraulic-cylinder-factory-2-980x1248.webp 980w, https:\/\/www.hydraulic-cylinders.net\/wp-content\/uploads\/2025\/01\/hydraulic-cylinder-factory-2-480x611.webp 480w\" sizes=\"(min-width: 0px) and (max-width: 480px) 480px, (min-width: 481px) and (max-width: 980px) 980px, (min-width: 981px) and (max-width: 1280px) 1280px, (min-width: 1281px) 2011px, 100vw\" \/><\/h2>\n<p>Avem o linie de vopsire pe baz\u0103 de ap\u0103 complet automat\u0103 pentru cilindri mici \u0219i medii, care realizeaz\u0103 \u00eenc\u0103rcare \u0219i desc\u0103rcare automat\u0103 \u0219i robo\u021bi de pulverizare automat\u0103 cu o capacitate de produc\u021bie proiectat\u0103 de 4000 de locuri pe schimb. Avem o alt\u0103 linie de vopsire semiautomat\u0103 pentru cilindri de dimensiuni mari, ac\u021bionat\u0103 de un lan\u021b electric, iar capacitatea proiectat\u0103 este de 60 de l\u0103zi pe schimb.<\/p>\n<p>Pentru a \u00eembun\u0103t\u0103\u021bi \u00een continuare performan\u021ba produselor \u0219i a stabili pozi\u021bia de lider a cilindrilor no\u0219tri hidraulici \u00een industrie, compania noastr\u0103 \u0219i zjimee au \u00eenfiin\u021bat \u00eempreun\u0103 un laborator cuprinz\u0103tor de performan\u021b\u0103 pentru cilindri hidraulici, valve hidraulice \u0219i pompe hidraulice; laboratorul este asistat de calculator folosind tehnologie electrohidraulic\u0103, condi\u021biile de testare fiind presetate de un calculator, ceea ce \u00eembun\u0103t\u0103\u021be\u0219te precizia test\u0103rii \u0219i versatilitatea sistemului, precum \u0219i datele experimentale.<\/p>\n<p>Colectarea automat\u0103 se realizeaz\u0103 prin aplicarea senzorilor, iar datele de ie\u0219ire, cum ar fi scurgerile interne \u0219i eficien\u021ba \u00eenc\u0103rc\u0103rii cilindrului sau a supapei, sunt procesate direct de computer \u0219i convertite \u00een unit\u0103\u021bi standard (ml\/min%). \u00cen acela\u0219i timp, pentru a asigura siguran\u021ba \u00een func\u021bionare a sistemului hidraulic, func\u021bia de monitorizare a st\u0103rii este efectuat\u0103 pentru parametrii cheie de performan\u021b\u0103, cum ar fi \u201emonitorizarea temperaturii uleiului, monitorizarea nivelului lichidului, monitorizarea dispozitivului de filtrare\u201d etc. Printre ace\u0219tia, standul de testare a cilindrului hidraulic poate testa performan\u021ba \u201esarcinii\u201d.<br \/>\n\u201eeficien\u021b\u0103\u201d \u0219i \u201escurgeri interne\u201d prin citiri. \u00cen acela\u0219i timp, este echipat cu un instrument de m\u0103surare cu rigl\u0103 tip gr\u0103tar care \u00eendepline\u0219te cerin\u021bele tuturor elementelor de testare ale produselor cu cilindri hidraulici, conform standardului na\u021bional.<\/p>","protected":false},"excerpt":{"rendered":"<p>HCYY11112002 Forklift Steering Cylinder\u00a0 The HCYY11112002 Forklift Steering Cylinder stands as a vital component that significantly boosts the maneuverability and control of forklifts across diverse operational environments. Crafted for both efficiency and reliability, this steering cylinder empowers operators to navigate tight spaces and manage heavy loads effortlessly. As an essential part of any forklift operation, [&hellip;]<\/p>","protected":false},"featured_media":16988,"comment_status":"open","ping_status":"closed","template":"","meta":{"_et_pb_use_builder":"","_et_pb_old_content":"","_et_gb_content_width":""},"product_brand":[],"product_cat":[1550,1484,1376],"product_tag":[],"class_list":{"0":"post-16982","1":"product","2":"type-product","3":"status-publish","4":"has-post-thumbnail","6":"product_cat-double-acting-hydraulic-cylinder","7":"product_cat-forklift-hydraulic-cylinders","8":"product_cat-hydraulic-cylinder","10":"first","11":"instock","12":"shipping-taxable","13":"product-type-simple"},"amp_enabled":true,"_links":{"self":[{"href":"https:\/\/www.hydraulic-cylinders.net\/ro\/wp-json\/wp\/v2\/product\/16982","targetHints":{"allow":["GET"]}}],"collection":[{"href":"https:\/\/www.hydraulic-cylinders.net\/ro\/wp-json\/wp\/v2\/product"}],"about":[{"href":"https:\/\/www.hydraulic-cylinders.net\/ro\/wp-json\/wp\/v2\/types\/product"}],"replies":[{"embeddable":true,"href":"https:\/\/www.hydraulic-cylinders.net\/ro\/wp-json\/wp\/v2\/comments?post=16982"}],"wp:featuredmedia":[{"embeddable":true,"href":"https:\/\/www.hydraulic-cylinders.net\/ro\/wp-json\/wp\/v2\/media\/16988"}],"wp:attachment":[{"href":"https:\/\/www.hydraulic-cylinders.net\/ro\/wp-json\/wp\/v2\/media?parent=16982"}],"wp:term":[{"taxonomy":"product_brand","embeddable":true,"href":"https:\/\/www.hydraulic-cylinders.net\/ro\/wp-json\/wp\/v2\/product_brand?post=16982"},{"taxonomy":"product_cat","embeddable":true,"href":"https:\/\/www.hydraulic-cylinders.net\/ro\/wp-json\/wp\/v2\/product_cat?post=16982"},{"taxonomy":"product_tag","embeddable":true,"href":"https:\/\/www.hydraulic-cylinders.net\/ro\/wp-json\/wp\/v2\/product_tag?post=16982"}],"curies":[{"name":"wp","href":"https:\/\/api.w.org\/{rel}","templated":true}]}}