{"id":17032,"date":"2025-01-23T08:17:40","date_gmt":"2025-01-23T08:17:40","guid":{"rendered":"https:\/\/www.hydraulic-cylinders.net\/?post_type=product&#038;p=17032"},"modified":"2025-04-15T05:47:52","modified_gmt":"2025-04-15T05:47:52","slug":"hcyy11112014-swing-arm-cylinder-for-environmental-protection","status":"publish","type":"product","link":"https:\/\/www.hydraulic-cylinders.net\/ro\/produs\/hcyy11112014-swing-arm-cylinder-for-environmental-protection\/","title":{"rendered":"Cilindru cu bra\u021b oscilant HCYY11112014 pentru protec\u021bia mediului"},"content":{"rendered":"<h1 style=\"text-align: center;\"><strong>Cilindru cu bra\u021b oscilant HCYY11112014 pentru protec\u021bia mediului<\/strong><\/h1>\n<h1 style=\"text-align: center;\"><img loading=\"lazy\" decoding=\"async\" class=\"alignnone size-full wp-image-17034\" src=\"https:\/\/www.hydraulic-cylinders.net\/wp-content\/uploads\/2025\/01\/hcyy11112014-swing-arm-cylinder-2.webp\" alt=\"\" width=\"1495\" height=\"516\" srcset=\"https:\/\/www.hydraulic-cylinders.net\/wp-content\/uploads\/2025\/01\/hcyy11112014-swing-arm-cylinder-2.webp 1495w, https:\/\/www.hydraulic-cylinders.net\/wp-content\/uploads\/2025\/01\/hcyy11112014-swing-arm-cylinder-2-1280x442.webp 1280w, https:\/\/www.hydraulic-cylinders.net\/wp-content\/uploads\/2025\/01\/hcyy11112014-swing-arm-cylinder-2-980x338.webp 980w, https:\/\/www.hydraulic-cylinders.net\/wp-content\/uploads\/2025\/01\/hcyy11112014-swing-arm-cylinder-2-480x166.webp 480w\" sizes=\"(min-width: 0px) and (max-width: 480px) 480px, (min-width: 481px) and (max-width: 980px) 980px, (min-width: 981px) and (max-width: 1280px) 1280px, (min-width: 1281px) 1495px, 100vw\" \/><\/h1>\n<p>Cilindrul cu bra\u021b articulat HCYY11112014 este o solu\u021bie de ultim\u0103 genera\u021bie care spore\u0219te eficien\u021ba opera\u021bional\u0103, prioritiz\u00e2nd \u00een acela\u0219i timp sustenabilitatea mediului. Acest produs inovator deserve\u0219te diverse industrii, oferind performan\u021be fiabile cu un impact ecologic minim.<\/p>\n<p>Fiind un progres semnificativ \u00een tehnologia ecologic\u0103, cilindrul cu bra\u021b oscilant HCYY11112014 \u00eentruchipeaz\u0103 durabilitate \u0219i eficien\u021b\u0103, fiind alegerea perfect\u0103 pentru companiile dedicate sustenabilit\u0103\u021bii. Prin \u00eencorporarea acestui produs \u00een opera\u021biunile dumneavoastr\u0103, nu numai c\u0103 v\u0103 spori\u021bi productivitatea, dar contribui\u021bi \u0219i la o planet\u0103 mai s\u0103n\u0103toas\u0103. Face\u021bi alegerea inteligent\u0103 ast\u0103zi investind \u00een HCYY11112014 \u0219i experimenta\u021bi avantajele tehnologiei de ultim\u0103 genera\u021bie, conceput\u0103 av\u00e2nd \u00een centrul aten\u021biei protec\u021bia mediului.<\/p>\n<h2><strong>HCYY11112014 Cilindru cu bra\u021b oscilant pentru protec\u021bia mediului Parametru:<\/strong><\/h2>\n<h1 style=\"text-align: center;\"><img loading=\"lazy\" decoding=\"async\" class=\"alignnone size-full wp-image-17033\" src=\"https:\/\/www.hydraulic-cylinders.net\/wp-content\/uploads\/2025\/01\/hcyy11112014-swing-arm-cylinder-1.webp\" alt=\"\" width=\"1515\" height=\"142\" srcset=\"https:\/\/www.hydraulic-cylinders.net\/wp-content\/uploads\/2025\/01\/hcyy11112014-swing-arm-cylinder-1.webp 1515w, https:\/\/www.hydraulic-cylinders.net\/wp-content\/uploads\/2025\/01\/hcyy11112014-swing-arm-cylinder-1-1280x120.webp 1280w, https:\/\/www.hydraulic-cylinders.net\/wp-content\/uploads\/2025\/01\/hcyy11112014-swing-arm-cylinder-1-980x92.webp 980w, https:\/\/www.hydraulic-cylinders.net\/wp-content\/uploads\/2025\/01\/hcyy11112014-swing-arm-cylinder-1-480x45.webp 480w\" sizes=\"(min-width: 0px) and (max-width: 480px) 480px, (min-width: 481px) and (max-width: 980px) 980px, (min-width: 981px) and (max-width: 1280px) 1280px, (min-width: 1281px) 1515px, 100vw\" \/><\/h1>\n<h1 style=\"text-align: center;\"><img loading=\"lazy\" decoding=\"async\" class=\"alignnone size-full wp-image-17035\" src=\"https:\/\/www.hydraulic-cylinders.net\/wp-content\/uploads\/2025\/01\/hcyy11112014-swing-arm-cylinder-3.webp\" alt=\"\" width=\"1480\" height=\"710\" srcset=\"https:\/\/www.hydraulic-cylinders.net\/wp-content\/uploads\/2025\/01\/hcyy11112014-swing-arm-cylinder-3.webp 1480w, https:\/\/www.hydraulic-cylinders.net\/wp-content\/uploads\/2025\/01\/hcyy11112014-swing-arm-cylinder-3-1280x614.webp 1280w, https:\/\/www.hydraulic-cylinders.net\/wp-content\/uploads\/2025\/01\/hcyy11112014-swing-arm-cylinder-3-980x470.webp 980w, https:\/\/www.hydraulic-cylinders.net\/wp-content\/uploads\/2025\/01\/hcyy11112014-swing-arm-cylinder-3-480x230.webp 480w\" sizes=\"(min-width: 0px) and (max-width: 480px) 480px, (min-width: 481px) and (max-width: 980px) 980px, (min-width: 981px) and (max-width: 1280px) 1280px, (min-width: 1281px) 1480px, 100vw\" \/> <img loading=\"lazy\" decoding=\"async\" class=\"alignnone size-full wp-image-17036\" src=\"https:\/\/www.hydraulic-cylinders.net\/wp-content\/uploads\/2025\/01\/hcyy11112014-swing-arm-cylinder-4.webp\" alt=\"\" width=\"1476\" height=\"707\" srcset=\"https:\/\/www.hydraulic-cylinders.net\/wp-content\/uploads\/2025\/01\/hcyy11112014-swing-arm-cylinder-4.webp 1476w, https:\/\/www.hydraulic-cylinders.net\/wp-content\/uploads\/2025\/01\/hcyy11112014-swing-arm-cylinder-4-1280x613.webp 1280w, https:\/\/www.hydraulic-cylinders.net\/wp-content\/uploads\/2025\/01\/hcyy11112014-swing-arm-cylinder-4-980x469.webp 980w, https:\/\/www.hydraulic-cylinders.net\/wp-content\/uploads\/2025\/01\/hcyy11112014-swing-arm-cylinder-4-480x230.webp 480w\" sizes=\"(min-width: 0px) and (max-width: 480px) 480px, (min-width: 481px) and (max-width: 980px) 980px, (min-width: 981px) and (max-width: 1280px) 1280px, (min-width: 1281px) 1476px, 100vw\" \/> <img loading=\"lazy\" decoding=\"async\" class=\"alignnone size-full wp-image-17037\" src=\"https:\/\/www.hydraulic-cylinders.net\/wp-content\/uploads\/2025\/01\/hcyy11112014-swing-arm-cylinder-5.webp\" alt=\"\" width=\"1411\" height=\"704\" srcset=\"https:\/\/www.hydraulic-cylinders.net\/wp-content\/uploads\/2025\/01\/hcyy11112014-swing-arm-cylinder-5.webp 1411w, https:\/\/www.hydraulic-cylinders.net\/wp-content\/uploads\/2025\/01\/hcyy11112014-swing-arm-cylinder-5-1280x639.webp 1280w, https:\/\/www.hydraulic-cylinders.net\/wp-content\/uploads\/2025\/01\/hcyy11112014-swing-arm-cylinder-5-980x489.webp 980w, https:\/\/www.hydraulic-cylinders.net\/wp-content\/uploads\/2025\/01\/hcyy11112014-swing-arm-cylinder-5-480x239.webp 480w\" sizes=\"(min-width: 0px) and (max-width: 480px) 480px, (min-width: 481px) and (max-width: 980px) 980px, (min-width: 981px) and (max-width: 1280px) 1280px, (min-width: 1281px) 1411px, 100vw\" \/><\/h1>\n<h2><strong>Serie de cilindri pentru protec\u021bia mediului:<\/strong><\/h2>\n<h2><img loading=\"lazy\" decoding=\"async\" class=\"alignnone size-full wp-image-17030\" src=\"https:\/\/www.hydraulic-cylinders.net\/wp-content\/uploads\/2025\/01\/cylinder-series-for-environmental-protection-scaled.webp\" alt=\"\" width=\"2044\" height=\"2560\" srcset=\"https:\/\/www.hydraulic-cylinders.net\/wp-content\/uploads\/2025\/01\/cylinder-series-for-environmental-protection-scaled.webp 2044w, https:\/\/www.hydraulic-cylinders.net\/wp-content\/uploads\/2025\/01\/cylinder-series-for-environmental-protection-1280x1603.webp 1280w, https:\/\/www.hydraulic-cylinders.net\/wp-content\/uploads\/2025\/01\/cylinder-series-for-environmental-protection-980x1227.webp 980w, https:\/\/www.hydraulic-cylinders.net\/wp-content\/uploads\/2025\/01\/cylinder-series-for-environmental-protection-480x601.webp 480w\" sizes=\"(min-width: 0px) and (max-width: 480px) 480px, (min-width: 481px) and (max-width: 980px) 980px, (min-width: 981px) and (max-width: 1280px) 1280px, (min-width: 1281px) 2044px, 100vw\" \/><\/h2>\n<h2><strong>Caracteristici cheie ale cilindrului cu bra\u021b oscilant HCYY11112014 pentru protec\u021bia mediului:<\/strong><\/h2>\n<h4><strong>Materiale ecologice<\/strong><\/h4>\n<p>Cilindrul cu bra\u021b oscilant HCYY11112014 este construit din materiale de \u00eenalt\u0103 calitate, reciclabile \u0219i sustenabile. Acest angajament fa\u021b\u0103 de fabrica\u021bia responsabil\u0103 minimizeaz\u0103 impactul asupra mediului \u0219i sus\u021bine o economie circular\u0103. Aleg\u00e2nd acest cilindru, contribui\u021bi la un viitor \u00een care de\u0219eurile sunt reduse \u0219i resursele sunt maximizate.<\/p>\n<h4><strong>Consum redus de energie<\/strong><\/h4>\n<p>Proiectat av\u00e2nd \u00een vedere eficien\u021ba energetic\u0103, modelul HCYY11112014 reduce semnificativ costurile opera\u021bionale. Ingineria sa inovatoare reduce consumul de energie, duc\u00e2nd la sc\u0103derea emisiilor de carbon. Aceasta \u00eenseamn\u0103 c\u0103 nu numai c\u0103 economisi\u021bi la cheltuieli, dar juca\u021bi \u0219i un rol vital \u00een combaterea schimb\u0103rilor climatice. Este o situa\u021bie avantajoas\u0103 at\u00e2t pentru afacerea dumneavoastr\u0103, c\u00e2t \u0219i pentru planet\u0103.<\/p>\n<h4><strong>Tehnologie avansat\u0103 de etan\u0219are<\/strong><\/h4>\n<p>Siguran\u021ba \u0219i protec\u021bia mediului sunt primordiale, a\u0219a c\u0103 HCYY11112014 dispune de mecanisme de etan\u0219are de ultim\u0103 genera\u021bie. Aceste etan\u0219\u0103ri avansate previn eficient scurgerile de substan\u021be periculoase, asigur\u00e2ndu-se c\u0103 opera\u021biunile dumneavoastr\u0103 nu compromit ecosistemul \u00eenconjur\u0103tor. Aceast\u0103 tehnologie spore\u0219te siguran\u021ba \u0219i promoveaz\u0103 \u00eencrederea \u00eentre p\u0103r\u021bile interesate \u0219i comunitate.<\/p>\n<h4><strong>Construc\u021bie durabil\u0103<\/strong><\/h4>\n<p>Construit pentru a rezista la cele mai dificile condi\u021bii, modelul HCYY11112014 se m\u00e2ndre\u0219te cu o durabilitate excep\u021bional\u0103. Construc\u021bia sa robust\u0103 asigur\u0103 o durat\u0103 lung\u0103 de via\u021b\u0103, reduc\u00e2nd la minimum nevoia de \u00eenlocuiri frecvente. Aceast\u0103 durabilitate se traduce prin fiabilitate, permi\u021b\u00e2nd opera\u021biunilor dumneavoastr\u0103 s\u0103 se desf\u0103\u0219oare f\u0103r\u0103 probleme, f\u0103r\u0103 \u00eentreruperi \u0219i reduc\u00e2nd costurile generale de \u00eentre\u021binere.<\/p>\n<h4><strong>Design compact<\/strong><\/h4>\n<p>Designul compact \u0219i inovator al modelului HCYY11112014 \u00eel face o alegere versatil\u0103 pentru diverse aplica\u021bii. Profilul s\u0103u compact permite integrarea perfect\u0103 \u00een sistemele existente, f\u0103r\u0103 a sacrifica performan\u021ba. Aceast\u0103 adaptabilitate v\u0103 permite s\u0103 v\u0103 optimiza\u021bi spa\u021biul de lucru, maximiz\u00e2nd eficien\u021ba \u0219i productivitatea opera\u021biunilor dumneavoastr\u0103.<\/p>\n<p>Aleg\u00e2nd cilindrul cu bra\u021b oscilant HCYY11112014, accepta\u021bi un produs care \u00eentruchipeaz\u0103 sustenabilitatea, eficien\u021ba \u0219i inova\u021bia. Experimenta\u021bi diferen\u021ba pe care ingineria ecologic\u0103 o poate face pentru afacerea dvs. \u0219i pentru viitorul planetei noastre.<\/p>\n<h2><strong>Ce face ca cilindrul bra\u021bului oscilant Hcyy11112014 s\u0103 fie ecologic?<\/strong><\/h2>\n<p>Cilindrul cu bra\u021b oscilant HCYY11112014 se remarc\u0103 ca o alegere ecologic\u0103 din mai multe motive conving\u0103toare:<\/p>\n<h4><strong>1. Materiale sustenabile<\/strong><\/h4>\n<p>Fabricat din materiale reciclabile \u0219i sustenabile, acest cilindru reflect\u0103 un angajament fa\u021b\u0103 de fabrica\u021bia responsabil\u0103. Aleg\u00e2nd acest produs, sus\u021bine\u021bi o economie circular\u0103 care prioritizeaz\u0103 conservarea resurselor \u0219i reduce de\u0219eurile.<\/p>\n<h4><strong>2. Eficien\u021b\u0103 energetic\u0103<\/strong><\/h4>\n<p>Proiectat cu un consum redus de energie, HCYY11112014 reduce semnificativ costurile opera\u021bionale. Tehnologia sa eficient\u0103 din punct de vedere energetic v\u0103 economise\u0219te bani \u0219i reduce emisiile de carbon, juc\u00e2nd un rol crucial \u00een lupta \u00eempotriva schimb\u0103rilor climatice. Aceasta \u00eenseamn\u0103 c\u0103 v\u0103 pute\u021bi \u00eembun\u0103t\u0103\u021bi productivitatea, fiind \u00een acela\u0219i timp prieteno\u0219i cu planeta.<\/p>\n<h4><strong>3. Tehnologie avansat\u0103 de etan\u0219are<\/strong><\/h4>\n<p>Siguran\u021ba este primordial\u0103, iar HCYY11112014 exceleaz\u0103 \u00een acest domeniu. Mecanismele sale de etan\u0219are de ultim\u0103 genera\u021bie previn eficient scurgerile de substan\u021be periculoase, protej\u00e2nd mediul \u0219i asigur\u00e2nd respectarea standardelor de siguran\u021b\u0103. Aceast\u0103 tehnologie \u00eencurajeaz\u0103 \u00eencrederea \u00eentre p\u0103r\u021bile interesate \u0219i demonstreaz\u0103 un angajament fa\u021b\u0103 de gestionarea mediului.<\/p>\n<h4><strong>4. Durabilitate excep\u021bional\u0103<\/strong><\/h4>\n<p>Construit pentru a rezista la condi\u021bii dure, cilindrul HCYY11112014 ofer\u0103 o durat\u0103 lung\u0103 de via\u021b\u0103. Aceast\u0103 durabilitate reduce nevoia de \u00eenlocuiri frecvente, reduc\u00e2nd la minimum de\u0219eurile \u0219i contribuind la un model opera\u021bional mai sustenabil. Cu acest cilindru, beneficia\u021bi de fiabilitate \u0219i lini\u0219te sufleteasc\u0103.<\/p>\n<h4><strong>5. Design care economise\u0219te spa\u021biu<\/strong><\/h4>\n<p>Designul s\u0103u compact permite integrarea u\u0219oar\u0103 \u00een sistemele existente f\u0103r\u0103 a sacrifica performan\u021ba. Aceast\u0103 adaptabilitate optimizeaz\u0103 spa\u021biul de lucru \u0219i \u00eembun\u0103t\u0103\u021be\u0219te eficien\u021ba general\u0103, ceea ce \u00eel face o solu\u021bie versatil\u0103 pentru diverse aplica\u021bii.<\/p>\n<p>Pe scurt, cilindrul cu bra\u021b oscilant HCYY11112014 este mai mult dec\u00e2t o simpl\u0103 component\u0103 func\u021bional\u0103; este o investi\u021bie inovatoare \u00een sustenabilitate. Aleg\u00e2nd aceast\u0103 op\u021biune ecologic\u0103, ave\u021bi un impact pozitiv at\u00e2t asupra opera\u021biunilor dumneavoastr\u0103, c\u00e2t \u0219i asupra mediului, deschiz\u00e2nd calea c\u0103tre un viitor mai ecologic.<\/p>\n<h2><strong>Zona de produc\u021bie a cilindrilor pentru stivuitoare:<\/strong><\/h2>\n<h2><img loading=\"lazy\" decoding=\"async\" class=\"alignnone size-full wp-image-16972\" src=\"https:\/\/www.hydraulic-cylinders.net\/wp-content\/uploads\/2025\/01\/hydraulic-cylinder-factory-1-scaled.webp\" alt=\"\" width=\"2016\" height=\"2560\" srcset=\"https:\/\/www.hydraulic-cylinders.net\/wp-content\/uploads\/2025\/01\/hydraulic-cylinder-factory-1-scaled.webp 2016w, https:\/\/www.hydraulic-cylinders.net\/wp-content\/uploads\/2025\/01\/hydraulic-cylinder-factory-1-1280x1625.webp 1280w, https:\/\/www.hydraulic-cylinders.net\/wp-content\/uploads\/2025\/01\/hydraulic-cylinder-factory-1-980x1244.webp 980w, https:\/\/www.hydraulic-cylinders.net\/wp-content\/uploads\/2025\/01\/hydraulic-cylinder-factory-1-480x610.webp 480w\" sizes=\"(min-width: 0px) and (max-width: 480px) 480px, (min-width: 481px) and (max-width: 980px) 980px, (min-width: 981px) and (max-width: 1280px) 1280px, (min-width: 1281px) 2016px, 100vw\" \/><\/h2>\n<p>Ne m\u00e2ndrim cu o platform\u0103 independent\u0103 de cercetare \u0219i dezvoltare de ultim\u0103 genera\u021bie dedicat\u0103 asambl\u0103rii, asigur\u00e2nd inova\u021bie \u0219i calitate de top \u00een procesele noastre de fabrica\u021bie. Atelierul nostru de produc\u021bie a cilindrilor pentru stivuitoare dispune de patru linii de asamblare semiautomate pentru cilindrii de ridicare \u0219i o linie de asamblare complet automat\u0103 pentru cilindrii de \u00eenclinare, proiectate \u00eempreun\u0103 pentru a produce p\u00e2n\u0103 la un milion de unit\u0103\u021bi anual.<\/p>\n<p>\u00cen plus, atelierul nostru specializat de cilindri este dotat cu sisteme semiautomate de cur\u0103\u021bare \u0219i asamblare adaptate la diverse specifica\u021bii, cu o capacitate anual\u0103 de produc\u021bie de 200.000 de buc\u0103\u021bi. Utiliz\u0103m echipamente CNC renumite, centre de prelucrare \u0219i unelte specializate pentru prelucrarea de \u00eenalt\u0103 precizie a cilindrilor. Facilitatea noastr\u0103 include, de asemenea, ma\u0219ini avansate de sudur\u0103 robotizat\u0103, sisteme automate de cur\u0103\u021bare \u0219i linii complet automatizate de asamblare \u0219i vopsire a cilindrilor. Cu peste 300 de echipamente cheie opera\u021bionale, optimiz\u0103m alocarea resurselor \u0219i asigur\u0103m o utilizare eficient\u0103, respect\u00e2nd standarde stricte de precizie \u0219i calitate.<\/p>\n<p>Atelierul nostru de prelucrare dispune de centre de strunjire personalizate cu ghidare \u00eenclinat\u0103, centre de prelucrare, ma\u0219ini de honuit de mare vitez\u0103, robo\u021bi de sudur\u0103 \u0219i alte echipamente esen\u021biale. Aceast\u0103 configura\u021bie ne permite s\u0103 prelucr\u0103m tuburi cilindrice cu un diametru interior maxim de 400 mm \u0219i lungimi de p\u00e2n\u0103 la 6 metri, sporind \u0219i mai mult capacit\u0103\u021bile noastre de produc\u021bie.<\/p>\n<h2><img loading=\"lazy\" decoding=\"async\" class=\"alignnone size-full wp-image-16973\" src=\"https:\/\/www.hydraulic-cylinders.net\/wp-content\/uploads\/2025\/01\/hydraulic-cylinder-factory-2-scaled.webp\" alt=\"\" width=\"2011\" height=\"2560\" srcset=\"https:\/\/www.hydraulic-cylinders.net\/wp-content\/uploads\/2025\/01\/hydraulic-cylinder-factory-2-scaled.webp 2011w, https:\/\/www.hydraulic-cylinders.net\/wp-content\/uploads\/2025\/01\/hydraulic-cylinder-factory-2-1280x1629.webp 1280w, https:\/\/www.hydraulic-cylinders.net\/wp-content\/uploads\/2025\/01\/hydraulic-cylinder-factory-2-980x1248.webp 980w, https:\/\/www.hydraulic-cylinders.net\/wp-content\/uploads\/2025\/01\/hydraulic-cylinder-factory-2-480x611.webp 480w\" sizes=\"(min-width: 0px) and (max-width: 480px) 480px, (min-width: 481px) and (max-width: 980px) 980px, (min-width: 981px) and (max-width: 1280px) 1280px, (min-width: 1281px) 2011px, 100vw\" \/><\/h2>\n<p>Oper\u0103m o linie de vopsire pe baz\u0103 de ap\u0103 complet automat\u0103, special conceput\u0103 pentru cilindri mici \u0219i medii, cu robo\u021bi automatiza\u021bi de \u00eenc\u0103rcare, desc\u0103rcare \u0219i pulverizare. Acest sistem de ultim\u0103 genera\u021bie se m\u00e2ndre\u0219te cu o capacitate de produc\u021bie de 4.000 de unit\u0103\u021bi pe schimb. \u00cen plus, avem o linie de vopsire semiautomat\u0103 pentru cilindri de dimensiuni mari, ac\u021bionat\u0103 de un lan\u021b, cu o capacitate proiectat\u0103 de 60 de l\u0103zi pe schimb.<\/p>\n<p>Pentru a \u00eembun\u0103t\u0103\u021bi performan\u021ba produselor \u0219i a ne consolida pozi\u021bia de lider \u00een industria cilindrilor hidraulici, am \u00eencheiat un parteneriat cu ZJIMEE pentru a \u00eenfiin\u021ba un laborator cuprinz\u0103tor de performan\u021b\u0103 dedicat cilindrilor, valvelor \u0219i pompelor hidraulice. Acest laborator avansat utilizeaz\u0103 testarea asistat\u0103 de computer cu tehnologie electrohidraulic\u0103, permi\u021b\u00e2nd condi\u021bii de testare prestabilite care \u00eembun\u0103t\u0103\u021besc precizia \u0219i versatilitatea sistemului. Procesul automat de colectare a datelor utilizeaz\u0103 senzori pentru a colecta date de ie\u0219ire, cum ar fi scurgerile interne \u0219i eficien\u021ba sarcinii, care sunt apoi procesate de un computer \u0219i convertite \u00een unit\u0103\u021bi standard (ml\/min%).<\/p>\n<p>\u00cen plus, pentru a asigura siguran\u021ba sistemelor noastre hidraulice, implement\u0103m monitorizarea st\u0103rii parametrilor cheie de performan\u021b\u0103, inclusiv temperatura uleiului, nivelul lichidului \u0219i starea dispozitivului de filtrare. Standul nostru de testare a cilindrilor hidraulici este capabil s\u0103 evalueze \u201eeficien\u021ba sarcinii\u201d \u0219i \u201escurgerile interne\u201d prin citiri precise. De asemenea, este echipat cu un instrument de m\u0103surare cu rigl\u0103 tip r\u0103z\u0103toare care \u00eendepline\u0219te standardele na\u021bionale, asigur\u00e2nd conformitatea cu toate cerin\u021bele de testare pentru produsele cu cilindri hidraulici.<\/p>\n<p>&nbsp;<\/p>","protected":false},"excerpt":{"rendered":"<p>HCYY11112014 Swing Arm Cylinder For Environmental Protection The HCYY11112014 Swing Arm Cylinder is a state-of-the-art solution that boosts operational efficiency while prioritizing environmental sustainability. This innovative product serves various industries, delivering reliable performance with minimal ecological impact. As a significant advancement in eco-friendly technology, the HCYY11112014 Swing Arm Cylinder embodies durability and efficiency, making it [&hellip;]<\/p>","protected":false},"featured_media":17044,"comment_status":"open","ping_status":"closed","template":"","meta":{"_et_pb_use_builder":"","_et_pb_old_content":"","_et_gb_content_width":""},"product_brand":[],"product_cat":[1550,1486,1552,1376],"product_tag":[],"class_list":{"0":"post-17032","1":"product","2":"type-product","3":"status-publish","4":"has-post-thumbnail","6":"product_cat-double-acting-hydraulic-cylinder","7":"product_cat-sanitation-machinery-hydraulic-cylinders","8":"product_cat-stainless-steel-hydraulic-cylinder","9":"product_cat-hydraulic-cylinder","11":"first","12":"instock","13":"shipping-taxable","14":"product-type-simple"},"amp_enabled":true,"_links":{"self":[{"href":"https:\/\/www.hydraulic-cylinders.net\/ro\/wp-json\/wp\/v2\/product\/17032","targetHints":{"allow":["GET"]}}],"collection":[{"href":"https:\/\/www.hydraulic-cylinders.net\/ro\/wp-json\/wp\/v2\/product"}],"about":[{"href":"https:\/\/www.hydraulic-cylinders.net\/ro\/wp-json\/wp\/v2\/types\/product"}],"replies":[{"embeddable":true,"href":"https:\/\/www.hydraulic-cylinders.net\/ro\/wp-json\/wp\/v2\/comments?post=17032"}],"wp:featuredmedia":[{"embeddable":true,"href":"https:\/\/www.hydraulic-cylinders.net\/ro\/wp-json\/wp\/v2\/media\/17044"}],"wp:attachment":[{"href":"https:\/\/www.hydraulic-cylinders.net\/ro\/wp-json\/wp\/v2\/media?parent=17032"}],"wp:term":[{"taxonomy":"product_brand","embeddable":true,"href":"https:\/\/www.hydraulic-cylinders.net\/ro\/wp-json\/wp\/v2\/product_brand?post=17032"},{"taxonomy":"product_cat","embeddable":true,"href":"https:\/\/www.hydraulic-cylinders.net\/ro\/wp-json\/wp\/v2\/product_cat?post=17032"},{"taxonomy":"product_tag","embeddable":true,"href":"https:\/\/www.hydraulic-cylinders.net\/ro\/wp-json\/wp\/v2\/product_tag?post=17032"}],"curies":[{"name":"wp","href":"https:\/\/api.w.org\/{rel}","templated":true}]}}